{"id":15460,"date":"2025-01-19T14:33:26","date_gmt":"2025-01-19T14:33:26","guid":{"rendered":"https:\/\/www.hydraulic-cylinders.net\/product\/bucket-cylinder-for-xcmg-small-excavator-xe6oca\/"},"modified":"2025-01-19T14:33:34","modified_gmt":"2025-01-19T14:33:34","slug":"bucket-cylinder-for-xcmg-small-excavator-xe6oca","status":"publish","type":"product","link":"https:\/\/www.hydraulic-cylinders.net\/sk\/produkt\/bucket-cylinder-for-xcmg-small-excavator-xe6oca\/","title":{"rendered":"Valec vedra pre mal\u00e9 r\u00fdpadlo XCMG XE6OCA"},"content":{"rendered":"<h1>Valec vedra pre mal\u00e9 r\u00fdpadlo XCMG XE6OCA<\/h1>\n<h2>\u00davod<\/h2>\n<p>Hydraulick\u00fd valec ly\u017eice pre mal\u00e9 r\u00fdpadlo XCMG XE6OCA je \u0161pecializovan\u00fd hydraulick\u00fd valec pou\u017e\u00edvan\u00fd na ovl\u00e1danie pohybu ly\u017eice v \u0165a\u017ek\u00fdch strojoch, ako s\u00fa r\u00fdpadl\u00e1, r\u00fdpadl\u00e1-naklada\u010de a \u010deln\u00e9 naklada\u010de. Jeho hlavnou funkciou je umo\u017eni\u0165 zdv\u00edhanie, sp\u00fa\u0161\u0165anie a nakl\u00e1\u0148anie ly\u017eice, \u010do u\u013eah\u010duje prepravu r\u00f4znych materi\u00e1lov. V hydraulickom syst\u00e9me valec ly\u017eice presne riadi pohyb ly\u017eice pomocou zmien tlaku hydraulick\u00e9ho oleja, \u010do umo\u017e\u0148uje obsluhe efekt\u00edvne manipulova\u0165 s \u0165a\u017ek\u00fdmi bremenami, prisp\u00f4sobi\u0165 sa zlo\u017eit\u00fdm pracovn\u00fdm prostrediam a r\u00f4znorod\u00fdm po\u017eiadavk\u00e1m na pr\u00e1cu.<\/p>\n<p><img decoding=\"async\" src=\"https:\/\/www.hydraulic-cylinders.net\/wp-content\/uploads\/2025\/01\/songte-company-2.webp\" \/><\/p>\n<h2>Funkcie<\/h2>\n<ul>\n<li>Vysok\u00e1 pevnos\u0165 a odolnos\u0165: Zvy\u010dajne vyroben\u00fd z vysokopevnostnej ocele alebo hlin\u00edka, odol\u00e1 vysok\u00e9mu tlaku a \u0165a\u017ek\u00fdm za\u0165a\u017eeniam, \u010d\u00edm sa prisp\u00f4sob\u00ed n\u00e1ro\u010dn\u00fdm pracovn\u00fdm podmienkam. Kon\u0161trukcia zoh\u013ead\u0148uje odolnos\u0165 proti opotrebovaniu a kor\u00f3zii, \u010d\u00edm sa predl\u017euje \u017eivotnos\u0165.<\/li>\n<li>Efekt\u00edvna hydraulick\u00e1 prev\u00e1dzka: Plynul\u00fd pohyb vys\u00favania a zas\u00favania sa dosahuje vyu\u017eit\u00edm tlaku hydraulick\u00e9ho oleja. Dok\u00e1\u017ee r\u00fdchlo reagova\u0165 na ovl\u00e1dacie povely a poskytuje siln\u00fa tla\u010dn\u00fa a \u0165a\u017en\u00fa silu, vhodn\u00fa na manipul\u00e1ciu s \u0165a\u017ek\u00fdmi bremenami a zlo\u017eit\u00e9 pracovn\u00e9 \u00falohy.<\/li>\n<li>R\u00f4zne typy: Jedno\u010dinn\u00e9 (hydraulick\u00e9 iba v jednom smere) alebo dvoj\u010dinn\u00e9 (hydraulick\u00e9 v oboch smeroch) valce je mo\u017en\u00e9 vybra\u0165 pod\u013ea potrieb, aby sa splnili r\u00f4zne prev\u00e1dzkov\u00e9 po\u017eiadavky. Niektor\u00e9 modely s\u00fa teleskopick\u00e9, \u010do umo\u017e\u0148uje v\u00e4\u010d\u0161ie vysunutie bez zv\u00e4\u010d\u0161enia vonkaj\u0161\u00edch rozmerov, vhodn\u00e9 pre aplik\u00e1cie s obmedzen\u00fdm priestorom.<\/li>\n<li>M\u00f4\u017ee nahradi\u0165 in\u00e9 hydraulick\u00e9 valce: Na\u0161e produkty dok\u00e1\u017eu dokonale nahradi\u0165 tieto hydraulick\u00e9 valce.<\/li>\n<\/ul>\n<p><img decoding=\"async\" src=\"https:\/\/www.hydraulic-cylinders.net\/wp-content\/uploads\/2025\/01\/songte-cylinder-head-with-all-kinds-excavator-models.webp\" \/><\/p>\n<h2>Aplik\u00e1cie<\/h2>\n<p>Valec s ko\u0161\u00edkom m\u00e1 r\u00f4zne uplatnenie v r\u00f4znych odvetviach:<\/p>\n<ul>\n<li>Stavebn\u00e9 zariadenia: V bagroch s\u00fa nevyhnutn\u00e9 na kopanie, nakladanie a premiest\u0148ovanie zeminy alebo sutiny. V r\u00fdpadlo-naklada\u010doch pom\u00e1ha valec lopaty pri kopan\u00ed aj zdv\u00edhan\u00ed. <\/li>\n<li>Po\u013enohospod\u00e1rske stroje: Pou\u017e\u00edvaj\u00fa sa v \u010deln\u00fdch naklada\u010doch na zdv\u00edhanie, zdv\u00edhanie a prepravu p\u00f4dy, sena a in\u00fdch materi\u00e1lov. V r\u00fdpadl\u00e1ch umo\u017e\u0148uje valec ly\u017eice kopanie t\u00fdm, \u017ee umo\u017e\u0148uje ly\u017eici prenikn\u00fa\u0165 do p\u00f4dy. V \u010deln\u00fdch naklada\u010doch pom\u00e1haj\u00fa efekt\u00edvne zdv\u00edha\u0165 a vyklada\u0165 n\u00e1klad.<\/li>\n<\/ul>\n<p>Vy\u0161\u0161ie uveden\u00e9 aplik\u00e1cie je mo\u017en\u00e9 roz\u0161\u00edri\u0165 takto:<\/p>\n<ul>\n<li>Stavebn\u00e9 zariadenia: Valce ko\u0161\u00edkov sa be\u017ene pou\u017e\u00edvaj\u00fa v r\u00fdpadl\u00e1ch na kopanie, nakladanie a premiest\u0148ovanie zeminy alebo sutiny. S\u00fa nevyhnutn\u00e9 pre prev\u00e1dzku r\u00fdpadiel a zohr\u00e1vaj\u00fa k\u013e\u00fa\u010dov\u00fa \u00falohu v ich v\u00fdkone. V r\u00fdpadlov\u00fdch r\u00fdpadl\u00e1ch pom\u00e1ha valec ko\u0161\u00edka pri kopan\u00ed aj zdv\u00edhan\u00ed. Umo\u017e\u0148uje presn\u00e9 ovl\u00e1danie pohybu ko\u0161\u00edka, \u010do u\u013eah\u010duje zdv\u00edhanie a vykladanie materi\u00e1lov. <\/li>\n<li>Po\u013enohospod\u00e1rske stroje: V \u010deln\u00fdch naklada\u010doch sa valce ko\u0161\u00edkov pou\u017e\u00edvaj\u00fa na zdv\u00edhanie, zdv\u00edhanie a prepravu p\u00f4dy, sena a in\u00fdch materi\u00e1lov. Poskytuj\u00fa silu potrebn\u00fa na zdv\u00edhanie bremena a jeho premiest\u0148ovanie. V r\u00fdpadl\u00e1ch umo\u017e\u0148uje valec ko\u0161\u00edka kopanie t\u00fdm, \u017ee umo\u017e\u0148uje vedru prenikn\u00fa\u0165 do p\u00f4dy. V\u010faka tomu je \u013eahk\u00e9 nabera\u0165 p\u00f4du a in\u00e9 materi\u00e1ly. V \u010deln\u00fdch naklada\u010doch pom\u00e1haj\u00fa efekt\u00edvne zdv\u00edha\u0165 a vyklada\u0165 n\u00e1klad, v\u010faka \u010domu je ich prev\u00e1dzka plynul\u00e1 a efekt\u00edvna.<\/li>\n<\/ul>\n<h2>\u00davahy o dizajne a krit\u00e9ri\u00e1 v\u00fdberu<\/h2>\n<p>Pri n\u00e1vrhu a v\u00fdbere valca s ko\u0161\u00edkom by sa mali zoh\u013eadni\u0165 nasleduj\u00face faktory:<\/p>\n<ul>\n<li>Nosnos\u0165: Valec mus\u00ed by\u0165 dostato\u010dne pevn\u00fd, aby uniesol za\u0165a\u017eenie, ktor\u00e9mu bude vystaven\u00fd po\u010das prev\u00e1dzky. <\/li>\n<li>Tesnenie: Spr\u00e1vne tesnenie zais\u0165uje efekt\u00edvnu prev\u00e1dzku hydraulick\u00e9ho valca a zabra\u0148uje \u00faniku oleja. Pri v\u00fdbere tesniacich materi\u00e1lov je potrebn\u00e9 zoh\u013eadni\u0165 trvanlivos\u0165, odolnos\u0165 proti opotrebovaniu a odolnos\u0165 proti kor\u00f3zii.<\/li>\n<li>Trvanlivos\u0165: Valec mus\u00ed by\u0165 odoln\u00fd a schopn\u00fd odola\u0165 n\u00e1ro\u010dn\u00fdm pracovn\u00fdm podmienkam. <\/li>\n<li>Bezpe\u010dnos\u0165: Bezpe\u010dnos\u0165 je pri pr\u00e1ci s hydraulick\u00fdmi valcami kritick\u00fdm faktorom. Valec mus\u00ed by\u0165 navrhnut\u00fd s bezpe\u010dnostn\u00fdmi prvkami, aby sa predi\u0161lo nehod\u00e1m.<\/li>\n<li>\u00dadr\u017eba: Valec mus\u00ed by\u0165 navrhnut\u00fd s oh\u013eadom na jednoduch\u00fa \u00fadr\u017ebu. T\u00e1to funkcia pom\u00e1ha skr\u00e1ti\u0165 prestoje a zabezpe\u010duje, \u017ee valec je v\u017edy v spr\u00e1vnom prev\u00e1dzkovom stave.<\/li>\n<\/ul>\n<p><img decoding=\"async\" src=\"https:\/\/www.hydraulic-cylinders.net\/wp-content\/uploads\/2025\/01\/songte-oil-pipes-and-spare-parts.webp\" \/><\/p>\n<h2>Tesnenie a mazanie<\/h2>\n<p>Valec kor\u010deka pou\u017e\u00edva r\u00f4zne tesniace komponenty, ako s\u00fa tesnenia piestov, tesnenia ty\u010d\u00ed a stiera\u010de, aby sa zabr\u00e1nilo \u00faniku oleja a zabezpe\u010dila sa efekt\u00edvna prev\u00e1dzka. Tesniace materi\u00e1ly, ako napr\u00edklad polyuret\u00e1n a nitrilov\u00e1 guma, musia by\u0165 odoln\u00e9, odoln\u00e9 vo\u010di opotrebovaniu a kor\u00f3zii. Teleso valca a z\u00e1vitov\u00fd koniec s\u00fa jemne opracovan\u00e9, aby sa zv\u00fd\u0161ila odolnos\u0165 vo\u010di opotrebovaniu.<\/p>\n<p>Valec vy\u017eaduje pravideln\u00e9 mazanie hydraulick\u00fdm olejom, aby sa zabezpe\u010dila hladk\u00e1 prev\u00e1dzka a zabr\u00e1nilo sa opotrebovaniu. Olej by sa mal prid\u00e1va\u0165 vo vhodnom mno\u017estve a kvalita oleja by sa mala pravidelne kontrolova\u0165.<\/p>\n<h2>\u00dadr\u017eba a opravy<\/h2>\n<p>Pravideln\u00e1 \u00fadr\u017eba a opravy pom\u00e1haj\u00fa pred\u013a\u017ei\u0165 \u017eivotnos\u0165 valca vedra a zabezpe\u010di\u0165 spr\u00e1vnu prev\u00e1dzku. Odpor\u00fa\u010daj\u00fa sa nasleduj\u00face \u00falohy \u00fadr\u017eby:<\/p>\n<ul>\n<li>Pravideln\u00e9 kontroly: Pravideln\u00e9 kontroly m\u00f4\u017eu pom\u00f4c\u0165 v\u010das odhali\u0165 probl\u00e9my a zabr\u00e1ni\u0165 ich v\u00e1\u017enemu po\u0161kodeniu.<\/li>\n<li>Mazanie: Dostato\u010dn\u00e9 mazanie m\u00f4\u017ee zn\u00ed\u017ei\u0165 opotrebovanie a zabezpe\u010di\u0165 plynul\u00fd chod.<\/li>\n<li>V\u00fdmena tesnen\u00ed a kontrola kalibr\u00e1cie: Pravideln\u00e1 v\u00fdmena tesnen\u00ed a kontroly kalibr\u00e1cie m\u00f4\u017eu pom\u00f4c\u0165 predch\u00e1dza\u0165 \u00faniku oleja a zabezpe\u010di\u0165 spr\u00e1vnu prev\u00e1dzku.<\/li>\n<\/ul>\n<p>Spr\u00e1vna in\u0161tal\u00e1cia, mazanie a nastavenie s\u00fa nevyhnutn\u00e9 pre dosiahnutie optim\u00e1lneho v\u00fdkonu hydraulick\u00e9ho valca. Po\u010das in\u0161tal\u00e1cie je d\u00f4le\u017eit\u00e9 spr\u00e1vne zarovnanie valca a na jeho upevnenie by sa mali pou\u017ei\u0165 vhodn\u00e9 mont\u00e1\u017ene podpery. Odpor\u00fa\u010dame dodr\u017eiava\u0165 postupy kontroly, opravy a v\u00fdmeny odpor\u00fa\u010dan\u00e9 v\u00fdrobcom a pon\u00faka\u0165 n\u00e1hradn\u00e9 diely a slu\u017eby rekon\u0161trukcie, aby sa pred\u013a\u017eila \u017eivotnos\u0165 valca ly\u017eice.<\/p>\n<p><img decoding=\"async\" src=\"https:\/\/www.hydraulic-cylinders.net\/wp-content\/uploads\/2025\/01\/songte-chushion-collar.webp\" \/><\/p>\n<h2>Bezpe\u010dnostn\u00e9 a environment\u00e1lne aspekty<\/h2>\n<p>Bezpe\u010dnos\u0165 je pri pr\u00e1ci s hydraulick\u00fdmi valcami k\u013e\u00fa\u010dov\u00fdm faktorom. Obsluha by mala dodr\u017eiava\u0165 v\u0161etky bezpe\u010dnostn\u00e9 pokyny a nosi\u0165 vhodn\u00e9 ochrann\u00e9 pom\u00f4cky. Pri pou\u017e\u00edvan\u00ed hydraulick\u00fdch valcov zohr\u00e1vaj\u00fa d\u00f4le\u017eit\u00fa \u00falohu aj environment\u00e1lne aspekty. Spr\u00e1vna likvid\u00e1cia pou\u017eit\u00e9ho hydraulick\u00e9ho oleja a in\u00fdch nebezpe\u010dn\u00fdch materi\u00e1lov je nevyhnutn\u00e1 na minimaliz\u00e1ciu vplyvu na \u017eivotn\u00e9 prostredie.<\/p>\n<h2>Be\u017en\u00e9 probl\u00e9my a ich rie\u0161enie<\/h2>\n<p>Valec vedra sa m\u00f4\u017ee stretn\u00fa\u0165 s niektor\u00fdmi be\u017en\u00fdmi probl\u00e9mami, ako je \u00fanik oleja, pomal\u00e1 prev\u00e1dzka a posun valca. Tieto probl\u00e9my je mo\u017en\u00e9 vyrie\u0161i\u0165 pravidelnou kontrolou a \u00fadr\u017ebou. Ak probl\u00e9my pretrv\u00e1vaj\u00fa, odpor\u00fa\u010da sa konzult\u00e1cia s v\u00fdrobcom alebo kvalifikovan\u00fdm technikom.<\/p>\n<p><img decoding=\"async\" src=\"https:\/\/www.hydraulic-cylinders.net\/wp-content\/uploads\/2025\/01\/songte-bushings-with-all-kinds-of-excavator-models.webp\" \/><\/p>\n<h2>O na\u0161ej spolo\u010dnosti<\/h2>\n<p>Sme popredn\u00fdm v\u00fdrobcom a ve\u013ekoobchodn\u00edkom hydraulick\u00fdch valcov na dom\u00e1com aj medzin\u00e1rodnom trhu. Na\u0161e produkty s\u00fa rozmanit\u00e9 a komplexn\u00e9 a riadime sa princ\u00edpom vynikaj\u00facej kvality, pri\u010dom sa opierame o strat\u00e9giu riadenia priemyselnej v\u00fdroby sofistikovanej v\u00fdrobnej dielne. Neust\u00e1le zlep\u0161ujeme v\u00fdrobn\u00fa platformu, zdokona\u013eujeme v\u00fdrobn\u00fa linku kvality produktov a m\u00e1me siln\u00fa tvoriv\u00fa schopnos\u0165 uspokoji\u0165 rozmanit\u00e9 potreby z\u00e1kazn\u00edkov. Pon\u00fakame tie\u017e slu\u017eby na mieru a m\u00e1me medzin\u00e1rodn\u00e9 certifik\u00e1ty na zabezpe\u010denie kvality.<\/p>\n<p>Na\u0161a spolo\u010dnos\u0165 sa zaviazala poskytova\u0165 na\u0161im z\u00e1kazn\u00edkom vysoko kvalitn\u00e9 produkty a vynikaj\u00face slu\u017eby. M\u00e1me t\u00edm profesion\u00e1lnych technikov, \u0161pi\u010dkov\u00e9 digit\u00e1lne v\u00fdrobn\u00e9 zariadenia a profesion\u00e1lny testovac\u00ed syst\u00e9m, ktor\u00fd neust\u00e1le zlep\u0161uje v\u00fdrobn\u00fa platformu a zdokona\u013euje v\u00fdrobn\u00fa linku zameran\u00fa na kvalitu produktov.<\/p>\n<p>Na\u0161a spolo\u010dnos\u0165 pon\u00faka aj popredajn\u00e9 slu\u017eby vr\u00e1tane kontroly, opravy a v\u00fdmeny, aby sme zabezpe\u010dili spokojnos\u0165 na\u0161ich z\u00e1kazn\u00edkov. Sna\u017e\u00edme sa poskytova\u0165 na\u0161im z\u00e1kazn\u00edkom hydraulick\u00e9 valce a slu\u017eby najvy\u0161\u0161ej kvality.<\/p>\n<p><img decoding=\"async\" src=\"https:\/\/hzpt.com\/wp-content\/uploads\/2024\/11\/songte-company-1.webp\" \/><\/p>\n<p>Autor: lyl<\/p>","protected":false},"excerpt":{"rendered":"<p>Bucket Cylinder For XCMG Small Excavator XE6OCA Introduction The bucket cylinder for XCMG small excavator XE6OCA is a specialized hydraulic cylinder used for controlling the movement of the bucket in heavy machinery like excavators, backhoe excavators, and front-end loaders. Its primary function is to enable the bucket to lift, lower, and tilt, making it easy [&hellip;]<\/p>","protected":false},"featured_media":14762,"comment_status":"open","ping_status":"closed","template":"","meta":{"_et_pb_use_builder":"","_et_pb_old_content":"","_et_gb_content_width":""},"product_brand":[],"product_cat":[1494],"product_tag":[1495,1496],"class_list":{"0":"post-15460","1":"product","2":"type-product","3":"status-publish","4":"has-post-thumbnail","6":"product_cat-bucket-cylinders","7":"product_tag-bucket-cylinders","8":"product_tag-hydraulic-cylinders","10":"first","11":"instock","12":"shipping-taxable","13":"product-type-simple"},"amp_enabled":true,"_links":{"self":[{"href":"https:\/\/www.hydraulic-cylinders.net\/sk\/wp-json\/wp\/v2\/product\/15460","targetHints":{"allow":["GET"]}}],"collection":[{"href":"https:\/\/www.hydraulic-cylinders.net\/sk\/wp-json\/wp\/v2\/product"}],"about":[{"href":"https:\/\/www.hydraulic-cylinders.net\/sk\/wp-json\/wp\/v2\/types\/product"}],"replies":[{"embeddable":true,"href":"https:\/\/www.hydraulic-cylinders.net\/sk\/wp-json\/wp\/v2\/comments?post=15460"}],"wp:featuredmedia":[{"embeddable":true,"href":"https:\/\/www.hydraulic-cylinders.net\/sk\/wp-json\/wp\/v2\/media\/14762"}],"wp:attachment":[{"href":"https:\/\/www.hydraulic-cylinders.net\/sk\/wp-json\/wp\/v2\/media?parent=15460"}],"wp:term":[{"taxonomy":"product_brand","embeddable":true,"href":"https:\/\/www.hydraulic-cylinders.net\/sk\/wp-json\/wp\/v2\/product_brand?post=15460"},{"taxonomy":"product_cat","embeddable":true,"href":"https:\/\/www.hydraulic-cylinders.net\/sk\/wp-json\/wp\/v2\/product_cat?post=15460"},{"taxonomy":"product_tag","embeddable":true,"href":"https:\/\/www.hydraulic-cylinders.net\/sk\/wp-json\/wp\/v2\/product_tag?post=15460"}],"curies":[{"name":"pracovn\u00fd list","href":"https:\/\/api.w.org\/{rel}","templated":true}]}}