{"id":15464,"date":"2025-01-19T14:33:49","date_gmt":"2025-01-19T14:33:49","guid":{"rendered":"https:\/\/www.hydraulic-cylinders.net\/product\/bucket-cylinder-for-xcmg-small-excavator-xe40\/"},"modified":"2025-01-19T14:33:51","modified_gmt":"2025-01-19T14:33:51","slug":"bucket-cylinder-for-xcmg-small-excavator-xe40","status":"publish","type":"product","link":"https:\/\/www.hydraulic-cylinders.net\/sk\/produkt\/bucket-cylinder-for-xcmg-small-excavator-xe40\/","title":{"rendered":"Valec vedra pre mal\u00e9 r\u00fdpadlo XCMG XE40"},"content":{"rendered":"<p><!DOCTYPE html><br \/>\n<html><br \/>\n<head><br \/>\n<title>Valec vedra pre mal\u00e9 r\u00fdpadlo XCMG XE40<\/title><br \/>\n<\/head><br \/>\n<body><\/p>\n<h1>Valec vedra pre mal\u00e9 r\u00fdpadlo XCMG XE40<\/h1>\n<h2>\u00davod<\/h2>\n<p>Hydraulick\u00fd valec ly\u017eice je \u0161peci\u00e1lne navrhnut\u00fd hydraulick\u00fd valec pou\u017e\u00edvan\u00fd na ovl\u00e1danie pohybu ly\u017eice v \u0165a\u017ek\u00fdch strojoch, ako s\u00fa bagre, r\u00fdpadlo-naklada\u010de a kolesov\u00e9 naklada\u010de. Jeho hlavnou funkciou je umo\u017eni\u0165 zdv\u00edhanie, sp\u00fa\u0161\u0165anie a nakl\u00e1\u0148anie ly\u017eice, \u010do u\u013eah\u010duje r\u00f4zne \u00falohy manipul\u00e1cie s materi\u00e1lom. V hydraulickom syst\u00e9me dosahuje valec ly\u017eice presn\u00e9 ovl\u00e1danie ly\u017eice vyu\u017eit\u00edm zmien tlaku hydraulick\u00e9ho oleja, \u010do umo\u017e\u0148uje obsluhe efekt\u00edvne manipulova\u0165 s \u0165a\u017ek\u00fdmi bremenami a prisp\u00f4sobi\u0165 sa zlo\u017eit\u00fdm pracovn\u00fdm prostrediam a r\u00f4znorod\u00fdm po\u017eiadavk\u00e1m pr\u00e1ce.<\/p>\n<p><img decoding=\"async\" src=\"https:\/\/www.hydraulic-cylinders.net\/wp-content\/uploads\/2025\/01\/songte-company-2.webp\" alt=\"Obr\u00e1zok valca vedra\"><\/p>\n<h2>Funkcie<\/h2>\n<ul>\n<li>Vysok\u00e1 pevnos\u0165 a odolnos\u0165: Zvy\u010dajne je vyroben\u00fd z vysokopevnostnej ocele alebo hlin\u00edka, odol\u00e1 vysok\u00e9mu tlaku a \u0165a\u017ek\u00fdm za\u0165a\u017eeniam, \u010d\u00edm sa prisp\u00f4sob\u00ed n\u00e1ro\u010dn\u00fdm pracovn\u00fdm podmienkam. Kon\u0161trukcia zoh\u013ead\u0148uje odolnos\u0165 vo\u010di opotrebovaniu a kor\u00f3zii, aby sa pred\u013a\u017eila jeho \u017eivotnos\u0165.<\/li>\n<li>Efekt\u00edvna hydraulick\u00e1 prev\u00e1dzka: V\u010faka tlaku hydraulick\u00e9ho oleja dosahuje plynul\u00e9 vys\u00favanie a zas\u00favanie, r\u00fdchlo reaguje na ovl\u00e1dacie povely, poskytuje siln\u00e9 tla\u010dn\u00e9 a \u0165a\u017en\u00e9 sily a je vhodn\u00fd na manipul\u00e1ciu s \u0165a\u017ek\u00fdmi bremenami a zlo\u017eit\u00fdmi pracovn\u00fdmi \u00falohami.<\/li>\n<li>R\u00f4zne typy: Pod\u013ea po\u017eiadaviek je mo\u017en\u00e9 zvoli\u0165 jedno\u010dinn\u00e9 (hydraulicky ovl\u00e1dan\u00e9 v jednom smere) alebo dvoj\u010dinn\u00e9 (hydraulicky ovl\u00e1dan\u00e9 v oboch smeroch) valce, ktor\u00e9 sp\u013a\u0148aj\u00fa r\u00f4zne prev\u00e1dzkov\u00e9 potreby. Niektor\u00e9 modely s\u00fa teleskopick\u00e9, \u010do umo\u017e\u0148uje v\u00e4\u010d\u0161ie vysunutie bez zv\u00e4\u010d\u0161enia vonkaj\u0161\u00edch rozmerov, vhodn\u00e9 pre aplik\u00e1cie s obmedzen\u00fdm priestorom.<\/li>\n<li>Dokonal\u00e1 n\u00e1hrada: Na\u0161e produkty dok\u00e1\u017eu dokonale nahradi\u0165 tieto hydraulick\u00e9 valce.<\/li>\n<\/ul>\n<p><img decoding=\"async\" src=\"https:\/\/www.hydraulic-cylinders.net\/wp-content\/uploads\/2025\/01\/songte-cylinder-head-with-all-kinds-excavator-models.webp\" alt=\"Obr\u00e1zok produktu\"><\/p>\n<h2>Aplik\u00e1cie<\/h2>\n<ul>\n<li>Stavebn\u00e9 zariadenia: Nach\u00e1dzaj\u00fa sa v bagroch a s\u00fa k\u013e\u00fa\u010dov\u00e9 pre kopanie, nakladanie a premiest\u0148ovanie zeminy alebo sutiny. V r\u00fdpadlo-naklada\u010doch pom\u00e1ha valec ly\u017eice pri kopan\u00ed aj zdv\u00edhan\u00ed.<\/li>\n<li>Po\u013enohospod\u00e1rske stroje: Pou\u017e\u00edvaj\u00fa sa v \u010deln\u00fdch naklada\u010doch na naberanie, zdv\u00edhanie a prepravu p\u00f4dy, sena a in\u00fdch materi\u00e1lov.<\/li>\n<li>R\u00fdpadl\u00e1: Valec ly\u017eice umo\u017e\u0148uje kopanie t\u00fdm, \u017ee umo\u017e\u0148uje ly\u017eici prenikn\u00fa\u0165 do p\u00f4dy.<\/li>\n<li>Kolesov\u00e9 naklada\u010de: \u010celn\u00e9 naklada\u010de pom\u00e1haj\u00fa efekt\u00edvne zdv\u00edha\u0165 a vyklada\u0165 tovar.<\/li>\n<\/ul>\n<h2>\u00davahy o dizajne a krit\u00e9ri\u00e1 v\u00fdberu<\/h2>\n<ul>\n<li>\u00danosnos\u0165: Diskutujte o schopnosti odol\u00e1va\u0165 za\u0165a\u017eeniu a tlaku.<\/li>\n<li>Tesnenie: Vysvetlite d\u00f4le\u017eitos\u0165 pou\u017e\u00edvania r\u00f4znych tesniacich komponentov, ako s\u00fa tesnenia piestov a ty\u010d\u00ed vyroben\u00fdch z materi\u00e1lov odoln\u00fdch vo\u010di opotrebovaniu, ako je polyuret\u00e1n a nitrilov\u00e1 guma.<\/li>\n<li>Trvanlivos\u0165: Diskutujte o jemnej povrchovej \u00faprave telesa valca a z\u00e1vitov\u00fdch koncov na zv\u00fd\u0161enie odolnosti proti opotrebovaniu.<\/li>\n<li>Bezpe\u010dnos\u0165: Prediskutujte bezpe\u010dnostn\u00e9 aspekty v n\u00e1vrhu, ako s\u00fa spo\u013eahliv\u00e9 blokovacie mechanizmy a pretlakov\u00e9 ventily.<\/li>\n<li>\u00dadr\u017eba: Diskutujte o jednoduchosti \u00fadr\u017eby a dostupnosti n\u00e1hradn\u00fdch dielov.<\/li>\n<\/ul>\n<p><img decoding=\"async\" src=\"https:\/\/www.hydraulic-cylinders.net\/wp-content\/uploads\/2025\/01\/songte-oil-pipes-and-spare-parts.webp\" alt=\"Obr\u00e1zok produktu\"><\/p>\n<h2>Tesnenie a mazanie<\/h2>\n<p>Valec kor\u010deka vyu\u017e\u00edva r\u00f4zne tesnenia, ako s\u00fa piestne tesnenia a tesnenia ty\u010d\u00ed vyroben\u00e9 z materi\u00e1lov odoln\u00fdch vo\u010di opotrebovaniu, ako je polyuret\u00e1n a nitrilov\u00fd kau\u010duk. Teleso valca a z\u00e1vitov\u00e9 konce s\u00fa jemne o\u0161etren\u00e9 pre zlep\u0161enie odolnosti vo\u010di opotrebovaniu. Pravideln\u00e9 mazanie vhodn\u00fdm hydraulick\u00fdm olejom je nevyhnutn\u00e9 pre zabezpe\u010denie hladk\u00e9ho chodu a pred\u013a\u017eenie \u017eivotnosti valca.<\/p>\n<h2>Kontrola a prevent\u00edvna \u00fadr\u017eba<\/h2>\n<ul>\n<li>Pravideln\u00e1 kontrola: Zd\u00f4raznite d\u00f4le\u017eitos\u0165 pravidelnej vizu\u00e1lnej kontroly, \u010di sa neobjavia zn\u00e1mky po\u0161kodenia alebo \u00faniku.<\/li>\n<li>Spr\u00e1vne mazanie: Prediskutujte potrebu pravideln\u00e9ho mazania pre udr\u017eanie hladk\u00e9ho chodu.<\/li>\n<li>V\u00fdmena tesnenia: Vysvetlite d\u00f4le\u017eitos\u0165 v\u00fdmeny opotrebovan\u00fdch tesnen\u00ed, aby sa zabr\u00e1nilo \u00faniku a udr\u017eal optim\u00e1lny v\u00fdkon.<\/li>\n<li>Kontrola kalibr\u00e1cie: Odpor\u00fa\u010da sa pravideln\u00e1 kontrola kalibr\u00e1cie, aby sa zabezpe\u010dila presn\u00e1 prev\u00e1dzka.<\/li>\n<\/ul>\n<p><img decoding=\"async\" src=\"https:\/\/www.hydraulic-cylinders.net\/wp-content\/uploads\/2025\/01\/songte-chushion-collar.webp\" alt=\"Obr\u00e1zok produktu\"><\/p>\n<h2>Bezpe\u010dnostn\u00e9 aspekty a faktory prostredia<\/h2>\n<p>Pri pou\u017e\u00edvan\u00ed valca s vedrom je nevyhnutn\u00e9 dodr\u017eiava\u0165 bezpe\u010dnostn\u00e9 opatrenia, aby sa predi\u0161lo nehod\u00e1m a zabezpe\u010dila sa bezpe\u010dnos\u0165 obsluhy a \u017eivotn\u00e9ho prostredia. Musia sa bra\u0165 do \u00favahy bezpe\u010dnostn\u00e9 opatrenia, ako je nosenie vhodn\u00fdch ochrann\u00fdch prostriedkov a dodr\u017eiavanie prev\u00e1dzkov\u00fdch pokynov.<\/p>\n<h2>Rie\u0161enie probl\u00e9mov a be\u017en\u00e9 probl\u00e9my<\/h2>\n<p>Rie\u0161te potenci\u00e1lne probl\u00e9my a poskytnite tipy a rie\u0161enia na rie\u0161enie probl\u00e9mov, ktor\u00e9 pom\u00f4\u017eu \u010ditate\u013eom efekt\u00edvne diagnostikova\u0165 a rie\u0161i\u0165 probl\u00e9my. Pon\u00faknite prevent\u00edvne opatrenia na minimaliz\u00e1ciu potenci\u00e1lnych probl\u00e9mov a zabezpe\u010denie bezprobl\u00e9movej prev\u00e1dzky.<\/p>\n<p><img decoding=\"async\" src=\"https:\/\/www.hydraulic-cylinders.net\/wp-content\/uploads\/2025\/01\/songte-bushings-with-all-kinds-of-excavator-models.webp\" alt=\"Obr\u00e1zok produktu\"><\/p>\n<h2>Z\u00e1ver<\/h2>\n<p>Na\u0161a spolo\u010dnos\u0165 je popredn\u00fdm v\u00fdrobcom a ve\u013ekoobchodn\u00fdm distrib\u00fatorom hydraulick\u00fdch valcov na dom\u00e1com aj medzin\u00e1rodnom trhu. Pon\u00fakame kompletn\u00fd sortiment produktov a usilujeme sa o vynikaj\u00facu kvalitu. V\u010faka n\u00e1\u0161mu vysoko kvalifikovan\u00e9mu technick\u00e9mu t\u00edmu, najmodernej\u0161iemu v\u00fdrobn\u00e9mu zariadeniu a profesion\u00e1lnym testovac\u00edm syst\u00e9mom neust\u00e1le zlep\u0161ujeme na\u0161e v\u00fdrobn\u00e9 kapacity, kvalitu produktov a efektivitu v\u00fdroby, aby sme splnili rozmanit\u00e9 potreby na\u0161ich z\u00e1kazn\u00edkov.<\/p>\n<p><img decoding=\"async\" src=\"https:\/\/www.hydraulic-cylinders.net\/wp-content\/uploads\/2025\/01\/songte-company-3.webp\" alt=\"Obr\u00e1zok spolo\u010dnosti\"><\/p>\n<h3>O na\u0161ej spolo\u010dnosti<\/h3>\n<ul>\n<li>Profesionalita: Zd\u00f4raznite odborn\u00e9 znalosti a sk\u00fasenosti spolo\u010dnosti s v\u00fdrobou hydraulick\u00fdch valcov.<\/li>\n<li>Medzin\u00e1rodn\u00e9 certifik\u00e1cie: Uve\u010fte v\u0161etky relevantn\u00e9 certifik\u00e1cie, ktor\u00e9 spolo\u010dnos\u0165 z\u00edskala na zabezpe\u010denie kvality produktov a s\u00faladu s priemyseln\u00fdmi normami.<\/li>\n<li>Slu\u017eby prisp\u00f4sobenia: Zd\u00f4raznite schopnos\u0165 spolo\u010dnosti poskytova\u0165 rie\u0161enia na mieru, ktor\u00e9 sp\u013a\u0148aj\u00fa \u0161pecifick\u00e9 po\u017eiadavky z\u00e1kazn\u00edkov.<\/li>\n<li>V\u00fdrobn\u00e9 zariadenia: Pop\u00ed\u0161te modern\u00e9 v\u00fdrobn\u00e9 zariadenia, ktor\u00e9 spolo\u010dnos\u0165 pou\u017e\u00edva na zabezpe\u010denie vysokokvalitn\u00fdch produktov.<\/li>\n<li>Popredajn\u00fd servis: Diskutujte o z\u00e1v\u00e4zku spolo\u010dnosti poskytova\u0165 vynikaj\u00faci popredajn\u00fd servis vr\u00e1tane v\u00fdmeny dielov a slu\u017eieb repase.<\/li>\n<\/ul>\n<p>Autor: lyl<\/p>\n<p><img decoding=\"async\" src=\"https:\/\/hzpt.com\/wp-content\/uploads\/2024\/11\/songte-company-1.webp\" alt=\"Obr\u00e1zok spolo\u010dnosti\"><\/p>\n<p><\/body><br \/>\n<\/html><\/p>","protected":false},"excerpt":{"rendered":"<p>Bucket Cylinder For XCMG Small Excavator XE40 Bucket Cylinder For XCMG Small Excavator XE40 Introduction The bucket cylinder is a specially designed hydraulic cylinder used to control the movement of the bucket in heavy machinery such as excavators, backhoe loaders, and wheel loaders. Its main function is to enable the lifting, lowering, and tilting of [&hellip;]<\/p>","protected":false},"featured_media":14787,"comment_status":"open","ping_status":"closed","template":"","meta":{"_et_pb_use_builder":"","_et_pb_old_content":"","_et_gb_content_width":""},"product_brand":[],"product_cat":[1494],"product_tag":[1495,1496],"class_list":{"0":"post-15464","1":"product","2":"type-product","3":"status-publish","4":"has-post-thumbnail","6":"product_cat-bucket-cylinders","7":"product_tag-bucket-cylinders","8":"product_tag-hydraulic-cylinders","10":"first","11":"instock","12":"shipping-taxable","13":"product-type-simple"},"amp_enabled":true,"_links":{"self":[{"href":"https:\/\/www.hydraulic-cylinders.net\/sk\/wp-json\/wp\/v2\/product\/15464","targetHints":{"allow":["GET"]}}],"collection":[{"href":"https:\/\/www.hydraulic-cylinders.net\/sk\/wp-json\/wp\/v2\/product"}],"about":[{"href":"https:\/\/www.hydraulic-cylinders.net\/sk\/wp-json\/wp\/v2\/types\/product"}],"replies":[{"embeddable":true,"href":"https:\/\/www.hydraulic-cylinders.net\/sk\/wp-json\/wp\/v2\/comments?post=15464"}],"wp:featuredmedia":[{"embeddable":true,"href":"https:\/\/www.hydraulic-cylinders.net\/sk\/wp-json\/wp\/v2\/media\/14787"}],"wp:attachment":[{"href":"https:\/\/www.hydraulic-cylinders.net\/sk\/wp-json\/wp\/v2\/media?parent=15464"}],"wp:term":[{"taxonomy":"product_brand","embeddable":true,"href":"https:\/\/www.hydraulic-cylinders.net\/sk\/wp-json\/wp\/v2\/product_brand?post=15464"},{"taxonomy":"product_cat","embeddable":true,"href":"https:\/\/www.hydraulic-cylinders.net\/sk\/wp-json\/wp\/v2\/product_cat?post=15464"},{"taxonomy":"product_tag","embeddable":true,"href":"https:\/\/www.hydraulic-cylinders.net\/sk\/wp-json\/wp\/v2\/product_tag?post=15464"}],"curies":[{"name":"pracovn\u00fd list","href":"https:\/\/api.w.org\/{rel}","templated":true}]}}