{"id":15465,"date":"2025-01-19T14:33:53","date_gmt":"2025-01-19T14:33:53","guid":{"rendered":"https:\/\/www.hydraulic-cylinders.net\/product\/bucket-cylinder-for-xcmg-small-excavator-xe65ca\/"},"modified":"2025-01-19T14:33:55","modified_gmt":"2025-01-19T14:33:55","slug":"bucket-cylinder-for-xcmg-small-excavator-xe65ca","status":"publish","type":"product","link":"https:\/\/www.hydraulic-cylinders.net\/sk\/produkt\/bucket-cylinder-for-xcmg-small-excavator-xe65ca\/","title":{"rendered":"Valec vedra pre mal\u00e9 r\u00fdpadlo XCMG XE65CA"},"content":{"rendered":"<h1>Valec vedra pre mal\u00e9 r\u00fdpadlo XCMG XE65CA<\/h1>\n<h2>\u00davod<\/h2>\n<h3>Defin\u00edcia valca vedra<\/h3>\n<p>Hydraulick\u00fd valec ly\u017eice je \u0161peci\u00e1lne navrhnut\u00fd hydraulick\u00fd valec, ktor\u00fd sa pou\u017e\u00edva hlavne na ovl\u00e1danie pohybu ly\u017eice v \u0165a\u017ek\u00fdch strojoch, ako s\u00fa bagre, r\u00fdpadlo-naklada\u010de a \u010deln\u00e9 naklada\u010de. Jeho hlavnou funkciou je umo\u017eni\u0165 zdv\u00edhanie, sp\u00fa\u0161\u0165anie a nakl\u00e1\u0148anie ly\u017eice, \u010do u\u013eah\u010duje r\u00f4zne \u00falohy manipul\u00e1cie s materi\u00e1lom. V hydraulickom syst\u00e9me dosahuje valec ly\u017eice presn\u00e9 ovl\u00e1danie pohybu ly\u017eice prostredn\u00edctvom zmeny tlaku hydraulick\u00e9ho oleja, \u010do umo\u017e\u0148uje obsluhe efekt\u00edvne manipulova\u0165 s \u0165a\u017ek\u00fdmi bremenami a prisp\u00f4sobi\u0165 sa zlo\u017eit\u00fdm pracovn\u00fdm prostrediam a r\u00f4znym prev\u00e1dzkov\u00fdm potreb\u00e1m.<\/p>\n<p><img decoding=\"async\" src=\"https:\/\/www.hydraulic-cylinders.net\/wp-content\/uploads\/2025\/01\/songte-company-2.webp\" alt=\"obr\u00e1zok valca vedra\"><\/p>\n<h3>Funkcie<\/h3>\n<ul>\n<li>Vysok\u00e1 pevnos\u0165 a odolnos\u0165: Zvy\u010dajne je vyroben\u00fd z vysokopevnostnej ocele alebo hlin\u00edka, odol\u00e1 vysok\u00e9mu tlaku a \u0165a\u017ek\u00fdm za\u0165a\u017eeniam, \u010d\u00edm sa prisp\u00f4sob\u00ed n\u00e1ro\u010dn\u00fdm pracovn\u00fdm podmienkam. Kon\u0161trukcia zoh\u013ead\u0148uje odolnos\u0165 proti opotrebovaniu a kor\u00f3zii, \u010d\u00edm sa predl\u017euje jeho \u017eivotnos\u0165.<\/li>\n<li>Efekt\u00edvna hydraulick\u00e1 prev\u00e1dzka: Vyu\u017eitie tlaku hydraulick\u00e9ho oleja na dosiahnutie plynul\u00e9ho vys\u00favania a zas\u00favania, schopnos\u0165 r\u00fdchlo reagova\u0165 na prev\u00e1dzkov\u00e9 povely, poskytovanie silnej tla\u010dnej a \u0165a\u017enej sily, vhodn\u00e9 na manipul\u00e1ciu s \u0165a\u017ek\u00fdmi bremenami a zlo\u017eit\u00fdmi \u00falohami.<\/li>\n<li>R\u00f4zne typy: Pod\u013ea prev\u00e1dzkov\u00fdch potrieb je mo\u017en\u00e9 vybra\u0165 jedno\u010dinn\u00e9 (hydraulicky ovl\u00e1dan\u00e9 iba v jednom smere) alebo dvoj\u010dinn\u00e9 (hydraulicky ovl\u00e1dan\u00e9 v oboch smeroch) valce. Niektor\u00e9 modely s\u00fa teleskopick\u00e9, \u010do umo\u017e\u0148uje v\u00e4\u010d\u0161ie vysunutie bez zv\u00e4\u010d\u0161enia vonkaj\u0161\u00edch rozmerov, vhodn\u00e9 pre aplik\u00e1cie s obmedzen\u00fdm priestorom.<\/li>\n<li>Vymenite\u013en\u00e9 za in\u00e9 hydraulick\u00e9 valce<\/li>\n<li>Vyroben\u00e9 na\u0161ou spolo\u010dnos\u0165ou<\/li>\n<\/ul>\n<p><img decoding=\"async\" src=\"https:\/\/www.hydraulic-cylinders.net\/wp-content\/uploads\/2025\/01\/songte-cylinder-head-with-all-kinds-excavator-models.webp\" alt=\"obr\u00e1zok valca vedra\"><\/p>\n<h3>Aplik\u00e1cie<\/h3>\n<p>Valec s vedrom sa \u0161iroko pou\u017e\u00edva v r\u00f4znych stavebn\u00fdch strojoch, po\u013enohospod\u00e1rskych strojoch, bansk\u00fdch zariadeniach a in\u00fdch odvetviach.<\/p>\n<h4>Stavebn\u00e9 stroje<\/h4>\n<ul>\n<li>R\u00fdpadl\u00e1: Valec ly\u017eice umo\u017e\u0148uje kopanie t\u00fdm, \u017ee umo\u017e\u0148uje ly\u017eici prenikn\u00fa\u0165 do p\u00f4dy.<\/li>\n<li>R\u00fdpadlo-naklada\u010de: Valec ly\u017eice pom\u00e1ha pri kopan\u00ed aj zdv\u00edhan\u00ed.<\/li>\n<li>Naklada\u010de: V \u010deln\u00fdch naklada\u010doch pom\u00e1haj\u00fa valce ko\u0161\u00edkov efekt\u00edvne zdv\u00edha\u0165 a nakl\u00e1\u0148a\u0165 n\u00e1klad.<\/li>\n<\/ul>\n<h4>Po\u013enohospod\u00e1rske stroje<\/h4>\n<ul>\n<li>\u010celn\u00e9 naklada\u010de: Pou\u017e\u00edvaj\u00fa sa na naberanie, zdv\u00edhanie a prepravu p\u00f4dy, sena a in\u00fdch materi\u00e1lov.<\/li>\n<\/ul>\n<h4>\u0164a\u017eobn\u00e9 zariadenia<\/h4>\n<ul>\n<li>Pou\u017e\u00edva sa v \u0165a\u017ek\u00fdch bansk\u00fdch strojoch, ako s\u00fa v\u0155ta\u010dky a bansk\u00e9 bagre, na efekt\u00edvne a \u00fa\u010dinn\u00e9 premiest\u0148ovanie a zdv\u00edhanie \u0165a\u017ek\u00fdch bremien.<\/li>\n<\/ul>\n<h3>\u00davahy o dizajne a krit\u00e9ri\u00e1 v\u00fdberu<\/h3>\n<h4>\u00davahy o dizajne<\/h4>\n<ul>\n<li>Nosnos\u0165<\/li>\n<li>Tesniaci v\u00fdkon<\/li>\n<li>Trvanlivos\u0165<\/li>\n<li>Bezpe\u010dnos\u0165<\/li>\n<li>Udr\u017eiavate\u013enos\u0165<\/li>\n<\/ul>\n<h4>Krit\u00e9ri\u00e1 v\u00fdberu<\/h4>\n<ul>\n<li>Nosnos\u0165<\/li>\n<li>D\u013a\u017eka zdvihu<\/li>\n<li>Priemer otvoru<\/li>\n<li>Prev\u00e1dzkov\u00fd tlak<\/li>\n<li>Typ a usporiadanie mont\u00e1\u017ee<\/li>\n<li>Odolnos\u0165 proti kor\u00f3zii<\/li>\n<\/ul>\n<p><img decoding=\"async\" src=\"https:\/\/www.hydraulic-cylinders.net\/wp-content\/uploads\/2025\/01\/songte-oil-pipes-and-spare-parts.webp\" alt=\"obr\u00e1zok valca vedra\"><\/p>\n<h3>Tesnenie a mazanie<\/h3>\n<p>Valce s kor\u010dekom zvy\u010dajne pou\u017e\u00edvaj\u00fa r\u00f4zne tesniace komponenty, ako s\u00fa piestne tesnenia a tesnenia ty\u010d\u00ed, vyroben\u00e9 z materi\u00e1lov odoln\u00fdch vo\u010di opotrebovaniu, ako je polyuret\u00e1n a nitrilov\u00fd kau\u010duk, aby sa zabezpe\u010dil tesniaci v\u00fdkon a trvanlivos\u0165. Teleso valca a povrch z\u00e1vitov\u00e9ho konca prech\u00e1dzaj\u00fa jemn\u00fdm opracovan\u00edm, aby sa zlep\u0161ila odolnos\u0165 vo\u010di opotrebovaniu. Na zachovanie hladk\u00e9ho chodu je potrebn\u00e9 pravideln\u00e9 mazanie vhodn\u00fdm mno\u017estvom hydraulick\u00e9ho oleja.<\/p>\n<h3>\u00dadr\u017eba a opravy<\/h3>\n<p>Pravideln\u00e1 \u00fadr\u017eba a kontrola s\u00fa k\u013e\u00fa\u010dov\u00e9 pre pred\u013a\u017eenie \u017eivotnosti valca s vedrom. Medzi be\u017en\u00e9 \u00falohy \u00fadr\u017eby patr\u00ed mazanie, v\u00fdmena tesnenia a kontrola kalibr\u00e1cie. Po\u010das in\u0161tal\u00e1cie je nevyhnutn\u00e9 poskytn\u00fa\u0165 spr\u00e1vne pokyny na zarovnanie valca a na jeho upevnenie pou\u017ei\u0165 vhodn\u00e9 mont\u00e1\u017ene konzoly. Odpor\u00fa\u010dan\u00e9 postupy kontroly, opravy a v\u00fdmeny n\u00e1jdete v n\u00e1vode na pou\u017eitie. K dispoz\u00edcii s\u00fa aj repasa\u010dn\u00e9 slu\u017eby a n\u00e1hradn\u00e9 diely.<\/p>\n<p><img decoding=\"async\" src=\"https:\/\/www.hydraulic-cylinders.net\/wp-content\/uploads\/2025\/01\/songte-chushion-collar.webp\" alt=\"obr\u00e1zok valca vedra\"><\/p>\n<h3>Bezpe\u010dnostn\u00e9 a environment\u00e1lne aspekty<\/h3>\n<p>Pri pou\u017e\u00edvan\u00ed kyvn\u00fdch valcov s vedrami musia by\u0165 prijat\u00e9 vhodn\u00e9 bezpe\u010dnostn\u00e9 opatrenia, aby sa predi\u0161lo zraneniu obsluhy a okoloid\u00facich. Mali by sa zoh\u013eadni\u0165 aj environment\u00e1lne rizik\u00e1, ako s\u00fa \u00faniky ropy, a mali by sa prija\u0165 vhodn\u00e9 opatrenia na ochranu okolit\u00e9ho prostredia.<\/p>\n<h3>Diagnostika por\u00fach a rie\u0161enie probl\u00e9mov<\/h3>\n<p>Medzi be\u017en\u00e9 probl\u00e9my s valcami vedra patria netesn\u00e9 tesnenia, chybn\u00e9 ty\u010de a po\u0161koden\u00e9 tesnenia piestov. Diagnostika por\u00fach a met\u00f3dy rie\u0161enia probl\u00e9mov s\u00fa uveden\u00e9 v n\u00e1vode na pou\u017eitie. Pravideln\u00e1 \u00fadr\u017eba a kontrola m\u00f4\u017eu tie\u017e pom\u00f4c\u0165 predch\u00e1dza\u0165 potenci\u00e1lnym probl\u00e9mom.<\/p>\n<p><img decoding=\"async\" src=\"https:\/\/www.hydraulic-cylinders.net\/wp-content\/uploads\/2025\/01\/songte-bushings-with-all-kinds-of-excavator-models.webp\" alt=\"obr\u00e1zok valca vedra\"><\/p>\n<h2>O n\u00e1s<\/h2>\n<p>Sme v\u00fdrobcom hydraulick\u00fdch valcov a dod\u00e1vame r\u00f4zne hydraulick\u00e9 valce ako n\u00e1hradu za origin\u00e1lne diely v\u00fdrobcov zariaden\u00ed (OEM). Stali sme sa jedn\u00fdm z popredn\u00fdch v\u00fdrobcov a ve\u013ekoobchodn\u00fdch distrib\u00fatorov hydraulick\u00fdch valcov na dom\u00e1com aj medzin\u00e1rodnom trhu. Na\u0161a v\u00fdrobn\u00e1 diel\u0148a sa riadi strat\u00e9giou riadenia priemyselnej v\u00fdroby vynikaj\u00facej kvality, spoliehaj\u00fac sa na technologick\u00e9 talenty, \u0161pi\u010dkov\u00e9 digit\u00e1lne v\u00fdrobn\u00e9 zariadenia a profesion\u00e1lne testovacie syst\u00e9my, neust\u00e1le zlep\u0161ujeme v\u00fdrobn\u00fa platformu dielne, zlep\u0161ujeme kvalitu v\u00fdrobnej linky produktov a m\u00e1me siln\u00fa v\u00fdrobn\u00fa kapacitu. Na\u0161\u00edm cie\u013eom je uspokoji\u0165 rozmanit\u00e9 potreby z\u00e1kazn\u00edkov s vysokou efektivitou, vysokou presnos\u0165ou a princ\u00edpmi vysokej kvality.<\/p>\n<h3>Profesionalita<\/h3>\n<p>Na\u0161a spolo\u010dnos\u0165 m\u00e1 t\u00edm odborn\u00edkov s dlhoro\u010dn\u00fdmi sk\u00fasenos\u0165ami v odvetv\u00ed hydraulick\u00fdch valcov, ktor\u00ed z\u00e1kazn\u00edkom poskytuj\u00fa odborn\u00e9 poradenstvo a rie\u0161enia.<\/p>\n<h3>Medzin\u00e1rodn\u00e9 certifik\u00e1cie<\/h3>\n<p>Na\u0161a spolo\u010dnos\u0165 z\u00edskala r\u00f4zne medzin\u00e1rodn\u00e9 certifik\u00e1cie, ako napr\u00edklad ISO 9001 a CE, \u010do zaru\u010duje, \u017ee na\u0161e v\u00fdrobky sp\u013a\u0148aj\u00fa medzin\u00e1rodn\u00e9 \u0161tandardy kvality.<\/p>\n<h3>Slu\u017eby prisp\u00f4sobenia<\/h3>\n<p>Poskytujeme slu\u017eby prisp\u00f4sobenia, aby sme splnili jedine\u010dn\u00e9 potreby z\u00e1kazn\u00edkov, vr\u00e1tane dizajnu valcov, ve\u013ekosti a v\u00fdberu materi\u00e1lu.<\/p>\n<h3>V\u00fdrobn\u00e9 zariadenia<\/h3>\n<p>Na\u0161a spolo\u010dnos\u0165 m\u00e1 kompletn\u00fa sadu modern\u00fdch v\u00fdrobn\u00fdch zariaden\u00ed vr\u00e1tane CNC obr\u00e1bac\u00edch strojov, automatick\u00fdch zv\u00e1ra\u010diek, hydraulick\u00fdch lisov a testovac\u00edch zariaden\u00ed, \u010do zabezpe\u010duje stabiln\u00fa kvalitu na\u0161ich v\u00fdrobkov.<\/p>\n<h3>Popredajn\u00fd servis<\/h3>\n<p>Z\u00e1kazn\u00edkom poskytujeme v\u010dasn\u00fd popredajn\u00fd servis vr\u00e1tane in\u0161tal\u00e1cie, \u00fadr\u017eby, opr\u00e1v a v\u00fdmeny dielov, \u010d\u00edm zabezpe\u010dujeme, \u017ee na\u0161i z\u00e1kazn\u00edci m\u00f4\u017eu na\u0161e produkty pou\u017e\u00edva\u0165 s d\u00f4verou.<\/p>\n<p><img decoding=\"async\" src=\"https:\/\/www.hydraulic-cylinders.net\/wp-content\/uploads\/2025\/01\/songte-company-3.webp\" alt=\"imid\u017e spolo\u010dnosti\"><\/p>\n<p>Autor: lyl<\/p>","protected":false},"excerpt":{"rendered":"<p>Bucket Cylinder For XCMG Small Excavator XE65CA Introduction Definition of Bucket Cylinder Bucket cylinder is a specifically designed hydraulic cylinder mainly used to control the motion of the bucket in heavy-duty machinery such as excavators, backhoe loaders, and front-end loaders. Its main function is to enable the bucket to lift, lower, and tilt, facilitating various [&hellip;]<\/p>","protected":false},"featured_media":14785,"comment_status":"open","ping_status":"closed","template":"","meta":{"_et_pb_use_builder":"","_et_pb_old_content":"","_et_gb_content_width":""},"product_brand":[],"product_cat":[1494],"product_tag":[1495,1496],"class_list":{"0":"post-15465","1":"product","2":"type-product","3":"status-publish","4":"has-post-thumbnail","6":"product_cat-bucket-cylinders","7":"product_tag-bucket-cylinders","8":"product_tag-hydraulic-cylinders","10":"first","11":"instock","12":"shipping-taxable","13":"product-type-simple"},"amp_enabled":true,"_links":{"self":[{"href":"https:\/\/www.hydraulic-cylinders.net\/sk\/wp-json\/wp\/v2\/product\/15465","targetHints":{"allow":["GET"]}}],"collection":[{"href":"https:\/\/www.hydraulic-cylinders.net\/sk\/wp-json\/wp\/v2\/product"}],"about":[{"href":"https:\/\/www.hydraulic-cylinders.net\/sk\/wp-json\/wp\/v2\/types\/product"}],"replies":[{"embeddable":true,"href":"https:\/\/www.hydraulic-cylinders.net\/sk\/wp-json\/wp\/v2\/comments?post=15465"}],"wp:featuredmedia":[{"embeddable":true,"href":"https:\/\/www.hydraulic-cylinders.net\/sk\/wp-json\/wp\/v2\/media\/14785"}],"wp:attachment":[{"href":"https:\/\/www.hydraulic-cylinders.net\/sk\/wp-json\/wp\/v2\/media?parent=15465"}],"wp:term":[{"taxonomy":"product_brand","embeddable":true,"href":"https:\/\/www.hydraulic-cylinders.net\/sk\/wp-json\/wp\/v2\/product_brand?post=15465"},{"taxonomy":"product_cat","embeddable":true,"href":"https:\/\/www.hydraulic-cylinders.net\/sk\/wp-json\/wp\/v2\/product_cat?post=15465"},{"taxonomy":"product_tag","embeddable":true,"href":"https:\/\/www.hydraulic-cylinders.net\/sk\/wp-json\/wp\/v2\/product_tag?post=15465"}],"curies":[{"name":"pracovn\u00fd list","href":"https:\/\/api.w.org\/{rel}","templated":true}]}}