{"id":15468,"date":"2025-01-19T14:34:05","date_gmt":"2025-01-19T14:34:05","guid":{"rendered":"https:\/\/www.hydraulic-cylinders.net\/product\/bucket-cylinder-for-xcmg-middle-excavator-xe200c\/"},"modified":"2025-01-19T14:34:07","modified_gmt":"2025-01-19T14:34:07","slug":"bucket-cylinder-for-xcmg-middle-excavator-xe200c","status":"publish","type":"product","link":"https:\/\/www.hydraulic-cylinders.net\/sk\/produkt\/bucket-cylinder-for-xcmg-middle-excavator-xe200c\/","title":{"rendered":"Valec vedra pre stredn\u00e9 r\u00fdpadlo XCMG XE200C"},"content":{"rendered":"<h1>Valec vedra pre stredn\u00e9 r\u00fdpadlo XCMG XE200C<\/h1>\n<h2>\u00davod<\/h2>\n<p>Hydraulick\u00fd valec ly\u017eice pre stredn\u00e9 r\u00fdpadlo XCMG XE200C je typ \u0161pecializovan\u00e9ho hydraulick\u00e9ho valca, ktor\u00fd sa pou\u017e\u00edva hlavne na ovl\u00e1danie pohybu r\u00fdpadiel v \u0165a\u017ek\u00fdch strojoch, ako s\u00fa r\u00fdpadl\u00e1, r\u00fdpadl\u00e1-naklada\u010de a \u010deln\u00e9 naklada\u010de. Jeho hlavnou funkciou je umo\u017eni\u0165 zdv\u00edhanie, sp\u00fa\u0161\u0165anie a nakl\u00e1\u0148anie r\u00fdpadla, \u010do u\u013eah\u010duje vykon\u00e1vanie r\u00f4znych \u00faloh manipul\u00e1cie s materi\u00e1lom. V hydraulickom syst\u00e9me dosahuje valec ly\u017eice presn\u00e9 ovl\u00e1danie pohybu r\u00fdpadla prostredn\u00edctvom zmien tlaku hydraulick\u00e9ho oleja, \u010do umo\u017e\u0148uje obsluhe efekt\u00edvne manipulova\u0165 s \u0165a\u017ek\u00fdmi bremenami a prisp\u00f4sobova\u0165 sa zlo\u017eit\u00fdm pracovn\u00fdm prostrediam a r\u00f4znym prev\u00e1dzkov\u00fdm po\u017eiadavk\u00e1m.<\/p>\n<p><img decoding=\"async\" src=\"https:\/\/www.hydraulic-cylinders.net\/wp-content\/uploads\/2025\/01\/songte-company-2.webp\" alt=\"Obr\u00e1zok valca vedra\"><\/p>\n<h2>Funkcie<\/h2>\n<ul>\n<li>Vysok\u00e1 pevnos\u0165 a odolnos\u0165 \u2013 Zvy\u010dajne s\u00fa vyroben\u00e9 z vysokopevnostnej ocele alebo hlin\u00edka, schopn\u00e9 odol\u00e1va\u0165 vysok\u00e9mu tlaku a \u0165a\u017ek\u00fdm za\u0165a\u017eeniam a s\u00fa navrhnut\u00e9 s oh\u013eadom na odolnos\u0165 vo\u010di opotrebovaniu a kor\u00f3zii, aby sa pred\u013a\u017eila \u017eivotnos\u0165.<\/li>\n<li>Efekt\u00edvna hydraulick\u00e1 prev\u00e1dzka \u2013 Vyu\u017eitie tlaku hydraulick\u00e9ho oleja na dosiahnutie plynul\u00fdch pohybov vys\u00favania a s\u0165ahovania, schopnos\u0165 r\u00fdchlej reakcie na ovl\u00e1dacie povely, poskytovanie siln\u00fdch tla\u010dn\u00fdch a \u0165ahov\u00fdch s\u00edl a vhodn\u00e9 na manipul\u00e1ciu s \u0165a\u017ek\u00fdmi bremenami a zlo\u017eit\u00fdmi prev\u00e1dzkov\u00fdmi \u00falohami.<\/li>\n<li>R\u00f4zne typy \u2013 Mo\u017enos\u0165 v\u00fdberu jedno\u010dinn\u00fdch (hydraulicky ovl\u00e1dan\u00fdch iba v jednom smere) alebo dvoj\u010dinn\u00fdch (hydraulicky ovl\u00e1dan\u00fdch v oboch smeroch) valcov pod\u013ea po\u017eiadaviek na splnenie r\u00f4znych prev\u00e1dzkov\u00fdch potrieb. Niektor\u00e9 modely s\u00fa teleskopick\u00e9, \u010do umo\u017e\u0148uje v\u00e4\u010d\u0161ie roz\u0161\u00edrenie bez zv\u00e4\u010d\u0161enia vonkaj\u0161\u00edch rozmerov a je vhodn\u00e9 pre aplik\u00e1cie s obmedzen\u00fdm priestorom.<\/li>\n<li>Dokonal\u00e1 n\u00e1hrada \u2013 N\u00e1\u0161 produkt dok\u00e1\u017ee dokonale nahradi\u0165 in\u00e9 hydraulick\u00e9 valce.<\/li>\n<\/ul>\n<p><img decoding=\"async\" src=\"https:\/\/www.hydraulic-cylinders.net\/wp-content\/uploads\/2025\/01\/songte-cylinder-head-with-all-kinds-excavator-models.webp\" alt=\"Obr\u00e1zok v\u00fdmeny valca vedra\"><\/p>\n<h2>Aplik\u00e1cie<\/h2>\n<h3>Stavebn\u00e9 stroje<\/h3>\n<p>V bagroch s\u00fa nevyhnutn\u00e9 na kopanie, nakladanie a premiest\u0148ovanie zeminy alebo sutiny. V r\u00fdpadlo-naklada\u010doch pom\u00e1haj\u00fa valce lopaty pri kopan\u00ed aj zdv\u00edhan\u00ed. V \u010deln\u00fdch naklada\u010doch pom\u00e1haj\u00fa pri efekt\u00edvnom zdv\u00edhan\u00ed a nakl\u00e1\u0148an\u00ed bremien.<\/p>\n<h3>Po\u013enohospod\u00e1rske stroje<\/h3>\n<p>Pou\u017e\u00edvaj\u00fa sa pre \u010deln\u00e9 naklada\u010de, na odh\u0155\u0148anie, zdv\u00edhanie a prepravu zeminy, sena a in\u00fdch materi\u00e1lov. V bagroch dosahuj\u00fa valce ko\u0161\u00edka kopac\u00ed \u00fa\u010dinok t\u00fdm, \u017ee umo\u017e\u0148uj\u00fa lopate prenikn\u00fa\u0165 do p\u00f4dy. V \u010deln\u00fdch naklada\u010doch pom\u00e1haj\u00fa pri zdv\u00edhan\u00ed a vykladan\u00ed tovaru.<\/p>\n<p><img decoding=\"async\" src=\"https:\/\/www.hydraulic-cylinders.net\/wp-content\/uploads\/2025\/01\/songte-chushion-collar.webp\" alt=\"Obr\u00e1zok aplik\u00e1ci\u00ed valca vedra\"><\/p>\n<h2>Dizajn produktu a krit\u00e9ri\u00e1 v\u00fdberu<\/h2>\n<ul>\n<li>\u00danosnos\u0165 \u2013 Vysok\u00e1 \u00fanosnos\u0165, ktor\u00e1 odol\u00e1 \u0165a\u017ek\u00fdm za\u0165a\u017eeniam.<\/li>\n<li>Tesnenie \u2013 Vhodn\u00e9 utesnenie valca, aby sa zabr\u00e1nilo \u00faniku hydraulick\u00e9ho oleja.<\/li>\n<li>Trvanlivos\u0165 \u2013 Dlh\u00e1 \u017eivotnos\u0165 a odolnos\u0165 vo\u010di opotrebovaniu a kor\u00f3zii.<\/li>\n<li>Bezpe\u010dnos\u0165 \u2013 Bezpe\u010dn\u00e1 prev\u00e1dzka a ochrana pred po\u0161koden\u00edm sp\u00f4soben\u00fdm vonkaj\u0161\u00edmi faktormi.<\/li>\n<li>\u00dadr\u017eba \u2013 Jednoduch\u00e1 \u00fadr\u017eba a oprava valca.<\/li>\n<\/ul>\n<p><img decoding=\"async\" src=\"https:\/\/www.hydraulic-cylinders.net\/wp-content\/uploads\/2025\/01\/songte-oil-pipes-and-spare-parts.webp\" alt=\"Obr\u00e1zok n\u00e1vrhu valca vedra\"><\/p>\n<h2>Tesnenie a mazanie produktu<\/h2>\n<p>Valec kor\u010deka pou\u017e\u00edva r\u00f4zne tesniace komponenty, ako s\u00fa tesnenia piestov a tesnenia ty\u010d\u00ed vyroben\u00e9 z materi\u00e1lov odoln\u00fdch proti opotrebovaniu, ako je polyuret\u00e1n a nitrilov\u00fd kau\u010duk. Teleso valca a z\u00e1vitov\u00fd koniec s\u00fa jemne opracovan\u00e9 pre zv\u00fd\u0161enie odolnosti proti opotrebovaniu. Pravidelne prid\u00e1vajte primeran\u00e9 mno\u017estvo hydraulick\u00e9ho oleja na mazanie.<\/p>\n<h2>Pravideln\u00e1 kontrola a opatrenia prevent\u00edvnej \u00fadr\u017eby<\/h2>\n<ul>\n<li>Pravideln\u00e1 kontrola \u2013 Pravidelne kontrolujte a udr\u017eiavajte valec, aby ste zabezpe\u010dili jeho spr\u00e1vnu funkciu.<\/li>\n<li>Mazanie \u2013 Vhodn\u00e9 mazanie, aby sa predi\u0161lo po\u0161kodeniu v d\u00f4sledku trenia medzi pohybliv\u00fdmi \u010das\u0165ami.<\/li>\n<li>V\u00fdmena tesnen\u00ed \u2013 Pravideln\u00e1 v\u00fdmena tesnen\u00ed, aby sa zabr\u00e1nilo \u00faniku hydraulick\u00e9ho oleja.<\/li>\n<li>Kontrola kalibr\u00e1cie \u2013 Pravideln\u00e1 kontrola kalibr\u00e1cie na zabezpe\u010denie presnosti prev\u00e1dzky valca.<\/li>\n<\/ul>\n<p><img decoding=\"async\" src=\"https:\/\/www.hydraulic-cylinders.net\/wp-content\/uploads\/2025\/01\/songte-bushings-with-all-kinds-of-excavator-models.webp\" alt=\"Obr\u00e1zok \u00fadr\u017eby valca vedra\"><\/p>\n<h2>Bezpe\u010dnostn\u00e9 aspekty a faktory prostredia<\/h2>\n<p>Pri pou\u017e\u00edvan\u00ed valca s vedrom je nevyhnutn\u00e9 dodr\u017eiava\u0165 bezpe\u010dnostn\u00e9 opatrenia. Napr\u00edklad sa uistite, \u017ee v\u0161etky hydraulick\u00e9 a elektrick\u00e9 pripojenia s\u00fa bezpe\u010dn\u00e9. Zv\u00e1\u017ete aj faktory prostredia, ako je teplota a vlhkos\u0165.<\/p>\n<h2>Rie\u0161enie probl\u00e9mov a be\u017en\u00e9 probl\u00e9my<\/h2>\n<ul>\n<li>Pomal\u00e1 prev\u00e1dzka \u2013 Skontrolujte, \u010di nie je dostatok hydraulick\u00e9ho oleja alebo \u010di nie s\u00fa filtre zne\u010disten\u00e9.<\/li>\n<li>\u00danik \u2013 Skontrolujte tesnenia a v pr\u00edpade potreby ich vyme\u0148te.<\/li>\n<li>Hlu\u010dn\u00e1 prev\u00e1dzka \u2013 Skontrolujte valec, \u010di nie je po\u0161koden\u00fd alebo opotrebovan\u00fd.<\/li>\n<\/ul>\n<h2>Predstavenie spolo\u010dnosti<\/h2>\n<p>Sme v\u00fdrobcom hydraulick\u00fdch valcov a jedn\u00fdm z popredn\u00fdch v\u00fdrobcov a ve\u013ekoobchodn\u00fdch distrib\u00fatorov hydraulick\u00fdch valcov na dom\u00e1com aj medzin\u00e1rodnom trhu. Dodr\u017eiavame vynikaj\u00facu kvalitu a spoliehame sa na industrializovan\u00e9 strat\u00e9gie riadenia v\u00fdroby v na\u0161ich sofistikovan\u00fdch v\u00fdrobn\u00fdch diel\u0148ach. Neust\u00e1le zlep\u0161ujeme na\u0161u v\u00fdrobn\u00fa platformu v diel\u0148ach, zdokona\u013eujeme na\u0161u v\u00fdrobn\u00fa linku zameran\u00fa na kvalitu produktov a m\u00e1me siln\u00e9 v\u00fdrobn\u00e9 kapacity. Na\u0161\u00edm cie\u013eom je uspokoji\u0165 rozmanit\u00e9 potreby z\u00e1kazn\u00edkov s vyu\u017eit\u00edm princ\u00edpov vysokej efektivity, vysokej presnosti a vysokej kvality.<\/p>\n<p><img decoding=\"async\" src=\"https:\/\/hzpt.com\/wp-content\/uploads\/2024\/11\/songte-company-1.webp\" alt=\"Obr\u00e1zok spolo\u010dnosti s valcom na vedro\"><\/p>\n<h3>Profesionalita<\/h3>\n<p>M\u00e1me t\u00edm vysoko kvalifikovan\u00fdch odborn\u00edkov s dlhoro\u010dn\u00fdmi praktick\u00fdmi sk\u00fasenos\u0165ami v danom odvetv\u00ed.<\/p>\n<h3>Medzin\u00e1rodn\u00e1 certifik\u00e1cia<\/h3>\n<p>Na\u0161e produkty maj\u00fa medzin\u00e1rodn\u00e9 certifik\u00e1cie, ako napr\u00edklad CE, ISO9001 a SGS.<\/p>\n<h3>Prisp\u00f4soben\u00e9 slu\u017eby<\/h3>\n<p>Poskytujeme prisp\u00f4soben\u00e9 slu\u017eby vr\u00e1tane n\u00e1vrhu, v\u00fdroby, balenia a dopravy, aby sme splnili \u0161pecifick\u00e9 potreby z\u00e1kazn\u00edka.<\/p>\n<h3>V\u00fdrobn\u00e9 zariadenia<\/h3>\n<p>Pou\u017e\u00edvame modern\u00e9 v\u00fdrobn\u00e9 zariadenia, ako s\u00fa CNC obr\u00e1bacie centr\u00e1, automatick\u00e9 zv\u00e1racie stroje a sk\u00fa\u0161obn\u00e9 stolice pre hydraulick\u00e9 valce.<\/p>\n<h3>Popredajn\u00fd servis<\/h3>\n<p>Pon\u00fakame popredajn\u00e9 slu\u017eby, ako je \u00fadr\u017eba, opravy a v\u00fdmena dielov a rekon\u0161trukcia hydraulick\u00fdch valcov s cie\u013eom pred\u013a\u017ei\u0165 ich \u017eivotnos\u0165.<\/p>\n<p>Autor: lyl<\/p>","protected":false},"excerpt":{"rendered":"<p>Bucket Cylinder For XCMG Middle Excavator XE200C Introduction The bucket cylinder for XCMG middle excavator XE200C is a type of specialized hydraulic cylinder mainly used for controlling the movement of shovels in heavy machinery such as excavators, backhoe excavators, and front-end loaders. Its primary function is to enable the shovel to lift, lower, and tilt, [&hellip;]<\/p>","protected":false},"featured_media":14780,"comment_status":"open","ping_status":"closed","template":"","meta":{"_et_pb_use_builder":"","_et_pb_old_content":"","_et_gb_content_width":""},"product_brand":[],"product_cat":[1494],"product_tag":[1495,1496],"class_list":{"0":"post-15468","1":"product","2":"type-product","3":"status-publish","4":"has-post-thumbnail","6":"product_cat-bucket-cylinders","7":"product_tag-bucket-cylinders","8":"product_tag-hydraulic-cylinders","10":"first","11":"instock","12":"shipping-taxable","13":"product-type-simple"},"amp_enabled":true,"_links":{"self":[{"href":"https:\/\/www.hydraulic-cylinders.net\/sk\/wp-json\/wp\/v2\/product\/15468","targetHints":{"allow":["GET"]}}],"collection":[{"href":"https:\/\/www.hydraulic-cylinders.net\/sk\/wp-json\/wp\/v2\/product"}],"about":[{"href":"https:\/\/www.hydraulic-cylinders.net\/sk\/wp-json\/wp\/v2\/types\/product"}],"replies":[{"embeddable":true,"href":"https:\/\/www.hydraulic-cylinders.net\/sk\/wp-json\/wp\/v2\/comments?post=15468"}],"wp:featuredmedia":[{"embeddable":true,"href":"https:\/\/www.hydraulic-cylinders.net\/sk\/wp-json\/wp\/v2\/media\/14780"}],"wp:attachment":[{"href":"https:\/\/www.hydraulic-cylinders.net\/sk\/wp-json\/wp\/v2\/media?parent=15468"}],"wp:term":[{"taxonomy":"product_brand","embeddable":true,"href":"https:\/\/www.hydraulic-cylinders.net\/sk\/wp-json\/wp\/v2\/product_brand?post=15468"},{"taxonomy":"product_cat","embeddable":true,"href":"https:\/\/www.hydraulic-cylinders.net\/sk\/wp-json\/wp\/v2\/product_cat?post=15468"},{"taxonomy":"product_tag","embeddable":true,"href":"https:\/\/www.hydraulic-cylinders.net\/sk\/wp-json\/wp\/v2\/product_tag?post=15468"}],"curies":[{"name":"pracovn\u00fd list","href":"https:\/\/api.w.org\/{rel}","templated":true}]}}