{"id":15469,"date":"2025-01-19T14:34:09","date_gmt":"2025-01-19T14:34:09","guid":{"rendered":"https:\/\/www.hydraulic-cylinders.net\/product\/bucket-cylinder-for-xcmg-middle-excavator-xe215ca\/"},"modified":"2025-01-19T14:34:11","modified_gmt":"2025-01-19T14:34:11","slug":"bucket-cylinder-for-xcmg-middle-excavator-xe215ca","status":"publish","type":"product","link":"https:\/\/www.hydraulic-cylinders.net\/sk\/produkt\/bucket-cylinder-for-xcmg-middle-excavator-xe215ca\/","title":{"rendered":"Valec vedra pre stredn\u00e9 r\u00fdpadlo XCMG XE215CA"},"content":{"rendered":"<h1>Valec vedra pre stredn\u00e9 r\u00fdpadlo XCMG XE215CA<\/h1>\n<h2>\u00davod<\/h2>\n<p>Hydraulick\u00fd valec ly\u017eice je \u0161peci\u00e1lne navrhnut\u00fd hydraulick\u00fd valec, ktor\u00fd sa pou\u017e\u00edva predov\u0161etk\u00fdm na ovl\u00e1danie pohybu ly\u017e\u00edc v \u0165a\u017ek\u00fdch strojoch, ako s\u00fa bagre, r\u00fdpadl\u00e1-r\u00fdpadl\u00e1 a \u010deln\u00e9 naklada\u010de. Jeho hlavnou funkciou je umo\u017eni\u0165 zdv\u00edhanie, sp\u00fa\u0161\u0165anie a nakl\u00e1\u0148anie ly\u017eice, \u010do u\u013eah\u010duje vykon\u00e1vanie r\u00f4znych \u00faloh manipul\u00e1cie s materi\u00e1lom. V hydraulickom syst\u00e9me dosahuje valec ly\u017eice presn\u00e9 ovl\u00e1danie ly\u017eice prostredn\u00edctvom zmien tlaku hydraulick\u00e9ho oleja, \u010do umo\u017e\u0148uje obsluhe efekt\u00edvne manipulova\u0165 s \u0165a\u017ek\u00fdmi bremenami, prisp\u00f4sobi\u0165 sa zlo\u017eit\u00fdm pracovn\u00fdm prostrediam a r\u00f4znorod\u00fdm po\u017eiadavk\u00e1m na pr\u00e1cu.<\/p>\n<p><img decoding=\"async\" src=\"https:\/\/www.hydraulic-cylinders.net\/wp-content\/uploads\/2025\/01\/songte-company-2.webp\" \/><\/p>\n<h2>Funkcie<\/h2>\n<ul>\n<li>Vysok\u00e1 pevnos\u0165 a odolnos\u0165: Zvy\u010dajne je vyroben\u00fd z vysokopevnostnej ocele alebo hlin\u00edka, odol\u00e1 vysok\u00e9mu tlaku a \u0165a\u017ek\u00fdm za\u0165a\u017eeniam, \u010d\u00edm sa prisp\u00f4sob\u00ed n\u00e1ro\u010dn\u00fdm pracovn\u00fdm podmienkam. Kon\u0161trukcia zoh\u013ead\u0148uje odolnos\u0165 vo\u010di opotrebovaniu a kor\u00f3zii, \u010d\u00edm sa predl\u017euje \u017eivotnos\u0165.<\/li>\n<li>Efekt\u00edvna hydraulick\u00e1 prev\u00e1dzka: Plynul\u00e9 pohyby vys\u00favania a s\u0165ahovania sa dosahuj\u00fa pomocou hydraulick\u00e9ho tlaku, ktor\u00fd dok\u00e1\u017ee r\u00fdchlo reagova\u0165 na ovl\u00e1dacie povely a poskytuje siln\u00e9 \u0165a\u017en\u00e9 a tla\u010dn\u00e9 sily vhodn\u00e9 na manipul\u00e1ciu s \u0165a\u017ek\u00fdmi bremenami a zlo\u017eit\u00fdmi pracovn\u00fdmi \u00falohami.<\/li>\n<li>R\u00f4zne typy: Jedno\u010dinn\u00e9 (hydraulick\u00fd pohon sa pou\u017e\u00edva iba v jednom smere) alebo dvoj\u010dinn\u00e9 (hydraulick\u00fd pohon sa pou\u017e\u00edva v oboch smeroch) valce je mo\u017en\u00e9 vybra\u0165 pod\u013ea po\u017eiadaviek, aby sa splnili r\u00f4zne prev\u00e1dzkov\u00e9 potreby. Niektor\u00e9 modely s\u00fa teleskopick\u00e9, \u010do umo\u017e\u0148uje v\u00e4\u010d\u0161ie vysunutie bez zv\u00e4\u010d\u0161enia vonkaj\u0161\u00edch rozmerov, vhodn\u00e9 pre aplik\u00e1cie s obmedzen\u00fdm priestorom.<\/li>\n<li>Vymenite\u013en\u00e9: N\u00e1\u0161 produkt dok\u00e1\u017ee dokonale nahradi\u0165 tieto hydraulick\u00e9 valce.<\/li>\n<\/ul>\n<p><img decoding=\"async\" src=\"https:\/\/www.hydraulic-cylinders.net\/wp-content\/uploads\/2025\/01\/songte-cylinder-head-with-all-kinds-excavator-models.webp\" \/><\/p>\n<h2>Aplik\u00e1cie<\/h2>\n<p>Valce s ko\u0161\u00edkom sa \u0161iroko pou\u017e\u00edvaj\u00fa v r\u00f4znych odvetviach, vr\u00e1tane:<\/p>\n<ul>\n<li>Stavebn\u00e9 zariadenia: V bagroch s\u00fa nevyhnutn\u00e9 na v\u00fdkopov\u00e9 pr\u00e1ce, nakladanie a premiest\u0148ovanie zeminy alebo sutiny. V r\u00fdpadlo-naklada\u010doch pom\u00e1haj\u00fa valce ko\u0161\u00edkov pri v\u00fdkopov\u00fdch pr\u00e1cach aj zdv\u00edhan\u00ed. <\/li>\n<li>Po\u013enohospod\u00e1rske stroje: Pou\u017e\u00edvaj\u00fa sa na \u010deln\u00fdch naklada\u010doch na naberanie, zdv\u00edhanie a prepravu p\u00f4dy, sena a in\u00fdch materi\u00e1lov.<\/li>\n<li>R\u00fdpadl\u00e1: Valce lopaty dosahuj\u00fa kopac\u00ed \u00fa\u010dinok t\u00fdm, \u017ee umo\u017e\u0148uj\u00fa lopate prenikn\u00fa\u0165 do p\u00f4dy.<\/li>\n<li>Naklada\u010de: \u010celn\u00e9 naklada\u010de pom\u00e1haj\u00fa efekt\u00edvne zdv\u00edha\u0165 a vyklada\u0165 tovar.<\/li>\n<\/ul>\n<p>Let&#8217;s take each application in detail:<\/p>\n<h3>Stavebn\u00e9 stroje<\/h3>\n<p>V r\u00fdpadl\u00e1ch s\u00fa valce ko\u0161\u00edkov k\u013e\u00fa\u010dov\u00e9 pre v\u00fdkopov\u00e9 pr\u00e1ce, nakladanie a premiest\u0148ovanie zeminy alebo sutiny. V r\u00fdpadlov\u00fdch r\u00fdpadl\u00e1ch pom\u00e1haj\u00fa valce ko\u0161\u00edkov pri v\u00fdkopov\u00fdch pr\u00e1cach aj zdv\u00edhan\u00ed. S\u00fa tie\u017e u\u017eito\u010dn\u00e9 v \u010deln\u00fdch naklada\u010doch na manipul\u00e1ciu s sutinou a in\u00fdmi \u0165a\u017ek\u00fdmi materi\u00e1lmi.<\/p>\n<h3>Po\u013enohospod\u00e1rske stroje<\/h3>\n<p>Valce kor\u010dekov s\u00fa u\u017eito\u010dn\u00e9 v po\u013enohospod\u00e1rskych strojoch na manipul\u00e1ciu s p\u00f4dou, senom a in\u00fdmi materi\u00e1lmi. Pou\u017e\u00edvaj\u00fa sa na \u010deln\u00fdch naklada\u010doch na naberanie, zdv\u00edhanie a prepravu p\u00f4dy, sena a in\u00fdch materi\u00e1lov.<\/p>\n<h3>R\u00fdpadl\u00e1<\/h3>\n<p>Valce kor\u010deka dosahuj\u00fa v r\u00fdpadl\u00e1ch kopac\u00ed \u00fa\u010dinok t\u00fdm, \u017ee umo\u017e\u0148uj\u00fa kor\u010deku prenikn\u00fa\u0165 do p\u00f4dy. Umo\u017e\u0148uj\u00fa tie\u017e kor\u010deku zdv\u00edha\u0165, sp\u00fa\u0161\u0165a\u0165 a nakl\u00e1\u0148a\u0165, \u010do u\u013eah\u010duje vykon\u00e1vanie r\u00f4znych \u00faloh manipul\u00e1cie s materi\u00e1lom.<\/p>\n<h3>Naklada\u010de<\/h3>\n<p>V \u010deln\u00fdch naklada\u010doch pom\u00e1haj\u00fa valce ly\u017eice efekt\u00edvne zdv\u00edha\u0165 a vyklada\u0165 tovar. Umo\u017e\u0148uj\u00fa zdv\u00edhanie, sp\u00fa\u0161\u0165anie a nakl\u00e1\u0148anie ly\u017eice, \u010do u\u013eah\u010duje vykon\u00e1vanie r\u00f4znych \u00faloh manipul\u00e1cie s materi\u00e1lom.<\/p>\n<h2>\u00davahy o dizajne a \u0161tandardy v\u00fdberu<\/h2>\n<p>When designing bucket cylinders, several factors need to be considered, including load-bearing capacity, sealing, durability, safety, and maintainability. Let&#8217;s take each point in detail:<\/p>\n<h3>Nosnos\u0165<\/h3>\n<p>Valce s ko\u0161\u00edkom musia by\u0165 navrhnut\u00e9 tak, aby odolali vysok\u00e9mu tlaku a \u0165a\u017ek\u00e9mu za\u0165a\u017eeniu, aby sa prisp\u00f4sobili n\u00e1ro\u010dn\u00fdm pracovn\u00fdm podmienkam. Zvy\u010dajne s\u00fa vyroben\u00e9 z vysokopevnostnej ocele alebo hlin\u00edka.<\/p>\n<h3>Tesnenie<\/h3>\n<p>Valce kor\u010dekov pou\u017e\u00edvaj\u00fa r\u00f4zne tesniace komponenty na zabr\u00e1nenie \u00faniku. Medzi be\u017ene pou\u017e\u00edvan\u00e9 tesniace komponenty patria tesniace kr\u00fa\u017eky piestov, tesniace kr\u00fa\u017eky ty\u010d\u00ed at\u010f. Tesniace komponenty s\u00fa vyroben\u00e9 z materi\u00e1lov odoln\u00fdch vo\u010di opotrebovaniu, ako je polyuret\u00e1n a nitrilov\u00e1 guma.<\/p>\n<h3>Trvanlivos\u0165<\/h3>\n<p>Teleso valca a z\u00e1vitov\u00fd koniec s\u00fa jemne opracovan\u00e9 pre zlep\u0161enie odolnosti vo\u010di opotrebovaniu. Pravideln\u00e9 prid\u00e1vanie vhodn\u00e9ho mno\u017estva hydraulick\u00e9ho oleja m\u00f4\u017ee pom\u00f4c\u0165 premaza\u0165 valec a pred\u013a\u017ei\u0165 jeho \u017eivotnos\u0165.<\/p>\n<h3>Bezpe\u010dnos\u0165<\/h3>\n<p>Valce s vedrom musia sp\u013a\u0148a\u0165 bezpe\u010dnostn\u00e9 normy, aby sa predi\u0161lo nehod\u00e1m. Je d\u00f4le\u017eit\u00e9 zabezpe\u010di\u0165, aby bol valec spr\u00e1vne nain\u0161talovan\u00fd a aby jeho prev\u00e1dzkov\u00e9 podmienky boli bezpe\u010dn\u00e9.<\/p>\n<h3>Udr\u017eiavate\u013enos\u0165<\/h3>\n<p>Valce kor\u010dekov vy\u017eaduj\u00fa pravideln\u00fa \u00fadr\u017ebu, aby sa zabezpe\u010dila ich dlhodob\u00e1 v\u00fdkonnos\u0165. \u00dadr\u017eba zah\u0155\u0148a pravideln\u00e9 kontroly, spr\u00e1vne mazanie, v\u00fdmenu tesnen\u00ed a kalibra\u010dn\u00e9 kontroly.<\/p>\n<p><img decoding=\"async\" src=\"https:\/\/www.hydraulic-cylinders.net\/wp-content\/uploads\/2025\/01\/songte-oil-pipes-and-spare-parts.webp\" \/><\/p>\n<h2>In\u0161tala\u010dn\u00e1 pr\u00edru\u010dka<\/h2>\n<p>Pri in\u0161tal\u00e1cii valcov s vedro je nevyhnutn\u00e9 dodr\u017eiava\u0165 spr\u00e1vne postupy, aby sa zabezpe\u010dila bezpe\u010dn\u00e1 a efekt\u00edvna prev\u00e1dzka. Tu je nieko\u013eko tipov:<\/p>\n<ul>\n<li>Spr\u00e1vne zarovnanie valca je po\u010das in\u0161tal\u00e1cie k\u013e\u00fa\u010dov\u00e9.<\/li>\n<li>Na upevnenie valca pou\u017eite vhodn\u00e9 mont\u00e1\u017ene konzoly.<\/li>\n<li>Odpor\u00fa\u010dan\u00e9 postupy kontroly, opravy a v\u00fdmeny na pred\u013a\u017eenie \u017eivotnosti valca.<\/li>\n<\/ul>\n<h2>\u00dadr\u017eba a opravy<\/h2>\n<p>Pravideln\u00e1 \u00fadr\u017eba a opravy s\u00fa nevyhnutn\u00e9 pre zabezpe\u010denie spr\u00e1vneho fungovania valca vedra. Tu s\u00fa tri be\u017en\u00e9 \u00falohy \u00fadr\u017eby:<\/p>\n<ul>\n<li>Pravidelne kontrolujte valec, \u010di nie je po\u0161koden\u00fd alebo \u010di z neho netesn\u00ed, a po\u0161koden\u00e9 komponenty ihne\u010f opravte alebo vyme\u0148te.<\/li>\n<li>Proper lubrication is essential for smooth operation. Ensure that the cylinder is correctly lubricated as per the manufacturer&#8217;s instructions.<\/li>\n<li>Pravideln\u00e1 v\u00fdmena tesnen\u00ed a kontroly kalibr\u00e1cie m\u00f4\u017eu pom\u00f4c\u0165 predch\u00e1dza\u0165 \u00fanikom a zabezpe\u010di\u0165 spr\u00e1vnu funkciu.<\/li>\n<\/ul>\n<p><img decoding=\"async\" src=\"https:\/\/www.hydraulic-cylinders.net\/wp-content\/uploads\/2025\/01\/songte-chushion-collar.webp\" \/><\/p>\n<h2>Bezpe\u010dnostn\u00e9 aspekty a faktory prostredia<\/h2>\n<p>Valce s ko\u0161\u00edkom sa musia pou\u017e\u00edva\u0165 s bezpe\u010dnostn\u00fdmi opatreniami, aby sa predi\u0161lo nehod\u00e1m. Pri pou\u017e\u00edvan\u00ed valcov s ko\u0161\u00edkom je tie\u017e d\u00f4le\u017eit\u00e9 zv\u00e1\u017ei\u0165 faktory prostredia.<\/p>\n<ul>\n<li>Follow the manufacturer&#8217;s instructions and safety guidelines when using bucket cylinders.<\/li>\n<li>Zabezpe\u010dte, aby pracovn\u00e9 prostredie bolo bezpe\u010dn\u00e9 a bez nebezpe\u010denstiev, ktor\u00e9 by mohli ovplyvni\u0165 prev\u00e1dzku valca.<\/li>\n<li>Vedrov\u00e9 valce m\u00f4\u017eu pri nespr\u00e1vnom pou\u017e\u00edvan\u00ed a likvid\u00e1cii sp\u00f4sobi\u0165 zne\u010distenie \u017eivotn\u00e9ho prostredia. Preto je nevyhnutn\u00e9 dodr\u017eiava\u0165 pr\u00edslu\u0161n\u00e9 z\u00e1kony a predpisy o ochrane \u017eivotn\u00e9ho prostredia.<\/li>\n<\/ul>\n<p><img decoding=\"async\" src=\"https:\/\/www.hydraulic-cylinders.net\/wp-content\/uploads\/2025\/01\/songte-bushings-with-all-kinds-of-excavator-models.webp\" \/><\/p>\n<h2>Rie\u0161enie probl\u00e9mov a be\u017en\u00e9 probl\u00e9my<\/h2>\n<p>Valce vedra m\u00f4\u017eu ma\u0165 probl\u00e9my, ktor\u00e9 m\u00f4\u017eu ovplyvni\u0165 ich v\u00fdkon. Tu s\u00fa niektor\u00e9 be\u017en\u00e9 probl\u00e9my:<\/p>\n<ul>\n<li>Leakage: A common issue with bucket cylinders is oil leakage, which can be caused by worn-out seals, poor installation, or damage to the cylinder&#8217;s body or rod.<\/li>\n<li>Poor performance: Bucket cylinders may not operate correctly due to damage to the cylinder&#8217;s body or rod or insufficient hydraulic oil to lubricate the cylinder.<\/li>\n<li>Noisy operation: This issue can be caused by worn-out seals, insufficient lubrication, or damage to the cylinder&#8217;s body or rod.<\/li>\n<\/ul>\n<p>Tu je nieko\u013eko tipov na vyrie\u0161enie t\u00fdchto probl\u00e9mov:<\/p>\n<ul>\n<li>Leakage: Repair or replace damaged or worn-out seals, ensure correct installation, and inspect the cylinder&#8217;s body and rod.<\/li>\n<li>Slab\u00fd v\u00fdkon: Skontrolujte valec, \u010di nie je po\u0161koden\u00fd, uistite sa, \u017ee je spr\u00e1vne namazan\u00fd a m\u00e1 dostatok hydraulick\u00e9ho oleja.<\/li>\n<li>Hlu\u010dn\u00e1 prev\u00e1dzka: Vyme\u0148te opotrebovan\u00e9 tesnenia, spr\u00e1vne ich nama\u017ete a skontrolujte valec, \u010di nie je po\u0161koden\u00fd.<\/li>\n<\/ul>\n<h2>O n\u00e1s<\/h2>\n<p>Sme v\u00fdrobcom hydraulick\u00fdch valcov, ktor\u00e9 m\u00f4\u017eu nahradi\u0165 hydraulick\u00e9 valce. Na\u0161a spolo\u010dnos\u0165 m\u00e1 kompletn\u00fd sortiment produktov, v\u010faka \u010domu je jedn\u00fdm z popredn\u00fdch v\u00fdrobcov a ve\u013ekoobchodn\u00fdch distrib\u00fatorov hydraulick\u00fdch valcov na dom\u00e1com aj zahrani\u010dnom trhu. Riadime sa z\u00e1sadami vynikaj\u00facej kvality, spoliehame sa na strat\u00e9giu riadenia priemyselnej v\u00fdroby v prepracovanej v\u00fdrobnej dielni a neust\u00e1le zlep\u0161ujeme v\u00fdrobn\u00fa platformu dielne prostredn\u00edctvom technologick\u00fdch talentov, digit\u00e1lnych \u0161pi\u010dkov\u00fdch v\u00fdrobn\u00fdch zariaden\u00ed a profesion\u00e1lnych testovac\u00edch syst\u00e9mov. Disponujeme siln\u00fdmi kreat\u00edvnymi schopnos\u0165ami a princ\u00edpmi efekt\u00edvnosti, presnosti a kvality, aby sme uspokojili rozmanit\u00e9 potreby z\u00e1kazn\u00edkov.<\/p>\n<p>Tu s\u00fa \u010fal\u0161ie inform\u00e1cie o na\u0161ej spolo\u010dnosti:<\/p>\n<ul>\n<li>Profesionalita: M\u00e1me t\u00edm profesion\u00e1lnych in\u017einierov a technikov, ktor\u00ed sa venuj\u00fa v\u00fdrobe vysoko kvalitn\u00fdch hydraulick\u00fdch valcov.<\/li>\n<li>Medzin\u00e1rodn\u00e1 certifik\u00e1cia: Na\u0161e v\u00fdrobky pre\u0161li medzin\u00e1rodnou certifik\u00e1ciou a sp\u013a\u0148aj\u00fa glob\u00e1lne \u0161tandardy kvality.<\/li>\n<li>Prisp\u00f4sobenie: Pon\u00fakame slu\u017eby na mieru, aby sme splnili jedine\u010dn\u00e9 potreby na\u0161ich z\u00e1kazn\u00edkov.<\/li>\n<li>V\u00fdrobn\u00e9 zariadenia: Na v\u00fdrobu vysoko kvalitn\u00fdch hydraulick\u00fdch valcov pou\u017e\u00edvame modern\u00e9 v\u00fdrobn\u00e9 zariadenia vr\u00e1tane CNC strojov.<\/li>\n<li>Popredajn\u00fd servis: Poskytujeme popredajn\u00fd servis s cie\u013eom zabezpe\u010di\u0165 spokojnos\u0165 z\u00e1kazn\u00edkov a udr\u017eiava\u0165 dlhodob\u00e9 vz\u0165ahy s na\u0161imi z\u00e1kazn\u00edkmi.<\/li>\n<\/ul>\n<p><img decoding=\"async\" src=\"https:\/\/hzpt.com\/wp-content\/uploads\/2024\/11\/songte-company-1.webp\" \/><\/p>\n<h4>Autor: lyl<\/h4>","protected":false},"excerpt":{"rendered":"<p>Bucket Cylinder For XCMG Middle Excavator XE215CA Introduction A bucket cylinder is a specially designed hydraulic cylinder primarily used to control the movement of buckets in heavy machinery such as excavators, backhoe excavators, and front loaders. Its primary function is to enable the bucket to lift, lower, and tilt, making it easier to handle various [&hellip;]<\/p>","protected":false},"featured_media":14778,"comment_status":"open","ping_status":"closed","template":"","meta":{"_et_pb_use_builder":"","_et_pb_old_content":"","_et_gb_content_width":""},"product_brand":[],"product_cat":[1494],"product_tag":[1495,1496],"class_list":{"0":"post-15469","1":"product","2":"type-product","3":"status-publish","4":"has-post-thumbnail","6":"product_cat-bucket-cylinders","7":"product_tag-bucket-cylinders","8":"product_tag-hydraulic-cylinders","10":"first","11":"instock","12":"shipping-taxable","13":"product-type-simple"},"amp_enabled":true,"_links":{"self":[{"href":"https:\/\/www.hydraulic-cylinders.net\/sk\/wp-json\/wp\/v2\/product\/15469","targetHints":{"allow":["GET"]}}],"collection":[{"href":"https:\/\/www.hydraulic-cylinders.net\/sk\/wp-json\/wp\/v2\/product"}],"about":[{"href":"https:\/\/www.hydraulic-cylinders.net\/sk\/wp-json\/wp\/v2\/types\/product"}],"replies":[{"embeddable":true,"href":"https:\/\/www.hydraulic-cylinders.net\/sk\/wp-json\/wp\/v2\/comments?post=15469"}],"wp:featuredmedia":[{"embeddable":true,"href":"https:\/\/www.hydraulic-cylinders.net\/sk\/wp-json\/wp\/v2\/media\/14778"}],"wp:attachment":[{"href":"https:\/\/www.hydraulic-cylinders.net\/sk\/wp-json\/wp\/v2\/media?parent=15469"}],"wp:term":[{"taxonomy":"product_brand","embeddable":true,"href":"https:\/\/www.hydraulic-cylinders.net\/sk\/wp-json\/wp\/v2\/product_brand?post=15469"},{"taxonomy":"product_cat","embeddable":true,"href":"https:\/\/www.hydraulic-cylinders.net\/sk\/wp-json\/wp\/v2\/product_cat?post=15469"},{"taxonomy":"product_tag","embeddable":true,"href":"https:\/\/www.hydraulic-cylinders.net\/sk\/wp-json\/wp\/v2\/product_tag?post=15469"}],"curies":[{"name":"pracovn\u00fd list","href":"https:\/\/api.w.org\/{rel}","templated":true}]}}