{"id":15471,"date":"2025-01-19T14:34:17","date_gmt":"2025-01-19T14:34:17","guid":{"rendered":"https:\/\/www.hydraulic-cylinders.net\/product\/bucket-cylinder-for-xcmg-middle-excavator-xe240\/"},"modified":"2025-01-19T14:34:19","modified_gmt":"2025-01-19T14:34:19","slug":"bucket-cylinder-for-xcmg-middle-excavator-xe240","status":"publish","type":"product","link":"https:\/\/www.hydraulic-cylinders.net\/sk\/produkt\/bucket-cylinder-for-xcmg-middle-excavator-xe240\/","title":{"rendered":"Valec vedra pre stredn\u00e9 r\u00fdpadlo XCMG XE240"},"content":{"rendered":"<h1> Valec vedra pre stredn\u00e9 r\u00fdpadlo XCMG XE240 <\/h1>\n<h2>\u00davod<\/h2>\n<p>Hydraulick\u00fd valec ly\u017eice pre stredn\u00e9 r\u00fdpadlo XCMG XE240 je \u0161peci\u00e1lne navrhnut\u00fd hydraulick\u00fd valec pou\u017e\u00edvan\u00fd na ovl\u00e1danie pohybu ly\u017eice v \u0165a\u017ek\u00fdch strojoch, ako s\u00fa r\u00fdpadl\u00e1, r\u00fdpadl\u00e1-naklada\u010de a \u010deln\u00e9 naklada\u010de. Jeho hlavnou funkciou je umo\u017eni\u0165 zdv\u00edhanie, sp\u00fa\u0161\u0165anie a nakl\u00e1\u0148anie ly\u017eice, v\u010faka \u010domu je ide\u00e1lny pre r\u00f4zne \u00falohy manipul\u00e1cie s materi\u00e1lom. V hydraulickom syst\u00e9me dosahuje valec ly\u017eice presn\u00e9 ovl\u00e1danie ly\u017eice prostredn\u00edctvom zmien tlaku hydraulick\u00e9ho oleja, \u010do umo\u017e\u0148uje obsluhe efekt\u00edvne manipulova\u0165 s \u0165a\u017ek\u00fdmi bremenami a prisp\u00f4sobi\u0165 sa zlo\u017eit\u00fdm pracovn\u00fdm prostrediam a r\u00f4znorod\u00fdm prev\u00e1dzkov\u00fdm po\u017eiadavk\u00e1m.<\/p>\n<p><img decoding=\"async\" src=\"https:\/\/www.hydraulic-cylinders.net\/wp-content\/uploads\/2025\/01\/songte-company-2.webp\" alt=\"Valec vedra\" \/><\/p>\n<h2>Funkcie<\/h2>\n<ul>\n<li>Vysok\u00e1 pevnos\u0165 a odolnos\u0165: Zvy\u010dajne vyroben\u00fd z vysokopevnostnej ocele alebo hlin\u00edka, odol\u00e1 vysok\u00e9mu tlaku a \u0165a\u017ek\u00fdm za\u0165a\u017eeniam, prisp\u00f4sob\u00ed sa n\u00e1ro\u010dn\u00fdm pracovn\u00fdm podmienkam a je navrhnut\u00fd s oh\u013eadom na odolnos\u0165 vo\u010di opotrebovaniu a kor\u00f3zii, \u010d\u00edm sa predl\u017euje jeho \u017eivotnos\u0165.<\/li>\n<li>Efekt\u00edvna hydraulick\u00e1 prev\u00e1dzka: Vyu\u017e\u00edva tlak hydraulick\u00e9ho oleja na dosiahnutie plynul\u00e9ho vys\u00favania a s\u0165ahovania, \u010d\u00edm poskytuje siln\u00fa tla\u010dn\u00fa a \u0165a\u017en\u00fa silu, vhodn\u00fa na manipul\u00e1ciu s \u0165a\u017ek\u00fdmi bremenami a zlo\u017eit\u00e9 prev\u00e1dzkov\u00e9 \u00falohy.<\/li>\n<li>R\u00f4zne typy: Mo\u017eno ich vybra\u0165 pod\u013ea potrieb jedno\u010dinn\u00fdch (s hydraulikou iba v jednom smere) alebo dvoj\u010dinn\u00fdch (s hydraulikou v oboch smeroch) valcov, aby sa splnili r\u00f4zne prev\u00e1dzkov\u00e9 potreby. Niektor\u00e9 modely s\u00fa teleskopick\u00e9, \u010do umo\u017e\u0148uje v\u00e4\u010d\u0161ie vysunutie bez zv\u00e4\u010d\u0161enia vonkaj\u0161\u00edch rozmerov, vhodn\u00e9 pre aplik\u00e1cie s obmedzen\u00fdm priestorom.<\/li>\n<li>Dokonal\u00e1 n\u00e1hrada za hydraulick\u00e9 valce: Na\u0161e produkty dok\u00e1\u017eu dokonale nahradi\u0165 tieto hydraulick\u00e9 valce, \u010d\u00edm sa u\u0161etria n\u00e1klady a zv\u00fd\u0161i efektivita.<\/li>\n<li>Customizable: Can be customized according to the customer&#8217;s requirements to meet specific operational needs.<\/li>\n<\/ul>\n<p><img decoding=\"async\" src=\"https:\/\/www.hydraulic-cylinders.net\/wp-content\/uploads\/2025\/01\/songte-cylinder-head-with-all-kinds-excavator-models.webp\" alt=\"Modely valcov s vedrom\" \/><\/p>\n<h2>Aplik\u00e1cie<\/h2>\n<p>Valce s ko\u0161\u00edkom sa be\u017ene pou\u017e\u00edvaj\u00fa v r\u00f4znych oblastiach a aplik\u00e1ci\u00e1ch, ako napr\u00edklad:<\/p>\n<h3>Stavebn\u00e9 stroje<\/h3>\n<p>V bagroch s\u00fa nevyhnutn\u00e9 na kopanie, nakladanie a premiest\u0148ovanie zeminy alebo sutiny. V r\u00fdpadlo-naklada\u010doch pom\u00e1ha valec ly\u017eice pri kopan\u00ed aj zdv\u00edhan\u00ed. V \u010deln\u00fdch naklada\u010doch pom\u00e1haj\u00fa pri efekt\u00edvnom zdv\u00edhan\u00ed a vykladan\u00ed tovaru.<\/p>\n<h3>Po\u013enohospod\u00e1rske stroje<\/h3>\n<p>Pou\u017e\u00edva sa v \u010deln\u00fdch naklada\u010doch na naberanie, zdv\u00edhanie a prepravu zeminy, sena a in\u00fdch materi\u00e1lov. V r\u00fdpadl\u00e1ch valec ly\u017eice dosahuje kopac\u00ed \u00fa\u010dinok t\u00fdm, \u017ee umo\u017e\u0148uje ly\u017eici prenikn\u00fa\u0165 do p\u00f4dy. Valec tie\u017e pom\u00e1ha pri nakl\u00e1\u0148an\u00ed a vykl\u00e1pan\u00ed v \u010deln\u00fdch naklada\u010doch, \u010d\u00edm sa zvy\u0161uje ich \u00fa\u010dinnos\u0165.<\/p>\n<h2>\u00davahy o dizajne a krit\u00e9ri\u00e1 v\u00fdberu<\/h2>\n<p>Medzi kon\u0161truk\u010dn\u00e9 aspekty kor\u010dekov\u00fdch valcov patr\u00ed nosnos\u0165, tesnos\u0165, trvanlivos\u0165, bezpe\u010dnos\u0165 a \u00fadr\u017eba. Medzi k\u013e\u00fa\u010dov\u00e9 kon\u0161truk\u010dn\u00e9 aspekty a krit\u00e9ri\u00e1 v\u00fdberu patria:<\/p>\n<ul>\n<li>\n<h3>Nosnos\u0165:<\/h3>\n<p> Valec by mal by\u0165 vyroben\u00fd z vysokopevnostn\u00fdch materi\u00e1lov, aby odolal vysok\u00e9mu tlaku a \u0165a\u017ek\u00fdm za\u0165a\u017eeniam potrebn\u00fdm pre r\u00f4zne aplik\u00e1cie.<\/li>\n<li>\n<h3>Tesnenie:<\/h3>\n<p> Na zabezpe\u010denie toho, aby hydraulick\u00e1 kvapalina neunikala z valca, sa pou\u017e\u00edva mno\u017estvo tesnen\u00ed, ako napr\u00edklad tesnenia piestov a tesnenia ty\u010d\u00ed.<\/li>\n<li>\n<h3>Trvanlivos\u0165:<\/h3>\n<p> Valec by mal by\u0165 navrhnut\u00fd tak, aby odol\u00e1val opotrebovaniu a kor\u00f3zii, aby sa pred\u013a\u017eila jeho \u017eivotnos\u0165.<\/li>\n<li>\n<h3>Bezpe\u010dnos\u0165:<\/h3>\n<p> Valec by mal by\u0165 navrhnut\u00fd tak, aby zabezpe\u010doval bezpe\u010dn\u00fa prev\u00e1dzku, napr\u00edklad pou\u017eit\u00edm tlmi\u010dov na zn\u00ed\u017eenie n\u00e1razu a zahrnut\u00edm poistn\u00fdch ventilov na zabr\u00e1nenie pre\u0165a\u017eeniu.<\/li>\n<li>\n<h3>Udr\u017eiavate\u013enos\u0165:<\/h3>\n<p> Valec by mal by\u0165 navrhnut\u00fd s oh\u013eadom na jednoduch\u00fa \u00fadr\u017ebu, ako je jednoduch\u00e1 demont\u00e1\u017e a op\u00e4tovn\u00e1 mont\u00e1\u017e a pou\u017eitie \u013eahko vymenite\u013en\u00fdch dielov.<\/li>\n<\/ul>\n<p><img decoding=\"async\" src=\"https:\/\/www.hydraulic-cylinders.net\/wp-content\/uploads\/2025\/01\/songte-oil-pipes-and-spare-parts.webp\" alt=\"\u010casti valca vedra\" \/><\/p>\n<h2>Tesnenie a mazanie<\/h2>\n<p>Valec kor\u010deka pou\u017e\u00edva r\u00f4zne tesnenia, ako s\u00fa tesnenia piestov a tesnenia ty\u010d\u00ed, aby sa zabezpe\u010dilo, \u017ee hydraulick\u00e1 kvapalina neunikne. Tesnenia s\u00fa zvy\u010dajne vyroben\u00e9 z materi\u00e1lov odoln\u00fdch proti opotrebovaniu, ako je polyuret\u00e1n a nitrilov\u00fd kau\u010duk. Teleso valca a z\u00e1vitov\u00e9 koncov\u00e9 povrchy s\u00fa jemne o\u0161etren\u00e9, aby sa zlep\u0161ila odolnos\u0165 proti opotrebovaniu. Valec vy\u017eaduje pravideln\u00e9 mazanie hydraulick\u00fdm olejom, aby sa zabezpe\u010dila hladk\u00e1 prev\u00e1dzka a zabr\u00e1nilo sa opotrebovaniu.<\/p>\n<h2>\u00dadr\u017eba a opravy<\/h2>\n<p>Valec vedra vy\u017eaduje pravideln\u00fa \u00fadr\u017ebu, aby sa zabezpe\u010dil optim\u00e1lny v\u00fdkon a dlh\u0161ia \u017eivotnos\u0165. Medzi be\u017en\u00e9 \u00falohy \u00fadr\u017eby patria:<\/p>\n<ul>\n<li>Pravideln\u00e1 kontrola: Skontrolujte valec, \u010di nete\u010die, nie je opotrebovan\u00fd a \u010di nejav\u00ed zn\u00e1mky po\u0161kodenia.<\/li>\n<li>Spr\u00e1vne mazanie: Valec pravidelne nama\u017ete pr\u00edslu\u0161n\u00fdm mno\u017estvom hydraulick\u00e9ho oleja.<\/li>\n<li>V\u00fdmena tesnenia: Vyme\u0148te opotrebovan\u00e9 alebo po\u0161koden\u00e9 tesnenia, aby ste predi\u0161li \u00fanikom a zabezpe\u010dili hladk\u00fd chod.<\/li>\n<li>Kontrola kalibr\u00e1cie: Skontrolujte spr\u00e1vnu kalibr\u00e1ciu valca, aby ste zabezpe\u010dili presn\u00fa prev\u00e1dzku.<\/li>\n<\/ul>\n<p><img decoding=\"async\" src=\"https:\/\/www.hydraulic-cylinders.net\/wp-content\/uploads\/2025\/01\/songte-chushion-collar.webp\" alt=\"Obj\u00edmka valca vedra\" \/><\/p>\n<h2>Bezpe\u010dnostn\u00e9 aspekty a faktory prostredia<\/h2>\n<p>Pri pou\u017e\u00edvan\u00ed valca s vedrom je d\u00f4le\u017eit\u00e9 dodr\u017eiava\u0165 bezpe\u010dnostn\u00e9 opatrenia, aby sa predi\u0161lo nehod\u00e1m a zraneniam. Bezpe\u010dnostn\u00e9 opatrenia zah\u0155\u0148aj\u00fa spr\u00e1vnu in\u0161tal\u00e1ciu, pou\u017e\u00edvanie osobn\u00fdch ochrann\u00fdch prostriedkov a primeran\u00e9 \u0161kolenie obsluhy. Je tie\u017e d\u00f4le\u017eit\u00e9 zv\u00e1\u017ei\u0165 faktory prostredia, ako je spr\u00e1vna likvid\u00e1cia hydraulickej kvapaliny a minimaliz\u00e1cia vplyvu na \u017eivotn\u00e9 prostredie.<\/p>\n<h2>Rie\u0161enie probl\u00e9mov a be\u017en\u00e9 probl\u00e9my<\/h2>\n<p>Medzi be\u017en\u00e9 probl\u00e9my s valcami vediek patria netesnosti, opotrebovanie a po\u0161kodenie. Ak sa vyskytne niektor\u00fd z t\u00fdchto probl\u00e9mov, je d\u00f4le\u017eit\u00e9 ho okam\u017eite diagnostikova\u0165 a opravi\u0165, aby sa predi\u0161lo \u010fal\u0161iemu po\u0161kodeniu. Tipy na rie\u0161enie probl\u00e9mov a ich rie\u0161enia zah\u0155\u0148aj\u00fa:<\/p>\n<ul>\n<li>Netesn\u00fd valec: Skontrolujte tesnenia a v pr\u00edpade potreby ich vyme\u0148te.<\/li>\n<li>Valec sa nevys\u00fava ani nezas\u00fava: Skontrolujte hladinu a tlak hydraulickej kvapaliny a v pr\u00edpade potreby vyme\u0148te po\u0161koden\u00e9 diely.<\/li>\n<li>Nadmern\u00fd hluk alebo vibr\u00e1cie: Skontrolujte, \u010di nie s\u00fa uvo\u013enen\u00e9 alebo po\u0161koden\u00e9 diely, a v pr\u00edpade potreby ich vyme\u0148te.<\/li>\n<\/ul>\n<p><img decoding=\"async\" src=\"https:\/\/www.hydraulic-cylinders.net\/wp-content\/uploads\/2025\/01\/songte-bushings-with-all-kinds-of-excavator-models.webp\" alt=\"Puzdr\u00e1 valcov vedra\" \/><\/p>\n<h2>O na\u0161ej spolo\u010dnosti<\/h2>\n<p>Sme v\u00fdrobcom n\u00e1hradn\u00fdch hydraulick\u00fdch valcov so \u0161irokou \u0161k\u00e1lou produktov a stali sme sa jedn\u00fdm z popredn\u00fdch v\u00fdrobcov a ve\u013ekoobchodn\u00fdch distrib\u00fatorov hydraulick\u00fdch valcov na dom\u00e1com aj medzin\u00e1rodnom trhu. Riadime sa princ\u00edpmi excelentnosti a spoliehame sa na industrializovan\u00e9 strat\u00e9gie riadenia v\u00fdroby v prec\u00edznych v\u00fdrobn\u00fdch diel\u0148ach. Na\u0161a spolo\u010dnos\u0165 neust\u00e1le zlep\u0161uje v\u00fdrobn\u00fa platformu prostredn\u00edctvom aplik\u00e1cie technologick\u00fdch talentov, digit\u00e1lnych \u0161pi\u010dkov\u00fdch v\u00fdrobn\u00fdch zariaden\u00ed a profesion\u00e1lnych testovac\u00edch syst\u00e9mov. Disponujeme siln\u00fdmi v\u00fdrobn\u00fdmi kapacitami a poskytujeme efekt\u00edvne, vysoko presn\u00e9 a kvalitn\u00e9 produkty, ktor\u00e9 sp\u013a\u0148aj\u00fa rozmanit\u00e9 potreby na\u0161ich z\u00e1kazn\u00edkov.<\/p>\n<p>Na\u0161a spolo\u010dnos\u0165 pon\u00faka profesion\u00e1lnu medzin\u00e1rodn\u00fa certifik\u00e1ciu, slu\u017eby na mieru, v\u00fdrobn\u00e9 zariadenia a popredajn\u00fd servis. Zaviazali sme sa poskytova\u0165 na\u0161im z\u00e1kazn\u00edkom vysoko kvalitn\u00e9 produkty a slu\u017eby.<\/p>\n<p><img decoding=\"async\" src=\"https:\/\/www.hydraulic-cylinders.net\/wp-content\/uploads\/2025\/01\/songte-company-3.webp\" alt=\"Obr\u00e1zok spolo\u010dnosti\" \/><\/p>\n<p>Autor lyl.<\/p>","protected":false},"excerpt":{"rendered":"<p>Bucket Cylinder For XCMG Middle Excavator XE240 Introduction The bucket cylinder for XCMG middle excavator XE240 is a specially designed hydraulic cylinder used to control the movement of the bucket in heavy machinery such as excavators, backhoe excavators, and front-end loaders. Its main function is to enable the bucket to lift, lower, and tilt, making [&hellip;]<\/p>","protected":false},"featured_media":14773,"comment_status":"open","ping_status":"closed","template":"","meta":{"_et_pb_use_builder":"","_et_pb_old_content":"","_et_gb_content_width":""},"product_brand":[],"product_cat":[1494],"product_tag":[1495,1496],"class_list":{"0":"post-15471","1":"product","2":"type-product","3":"status-publish","4":"has-post-thumbnail","6":"product_cat-bucket-cylinders","7":"product_tag-bucket-cylinders","8":"product_tag-hydraulic-cylinders","10":"first","11":"instock","12":"shipping-taxable","13":"product-type-simple"},"amp_enabled":true,"_links":{"self":[{"href":"https:\/\/www.hydraulic-cylinders.net\/sk\/wp-json\/wp\/v2\/product\/15471","targetHints":{"allow":["GET"]}}],"collection":[{"href":"https:\/\/www.hydraulic-cylinders.net\/sk\/wp-json\/wp\/v2\/product"}],"about":[{"href":"https:\/\/www.hydraulic-cylinders.net\/sk\/wp-json\/wp\/v2\/types\/product"}],"replies":[{"embeddable":true,"href":"https:\/\/www.hydraulic-cylinders.net\/sk\/wp-json\/wp\/v2\/comments?post=15471"}],"wp:featuredmedia":[{"embeddable":true,"href":"https:\/\/www.hydraulic-cylinders.net\/sk\/wp-json\/wp\/v2\/media\/14773"}],"wp:attachment":[{"href":"https:\/\/www.hydraulic-cylinders.net\/sk\/wp-json\/wp\/v2\/media?parent=15471"}],"wp:term":[{"taxonomy":"product_brand","embeddable":true,"href":"https:\/\/www.hydraulic-cylinders.net\/sk\/wp-json\/wp\/v2\/product_brand?post=15471"},{"taxonomy":"product_cat","embeddable":true,"href":"https:\/\/www.hydraulic-cylinders.net\/sk\/wp-json\/wp\/v2\/product_cat?post=15471"},{"taxonomy":"product_tag","embeddable":true,"href":"https:\/\/www.hydraulic-cylinders.net\/sk\/wp-json\/wp\/v2\/product_tag?post=15471"}],"curies":[{"name":"pracovn\u00fd list","href":"https:\/\/api.w.org\/{rel}","templated":true}]}}