{"id":15486,"date":"2025-01-19T14:35:24","date_gmt":"2025-01-19T14:35:24","guid":{"rendered":"https:\/\/www.hydraulic-cylinders.net\/product\/bucket-cylinder-for-xcmg-large-excavator-xe490ck\/"},"modified":"2025-01-19T14:35:26","modified_gmt":"2025-01-19T14:35:26","slug":"bucket-cylinder-for-xcmg-large-excavator-xe490ck","status":"publish","type":"product","link":"https:\/\/www.hydraulic-cylinders.net\/sk\/produkt\/bucket-cylinder-for-xcmg-large-excavator-xe490ck\/","title":{"rendered":"Valec vedra pre ve\u013ek\u00e9 r\u00fdpadlo XCMG XE490CK"},"content":{"rendered":"<h1>Valec vedra pre ve\u013ek\u00e9 r\u00fdpadlo XCMG XE490CK<\/h1>\n<h2>\u00davod<\/h2>\n<h3>Defin\u00edcia valca vedra<\/h3>\n<p>Hydraulick\u00fd valec ly\u017eice je \u0161peci\u00e1lne navrhnut\u00fd hydraulick\u00fd valec, ktor\u00fd sa pou\u017e\u00edva hlavne na ovl\u00e1danie pohybu ly\u017e\u00edc v \u0165a\u017ek\u00fdch strojoch, ako s\u00fa bagre, r\u00fdpadl\u00e1-naklada\u010de a \u010deln\u00e9 naklada\u010de. Jeho hlavnou funkciou je umo\u017eni\u0165 zdv\u00edhanie, sp\u00fa\u0161\u0165anie a nakl\u00e1\u0148anie ly\u017eice, \u010do u\u013eah\u010duje vykon\u00e1vanie r\u00f4znych \u00faloh manipul\u00e1cie s materi\u00e1lom. V hydraulickom syst\u00e9me dosahuje valec ly\u017eice presn\u00e9 ovl\u00e1danie ly\u017eice prostredn\u00edctvom zmien tlaku hydraulick\u00e9ho oleja, \u010do umo\u017e\u0148uje obsluhe efekt\u00edvne manipulova\u0165 s \u0165a\u017ek\u00fdmi bremenami a prisp\u00f4sobova\u0165 sa zlo\u017eit\u00fdm pracovn\u00fdm prostrediam a r\u00f4znym prev\u00e1dzkov\u00fdm po\u017eiadavk\u00e1m.<\/p>\n<p><img decoding=\"async\" src=\"https:\/\/www.hydraulic-cylinders.net\/wp-content\/uploads\/2025\/01\/songte-company-2.webp\" alt=\"Valec vedra\"><\/p>\n<h3>Funkcie<\/h3>\n<ul>\n<li>Vysok\u00e1 pevnos\u0165 a odolnos\u0165: Zvy\u010dajne je vyroben\u00fd z vysokopevnostnej ocele alebo hlin\u00edka, odol\u00e1 vysok\u00e9mu tlaku a \u0165a\u017ek\u00fdm za\u0165a\u017eeniam, prisp\u00f4sob\u00ed sa n\u00e1ro\u010dn\u00fdm pracovn\u00fdm podmienkam a je navrhnut\u00fd s oh\u013eadom na odolnos\u0165 vo\u010di opotrebovaniu a kor\u00f3zii, \u010d\u00edm sa predl\u017euje jeho \u017eivotnos\u0165.<\/li>\n<li>Efekt\u00edvne hydraulick\u00e9 oper\u00e1cie: Plynul\u00e9 vys\u00favanie a zas\u00favanie sa dosahuje pomocou tlaku hydraulick\u00e9ho oleja, ktor\u00fd dok\u00e1\u017ee r\u00fdchlo reagova\u0165 na ovl\u00e1dacie povely a poskytova\u0165 siln\u00e9 tla\u010dn\u00e9 a \u0165a\u017en\u00e9 sily, v\u010faka \u010domu je vhodn\u00fd na manipul\u00e1ciu s \u0165a\u017ek\u00fdmi bremenami a zlo\u017eit\u00e9 prev\u00e1dzkov\u00e9 \u00falohy.<\/li>\n<li>R\u00f4zne typy: Pod\u013ea potreby je mo\u017en\u00e9 zvoli\u0165 jedno\u010dinn\u00e9 (hydraulick\u00fd pohon sa pou\u017e\u00edva iba v jednom smere) alebo dvoj\u010dinn\u00e9 (hydraulick\u00fd pohon sa pou\u017e\u00edva v oboch smeroch) valce, aby sa splnili r\u00f4zne prev\u00e1dzkov\u00e9 potreby. Niektor\u00e9 modely s\u00fa teleskopick\u00e9, \u010do umo\u017e\u0148uje v\u00e4\u010d\u0161ie vysunutie bez zv\u00e4\u010d\u0161enia vonkaj\u0161\u00edch rozmerov, v\u010faka \u010domu s\u00fa vhodn\u00e9 pre aplik\u00e1cie s obmedzen\u00fdm priestorom.<\/li>\n<li>Vymenite\u013en\u00e9: Na\u0161e produkty dok\u00e1\u017eu dokonale nahradi\u0165 tieto hydraulick\u00e9 valce.<\/li>\n<li>Prisp\u00f4sobite\u013en\u00e9: Na\u0161e produkty je mo\u017en\u00e9 prisp\u00f4sobi\u0165 pod\u013ea po\u017eiadaviek z\u00e1kazn\u00edka, aby sp\u013a\u0148ali jeho \u0161pecifick\u00e9 potreby.<\/li>\n<\/ul>\n<p><img decoding=\"async\" src=\"https:\/\/www.hydraulic-cylinders.net\/wp-content\/uploads\/2025\/01\/songte-cylinder-head-with-all-kinds-excavator-models.webp\" alt=\"Prisp\u00f4sobite\u013en\u00fd vedrov\u00fd valec\"><\/p>\n<h3>Aplik\u00e1cie<\/h3>\n<p>Valce s ko\u0161\u00edkom sa \u0161iroko pou\u017e\u00edvaj\u00fa v r\u00f4znych odvetviach, vr\u00e1tane:<\/p>\n<h4>Stavebn\u00e9 stroje<\/h4>\n<p>V bagroch s\u00fa nevyhnutn\u00e9 na kopanie, nakladanie a premiest\u0148ovanie zeminy alebo sutiny. V r\u00fdpadlo-naklada\u010doch pom\u00e1ha valec kor\u010deka pri v\u00fdkopov\u00fdch pr\u00e1cach aj zdv\u00edhan\u00ed. V \u010deln\u00fdch naklada\u010doch pom\u00e1haj\u00fa pri efekt\u00edvnom zdv\u00edhan\u00ed a vykladan\u00ed n\u00e1kladu.<\/p>\n<h4>Po\u013enohospod\u00e1rske stroje<\/h4>\n<p>Pou\u017e\u00edva sa v \u010deln\u00fdch naklada\u010doch na naberanie, zdv\u00edhanie a prepravu zeminy, sena a in\u00fdch materi\u00e1lov. V r\u00fdpadl\u00e1ch umo\u017e\u0148uje valec ly\u017eice kopanie t\u00fdm, \u017ee umo\u017e\u0148uje ly\u017eici prenikn\u00fa\u0165 do p\u00f4dy.<\/p>\n<h4>In\u00e9 aplik\u00e1cie<\/h4>\n<p>Valce s ko\u0161\u00edkom sa pou\u017e\u00edvaj\u00fa aj v in\u00fdch aplik\u00e1ci\u00e1ch, ako je ban\u00edctvo, lesn\u00edctvo a odpadov\u00e9 hospod\u00e1rstvo.<\/p>\n<h3>\u00davahy o dizajne a krit\u00e9ri\u00e1 v\u00fdberu<\/h3>\n<h4>Nosnos\u0165<\/h4>\n<p>Nosnos\u0165 valca vedra je k\u013e\u00fa\u010dov\u00fdm faktorom. Mal by by\u0165 schopn\u00fd zvl\u00e1dnu\u0165 hmotnos\u0165 zdv\u00edhan\u00e9ho materi\u00e1lu bez toho, aby sp\u00f4sobil poruchu alebo trval\u00fa deform\u00e1ciu.<\/p>\n<h4>Tesnenie a mazanie<\/h4>\n<p>Tesnenie a mazanie s\u00fa nevyhnutn\u00e9 pre spr\u00e1vnu prev\u00e1dzku a \u00fadr\u017ebu valca s kore\u010dkou. Na zabr\u00e1nenie \u00faniku sa pou\u017e\u00edvaj\u00fa r\u00f4zne tesniace komponenty, ako s\u00fa tesnenia piestov a tesnenia ty\u010d\u00ed. Pravideln\u00e9 mazanie hydraulick\u00fdm olejom je potrebn\u00e9 na zn\u00ed\u017eenie opotrebenia a pred\u013a\u017eenie \u017eivotnosti valca.<\/p>\n<h4>Trvanlivos\u0165 a \u00fadr\u017eba<\/h4>\n<p>Valec vedra by mal by\u0165 schopn\u00fd odola\u0165 n\u00e1ro\u010dn\u00e9mu pracovn\u00e9mu prostrediu a \u010dast\u00e9mu pou\u017e\u00edvaniu. Mal by sa da\u0165 \u013eahko udr\u017eiava\u0165 a opravova\u0165, aby sa minimalizovali prestoje.<\/p>\n<p><img decoding=\"async\" src=\"https:\/\/www.hydraulic-cylinders.net\/wp-content\/uploads\/2025\/01\/songte-oil-pipes-and-spare-parts.webp\" alt=\"\u010casti valca vedra\"><\/p>\n<h3>\u00dadr\u017eba<\/h3>\n<p>Spr\u00e1vna \u00fadr\u017eba je nevyhnutn\u00e1 pre zabezpe\u010denie dlhej \u017eivotnosti a spo\u013eahlivej prev\u00e1dzky valca vedra. Pravideln\u00e9 \u00fadr\u017eb\u00e1rske \u00falohy zah\u0155\u0148aj\u00fa:<\/p>\n<ul>\n<li>Skontrolujte netesnosti a in\u00e9 zn\u00e1mky opotrebovania<\/li>\n<li>Pravideln\u00e9 mazanie<\/li>\n<li>V\u00fdmena tesnenia<\/li>\n<li>Kalibra\u010dn\u00e9 kontroly<\/li>\n<\/ul>\n<p><img decoding=\"async\" src=\"https:\/\/www.hydraulic-cylinders.net\/wp-content\/uploads\/2025\/01\/songte-chushion-collar.webp\" alt=\"Obojok Chushion\"><\/p>\n<h3>Bezpe\u010dnostn\u00e9 a environment\u00e1lne aspekty<\/h3>\n<p>Valce s ko\u0161\u00edkom pracuj\u00fa pod vysok\u00fdm tlakom a \u0165a\u017ek\u00fdm za\u0165a\u017een\u00edm, preto je pri ich in\u0161tal\u00e1cii, prev\u00e1dzke a \u00fadr\u017ebe nevyhnutn\u00e9 dodr\u017eiava\u0165 spr\u00e1vne bezpe\u010dnostn\u00e9 postupy. Obsluha by mala nosi\u0165 vhodn\u00e9 ochrann\u00e9 prostriedky a mala by dodr\u017eiava\u0165 v\u0161etky bezpe\u010dnostn\u00e9 opatrenia, aby sa predi\u0161lo nehod\u00e1m.<\/p>\n<h3>Be\u017en\u00e9 probl\u00e9my a ich rie\u0161enie<\/h3>\n<p>Medzi be\u017en\u00e9 probl\u00e9my s valcami vedra patr\u00ed netesnos\u0165, nespr\u00e1vna prev\u00e1dzka a nespr\u00e1vne vys\u00favanie alebo zas\u00favanie. Rie\u0161enie probl\u00e9mov zah\u0155\u0148a identifik\u00e1ciu pr\u00ed\u010diny probl\u00e9mu a prijatie n\u00e1pravn\u00fdch opatren\u00ed, ako je v\u00fdmena po\u0161koden\u00fdch tesnen\u00ed alebo in\u00fdch komponentov.<\/p>\n<p><img decoding=\"async\" src=\"https:\/\/www.hydraulic-cylinders.net\/wp-content\/uploads\/2025\/01\/songte-bushings-with-all-kinds-of-excavator-models.webp\" alt=\"Puzdr\u00e1 valcov vedra\"><\/p>\n<h2>O n\u00e1s<\/h2>\n<p>Sme popredn\u00fdm v\u00fdrobcom a ve\u013ekoobchodn\u00edkom hydraulick\u00fdch valcov na dom\u00e1com aj medzin\u00e1rodnom trhu. Na\u0161e produkty s\u00fa rozmanit\u00e9 a komplexn\u00e9 a dodr\u017eiavame z\u00e1sady vynikaj\u00facej kvality a efekt\u00edvneho riadenia v\u00fdroby.<\/p>\n<h3>Profesionalita<\/h3>\n<p>Na\u0161e produkty s\u00fa navrhnut\u00e9 a vyroben\u00e9 t\u00edmom sk\u00fasen\u00fdch odborn\u00edkov, ktor\u00ed pou\u017e\u00edvaj\u00fa najmodernej\u0161ie technol\u00f3gie a zariadenia na v\u00fdrobu vysoko kvalitn\u00fdch hydraulick\u00fdch valcov, ktor\u00e9 sp\u013a\u0148aj\u00fa potreby na\u0161ich z\u00e1kazn\u00edkov.<\/p>\n<h3>Medzin\u00e1rodn\u00e1 certifik\u00e1cia<\/h3>\n<p>Na\u0161e v\u00fdrobky pre\u0161li medzin\u00e1rodn\u00fdmi certifik\u00e1ciami ako ISO9001 a CE, \u010do zaru\u010duje, \u017ee sp\u013a\u0148aj\u00fa najvy\u0161\u0161ie \u0161tandardy kvality.<\/p>\n<h3>Slu\u017eby prisp\u00f4sobenia<\/h3>\n<p>Poskytujeme slu\u017eby prisp\u00f4sobenia, aby sme splnili \u0161pecifick\u00e9 potreby na\u0161ich z\u00e1kazn\u00edkov.<\/p>\n<h3>V\u00fdrobn\u00e9 zariadenia<\/h3>\n<p>Pou\u017e\u00edvame modern\u00e9, vysoko kvalitn\u00e9 v\u00fdrobn\u00e9 zariadenia, aby sme zabezpe\u010dili kvalitu a spo\u013eahlivos\u0165 na\u0161ich produktov a zv\u00fd\u0161ili efektivitu v\u00fdroby.<\/p>\n<h3>Popredajn\u00fd servis<\/h3>\n<p>Na\u0161im z\u00e1kazn\u00edkom poskytujeme komplexn\u00fd popredajn\u00fd servis vr\u00e1tane n\u00e1hradn\u00fdch dielov a repasovan\u00fdch slu\u017eieb, aby sme im pomohli pred\u013a\u017ei\u0165 \u017eivotnos\u0165 ich hydraulick\u00fdch valcov.<\/p>\n<p><img decoding=\"async\" src=\"https:\/\/hzpt.com\/wp-content\/uploads\/2024\/11\/songte-company-1.webp\" alt=\"O n\u00e1s\"><\/p>\n<h4>Autor: lyl.<\/h4>","protected":false},"excerpt":{"rendered":"<p>Bucket Cylinder For XCMG Large Excavator XE490CK Introduction Definition of Bucket Cylinder A Bucket Cylinder is a specially designed hydraulic cylinder mainly used to control the movement of buckets in heavy machinery such as excavators, backhoe excavators, and front loaders. Its main function is to enable the bucket to lift, lower, and tilt, making it [&hellip;]<\/p>","protected":false},"featured_media":14773,"comment_status":"open","ping_status":"closed","template":"","meta":{"_et_pb_use_builder":"","_et_pb_old_content":"","_et_gb_content_width":""},"product_brand":[],"product_cat":[1494],"product_tag":[1495,1496],"class_list":{"0":"post-15486","1":"product","2":"type-product","3":"status-publish","4":"has-post-thumbnail","6":"product_cat-bucket-cylinders","7":"product_tag-bucket-cylinders","8":"product_tag-hydraulic-cylinders","10":"first","11":"instock","12":"shipping-taxable","13":"product-type-simple"},"amp_enabled":true,"_links":{"self":[{"href":"https:\/\/www.hydraulic-cylinders.net\/sk\/wp-json\/wp\/v2\/product\/15486","targetHints":{"allow":["GET"]}}],"collection":[{"href":"https:\/\/www.hydraulic-cylinders.net\/sk\/wp-json\/wp\/v2\/product"}],"about":[{"href":"https:\/\/www.hydraulic-cylinders.net\/sk\/wp-json\/wp\/v2\/types\/product"}],"replies":[{"embeddable":true,"href":"https:\/\/www.hydraulic-cylinders.net\/sk\/wp-json\/wp\/v2\/comments?post=15486"}],"wp:featuredmedia":[{"embeddable":true,"href":"https:\/\/www.hydraulic-cylinders.net\/sk\/wp-json\/wp\/v2\/media\/14773"}],"wp:attachment":[{"href":"https:\/\/www.hydraulic-cylinders.net\/sk\/wp-json\/wp\/v2\/media?parent=15486"}],"wp:term":[{"taxonomy":"product_brand","embeddable":true,"href":"https:\/\/www.hydraulic-cylinders.net\/sk\/wp-json\/wp\/v2\/product_brand?post=15486"},{"taxonomy":"product_cat","embeddable":true,"href":"https:\/\/www.hydraulic-cylinders.net\/sk\/wp-json\/wp\/v2\/product_cat?post=15486"},{"taxonomy":"product_tag","embeddable":true,"href":"https:\/\/www.hydraulic-cylinders.net\/sk\/wp-json\/wp\/v2\/product_tag?post=15486"}],"curies":[{"name":"pracovn\u00fd list","href":"https:\/\/api.w.org\/{rel}","templated":true}]}}