{"id":15488,"date":"2025-01-19T14:35:32","date_gmt":"2025-01-19T14:35:32","guid":{"rendered":"https:\/\/www.hydraulic-cylinders.net\/product\/bucket-cylinder-for-xcmg-large-excavator-xe3000\/"},"modified":"2025-01-19T14:35:40","modified_gmt":"2025-01-19T14:35:40","slug":"bucket-cylinder-for-xcmg-large-excavator-xe3000","status":"publish","type":"product","link":"https:\/\/www.hydraulic-cylinders.net\/sk\/produkt\/bucket-cylinder-for-xcmg-large-excavator-xe3000\/","title":{"rendered":"Valec vedra pre ve\u013ek\u00e9 r\u00fdpadlo XCMG XE3000"},"content":{"rendered":"<h1>Valec vedra pre ve\u013ek\u00e9 r\u00fdpadlo XCMG XE3000<\/h1>\n<h2>\u00davod<\/h2>\n<h3>Defin\u00edcia<\/h3>\n<p>Hydraulick\u00fd valec ly\u017eice je \u0161peci\u00e1lne navrhnut\u00fd hydraulick\u00fd valec pou\u017e\u00edvan\u00fd na ovl\u00e1danie pohybu ly\u017eice v \u0165a\u017ek\u00fdch strojoch, ako s\u00fa bagre, r\u00fdpadlo-naklada\u010de a \u010deln\u00e9 naklada\u010de. Jeho hlavnou funkciou je umo\u017eni\u0165 zdv\u00edhanie, sp\u00fa\u0161\u0165anie a nakl\u00e1\u0148anie ly\u017eice, \u010do u\u013eah\u010duje vykon\u00e1vanie r\u00f4znych \u00faloh manipul\u00e1cie s materi\u00e1lom. V hydraulickom syst\u00e9me valec ly\u017eice riadi presn\u00fd pohyb ly\u017eice zmenami tlaku hydraulick\u00e9ho oleja, \u010do umo\u017e\u0148uje obsluhe efekt\u00edvne manipulova\u0165 s \u0165a\u017ek\u00fdmi bremenami, prisp\u00f4sobi\u0165 sa zlo\u017eit\u00fdm pracovn\u00fdm prostrediam a r\u00f4znym prev\u00e1dzkov\u00fdm potreb\u00e1m.<\/p>\n<p><img decoding=\"async\" src=\"https:\/\/www.hydraulic-cylinders.net\/wp-content\/uploads\/2025\/01\/songte-company-2.webp\" alt=\"Valec vedra pre ve\u013ek\u00e9 r\u00fdpadlo XCMG XE3000\" \/><\/p>\n<h2>Funkcie<\/h2>\n<ul>\n<li><strong>Vysok\u00e1 pevnos\u0165 a odolnos\u0165:<\/strong> Vyroben\u00fd z vysokopevnostnej ocele alebo hlin\u00edka, odol\u00e1 vysok\u00e9mu tlaku a \u0165a\u017ek\u00fdm za\u0165a\u017eeniam, prisp\u00f4sob\u00ed sa n\u00e1ro\u010dn\u00fdm pracovn\u00fdm podmienkam a je navrhnut\u00fd s oh\u013eadom na odolnos\u0165 vo\u010di opotrebovaniu a kor\u00f3zii, aby sa pred\u013a\u017eila jeho \u017eivotnos\u0165.<\/li>\n<li><strong>Efekt\u00edvna hydraulick\u00e1 prev\u00e1dzka:<\/strong> Plynul\u00e9 vys\u00favanie a zas\u00favanie sa dosahuje vyu\u017eit\u00edm tlaku hydraulick\u00e9ho oleja. Dok\u00e1\u017ee r\u00fdchlo reagova\u0165 na ovl\u00e1dacie povely, poskytova\u0165 siln\u00fa tla\u010dn\u00fa a \u0165a\u017en\u00fa silu a je vhodn\u00fd na manipul\u00e1ciu s \u0165a\u017ek\u00fdmi bremenami a zlo\u017eit\u00e9 prev\u00e1dzkov\u00e9 \u00falohy.<\/li>\n<li><strong>R\u00f4zne typy:<\/strong> Pod\u013ea potrieb a prev\u00e1dzkov\u00fdch po\u017eiadaviek je mo\u017en\u00e9 vybra\u0165 jedno\u010dinn\u00e9 (hydraulicky ovl\u00e1dan\u00e9 v jednom smere) alebo dvoj\u010dinn\u00e9 (hydraulicky ovl\u00e1dan\u00e9 v oboch smeroch) valce. Niektor\u00e9 modely s\u00fa teleskopick\u00e9, \u010do umo\u017e\u0148uje v\u00e4\u010d\u0161ie vysunutie bez zv\u00e4\u010d\u0161enia vonkaj\u0161\u00edch rozmerov, v\u010faka \u010domu s\u00fa vhodn\u00e9 pre aplik\u00e1cie s obmedzen\u00fdm priestorom.<\/li>\n<li><strong>Perfektn\u00e1 n\u00e1hrada za hydraulick\u00e9 valce:<\/strong> Na\u0161e produkty dok\u00e1\u017eu dokonale nahradi\u0165 tieto hydraulick\u00e9 valce.<\/li>\n<\/ul>\n<p><img decoding=\"async\" src=\"https:\/\/www.hydraulic-cylinders.net\/wp-content\/uploads\/2025\/01\/songte-cylinder-head-with-all-kinds-excavator-models.webp\" alt=\"Valec vedra pre ve\u013ek\u00e9 r\u00fdpadlo XCMG XE3000\" \/><\/p>\n<h2>Aplik\u00e1cie<\/h2>\n<p>Valec kor\u010deka sa pou\u017e\u00edva v \u0161irokej \u0161k\u00e1le \u0165a\u017ek\u00fdch strojov vr\u00e1tane:<\/p>\n<ul>\n<li><strong>Stavebn\u00e9 zariadenia:<\/strong> Pre r\u00fdpadl\u00e1 je nevyhnutn\u00fd na kopanie, nakladanie a premiest\u0148ovanie zeminy alebo sutiny. V r\u00fdpadlo-naklada\u010doch pom\u00e1ha pri kopan\u00ed a zdv\u00edhan\u00ed. <\/li>\n<li><strong>Po\u013enohospod\u00e1rske stroje:<\/strong> Pou\u017e\u00edva sa pre \u010deln\u00e9 naklada\u010de, na zdv\u00edhanie, nakladanie a prepravu zeminy, sena a in\u00fdch materi\u00e1lov. <\/li>\n<li><strong>R\u00fdpadl\u00e1:<\/strong> Valec vedra umo\u017e\u0148uje vedru prenikn\u00fa\u0165 do p\u00f4dy. <\/li>\n<li><strong>\u010celn\u00e9 naklada\u010de:<\/strong> Pom\u00e1haj\u00fa efekt\u00edvne zdv\u00edha\u0165 a nakl\u00e1\u0148a\u0165 tovar. <\/li>\n<\/ul>\n<p>Pozrime sa podrobnej\u0161ie na ka\u017ed\u00fa aplik\u00e1ciu:<\/p>\n<h3>Stavebn\u00e9 stroje<\/h3>\n<p>Stavebn\u00e9 zariadenia s\u00fa nevyhnutn\u00e9 pre r\u00f4zne stavebn\u00e9 aplik\u00e1cie. Valec ly\u017eice pom\u00e1ha kopa\u0165 jamy, priekopy a z\u00e1klady. Pom\u00e1ha tie\u017e naklada\u0165 a premiest\u0148ova\u0165 zeminu a sutiny. V r\u00fdpadlo-naklada\u010doch pom\u00e1ha pri kopan\u00ed a zdv\u00edhan\u00ed. Pou\u017e\u00edva sa aj v cestn\u00fdch stavebn\u00fdch strojoch na \u010distenie a zarovn\u00e1vanie ter\u00e9nu.<\/p>\n<h3>Po\u013enohospod\u00e1rske stroje<\/h3>\n<p>Valce kor\u010dekov sa pou\u017e\u00edvaj\u00fa v \u010deln\u00fdch naklada\u010doch, ktor\u00e9 sa pou\u017e\u00edvaj\u00fa na zdv\u00edhanie, nakladanie a prepravu p\u00f4dy, sena a in\u00fdch materi\u00e1lov. Okrem toho sa pou\u017e\u00edvaj\u00fa v traktoroch a in\u00fdch po\u013enohospod\u00e1rskych strojoch na manipul\u00e1ciu s \u0165a\u017ek\u00fdmi bremenami. <\/p>\n<h3>R\u00fdpadl\u00e1<\/h3>\n<p>Valec ly\u017eice umo\u017e\u0148uje ly\u017eici prenikn\u00fa\u0165 do p\u00f4dy, \u010do pom\u00e1ha pri stavbe, kopan\u00ed a demol\u00e1cii. S pomocou valca ly\u017eice m\u00f4\u017ee r\u00fdpadlo pracova\u0165 na r\u00f4znych typoch p\u00f4dy.<\/p>\n<h3>\u010celn\u00e9 naklada\u010de<\/h3>\n<p>Valec korby pom\u00e1ha pri efekt\u00edvnom zdv\u00edhan\u00ed a nakl\u00e1\u0148an\u00ed tovaru. Pou\u017e\u00edva sa v \u010deln\u00fdch naklada\u010doch na r\u00f4zne \u00fa\u010dely, ako je manipul\u00e1cia s materi\u00e1lom v skladoch, manipul\u00e1cia s materi\u00e1lom v pr\u00edstavoch a organiz\u00e1cia z\u00e1sob.<\/p>\n<p><img decoding=\"async\" src=\"https:\/\/hzpt.com\/wp-content\/uploads\/2024\/11\/songte-company-1.webp\" alt=\"Valec vedra pre ve\u013ek\u00e9 r\u00fdpadlo XCMG XE3000\" \/><\/p>\n<h2>\u00davahy o dizajne a krit\u00e9ri\u00e1 v\u00fdberu<\/h2>\n<p>Nasleduj\u00fa kon\u0161truk\u010dn\u00e9 aspekty a krit\u00e9ri\u00e1 v\u00fdberu pre valce s ko\u0161\u00edkom:<\/p>\n<ul>\n<li><strong>Nosnos\u0165:<\/strong> Valce kor\u010dekov musia ma\u0165 vysok\u00fa nosnos\u0165, aby uniesli \u0165a\u017ek\u00e9 bremen\u00e1.<\/li>\n<li><strong>Tesnenie:<\/strong> Vysokokvalitn\u00fd tesniaci syst\u00e9m zabezpe\u010duje, \u017ee hydraulick\u00e9 kvapaliny neunikaj\u00fa, \u010do m\u00f4\u017ee sp\u00f4sobi\u0165 po\u0161kodenie valca. <\/li>\n<li><strong>Trvanlivos\u0165:<\/strong> Materi\u00e1ly pou\u017eit\u00e9 na v\u00fdrobu valcov s vedrami by mali by\u0165 odoln\u00e9, aby odolali drsn\u00e9mu prostrediu a opakovan\u00e9mu pou\u017eitiu.<\/li>\n<li><strong>Bezpe\u010dnos\u0165:<\/strong> Valce s ko\u0161\u00edkom musia by\u0165 navrhnut\u00e9 s oh\u013eadom na bezpe\u010dnos\u0165, aby sa predi\u0161lo nehod\u00e1m a zraneniam.<\/li>\n<li><strong>Udr\u017eiavate\u013enos\u0165:<\/strong> Valec s ko\u0161\u00edkom by mal by\u0165 \u013eahko udr\u017eiavate\u013en\u00fd a opravovate\u013en\u00fd, s \u013eahko dostupn\u00fdmi n\u00e1hradn\u00fdmi dielmi a oprav\u00e1rensk\u00fdmi slu\u017ebami.<\/li>\n<\/ul>\n<p><img decoding=\"async\" src=\"https:\/\/www.hydraulic-cylinders.net\/wp-content\/uploads\/2025\/01\/songte-oil-pipes-and-spare-parts.webp\" alt=\"Valec vedra pre ve\u013ek\u00e9 r\u00fdpadlo XCMG XE3000\" \/><\/p>\n<h2>Tesnenie a mazanie<\/h2>\n<p>Valce kor\u010dekov maj\u00fa r\u00f4zne tesniace komponenty, ako s\u00fa tesnenia piestov a tesnenia ty\u010d\u00ed, ktor\u00e9 zabra\u0148uj\u00fa \u00faniku hydraulickej kvapaliny. Povrch valca je jemne opracovan\u00fd, aby sa zlep\u0161ila jeho odolnos\u0165 vo\u010di opotrebovaniu, a na zachovanie jeho hladk\u00e9ho chodu je potrebn\u00e9 pravideln\u00e9 mazanie. <\/p>\n<h2>\u00dadr\u017eba a opravy<\/h2>\n<p>Nasleduj\u00fa \u00falohy \u00fadr\u017eby a opravy valcov s vedrom:<\/p>\n<ul>\n<li>Pravideln\u00e1 kontrola<\/li>\n<li>Spr\u00e1vne mazanie<\/li>\n<li>V\u00fdmena tesnenia<\/li>\n<li>Kontrola kalibr\u00e1cie<\/li>\n<\/ul>\n<p>Spr\u00e1vna in\u0161tal\u00e1cia, mazanie a nastavenie s\u00fa k\u013e\u00fa\u010dov\u00e9 pre zabezpe\u010denie dlhej \u017eivotnosti valca vedra. Po\u010das in\u0161tal\u00e1cie mus\u00ed by\u0165 valec spr\u00e1vne zarovnan\u00fd a mala by by\u0165 zabezpe\u010den\u00e1 primeran\u00e1 podpora, aby sa predi\u0161lo po\u0161kodeniu. Pravideln\u00e1 kontrola, oprava a v\u00fdmena komponentov s\u00fa nevyhnutn\u00e9 pre zabezpe\u010denie dlhodobej prev\u00e1dzky valca vedra.<\/p>\n<p><img decoding=\"async\" src=\"https:\/\/www.hydraulic-cylinders.net\/wp-content\/uploads\/2025\/01\/songte-chushion-collar.webp\" alt=\"Valec vedra pre ve\u013ek\u00e9 r\u00fdpadlo XCMG XE3000\" \/><\/p>\n<h2>Bezpe\u010dnostn\u00e9 aspekty a faktory prostredia<\/h2>\n<p>Valce s ko\u0161\u00edkom by sa mali prev\u00e1dzkova\u0165 v s\u00falade s bezpe\u010dnostn\u00fdmi pokynmi, aby sa predi\u0161lo nehod\u00e1m a zraneniam. Faktory prostredia, ako je teplota a vlhkos\u0165, m\u00f4\u017eu ovplyvni\u0165 v\u00fdkon valca a musia sa po\u010das prev\u00e1dzky zoh\u013eadni\u0165.<\/p>\n<h2>Be\u017en\u00e9 probl\u00e9my a ich rie\u0161enie<\/h2>\n<p>Nasleduj\u00fa be\u017en\u00e9 probl\u00e9my a rie\u0161enia probl\u00e9mov s valcami vedra:<\/p>\n<ul>\n<li>\u00danik<\/li>\n<li>Nedostato\u010dn\u00e1 sila<\/li>\n<li>Slab\u00fd v\u00fdkon<\/li>\n<\/ul>\n<p>Pravideln\u00e1 kontrola a \u00fadr\u017eba m\u00f4\u017eu minimalizova\u0165 v\u00fdskyt t\u00fdchto probl\u00e9mov. Ak sa vyskytne ak\u00fdko\u013evek probl\u00e9m, mal by sa okam\u017eite rie\u0161i\u0165, aby sa predi\u0161lo po\u0161kodeniu valca.<\/p>\n<h2>O n\u00e1s<\/h2>\n<p>Sme v\u00fdrobca hydraulick\u00fdch valcov, ktor\u00fd sa \u0161pecializuje na v\u00fdmenu hydraulick\u00fdch valcov. Pon\u00fakame kompletn\u00fd sortiment produktov a stali sme sa jedn\u00fdm z popredn\u00fdch v\u00fdrobcov a ve\u013ekoobchodn\u00edkov s hydraulick\u00fdmi valcami na dom\u00e1com aj medzin\u00e1rodnom trhu. Sledujeme vynikaj\u00facu kvalitu a spoliehame sa na strat\u00e9giu riadenia priemyselnej v\u00fdroby v r\u00e1mci jemnej v\u00fdrobnej dielne. Na\u0161a spolo\u010dnos\u0165 neust\u00e1le vylep\u0161uje v\u00fdrobn\u00fa platformu dielne vyu\u017e\u00edvan\u00edm technologick\u00fdch talentov, \u0161pi\u010dkov\u00fdch digit\u00e1lnych v\u00fdrobn\u00fdch zariaden\u00ed a profesion\u00e1lnych testovac\u00edch syst\u00e9mov s cie\u013eom zlep\u0161i\u0165 kvalitu v\u00fdroby. M\u00e1me siln\u00e9 tvoriv\u00e9 schopnosti a dodr\u017eiavame z\u00e1sady vysokej efektivity, vysokej presnosti a vysokej kvality, aby sme splnili rozmanit\u00e9 po\u017eiadavky z\u00e1kazn\u00edkov.<\/p>\n<p>Pon\u00fakame slu\u017eby na mieru a na\u0161e produkty s\u00fa medzin\u00e1rodne certifikovan\u00e9. Na\u0161a spolo\u010dnos\u0165 pou\u017e\u00edva na v\u00fdrobu \u0161pi\u010dkov\u00e9 zariadenia a pon\u00fakame vynikaj\u00faci popredajn\u00fd servis.<\/p>\n<p><img decoding=\"async\" src=\"https:\/\/www.hydraulic-cylinders.net\/wp-content\/uploads\/2025\/01\/songte-company-3.webp\" alt=\"Valec vedra pre ve\u013ek\u00e9 r\u00fdpadlo XCMG XE3000\" \/><\/p>\n<p>Autor: lyl<\/p>","protected":false},"excerpt":{"rendered":"<p>Bucket Cylinder For XCMG Large Excavator XE3000 Introduction Definition A bucket cylinder is specially designed hydraulic cylinder used to control the movement of the bucket in heavy machinery such as excavators, backhoe loaders, and front loaders. Its main function is to enable the bucket to lift, lower, and tilt, making it easier to handle various [&hellip;]<\/p>","protected":false},"featured_media":14769,"comment_status":"open","ping_status":"closed","template":"","meta":{"_et_pb_use_builder":"","_et_pb_old_content":"","_et_gb_content_width":""},"product_brand":[],"product_cat":[1494],"product_tag":[1495,1496],"class_list":{"0":"post-15488","1":"product","2":"type-product","3":"status-publish","4":"has-post-thumbnail","6":"product_cat-bucket-cylinders","7":"product_tag-bucket-cylinders","8":"product_tag-hydraulic-cylinders","10":"first","11":"instock","12":"shipping-taxable","13":"product-type-simple"},"amp_enabled":true,"_links":{"self":[{"href":"https:\/\/www.hydraulic-cylinders.net\/sk\/wp-json\/wp\/v2\/product\/15488","targetHints":{"allow":["GET"]}}],"collection":[{"href":"https:\/\/www.hydraulic-cylinders.net\/sk\/wp-json\/wp\/v2\/product"}],"about":[{"href":"https:\/\/www.hydraulic-cylinders.net\/sk\/wp-json\/wp\/v2\/types\/product"}],"replies":[{"embeddable":true,"href":"https:\/\/www.hydraulic-cylinders.net\/sk\/wp-json\/wp\/v2\/comments?post=15488"}],"wp:featuredmedia":[{"embeddable":true,"href":"https:\/\/www.hydraulic-cylinders.net\/sk\/wp-json\/wp\/v2\/media\/14769"}],"wp:attachment":[{"href":"https:\/\/www.hydraulic-cylinders.net\/sk\/wp-json\/wp\/v2\/media?parent=15488"}],"wp:term":[{"taxonomy":"product_brand","embeddable":true,"href":"https:\/\/www.hydraulic-cylinders.net\/sk\/wp-json\/wp\/v2\/product_brand?post=15488"},{"taxonomy":"product_cat","embeddable":true,"href":"https:\/\/www.hydraulic-cylinders.net\/sk\/wp-json\/wp\/v2\/product_cat?post=15488"},{"taxonomy":"product_tag","embeddable":true,"href":"https:\/\/www.hydraulic-cylinders.net\/sk\/wp-json\/wp\/v2\/product_tag?post=15488"}],"curies":[{"name":"pracovn\u00fd list","href":"https:\/\/api.w.org\/{rel}","templated":true}]}}