{"id":15493,"date":"2025-01-19T14:35:58","date_gmt":"2025-01-19T14:35:58","guid":{"rendered":"https:\/\/www.hydraulic-cylinders.net\/product\/bucket-cylinder-for-zoomlion-small-excavator-ze85e\/"},"modified":"2025-01-19T14:36:00","modified_gmt":"2025-01-19T14:36:00","slug":"bucket-cylinder-for-zoomlion-small-excavator-ze85e","status":"publish","type":"product","link":"https:\/\/www.hydraulic-cylinders.net\/sk\/produkt\/bucket-cylinder-for-zoomlion-small-excavator-ze85e\/","title":{"rendered":"Valec vedra pre mal\u00e9 r\u00fdpadlo Zoomlion ZE85E"},"content":{"rendered":"<h1>Valec vedra pre mal\u00e9 r\u00fdpadlo Zoomlion ZE85E<\/h1>\n<h2>\u00davod<\/h2>\n<p>Hydraulick\u00fd valec ly\u017eice je \u0161peci\u00e1lne navrhnut\u00fd hydraulick\u00fd valec pou\u017e\u00edvan\u00fd na ovl\u00e1danie pohybu ly\u017e\u00edc v \u0165a\u017ek\u00fdch strojoch, ako s\u00fa bagre, r\u00fdpadl\u00e1 a \u010deln\u00e9 naklada\u010de. Jeho hlavnou funkciou je zdv\u00edhanie, sp\u00fa\u0161\u0165anie a nakl\u00e1\u0148anie ly\u017eice, \u010do u\u013eah\u010duje vykon\u00e1vanie r\u00f4znych \u00faloh manipul\u00e1cie s materi\u00e1lom. V hydraulickom syst\u00e9me dosahuje valec ly\u017eice presn\u00e9 ovl\u00e1danie pohybu ly\u017eice zmenou tlaku hydraulick\u00e9ho oleja, \u010do umo\u017e\u0148uje obsluhe efekt\u00edvne manipulova\u0165 s \u0165a\u017ek\u00fdmi bremenami a prisp\u00f4sobi\u0165 sa zlo\u017eit\u00fdm pracovn\u00fdm prostrediam a r\u00f4znorod\u00fdm prev\u00e1dzkov\u00fdm potreb\u00e1m.<\/p>\n<p><img decoding=\"async\" src=\"https:\/\/www.hydraulic-cylinders.net\/wp-content\/uploads\/2025\/01\/songte-company-2.webp\"><\/p>\n<h2>Funkcie<\/h2>\n<ul>\n<li>Vysok\u00e1 pevnos\u0165 a odolnos\u0165: Zvy\u010dajne vyroben\u00e9 z vysokopevnostnej ocele alebo hlin\u00edka, schopn\u00e9 odol\u00e1va\u0165 vysok\u00e9mu tlaku a \u0165a\u017ek\u00fdm za\u0165a\u017eeniam a navrhnut\u00e9 s oh\u013eadom na odolnos\u0165 vo\u010di opotrebovaniu a kor\u00f3zii, aby sa pred\u013a\u017eila \u017eivotnos\u0165.<\/li>\n<li>Efekt\u00edvna hydraulick\u00e1 prev\u00e1dzka: Dosahuje plynul\u00e9 pohyby vys\u00favania a s\u0165ahovania pomocou tlaku hydraulick\u00e9ho oleja, r\u00fdchlo reaguje na ovl\u00e1dacie povely, poskytuje siln\u00fa tla\u010dn\u00fa a \u0165ahov\u00fa silu a je vhodn\u00e1 na manipul\u00e1ciu s \u0165a\u017ek\u00fdmi bremenami a zlo\u017eit\u00fdmi pracovn\u00fdmi \u00falohami.<\/li>\n<li>Viacer\u00e9 typy: Pod\u013ea potreby je mo\u017en\u00e9 zvoli\u0165 jedno\u010dinn\u00e9 (hydraulicky ovl\u00e1dan\u00e9 iba v jednom smere) alebo dvoj\u010dinn\u00e9 (hydraulicky ovl\u00e1dan\u00e9 v dvoch smeroch) valce, aby sa splnili r\u00f4zne prev\u00e1dzkov\u00e9 potreby. Niektor\u00e9 modely s\u00fa teleskopick\u00e9, \u010do umo\u017e\u0148uje v\u00e4\u010d\u0161ie vysunutie bez zv\u00e4\u010d\u0161enia vonkaj\u0161\u00edch rozmerov, vhodn\u00e9 pre aplik\u00e1cie s obmedzen\u00fdm priestorom.<\/li>\n<li>Jednoduch\u00e1 v\u00fdmena: Na\u0161e produkty dok\u00e1\u017eu dokonale nahradi\u0165 tieto hydraulick\u00e9 valce.<\/li>\n<\/ul>\n<p><img decoding=\"async\" src=\"https:\/\/www.hydraulic-cylinders.net\/wp-content\/uploads\/2025\/01\/songte-cylinder-head-with-all-kinds-excavator-models.webp\"><\/p>\n<h2>Aplik\u00e1cie<\/h2>\n<p>Valce s lopatou sa be\u017ene pou\u017e\u00edvaj\u00fa v r\u00f4znych stavebn\u00fdch a po\u013enohospod\u00e1rskych strojoch, ako napr\u00edklad:<\/p>\n<ul>\n<li>R\u00fdpadl\u00e1: Umo\u017e\u0148uj\u00fa kopanie t\u00fdm, \u017ee umo\u017e\u0148uj\u00fa vedru prenikn\u00fa\u0165 do p\u00f4dy<\/li>\n<li>Naklada\u010de: Pom\u00e1haj\u00fa efekt\u00edvne zdv\u00edha\u0165 a nakl\u00e1\u0148a\u0165 n\u00e1klad<\/li>\n<li>R\u00fdpadlo-naklada\u010de: Valec ly\u017eice pom\u00e1ha pri kopan\u00ed a zdv\u00edhan\u00ed<\/li>\n<li>Po\u013enohospod\u00e1rske stroje: Pou\u017e\u00edvaj\u00fa sa v \u010deln\u00fdch naklada\u010doch na kopanie, zdv\u00edhanie a prepravu p\u00f4dy, sena a in\u00fdch materi\u00e1lov<\/li>\n<\/ul>\n<h2>\u00davahy o dizajne<\/h2>\n<p>Pre valce s vedrovou kon\u0161trukciou s\u00fa d\u00f4le\u017eit\u00e9 nasleduj\u00face kon\u0161truk\u010dn\u00e9 aspekty:<\/p>\n<h3>Nosnos\u0165<\/h3>\n<p>Valec mus\u00ed by\u0165 schopn\u00fd odola\u0165 hmotnosti a za\u0165a\u017eeniu vedra a materi\u00e1lov, ktor\u00e9 prev\u00e1\u017ea.<\/p>\n<h3>Tesnenie<\/h3>\n<p>Valec by mal by\u0165 navrhnut\u00fd s vysoko kvalitn\u00fdmi tesneniami, aby sa zabr\u00e1nilo \u00faniku hydraulickej kvapaliny a zn\u00ed\u017eili sa n\u00e1klady na \u00fadr\u017ebu.<\/p>\n<h3>Trvanlivos\u0165<\/h3>\n<p>Valec mus\u00ed by\u0165 navrhnut\u00fd tak, aby odolal opotrebovaniu sp\u00f4soben\u00e9mu intenz\u00edvnym pou\u017e\u00edvan\u00edm a pracoval v n\u00e1ro\u010dn\u00fdch podmienkach.<\/p>\n<h3>Bezpe\u010dnos\u0165<\/h3>\n<p>Valec mus\u00ed by\u0165 navrhnut\u00fd s bezpe\u010dnostn\u00fdmi prvkami, aby sa predi\u0161lo nehod\u00e1m a chr\u00e1nili sa osoby pracuj\u00face v jeho bl\u00edzkosti.<\/p>\n<h3>\u00dadr\u017eba<\/h3>\n<p>Valec mus\u00ed by\u0165 navrhnut\u00fd tak, aby sa dal \u013eahko udr\u017eiava\u0165 a opravova\u0165, aby sa zabezpe\u010dila dlh\u00e1 \u017eivotnos\u0165.<\/p>\n<p><img decoding=\"async\" src=\"https:\/\/www.hydraulic-cylinders.net\/wp-content\/uploads\/2025\/01\/songte-oil-pipes-and-spare-parts.webp\"><\/p>\n<h2>Tesnenie a mazanie<\/h2>\n<p>Valce s lopatkami pou\u017e\u00edvaj\u00fa r\u00f4zne tesniace komponenty, ako s\u00fa tesnenia piestov, tesnenia ty\u010d\u00ed at\u010f., vyroben\u00e9 z materi\u00e1lov odoln\u00fdch vo\u010di opotrebovaniu, ako je polyuret\u00e1n, nitrilov\u00e1 guma at\u010f. Teleso valca a povrchy z\u00e1vitov\u00fdch koncov s\u00fa jemne opracovan\u00e9, aby sa zlep\u0161ila odolnos\u0165 vo\u010di opotrebovaniu. Pre spr\u00e1vne mazanie je potrebn\u00e9 pravidelne prid\u00e1va\u0165 vhodn\u00e9 mno\u017estvo hydraulick\u00e9ho oleja.<\/p>\n<h2>\u00dadr\u017eba a opravy<\/h2>\n<p>Nasleduj\u00face \u00fadr\u017eb\u00e1rske \u00falohy s\u00fa nevyhnutn\u00e9 pre dlhodob\u00e9 pou\u017e\u00edvanie valcov s vedrom:<\/p>\n<h3>Pravideln\u00e1 kontrola<\/h3>\n<p>Pravideln\u00e1 kontrola valca a jeho komponentov je nevyhnutn\u00e1 na zabezpe\u010denie jeho spr\u00e1vnej funkcie a na identifik\u00e1ciu pr\u00edpadn\u00fdch probl\u00e9mov.<\/p>\n<h3>Mazanie<\/h3>\n<p>Spr\u00e1vne mazanie valca a jeho komponentov m\u00f4\u017ee pom\u00f4c\u0165 zn\u00ed\u017ei\u0165 opotrebovanie a pred\u013a\u017ei\u0165 \u017eivotnos\u0165.<\/p>\n<h3>V\u00fdmena tesnen\u00ed<\/h3>\n<p>V\u00fdmena opotrebovan\u00fdch tesnen\u00ed je nevyhnutn\u00e1, aby sa zabr\u00e1nilo \u00faniku hydraulickej kvapaliny a zn\u00ed\u017eili sa n\u00e1klady na \u00fadr\u017ebu.<\/p>\n<p>Spr\u00e1vna in\u0161tal\u00e1cia je nevyhnutn\u00e1 pre funk\u010dnos\u0165 a bezpe\u010dnos\u0165 valcov s vedro. Spr\u00e1vne zarovnanie valca je k\u013e\u00fa\u010dov\u00e9 pre jeho spr\u00e1vnu prev\u00e1dzku. Na upevnenie valca sa odpor\u00fa\u010da pou\u017ei\u0165 vhodn\u00e9 mont\u00e1\u017ene konzoly. Na pred\u013a\u017eenie \u017eivotnosti sa odpor\u00fa\u010da pravideln\u00e1 kontrola, oprava a v\u00fdmena dielov.<\/p>\n<p><img decoding=\"async\" src=\"https:\/\/www.hydraulic-cylinders.net\/wp-content\/uploads\/2025\/01\/songte-chushion-collar.webp\"><\/p>\n<h2>Bezpe\u010dnos\u0165 a \u017eivotn\u00e9 prostredie<\/h2>\n<p>Hydraulick\u00e9 valce vy\u017eaduj\u00fa vhodn\u00e9 bezpe\u010dnostn\u00e9 opatrenia, aby sa predi\u0161lo nehod\u00e1m po\u010das prev\u00e1dzky. D\u00f4le\u017eitos\u0165 dodr\u017eiavania bezpe\u010dnostn\u00fdch opatren\u00ed nemo\u017eno prece\u0148ova\u0165. Spr\u00e1vna likvid\u00e1cia pou\u017eit\u00e9ho hydraulick\u00e9ho oleja je nevyhnutn\u00e1 na ochranu \u017eivotn\u00e9ho prostredia.<\/p>\n<h2>Diagnostika a rie\u0161enie probl\u00e9mov<\/h2>\n<p>Medzi be\u017en\u00e9 probl\u00e9my s valcami vedra patria netesnosti, nespr\u00e1vna prev\u00e1dzka a po\u0161kodenie tesnen\u00ed. Pravideln\u00e9 kontroly, \u00fadr\u017eba a spr\u00e1vne mazanie m\u00f4\u017eu pom\u00f4c\u0165 predch\u00e1dza\u0165 t\u00fdmto probl\u00e9mom. Ak sa vyskytn\u00fa probl\u00e9my, odpor\u00fa\u010da sa poradi\u0165 sa s odborn\u00edkom kv\u00f4li diagnostike a oprave.<\/p>\n<p><img decoding=\"async\" src=\"https:\/\/www.hydraulic-cylinders.net\/wp-content\/uploads\/2025\/01\/songte-bushings-with-all-kinds-of-excavator-models.webp\"><\/p>\n<h2>O n\u00e1s<\/h2>\n<p>Sme popredn\u00fdm v\u00fdrobcom a ve\u013ekoobchodn\u00edkom hydraulick\u00fdch valcov na dom\u00e1com aj medzin\u00e1rodnom trhu. Pon\u00fakame \u0161irok\u00fa \u0161k\u00e1lu produktov a riadime sa strat\u00e9giou riadenia v\u00fdroby, ktor\u00e1 sa opiera o vynikaj\u00facu kvalitu, technick\u00e9 talenty, \u0161pi\u010dkov\u00e9 digit\u00e1lne v\u00fdrobn\u00e9 zariadenia a profesion\u00e1lne testovacie syst\u00e9my. Na\u0161e produkty sa vyr\u00e1baj\u00fa na sofistikovanej v\u00fdrobnej platforme so zameran\u00edm na vysok\u00fa \u00fa\u010dinnos\u0165, vysok\u00fa presnos\u0165 a vysok\u00fa kvalitu, aby sme splnili rozmanit\u00e9 potreby na\u0161ich z\u00e1kazn\u00edkov.<\/p>\n<p>Na\u0161a spolo\u010dnos\u0165 poskytuje profesion\u00e1lne slu\u017eby, ktor\u00e9 zah\u0155\u0148aj\u00fa medzin\u00e1rodn\u00fa certifik\u00e1ciu, prisp\u00f4sobenie, v\u00fdrobn\u00e9 zariadenia a popredajn\u00fd servis.<\/p>\n<p><img decoding=\"async\" src=\"https:\/\/hzpt.com\/wp-content\/uploads\/2024\/11\/songte-company-1.webp\"><\/p>\n<p>Autor: lyl<\/p>","protected":false},"excerpt":{"rendered":"<p>Bucket Cylinder For Zoomlion Small Excavator ZE85E Introduction A bucket cylinder is a specially designed hydraulic cylinder used to control the movement of buckets in heavy machinery such as excavators, backhoes, and front-end loaders. Its main function is to lift, lower, and tilt the bucket, making it easy to handle various material handling tasks. In [&hellip;]<\/p>","protected":false},"featured_media":14788,"comment_status":"open","ping_status":"closed","template":"","meta":{"_et_pb_use_builder":"","_et_pb_old_content":"","_et_gb_content_width":""},"product_brand":[],"product_cat":[1494],"product_tag":[1495,1496],"class_list":{"0":"post-15493","1":"product","2":"type-product","3":"status-publish","4":"has-post-thumbnail","6":"product_cat-bucket-cylinders","7":"product_tag-bucket-cylinders","8":"product_tag-hydraulic-cylinders","10":"first","11":"instock","12":"shipping-taxable","13":"product-type-simple"},"amp_enabled":true,"_links":{"self":[{"href":"https:\/\/www.hydraulic-cylinders.net\/sk\/wp-json\/wp\/v2\/product\/15493","targetHints":{"allow":["GET"]}}],"collection":[{"href":"https:\/\/www.hydraulic-cylinders.net\/sk\/wp-json\/wp\/v2\/product"}],"about":[{"href":"https:\/\/www.hydraulic-cylinders.net\/sk\/wp-json\/wp\/v2\/types\/product"}],"replies":[{"embeddable":true,"href":"https:\/\/www.hydraulic-cylinders.net\/sk\/wp-json\/wp\/v2\/comments?post=15493"}],"wp:featuredmedia":[{"embeddable":true,"href":"https:\/\/www.hydraulic-cylinders.net\/sk\/wp-json\/wp\/v2\/media\/14788"}],"wp:attachment":[{"href":"https:\/\/www.hydraulic-cylinders.net\/sk\/wp-json\/wp\/v2\/media?parent=15493"}],"wp:term":[{"taxonomy":"product_brand","embeddable":true,"href":"https:\/\/www.hydraulic-cylinders.net\/sk\/wp-json\/wp\/v2\/product_brand?post=15493"},{"taxonomy":"product_cat","embeddable":true,"href":"https:\/\/www.hydraulic-cylinders.net\/sk\/wp-json\/wp\/v2\/product_cat?post=15493"},{"taxonomy":"product_tag","embeddable":true,"href":"https:\/\/www.hydraulic-cylinders.net\/sk\/wp-json\/wp\/v2\/product_tag?post=15493"}],"curies":[{"name":"pracovn\u00fd list","href":"https:\/\/api.w.org\/{rel}","templated":true}]}}