{"id":15494,"date":"2025-01-19T14:36:02","date_gmt":"2025-01-19T14:36:02","guid":{"rendered":"https:\/\/www.hydraulic-cylinders.net\/product\/bucket-cylinder-for-zoomlion-small-excavator-ze150\/"},"modified":"2025-01-19T14:36:04","modified_gmt":"2025-01-19T14:36:04","slug":"bucket-cylinder-for-zoomlion-small-excavator-ze150","status":"publish","type":"product","link":"https:\/\/www.hydraulic-cylinders.net\/sk\/produkt\/bucket-cylinder-for-zoomlion-small-excavator-ze150\/","title":{"rendered":"Valec vedra pre mal\u00e9 r\u00fdpadlo Zoomlion ZE150"},"content":{"rendered":"<p>&lt;h1&gt;Valec vedra pre mal&eacute; r&yacute;padlo Zoomlion ZE150&lt;\/h1&gt;<\/p>\n<p>&lt;h2&gt;&Uacute;vod&lt;\/h2&gt;<br \/>\n&lt;p&gt;Hydraulick&yacute; valec ly\u017eice je &scaron;peci&aacute;lne navrhnut&yacute; hydraulick&yacute; valec pou\u017e&iacute;van&yacute; na ovl&aacute;danie pohybu ly\u017eice v \u0165a\u017ek&yacute;ch strojoch, ako s&uacute; bagre, r&yacute;padlo-naklada\u010de a \u010deln&eacute; naklada\u010de. Jeho hlavnou funkciou je umo\u017eni\u0165 zdv&iacute;hanie, sp&uacute;&scaron;\u0165anie a nakl&aacute;\u0148anie ly\u017eice, \u010do ju rob&iacute; pohodlnou pri r&ocirc;znych &uacute;loh&aacute;ch manipul&aacute;cie s materi&aacute;lom. V hydraulickom syst&eacute;me dosahuje valec ly\u017eice presn&eacute; ovl&aacute;danie ly\u017eice zmenou tlaku hydraulick&eacute;ho oleja, \u010do umo\u017e\u0148uje obsluhe efekt&iacute;vne manipulova\u0165 s \u0165a\u017ek&yacute;mi bremenami a prisp&ocirc;sobi\u0165 sa zlo\u017eit&yacute;m pracovn&yacute;m prostrediam a r&ocirc;znorod&yacute;m po\u017eiadavk&aacute;m pr&aacute;ce.&lt;\/p&gt;<\/p>\n<p>&lt;img src=&quot;&rdquo;https:\/\/www.hydraulic-cylinders.net\/wp-content\/uploads\/2025\/01\/songte-company-2.webp&rdquo;&quot; alt=&quot;Vedro&quot; cylinder image&rdquo;&gt;<\/p>\n<p>&lt;h2&gt;Funkcie&lt;\/h2&gt;<br \/>\n<ul><br \/>\n  <li>Vysok\u00e1 pevnos\u0165 a odolnos\u0165: Zvy\u010dajne je vyroben\u00fd z vysokopevnostnej ocele alebo hlin\u00edka, odol\u00e1 vysok\u00e9mu tlaku a \u0165a\u017ek\u00fdm za\u0165a\u017eeniam a prisp\u00f4sob\u00ed sa n\u00e1ro\u010dn\u00fdm pracovn\u00fdm podmienkam. Kon\u0161trukcia zoh\u013ead\u0148uje odolnos\u0165 proti opotrebovaniu a kor\u00f3zii, aby sa pred\u013a\u017eila \u017eivotnos\u0165.<\/li><br \/>\n  <li>Efekt\u00edvna hydraulick\u00e1 prev\u00e1dzka: V\u010faka vyu\u017eitiu tlaku hydraulick\u00e9ho oleja na dosiahnutie plynul\u00e9ho teleskopick\u00e9ho pohybu dok\u00e1\u017ee r\u00fdchlo reagova\u0165 na ovl\u00e1dacie povely a poskytova\u0165 siln\u00e9 tla\u010dn\u00e9 a \u0165a\u017en\u00e9 sily vhodn\u00e9 na manipul\u00e1ciu s \u0165a\u017ek\u00fdmi bremenami a zlo\u017eit\u00fdmi \u00falohami.<\/li><br \/>\n  <li>R\u00f4zne typy: Pod\u013ea potrieb je mo\u017en\u00e9 zvoli\u0165 jedno\u010dinn\u00e9 (hydraulicky ovl\u00e1dan\u00e9 iba v jednom smere) alebo dvoj\u010dinn\u00e9 (hydraulicky ovl\u00e1dan\u00e9 v oboch smeroch) valce. Niektor\u00e9 modely s\u00fa teleskopick\u00e9, \u010do umo\u017e\u0148uje v\u00e4\u010d\u0161ie vysunutie bez zv\u00e4\u010d\u0161enia vonkaj\u0161\u00edch rozmerov, vhodn\u00e9 pre aplik\u00e1cie s obmedzen\u00fdm priestorom.<\/li><br \/>\n  <li>N\u00e1hrada za in\u00e9 hydraulick\u00e9 valce: N\u00e1\u0161 produkt dok\u00e1\u017ee dokonale nahradi\u0165 tieto hydraulick\u00e9 valce.<\/li><br \/>\n<\/ul><\/p>\n<p>&lt;img src=&quot;&rdquo;https:\/\/www.hydraulic-cylinders.net\/wp-content\/uploads\/2025\/01\/songte-cylinder-head-with-all-kinds-excavator-models.webp&rdquo;&quot; alt=&quot;&bdquo;V&yacute;mena&ldquo;&quot; cylinder image&rdquo;&gt;<\/p>\n<p>&lt;h2&gt;Aplik&aacute;cie&lt;\/h2&gt;<br \/>\n<ul><br \/>\n  <li>Stavebn\u00e9 zariadenia: Nevyhnutn\u00e9 pre r\u00fdpadl\u00e1 pri kopan\u00ed, nakladan\u00ed a premiest\u0148ovan\u00ed zeminy alebo sutiny. V r\u00fdpadlo-naklada\u010doch pom\u00e1haj\u00fa valce ko\u0161\u00edkov pri kopan\u00ed aj zdv\u00edhan\u00ed.<\/li><br \/>\n  <li>Po\u013enohospod\u00e1rske stroje: Pou\u017e\u00edvaj\u00fa sa v \u010deln\u00fdch naklada\u010doch na naberanie, zdv\u00edhanie a prepravu p\u00f4dy, sena a in\u00fdch materi\u00e1lov.<\/li><br \/>\n  <li>R\u00fdpadl\u00e1: Valce ly\u017eice umo\u017e\u0148uj\u00fa kopanie t\u00fdm, \u017ee umo\u017e\u0148uj\u00fa ly\u017eici prenikn\u00fa\u0165 do p\u00f4dy.<\/li><br \/>\n  <li>Naklada\u010de: V \u010deln\u00fdch naklada\u010doch pom\u00e1haj\u00fa pri efekt\u00edvnom zdv\u00edhan\u00ed a vykladan\u00ed n\u00e1kladu.<\/li><br \/>\n<\/ul><\/p>\n<p>&lt;h2&gt;&Uacute;vahy o dizajne a krit&eacute;ri&aacute; v&yacute;beru&lt;\/h2&gt;<br \/>\n&lt;p&gt;Pri navrhovan&iacute; valcov s kore\u010dkami je potrebn&eacute; zv&aacute;\u017ei\u0165 nieko\u013eko k\u013e&uacute;\u010dov&yacute;ch faktorov vr&aacute;tane nosnosti, tesnenia, trvanlivosti, bezpe\u010dnosti a &uacute;dr\u017eby.&lt;\/p&gt;<\/p>\n<p>&lt;img src=&quot;&rdquo;https:\/\/www.hydraulic-cylinders.net\/wp-content\/uploads\/2025\/01\/songte-oil-pipes-and-spare-parts.webp&rdquo;&quot; alt=&quot;&bdquo;Dizajn&ldquo;&quot; considerations image&rdquo;&gt;<\/p>\n<p>&lt;h2&gt;Tesnenie a mazanie&lt;\/h2&gt;<br \/>\n&lt;p&gt;Pou\u017e&iacute;vaj&uacute; sa r&ocirc;zne tesnenia, ako s&uacute; tesnenia piestov a tesnenia ty\u010d&iacute;, vyroben&eacute; z materi&aacute;lov odoln&yacute;ch vo\u010di opotrebovaniu, ako je polyuret&aacute;n a nitrilov&yacute; kau\u010duk. Teleso valca a z&aacute;vitov&eacute; koncov&eacute; plochy s&uacute; jemne opracovan&eacute; pre zlep&scaron;enie odolnosti vo\u010di opotrebovaniu. Je potrebn&eacute; pravideln&eacute; mazanie vhodn&yacute;m mno\u017estvom hydraulick&eacute;ho oleja.&lt;\/p&gt;<\/p>\n<p>&lt;h2&gt;Pravideln&aacute; kontrola a prevent&iacute;vna &uacute;dr\u017eba&lt;\/h2&gt;<br \/>\n&lt;p&gt;Na zabezpe\u010denie optim&aacute;lneho v&yacute;konu a dlhej \u017eivotnosti valca s vedro by sa mali vykon&aacute;va\u0165 pravideln&eacute; kontroly a prevent&iacute;vne &uacute;dr\u017eb&aacute;rske opatrenia. Tieto opatrenia zah\u0155\u0148aj&uacute; vhodn&uacute; kontrolu a mazanie, v pr&iacute;pade potreby v&yacute;menu tesnen&iacute; a kalibr&aacute;ciu valca.&lt;\/p&gt;<\/p>\n<p>&lt;h2&gt;Sprievodca spr&aacute;vnou in&scaron;tal&aacute;ciou produktu&lt;\/h2&gt;<br \/>\n&lt;p&gt;Spr&aacute;vna in&scaron;tal&aacute;cia je k\u013e&uacute;\u010dov&aacute; pre efekt&iacute;vne fungovanie valca s vedro. Po\u010das in&scaron;tal&aacute;cie sa odpor&uacute;\u010da valec spr&aacute;vne zarovna\u0165 a na jeho upevnenie pou\u017ei\u0165 vhodn&eacute; mont&aacute;\u017ene konzoly.&lt;\/p&gt;<\/p>\n<p>&lt;img src=&quot;&rdquo;https:\/\/www.hydraulic-cylinders.net\/wp-content\/uploads\/2025\/01\/songte-chushion-collar.webp&rdquo;&quot; alt=&quot;&bdquo;In&scaron;tal&aacute;cia&ldquo;&quot; guide image&rdquo;&gt;<\/p>\n<p>&lt;h2&gt;&Uacute;lohy &uacute;dr\u017eby&lt;\/h2&gt;<br \/>\n&lt;p&gt;Medzi be\u017en&eacute; &uacute;lohy &uacute;dr\u017eby valca s vedrom patria pravideln&eacute; kontroly, vhodn&eacute; mazanie, v&yacute;mena tesnen&iacute; a kontroly kalibr&aacute;cie. Pre optim&aacute;lny v&yacute;kon sa kladie d&ocirc;raz na spr&aacute;vnu in&scaron;tal&aacute;ciu, mazanie a nastavenie. Mali by sa poskytn&uacute;\u0165 odpor&uacute;\u010dan&eacute; postupy kontroly, opravy a v&yacute;meny, ako aj tipy na pred\u013a\u017eenie \u017eivotnosti valca.&lt;\/p&gt;<\/p>\n<p>&lt;img src=&quot;&rdquo;https:\/\/www.hydraulic-cylinders.net\/wp-content\/uploads\/2025\/01\/songte-bushings-with-all-kinds-of-excavator-models.webp&rdquo;&quot; alt=&quot;&Uacute;dr\u017eba&quot; tasks image&rdquo;&gt;<\/p>\n<p>&lt;h2&gt;Bezpe\u010dnostn&eacute; aspekty a faktory prostredia&lt;\/h2&gt;<br \/>\n&lt;p&gt;Pri pou\u017e&iacute;van&iacute; valca s vedrom s&uacute; bezpe\u010dnostn&eacute; opatrenia mimoriadne d&ocirc;le\u017eit&eacute;. Pri manipul&aacute;cii s \u0165a\u017ek&yacute;mi strojmi a obsluhe hydraulick&yacute;ch syst&eacute;mov je potrebn&eacute; dodr\u017eiava\u0165 bezpe\u010dnostn&eacute; opatrenia. Pre zabezpe\u010denie spr&aacute;vnej likvid&aacute;cie a manipul&aacute;cie s hydraulick&yacute;mi kvapalinami by sa mali zv&aacute;\u017ei\u0165 aj faktory prostredia.&lt;\/p&gt;<\/p>\n<p>&lt;h2&gt;Diagnostika por&uacute;ch a be\u017en&eacute; probl&eacute;my&lt;\/h2&gt;<br \/>\n&lt;p&gt;Diskusia o diagnostike por&uacute;ch a be\u017en&yacute;ch probl&eacute;moch s&uacute;visiacich s valcom vedra je nevyhnutn&aacute;. Poskytnutie tipov na rie&scaron;enie probl&eacute;mov a rie&scaron;en&iacute; je potrebn&eacute; na pomoc \u010ditate\u013eom pri efekt&iacute;vnej diagnostike a rie&scaron;en&iacute; probl&eacute;mov. Mali by sa spomen&uacute;\u0165 prevent&iacute;vne opatrenia na minimaliz&aacute;ciu potenci&aacute;lnych probl&eacute;mov.&lt;\/p&gt;<\/p>\n<p>&lt;img src=&quot;&rdquo;https:\/\/www.hydraulic-cylinders.net\/wp-content\/uploads\/2025\/01\/songte-company-1.webp&rdquo;&quot; alt=&quot;&bdquo;Chyba&ldquo;&quot; diagnosis image&rdquo;&gt;<\/p>\n<p>&lt;h2&gt;Predstavenie spolo\u010dnosti&lt;\/h2&gt;<br \/>\n&lt;p&gt;Sme popredn&yacute;m v&yacute;robcom a ve\u013ekoobchodn&yacute;m distrib&uacute;torom hydraulick&yacute;ch valcov na dom&aacute;com aj medzin&aacute;rodnom trhu. Na&scaron;a spolo\u010dnos\u0165 pon&uacute;ka &scaron;irok&yacute; sortiment produktov a riadi sa strat&eacute;giou riadenia v&yacute;roby, ktor&aacute; kladie d&ocirc;raz na vynikaj&uacute;cu kvalitu a prec&iacute;zne v&yacute;robn&eacute; procesy. So zameran&iacute;m na technologick&eacute; talenty, modern&eacute; v&yacute;robn&eacute; zariadenia a profesion&aacute;lne testovacie syst&eacute;my neust&aacute;le zlep&scaron;ujeme na&scaron;e v&yacute;robn&eacute; platformy a v&yacute;robn&eacute; postupy pre kvalitu produktov. M&aacute;me siln&eacute; kreat&iacute;vne schopnosti a uprednost\u0148ujeme efekt&iacute;vnos\u0165, presnos\u0165 a princ&iacute;py vysokej kvality, aby sme splnili rozmanit&eacute; po\u017eiadavky z&aacute;kazn&iacute;kov.&lt;\/p&gt;<\/p>\n<p>&lt;img src=&quot;&rdquo;https:\/\/www.hydraulic-cylinders.net\/wp-content\/uploads\/2025\/01\/songte-company-3.webp&rdquo;&quot; alt=&quot;&bdquo;Spolo\u010dnos\u0165&ldquo;&quot; introduction image&rdquo;&gt;<\/p>\n<p>&lt;p&gt;Na&scaron;a spolo\u010dnos\u0165 je zn&aacute;ma svojou profesionalitou, medzin&aacute;rodn&yacute;mi certifik&aacute;ciami, slu\u017ebami na mieru, v&yacute;robn&yacute;m vybaven&iacute;m a popredajn&yacute;m servisom. &lt;\/p&gt;<\/p>\n<p>&lt;p&gt;Autor: lyl&lt;\/p&gt;<\/p>","protected":false},"excerpt":{"rendered":"<p>&lt;h1&gt;Valec vedra pre mal&eacute; r&yacute;padlo Zoomlion ZE150&lt;\/h1&gt; &lt;h2&gt;&Uacute;vod&lt;\/h2&gt; &lt;p&gt;The bucket cylinder is a specially designed hydraulic cylinder used to control the movement of the bucket in heavy machinery such as excavators, backhoe loaders, and front loaders. Its main function is to enable the lifting, lowering, and tilting of the bucket, making it convenient for various [&hellip;]<\/p>","protected":false},"featured_media":14787,"comment_status":"open","ping_status":"closed","template":"","meta":{"_et_pb_use_builder":"","_et_pb_old_content":"","_et_gb_content_width":""},"product_brand":[],"product_cat":[1494],"product_tag":[1495,1496],"class_list":{"0":"post-15494","1":"product","2":"type-product","3":"status-publish","4":"has-post-thumbnail","6":"product_cat-bucket-cylinders","7":"product_tag-bucket-cylinders","8":"product_tag-hydraulic-cylinders","10":"first","11":"instock","12":"shipping-taxable","13":"product-type-simple"},"amp_enabled":true,"_links":{"self":[{"href":"https:\/\/www.hydraulic-cylinders.net\/sk\/wp-json\/wp\/v2\/product\/15494","targetHints":{"allow":["GET"]}}],"collection":[{"href":"https:\/\/www.hydraulic-cylinders.net\/sk\/wp-json\/wp\/v2\/product"}],"about":[{"href":"https:\/\/www.hydraulic-cylinders.net\/sk\/wp-json\/wp\/v2\/types\/product"}],"replies":[{"embeddable":true,"href":"https:\/\/www.hydraulic-cylinders.net\/sk\/wp-json\/wp\/v2\/comments?post=15494"}],"wp:featuredmedia":[{"embeddable":true,"href":"https:\/\/www.hydraulic-cylinders.net\/sk\/wp-json\/wp\/v2\/media\/14787"}],"wp:attachment":[{"href":"https:\/\/www.hydraulic-cylinders.net\/sk\/wp-json\/wp\/v2\/media?parent=15494"}],"wp:term":[{"taxonomy":"product_brand","embeddable":true,"href":"https:\/\/www.hydraulic-cylinders.net\/sk\/wp-json\/wp\/v2\/product_brand?post=15494"},{"taxonomy":"product_cat","embeddable":true,"href":"https:\/\/www.hydraulic-cylinders.net\/sk\/wp-json\/wp\/v2\/product_cat?post=15494"},{"taxonomy":"product_tag","embeddable":true,"href":"https:\/\/www.hydraulic-cylinders.net\/sk\/wp-json\/wp\/v2\/product_tag?post=15494"}],"curies":[{"name":"pracovn\u00fd list","href":"https:\/\/api.w.org\/{rel}","templated":true}]}}