{"id":15500,"date":"2025-01-19T14:36:27","date_gmt":"2025-01-19T14:36:27","guid":{"rendered":"https:\/\/www.hydraulic-cylinders.net\/product\/bucket-cylinder-for-zoomlion-middle-excavator-ze260e\/"},"modified":"2025-01-19T14:36:29","modified_gmt":"2025-01-19T14:36:29","slug":"bucket-cylinder-for-zoomlion-middle-excavator-ze260e","status":"publish","type":"product","link":"https:\/\/www.hydraulic-cylinders.net\/sk\/produkt\/bucket-cylinder-for-zoomlion-middle-excavator-ze260e\/","title":{"rendered":"Valec vedra pre stredn\u00e9 r\u00fdpadlo Zoomlion ZE260E"},"content":{"rendered":"<p><!DOCTYPE html><br \/>\n<html><br \/>\n<head><br \/>\n<title>Valec vedra pre stredn\u00e9 r\u00fdpadlo Zoomlion ZE260E<\/title><br \/>\n<\/head><br \/>\n<body><\/p>\n<h1>Valec vedra pre stredn\u00e9 r\u00fdpadlo Zoomlion ZE260E<\/h1>\n<h2>\u00davod<\/h2>\n<p>Hydraulick\u00fd valec ly\u017eice je \u0161peci\u00e1lne navrhnut\u00fd hydraulick\u00fd valec pou\u017e\u00edvan\u00fd predov\u0161etk\u00fdm na ovl\u00e1danie pohybu ly\u017eice v \u0165a\u017ek\u00fdch strojoch, ako s\u00fa bagre, r\u00fdpadlo-naklada\u010de a \u010deln\u00e9 naklada\u010de. Jeho hlavnou funkciou je umo\u017eni\u0165 ly\u017eici vykon\u00e1va\u0165 zdv\u00edhanie, sp\u00fa\u0161\u0165anie a nakl\u00e1\u0148anie, \u010do ju rob\u00ed vhodnou pre r\u00f4zne \u00falohy manipul\u00e1cie s materi\u00e1lom. V hydraulickom syst\u00e9me dosahuje valec ly\u017eice presn\u00e9 ovl\u00e1danie ly\u017eice vyu\u017eit\u00edm zmien tlaku hydraulick\u00e9ho oleja, \u010do umo\u017e\u0148uje obsluhe efekt\u00edvne manipulova\u0165 s \u0165a\u017ek\u00fdmi bremenami a prisp\u00f4sobi\u0165 sa zlo\u017eit\u00fdm pracovn\u00fdm prostrediam a r\u00f4znym prev\u00e1dzkov\u00fdm potreb\u00e1m.<\/p>\n<p><img decoding=\"async\" src=\"https:\/\/www.hydraulic-cylinders.net\/wp-content\/uploads\/2025\/01\/songte-company-2.webp\" alt=\"Obr\u00e1zok valca vedra\"><\/p>\n<h2>Funkcie<\/h2>\n<ul>\n<li>Vysok\u00e1 pevnos\u0165 a odolnos\u0165: Zvy\u010dajne vyroben\u00e9 z vysokopevnostnej ocele alebo hlin\u00edka, schopn\u00e9 odol\u00e1va\u0165 vysok\u00e9mu tlaku a \u0165a\u017ek\u00fdm za\u0165a\u017eeniam, prisp\u00f4sobuj\u00face sa n\u00e1ro\u010dn\u00fdm pracovn\u00fdm podmienkam. Navrhnut\u00e9 s oh\u013eadom na odolnos\u0165 vo\u010di opotrebovaniu a kor\u00f3zii, \u010d\u00edm sa predl\u017euje ich \u017eivotnos\u0165.<\/li>\n<li>Efekt\u00edvna hydraulick\u00e1 prev\u00e1dzka: Vyu\u017e\u00edva tlak hydraulick\u00e9ho oleja na dosiahnutie plynul\u00e9ho vys\u00favania a zas\u00favania, dok\u00e1\u017ee r\u00fdchlo reagova\u0165 na ovl\u00e1dacie povely a poskytuje siln\u00e9 tla\u010dn\u00e9 a \u0165a\u017en\u00e9 sily, vhodn\u00e9 na manipul\u00e1ciu s \u0165a\u017ek\u00fdmi bremenami a zlo\u017eit\u00e9 prev\u00e1dzkov\u00e9 \u00falohy.<\/li>\n<li>R\u00f4zne typy: Pod\u013ea potrieb si m\u00f4\u017eete vybra\u0165 medzi jedno\u010dinn\u00fdmi (hydraulicky ovl\u00e1dan\u00e9 iba v jednom smere) alebo dvoj\u010dinn\u00fdmi (hydraulicky ovl\u00e1dan\u00e9 v oboch smeroch) valcami, ktor\u00e9 sp\u013a\u0148aj\u00fa r\u00f4zne prev\u00e1dzkov\u00e9 po\u017eiadavky. Niektor\u00e9 modely s\u00fa teleskopick\u00e9, \u010do umo\u017e\u0148uje v\u00e4\u010d\u0161ie vysunutie bez zv\u00e4\u010d\u0161enia vonkaj\u0161\u00edch rozmerov, vhodn\u00e9 pre aplik\u00e1cie s obmedzen\u00fdm priestorom.<\/li>\n<li>Mo\u017enos\u0165 v\u00fdmeny: Na\u0161e produkty dok\u00e1\u017eu dokonale nahradi\u0165 tieto hydraulick\u00e9 valce.<\/li>\n<\/ul>\n<p><img decoding=\"async\" src=\"https:\/\/www.hydraulic-cylinders.net\/wp-content\/uploads\/2025\/01\/songte-cylinder-head-with-all-kinds-excavator-models.webp\" alt=\"Obr\u00e1zok produktu\"><\/p>\n<h2>Aplik\u00e1cie<\/h2>\n<h3>Stavebn\u00e9 vybavenie:<\/h3>\n<p>V bagroch s\u00fa nevyhnutn\u00e9 na kopanie, nakladanie a premiest\u0148ovanie zeminy alebo sutiny. V r\u00fdpadlo-naklada\u010doch pom\u00e1ha valec ly\u017eice pri v\u00fdkopov\u00fdch pr\u00e1cach aj zdv\u00edhan\u00ed.<\/p>\n<h3>Po\u013enohospod\u00e1rske stroje:<\/h3>\n<p>Pou\u017e\u00edva sa v \u010deln\u00fdch naklada\u010doch na naberanie, zdv\u00edhanie a prepravu p\u00f4dy, sena a in\u00fdch materi\u00e1lov.<\/p>\n<h3>R\u00fdpadl\u00e1:<\/h3>\n<p>Valec ly\u017eice umo\u017e\u0148uje v\u00fdkopov\u00e9 pr\u00e1ce t\u00fdm, \u017ee umo\u017e\u0148uje ly\u017eici prenikn\u00fa\u0165 do p\u00f4dy.<\/p>\n<h3>Naklada\u010de:<\/h3>\n<p>V \u010deln\u00fdch naklada\u010doch \u00fa\u010dinne pom\u00e1haj\u00fa pri zdv\u00edhan\u00ed a vykladan\u00ed tovaru.<\/p>\n<p><img decoding=\"async\" src=\"https:\/\/www.hydraulic-cylinders.net\/wp-content\/uploads\/2025\/01\/songte-oil-pipes-and-spare-parts.webp\" alt=\"Obr\u00e1zok aplik\u00e1cie\"><\/p>\n<h2>\u00davahy o dizajne a krit\u00e9ri\u00e1 v\u00fdberu<\/h2>\n<ul>\n<li>\u00danosnos\u0165: Diskutujte o schopnosti valca odol\u00e1va\u0165 za\u0165a\u017eeniu.<\/li>\n<li>Tesnenie: Vysvetlite d\u00f4le\u017eitos\u0165 spr\u00e1vneho utesnenia, aby sa zabr\u00e1nilo \u00faniku.<\/li>\n<li>Trvanlivos\u0165: Diskutujte o schopnosti valca odol\u00e1va\u0165 opotrebovaniu.<\/li>\n<li>Bezpe\u010dnos\u0165: Zd\u00f4raznite bezpe\u010dnostn\u00e9 aspekty po\u010das n\u00e1vrhu a prev\u00e1dzky.<\/li>\n<li>\u00dadr\u017eba: Diskutujte o jednoduchosti \u00fadr\u017eby a opravy.<\/li>\n<\/ul>\n<p><img decoding=\"async\" src=\"https:\/\/www.hydraulic-cylinders.net\/wp-content\/uploads\/2025\/01\/songte-oil-pipes-and-spare-parts.webp\" alt=\"Dizajnov\u00fd obr\u00e1zok\"><\/p>\n<h2>Tesnenie a mazanie<\/h2>\n<p>Valec pou\u017e\u00edva r\u00f4zne tesnenia, ako s\u00fa tesnenia piestov a tesnenia ty\u010d\u00ed, vyroben\u00e9 z materi\u00e1lov odoln\u00fdch vo\u010di opotrebovaniu, ako je polyuret\u00e1n a nitrilov\u00fd kau\u010duk. Teleso valca a z\u00e1vitov\u00e9 konce prech\u00e1dzaj\u00fa jemn\u00fdm opracovan\u00edm, aby sa zv\u00fd\u0161ila odolnos\u0165 vo\u010di opotrebovaniu. Na zabezpe\u010denie hladk\u00e9ho chodu je potrebn\u00e9 pravideln\u00e9 mazanie vhodn\u00fdm hydraulick\u00fdm olejom.<\/p>\n<h2>Kontrola a prevent\u00edvna \u00fadr\u017eba<\/h2>\n<ul>\n<li>Pravideln\u00e1 kontrola na zistenie ak\u00fdchko\u013evek zn\u00e1mok po\u0161kodenia alebo opotrebenia.<\/li>\n<li>Spr\u00e1vne mazanie pre hladk\u00fd chod valca.<\/li>\n<li>V\u00fdmena tesnenia na zabr\u00e1nenie \u00faniku a zachovanie v\u00fdkonu.<\/li>\n<li>Kalibra\u010dn\u00e9 kontroly na zabezpe\u010denie presnej prev\u00e1dzky.<\/li>\n<\/ul>\n<p><img decoding=\"async\" src=\"https:\/\/www.hydraulic-cylinders.net\/wp-content\/uploads\/2025\/01\/songte-chushion-collar.webp\" alt=\"Obr\u00e1zok \u00fadr\u017eby\"><\/p>\n<h2>Bezpe\u010dnostn\u00e9 aspekty a faktory prostredia<\/h2>\n<p>Pri pou\u017e\u00edvan\u00ed hydraulick\u00fdch valcov je d\u00f4le\u017eit\u00e9 dodr\u017eiava\u0165 bezpe\u010dnostn\u00e9 opatrenia, aby sa predi\u0161lo nehod\u00e1m, a zv\u00e1\u017ei\u0165 faktory prostredia, aby sa minimalizovali negat\u00edvne vplyvy.<\/p>\n<h2>Rie\u0161enie probl\u00e9mov a be\u017en\u00e9 probl\u00e9my<\/h2>\n<p>Diskutujte o be\u017en\u00fdch probl\u00e9moch, ktor\u00e9 m\u00f4\u017eu vznikn\u00fa\u0165, a poskytnite tipy a rie\u0161enia probl\u00e9mov, ktor\u00e9 \u010ditate\u013eom pom\u00f4\u017eu efekt\u00edvne diagnostikova\u0165 a rie\u0161i\u0165 probl\u00e9my. Pon\u00faknite prevent\u00edvne opatrenia na minimaliz\u00e1ciu potenci\u00e1lnych probl\u00e9mov.<\/p>\n<p><img decoding=\"async\" src=\"https:\/\/www.hydraulic-cylinders.net\/wp-content\/uploads\/2025\/01\/songte-bushings-with-all-kinds-of-excavator-models.webp\" alt=\"Obr\u00e1zok rie\u0161enia probl\u00e9mov\"><\/p>\n<h2>Inform\u00e1cie o spolo\u010dnosti<\/h2>\n<p>Sme v\u00fdrobca \u0161pecializuj\u00faci sa na n\u00e1hradn\u00e9 hydraulick\u00e9 valce. V\u010faka \u0161irokej ponuke produktov sme sa stali jedn\u00fdm z popredn\u00fdch v\u00fdrobcov a ve\u013ekoobchodn\u00fdch distrib\u00fatorov hydraulick\u00fdch valcov na dom\u00e1com aj medzin\u00e1rodnom trhu. Dodr\u017eiavame z\u00e1sady vynikaj\u00facej kvality a v na\u0161ej prepracovanej v\u00fdrobnej dielni sa spoliehame na industrializovan\u00e9 strat\u00e9gie riadenia v\u00fdroby. Neust\u00e1le zlep\u0161ujeme na\u0161u v\u00fdrobn\u00fa platformu vyu\u017e\u00edvan\u00edm technick\u00fdch talentov, najmodernej\u0161\u00edch digit\u00e1lnych v\u00fdrobn\u00fdch zariaden\u00ed a profesion\u00e1lneho testovacieho syst\u00e9mu. Na\u0161e siln\u00e9 kreat\u00edvne schopnosti n\u00e1m umo\u017e\u0148uj\u00fa uspokojova\u0165 rozmanit\u00e9 po\u017eiadavky z\u00e1kazn\u00edkov s vysokou efektivitou, presnos\u0165ou a kvalitou.<\/p>\n<p><img decoding=\"async\" src=\"https:\/\/www.hydraulic-cylinders.net\/wp-content\/uploads\/2025\/01\/songte-company-3.webp\" alt=\"Obr\u00e1zok spolo\u010dnosti\"><\/p>\n<ul>\n<li>Professionalism: Highlight the company&#8217;s expertise in the field.<\/li>\n<li>Medzin\u00e1rodn\u00e9 certifik\u00e1cie: Prediskutujte v\u0161etky relevantn\u00e9 certifik\u00e1cie.<\/li>\n<li>Slu\u017eby prisp\u00f4sobenia: Uve\u010fte dostupnos\u0165 rie\u0161en\u00ed na mieru.<\/li>\n<li>V\u00fdrobn\u00e9 zariadenia: Pop\u00ed\u0161te modern\u00e9 v\u00fdrobn\u00e9 zariadenia.<\/li>\n<li>After-Sales Service: Talk about the company&#8217;s commitment to providing excellent after-sales service.<\/li>\n<\/ul>\n<p>Autor: lyl<\/p>\n<p><\/body><br \/>\n<\/html><\/p>","protected":false},"excerpt":{"rendered":"<p>Bucket Cylinder For Zoomlion Middle Excavator ZE260E Bucket Cylinder For Zoomlion Middle Excavator ZE260E Introduction The bucket cylinder is a specially designed hydraulic cylinder used primarily to control the movement of the bucket in heavy machinery such as excavators, backhoe loaders, and front-end loaders. Its main function is to allow the bucket to perform lifting, [&hellip;]<\/p>","protected":false},"featured_media":14776,"comment_status":"open","ping_status":"closed","template":"","meta":{"_et_pb_use_builder":"","_et_pb_old_content":"","_et_gb_content_width":""},"product_brand":[],"product_cat":[1494],"product_tag":[1495,1496],"class_list":{"0":"post-15500","1":"product","2":"type-product","3":"status-publish","4":"has-post-thumbnail","6":"product_cat-bucket-cylinders","7":"product_tag-bucket-cylinders","8":"product_tag-hydraulic-cylinders","10":"first","11":"instock","12":"shipping-taxable","13":"product-type-simple"},"amp_enabled":true,"_links":{"self":[{"href":"https:\/\/www.hydraulic-cylinders.net\/sk\/wp-json\/wp\/v2\/product\/15500","targetHints":{"allow":["GET"]}}],"collection":[{"href":"https:\/\/www.hydraulic-cylinders.net\/sk\/wp-json\/wp\/v2\/product"}],"about":[{"href":"https:\/\/www.hydraulic-cylinders.net\/sk\/wp-json\/wp\/v2\/types\/product"}],"replies":[{"embeddable":true,"href":"https:\/\/www.hydraulic-cylinders.net\/sk\/wp-json\/wp\/v2\/comments?post=15500"}],"wp:featuredmedia":[{"embeddable":true,"href":"https:\/\/www.hydraulic-cylinders.net\/sk\/wp-json\/wp\/v2\/media\/14776"}],"wp:attachment":[{"href":"https:\/\/www.hydraulic-cylinders.net\/sk\/wp-json\/wp\/v2\/media?parent=15500"}],"wp:term":[{"taxonomy":"product_brand","embeddable":true,"href":"https:\/\/www.hydraulic-cylinders.net\/sk\/wp-json\/wp\/v2\/product_brand?post=15500"},{"taxonomy":"product_cat","embeddable":true,"href":"https:\/\/www.hydraulic-cylinders.net\/sk\/wp-json\/wp\/v2\/product_cat?post=15500"},{"taxonomy":"product_tag","embeddable":true,"href":"https:\/\/www.hydraulic-cylinders.net\/sk\/wp-json\/wp\/v2\/product_tag?post=15500"}],"curies":[{"name":"pracovn\u00fd list","href":"https:\/\/api.w.org\/{rel}","templated":true}]}}