{"id":15505,"date":"2025-01-19T14:36:53","date_gmt":"2025-01-19T14:36:53","guid":{"rendered":"https:\/\/www.hydraulic-cylinders.net\/product\/bucket-cylinder-for-zoomlion-large-excavator-ze330e\/"},"modified":"2025-01-19T14:36:55","modified_gmt":"2025-01-19T14:36:55","slug":"bucket-cylinder-for-zoomlion-large-excavator-ze330e","status":"publish","type":"product","link":"https:\/\/www.hydraulic-cylinders.net\/sk\/produkt\/bucket-cylinder-for-zoomlion-large-excavator-ze330e\/","title":{"rendered":"Valec vedra pre ve\u013ek\u00e9 r\u00fdpadlo Zoomlion ZE330E"},"content":{"rendered":"<h1>Valec vedra pre ve\u013ek\u00e9 r\u00fdpadlo Zoomlion ZE330E<\/h1>\n<h2>\u00davod<\/h2>\n<p>Hydraulick\u00fd valec ly\u017eice pre ve\u013ek\u00e9 r\u00fdpadlo Zoomlion ZE330E je \u0161peci\u00e1lne navrhnut\u00fd hydraulick\u00fd valec, ktor\u00fd sa pou\u017e\u00edva hlavne na ovl\u00e1danie pohybu ly\u017eice v \u0165a\u017ek\u00fdch strojoch, ako s\u00fa r\u00fdpadl\u00e1, r\u00fdpadlo-naklada\u010de a \u010deln\u00e9 naklada\u010de. Jeho hlavnou funkciou je umo\u017eni\u0165 zdv\u00edhanie, sp\u00fa\u0161\u0165anie a nakl\u00e1\u0148anie ly\u017eice, \u010do u\u013eah\u010duje vykon\u00e1vanie r\u00f4znych \u00faloh manipul\u00e1cie s materi\u00e1lom. V hydraulickom syst\u00e9me dosahuje valec ly\u017eice presn\u00e9 ovl\u00e1danie pohybu ly\u017eice zmenou tlaku hydraulick\u00e9ho oleja, \u010do umo\u017e\u0148uje obsluhe efekt\u00edvne manipulova\u0165 s \u0165a\u017ek\u00fdmi bremenami a prisp\u00f4sobi\u0165 sa zlo\u017eit\u00fdm pracovn\u00fdm prostrediam a r\u00f4znorod\u00fdm po\u017eiadavk\u00e1m na pr\u00e1cu.<\/p>\n<p><img decoding=\"async\" src=\"https:\/\/www.hydraulic-cylinders.net\/wp-content\/uploads\/2025\/01\/songte-company-2.webp\" alt=\"Valec vedra\" \/><\/p>\n<h2>Vlastnosti produktu<\/h2>\n<ul>\n<li>\n<h3>Vysok\u00e1 pevnos\u0165 a odolnos\u0165<\/h3>\n<p>Valce s kor\u010dekom s\u00fa zvy\u010dajne vyroben\u00e9 z vysokopevnostnej ocele alebo hlin\u00edka, s\u00fa schopn\u00e9 odol\u00e1va\u0165 vysok\u00e9mu tlaku a \u0165a\u017ek\u00fdm za\u0165a\u017eeniam, prisp\u00f4sobi\u0165 sa n\u00e1ro\u010dn\u00fdm pracovn\u00fdm podmienkam a s\u00fa navrhnut\u00e9 s oh\u013eadom na odolnos\u0165 vo\u010di opotrebovaniu a kor\u00f3zii, \u010do predl\u017euje ich \u017eivotnos\u0165.<\/p>\n<\/li>\n<li>\n<h3>Efekt\u00edvna hydraulick\u00e1 prev\u00e1dzka<\/h3>\n<p>Valce kor\u010dekov vyu\u017e\u00edvaj\u00fa tlak hydraulick\u00e9ho oleja na dosiahnutie plynul\u00e9ho teleskopick\u00e9ho pohybu, r\u00fdchlo reaguj\u00fa na ovl\u00e1dacie povely, poskytuj\u00fa siln\u00fa tla\u010dn\u00fa a \u0165a\u017en\u00fa silu a s\u00fa vhodn\u00e9 na manipul\u00e1ciu s \u0165a\u017ek\u00fdmi bremenami a zlo\u017eit\u00fdmi pracovn\u00fdmi \u00falohami.<\/p>\n<\/li>\n<li>\n<h3>R\u00f4zne typy<\/h3>\n<p>Valce kor\u010deka m\u00f4\u017eu by\u0165 jedno\u010dinn\u00e9 (s hydraulikou iba v jednom smere) alebo dvoj\u010dinn\u00e9 (s hydraulikou v oboch smeroch) v z\u00e1vislosti od po\u017eiadaviek a niektor\u00e9 modely s\u00fa teleskopick\u00e9, \u010do umo\u017e\u0148uje v\u00e4\u010d\u0161ie roztiahnutie bez zv\u00e4\u010d\u0161enia vonkaj\u0161\u00edch rozmerov, v\u010faka \u010domu s\u00fa vhodn\u00e9 pre aplik\u00e1cie s obmedzen\u00fdm priestorom.<\/p>\n<\/li>\n<li>\n<h3>V\u00fdmena produktov<\/h3>\n<p>Na\u0161e produkty dok\u00e1\u017eu dokonale nahradi\u0165 tieto hydraulick\u00e9 valce.<\/p>\n<\/li>\n<\/ul>\n<p><img decoding=\"async\" src=\"https:\/\/www.hydraulic-cylinders.net\/wp-content\/uploads\/2025\/01\/songte-cylinder-head-with-all-kinds-excavator-models.webp\" alt=\"Hlava valcov\" \/><\/p>\n<h2>Aplik\u00e1cie vedrov\u00e9ho valca<\/h2>\n<p>Valec s ko\u0161\u00edkom sa be\u017ene pou\u017e\u00edva v r\u00f4znych stavebn\u00fdch zariadeniach vr\u00e1tane:<\/p>\n<ul>\n<li>\n<h3>R\u00fdpadl\u00e1<\/h3>\n<p>Valec ly\u017eice umo\u017e\u0148uje kopanie t\u00fdm, \u017ee umo\u017e\u0148uje ly\u017eici prenikn\u00fa\u0165 do p\u00f4dy.<\/p>\n<\/li>\n<li>\n<h3>R\u00fdpadlo-naklada\u010de<\/h3>\n<p>Valec vedra pom\u00e1ha pri kopan\u00ed aj zdv\u00edhan\u00ed.<\/p>\n<\/li>\n<li>\n<h3>\u010celn\u00e9 naklada\u010de<\/h3>\n<p>Valec ly\u017eice pom\u00e1ha pri zdv\u00edhan\u00ed a nakl\u00e1\u0148an\u00ed ly\u017eice naklada\u010da, v\u010faka \u010domu je vykladanie a vysyp\u00e1vanie materi\u00e1lov efekt\u00edvne.<\/p>\n<\/li>\n<\/ul>\n<h2>\u00davahy o dizajne a krit\u00e9ri\u00e1 v\u00fdberu<\/h2>\n<p>Pri v\u00fdbere a navrhovan\u00ed valcov s kore\u010dkami je d\u00f4le\u017eit\u00e9 zv\u00e1\u017ei\u0165 k\u013e\u00fa\u010dov\u00e9 faktory, ako je nosnos\u0165, tesnenie, trvanlivos\u0165, bezpe\u010dnos\u0165 a \u00fadr\u017eba. Tu je nieko\u013eko d\u00f4le\u017eit\u00fdch bodov, ktor\u00e9 treba zv\u00e1\u017ei\u0165:<\/p>\n<ul>\n<li>\n<h3>Nosnos\u0165<\/h3>\n<p>Valec vedra mus\u00ed by\u0165 navrhnut\u00fd tak, aby odolal za\u0165a\u017eeniu, ktor\u00e9 unesie, a ktor\u00e9 je ur\u010den\u00e9 hmotnos\u0165ou manipulovan\u00e9ho materi\u00e1lu a silami p\u00f4sobiacimi na jeho pohyb.<\/p>\n<\/li>\n<li>\n<h3>Tesnenie a trvanlivos\u0165<\/h3>\n<p>Valce kor\u010dekov vy\u017eaduj\u00fa vysokokvalitn\u00e9 tesniace materi\u00e1ly, ako s\u00fa tesnenia piestov a ty\u010d\u00ed vyroben\u00e9 z materi\u00e1lov odoln\u00fdch vo\u010di opotrebovaniu, ako je polyuret\u00e1n a nitrilov\u00fd kau\u010duk. Je tie\u017e d\u00f4le\u017eit\u00e9 zabezpe\u010di\u0165 jemn\u00e9 o\u0161etrenie povrchu telesa valca a konca z\u00e1vitu, aby sa zlep\u0161ila odolnos\u0165 vo\u010di opotrebovaniu. Pravidelne je potrebn\u00e9 prid\u00e1va\u0165 spr\u00e1vne mno\u017estvo hydraulick\u00e9ho oleja na mazanie.<\/p>\n<\/li>\n<li>\n<h3>Bezpe\u010dnos\u0165 a \u00fadr\u017eba<\/h3>\n<p>Valce s kor\u010dekmi musia by\u0165 navrhnut\u00e9 s oh\u013eadom na bezpe\u010dnos\u0165, so zabudovan\u00fdmi bezpe\u010dnostn\u00fdmi prvkami, ako s\u00fa pretlakov\u00e9 ventily a uzatv\u00e1racie ventily, a musia sa tie\u017e \u013eahko udr\u017eiava\u0165 a opravova\u0165 v\u010faka \u013eahko vymenite\u013en\u00fdm a prestavite\u013en\u00fdm dielom a vhodn\u00fdm postupom \u00fadr\u017eby na pred\u013a\u017eenie ich \u017eivotnosti. <\/p>\n<\/li>\n<\/ul>\n<p><img decoding=\"async\" src=\"https:\/\/www.hydraulic-cylinders.net\/wp-content\/uploads\/2025\/01\/songte-oil-pipes-and-spare-parts.webp\" alt=\"Ropn\u00e9 potrubia\"\/><\/p>\n<h2>\u00dadr\u017eba a odstra\u0148ovanie probl\u00e9mov<\/h2>\n<p>Pravideln\u00e1 kontrola a prevent\u00edvna \u00fadr\u017eba s\u00fa nevyhnutn\u00e9 na udr\u017eanie valca vedra v dobrom prev\u00e1dzkovom stave. Tu je nieko\u013eko be\u017en\u00fdch \u00faloh \u00fadr\u017eby:<\/p>\n<ul>\n<li>\n<h3>Pravideln\u00e1 kontrola<\/h3>\n<p>Skontrolujte, \u010di nie s\u00fa na \u0148om nejak\u00e9 netesnosti, prelia\u010diny alebo \u0161krabance, uistite sa, \u017ee valec je spr\u00e1vne namazan\u00fd a \u010dist\u00fd, a skontrolujte hydraulick\u00e9 hadice a konektory, \u010di nie s\u00fa po\u0161koden\u00e9 alebo opotrebovan\u00e9.<\/p>\n<\/li>\n<li>\n<h3>Mazanie<\/h3>\n<p>Je d\u00f4le\u017eit\u00e9 pou\u017e\u00edva\u0165 spr\u00e1vny typ a mno\u017estvo hydraulick\u00e9ho oleja, aby sa zabezpe\u010dila hladk\u00e1 a efekt\u00edvna prev\u00e1dzka a aby sa zabr\u00e1nilo opotrebovaniu.<\/p>\n<\/li>\n<li>\n<h3>V\u00fdmena tesnenia a kontrola kalibr\u00e1cie<\/h3>\n<p>Vyme\u0148te opotrebovan\u00e9 tesniace diely a skontrolujte kalibr\u00e1ciu, vykonajte potrebn\u00e9 nastavenia, aby ste zabezpe\u010dili presn\u00fd pohyb valca.<\/p>\n<\/li>\n<\/ul>\n<p>Pri \u00fadr\u017ebe valca s vedrom je d\u00f4le\u017eit\u00e9 zv\u00e1\u017ei\u0165 spr\u00e1vnu in\u0161tal\u00e1ciu, mazanie a nastavenie, aby sa predi\u0161lo potenci\u00e1lnym probl\u00e9mom, ako s\u00fa \u00faniky, zn\u00ed\u017een\u00fd v\u00fdkon alebo \u00fapln\u00e9 zlyhanie. Poskytnutie spr\u00e1vneho poradenstva pri in\u0161tal\u00e1cii, pou\u017eitie vhodn\u00fdch mont\u00e1\u017enych konzol na upevnenie valca, odpor\u00fa\u010danie postupov kontroly, opravy a v\u00fdmeny a poskytnutie tipov na pred\u013a\u017eenie \u017eivotnosti valca s vedrom je nevyhnutn\u00e9.<\/p>\n<p><img decoding=\"async\" src=\"https:\/\/www.hydraulic-cylinders.net\/wp-content\/uploads\/2025\/01\/songte-chushion-collar.webp\" alt=\"Obojok Chushion\"\/><\/p>\n<h2>Bezpe\u010dnostn\u00e9 aspekty a faktory prostredia<\/h2>\n<p>Pri pr\u00e1ci s valcami na kore\u010dk\u00e1ch je d\u00f4le\u017eit\u00e9 dodr\u017eiava\u0165 bezpe\u010dnostn\u00e9 opatrenia, ako je nosenie vhodn\u00fdch ochrann\u00fdch prostriedkov, udr\u017eiavanie r\u00fak a oble\u010denia v dostato\u010dnej vzdialenosti od pohybliv\u00fdch \u010dast\u00ed a zabezpe\u010denie dobr\u00e9ho prev\u00e1dzkov\u00e9ho stavu zariadenia. Spr\u00e1vna likvid\u00e1cia hydraulick\u00e9ho oleja je tie\u017e d\u00f4le\u017eit\u00e1 pre ochranu \u017eivotn\u00e9ho prostredia.<\/p>\n<p><img decoding=\"async\" src=\"https:\/\/www.hydraulic-cylinders.net\/wp-content\/uploads\/2025\/01\/songte-bushings-with-all-kinds-of-excavator-models.webp\" alt=\"Puzdr\u00e1\"\/><\/p>\n<h2>O na\u0161ej spolo\u010dnosti<\/h2>\n<p>Sme v\u00fdrobcom n\u00e1hradn\u00fdch hydraulick\u00fdch valcov s kompletn\u00fdm sortimentom produktov a st\u00e1vame sa jedn\u00fdm z popredn\u00fdch v\u00fdrobcov a ve\u013ekoobchodn\u00edkov s hydraulick\u00fdmi valcami na dom\u00e1com aj medzin\u00e1rodnom trhu. Dodr\u017eiavame z\u00e1sady vynikaj\u00facej kvality, spoliehame sa na industrializovan\u00e9 strat\u00e9gie riadenia v\u00fdroby v diel\u0148ach zameran\u00fdch na jemn\u00fa v\u00fdrobu, neust\u00e1le zlep\u0161ujeme v\u00fdrobn\u00fa platformu, zlep\u0161ujeme v\u00fdrobn\u00fa linku na kvalitu produktov a m\u00e1me siln\u00e9 inova\u010dn\u00e9 schopnosti. Uspokojujeme rozmanit\u00e9 potreby z\u00e1kazn\u00edkov z\u00e1sadami vysokej \u00fa\u010dinnosti, vysokej presnosti a vysokej kvality.<\/p>\n<p>Na\u0161a spolo\u010dnos\u0165 poskytuje profesion\u00e1lne slu\u017eby, medzin\u00e1rodn\u00fa certifik\u00e1ciu, slu\u017eby na mieru, modern\u00e9 v\u00fdrobn\u00e9 zariadenia a popredajn\u00fd servis.<\/p>\n<p><img decoding=\"async\" src=\"https:\/\/hzpt.com\/wp-content\/uploads\/2024\/11\/songte-company-1.webp\" alt=\"Profil spolo\u010dnosti\"\/><\/p>\n<p>Autor: lyl<\/p>","protected":false},"excerpt":{"rendered":"<p>Bucket Cylinder For Zoomlion Large Excavator ZE330E Introduction The bucket cylinder for Zoomlion large excavator ZE330E is a specially designed hydraulic cylinder mainly used to control the movement of the bucket in heavy machinery such as excavators, backhoe loaders, and front loaders. Its main function is to enable the bucket to lift, lower, and tilt, [&hellip;]<\/p>","protected":false},"featured_media":14762,"comment_status":"open","ping_status":"closed","template":"","meta":{"_et_pb_use_builder":"","_et_pb_old_content":"","_et_gb_content_width":""},"product_brand":[],"product_cat":[1494],"product_tag":[1495,1496],"class_list":{"0":"post-15505","1":"product","2":"type-product","3":"status-publish","4":"has-post-thumbnail","6":"product_cat-bucket-cylinders","7":"product_tag-bucket-cylinders","8":"product_tag-hydraulic-cylinders","10":"first","11":"instock","12":"shipping-taxable","13":"product-type-simple"},"amp_enabled":true,"_links":{"self":[{"href":"https:\/\/www.hydraulic-cylinders.net\/sk\/wp-json\/wp\/v2\/product\/15505","targetHints":{"allow":["GET"]}}],"collection":[{"href":"https:\/\/www.hydraulic-cylinders.net\/sk\/wp-json\/wp\/v2\/product"}],"about":[{"href":"https:\/\/www.hydraulic-cylinders.net\/sk\/wp-json\/wp\/v2\/types\/product"}],"replies":[{"embeddable":true,"href":"https:\/\/www.hydraulic-cylinders.net\/sk\/wp-json\/wp\/v2\/comments?post=15505"}],"wp:featuredmedia":[{"embeddable":true,"href":"https:\/\/www.hydraulic-cylinders.net\/sk\/wp-json\/wp\/v2\/media\/14762"}],"wp:attachment":[{"href":"https:\/\/www.hydraulic-cylinders.net\/sk\/wp-json\/wp\/v2\/media?parent=15505"}],"wp:term":[{"taxonomy":"product_brand","embeddable":true,"href":"https:\/\/www.hydraulic-cylinders.net\/sk\/wp-json\/wp\/v2\/product_brand?post=15505"},{"taxonomy":"product_cat","embeddable":true,"href":"https:\/\/www.hydraulic-cylinders.net\/sk\/wp-json\/wp\/v2\/product_cat?post=15505"},{"taxonomy":"product_tag","embeddable":true,"href":"https:\/\/www.hydraulic-cylinders.net\/sk\/wp-json\/wp\/v2\/product_tag?post=15505"}],"curies":[{"name":"pracovn\u00fd list","href":"https:\/\/api.w.org\/{rel}","templated":true}]}}