{"id":15506,"date":"2025-01-19T14:36:57","date_gmt":"2025-01-19T14:36:57","guid":{"rendered":"https:\/\/www.hydraulic-cylinders.net\/product\/bucket-cylinder-for-zoomlion-large-excavator-ze520e\/"},"modified":"2025-01-19T14:36:59","modified_gmt":"2025-01-19T14:36:59","slug":"bucket-cylinder-for-zoomlion-large-excavator-ze520e","status":"publish","type":"product","link":"https:\/\/www.hydraulic-cylinders.net\/sk\/produkt\/bucket-cylinder-for-zoomlion-large-excavator-ze520e\/","title":{"rendered":"Valec vedra pre ve\u013ek\u00e9 r\u00fdpadlo Zoomlion ZE520E"},"content":{"rendered":"<h1>Valec vedra pre ve\u013ek\u00e9 r\u00fdpadlo Zoomlion ZE520E<\/h1>\n<h2>\u00davod<\/h2>\n<p>Hydraulick\u00fd valec ly\u017eice pre ve\u013ek\u00e9 r\u00fdpadlo Zoomlion ZE520E je \u0161peci\u00e1lne navrhnut\u00fd hydraulick\u00fd valec, ktor\u00fd sa pou\u017e\u00edva hlavne na ovl\u00e1danie pohybu ly\u017eice v \u0165a\u017ek\u00fdch strojoch, ako s\u00fa r\u00fdpadl\u00e1, r\u00fdpadlo-naklada\u010de a \u010deln\u00e9 naklada\u010de. Jeho hlavnou funkciou je umo\u017eni\u0165 zdv\u00edhanie, sp\u00fa\u0161\u0165anie a nakl\u00e1\u0148anie ly\u017eice, \u010do u\u013eah\u010duje vykon\u00e1vanie r\u00f4znych \u00faloh manipul\u00e1cie s materi\u00e1lom. V hydraulickom syst\u00e9me valec ly\u017eice riadi presn\u00fd pohyb ly\u017eice prostredn\u00edctvom zmien tlaku hydraulick\u00e9ho oleja, \u010do umo\u017e\u0148uje obsluhe efekt\u00edvne manipulova\u0165 s \u0165a\u017ek\u00fdmi bremenami a prisp\u00f4sobi\u0165 sa zlo\u017eit\u00fdm pracovn\u00fdm podmienkam a r\u00f4znorod\u00fdm prev\u00e1dzkov\u00fdm potreb\u00e1m.<\/p>\n<p><img decoding=\"async\" src=\"https:\/\/www.hydraulic-cylinders.net\/wp-content\/uploads\/2025\/01\/songte-company-2.webp\" alt=\"Valec lopaty pre ve\u013ek\u00e9 r\u00fdpadlo Zoomlion ZE520E\"><\/p>\n<h2>Funkcie<\/h2>\n<ul>\n<li>Vysok\u00e1 pevnos\u0165 a odolnos\u0165: Zvy\u010dajne je vyroben\u00fd z vysokopevnostnej ocele alebo hlin\u00edka, odol\u00e1 vysok\u00e9mu tlaku a \u0165a\u017ek\u00fdm za\u0165a\u017eeniam, prisp\u00f4sob\u00ed sa n\u00e1ro\u010dn\u00fdm pracovn\u00fdm podmienkam a je navrhnut\u00fd s odolnos\u0165ou proti opotrebovaniu a kor\u00f3zii, aby sa pred\u013a\u017eila jeho \u017eivotnos\u0165.<\/li>\n<li>Efekt\u00edvna hydraulick\u00e1 prev\u00e1dzka: Plynul\u00e9 vys\u00favanie a s\u0165ahovanie sa dosahuje pomocou tlaku hydraulick\u00e9ho oleja, dok\u00e1\u017ee r\u00fdchlo reagova\u0165 na ovl\u00e1dacie povely, poskytuje siln\u00e9 tla\u010dn\u00e9 a \u0165a\u017en\u00e9 sily, vhodn\u00e9 na manipul\u00e1ciu s \u0165a\u017ek\u00fdmi bremenami a zlo\u017eit\u00e9 pracovn\u00e9 \u00falohy.<\/li>\n<li>R\u00f4zne typy: Jedno\u010dinn\u00e9 (hydraulick\u00fd pohon sa pou\u017e\u00edva iba v jednom smere) alebo dvoj\u010dinn\u00e9 (hydraulick\u00fd pohon sa pou\u017e\u00edva v oboch smeroch) valce je mo\u017en\u00e9 vybra\u0165 pod\u013ea potrieb, aby sa splnili r\u00f4zne prev\u00e1dzkov\u00e9 po\u017eiadavky. Niektor\u00e9 modely s\u00fa teleskopick\u00e9, \u010do umo\u017e\u0148uje v\u00e4\u010d\u0161ie vysunutie bez zv\u00e4\u010d\u0161enia vonkaj\u0161\u00edch rozmerov, vhodn\u00e9 pre aplik\u00e1cie s obmedzen\u00fdm priestorom.<\/li>\n<li>Vymenite\u013en\u00e9: Na\u0161e produkty dok\u00e1\u017eu dokonale nahradi\u0165 tieto hydraulick\u00e9 valce.<\/li>\n<\/ul>\n<p><img decoding=\"async\" src=\"https:\/\/www.hydraulic-cylinders.net\/wp-content\/uploads\/2025\/01\/songte-cylinder-head-with-all-kinds-excavator-models.webp\" alt=\"Valec lopaty pre ve\u013ek\u00e9 r\u00fdpadlo Zoomlion ZE520E\"><\/p>\n<h2>Aplik\u00e1cie<\/h2>\n<p>Valec kor\u010deka pre ve\u013ek\u00e9 r\u00fdpadlo Zoomlion ZE520E sa d\u00e1 pou\u017ei\u0165 v r\u00f4znych oblastiach vr\u00e1tane:<\/p>\n<ul>\n<li>Stavebn\u00e9 zariadenia: V bagroch s\u00fa nevyhnutn\u00e9 na kopanie, nakladanie a premiest\u0148ovanie zeminy alebo sutiny. V r\u00fdpadlo-naklada\u010doch pom\u00e1haj\u00fa valce ko\u0161\u00edkov pri kopan\u00ed a zdv\u00edhan\u00ed. <\/li>\n<li>Po\u013enohospod\u00e1rske stroje: Pou\u017e\u00edvaj\u00fa sa na \u010deln\u00e9 naklada\u010de, zdv\u00edhanie a prepravu p\u00f4dy, sena a in\u00fdch materi\u00e1lov. <\/li>\n<li>R\u00fdpadl\u00e1: Valce ly\u017eice umo\u017e\u0148uj\u00fa kopanie t\u00fdm, \u017ee umo\u017e\u0148uj\u00fa ly\u017eici prenikn\u00fa\u0165 do p\u00f4dy.<\/li>\n<li>Naklada\u010de: V \u010deln\u00fdch naklada\u010doch pom\u00e1haj\u00fa efekt\u00edvne zdv\u00edha\u0165 a nakl\u00e1\u0148a\u0165 n\u00e1klad.<\/li>\n<\/ul>\n<h2>\u00davahy o dizajne a krit\u00e9ri\u00e1 v\u00fdberu<\/h2>\n<p>Pokia\u013e ide o kon\u0161truk\u010dn\u00e9 aspekty, pri v\u00fdbere valca s vedrom je potrebn\u00e9 zoh\u013eadni\u0165 k\u013e\u00fa\u010dov\u00e9 faktory, ako je nosnos\u0165, tesnenie, trvanlivos\u0165, bezpe\u010dnos\u0165 a \u00fadr\u017eba. <\/p>\n<ul>\n<li>Nosnos\u0165: Valec by mal by\u0165 schopn\u00fd odola\u0165 vysok\u00e9mu tlaku a \u0165a\u017ek\u00fdm za\u0165a\u017eeniam, aby sa zabezpe\u010dila jeho spr\u00e1vna prev\u00e1dzka.<\/li>\n<li>Tesnenie: Pou\u017eitie r\u00f4znych tesnen\u00ed, ako s\u00fa tesnenia piestov a tesnenia ty\u010d\u00ed vyroben\u00fdch z materi\u00e1lov odoln\u00fdch vo\u010di opotrebovaniu, ako je polyuret\u00e1n a nitrilov\u00fd kau\u010duk, m\u00f4\u017ee pom\u00f4c\u0165 predch\u00e1dza\u0165 \u00faniku oleja a kontamin\u00e1cii.<\/li>\n<li>Trvanlivos\u0165: Povrch valca by mal by\u0165 presne spracovan\u00fd, aby sa zv\u00fd\u0161ila odolnos\u0165 vo\u010di opotrebovaniu a kor\u00f3zii a pred\u013a\u017eila sa tak jeho \u017eivotnos\u0165.<\/li>\n<li>Bezpe\u010dnos\u0165: Kon\u0161trukcia valca by mala by\u0165 bezpe\u010dn\u00e1 na pou\u017e\u00edvanie, minimalizuj\u00fac riziko neh\u00f4d a zranen\u00ed.<\/li>\n<li>\u00dadr\u017eba: Pr\u00edstup k d\u00f4le\u017eit\u00fdm \u010dastiam by mal by\u0165 jednoduch\u00fd, aby umo\u017e\u0148oval efekt\u00edvnu a v\u010dasn\u00fa v\u00fdmenu a opravu.<\/li>\n<\/ul>\n<p><img decoding=\"async\" src=\"https:\/\/www.hydraulic-cylinders.net\/wp-content\/uploads\/2025\/01\/songte-oil-pipes-and-spare-parts.webp\" alt=\"Valec lopaty pre ve\u013ek\u00e9 r\u00fdpadlo Zoomlion ZE520E\"><\/p>\n<h2>Tesnenie a mazanie<\/h2>\n<p>Valec kor\u010deka pre ve\u013ek\u00e9 r\u00fdpadlo Zoomlion ZE520E pou\u017e\u00edva r\u00f4zne tesniace komponenty, ako s\u00fa tesnenia piestov a tesnenia ty\u010d\u00ed, vyroben\u00e9 z materi\u00e1lov odoln\u00fdch proti opotrebovaniu, ako je polyuret\u00e1n a nitrilov\u00fd kau\u010duk, aby sa zabr\u00e1nilo \u00faniku oleja a kontamin\u00e1cii. Povrch valca je prec\u00edzne opracovan\u00fd, aby sa zv\u00fd\u0161ila odolnos\u0165 proti opotrebovaniu a kor\u00f3zii, a t\u00fdm sa pred\u013a\u017eila \u017eivotnos\u0165. Pravideln\u00e9 mazanie vhodn\u00fdm mno\u017estvom hydraulick\u00e9ho oleja je nevyhnutn\u00e9 na zabr\u00e1nenie opotrebovaniu tren\u00edm a na zabezpe\u010denie spr\u00e1vnej prev\u00e1dzky.<\/p>\n<p><img decoding=\"async\" src=\"https:\/\/www.hydraulic-cylinders.net\/wp-content\/uploads\/2025\/01\/songte-chushion-collar.webp\" alt=\"Valec lopaty pre ve\u013ek\u00e9 r\u00fdpadlo Zoomlion ZE520E\"><\/p>\n<h2>\u00dadr\u017eba a odstra\u0148ovanie probl\u00e9mov<\/h2>\n<p>Pravideln\u00e1 \u00fadr\u017eba je nevyhnutn\u00e1 na zabezpe\u010denie spr\u00e1vnej prev\u00e1dzky valca s ko\u0161\u00edkom a pred\u013a\u017eenie jeho \u017eivotnosti. Medzi be\u017en\u00e9 \u00falohy \u00fadr\u017eby patria pravideln\u00e9 kontroly, vhodn\u00e9 mazanie, v\u00fdmena tesnen\u00ed a kontroly kalibr\u00e1cie. Spr\u00e1vna in\u0161tal\u00e1cia, mazanie a nastavenie s\u00fa k\u013e\u00fa\u010dov\u00e9 pre zabezpe\u010denie efekt\u00edvnej prev\u00e1dzky valca s ko\u0161\u00edkom. D\u00f4le\u017eitos\u0165 spr\u00e1vneho zarovnania a pou\u017eitia vhodn\u00fdch mont\u00e1\u017enych konzol na upevnenie valca nemo\u017eno prece\u0148ova\u0165. K dispoz\u00edcii s\u00fa odpor\u00fa\u010dan\u00e9 postupy kontroly, opravy a v\u00fdmeny, poskytovanie n\u00e1hradn\u00fdch dielov a slu\u017eieb rekon\u0161trukcie a poskytovanie tipov na pred\u013a\u017eenie \u017eivotnosti valca. <\/p>\n<p><img decoding=\"async\" src=\"https:\/\/www.hydraulic-cylinders.net\/wp-content\/uploads\/2025\/01\/songte-bushings-with-all-kinds-of-excavator-models.webp\" alt=\"Valec lopaty pre ve\u013ek\u00e9 r\u00fdpadlo Zoomlion ZE520E\"><\/p>\n<h2>Bezpe\u010dnostn\u00e9 aspekty a faktory prostredia<\/h2>\n<p>Bezpe\u010dn\u00e1 prev\u00e1dzka valca s vedrom je kritick\u00e1 a pri in\u0161tal\u00e1cii, prev\u00e1dzke a \u00fadr\u017ebe valca by sa mali v\u017edy prija\u0165 bezpe\u010dnostn\u00e9 opatrenia. Pravideln\u00e9 kontroly a prevent\u00edvna \u00fadr\u017eba m\u00f4\u017eu pom\u00f4c\u0165 zn\u00ed\u017ei\u0165 potenci\u00e1lne probl\u00e9my a zabezpe\u010di\u0165 bezpe\u010dn\u00fa prev\u00e1dzku. Pre zabezpe\u010denie spr\u00e1vnej prev\u00e1dzky a zabr\u00e1nenie po\u0161kodenia valca je potrebn\u00e9 zoh\u013eadni\u0165 faktory prostredia, ako je teplota, vlhkos\u0165 a ter\u00e9n.<\/p>\n<h2>O na\u0161ej spolo\u010dnosti<\/h2>\n<p>Sme v\u00fdrobca hydraulick\u00fdch valcov, ktor\u00fd sa \u0161pecializuje na v\u00fdmenu hydraulick\u00fdch valcov. Na\u0161a spolo\u010dnos\u0165 pon\u00faka kompletn\u00fd sortiment produktov a stala sa jedn\u00fdm z popredn\u00fdch v\u00fdrobcov a ve\u013ekoobchodn\u00fdch distrib\u00fatorov hydraulick\u00fdch valcov na dom\u00e1com aj medzin\u00e1rodnom trhu. Dodr\u017eiavame vynikaj\u00facu kvalitu a spoliehame sa na strat\u00e9gie riadenia priemyselnej v\u00fdroby zalo\u017een\u00e9 na sofistikovan\u00fdch v\u00fdrobn\u00fdch diel\u0148ach, neust\u00e1le zlep\u0161ujeme na\u0161u v\u00fdrobn\u00fa platformu a zdokona\u013eujeme v\u00fdrobn\u00e9 linky zameran\u00e9 na kvalitu v\u00fdrobkov. M\u00e1me siln\u00e9 kreat\u00edvne schopnosti a poskytujeme efekt\u00edvne, presn\u00e9 a vysoko kvalitn\u00e9 slu\u017eby, ktor\u00e9 uspokojuj\u00fa rozmanit\u00e9 potreby z\u00e1kazn\u00edkov. <\/p>\n<p><img decoding=\"async\" src=\"https:\/\/hzpt.com\/wp-content\/uploads\/2024\/11\/songte-company-1.webp\" alt=\"Valec lopaty pre ve\u013ek\u00e9 r\u00fdpadlo Zoomlion ZE520E\"><\/p>\n<ul>\n<li>Profesionalita, medzin\u00e1rodn\u00e1 certifik\u00e1cia a slu\u017eby na mieru<\/li>\n<li>V\u00fdrobn\u00e9 zariadenia a popredajn\u00fd servis<\/li>\n<\/ul>\n<p>Autor: lyl<\/p>","protected":false},"excerpt":{"rendered":"<p>Bucket Cylinder For Zoomlion Large Excavator ZE520E Introduction The bucket cylinder for Zoomlion large excavator ZE520E is a specially designed hydraulic cylinder that is mainly used to control the movement of the bucket in heavy machinery such as excavators, backhoe loaders, and front-end loaders. Its main function is to enable the bucket to lift, lower, [&hellip;]<\/p>","protected":false},"featured_media":14761,"comment_status":"open","ping_status":"closed","template":"","meta":{"_et_pb_use_builder":"","_et_pb_old_content":"","_et_gb_content_width":""},"product_brand":[],"product_cat":[1494],"product_tag":[1495,1496],"class_list":{"0":"post-15506","1":"product","2":"type-product","3":"status-publish","4":"has-post-thumbnail","6":"product_cat-bucket-cylinders","7":"product_tag-bucket-cylinders","8":"product_tag-hydraulic-cylinders","10":"first","11":"instock","12":"shipping-taxable","13":"product-type-simple"},"amp_enabled":true,"_links":{"self":[{"href":"https:\/\/www.hydraulic-cylinders.net\/sk\/wp-json\/wp\/v2\/product\/15506","targetHints":{"allow":["GET"]}}],"collection":[{"href":"https:\/\/www.hydraulic-cylinders.net\/sk\/wp-json\/wp\/v2\/product"}],"about":[{"href":"https:\/\/www.hydraulic-cylinders.net\/sk\/wp-json\/wp\/v2\/types\/product"}],"replies":[{"embeddable":true,"href":"https:\/\/www.hydraulic-cylinders.net\/sk\/wp-json\/wp\/v2\/comments?post=15506"}],"wp:featuredmedia":[{"embeddable":true,"href":"https:\/\/www.hydraulic-cylinders.net\/sk\/wp-json\/wp\/v2\/media\/14761"}],"wp:attachment":[{"href":"https:\/\/www.hydraulic-cylinders.net\/sk\/wp-json\/wp\/v2\/media?parent=15506"}],"wp:term":[{"taxonomy":"product_brand","embeddable":true,"href":"https:\/\/www.hydraulic-cylinders.net\/sk\/wp-json\/wp\/v2\/product_brand?post=15506"},{"taxonomy":"product_cat","embeddable":true,"href":"https:\/\/www.hydraulic-cylinders.net\/sk\/wp-json\/wp\/v2\/product_cat?post=15506"},{"taxonomy":"product_tag","embeddable":true,"href":"https:\/\/www.hydraulic-cylinders.net\/sk\/wp-json\/wp\/v2\/product_tag?post=15506"}],"curies":[{"name":"pracovn\u00fd list","href":"https:\/\/api.w.org\/{rel}","templated":true}]}}