{"id":15507,"date":"2025-01-19T14:37:01","date_gmt":"2025-01-19T14:37:01","guid":{"rendered":"https:\/\/www.hydraulic-cylinders.net\/product\/bucket-cylinder-for-zoomlion-large-excavator-ze480esp\/"},"modified":"2025-01-19T14:37:03","modified_gmt":"2025-01-19T14:37:03","slug":"bucket-cylinder-for-zoomlion-large-excavator-ze480esp","status":"publish","type":"product","link":"https:\/\/www.hydraulic-cylinders.net\/sk\/produkt\/bucket-cylinder-for-zoomlion-large-excavator-ze480esp\/","title":{"rendered":"Valec vedra pre ve\u013ek\u00e9 r\u00fdpadlo Zoomlion ZE480ESP"},"content":{"rendered":"<h1>Valec vedra pre ve\u013ek\u00e9 r\u00fdpadlo Zoomlion ZE480ESP<\/h1>\n<h2>\u00davod<\/h2>\n<p>Hydraulick\u00fd valec ly\u017eice pre ve\u013ek\u00e9 r\u00fdpadl\u00e1 Zoomlion ZE480ESP je \u0161pecializovan\u00fd hydraulick\u00fd valec ur\u010den\u00fd na ovl\u00e1danie pohybu ly\u017eice v \u0165a\u017ek\u00fdch strojoch, ako s\u00fa r\u00fdpadl\u00e1, r\u00fdpadl\u00e1-naklada\u010de a \u010deln\u00e9 naklada\u010de. Jeho hlavnou funkciou je umo\u017eni\u0165 zdv\u00edhanie, sp\u00fa\u0161\u0165anie a nakl\u00e1\u0148anie ly\u017eice, \u010do u\u013eah\u010duje vykon\u00e1vanie r\u00f4znych \u00faloh manipul\u00e1cie s materi\u00e1lom. V hydraulickom syst\u00e9me valec ly\u017eice riadi presn\u00fd pohyb ly\u017eice zmenou tlaku hydraulick\u00e9ho oleja, \u010do umo\u017e\u0148uje obsluhe efekt\u00edvne manipulova\u0165 s \u0165a\u017ek\u00fdmi predmetmi a prisp\u00f4sobi\u0165 sa zlo\u017eit\u00fdm pracovn\u00fdm prostrediam a r\u00f4znorod\u00fdm po\u017eiadavk\u00e1m pr\u00e1ce. <\/p>\n<p><img decoding=\"async\" src=\"https:\/\/www.hydraulic-cylinders.net\/wp-content\/uploads\/2025\/01\/songte-company-2.webp\"><\/p>\n<h2>Funkcie<\/h2>\n<ul>\n<li>\n<h3>Vysok\u00e1 pevnos\u0165 a odolnos\u0165<\/h3>\n<p>Valce s kor\u010dekom s\u00fa zvy\u010dajne vyroben\u00e9 z vysokopevnostnej ocele alebo hlin\u00edka, s\u00fa schopn\u00e9 odol\u00e1va\u0165 vysok\u00e9mu tlaku a \u0165a\u017ek\u00fdm za\u0165a\u017eeniam a prisp\u00f4sobi\u0165 sa n\u00e1ro\u010dn\u00fdm pracovn\u00fdm podmienkam. Kon\u0161trukcia zoh\u013ead\u0148uje odolnos\u0165 vo\u010di opotrebovaniu a kor\u00f3zii, \u010d\u00edm sa predl\u017euje \u017eivotnos\u0165.<\/p>\n<\/li>\n<li>\n<h3>Efekt\u00edvna hydraulick\u00e1 prev\u00e1dzka<\/h3>\n<p>Valce kor\u010dekov vyu\u017e\u00edvaj\u00fa tlak hydraulick\u00e9ho oleja na dosiahnutie plynul\u00e9ho roz\u0165ahovania a s\u0165ahovania, dok\u00e1\u017eu r\u00fdchlo reagova\u0165 na ovl\u00e1dacie povely, poskytuj\u00fa siln\u00fa tla\u010dn\u00fa a \u0165a\u017en\u00fa silu a s\u00fa vhodn\u00e9 na manipul\u00e1ciu s \u0165a\u017ek\u00fdmi predmetmi a zlo\u017eit\u00e9 pracovn\u00e9 \u00falohy.<\/p>\n<\/li>\n<li>\n<h3>R\u00f4zne typy<\/h3>\n<p>Valce kor\u010deka m\u00f4\u017eu by\u0165 jedno\u010dinn\u00e9 (hydraulick\u00fd pohon sa pou\u017e\u00edva iba v jednom smere) alebo dvoj\u010dinn\u00e9 (hydraulick\u00fd pohon sa pou\u017e\u00edva v dvoch smeroch), ktor\u00e9 je mo\u017en\u00e9 vybra\u0165 pod\u013ea potrieb a splni\u0165 r\u00f4zne prev\u00e1dzkov\u00e9 po\u017eiadavky. Niektor\u00e9 modely s\u00fa teleskopick\u00e9, \u010do umo\u017e\u0148uje v\u00e4\u010d\u0161ie vysunutie bez zv\u00e4\u010d\u0161enia vonkaj\u0161\u00edch rozmerov, vhodn\u00e9 pre aplik\u00e1cie s obmedzen\u00fdm priestorom.<\/p>\n<\/li>\n<li>\n<h3>N\u00e1hradn\u00e9 produkty<\/h3>\n<p>Na\u0161e produkty dok\u00e1\u017eu dokonale nahradi\u0165 tieto hydraulick\u00e9 valce.<\/p>\n<\/li>\n<\/ul>\n<p><img decoding=\"async\" src=\"https:\/\/www.hydraulic-cylinders.net\/wp-content\/uploads\/2025\/01\/songte-cylinder-head-with-all-kinds-excavator-models.webp\"><\/p>\n<h2>Aplik\u00e1cie<\/h2>\n<p>Valec lopaty pre ve\u013ek\u00e9 r\u00fdpadlo Zoomlion ZE480ESP sa \u0161iroko pou\u017e\u00edva v r\u00f4znych \u0165a\u017ek\u00fdch strojoch na vykon\u00e1vanie r\u00f4znych \u00faloh. Medzi aplik\u00e1cie patria:<\/p>\n<ul>\n<li>\n<h3>Stavebn\u00e9 stroje<\/h3>\n<p>Stavebn\u00e9 stroje sa spoliehaj\u00fa na kore\u010dkov\u00e9 valce na kopanie, nakladanie a premiest\u0148ovanie zeminy alebo sutiny. V r\u00fdpadl\u00e1ch-bagroch pom\u00e1haj\u00fa kore\u010dkov\u00e9 valce pri v\u00fdkopov\u00fdch pr\u00e1cach a zdv\u00edhan\u00ed.<\/p>\n<\/li>\n<li>\n<h3>Po\u013enohospod\u00e1rske stroje<\/h3>\n<p>Valce ko\u0161\u00edkov sa pou\u017e\u00edvaj\u00fa pre \u010deln\u00e9 naklada\u010de na naberanie, zdv\u00edhanie a prepravu p\u00f4dy, sena a in\u00fdch materi\u00e1lov. V r\u00fdpadl\u00e1ch umo\u017e\u0148uj\u00fa valce ko\u0161\u00edkov kopanie t\u00fdm, \u017ee umo\u017e\u0148uj\u00fa ko\u0161\u00edku prenikn\u00fa\u0165 do p\u00f4dy.<\/p>\n<\/li>\n<li>\n<h3>Nakladacie zariadenie<\/h3>\n<p>Valce kor\u010dekov pom\u00e1haj\u00fa pri efekt\u00edvnom zdv\u00edhan\u00ed a vykladan\u00ed n\u00e1kladu v \u010deln\u00fdch naklada\u010doch.<\/p>\n<\/li>\n<\/ul>\n<h2>\u00davahy o dizajne a krit\u00e9ri\u00e1 v\u00fdberu<\/h2>\n<p>Valce s kor\u010dekom s\u00fa navrhnut\u00e9 tak, aby zvl\u00e1dali \u0165a\u017ek\u00e9 bremen\u00e1, tak\u017ee kon\u0161truk\u010dn\u00e9 aspekty a krit\u00e9ri\u00e1 v\u00fdberu s\u00fa k\u013e\u00fa\u010dov\u00e9 pre v\u00fdkon produktu. Medzi niektor\u00e9 z kon\u0161truk\u010dn\u00fdch aspektov patria:<\/p>\n<ul>\n<li>\n<h3>Nosnos\u0165<\/h3>\n<p>Schopnos\u0165 valca odol\u00e1va\u0165 \u0165a\u017ek\u00fdm za\u0165a\u017eeniam je ur\u010den\u00e1 nosnos\u0165ou, ktor\u00e1 sa vypo\u010d\u00edta na z\u00e1klade priemeru valca, ve\u013ekosti ty\u010de a menovit\u00e9ho tlaku.<\/p>\n<\/li>\n<li>\n<h3>Tesniace vlastnosti<\/h3>\n<p>Gumov\u00e9 tesnenia pou\u017e\u00edvan\u00e9 vo valci vedra musia odol\u00e1va\u0165 vysok\u00fdm teplot\u00e1m, vysok\u00e9mu tlaku a mo\u017enosti vniknutia abraz\u00edvnych \u010dast\u00edc. Be\u017ene sa pou\u017e\u00edva polyuret\u00e1nov\u00e1 a nitrilov\u00e1 guma.<\/p>\n<\/li>\n<li>\n<h3>Trvanlivos\u0165<\/h3>\n<p>Trvanlivos\u0165 valca je ur\u010den\u00e1 faktormi, ako je pou\u017eit\u00fd materi\u00e1l, povrchov\u00e1 \u00faprava a v\u00fdrobn\u00fd proces, ktor\u00e9 musia odol\u00e1va\u0165 n\u00e1ro\u010dn\u00fdm pracovn\u00fdm podmienkam a dlhodob\u00e9mu pou\u017e\u00edvaniu.<\/p>\n<\/li>\n<li>\n<h3>Bezpe\u010dnos\u0165 a \u00fadr\u017eba<\/h3>\n<p>Valce s vedrom musia sp\u013a\u0148a\u0165 bezpe\u010dnostn\u00e9 normy a vy\u017eaduj\u00fa si pravideln\u00fa \u00fadr\u017ebu, aby sa zabezpe\u010dil optim\u00e1lny v\u00fdkon a predi\u0161lo sa nehod\u00e1m.<\/p>\n<\/li>\n<\/ul>\n<p><img decoding=\"async\" src=\"https:\/\/www.hydraulic-cylinders.net\/wp-content\/uploads\/2025\/01\/songte-oil-pipes-and-spare-parts.webp\"><\/p>\n<h2>Tesnenie a mazanie produktu<\/h2>\n<p>Valce kor\u010dekov pou\u017e\u00edvaj\u00fa r\u00f4zne tesnenia, ako s\u00fa piestne tesnenia, tesnenia ty\u010d\u00ed a stieracie tesnenia, aby sa zabr\u00e1nilo \u00faniku hydraulickej kvapaliny. Tesnenia musia by\u0165 vyroben\u00e9 z materi\u00e1lov odoln\u00fdch vo\u010di opotrebovaniu, ako je polyuret\u00e1n a nitrilov\u00fd kau\u010duk. Povrch telesa valca a konce z\u00e1vitov vy\u017eaduj\u00fa presn\u00e9 opracovanie, aby sa zlep\u0161ila odolnos\u0165 vo\u010di opotrebovaniu. Pravideln\u00e9 mazanie valca zabra\u0148uje opotrebovaniu a zni\u017euje mo\u017enos\u0165 \u00faniku. <\/p>\n<h2>Pravideln\u00e1 kontrola a opatrenia prevent\u00edvnej \u00fadr\u017eby<\/h2>\n<p>Pravideln\u00e1 kontrola a prevent\u00edvna \u00fadr\u017eba valca vedra s\u00fa nevyhnutn\u00e9 pre zabezpe\u010denie dlhej \u017eivotnosti produktu. Medzi opatrenia patria:<\/p>\n<ul>\n<li>\n<h3>Pravideln\u00e1 kontrola<\/h3>\n<p>Pravideln\u00e1 kontrola exteri\u00e9ru valca, tesnen\u00ed a spojov s cie\u013eom identifikova\u0165 ak\u00e9ko\u013evek opotrebenie, po\u0161kodenie alebo \u00fanik.<\/p>\n<\/li>\n<li>\n<h3>Vhodn\u00e9 mazanie<\/h3>\n<p>Vhodn\u00e9 mazanie valca hydraulick\u00fdm olejom alebo mazivom, aby sa zabr\u00e1nilo opotrebovaniu a zn\u00ed\u017eila sa mo\u017enos\u0165 \u00faniku.<\/p>\n<\/li>\n<li>\n<h3>V\u00fdmena tesnenia a kontrola kalibr\u00e1cie<\/h3>\n<p>Pravideln\u00e1 v\u00fdmena tesnen\u00ed a kontrola kalibr\u00e1cie pre zabezpe\u010denie optim\u00e1lneho v\u00fdkonu.<\/p>\n<\/li>\n<\/ul>\n<p><img decoding=\"async\" src=\"https:\/\/www.hydraulic-cylinders.net\/wp-content\/uploads\/2025\/01\/songte-chushion-collar.webp\"><\/p>\n<h2>Bezpe\u010dnostn\u00e9 aspekty a faktory prostredia<\/h2>\n<p>Valce s kore\u010dkami sa pou\u017e\u00edvaj\u00fa v \u0165a\u017ek\u00fdch strojoch a vy\u017eaduj\u00fa si bezpe\u010dnostn\u00e9 opatrenia, ako je zabezpe\u010denie spr\u00e1vneho zarovnania a upevnenia valca. Faktory prostredia, ako je teplota a vlhkos\u0165, m\u00f4\u017eu ovplyvni\u0165 v\u00fdkon valca a je potrebn\u00e9 ich monitorova\u0165.<\/p>\n<h2>Diagnostika por\u00fach a be\u017en\u00e9 probl\u00e9my<\/h2>\n<p>Medzi be\u017en\u00e9 probl\u00e9my s valcami vedra patr\u00ed netesnos\u0165, posun valca a pomal\u00e1 doba odozvy. Diagnostika poruchy zah\u0155\u0148a identifik\u00e1ciu zdroja probl\u00e9mu a prijatie vhodn\u00fdch opatren\u00ed na jeho odstr\u00e1nenie. Prevent\u00edvne opatrenia, ako je pravideln\u00e1 kontrola a \u00fadr\u017eba, m\u00f4\u017eu zn\u00ed\u017ei\u0165 pravdepodobnos\u0165 probl\u00e9mov.<\/p>\n<p><img decoding=\"async\" src=\"https:\/\/www.hydraulic-cylinders.net\/wp-content\/uploads\/2025\/01\/songte-bushings-with-all-kinds-of-excavator-models.webp\"><\/p>\n<h2>O n\u00e1s<\/h2>\n<p>Sme popredn\u00fdm v\u00fdrobcom a ve\u013ekoobchodn\u00fdm distrib\u00fatorom hydraulick\u00fdch valcov na dom\u00e1com aj medzin\u00e1rodnom trhu. N\u00e1\u0161 produktov\u00fd rad je rozmanit\u00fd a sna\u017e\u00edme sa o vynikaj\u00facu kvalitu pomocou strat\u00e9gie riadenia v\u00fdroby zalo\u017eenej na industrializ\u00e1cii sofistikovan\u00fdch v\u00fdrobn\u00fdch dieln\u00ed. V\u010faka vyu\u017eitiu technologick\u00fdch talentov, \u0161pi\u010dkov\u00fdch digit\u00e1lnych v\u00fdrobn\u00fdch zariaden\u00ed a profesion\u00e1lneho testovacieho syst\u00e9mu neust\u00e1le zlep\u0161ujeme v\u00fdrobn\u00fa platformu, zlep\u0161ujeme kvalitu produktov a v\u00fdrobn\u00fdch postupov a m\u00e1me siln\u00e9 kreat\u00edvne schopnosti. Na\u0161\u00edm cie\u013eom je uspokoji\u0165 rozmanit\u00e9 potreby z\u00e1kazn\u00edkov s vysokou efektivitou, vysokou presnos\u0165ou a vysokou kvalitou.<\/p>\n<ul>\n<li>\n<h3>Profesionalita<\/h3>\n<p>M\u00e1me t\u00edm profesion\u00e1lnych in\u017einierov a technikov s rozsiahlymi sk\u00fasenos\u0165ami v oblasti n\u00e1vrhu a v\u00fdroby hydraulick\u00fdch valcov.<\/p>\n<\/li>\n<li>\n<h3>Medzin\u00e1rodn\u00e1 certifik\u00e1cia<\/h3>\n<p>Na\u0161e hydraulick\u00e9 valce s\u00fa certifikovan\u00e9 pod\u013ea noriem ISO 9001 a CE, \u010do zaru\u010duje kvalitu a bezpe\u010dnos\u0165.<\/p>\n<\/li>\n<li>\n<h3>Slu\u017eby prisp\u00f4sobenia<\/h3>\n<p>Pon\u00fakame slu\u017eby prisp\u00f4sobenia, ktor\u00e9 vyhovuj\u00fa \u0161pecifick\u00fdm po\u017eiadavk\u00e1m na\u0161ich z\u00e1kazn\u00edkov.<\/p>\n<\/li>\n<li>\n<h3>V\u00fdrobn\u00e9 zariadenia<\/h3>\n<p>Pou\u017e\u00edvame modern\u00e9 v\u00fdrobn\u00e9 zariadenia, ako s\u00fa CNC obr\u00e1bacie centr\u00e1, automatick\u00e9 zv\u00e1racie stroje a zariadenia na povrchov\u00fa \u00fapravu.<\/p>\n<\/li>\n<li>\n<h3>Popredajn\u00fd servis<\/h3>\n<p>Poskytujeme popredajn\u00fd servis vr\u00e1tane \u00fadr\u017eby, opr\u00e1v a v\u00fdmeny dielov, aby sme zabezpe\u010dili spokojnos\u0165 na\u0161ich z\u00e1kazn\u00edkov.<\/p>\n<\/li>\n<\/ul>\n<p><img decoding=\"async\" src=\"https:\/\/hzpt.com\/wp-content\/uploads\/2024\/11\/songte-company-1.webp\"><\/p>\n<h3>Autor: lyl<\/h3>","protected":false},"excerpt":{"rendered":"<p>Bucket Cylinder For Zoomlion Large Excavator ZE480ESP Introduction The Bucket Cylinder for Zoomlion Large Excavator ZE480ESP is a specialized hydraulic cylinder designed to control the movement of the bucket in heavy machinery such as excavators, backhoe excavators, and front-end loaders. Its main function is to enable the bucket to lift, lower, and tilt, making it [&hellip;]<\/p>","protected":false},"featured_media":14789,"comment_status":"open","ping_status":"closed","template":"","meta":{"_et_pb_use_builder":"","_et_pb_old_content":"","_et_gb_content_width":""},"product_brand":[],"product_cat":[1494],"product_tag":[1495,1496],"class_list":{"0":"post-15507","1":"product","2":"type-product","3":"status-publish","4":"has-post-thumbnail","6":"product_cat-bucket-cylinders","7":"product_tag-bucket-cylinders","8":"product_tag-hydraulic-cylinders","10":"first","11":"instock","12":"shipping-taxable","13":"product-type-simple"},"amp_enabled":true,"_links":{"self":[{"href":"https:\/\/www.hydraulic-cylinders.net\/sk\/wp-json\/wp\/v2\/product\/15507","targetHints":{"allow":["GET"]}}],"collection":[{"href":"https:\/\/www.hydraulic-cylinders.net\/sk\/wp-json\/wp\/v2\/product"}],"about":[{"href":"https:\/\/www.hydraulic-cylinders.net\/sk\/wp-json\/wp\/v2\/types\/product"}],"replies":[{"embeddable":true,"href":"https:\/\/www.hydraulic-cylinders.net\/sk\/wp-json\/wp\/v2\/comments?post=15507"}],"wp:featuredmedia":[{"embeddable":true,"href":"https:\/\/www.hydraulic-cylinders.net\/sk\/wp-json\/wp\/v2\/media\/14789"}],"wp:attachment":[{"href":"https:\/\/www.hydraulic-cylinders.net\/sk\/wp-json\/wp\/v2\/media?parent=15507"}],"wp:term":[{"taxonomy":"product_brand","embeddable":true,"href":"https:\/\/www.hydraulic-cylinders.net\/sk\/wp-json\/wp\/v2\/product_brand?post=15507"},{"taxonomy":"product_cat","embeddable":true,"href":"https:\/\/www.hydraulic-cylinders.net\/sk\/wp-json\/wp\/v2\/product_cat?post=15507"},{"taxonomy":"product_tag","embeddable":true,"href":"https:\/\/www.hydraulic-cylinders.net\/sk\/wp-json\/wp\/v2\/product_tag?post=15507"}],"curies":[{"name":"pracovn\u00fd list","href":"https:\/\/api.w.org\/{rel}","templated":true}]}}