{"id":15523,"date":"2025-01-19T14:38:11","date_gmt":"2025-01-19T14:38:11","guid":{"rendered":"https:\/\/www.hydraulic-cylinders.net\/product\/bucket-cylinder-for-sunward-middle-excavator-swe21elr\/"},"modified":"2025-01-19T14:38:13","modified_gmt":"2025-01-19T14:38:13","slug":"bucket-cylinder-for-sunward-middle-excavator-swe21elr","status":"publish","type":"product","link":"https:\/\/www.hydraulic-cylinders.net\/sk\/produkt\/bucket-cylinder-for-sunward-middle-excavator-swe21elr\/","title":{"rendered":"Valec korby pre stredn\u00fd bager Sunward SWE21ELR"},"content":{"rendered":"<h1>Valec korby pre stredn\u00fd bager Sunward SWE21ELR<\/h1>\n<h2>\u00davod<\/h2>\n<p>Hydraulick\u00fd valec ly\u017eice pre stredn\u00e9 r\u00fdpadlo Sunward SWE21ELR je \u0161pecializovan\u00fd hydraulick\u00fd valec ur\u010den\u00fd na ovl\u00e1danie pohybu ly\u017eice v \u0165a\u017ek\u00fdch strojoch, ako s\u00fa r\u00fdpadl\u00e1, r\u00fdpadlo-naklada\u010de a \u010deln\u00e9 naklada\u010de. Jeho hlavnou funkciou je umo\u017eni\u0165 zdv\u00edhanie, sp\u00fa\u0161\u0165anie a nakl\u00e1\u0148anie ly\u017eice, \u010do u\u013eah\u010duje vykon\u00e1vanie r\u00f4znych \u00faloh manipul\u00e1cie s materi\u00e1lom.<\/p>\n<p><img decoding=\"async\" src=\"https:\/\/www.hydraulic-cylinders.net\/wp-content\/uploads\/2025\/01\/songte-company-2.webp\" alt=\"Obr\u00e1zok valca vedra\"><\/p>\n<h3>Defin\u00edcia a vysvetlenie<\/h3>\n<p>V hydraulickom syst\u00e9me riadi valec ly\u017eice presn\u00fd pohyb ly\u017eice zmenou tlaku hydraulick\u00e9ho oleja, \u010do umo\u017e\u0148uje obsluhe efekt\u00edvne manipulova\u0165 s \u0165a\u017ek\u00fdmi bremenami a prisp\u00f4sobi\u0165 sa zlo\u017eit\u00fdm pracovn\u00fdm prostrediam a r\u00f4znorod\u00fdm prev\u00e1dzkov\u00fdm po\u017eiadavk\u00e1m.<\/p>\n<h2>Funkcie<\/h2>\n<ul>\n<li>Vysok\u00e1 pevnos\u0165 a odolnos\u0165: Zvy\u010dajne je vyroben\u00fd z vysokopevnostnej ocele alebo hlin\u00edka, odol\u00e1 vysok\u00e9mu tlaku a \u0165a\u017ek\u00fdm za\u0165a\u017eeniam, prisp\u00f4sob\u00ed sa n\u00e1ro\u010dn\u00fdm pracovn\u00fdm podmienkam, je navrhnut\u00fd pre odolnos\u0165 vo\u010di opotrebovaniu a kor\u00f3zii a predl\u017euje \u017eivotnos\u0165.<\/li>\n<li>Efekt\u00edvna hydraulick\u00e1 prev\u00e1dzka: Plynul\u00fd teleskopick\u00fd pohyb sa dosahuje tlakom hydraulick\u00e9ho oleja, ktor\u00fd dok\u00e1\u017ee r\u00fdchlo reagova\u0165 na ovl\u00e1dacie povely, poskytova\u0165 siln\u00e9 tla\u010dn\u00e9 a \u0165a\u017en\u00e9 sily a je vhodn\u00fd na manipul\u00e1ciu s \u0165a\u017ek\u00fdmi bremenami a zlo\u017eit\u00e9 prev\u00e1dzkov\u00e9 \u00falohy.<\/li>\n<li>R\u00f4zne typy: Jedno\u010dinn\u00e9 (hydraulick\u00fd pohon sa pou\u017e\u00edva iba v jednom smere) alebo dvoj\u010dinn\u00e9 (hydraulick\u00fd pohon sa pou\u017e\u00edva v dvoch smeroch) valce je mo\u017en\u00e9 vybra\u0165 pod\u013ea po\u017eiadaviek, aby sa splnili r\u00f4zne prev\u00e1dzkov\u00e9 potreby. Niektor\u00e9 modely s\u00fa teleskopick\u00e9, \u010do umo\u017e\u0148uje v\u00e4\u010d\u0161ie vysunutie bez zv\u00e4\u010d\u0161enia vonkaj\u0161\u00edch rozmerov, vhodn\u00e9 pre aplik\u00e1cie v obmedzenom priestore.<\/li>\n<li>V\u00fdmena produktu: N\u00e1\u0161 produkt dok\u00e1\u017ee dokonale nahradi\u0165 tieto hydraulick\u00e9 valce.<\/li>\n<\/ul>\n<p><img decoding=\"async\" src=\"https:\/\/www.hydraulic-cylinders.net\/wp-content\/uploads\/2025\/01\/songte-cylinder-head-with-all-kinds-excavator-models.webp\" alt=\"Obr\u00e1zok n\u00e1hradn\u00e9ho produktu\"><\/p>\n<h2>Aplik\u00e1cia<\/h2>\n<p>Valec s vedrom m\u00e1 \u0161irok\u00fa \u0161k\u00e1lu aplik\u00e1ci\u00ed vr\u00e1tane:<\/p>\n<ul>\n<li>Stavebn\u00e9 zariadenia: V bagroch s\u00fa nevyhnutn\u00e9 na kopanie, nakladanie a premiest\u0148ovanie zeminy alebo sutiny. V r\u00fdpadlo-naklada\u010doch pom\u00e1ha valec ly\u017eice pri kopan\u00ed aj zdv\u00edhan\u00ed. <\/li>\n<li>Po\u013enohospod\u00e1rske stroje: Pou\u017e\u00edvaj\u00fa sa na \u010deln\u00e9 naklada\u010de, naberanie, zdv\u00edhanie a prepravu p\u00f4dy, sena a in\u00fdch materi\u00e1lov. <\/li>\n<li>R\u00fdpadl\u00e1: Valec ly\u017eice dosahuje kopac\u00ed \u00fa\u010dinok t\u00fdm, \u017ee umo\u017e\u0148uje ly\u017eici prenikn\u00fa\u0165 do p\u00f4dy. <\/li>\n<li>\u010celn\u00e9 naklada\u010de: V \u010deln\u00fdch naklada\u010doch pom\u00e1haj\u00fa pri efekt\u00edvnom zdv\u00edhan\u00ed a nakl\u00e1\u0148an\u00ed tovaru.<\/li>\n<\/ul>\n<h2>\u00davahy o dizajne produktu a krit\u00e9ri\u00e1 v\u00fdberu<\/h2>\n<p>Medzi kon\u0161truk\u010dn\u00e9 aspekty a krit\u00e9ri\u00e1 v\u00fdberu valca s vedrom patria:<\/p>\n<h3>Nosnos\u0165<\/h3>\n<p>Nosnos\u0165 valca s ko\u0161\u00edkom je kritick\u00fdm faktorom po\u010das procesu n\u00e1vrhu a v\u00fdberu. Valec mus\u00ed by\u0165 schopn\u00fd unies\u0165 vysok\u00e9 za\u0165a\u017eenie a odol\u00e1va\u0165 vysokotlakov\u00fdm pracovn\u00fdm podmienkam.<\/p>\n<h3>Tesnenie<\/h3>\n<p>Valec kor\u010deka mus\u00ed ma\u0165 primeran\u00e9 tesniace zariadenia, aby sa zabr\u00e1nilo \u00faniku oleja. Tesnenia piestov, tesnenia ty\u010d\u00ed a stieracie tesnenia s\u00fa \u0161tandardn\u00e9 tesniace komponenty pou\u017e\u00edvan\u00e9 vo valci a musia by\u0165 vyroben\u00e9 z vysoko kvalitn\u00fdch materi\u00e1lov s dobrou odolnos\u0165ou proti opotrebovaniu.<\/p>\n<h3>Trvanlivos\u0165<\/h3>\n<p>Valec s vedrom mus\u00ed by\u0165 odoln\u00fd a schopn\u00fd odol\u00e1va\u0165 n\u00e1ro\u010dn\u00fdm pracovn\u00fdm podmienkam, ako s\u00fa vysok\u00e9 teploty, abraz\u00edvne prostredie a koroz\u00edvne l\u00e1tky. Telo a koncov\u00e9 uz\u00e1very valca musia by\u0165 vyroben\u00e9 z vysoko kvalitn\u00fdch materi\u00e1lov a o\u0161etren\u00e9 tak, aby sa zv\u00fd\u0161ila ich odolnos\u0165 vo\u010di opotrebovaniu.<\/p>\n<h3>Bezpe\u010dnos\u0165<\/h3>\n<p>Valec s vedrom mus\u00ed sp\u013a\u0148a\u0165 bezpe\u010dnostn\u00e9 normy a predpisy a musia by\u0165 nain\u0161talovan\u00e9 bezpe\u010dnostn\u00e9 prvky, ako s\u00fa pretlakov\u00e9 ventily a tlakomery, aby sa zabr\u00e1nilo pre\u0165a\u017eeniu alebo nadmern\u00e9mu tlaku.<\/p>\n<h3>\u00dadr\u017eba<\/h3>\n<p>Valec vedra sa mus\u00ed da\u0165 \u013eahko udr\u017eiava\u0165 a jeho komponenty by mali by\u0165 \u013eahko pr\u00edstupn\u00e9 na kontrolu alebo opravu. Je nevyhnutn\u00e9 dodr\u017eiava\u0165 pl\u00e1n \u00fadr\u017eby odpor\u00fa\u010dan\u00fd v\u00fdrobcom a pou\u017e\u00edva\u0165 vhodn\u00e9 maziv\u00e1 a kvapaliny.<\/p>\n<p><img decoding=\"async\" src=\"https:\/\/www.hydraulic-cylinders.net\/wp-content\/uploads\/2025\/01\/songte-oil-pipes-and-spare-parts.webp\" alt=\"Obr\u00e1zok \u010dast\u00ed hydraulick\u00e9ho valca\"><\/p>\n<h2>Tesnenie a mazanie<\/h2>\n<p>Valec kor\u010deka vy\u017eaduje pre efekt\u00edvnu prev\u00e1dzku spr\u00e1vne tesnenie a mazanie. R\u00f4zne tesniace komponenty, ako s\u00fa tesnenia piestov a tesnenia ty\u010d\u00ed, sa musia pravidelne kontrolova\u0165 a v pr\u00edpade potreby vymie\u0148a\u0165. Valec mus\u00ed by\u0165 vhodne mazan\u00fd hydraulick\u00fdm olejom, aby sa zabezpe\u010dila hladk\u00e1 prev\u00e1dzka.<\/p>\n<h2>Prevent\u00edvna \u00fadr\u017eba a opravy<\/h2>\n<p>Pravideln\u00e1 kontrola a prevent\u00edvna \u00fadr\u017eba s\u00fa nevyhnutn\u00e9 na pred\u013a\u017eenie \u017eivotnosti valca vedra a predch\u00e1dzanie z\u00e1va\u017en\u00fdm poruch\u00e1m. Medzi be\u017en\u00e9 \u00falohy \u00fadr\u017eby patria:<\/p>\n<h3>Pravideln\u00e1 kontrola<\/h3>\n<p>Pravidelne kontrolujte komponenty valca, ako s\u00fa tesnenia, ty\u010de a teleso, \u010di nie s\u00fa po\u0161koden\u00e9 alebo opotrebovan\u00e9. Skontrolujte, \u010di nie s\u00fa vidite\u013en\u00e9 zn\u00e1mky \u00faniku oleja alebo kontamin\u00e1cie.<\/p>\n<h3>Mazanie<\/h3>\n<p>Valec sa mus\u00ed pravidelne maza\u0165 hydraulick\u00fdm olejom. Dodr\u017eiavajte typ oleja odpor\u00fa\u010dan\u00fd v\u00fdrobcom a me\u0148te ho v odpor\u00fa\u010dan\u00fdch intervaloch.<\/p>\n<h3>V\u00fdmena tesnenia<\/h3>\n<p>Ak s\u00fa niektor\u00e9 tesnenia po\u0161koden\u00e9 alebo opotrebovan\u00e9, ihne\u010f ich vyme\u0148te, aby ste predi\u0161li \u00faniku alebo kontamin\u00e1cii oleja.<\/p>\n<p><img decoding=\"async\" src=\"https:\/\/www.hydraulic-cylinders.net\/wp-content\/uploads\/2025\/01\/songte-chushion-collar.webp\" alt=\"Obr\u00e1zok vank\u00fa\u0161ov\u00e9ho goliera\"><\/p>\n<h2>Bezpe\u010dnos\u0165 produktu a environment\u00e1lne aspekty<\/h2>\n<p>Pri obsluhe valca s vedrom je potrebn\u00e9 dodr\u017eiava\u0165 pr\u00edslu\u0161n\u00e9 bezpe\u010dnostn\u00e9 opatrenia. Je nevyhnutn\u00e9 dodr\u017eiava\u0165 v\u0161etky bezpe\u010dnostn\u00e9 pokyny a predpisy, aby sa predi\u0161lo nehod\u00e1m alebo po\u0161kodeniu valca alebo strojov. Okrem toho je nevyhnutn\u00e9 zlikvidova\u0165 ak\u00fdko\u013evek pou\u017eit\u00fd hydraulick\u00fd olej alebo in\u00e9 nebezpe\u010dn\u00e9 materi\u00e1ly v s\u00falade s miestnymi predpismi.<\/p>\n<h2>Diagnostika por\u00fach a rie\u0161enie probl\u00e9mov<\/h2>\n<p>Medzi be\u017en\u00e9 poruchy a probl\u00e9my s valcom vedra patr\u00ed \u00fanik oleja, nespr\u00e1vna prev\u00e1dzka a po\u0161kodenie tela valca alebo jeho komponentov. Spr\u00e1vne rie\u0161enie probl\u00e9mov a opravu mus\u00ed vykona\u0165 kvalifikovan\u00fd technik, aby sa predi\u0161lo \u010fal\u0161iemu po\u0161kodeniu alebo nehod\u00e1m.<\/p>\n<h2>Predstavenie spolo\u010dnosti<\/h2>\n<p>Sme popredn\u00fdm v\u00fdrobcom a ve\u013ekoobchodn\u00edkom hydraulick\u00fdch valcov na dom\u00e1com aj medzin\u00e1rodnom trhu. Na\u0161e v\u00fdrobky s\u00fa vynikaj\u00facej kvality a v na\u0161ich najmodernej\u0161\u00edch v\u00fdrobn\u00fdch diel\u0148ach, ktor\u00e9 s\u00fa vybaven\u00e9 najmodernej\u0161\u00edm digit\u00e1lnym v\u00fdrobn\u00fdm zariaden\u00edm, technologick\u00fdmi talentmi a profesion\u00e1lnymi testovac\u00edmi syst\u00e9mami, sa spoliehame na \u0161tandardn\u00e9 strat\u00e9gie riadenia v\u00fdroby. Neust\u00e1le zlep\u0161ujeme na\u0161u v\u00fdrobn\u00fa platformu, zdokona\u013eujeme na\u0161u v\u00fdrobn\u00fa linku zameran\u00fa na kvalitu v\u00fdrobkov a m\u00e1me siln\u00e9 tvoriv\u00e9 schopnosti, pri\u010dom vyu\u017e\u00edvame princ\u00edpy vysokej efektivity, vysokej presnosti a vysokej kvality, aby sme splnili rozmanit\u00e9 potreby z\u00e1kazn\u00edkov.<\/p>\n<p><img decoding=\"async\" src=\"https:\/\/hzpt.com\/wp-content\/uploads\/2024\/11\/songte-company-1.webp\" alt=\"Obr\u00e1zok spolo\u010dnosti\"><\/p>\n<h3>Profesionalita<\/h3>\n<p>M\u00e1me t\u00edm odborn\u00edkov, ktor\u00ed maj\u00fa sk\u00fasenosti a znalosti v oblasti n\u00e1vrhu, v\u00fdvoja a v\u00fdroby hydraulick\u00fdch valcov.<\/p>\n<h3>Medzin\u00e1rodn\u00e1 certifik\u00e1cia<\/h3>\n<p>Na\u0161e v\u00fdrobky z\u00edskali medzin\u00e1rodn\u00fa certifik\u00e1ciu syst\u00e9mu kvality ISO9001 a certifik\u00e1ciu CE, \u010do zabezpe\u010duje, \u017ee na\u0161e v\u00fdrobky sp\u013a\u0148aj\u00fa medzin\u00e1rodn\u00e9 normy a po\u017eiadavky.<\/p>\n<h3>Slu\u017eby prisp\u00f4sobenia<\/h3>\n<p>Poskytujeme tie\u017e slu\u017eby prisp\u00f4sobenia, aby sme splnili jedine\u010dn\u00e9 potreby z\u00e1kazn\u00edkov, vr\u00e1tane r\u00f4znych ve\u013ekost\u00ed, tvarov a \u0161pecifik\u00e1ci\u00ed produktov.<\/p>\n<h3>V\u00fdrobn\u00e9 zariadenia<\/h3>\n<p>Disponujeme modern\u00fdm digit\u00e1lnym v\u00fdrobn\u00fdm zariaden\u00edm vr\u00e1tane CNC s\u00fastruhov, br\u00fasok a automatick\u00fdch zv\u00e1ra\u010diek.<\/p>\n<h3>Popredajn\u00fd servis<\/h3>\n<p>Poskytujeme vynikaj\u00faci popredajn\u00fd servis a podporu vr\u00e1tane opr\u00e1v a v\u00fdmeny, aby sme zabezpe\u010dili spokojnos\u0165 z\u00e1kazn\u00edkov.<\/p>\n<p><img decoding=\"async\" src=\"https:\/\/www.hydraulic-cylinders.net\/wp-content\/uploads\/2025\/01\/songte-bushings-with-all-kinds-of-excavator-models.webp\" alt=\"Obr\u00e1zok puzdier\"><\/p>\n<p>Od lyl<\/p>","protected":false},"excerpt":{"rendered":"<p>Bucket Cylinder For Sunward Middle Excavator SWE21ELR Introduction The bucket cylinder for Sunward middle excavator SWE21ELR is a specialized hydraulic cylinder designed for controlling the movement of the shovel bucket in heavy machinery such as excavators, backhoe loaders, and front-end loaders. Its primary function is to enable the bucket to lift, lower, and tilt, making [&hellip;]<\/p>","protected":false},"featured_media":14788,"comment_status":"open","ping_status":"closed","template":"","meta":{"_et_pb_use_builder":"","_et_pb_old_content":"","_et_gb_content_width":""},"product_brand":[],"product_cat":[1494],"product_tag":[1495,1496],"class_list":{"0":"post-15523","1":"product","2":"type-product","3":"status-publish","4":"has-post-thumbnail","6":"product_cat-bucket-cylinders","7":"product_tag-bucket-cylinders","8":"product_tag-hydraulic-cylinders","10":"first","11":"instock","12":"shipping-taxable","13":"product-type-simple"},"amp_enabled":true,"_links":{"self":[{"href":"https:\/\/www.hydraulic-cylinders.net\/sk\/wp-json\/wp\/v2\/product\/15523","targetHints":{"allow":["GET"]}}],"collection":[{"href":"https:\/\/www.hydraulic-cylinders.net\/sk\/wp-json\/wp\/v2\/product"}],"about":[{"href":"https:\/\/www.hydraulic-cylinders.net\/sk\/wp-json\/wp\/v2\/types\/product"}],"replies":[{"embeddable":true,"href":"https:\/\/www.hydraulic-cylinders.net\/sk\/wp-json\/wp\/v2\/comments?post=15523"}],"wp:featuredmedia":[{"embeddable":true,"href":"https:\/\/www.hydraulic-cylinders.net\/sk\/wp-json\/wp\/v2\/media\/14788"}],"wp:attachment":[{"href":"https:\/\/www.hydraulic-cylinders.net\/sk\/wp-json\/wp\/v2\/media?parent=15523"}],"wp:term":[{"taxonomy":"product_brand","embeddable":true,"href":"https:\/\/www.hydraulic-cylinders.net\/sk\/wp-json\/wp\/v2\/product_brand?post=15523"},{"taxonomy":"product_cat","embeddable":true,"href":"https:\/\/www.hydraulic-cylinders.net\/sk\/wp-json\/wp\/v2\/product_cat?post=15523"},{"taxonomy":"product_tag","embeddable":true,"href":"https:\/\/www.hydraulic-cylinders.net\/sk\/wp-json\/wp\/v2\/product_tag?post=15523"}],"curies":[{"name":"pracovn\u00fd list","href":"https:\/\/api.w.org\/{rel}","templated":true}]}}