{"id":15528,"date":"2025-01-19T14:38:30","date_gmt":"2025-01-19T14:38:30","guid":{"rendered":"https:\/\/www.hydraulic-cylinders.net\/product\/bucket-cylinder-for-sunward-large-excavator-swe470e\/"},"modified":"2025-01-19T14:38:32","modified_gmt":"2025-01-19T14:38:32","slug":"bucket-cylinder-for-sunward-large-excavator-swe470e","status":"publish","type":"product","link":"https:\/\/www.hydraulic-cylinders.net\/sk\/produkt\/bucket-cylinder-for-sunward-large-excavator-swe470e\/","title":{"rendered":"Valec vedra pre ve\u013ek\u00e9 r\u00fdpadlo Sunward SWE470E"},"content":{"rendered":"<h1>Valec vedra pre ve\u013ek\u00e9 r\u00fdpadlo Sunward SWE470E<\/h1>\n<h2>\u00davod<\/h2>\n<p>Hydraulick\u00fd valec ly\u017eice je typ hydraulick\u00e9ho valca navrhnut\u00e9ho \u0161peci\u00e1lne na ovl\u00e1danie pohybu ly\u017eice v \u0165a\u017ek\u00fdch strojoch, ako s\u00fa bagre, r\u00fdpadl\u00e1 a \u010deln\u00e9 naklada\u010de. Jeho hlavnou funkciou je umo\u017eni\u0165 ly\u017eici zdv\u00edha\u0165, sp\u00fa\u0161\u0165a\u0165 a nakl\u00e1\u0148a\u0165, \u010do u\u013eah\u010duje vykon\u00e1vanie r\u00f4znych \u00faloh manipul\u00e1cie s materi\u00e1lom. V hydraulickom syst\u00e9me dosahuje valec ly\u017eice presn\u00e9 ovl\u00e1danie ly\u017eice prostredn\u00edctvom zmien tlaku hydraulick\u00e9ho oleja, \u010do umo\u017e\u0148uje obsluhe efekt\u00edvne manipulova\u0165 s \u0165a\u017ek\u00fdmi bremenami a prisp\u00f4sobova\u0165 sa zlo\u017eit\u00fdm pracovn\u00fdm prostrediam a r\u00f4znym prev\u00e1dzkov\u00fdm potreb\u00e1m.<\/p>\n<p><img decoding=\"async\" src=\"https:\/\/www.hydraulic-cylinders.net\/wp-content\/uploads\/2025\/01\/songte-company-2.webp\"><\/p>\n<h3>Funkcie<\/h3>\n<ul>\n<li><strong>Vysok\u00e1 pevnos\u0165 a odolnos\u0165:<\/strong> Valce s kor\u010dekmi, ktor\u00e9 s\u00fa zvy\u010dajne vyroben\u00e9 z vysokopevnostnej ocele alebo hlin\u00edka, odol\u00e1vaj\u00fa vysok\u00e9mu tlaku a \u0165a\u017ek\u00fdm za\u0165a\u017eeniam, prisp\u00f4sobuj\u00fa sa n\u00e1ro\u010dn\u00fdm pracovn\u00fdm podmienkam a s\u00fa navrhnut\u00e9 s odolnos\u0165ou vo\u010di oderu a kor\u00f3zii, aby sa pred\u013a\u017eila ich \u017eivotnos\u0165.<\/li>\n<li><strong>Efekt\u00edvna hydraulick\u00e1 prev\u00e1dzka:<\/strong> V\u010faka hydraulick\u00e9mu tlaku oleja na dosiahnutie plynul\u00e9ho vys\u00favania a s\u0165ahovania dok\u00e1\u017ee valec r\u00fdchlo reagova\u0165 na prev\u00e1dzkov\u00e9 povely a poskytova\u0165 siln\u00e9 tla\u010dn\u00e9 a \u0165a\u017en\u00e9 sily, vhodn\u00e9 na manipul\u00e1ciu s \u0165a\u017ek\u00fdmi bremenami a zlo\u017eit\u00e9 prev\u00e1dzkov\u00e9 \u00falohy.<\/li>\n<li><strong>\u0160irok\u00e1 \u0161k\u00e1la typov:<\/strong> Valce kor\u010dekov sa dod\u00e1vaj\u00fa v jedno\u010dinnom (hydraulicky ovl\u00e1dan\u00e9 v jednom smere) alebo dvoj\u010dinnom (hydraulicky ovl\u00e1dan\u00e9 v dvoch smeroch) preveden\u00ed, aby sp\u013a\u0148ali r\u00f4zne prev\u00e1dzkov\u00e9 potreby. Niektor\u00e9 modely s\u00fa teleskopick\u00e9, \u010do umo\u017e\u0148uje v\u00e4\u010d\u0161ie vysunutie bez zv\u00e4\u010d\u0161enia vonkaj\u0161\u00edch rozmerov, v\u010faka \u010domu s\u00fa ide\u00e1lne pre aplik\u00e1cie s obmedzen\u00fdm priestorom.<\/li>\n<\/ul>\n<p>Vieme vyrobi\u0165 a doda\u0165 perfektn\u00e9 n\u00e1hrady za tieto hydraulick\u00e9 valce. N\u00e1\u0161 produkt je mo\u017en\u00e9 prisp\u00f4sobi\u0165 pod\u013ea potrieb a \u0161pecifik\u00e1ci\u00ed z\u00e1kazn\u00edka.<\/p>\n<p><img decoding=\"async\" src=\"https:\/\/www.hydraulic-cylinders.net\/wp-content\/uploads\/2025\/01\/songte-cylinder-head-with-all-kinds-excavator-models.webp\"><\/p>\n<h2>Aplik\u00e1cie<\/h2>\n<p>Valce ko\u0161\u00edkov sa \u0161iroko pou\u017e\u00edvaj\u00fa v stavebn\u00fdch strojoch, po\u013enohospod\u00e1rskych strojoch, bagroch a \u010deln\u00fdch naklada\u010doch. S\u00fa nevyhnutn\u00e9 na kopanie, nakladanie a premiest\u0148ovanie zeminy alebo sutiny. V r\u00fdpadlo-naklada\u010doch pom\u00e1ha valec ko\u0161\u00edka pri kopan\u00ed a zdv\u00edhan\u00ed. V \u010deln\u00fdch naklada\u010doch pom\u00e1haj\u00fa pri efekt\u00edvnom zdv\u00edhan\u00ed a nakl\u00e1\u0148an\u00ed bremien.<\/p>\n<p>Nasleduj\u00fa niektor\u00e9 z ich oblast\u00ed pou\u017eitia:<\/p>\n<ul>\n<li><strong>Stavebn\u00e9 vybavenie:<\/strong> V stavebn\u00fdch strojoch sa pou\u017e\u00edvaj\u00fa na kopanie, nakladanie a premiest\u0148ovanie zeminy alebo sutiny. S\u00fa z\u00e1kladn\u00fdmi s\u00fa\u010das\u0165ami r\u00fdpadiel, r\u00fdpadiel-naklada\u010dov a \u010deln\u00fdch naklada\u010dov.<\/li>\n<li><strong>Po\u013enohospod\u00e1rske stroje:<\/strong> Pou\u017e\u00edvaj\u00fa sa v \u010deln\u00fdch naklada\u010doch a pom\u00e1haj\u00fa pri preprave p\u00f4dy, sena a in\u00fdch materi\u00e1lov.<\/li>\n<li><strong>R\u00fdpadl\u00e1:<\/strong> Valce na vedr\u00e1 pom\u00e1haj\u00fa pri kopan\u00ed a ich kon\u0161trukcia umo\u017e\u0148uje vedru prenikn\u00fa\u0165 cez p\u00f4du.<\/li>\n<li><strong>\u010celn\u00e9 naklada\u010de:<\/strong> S\u00fa nevyhnutn\u00e9 na efekt\u00edvne zdv\u00edhanie a vykladanie \u0165a\u017ek\u00fdch bremien.<\/li>\n<\/ul>\n<h2>\u00davahy o dizajne a krit\u00e9ri\u00e1 v\u00fdberu<\/h2>\n<p>Pri v\u00fdbere a navrhovan\u00ed valcov s ko\u0161\u00edkom je potrebn\u00e9 zv\u00e1\u017ei\u0165 nieko\u013eko faktorov, aby sa zabezpe\u010dil ich optim\u00e1lny v\u00fdkon a dlh\u00e1 \u017eivotnos\u0165, vr\u00e1tane:<\/p>\n<ul>\n<li><strong>Nosnos\u0165:<\/strong> Valce s kor\u010dekom musia by\u0165 navrhnut\u00e9 tak, aby odolali zna\u010dn\u00e9mu za\u0165a\u017eeniu a tlaku.<\/li>\n<li><strong>Tesnenie:<\/strong> Pou\u017eitie r\u00f4znych tesniacich komponentov, ako s\u00fa tesnenia piestov, tesnenia ty\u010d\u00ed at\u010f., je nevyhnutn\u00e9 na zabezpe\u010denie spr\u00e1vneho utesnenia a zabr\u00e1nenie \u00fanikom.<\/li>\n<li><strong>Trvanlivos\u0165:<\/strong> Kon\u0161trukcia valca by mala zoh\u013ead\u0148ova\u0165 odolnos\u0165 vo\u010di oderu a kor\u00f3zii, aby sa pred\u013a\u017eila jeho \u017eivotnos\u0165.<\/li>\n<li><strong>Bezpe\u010dnos\u0165:<\/strong> Mali by by\u0165 zahrnut\u00e9 bezpe\u010dnostn\u00e9 prvky, ako napr\u00edklad poistn\u00e9 ventily, aby sa predi\u0161lo poruch\u00e1m syst\u00e9mu a zraneniam obsluhy.<\/li>\n<li><strong>Udr\u017eiavate\u013enos\u0165:<\/strong> Kon\u0161trukcia valca by mala zoh\u013ead\u0148ova\u0165 jednoduch\u00fa \u00fadr\u017ebu a opravy.<\/li>\n<\/ul>\n<p><img decoding=\"async\" src=\"https:\/\/www.hydraulic-cylinders.net\/wp-content\/uploads\/2025\/01\/songte-oil-pipes-and-spare-parts.webp\"><\/p>\n<h2>Tesnenie a mazanie<\/h2>\n<p>Valce s kor\u010dekom vy\u017eaduj\u00fa pou\u017eitie r\u00f4znych tesniacich komponentov, ako s\u00fa piestne tesnenia, tesnenia ty\u010d\u00ed at\u010f., aby sa zabezpe\u010dilo spr\u00e1vne utesnenie a zabr\u00e1nilo sa \u00fanikom. Materi\u00e1ly ako polyuret\u00e1n a nitrilov\u00e1 guma sa be\u017ene pou\u017e\u00edvaj\u00fa pre svoju vysok\u00fa odolnos\u0165 proti oderu. Okrem toho je pre optim\u00e1lny v\u00fdkon valca nevyhnutn\u00e9 spr\u00e1vne mazanie hydraulick\u00fdm olejom. Pravideln\u00e9 v\u00fdmeny a kontroly oleja s\u00fa tie\u017e potrebn\u00e9, aby sa zabezpe\u010dilo, \u017ee valec pracuje hladko a s minim\u00e1lnym opotreben\u00edm.<\/p>\n<h2>\u00dadr\u017eba a opravy<\/h2>\n<p>Pravideln\u00e1 kontrola a prevent\u00edvna \u00fadr\u017eba s\u00fa nevyhnutn\u00e9 pre zabezpe\u010denie spr\u00e1vnej prev\u00e1dzky a dlh\u0161ej \u017eivotnosti valcov vedra. Medzi be\u017en\u00e9 \u00falohy \u00fadr\u017eby patria:<\/p>\n<ul>\n<li><strong>Pravideln\u00e1 kontrola:<\/strong> Pravideln\u00e9 kontroly m\u00f4\u017eu pom\u00f4c\u0165 odhali\u0165 probl\u00e9my sk\u00f4r, ako sa stan\u00fa z\u00e1va\u017en\u00fdmi. Kontrola \u00fanikov, po\u0161kodenia a opotrebovania je nevyhnutn\u00e1.<\/li>\n<li><strong>Spr\u00e1vne mazanie:<\/strong> Pravideln\u00e9 mazanie zais\u0165uje hladk\u00fd chod valca s minim\u00e1lnym opotreben\u00edm. <\/li>\n<li><strong>V\u00fdmena tesnenia:<\/strong> Tesnenia m\u00f4\u017ee by\u0165 potrebn\u00e9 pravidelne vymie\u0148a\u0165 z d\u00f4vodu opotrebovania. Je nevyhnutn\u00e9 pou\u017e\u00edva\u0165 kvalitn\u00e9 n\u00e1hradn\u00e9 tesnenia.<\/li>\n<\/ul>\n<p>Spr\u00e1vna in\u0161tal\u00e1cia je tie\u017e k\u013e\u00fa\u010dov\u00e1 pre zabezpe\u010denie optim\u00e1lneho v\u00fdkonu a dlhej \u017eivotnosti valca s vedro. Odpor\u00fa\u010da sa spr\u00e1vne vedenie pre zarovnanie a pou\u017eitie vhodn\u00fdch mont\u00e1\u017enych konzol na upevnenie valca. Taktie\u017e sa odpor\u00fa\u010da dodr\u017eiava\u0165 odpor\u00fa\u010dan\u00e9 postupy kontroly, opravy a v\u00fdmeny uveden\u00e9 v n\u00e1vode na pou\u017eitie od v\u00fdrobcu.<\/p>\n<p><img decoding=\"async\" src=\"https:\/\/www.hydraulic-cylinders.net\/wp-content\/uploads\/2025\/01\/songte-chushion-collar.webp\"><\/p>\n<h2>Bezpe\u010dnostn\u00e9 aspekty a faktory prostredia<\/h2>\n<p>Pri pou\u017e\u00edvan\u00ed vedrov\u00fdch valcov by sa mali prija\u0165 bezpe\u010dnostn\u00e9 opatrenia na predch\u00e1dzanie zraneniam a nehod\u00e1m. Patria sem riadne \u0161kolenie, pou\u017e\u00edvanie bezpe\u010dnostn\u00e9ho vybavenia, dodr\u017eiavanie stanoven\u00fdch bezpe\u010dnostn\u00fdch postupov a dodr\u017eiavanie v\u0161etk\u00fdch pr\u00edslu\u0161n\u00fdch bezpe\u010dnostn\u00fdch predpisov a smern\u00edc.<\/p>\n<p>Mali by sa zv\u00e1\u017ei\u0165 aj faktory prostredia, ako je \u00farove\u0148 hluku a emisi\u00ed produkovan\u00fdch valcom. Na zmiernenie potenci\u00e1lne \u0161kodliv\u00fdch \u00fa\u010dinkov m\u00f4\u017ee by\u0165 potrebn\u00e9 zavies\u0165 vhodn\u00e9 opatrenia, ako s\u00fa materi\u00e1ly na zn\u00ed\u017eenie hluku a syst\u00e9my na regul\u00e1ciu emisi\u00ed.<\/p>\n<h2>Be\u017en\u00e9 probl\u00e9my a ich rie\u0161enie<\/h2>\n<p>Medzi be\u017en\u00e9 probl\u00e9my, ktor\u00e9 sa m\u00f4\u017eu vyskytn\u00fa\u0165 pri pou\u017e\u00edvan\u00ed valcov s lopatou, patria \u00faniky hydraulickej kvapaliny, porucha valca a slab\u00fd v\u00fdkon. Spr\u00e1vne rie\u0161enie probl\u00e9mov, ako je kontrola netesnost\u00ed, kontrola po\u0161kodenia valca a overenie hladiny hydraulickej kvapaliny, m\u00f4\u017ee pom\u00f4c\u0165 identifikova\u0165 probl\u00e9m. V pr\u00edpade potreby by ste si mali pre\u0161tudova\u0165 n\u00e1vod na obsluhu od v\u00fdrobcu, kde n\u00e1jdete podrobnej\u0161ie pokyny na diagnostiku a opravu konkr\u00e9tnych probl\u00e9mov. Pravideln\u00e1 \u00fadr\u017eba m\u00f4\u017ee pom\u00f4c\u0165 predch\u00e1dza\u0165 t\u00fdmto probl\u00e9mom.<\/p>\n<p><img decoding=\"async\" src=\"https:\/\/www.hydraulic-cylinders.net\/wp-content\/uploads\/2025\/01\/songte-bushings-with-all-kinds-of-excavator-models.webp\"><\/p>\n<h2>O na\u0161ej spolo\u010dnosti<\/h2>\n<p>Sme v\u00fdrobcom hydraulick\u00fdch valcov a poskytujeme kompletn\u00fd sortiment produktov. Stali sme sa jedn\u00fdm z popredn\u00fdch v\u00fdrobcov a ve\u013ekoobchodn\u00fdch distrib\u00fatorov hydraulick\u00fdch valcov na dom\u00e1com aj medzin\u00e1rodnom trhu. Dodr\u017eiavame z\u00e1sadu vynikaj\u00facej kvality a spoliehame sa na strat\u00e9gie riadenia priemyselnej v\u00fdroby v prec\u00edzne spracovan\u00fdch v\u00fdrobn\u00fdch diel\u0148ach. Na\u0161a spolo\u010dnos\u0165 neust\u00e1le zlep\u0161uje efektivitu, presnos\u0165 a kvalitu v\u00fdrobnej platformy pomocou technologick\u00fdch talentov, \u0161pi\u010dkov\u00fdch digit\u00e1lnych v\u00fdrobn\u00fdch zariaden\u00ed a profesion\u00e1lnych testovac\u00edch syst\u00e9mov. Vyr\u00e1bame vysoko kvalitn\u00e9 valce, ktor\u00e9 sp\u013a\u0148aj\u00fa rozmanit\u00e9 potreby z\u00e1kazn\u00edkov, vr\u00e1tane slu\u017eieb na mieru.<\/p>\n<p>Medzi siln\u00e9 str\u00e1nky na\u0161ej spolo\u010dnosti patria:<\/p>\n<ul>\n<li><strong>Profesionalita:<\/strong> N\u00e1\u0161 t\u00edm odborn\u00edkov sa \u0161pecializuje na n\u00e1vrh a v\u00fdrobu hydraulick\u00fdch valcov, \u010d\u00edm zabezpe\u010duje kvalitu na\u0161ich produktov.<\/li>\n<li><strong>Medzin\u00e1rodn\u00e9 certifik\u00e1cie:<\/strong> Z\u00edskali sme r\u00f4zne medzin\u00e1rodn\u00e9 certifik\u00e1ty vr\u00e1tane certifik\u00e1tov ISO, CE a SGS, ktor\u00e9 preukazuj\u00fa vysok\u00fa kvalitu a bezpe\u010dnos\u0165 na\u0161ich produktov.<\/li>\n<li><strong>Prisp\u00f4soben\u00e9 slu\u017eby:<\/strong> Na\u0161e hydraulick\u00e9 valce vieme prisp\u00f4sobi\u0165 \u0161pecifick\u00fdm potreb\u00e1m z\u00e1kazn\u00edkov a poskytn\u00fa\u0165 im kon\u0161truk\u010dn\u00fa a technick\u00fa podporu.<\/li>\n<li><strong>Najmodernej\u0161ie v\u00fdrobn\u00e9 zariadenia:<\/strong> Na\u0161e modern\u00e9 v\u00fdrobn\u00e9 zariadenia zabezpe\u010duj\u00fa, \u017ee dok\u00e1\u017eeme efekt\u00edvne a presne vyr\u00e1ba\u0165 vysoko kvalitn\u00e9 hydraulick\u00e9 valce.<\/li>\n<li><strong>Vynikaj\u00faci popredajn\u00fd servis:<\/strong> Na\u0161a spolo\u010dnos\u0165 poskytuje vynikaj\u00faci popredajn\u00fd servis vr\u00e1tane opr\u00e1v, v\u00fdmeny a rekon\u0161trukci\u00ed.<\/li>\n<\/ul>\n<p><img decoding=\"async\" src=\"https:\/\/hzpt.com\/wp-content\/uploads\/2024\/11\/songte-company-1.webp\"><\/p>\n<p>Autor: lyl<\/p>","protected":false},"excerpt":{"rendered":"<p>Bucket Cylinder For Sunward Large Excavator SWE470E Introduction A bucket cylinder is a type of hydraulic cylinder designed specifically to control the movement of the bucket in heavy machinery such as excavators, backhoes, and front-end loaders. Its primary function is to enable the bucket to lift, lower, and tilt, making it easier to handle various [&hellip;]<\/p>","protected":false},"featured_media":14780,"comment_status":"open","ping_status":"closed","template":"","meta":{"_et_pb_use_builder":"","_et_pb_old_content":"","_et_gb_content_width":""},"product_brand":[],"product_cat":[1494],"product_tag":[1495,1496],"class_list":{"0":"post-15528","1":"product","2":"type-product","3":"status-publish","4":"has-post-thumbnail","6":"product_cat-bucket-cylinders","7":"product_tag-bucket-cylinders","8":"product_tag-hydraulic-cylinders","10":"first","11":"instock","12":"shipping-taxable","13":"product-type-simple"},"amp_enabled":true,"_links":{"self":[{"href":"https:\/\/www.hydraulic-cylinders.net\/sk\/wp-json\/wp\/v2\/product\/15528","targetHints":{"allow":["GET"]}}],"collection":[{"href":"https:\/\/www.hydraulic-cylinders.net\/sk\/wp-json\/wp\/v2\/product"}],"about":[{"href":"https:\/\/www.hydraulic-cylinders.net\/sk\/wp-json\/wp\/v2\/types\/product"}],"replies":[{"embeddable":true,"href":"https:\/\/www.hydraulic-cylinders.net\/sk\/wp-json\/wp\/v2\/comments?post=15528"}],"wp:featuredmedia":[{"embeddable":true,"href":"https:\/\/www.hydraulic-cylinders.net\/sk\/wp-json\/wp\/v2\/media\/14780"}],"wp:attachment":[{"href":"https:\/\/www.hydraulic-cylinders.net\/sk\/wp-json\/wp\/v2\/media?parent=15528"}],"wp:term":[{"taxonomy":"product_brand","embeddable":true,"href":"https:\/\/www.hydraulic-cylinders.net\/sk\/wp-json\/wp\/v2\/product_brand?post=15528"},{"taxonomy":"product_cat","embeddable":true,"href":"https:\/\/www.hydraulic-cylinders.net\/sk\/wp-json\/wp\/v2\/product_cat?post=15528"},{"taxonomy":"product_tag","embeddable":true,"href":"https:\/\/www.hydraulic-cylinders.net\/sk\/wp-json\/wp\/v2\/product_tag?post=15528"}],"curies":[{"name":"pracovn\u00fd list","href":"https:\/\/api.w.org\/{rel}","templated":true}]}}