{"id":15535,"date":"2025-01-19T14:39:09","date_gmt":"2025-01-19T14:39:09","guid":{"rendered":"https:\/\/www.hydraulic-cylinders.net\/product\/bucket-cylinder-for-lishide-small-excavator-sc85-8\/"},"modified":"2025-01-19T14:39:11","modified_gmt":"2025-01-19T14:39:11","slug":"bucket-cylinder-for-lishide-small-excavator-sc85-8","status":"publish","type":"product","link":"https:\/\/www.hydraulic-cylinders.net\/sk\/produkt\/bucket-cylinder-for-lishide-small-excavator-sc85-8\/","title":{"rendered":"Valec vedra pre mal\u00e9 r\u00fdpadlo Lishide SC85.8"},"content":{"rendered":"<h2>Valec vedra pre mal\u00e9 r\u00fdpadlo Lishide SC85.8<\/h2>\n<p>Hydraulick\u00fd valec pre mal\u00e9 r\u00fdpadl\u00e1 Lishide SC85.8 je \u0161pecializovan\u00fd hydraulick\u00fd valec ur\u010den\u00fd na ovl\u00e1danie pohybu r\u00fdpadla v \u0165a\u017ek\u00fdch strojoch, ako s\u00fa r\u00fdpadl\u00e1, r\u00fdpadlo-naklada\u010de a \u010deln\u00e9 naklada\u010de. Jeho hlavnou funkciou je umo\u017eni\u0165 zdv\u00edhanie, sp\u00fa\u0161\u0165anie a nakl\u00e1\u0148anie r\u00fdpadla, \u010do u\u013eah\u010duje r\u00f4zne \u00falohy manipul\u00e1cie s materi\u00e1lom.<\/p>\n<p>V hydraulickom syst\u00e9me dosahuje valec ly\u017eice presn\u00e9 ovl\u00e1danie ly\u017eice vyu\u017eit\u00edm zmien tlaku hydraulick\u00e9ho oleja, \u010do umo\u017e\u0148uje obsluhe efekt\u00edvne manipulova\u0165 s \u0165a\u017ek\u00fdmi bremenami a prisp\u00f4sobi\u0165 sa zlo\u017eit\u00fdm pracovn\u00fdm prostrediam a r\u00f4znorod\u00fdm prev\u00e1dzkov\u00fdm po\u017eiadavk\u00e1m.<\/p>\n<p><img decoding=\"async\" src=\"https:\/\/www.hydraulic-cylinders.net\/wp-content\/uploads\/2025\/01\/songte-company-2.webp\"><\/p>\n<h3>Vlastnosti produktu<\/h3>\n<ul>\n<li><strong>Vysok\u00e1 pevnos\u0165 a odolnos\u0165:<\/strong> Valec s ko\u0161\u00edkom, ktor\u00fd je zvy\u010dajne vyroben\u00fd z vysokopevnostnej ocele alebo hlin\u00edka, odol\u00e1 vysok\u00e9mu tlaku a \u0165a\u017ek\u00fdm za\u0165a\u017eeniam, \u010d\u00edm sa prisp\u00f4sob\u00ed n\u00e1ro\u010dn\u00fdm pracovn\u00fdm podmienkam. Jeho kon\u0161trukcia zoh\u013ead\u0148uje odolnos\u0165 vo\u010di opotrebovaniu a kor\u00f3zii, aby sa pred\u013a\u017eila jeho \u017eivotnos\u0165.<\/li>\n<li><strong>Efekt\u00edvna hydraulick\u00e1 prev\u00e1dzka:<\/strong> V\u010faka vyu\u017eitiu tlaku hydraulick\u00e9ho oleja dosahuje valec ly\u017eice plynul\u00e9 vys\u00favanie a zas\u00favanie, \u010do umo\u017e\u0148uje r\u00fdchlu odozvu na ovl\u00e1dacie povely a dod\u00e1va siln\u00e9 tla\u010dn\u00e9 a \u0165a\u017en\u00e9 sily, v\u010faka \u010domu je vhodn\u00fd na manipul\u00e1ciu s \u0165a\u017ek\u00fdmi bremenami a zlo\u017eit\u00fdmi \u00falohami.<\/li>\n<li><strong>Viacero typov:<\/strong> Valec kor\u010deka je mo\u017en\u00e9 zvoli\u0165 ako jedno\u010dinn\u00fd (hydraulick\u00fd tlak pou\u017e\u00edvan\u00fd iba v jednom smere) alebo dvoj\u010dinn\u00fd (hydraulick\u00fd tlak pou\u017e\u00edvan\u00fd v oboch smeroch) v z\u00e1vislosti od prev\u00e1dzkov\u00fdch po\u017eiadaviek. Niektor\u00e9 modely s\u00fa teleskopick\u00e9, \u010do umo\u017e\u0148uje v\u00e4\u010d\u0161ie vysunutie bez zv\u00e4\u010d\u0161enia vonkaj\u0161\u00edch rozmerov, v\u010faka \u010domu s\u00fa vhodn\u00e9 pre aplik\u00e1cie s obmedzen\u00fdm priestorom.<\/li>\n<li><strong>N\u00e1hrada za r\u00f4zne hydraulick\u00e9 valce:<\/strong> N\u00e1\u0161 produkt dok\u00e1\u017ee dokonale nahradi\u0165 r\u00f4zne hydraulick\u00e9 valce. <\/li>\n<\/ul>\n<p><img decoding=\"async\" src=\"https:\/\/www.hydraulic-cylinders.net\/wp-content\/uploads\/2025\/01\/songte-cylinder-head-with-all-kinds-excavator-models.webp\"><\/p>\n<h3>Aplik\u00e1cie<\/h3>\n<p>Valec s ko\u0161\u00edkom nach\u00e1dza uplatnenie v r\u00f4znych typoch zariaden\u00ed:<\/p>\n<ul>\n<li><strong>Stavebn\u00e9 vybavenie:<\/strong> Nach\u00e1dzaj\u00fa sa v bagroch a s\u00fa k\u013e\u00fa\u010dov\u00e9 pre kopanie, nakladanie a premiest\u0148ovanie zeminy alebo sutiny. V r\u00fdpadlo-naklada\u010doch pom\u00e1ha valec ly\u017eice pri kopan\u00ed aj zdv\u00edhan\u00ed.<\/li>\n<li><strong>Po\u013enohospod\u00e1rske stroje:<\/strong> Valec ly\u017eice, ktor\u00fd sa pou\u017e\u00edva v \u010deln\u00fdch naklada\u010doch, sa pou\u017e\u00edva na naberanie, zdv\u00edhanie a prepravu p\u00f4dy, sena a in\u00fdch materi\u00e1lov.<\/li>\n<li><strong>R\u00fdpadl\u00e1:<\/strong> Valec ly\u017eice umo\u017e\u0148uje v\u00fdkopov\u00e9 pr\u00e1ce t\u00fdm, \u017ee umo\u017e\u0148uje ly\u017eici prenikn\u00fa\u0165 do p\u00f4dy.<\/li>\n<li><strong>Naklada\u010de:<\/strong> V \u010deln\u00fdch naklada\u010doch pom\u00e1haj\u00fa pri efekt\u00edvnom zdv\u00edhan\u00ed a vykladan\u00ed tovaru.<\/li>\n<\/ul>\n<h3>\u00davahy o dizajne a krit\u00e9ri\u00e1 v\u00fdberu<\/h3>\n<p>Z h\u013eadiska dizajnu zohr\u00e1vaj\u00fa pri v\u00fdbere valca s ko\u0161\u00edkom k\u013e\u00fa\u010dov\u00fa \u00falohu k\u013e\u00fa\u010dov\u00e9 aspekty, ako je nosnos\u0165, tesnenie, odolnos\u0165, bezpe\u010dnos\u0165 a jednoduch\u00e1 \u00fadr\u017eba.<\/p>\n<p><img decoding=\"async\" src=\"https:\/\/www.hydraulic-cylinders.net\/wp-content\/uploads\/2025\/01\/songte-oil-pipes-and-spare-parts.webp\"><\/p>\n<h3>Tesnenie a mazanie<\/h3>\n<p>Valec kor\u010deka vyu\u017e\u00edva r\u00f4zne tesniace komponenty, ako s\u00fa tesnenia piestov a tesnenia ty\u010d\u00ed, vyroben\u00e9 z materi\u00e1lov odoln\u00fdch vo\u010di opotrebovaniu, ako je polyuret\u00e1n a nitrilov\u00fd kau\u010duk. Teleso valca a z\u00e1vitov\u00e9 koncov\u00e9 plochy prech\u00e1dzaj\u00fa d\u00f4kladnou \u00fapravou na zv\u00fd\u0161enie odolnosti vo\u010di opotrebovaniu. Pre plynul\u00fd chod je nevyhnutn\u00e9 pravideln\u00e9 mazanie vhodn\u00fdm mno\u017estvom hydraulick\u00e9ho oleja.<\/p>\n<h3>Pravideln\u00e1 kontrola a prevent\u00edvna \u00fadr\u017eba<\/h3>\n<p>Pre zabezpe\u010denie optim\u00e1lneho v\u00fdkonu a dlhej \u017eivotnosti by sa mali vykon\u00e1va\u0165 pravideln\u00e9 kontroly a prevent\u00edvne \u00fadr\u017eb\u00e1rske opatrenia:<\/p>\n<ul>\n<li>Po\u010das in\u0161tal\u00e1cie skontrolujte a udr\u017eujte spr\u00e1vne zarovnanie.<\/li>\n<li>Po\u010das in\u0161tal\u00e1cie pou\u017eite na upevnenie valca vhodn\u00e9 mont\u00e1\u017ene konzoly.<\/li>\n<li>Implementujte odpor\u00fa\u010dan\u00e9 postupy kontroly, opravy a v\u00fdmeny.<\/li>\n<li>Poskytujeme n\u00e1hradn\u00e9 diely a slu\u017eby repase, aby sme pred\u013a\u017eili \u017eivotnos\u0165 valca vedra.<\/li>\n<\/ul>\n<p><img decoding=\"async\" src=\"https:\/\/www.hydraulic-cylinders.net\/wp-content\/uploads\/2025\/01\/songte-chushion-collar.webp\"><\/p>\n<h3>Bezpe\u010dnostn\u00e9 aspekty a faktory prostredia<\/h3>\n<p>Pri pou\u017e\u00edvan\u00ed vedrov\u00fdch valcov je nevyhnutn\u00e9 dodr\u017eiava\u0165 bezpe\u010dnostn\u00e9 opatrenia, aby sa zabezpe\u010dila pohoda obsluhy a zmiernil vplyv na \u017eivotn\u00e9 prostredie.<\/p>\n<h3>Rie\u0161enie probl\u00e9mov a be\u017en\u00e9 probl\u00e9my<\/h3>\n<p>V pr\u00edpade por\u00fach je d\u00f4le\u017eit\u00e9 diagnostikova\u0165 a rie\u0161i\u0165 be\u017en\u00e9 probl\u00e9my okam\u017eite. Poskytovanie tipov a rie\u0161en\u00ed probl\u00e9mov pom\u00e1ha \u010ditate\u013eom efekt\u00edvne identifikova\u0165 a rie\u0161i\u0165 probl\u00e9my a z\u00e1rove\u0148 navrhuje prevent\u00edvne opatrenia na minimaliz\u00e1ciu potenci\u00e1lnych probl\u00e9mov.<\/p>\n<p><img decoding=\"async\" src=\"https:\/\/www.hydraulic-cylinders.net\/wp-content\/uploads\/2025\/01\/songte-bushings-with-all-kinds-of-excavator-models.webp\"><\/p>\n<p>Nezabudnite \u010dl\u00e1nok logicky usporiada\u0165, pre jednoduch\u0161iu navig\u00e1ciu pou\u017e\u00edva\u0165 podnadpisy, pre lep\u0161ie pochopenie zahrn\u00fa\u0165 relevantn\u00e9 obr\u00e1zky alebo grafy a zabezpe\u010di\u0165, aby bol obsah jasn\u00fd, stru\u010dn\u00fd a vhodn\u00fd pre \u010ditate\u013eov s r\u00f4znymi \u00farov\u0148ami technick\u00fdch znalost\u00ed.<\/p>\n<h2>O na\u0161ej spolo\u010dnosti<\/h2>\n<p>Sme v\u00fdrobcom n\u00e1hradn\u00fdch hydraulick\u00fdch valcov a pon\u00fakame \u0161irok\u00fd sortiment produktov. Ako jeden z popredn\u00fdch v\u00fdrobcov a ve\u013ekoobchodn\u00fdch distrib\u00fatorov hydraulick\u00fdch valcov na dom\u00e1com aj medzin\u00e1rodnom trhu uprednost\u0148ujeme vynikaj\u00facu kvalitu. Na\u0161a strat\u00e9gia riadenia industrializovanej v\u00fdroby sa opiera o kvalifikovan\u00fdch technikov, najmodernej\u0161ie digit\u00e1lne v\u00fdrobn\u00e9 zariadenia a profesion\u00e1lne testovacie syst\u00e9my. V\u010faka efekt\u00edvnym, presn\u00fdm a vysokokvalitn\u00fdm princ\u00edpom uspokojujeme rozmanit\u00e9 potreby na\u0161ich z\u00e1kazn\u00edkov.<\/p>\n<p><img decoding=\"async\" src=\"https:\/\/www.hydraulic-cylinders.net\/wp-content\/uploads\/2025\/01\/songte-company-3.webp\"><\/p>\n<p>Okrem toho poskytujeme komplexn\u00e9 inform\u00e1cie o na\u0161ej spolo\u010dnosti z h\u013eadiska odborn\u00fdch znalost\u00ed, medzin\u00e1rodn\u00fdch certifik\u00e1ci\u00ed, slu\u017eieb na mieru, v\u00fdrobn\u00fdch zariaden\u00ed a popredajn\u00e9ho servisu.<\/p>\n<p>Autor: lyl<\/p>","protected":false},"excerpt":{"rendered":"<p>Bucket Cylinder For Lishide Small Excavator SC85.8 The Bucket Cylinder for Lishide Small Excavator SC85.8 is a specialized hydraulic cylinder designed to control the movement of the bucket in heavy machinery such as excavators, backhoe loaders, and front loaders. Its main function is to enable the lifting, lowering, and tilting of the bucket, making it [&hellip;]<\/p>","protected":false},"featured_media":14762,"comment_status":"open","ping_status":"closed","template":"","meta":{"_et_pb_use_builder":"","_et_pb_old_content":"","_et_gb_content_width":""},"product_brand":[],"product_cat":[1494],"product_tag":[1495,1496],"class_list":{"0":"post-15535","1":"product","2":"type-product","3":"status-publish","4":"has-post-thumbnail","6":"product_cat-bucket-cylinders","7":"product_tag-bucket-cylinders","8":"product_tag-hydraulic-cylinders","10":"first","11":"instock","12":"shipping-taxable","13":"product-type-simple"},"amp_enabled":true,"_links":{"self":[{"href":"https:\/\/www.hydraulic-cylinders.net\/sk\/wp-json\/wp\/v2\/product\/15535","targetHints":{"allow":["GET"]}}],"collection":[{"href":"https:\/\/www.hydraulic-cylinders.net\/sk\/wp-json\/wp\/v2\/product"}],"about":[{"href":"https:\/\/www.hydraulic-cylinders.net\/sk\/wp-json\/wp\/v2\/types\/product"}],"replies":[{"embeddable":true,"href":"https:\/\/www.hydraulic-cylinders.net\/sk\/wp-json\/wp\/v2\/comments?post=15535"}],"wp:featuredmedia":[{"embeddable":true,"href":"https:\/\/www.hydraulic-cylinders.net\/sk\/wp-json\/wp\/v2\/media\/14762"}],"wp:attachment":[{"href":"https:\/\/www.hydraulic-cylinders.net\/sk\/wp-json\/wp\/v2\/media?parent=15535"}],"wp:term":[{"taxonomy":"product_brand","embeddable":true,"href":"https:\/\/www.hydraulic-cylinders.net\/sk\/wp-json\/wp\/v2\/product_brand?post=15535"},{"taxonomy":"product_cat","embeddable":true,"href":"https:\/\/www.hydraulic-cylinders.net\/sk\/wp-json\/wp\/v2\/product_cat?post=15535"},{"taxonomy":"product_tag","embeddable":true,"href":"https:\/\/www.hydraulic-cylinders.net\/sk\/wp-json\/wp\/v2\/product_tag?post=15535"}],"curies":[{"name":"pracovn\u00fd list","href":"https:\/\/api.w.org\/{rel}","templated":true}]}}