{"id":15540,"date":"2025-01-19T14:39:30","date_gmt":"2025-01-19T14:39:30","guid":{"rendered":"https:\/\/www.hydraulic-cylinders.net\/product\/bucket-cylinder-for-lishide-middle-excavator-sc240-8\/"},"modified":"2025-01-19T14:39:32","modified_gmt":"2025-01-19T14:39:32","slug":"bucket-cylinder-for-lishide-middle-excavator-sc240-8","status":"publish","type":"product","link":"https:\/\/www.hydraulic-cylinders.net\/sk\/produkt\/bucket-cylinder-for-lishide-middle-excavator-sc240-8\/","title":{"rendered":"Valec vedra pre stredn\u00fd bager Lishide SC240.8"},"content":{"rendered":"<h1>Valec vedra pre stredn\u00fd bager Lishide SC240.8<\/h1>\n<h2>\u00davod<\/h2>\n<p>Hydraulick\u00fd valec ly\u017eice je \u0161peci\u00e1lne navrhnut\u00fd hydraulick\u00fd valec, ktor\u00fd sa pou\u017e\u00edva hlavne na ovl\u00e1danie pohybu ly\u017e\u00edc v \u0165a\u017ek\u00fdch strojoch, ako s\u00fa bagre, r\u00fdpadlo-naklada\u010de a \u010deln\u00e9 naklada\u010de. Jeho hlavnou funkciou je umo\u017eni\u0165 ly\u017eici zdv\u00edha\u0165, sp\u00fa\u0161\u0165a\u0165 a nakl\u00e1\u0148a\u0165, \u010do u\u013eah\u010duje vykon\u00e1vanie r\u00f4znych \u00faloh manipul\u00e1cie s materi\u00e1lom. V hydraulickom syst\u00e9me dosahuje valec ly\u017eice presn\u00e9 ovl\u00e1danie ly\u017eice zmenou tlaku hydraulick\u00e9ho oleja, \u010do umo\u017e\u0148uje obsluhe efekt\u00edvne manipulova\u0165 s \u0165a\u017ek\u00fdmi predmetmi a prisp\u00f4sobova\u0165 sa zlo\u017eit\u00fdm pracovn\u00fdm prostrediam a r\u00f4znorod\u00fdm po\u017eiadavk\u00e1m pr\u00e1ce.<\/p>\n<p><img decoding=\"async\" src=\"https:\/\/www.hydraulic-cylinders.net\/wp-content\/uploads\/2025\/01\/songte-company-2.webp\" alt=\"Valec vedra pre stredn\u00fd bager Lishide SC240.8\"><\/p>\n<h2>Funkcie<\/h2>\n<ul>\n<li>Vysok\u00e1 pevnos\u0165 a odolnos\u0165: Zvy\u010dajne vyroben\u00e9 z vysokopevnostnej ocele alebo hlin\u00edka, schopn\u00e9 odol\u00e1va\u0165 vysok\u00e9mu tlaku a \u0165a\u017ek\u00fdm za\u0165a\u017eeniam, vhodn\u00e9 do n\u00e1ro\u010dn\u00fdch pracovn\u00fdch prostred\u00ed, navrhnut\u00e9 s oh\u013eadom na odolnos\u0165 vo\u010di opotrebovaniu a kor\u00f3zii a s pred\u013a\u017eenou \u017eivotnos\u0165ou.<\/li>\n<li>Efekt\u00edvna hydraulick\u00e1 prev\u00e1dzka: Dosahuje plynul\u00e9 pohyby vys\u00favania a zas\u00favania pomocou hydraulick\u00e9ho tlaku, r\u00fdchlo reaguje na ovl\u00e1dacie povely, poskytuje siln\u00fa tla\u010dn\u00fa a \u0165a\u017en\u00fa silu a je vhodn\u00e1 na manipul\u00e1ciu s \u0165a\u017ek\u00fdmi predmetmi a zlo\u017eit\u00fdmi \u00falohami.<\/li>\n<li>R\u00f4zne typy: Pod\u013ea potrieb je mo\u017en\u00e9 vybra\u0165 jedno\u010dinn\u00e9 (hydraulika sa pou\u017e\u00edva iba v jednom smere) alebo dvoj\u010dinn\u00e9 (hydraulika sa pou\u017e\u00edva v dvoch smeroch) valce, aby sa splnili r\u00f4zne prev\u00e1dzkov\u00e9 po\u017eiadavky. Niektor\u00e9 modely s\u00fa teleskopick\u00e9, \u010do umo\u017e\u0148uje v\u00e4\u010d\u0161ie vysunutie bez zv\u00e4\u010d\u0161enia vonkaj\u0161\u00edch rozmerov, vhodn\u00e9 pre aplik\u00e1cie s obmedzen\u00fdm priestorom.<\/li>\n<li>Dokonal\u00e1 n\u00e1hrada: N\u00e1\u0161 produkt dok\u00e1\u017ee dokonale nahradi\u0165 tieto hydraulick\u00e9 valce.<\/li>\n<\/ul>\n<p><img decoding=\"async\" src=\"https:\/\/www.hydraulic-cylinders.net\/wp-content\/uploads\/2025\/01\/songte-cylinder-head-with-all-kinds-excavator-models.webp\" alt=\"Valec vedra pre stredn\u00fd bager Lishide SC240.8\"><\/p>\n<h2>Aplik\u00e1cie<\/h2>\n<p>Valec s vedrom sa \u0161iroko pou\u017e\u00edva v r\u00f4znych oblastiach vr\u00e1tane:<\/p>\n<ul>\n<li>Stavebn\u00e9 zariadenia: V bagroch s\u00fa nevyhnutn\u00e9 na kopanie, nakladanie a premiest\u0148ovanie zeminy alebo sutiny. V r\u00fdpadlo-naklada\u010doch pom\u00e1ha valec ly\u017eice pri kopan\u00ed aj zdv\u00edhan\u00ed. <\/li>\n<li>Po\u013enohospod\u00e1rske stroje: Pou\u017e\u00edvaj\u00fa sa v \u010deln\u00fdch naklada\u010doch na naberanie, zdv\u00edhanie a prepravu p\u00f4dy, sena a in\u00fdch materi\u00e1lov.<\/li>\n<li>R\u00fdpadl\u00e1: Valec ly\u017eice dosahuje kopac\u00ed \u00fa\u010dinok t\u00fdm, \u017ee umo\u017e\u0148uje ly\u017eici prenikn\u00fa\u0165 do p\u00f4dy.<\/li>\n<li>Naklada\u010de: Pri \u010deln\u00fdch naklada\u010doch pom\u00e1ha pri efekt\u00edvnom zdv\u00edhan\u00ed a vykladan\u00ed tovaru.<\/li>\n<\/ul>\n<h2>\u00davahy o dizajne a krit\u00e9ri\u00e1 v\u00fdberu<\/h2>\n<p>Pri navrhovan\u00ed valca vedra je potrebn\u00e9 zv\u00e1\u017ei\u0165 k\u013e\u00fa\u010dov\u00e9 faktory ako jeho nosnos\u0165, tesnenie, trvanlivos\u0165, bezpe\u010dnos\u0165 a \u00fadr\u017ebu. <\/p>\n<ul>\n<li>Nosnos\u0165: Valec vedra mus\u00ed by\u0165 schopn\u00fd odola\u0165 vysok\u00e9mu tlaku a \u0165a\u017ek\u00fdm za\u0165a\u017eeniam.<\/li>\n<li>Tesnenie: R\u00f4zne tesniace prvky, ako s\u00fa tesniace kr\u00fa\u017eky piestov a tesniace kr\u00fa\u017eky ty\u010d\u00ed, by mali by\u0165 vyroben\u00e9 z materi\u00e1lov odoln\u00fdch vo\u010di opotrebovaniu, ako je polyuret\u00e1n a nitrilov\u00fd kau\u010duk. Teleso valca a povrch z\u00e1vitu by mali by\u0165 jemne opracovan\u00e9, aby sa zlep\u0161ila odolnos\u0165 vo\u010di opotrebovaniu, a na mazanie je potrebn\u00e9 pravidelne dop\u013a\u0148a\u0165 vhodn\u00fd hydraulick\u00fd olej.<\/li>\n<li>Trvanlivos\u0165: Valec vedra by mal by\u0165 navrhnut\u00fd s oh\u013eadom na odolnos\u0165 vo\u010di opotrebovaniu a kor\u00f3zii, aby sa pred\u013a\u017eila jeho \u017eivotnos\u0165.<\/li>\n<li>Bezpe\u010dnos\u0165: Spr\u00e1vna in\u0161tal\u00e1cia a \u00fadr\u017eba s\u00fa nevyhnutn\u00e9 pre zabezpe\u010denie bezpe\u010dnej a spo\u013eahlivej prev\u00e1dzky valca. <\/li>\n<li>\u00dadr\u017eba: Pravideln\u00e1 kontrola, mazanie a v\u00fdmena tesnen\u00ed s\u00fa nevyhnutn\u00e9 pre udr\u017eanie v\u00fdkonu valca a pred\u013a\u017eenie jeho \u017eivotnosti.<\/li>\n<\/ul>\n<p><img decoding=\"async\" src=\"https:\/\/www.hydraulic-cylinders.net\/wp-content\/uploads\/2025\/01\/songte-oil-pipes-and-spare-parts.webp\" alt=\"Valec vedra pre stredn\u00fd bager Lishide SC240.8\"><\/p>\n<h2>Tesnenie a mazanie<\/h2>\n<p>R\u00f4zne tesniace prvky, ako s\u00fa tesniace kr\u00fa\u017eky piestov a tesniace kr\u00fa\u017eky ty\u010d\u00ed, by mali by\u0165 vyroben\u00e9 z materi\u00e1lov odoln\u00fdch proti opotrebovaniu, ako je polyuret\u00e1n a nitrilov\u00fd kau\u010duk, aby sa zabezpe\u010dilo \u00fa\u010dinn\u00e9 utesnenie. Teleso valca a povrch z\u00e1vitu by mali by\u0165 jemne opracovan\u00e9, aby sa zlep\u0161ila odolnos\u0165 proti opotrebovaniu. Pravideln\u00e9 dop\u013a\u0148anie vhodn\u00e9ho hydraulick\u00e9ho oleja je nevyhnutn\u00e9 na mazanie a vhodn\u00e9 mazanie a utesnenie pom\u00f4\u017ee pred\u013a\u017ei\u0165 \u017eivotnos\u0165 valca.<\/p>\n<h2>\u00dadr\u017eba a opravy<\/h2>\n<p>Nasleduj\u00fa be\u017en\u00e9 \u00falohy \u00fadr\u017eby valca vedra:<\/p>\n<ul>\n<li>Pravideln\u00e1 kontrola<\/li>\n<li>Spr\u00e1vne mazanie<\/li>\n<li>V\u00fdmena tesnenia<\/li>\n<li>Kontrola kalibr\u00e1cie<\/li>\n<\/ul>\n<p>Spr\u00e1vna in\u0161tal\u00e1cia a nastavenie s\u00fa k\u013e\u00fa\u010dov\u00e9 pre spr\u00e1vne fungovanie valca s vedrom a po\u010das in\u0161tal\u00e1cie by sa malo zabezpe\u010di\u0165 spr\u00e1vne vedenie pre zarovnanie. Na upevnenie valca sa odpor\u00fa\u010da pou\u017eitie vhodn\u00fdch mont\u00e1\u017enych konzol. Poskytujeme tie\u017e n\u00e1hradn\u00e9 diely a slu\u017eby rekon\u0161trukcie, aby sme pred\u013a\u017eili \u017eivotnos\u0165 valca.<\/p>\n<p><img decoding=\"async\" src=\"https:\/\/www.hydraulic-cylinders.net\/wp-content\/uploads\/2025\/01\/songte-chushion-collar.webp\" alt=\"Valec vedra pre stredn\u00fd bager Lishide SC240.8\"><\/p>\n<h2>Bezpe\u010dnostn\u00e9 aspekty a faktory prostredia<\/h2>\n<p>Pri pou\u017e\u00edvan\u00ed hydraulick\u00e9ho valca s vedrom by sa mali dodr\u017eiava\u0165 bezpe\u010dnostn\u00e9 opatrenia, ako je spr\u00e1vna in\u0161tal\u00e1cia, pravideln\u00e1 kontrola a \u00fadr\u017eba, aby sa zabezpe\u010dila bezpe\u010dn\u00e1 a spo\u013eahliv\u00e1 prev\u00e1dzka. Spr\u00e1vna likvid\u00e1cia pou\u017eit\u00e9ho hydraulick\u00e9ho oleja je tie\u017e nevyhnutn\u00e1, aby sa zabr\u00e1nilo zne\u010disteniu \u017eivotn\u00e9ho prostredia.<\/p>\n<h2>Rie\u0161enie probl\u00e9mov a be\u017en\u00e9 probl\u00e9my<\/h2>\n<p>Nasleduj\u00fa be\u017en\u00e9 probl\u00e9my a tipy na rie\u0161enie probl\u00e9mov pri pou\u017e\u00edvan\u00ed valca vedra:<\/p>\n<ul>\n<li>Netesnos\u0165: Skontrolujte tesnenie, piestnu ty\u010d a teleso valca a v pr\u00edpade potreby vyme\u0148te po\u0161koden\u00fa \u010das\u0165.<\/li>\n<li>Slab\u00fd v\u00fdkon: Skontrolujte tlak, objem a kvalitu oleja v hydraulickom syst\u00e9me a pod\u013ea potreby upravte alebo vyme\u0148te komponenty syst\u00e9mu.<\/li>\n<li>Nezvy\u010dajn\u00fd hluk: Skontrolujte upevnenie, tesnenie a mazanie valca a v pr\u00edpade potreby opravte alebo vyme\u0148te po\u0161koden\u00fa \u010das\u0165.<\/li>\n<\/ul>\n<p>Prevent\u00edvne opatrenia, ako je pravideln\u00e1 kontrola, spr\u00e1vna in\u0161tal\u00e1cia a \u00fadr\u017eba, m\u00f4\u017eu pom\u00f4c\u0165 minimalizova\u0165 potenci\u00e1lne probl\u00e9my.<\/p>\n<p><img decoding=\"async\" src=\"https:\/\/www.hydraulic-cylinders.net\/wp-content\/uploads\/2025\/01\/songte-bushings-with-all-kinds-of-excavator-models.webp\" alt=\"Valec vedra pre stredn\u00fd bager Lishide SC240.8\"><\/p>\n<h2>O na\u0161ej spolo\u010dnosti<\/h2>\n<p>\u0160pecializujeme sa na v\u00fdrobu n\u00e1hradn\u00fdch hydraulick\u00fdch valcov a na\u0161e produkty pokr\u00fdvaj\u00fa \u0161irok\u00fa \u0161k\u00e1lu typov, v\u010faka \u010domu sme jedn\u00fdm z popredn\u00fdch v\u00fdrobcov a ve\u013ekoobchodn\u00edkov s hydraulick\u00fdmi valcami na dom\u00e1com aj medzin\u00e1rodnom trhu. Dodr\u017eiavame z\u00e1sadu vynikaj\u00facej kvality a spoliehame sa na industrializovan\u00e9 strat\u00e9gie riadenia v\u00fdroby v prec\u00edzne spracovan\u00fdch v\u00fdrobn\u00fdch diel\u0148ach. Neust\u00e1le zlep\u0161ujeme v\u00fdrobn\u00fa platformu, zdokona\u013eujeme v\u00fdrobn\u00fd postup zameran\u00fd na kvalitu v\u00fdrobkov a m\u00e1me siln\u00e9 kreat\u00edvne schopnosti uspokojova\u0165 rozmanit\u00e9 potreby z\u00e1kazn\u00edkov s vysokou efektivitou, presnos\u0165ou a kvalitou. <\/p>\n<p>Pon\u00fakame profesion\u00e1lnu medzin\u00e1rodn\u00fa certifik\u00e1ciu, prisp\u00f4soben\u00e9 slu\u017eby, modern\u00e9 v\u00fdrobn\u00e9 zariadenia a popredajn\u00fd servis, aby sme plne uspokojili potreby na\u0161ich z\u00e1kazn\u00edkov.<\/p>\n<p><img decoding=\"async\" src=\"https:\/\/hzpt.com\/wp-content\/uploads\/2024\/11\/songte-company-1.webp\" alt=\"Valec vedra pre stredn\u00fd bager Lishide SC240.8\"><\/p>\n<p><em>Autor: lyl<\/em><\/p>","protected":false},"excerpt":{"rendered":"<p>Bucket Cylinder for Lishide Middle Excavator SC240.8 Introduction A bucket cylinder is a specially designed hydraulic cylinder mainly used to control the movement of buckets in heavy machinery such as excavators, backhoe loaders, and front loaders. Its primary function is to enable the bucket to lift, lower, and tilt, making it easier to handle various [&hellip;]<\/p>","protected":false},"featured_media":14785,"comment_status":"open","ping_status":"closed","template":"","meta":{"_et_pb_use_builder":"","_et_pb_old_content":"","_et_gb_content_width":""},"product_brand":[],"product_cat":[1494],"product_tag":[1495,1496],"class_list":{"0":"post-15540","1":"product","2":"type-product","3":"status-publish","4":"has-post-thumbnail","6":"product_cat-bucket-cylinders","7":"product_tag-bucket-cylinders","8":"product_tag-hydraulic-cylinders","10":"first","11":"instock","12":"shipping-taxable","13":"product-type-simple"},"amp_enabled":true,"_links":{"self":[{"href":"https:\/\/www.hydraulic-cylinders.net\/sk\/wp-json\/wp\/v2\/product\/15540","targetHints":{"allow":["GET"]}}],"collection":[{"href":"https:\/\/www.hydraulic-cylinders.net\/sk\/wp-json\/wp\/v2\/product"}],"about":[{"href":"https:\/\/www.hydraulic-cylinders.net\/sk\/wp-json\/wp\/v2\/types\/product"}],"replies":[{"embeddable":true,"href":"https:\/\/www.hydraulic-cylinders.net\/sk\/wp-json\/wp\/v2\/comments?post=15540"}],"wp:featuredmedia":[{"embeddable":true,"href":"https:\/\/www.hydraulic-cylinders.net\/sk\/wp-json\/wp\/v2\/media\/14785"}],"wp:attachment":[{"href":"https:\/\/www.hydraulic-cylinders.net\/sk\/wp-json\/wp\/v2\/media?parent=15540"}],"wp:term":[{"taxonomy":"product_brand","embeddable":true,"href":"https:\/\/www.hydraulic-cylinders.net\/sk\/wp-json\/wp\/v2\/product_brand?post=15540"},{"taxonomy":"product_cat","embeddable":true,"href":"https:\/\/www.hydraulic-cylinders.net\/sk\/wp-json\/wp\/v2\/product_cat?post=15540"},{"taxonomy":"product_tag","embeddable":true,"href":"https:\/\/www.hydraulic-cylinders.net\/sk\/wp-json\/wp\/v2\/product_tag?post=15540"}],"curies":[{"name":"pracovn\u00fd list","href":"https:\/\/api.w.org\/{rel}","templated":true}]}}