{"id":15544,"date":"2025-01-19T14:39:51","date_gmt":"2025-01-19T14:39:51","guid":{"rendered":"https:\/\/www.hydraulic-cylinders.net\/product\/bucket-cylinder-for-lishide-large-excavator-sc300-8\/"},"modified":"2025-01-19T14:39:53","modified_gmt":"2025-01-19T14:39:53","slug":"bucket-cylinder-for-lishide-large-excavator-sc300-8","status":"publish","type":"product","link":"https:\/\/www.hydraulic-cylinders.net\/sk\/produkt\/bucket-cylinder-for-lishide-large-excavator-sc300-8\/","title":{"rendered":"Valec vedra pre ve\u013ek\u00e9 r\u00fdpadlo Lishide SC300.8"},"content":{"rendered":"<h1>Valec vedra pre ve\u013ek\u00e9 r\u00fdpadlo Lishide SC300.8<\/h1>\n<h2>\u00davod<\/h2>\n<p>Hydraulick\u00fd valec ly\u017eice pre ve\u013ek\u00e9 r\u00fdpadlo Lishide SC300.8 je \u0161peci\u00e1lne navrhnut\u00fd hydraulick\u00fd valec, ktor\u00fd sa pou\u017e\u00edva hlavne na ovl\u00e1danie pohybu ly\u017eice v \u0165a\u017ek\u00fdch zariadeniach, ako s\u00fa r\u00fdpadl\u00e1, r\u00fdpadl\u00e1-naklada\u010de a \u010deln\u00e9 naklada\u010de. Jeho hlavnou funkciou je umo\u017eni\u0165 zdv\u00edhanie, sp\u00fa\u0161\u0165anie a nakl\u00e1\u0148anie ly\u017eice, \u010do u\u013eah\u010duje r\u00f4zne \u00falohy manipul\u00e1cie s materi\u00e1lom. V hydraulickom syst\u00e9me valec ly\u017eice presne riadi pohyb ly\u017eice prostredn\u00edctvom zmien tlaku hydraulick\u00e9ho oleja, \u010do umo\u017e\u0148uje obsluhe efekt\u00edvne manipulova\u0165 s \u0165a\u017ek\u00fdmi bremenami a prisp\u00f4sobi\u0165 sa zlo\u017eit\u00fdm pracovn\u00fdm prostrediam a r\u00f4znorod\u00fdm po\u017eiadavk\u00e1m pr\u00e1ce.<\/p>\n<p><img decoding=\"async\" src=\"https:\/\/www.hydraulic-cylinders.net\/wp-content\/uploads\/2025\/01\/songte-company-2.webp\" alt=\"Valec vedra pre ve\u013ek\u00e9 r\u00fdpadlo Lishide SC300.8\"><\/p>\n<h2>Funkcie<\/h2>\n<ul>\n<li>Vysok\u00e1 pevnos\u0165 a odolnos\u0165: Valec kor\u010deka, zvy\u010dajne vyroben\u00fd z vysokopevnostnej ocele alebo hlin\u00edka, odol\u00e1 vysok\u00e9mu tlaku a \u0165a\u017ek\u00fdm za\u0165a\u017eeniam, prisp\u00f4sob\u00ed sa n\u00e1ro\u010dn\u00fdm pracovn\u00fdm podmienkam a pri svojej kon\u0161trukcii zoh\u013ead\u0148uje odolnos\u0165 vo\u010di opotrebovaniu a kor\u00f3zii, \u010d\u00edm sa predl\u017euje jeho \u017eivotnos\u0165.<\/li>\n<li>Efekt\u00edvna hydraulick\u00e1 prev\u00e1dzka: Plynul\u00e9 vys\u00favanie a s\u0165ahovanie sa dosahuje vyu\u017eit\u00edm tlaku hydraulick\u00e9ho oleja, \u010do umo\u017e\u0148uje r\u00fdchlu reakciu na ovl\u00e1dacie pr\u00edkazy, poskytuje siln\u00e9 tla\u010dn\u00e9 a \u0165ahov\u00e9 sily a je vhodn\u00e9 na manipul\u00e1ciu s \u0165a\u017ek\u00fdmi bremenami a zlo\u017eit\u00fdmi pracovn\u00fdmi \u00falohami.<\/li>\n<li>R\u00f4zne typy: Jedno\u010dinn\u00e9 (hydraulick\u00e9 pou\u017e\u00edvan\u00e9 iba v jednom smere) alebo dvoj\u010dinn\u00e9 (pou\u017e\u00edvan\u00e9 v oboch smeroch) valce je mo\u017en\u00e9 vybra\u0165 pod\u013ea potrieb, aby sa splnili r\u00f4zne prev\u00e1dzkov\u00e9 po\u017eiadavky. Niektor\u00e9 modely s\u00fa teleskopick\u00e9, \u010do umo\u017e\u0148uje v\u00e4\u010d\u0161ie vysunutie bez zv\u00e4\u010d\u0161enia vonkaj\u0161\u00edch rozmerov, vhodn\u00e9 pre aplik\u00e1cie v obmedzenom priestore.<\/li>\n<li>Zamenite\u013en\u00e9 s in\u00fdmi hydraulick\u00fdmi valcami: N\u00e1\u0161 produkt dok\u00e1\u017ee tieto hydraulick\u00e9 valce dokonale nahradi\u0165. <\/li>\n<\/ul>\n<p><img decoding=\"async\" src=\"https:\/\/www.hydraulic-cylinders.net\/wp-content\/uploads\/2025\/01\/songte-cylinder-head-with-all-kinds-excavator-models.webp\" alt=\"Valec vedra pre ve\u013ek\u00e9 r\u00fdpadlo Lishide SC300.8\"><\/p>\n<h2>Aplik\u00e1cie<\/h2>\n<p>Valec kor\u010deka pre ve\u013ek\u00e9 r\u00fdpadlo Lishide SC300.8 sa \u0161iroko pou\u017e\u00edva v r\u00f4znych \u0165a\u017ek\u00fdch zariadeniach, vr\u00e1tane, ale nie v\u00fdlu\u010dne:<\/p>\n<ul>\n<li>Stavebn\u00e9 zariadenia: V bagroch s\u00fa nevyhnutn\u00e9 na kopanie, nakladanie a premiest\u0148ovanie zeminy alebo sutiny. V r\u00fdpadlo-naklada\u010doch pom\u00e1ha valec lopaty pri kopan\u00ed aj zdv\u00edhan\u00ed. <\/li>\n<li>Po\u013enohospod\u00e1rske stroje: Pou\u017e\u00edvaj\u00fa sa v \u010deln\u00fdch naklada\u010doch na naberanie, zdv\u00edhanie a prepravu p\u00f4dy, sena a in\u00fdch materi\u00e1lov.<\/li>\n<li>R\u00fdpadl\u00e1: Valec ly\u017eice vykon\u00e1va kopanie t\u00fdm, \u017ee umo\u017e\u0148uje ly\u017eici prenikn\u00fa\u0165 do p\u00f4dy.<\/li>\n<li>Naklada\u010de: \u010celn\u00e9 naklada\u010de pom\u00e1haj\u00fa efekt\u00edvne zdv\u00edha\u0165 a vyklada\u0165 n\u00e1klad.<\/li>\n<\/ul>\n<h2>\u00davahy o dizajne a krit\u00e9ri\u00e1 v\u00fdberu<\/h2>\n<p>Valec kor\u010deka pre ve\u013ek\u00e9 r\u00fdpadlo Lishide SC300.8 bol navrhnut\u00fd s oh\u013eadom na nasleduj\u00face aspekty:<\/p>\n<ul>\n<li>Nosnos\u0165: Valec mus\u00ed by\u0165 schopn\u00fd odola\u0165 \u0165a\u017ek\u00fdm za\u0165a\u017eeniam.<\/li>\n<li>Tesnenie: Valec mus\u00ed by\u0165 dobre utesnen\u00fd, aby sa zabr\u00e1nilo \u00faniku hydraulickej kvapaliny.<\/li>\n<li>Trvanlivos\u0165: Valec mus\u00ed by\u0165 vyroben\u00fd z odoln\u00fdch materi\u00e1lov, aby odolal opotrebovaniu v n\u00e1ro\u010dn\u00fdch podmienkach.<\/li>\n<li>Bezpe\u010dnos\u0165: F\u013ea\u0161a mus\u00ed by\u0165 navrhnut\u00e1 a vyroben\u00e1 tak, aby sp\u013a\u0148ala bezpe\u010dnostn\u00e9 normy a zabezpe\u010dovala bezpe\u010dnos\u0165 obsluhy.<\/li>\n<li>\u00dadr\u017eba: Valec mus\u00ed by\u0165 navrhnut\u00fd s oh\u013eadom na jednoduch\u00fa \u00fadr\u017ebu, aby sa minimalizovali prestoje a zn\u00ed\u017eili n\u00e1klady na \u00fadr\u017ebu.<\/li>\n<\/ul>\n<p><img decoding=\"async\" src=\"https:\/\/www.hydraulic-cylinders.net\/wp-content\/uploads\/2025\/01\/songte-oil-pipes-and-spare-parts.webp\" alt=\"Valec vedra pre ve\u013ek\u00e9 r\u00fdpadlo Lishide SC300.8\"><\/p>\n<h2>Tesnenie a mazanie<\/h2>\n<p>Valec kor\u010deka pre ve\u013ek\u00e9 r\u00fdpadlo Lishide SC300.8 pou\u017e\u00edva r\u00f4zne tesniace komponenty, ako s\u00fa tesnenia piestov a tesnenia ty\u010d\u00ed vyroben\u00e9 z materi\u00e1lov odoln\u00fdch proti opotrebovaniu, ako je polyuret\u00e1n a nitrilov\u00fd kau\u010duk. Teleso valca a z\u00e1vitov\u00e9 konce s\u00fa jemne opracovan\u00e9 pre zlep\u0161enie odolnosti proti opotrebovaniu. Pravideln\u00e9 prid\u00e1vanie vhodn\u00e9ho mno\u017estva hydraulick\u00e9ho oleja je nevyhnutn\u00e9 pre zabezpe\u010denie hladk\u00e9ho chodu a mazania.<\/p>\n<h2>\u00dadr\u017eba<\/h2>\n<p>Pravideln\u00e1 kontrola a prevent\u00edvna \u00fadr\u017eba s\u00fa k\u013e\u00fa\u010dov\u00e9 pre zabezpe\u010denie spo\u013eahlivej prev\u00e1dzky valca ko\u0161\u00edka pre ve\u013ek\u00e9 r\u00fdpadlo Lishide SC300.8. Tri be\u017en\u00e9 \u00falohy \u00fadr\u017eby zah\u0155\u0148aj\u00fa:<\/p>\n<ul>\n<li>Pravideln\u00e1 kontrola: Pravidelne kontrolujte valec, \u010di nie je po\u0161koden\u00fd, opotrebovan\u00fd a \u010di nie je netesn\u00fd.<\/li>\n<li>Spr\u00e1vne mazanie: Na piestnu ty\u010d, tesnenia a tesniace kr\u00fa\u017eky pravidelne nan\u00e1\u0161ajte mazivo alebo olej, aby ste zabezpe\u010dili hladk\u00fd chod a predi\u0161li \u00faniku.<\/li>\n<li>V\u00fdmena tesnenia a kontrola kalibr\u00e1cie: V pr\u00edpade potreby vyme\u0148te tesnenia a skontrolujte kalibr\u00e1ciu, aby ste zabezpe\u010dili spr\u00e1vnu prev\u00e1dzku.<\/li>\n<\/ul>\n<p><img decoding=\"async\" src=\"https:\/\/www.hydraulic-cylinders.net\/wp-content\/uploads\/2025\/01\/songte-chushion-collar.webp\" alt=\"Valec vedra pre ve\u013ek\u00e9 r\u00fdpadlo Lishide SC300.8\"><\/p>\n<h2>Bezpe\u010dnostn\u00e9 a environment\u00e1lne aspekty<\/h2>\n<p>Pri pou\u017e\u00edvan\u00ed valca ko\u0161\u00edka pre ve\u013ek\u00e9 r\u00fdpadlo Lishide SC300.8 je potrebn\u00e9 dodr\u017eiava\u0165 bezpe\u010dnostn\u00e9 opatrenia na zaistenie bezpe\u010dnosti obsluhy a ostatn\u00fdch pracovn\u00edkov. Okrem toho je potrebn\u00e9 zoh\u013eadni\u0165 faktory prostredia, ako je spr\u00e1vna likvid\u00e1cia hydraulick\u00e9ho oleja a zabezpe\u010denie toho, aby valec nebol kontaminovan\u00fd, aby sa predi\u0161lo po\u0161kodeniu \u017eivotn\u00e9ho prostredia.<\/p>\n<h2>Diagnostika por\u00fach a rie\u0161enie probl\u00e9mov<\/h2>\n<p>Medzi be\u017en\u00e9 poruchy valca lopaty pre ve\u013ek\u00e9 r\u00fdpadlo Lishide SC300.8 patr\u00ed netesnos\u0165, zl\u00e9 tesnenie a abnorm\u00e1lny hluk. Spr\u00e1vna diagnostika a techniky rie\u0161enia probl\u00e9mov s\u00fa nevyhnutn\u00e9 na r\u00fdchlu identifik\u00e1ciu a odstr\u00e1nenie t\u00fdchto probl\u00e9mov, aby sa minimalizovali prestoje a zn\u00ed\u017eili n\u00e1klady na opravu.<\/p>\n<h2>O n\u00e1s<\/h2>\n<p>Sme v\u00fdrobcom hydraulick\u00fdch valcov a popredn\u00fdm v\u00fdrobcom a ve\u013ekoobchodn\u00edkom hydraulick\u00fdch valcov na dom\u00e1com aj medzin\u00e1rodnom trhu. Riadime sa z\u00e1sadami vynikaj\u00facej kvality a spoliehame sa na strat\u00e9gie riadenia priemyselnej v\u00fdroby v prepracovan\u00fdch v\u00fdrobn\u00fdch diel\u0148ach. Neust\u00e1le zlep\u0161ujeme na\u0161u v\u00fdrobn\u00fa platformu, zdokona\u013eujeme na\u0161u v\u00fdrobn\u00fa linku zameran\u00fa na kvalitu produktov a m\u00e1me siln\u00e9 kreat\u00edvne schopnosti. Sp\u013a\u0148ame rozmanit\u00e9 po\u017eiadavky z\u00e1kazn\u00edkov s princ\u00edpmi vysokej efektivity, vysokej presnosti a vysokej kvality.<\/p>\n<p><img decoding=\"async\" src=\"https:\/\/hzpt.com\/wp-content\/uploads\/2024\/11\/songte-company-1.webp\" alt=\"Valec vedra pre ve\u013ek\u00e9 r\u00fdpadlo Lishide SC300.8\"><\/p>\n<h3>Na\u0161a profesionalita<\/h3>\n<p>N\u00e1\u0161 technick\u00fd person\u00e1l, \u0161pi\u010dkov\u00e9 digit\u00e1lne v\u00fdrobn\u00e9 zariadenia a profesion\u00e1lne testovacie syst\u00e9my n\u00e1m umo\u017e\u0148uj\u00fa splni\u0165 r\u00f4zne po\u017eiadavky z\u00e1kazn\u00edkov s na\u0161ou kompletnou ponukou produktov.<\/p>\n<h3>Medzin\u00e1rodn\u00e1 certifik\u00e1cia<\/h3>\n<p>Z\u00edskali sme medzin\u00e1rodn\u00e9 certifik\u00e1ty ako ISO 9001, ISO 14001 a OHSAS 18001, ktor\u00e9 zaru\u010duj\u00fa kvalitu a bezpe\u010dnos\u0165 na\u0161ich produktov a slu\u017eieb.<\/p>\n<h3>Slu\u017eby prisp\u00f4sobenia<\/h3>\n<p>Pre na\u0161ich z\u00e1kazn\u00edkov poskytujeme personalizovan\u00e9 slu\u017eby prisp\u00f4sobenia, ktor\u00e9 je mo\u017en\u00e9 prisp\u00f4sobi\u0165 ich \u0161pecifick\u00fdm po\u017eiadavk\u00e1m.<\/p>\n<h3>V\u00fdrobn\u00e9 zariadenia<\/h3>\n<p>Disponujeme modern\u00fdm v\u00fdrobn\u00fdm zariaden\u00edm vr\u00e1tane CNC obr\u00e1bac\u00edch strojov, automatick\u00fdch zv\u00e1ra\u010diek a hydraulick\u00fdch sk\u00fa\u0161obn\u00fdch stol\u00edc, ktor\u00e9 zabezpe\u010duj\u00fa presnos\u0165 a kvalitu na\u0161ich v\u00fdrobkov.<\/p>\n<h3>Popredajn\u00fd servis<\/h3>\n<p>N\u00e1\u0161 t\u00edm popredajn\u00fdch slu\u017eieb poskytuje z\u00e1kazn\u00edkom v\u010dasn\u00e9 a efekt\u00edvne rie\u0161enia ak\u00fdchko\u013evek probl\u00e9mov, s ktor\u00fdmi sa stretn\u00fa, a zabezpe\u010duje tak ich spokojnos\u0165.<\/p>\n<h4>Autor: lyl.<\/h4>","protected":false},"excerpt":{"rendered":"<p>Bucket Cylinder For Lishide Large Excavator SC300.8 Introduction The bucket cylinder for Lishide large excavator SC300.8 is a specially designed hydraulic cylinder mainly used for controlling the movement of the bucket in heavy equipment such as excavators, backhoe excavators, and front-end loaders. Its main function is to enable the bucket to be lifted, lowered, and [&hellip;]<\/p>","protected":false},"featured_media":14778,"comment_status":"open","ping_status":"closed","template":"","meta":{"_et_pb_use_builder":"","_et_pb_old_content":"","_et_gb_content_width":""},"product_brand":[],"product_cat":[1494],"product_tag":[1495,1496],"class_list":{"0":"post-15544","1":"product","2":"type-product","3":"status-publish","4":"has-post-thumbnail","6":"product_cat-bucket-cylinders","7":"product_tag-bucket-cylinders","8":"product_tag-hydraulic-cylinders","10":"first","11":"instock","12":"shipping-taxable","13":"product-type-simple"},"amp_enabled":true,"_links":{"self":[{"href":"https:\/\/www.hydraulic-cylinders.net\/sk\/wp-json\/wp\/v2\/product\/15544","targetHints":{"allow":["GET"]}}],"collection":[{"href":"https:\/\/www.hydraulic-cylinders.net\/sk\/wp-json\/wp\/v2\/product"}],"about":[{"href":"https:\/\/www.hydraulic-cylinders.net\/sk\/wp-json\/wp\/v2\/types\/product"}],"replies":[{"embeddable":true,"href":"https:\/\/www.hydraulic-cylinders.net\/sk\/wp-json\/wp\/v2\/comments?post=15544"}],"wp:featuredmedia":[{"embeddable":true,"href":"https:\/\/www.hydraulic-cylinders.net\/sk\/wp-json\/wp\/v2\/media\/14778"}],"wp:attachment":[{"href":"https:\/\/www.hydraulic-cylinders.net\/sk\/wp-json\/wp\/v2\/media?parent=15544"}],"wp:term":[{"taxonomy":"product_brand","embeddable":true,"href":"https:\/\/www.hydraulic-cylinders.net\/sk\/wp-json\/wp\/v2\/product_brand?post=15544"},{"taxonomy":"product_cat","embeddable":true,"href":"https:\/\/www.hydraulic-cylinders.net\/sk\/wp-json\/wp\/v2\/product_cat?post=15544"},{"taxonomy":"product_tag","embeddable":true,"href":"https:\/\/www.hydraulic-cylinders.net\/sk\/wp-json\/wp\/v2\/product_tag?post=15544"}],"curies":[{"name":"pracovn\u00fd list","href":"https:\/\/api.w.org\/{rel}","templated":true}]}}