{"id":15546,"date":"2025-01-19T14:39:59","date_gmt":"2025-01-19T14:39:59","guid":{"rendered":"https:\/\/www.hydraulic-cylinders.net\/product\/bucket-cylinder-for-lishide-large-excavator-sc450-8\/"},"modified":"2025-01-19T14:40:02","modified_gmt":"2025-01-19T14:40:02","slug":"bucket-cylinder-for-lishide-large-excavator-sc450-8","status":"publish","type":"product","link":"https:\/\/www.hydraulic-cylinders.net\/sk\/produkt\/bucket-cylinder-for-lishide-large-excavator-sc450-8\/","title":{"rendered":"Valec vedra pre ve\u013ek\u00e9 r\u00fdpadlo Lishide SC450.8"},"content":{"rendered":"<h2>Valec vedra pre ve\u013ek\u00e9 r\u00fdpadlo Lishide SC450.8<\/h2>\n<h3>\u00davod<\/h3>\n<p>Hydraulick\u00fd valec ly\u017eice pre ve\u013ek\u00e9 r\u00fdpadlo Lishide SC450.8 je \u0161peci\u00e1lne navrhnut\u00fd hydraulick\u00fd valec pou\u017e\u00edvan\u00fd na ovl\u00e1danie pohybu ly\u017eice v \u0165a\u017ek\u00fdch strojoch, ako s\u00fa r\u00fdpadl\u00e1, r\u00fdpadl\u00e1-naklada\u010de a \u010deln\u00e9 naklada\u010de. Jeho hlavnou funkciou je umo\u017eni\u0165 zdv\u00edhanie, sp\u00fa\u0161\u0165anie a nakl\u00e1\u0148anie ly\u017eice, \u010do u\u013eah\u010duje vykon\u00e1vanie r\u00f4znych \u00faloh manipul\u00e1cie s materi\u00e1lom. V hydraulickom syst\u00e9me valec ly\u017eice vyu\u017e\u00edva zmeny tlaku hydraulick\u00e9ho oleja na dosiahnutie presn\u00e9ho ovl\u00e1dania ly\u017eice, \u010do umo\u017e\u0148uje obsluhe efekt\u00edvne manipulova\u0165 s \u0165a\u017ek\u00fdmi bremenami a prisp\u00f4sobi\u0165 sa zlo\u017eit\u00fdm pracovn\u00fdm prostrediam a r\u00f4znorod\u00fdm prev\u00e1dzkov\u00fdm potreb\u00e1m.<\/p>\n<p><img decoding=\"async\" src=\"https:\/\/www.hydraulic-cylinders.net\/wp-content\/uploads\/2025\/01\/songte-company-2.webp\" alt=\"Valec vedra pre ve\u013ek\u00e9 r\u00fdpadlo Lishide SC450.8\"><\/p>\n<h3>Funkcie<\/h3>\n<ul>\n<li>Vysok\u00e1 pevnos\u0165 a odolnos\u0165: zvy\u010dajne je vyroben\u00fd z vysokopevnostnej ocele alebo hlin\u00edka, odol\u00e1 vysok\u00e9mu tlaku a \u0165a\u017ek\u00fdm za\u0165a\u017eeniam, prisp\u00f4sob\u00ed sa n\u00e1ro\u010dn\u00fdm pracovn\u00fdm podmienkam a je navrhnut\u00fd s oh\u013eadom na odolnos\u0165 vo\u010di opotrebovaniu a kor\u00f3zii, \u010d\u00edm sa predl\u017euje jeho \u017eivotnos\u0165.<\/li>\n<li>Efekt\u00edvna hydraulick\u00e1 prev\u00e1dzka: vyu\u017e\u00edva tlak hydraulick\u00e9ho oleja na dosiahnutie plynul\u00fdch pohybov vys\u00favania a s\u0165ahovania, r\u00fdchlo reaguje na ovl\u00e1dacie povely, poskytuje siln\u00e9 tla\u010dn\u00e9 a \u0165ahov\u00e9 sily a je vhodn\u00e1 na manipul\u00e1ciu s \u0165a\u017ek\u00fdmi bremenami a zlo\u017eit\u00fdmi \u00falohami.<\/li>\n<li>R\u00f4zne typy: jedno\u010dinn\u00e9 (hydraulick\u00fd pohon sa pou\u017e\u00edva iba v jednom smere) alebo dvoj\u010dinn\u00e9 (hydraulick\u00fd pohon sa pou\u017e\u00edva v oboch smeroch) valce je mo\u017en\u00e9 vybra\u0165 pod\u013ea potreby, aby sp\u013a\u0148ali r\u00f4zne prev\u00e1dzkov\u00e9 po\u017eiadavky. Niektor\u00e9 modely s\u00fa teleskopick\u00e9, \u010do umo\u017e\u0148uje v\u00e4\u010d\u0161ie vysunutie bez zv\u00e4\u010d\u0161enia vonkaj\u0161\u00edch rozmerov, v\u010faka \u010domu s\u00fa vhodn\u00e9 pre aplik\u00e1cie s obmedzen\u00fdm priestorom.<\/li>\n<li>Jednoduch\u00e1 in\u0161tal\u00e1cia: n\u00e1\u0161 produkt dok\u00e1\u017ee dokonale nahradi\u0165 tieto hydraulick\u00e9 valce.<\/li>\n<\/ul>\n<p><img decoding=\"async\" src=\"https:\/\/www.hydraulic-cylinders.net\/wp-content\/uploads\/2025\/01\/songte-cylinder-head-with-all-kinds-excavator-models.webp\" alt=\"Valec vedra pre ve\u013ek\u00e9 r\u00fdpadlo Lishide SC450.8\"><\/p>\n<h3>Aplik\u00e1cie<\/h3>\n<p>Valec vedra pre ve\u013ek\u00e9 r\u00fdpadlo Lishide SC450.8 sa \u0161iroko pou\u017e\u00edva v r\u00f4znych \u0165a\u017ek\u00fdch strojoch, ako napr\u00edklad:<\/p>\n<ul>\n<li>Stavebn\u00e9 zariadenia: v bagroch s\u00fa nevyhnutn\u00e9 na kopanie, nakladanie a premiest\u0148ovanie zeminy alebo sutiny. V r\u00fdpadlo-naklada\u010doch pom\u00e1ha valec ly\u017eice pri kopan\u00ed a zdv\u00edhan\u00ed. V \u010deln\u00fdch naklada\u010doch pom\u00e1haj\u00fa pri zdv\u00edhan\u00ed a nakl\u00e1\u0148an\u00ed, aby sa tovar efekt\u00edvne vysypal.<\/li>\n<li>Po\u013enohospod\u00e1rske stroje: pou\u017e\u00edvaj\u00fa sa v \u010deln\u00fdch naklada\u010doch na naberanie, zdv\u00edhanie a prepravu p\u00f4dy, sena a in\u00fdch materi\u00e1lov.<\/li>\n<li>R\u00fdpadl\u00e1: valec ly\u017eice umo\u017e\u0148uje ly\u017eici prenikn\u00fa\u0165 do p\u00f4dy a dosiahnu\u0165 tak kopanie.<\/li>\n<\/ul>\n<h3>\u00davahy o dizajne a krit\u00e9ri\u00e1 v\u00fdberu<\/h3>\n<p>Pri navrhovan\u00ed a v\u00fdbere valcov s ko\u0161\u00edkom by sa mali zv\u00e1\u017ei\u0165 tieto faktory:<\/p>\n<h4>Nosnos\u0165<\/h4>\n<p>Valec mus\u00ed by\u0165 schopn\u00fd odola\u0165 hmotnosti zdv\u00edhan\u00e9ho bremena a mus\u00ed by\u0165 schopn\u00fd plynule a presne fungova\u0165 aj pri maxim\u00e1lnom za\u0165a\u017een\u00ed.<\/p>\n<h4>Tesnenie<\/h4>\n<p>Valec mus\u00ed by\u0165 dobre utesnen\u00fd, aby sa zabr\u00e1nilo \u00faniku hydraulick\u00e9ho oleja, \u010d\u00edm sa zni\u017euje riziko poruchy syst\u00e9mu a zabezpe\u010duje sa bezpe\u010dn\u00e1 prev\u00e1dzka.<\/p>\n<h4>Trvanlivos\u0165<\/h4>\n<p>Valec mus\u00ed by\u0165 navrhnut\u00fd s oh\u013eadom na odolnos\u0165 vo\u010di opotrebovaniu a kor\u00f3zii a mus\u00ed by\u0165 povrchovo upraven\u00fd, aby sa zlep\u0161ila jeho trvanlivos\u0165 a pred\u013a\u017eila jeho \u017eivotnos\u0165.<\/p>\n<h4>Bezpe\u010dnos\u0165<\/h4>\n<p>Valec mus\u00ed by\u0165 navrhnut\u00fd a vyroben\u00fd v s\u00falade s platn\u00fdmi bezpe\u010dnostn\u00fdmi normami, aby sa zabezpe\u010dila bezpe\u010dn\u00e1 prev\u00e1dzka.<\/p>\n<h4>Udr\u017eiavate\u013enos\u0165<\/h4>\n<p>Valec mus\u00ed by\u0165 \u013eahko udr\u017eiavate\u013en\u00fd a opravovate\u013en\u00fd, s \u013eahko vymenite\u013en\u00fdmi tesneniami a in\u00fdmi \u010das\u0165ami a jasn\u00fdmi pokynmi na postupy \u00fadr\u017eby a opravy.<\/p>\n<p><img decoding=\"async\" src=\"https:\/\/www.hydraulic-cylinders.net\/wp-content\/uploads\/2025\/01\/songte-oil-pipes-and-spare-parts.webp\" alt=\"Valec vedra pre ve\u013ek\u00e9 r\u00fdpadlo Lishide SC450.8\"><\/p>\n<h3>Tesnenie a mazanie<\/h3>\n<p>The bucket cylinder for Lishide large excavator SC450.8 uses various sealing elements, such as piston seals, rod seals, etc. The seals are made of wear-resistant materials, such as polyurethane and nitrile rubber, to ensure a long service life. In addition, proper lubrication is also essential for the cylinder&#8217;s smooth operation. It is recommended to add appropriate amount of hydraulic oil regularly for lubrication.<\/p>\n<h3>Pravideln\u00e1 kontrola a opatrenia prevent\u00edvnej \u00fadr\u017eby<\/h3>\n<p>Pravideln\u00e1 kontrola a prevent\u00edvna \u00fadr\u017eba m\u00f4\u017eu pom\u00f4c\u0165 pred\u013a\u017ei\u0165 \u017eivotnos\u0165 valca vedra. Nasleduj\u00face \u00falohy by sa mali vykon\u00e1va\u0165 pravidelne:<\/p>\n<ul>\n<li>Regular inspection of the cylinder&#8217;s seals, rods, and other components to detect wear and tear.<\/li>\n<li>Spr\u00e1vne mazanie na zabezpe\u010denie hladk\u00e9ho chodu valca.<\/li>\n<li>Seal replacement and calibration checks to maintain the cylinder&#8217;s sealing performance.<\/li>\n<\/ul>\n<h3>Sprievodca in\u0161tal\u00e1ciou produktu<\/h3>\n<p>Pri in\u0161tal\u00e1cii valca vedra pre ve\u013ek\u00e9 r\u00fdpadlo Lishide SC450.8 je potrebn\u00e9 dodr\u017eiava\u0165 nasleduj\u00face kroky:<\/p>\n<ul>\n<li>Pred in\u0161tal\u00e1ciou sa uistite, \u017ee je valec spr\u00e1vne zarovnan\u00fd.<\/li>\n<li>Na upevnenie valca na mieste pou\u017eite vhodn\u00e9 mont\u00e1\u017ene konzoly.<\/li>\n<li>Follow the recommended inspection, repair, and replacement procedures to ensure the cylinder&#8217;s proper operation.<\/li>\n<\/ul>\n<p><img decoding=\"async\" src=\"https:\/\/www.hydraulic-cylinders.net\/wp-content\/uploads\/2025\/01\/songte-chushion-collar.webp\" alt=\"Valec vedra pre ve\u013ek\u00e9 r\u00fdpadlo Lishide SC450.8\"><\/p>\n<h3>Bezpe\u010dnostn\u00e9 aspekty a faktory prostredia<\/h3>\n<p>Pri pou\u017e\u00edvan\u00ed valca s vedrom by sa mali prija\u0165 vhodn\u00e9 bezpe\u010dnostn\u00e9 opatrenia, aby sa predi\u0161lo nehod\u00e1m. Je tie\u017e d\u00f4le\u017eit\u00e9 zv\u00e1\u017ei\u0165 environment\u00e1lne faktory, ako je vplyv \u00faniku hydraulick\u00e9ho oleja na \u017eivotn\u00e9 prostredie a spr\u00e1vna likvid\u00e1cia pou\u017eit\u00e9ho oleja.<\/p>\n<h3>Rie\u0161enie probl\u00e9mov a be\u017en\u00e9 probl\u00e9my<\/h3>\n<p>Nasleduj\u00fa niektor\u00e9 be\u017en\u00e9 probl\u00e9my, ktor\u00e9 sa m\u00f4\u017eu vyskytn\u00fa\u0165 vo valci vedra pre ve\u013ek\u00e9 r\u00fdpadlo Lishide SC450.8:<\/p>\n<ul>\n<li>\u00danik hydraulick\u00e9ho oleja<\/li>\n<li>Opotrebovanie valcovej ty\u010de<\/li>\n<li>Po\u0161kodenie tesnenia<\/li>\n<\/ul>\n<p>Odpor\u00fa\u010da sa dodr\u017eiava\u0165 odpor\u00fa\u010dan\u00e9 postupy kontroly a \u00fadr\u017eby, aby sa predi\u0161lo t\u00fdmto probl\u00e9mom. Ak sa probl\u00e9my vyskytn\u00fa, nasleduj\u00face tipy a rie\u0161enia v\u00e1m m\u00f4\u017eu pom\u00f4c\u0165 diagnostikova\u0165 a vyrie\u0161i\u0165 probl\u00e9m:<\/p>\n<ul>\n<li>Inspect the cylinder&#8217;s seals and replace them if necessary.<\/li>\n<li>Skontrolujte opotrebovanie piestnej ty\u010de valca a v pr\u00edpade potreby ju vyme\u0148te.<\/li>\n<li>If hydraulic oil leakage occurs, check the cylinder&#8217;s hydraulic system for leaks, and repair or replace any damaged components.<\/li>\n<\/ul>\n<p><img decoding=\"async\" src=\"https:\/\/www.hydraulic-cylinders.net\/wp-content\/uploads\/2025\/01\/songte-bushings-with-all-kinds-of-excavator-models.webp\" alt=\"Valec vedra pre ve\u013ek\u00e9 r\u00fdpadlo Lishide SC450.8\"><\/p>\n<h2>O n\u00e1s<\/h2>\n<p>Sme v\u00fdrobcom n\u00e1hradn\u00fdch hydraulick\u00fdch valcov s kompletn\u00fdm sortimentom produktov a stali sme sa jedn\u00fdm z popredn\u00fdch v\u00fdrobcov a ve\u013ekoobchodn\u00fdch distrib\u00fatorov hydraulick\u00fdch valcov na dom\u00e1com aj medzin\u00e1rodnom trhu. Riadime sa z\u00e1sadami vynikaj\u00facej kvality, spoliehame sa na strat\u00e9giu riadenia priemyselnej v\u00fdroby v jemn\u00fdch v\u00fdrobn\u00fdch diel\u0148ach a neust\u00e1le zlep\u0161ujeme v\u00fdrobn\u00fa platformu v diel\u0148ach, zlep\u0161ujeme kvalitu v\u00fdroby produktov a m\u00e1me siln\u00fa kreativitu, vysok\u00fa efektivitu, vysok\u00fa presnos\u0165 a princ\u00edpy vysokej kvality, aby sme uspokojili rozmanit\u00e9 potreby z\u00e1kazn\u00edkov.<\/p>\n<p>Na\u0161a spolo\u010dnos\u0165 m\u00e1 nasleduj\u00face v\u00fdhody:<\/p>\n<ul>\n<li>Profesionalita<\/li>\n<li>Medzin\u00e1rodn\u00e1 certifik\u00e1cia<\/li>\n<li>Slu\u017eby prisp\u00f4sobenia<\/li>\n<li>Pokro\u010dil\u00e9 v\u00fdrobn\u00e9 zariadenia<\/li>\n<li>Popredajn\u00fd servis<\/li>\n<\/ul>\n<p><img decoding=\"async\" src=\"https:\/\/hzpt.com\/wp-content\/uploads\/2024\/11\/songte-company-1.webp\" alt=\"Valec vedra pre ve\u013ek\u00e9 r\u00fdpadlo Lishide SC450.8\"><\/p>\n<p>Autor: lyl.<\/p>","protected":false},"excerpt":{"rendered":"<p>Bucket Cylinder For Lishide Large Excavator SC450.8 Introduction The bucket cylinder for Lishide large excavator SC450.8 is a specially designed hydraulic cylinder used to control the movement of the bucket in heavy machinery, such as excavators, backhoe excavators, and front loaders. Its main function is to enable the bucket to lift, lower, and tilt, making [&hellip;]<\/p>","protected":false},"featured_media":14773,"comment_status":"open","ping_status":"closed","template":"","meta":{"_et_pb_use_builder":"","_et_pb_old_content":"","_et_gb_content_width":""},"product_brand":[],"product_cat":[1494],"product_tag":[1495,1496],"class_list":{"0":"post-15546","1":"product","2":"type-product","3":"status-publish","4":"has-post-thumbnail","6":"product_cat-bucket-cylinders","7":"product_tag-bucket-cylinders","8":"product_tag-hydraulic-cylinders","10":"first","11":"instock","12":"shipping-taxable","13":"product-type-simple"},"amp_enabled":true,"_links":{"self":[{"href":"https:\/\/www.hydraulic-cylinders.net\/sk\/wp-json\/wp\/v2\/product\/15546","targetHints":{"allow":["GET"]}}],"collection":[{"href":"https:\/\/www.hydraulic-cylinders.net\/sk\/wp-json\/wp\/v2\/product"}],"about":[{"href":"https:\/\/www.hydraulic-cylinders.net\/sk\/wp-json\/wp\/v2\/types\/product"}],"replies":[{"embeddable":true,"href":"https:\/\/www.hydraulic-cylinders.net\/sk\/wp-json\/wp\/v2\/comments?post=15546"}],"wp:featuredmedia":[{"embeddable":true,"href":"https:\/\/www.hydraulic-cylinders.net\/sk\/wp-json\/wp\/v2\/media\/14773"}],"wp:attachment":[{"href":"https:\/\/www.hydraulic-cylinders.net\/sk\/wp-json\/wp\/v2\/media?parent=15546"}],"wp:term":[{"taxonomy":"product_brand","embeddable":true,"href":"https:\/\/www.hydraulic-cylinders.net\/sk\/wp-json\/wp\/v2\/product_brand?post=15546"},{"taxonomy":"product_cat","embeddable":true,"href":"https:\/\/www.hydraulic-cylinders.net\/sk\/wp-json\/wp\/v2\/product_cat?post=15546"},{"taxonomy":"product_tag","embeddable":true,"href":"https:\/\/www.hydraulic-cylinders.net\/sk\/wp-json\/wp\/v2\/product_tag?post=15546"}],"curies":[{"name":"pracovn\u00fd list","href":"https:\/\/api.w.org\/{rel}","templated":true}]}}