{"id":15552,"date":"2025-01-19T14:40:26","date_gmt":"2025-01-19T14:40:26","guid":{"rendered":"https:\/\/www.hydraulic-cylinders.net\/product\/bucket-cylinder-for-lovol-small-excavator-fr80g\/"},"modified":"2025-01-19T14:40:28","modified_gmt":"2025-01-19T14:40:28","slug":"bucket-cylinder-for-lovol-small-excavator-fr80g","status":"publish","type":"product","link":"https:\/\/www.hydraulic-cylinders.net\/sk\/produkt\/bucket-cylinder-for-lovol-small-excavator-fr80g\/","title":{"rendered":"Valec vedra pre mal\u00e9 r\u00fdpadlo Lovol FR80G"},"content":{"rendered":"<h1>Valec vedra pre mal\u00e9 r\u00fdpadlo Lovol FR80G<\/h1>\n<h2>\u00davod<\/h2>\n<p>Hydraulick\u00fd valec ly\u017eice pre mal\u00e9 r\u00fdpadlo Lovol FR80G je \u0161peci\u00e1lne navrhnut\u00fd hydraulick\u00fd valec, ktor\u00fd sa pou\u017e\u00edva predov\u0161etk\u00fdm na ovl\u00e1danie pohybu ly\u017eice v \u0165a\u017ek\u00fdch strojoch, ako s\u00fa r\u00fdpadl\u00e1, r\u00fdpadl\u00e1-naklada\u010de a \u010deln\u00e9 naklada\u010de. Jeho hlavnou funkciou je umo\u017eni\u0165 zdv\u00edhanie, sp\u00fa\u0161\u0165anie a nakl\u00e1\u0148anie ly\u017eice, \u010do u\u013eah\u010duje vykon\u00e1vanie r\u00f4znych \u00faloh manipul\u00e1cie s materi\u00e1lom. V hydraulickom syst\u00e9me dosahuje valec ly\u017eice presn\u00e9 ovl\u00e1danie pohybu ly\u017eice prostredn\u00edctvom zmien tlaku hydraulick\u00e9ho oleja, \u010do umo\u017e\u0148uje obsluhe efekt\u00edvne manipulova\u0165 s \u0165a\u017ek\u00fdmi bremenami a prisp\u00f4sobova\u0165 sa zlo\u017eit\u00fdm pracovn\u00fdm prostrediam a r\u00f4znorod\u00fdm po\u017eiadavk\u00e1m na pr\u00e1cu.<\/p>\n<p><img decoding=\"async\" src=\"https:\/\/www.hydraulic-cylinders.net\/wp-content\/uploads\/2025\/01\/songte-company-2.webp\" alt=\"Obr\u00e1zok valca vedra\"><\/p>\n<h2>Funkcie<\/h2>\n<ul>\n<li>Vysok\u00e1 pevnos\u0165 a odolnos\u0165: Zvy\u010dajne vyroben\u00e9 z vysokopevnostnej ocele alebo hlin\u00edka, schopn\u00e9 odol\u00e1va\u0165 vysok\u00e9mu tlaku a \u0165a\u017ek\u00fdm za\u0165a\u017eeniam, prisp\u00f4sobite\u013en\u00e9 n\u00e1ro\u010dn\u00fdm pracovn\u00fdm podmienkam, navrhnut\u00e9 s oh\u013eadom na odolnos\u0165 vo\u010di opotrebovaniu a kor\u00f3zii a s pred\u013a\u017eenou \u017eivotnos\u0165ou.<\/li>\n<li>Efekt\u00edvna hydraulick\u00e1 prev\u00e1dzka: Plynul\u00e9 pohyby vys\u00favania a zas\u00favania sa dosahuj\u00fa pomocou tlaku hydraulick\u00e9ho oleja, \u010do umo\u017e\u0148uje r\u00fdchlu reakciu na manipula\u010dn\u00e9 pr\u00edkazy, poskytuje siln\u00e9 tla\u010dn\u00e9 a \u0165a\u017en\u00e9 sily a je vhodn\u00e9 na manipul\u00e1ciu s \u0165a\u017ek\u00fdmi bremenami a zlo\u017eit\u00e9 prev\u00e1dzkov\u00e9 \u00falohy.<\/li>\n<li>R\u00f4zne typy: Pod\u013ea potrieb je mo\u017en\u00e9 zvoli\u0165 jedno\u010dinn\u00e9 (hydraulicky ovl\u00e1dan\u00e9 iba v jednom smere) alebo dvoj\u010dinn\u00e9 (hydraulicky ovl\u00e1dan\u00e9 v dvoch smeroch) valce a niektor\u00e9 modely s\u00fa teleskopick\u00e9, \u010do umo\u017e\u0148uje v\u00e4\u010d\u0161ie vysunutie bez zv\u00e4\u010d\u0161enia vonkaj\u0161\u00edch rozmerov, vhodn\u00e9 pre aplik\u00e1cie s obmedzen\u00fdm priestorom.<\/li>\n<li>Jednoduch\u00e1 in\u0161tal\u00e1cia: Na\u0161e produkty dok\u00e1\u017eu dokonale nahradi\u0165 tieto hydraulick\u00e9 valce.<\/li>\n<\/ul>\n<p><img decoding=\"async\" src=\"https:\/\/www.hydraulic-cylinders.net\/wp-content\/uploads\/2025\/01\/songte-cylinder-head-with-all-kinds-excavator-models.webp\" alt=\"Obr\u00e1zok modelov valcov vedra\"><\/p>\n<h2>Aplik\u00e1cie<\/h2>\n<p>Valec ko\u0161\u00edka pre mal\u00e9 r\u00fdpadlo Lovol FR80G sa \u0161iroko pou\u017e\u00edva v r\u00f4znych odvetviach, ako je stavebn\u00edctvo a po\u013enohospod\u00e1rstvo. Medzi jeho be\u017en\u00e9 aplik\u00e1cie patria:<\/p>\n<h3>Stavebn\u00e9 stroje<\/h3>\n<p>V bagroch s\u00fa nevyhnutn\u00e9 na v\u00fdkopov\u00e9 pr\u00e1ce, nakladanie a premiest\u0148ovanie zeminy alebo sutiny. V r\u00fdpadlo-naklada\u010doch pom\u00e1haj\u00fa valce ko\u0161\u00edkov pri v\u00fdkopov\u00fdch pr\u00e1cach a zdv\u00edhan\u00ed. V \u010deln\u00fdch naklada\u010doch pom\u00e1haj\u00fa pri zdv\u00edhan\u00ed a nakl\u00e1\u0148an\u00ed tovaru.<\/p>\n<h3>Po\u013enohospod\u00e1rske stroje<\/h3>\n<p>Pou\u017e\u00edvaj\u00fa sa v \u010deln\u00fdch naklada\u010doch a s\u00fa u\u017eito\u010dn\u00e9 na kopanie, zdv\u00edhanie a prepravu p\u00f4dy, sena a in\u00fdch materi\u00e1lov.<\/p>\n<h3>R\u00fdpadl\u00e1<\/h3>\n<p>Valec vedra umo\u017e\u0148uje vedru prenikn\u00fa\u0165 do p\u00f4dy a dosiahnu\u0165 tak kopac\u00ed \u00fa\u010dinok.<\/p>\n<h2>\u00davahy o dizajne a krit\u00e9ri\u00e1 v\u00fdberu<\/h2>\n<p>Pri navrhovan\u00ed a v\u00fdbere valca ko\u0161\u00edka pre mal\u00e9 r\u00fdpadlo Lovol FR80G je potrebn\u00e9 zv\u00e1\u017ei\u0165 nieko\u013eko k\u013e\u00fa\u010dov\u00fdch faktorov, vr\u00e1tane:<\/p>\n<h3>\u00danosnos\u0165<\/h3>\n<p>Valec mus\u00ed by\u0165 schopn\u00fd odola\u0165 hmotnosti bremena a poskytn\u00fa\u0165 dostato\u010dn\u00fa silu na pohyb bremena.<\/p>\n<h3>Tesnenie<\/h3>\n<p>Valec mus\u00ed by\u0165 tesne utesnen\u00fd, aby sa zabr\u00e1nilo \u00faniku hydraulick\u00e9ho oleja a aby sa zachoval jeho v\u00fdkon a dlh\u00e1 \u017eivotnos\u0165. Mali by sa pou\u017ei\u0165 r\u00f4zne tesniace prvky, ako s\u00fa tesnenia piestov a ty\u010d\u00ed, vyroben\u00e9 z materi\u00e1lov odoln\u00fdch vo\u010di opotrebovaniu, ako je polyuret\u00e1n a nitrilov\u00e1 guma.<\/p>\n<h3>Trvanlivos\u0165<\/h3>\n<p>Valec mus\u00ed by\u0165 dostato\u010dne odoln\u00fd, aby odolal n\u00e1ro\u010dn\u00fdm pracovn\u00fdm podmienkam a aby bol odoln\u00fd vo\u010di opotrebovaniu a kor\u00f3zii. Teleso valca a z\u00e1vitov\u00e9 koncov\u00e9 plochy by mali by\u0165 jemne opracovan\u00e9, aby sa zlep\u0161ila odolnos\u0165 vo\u010di opotrebovaniu.<\/p>\n<h3>Bezpe\u010dnos\u0165<\/h3>\n<p>Valec mus\u00ed by\u0165 navrhnut\u00fd a vyroben\u00fd tak, aby zabezpe\u010dil bezpe\u010dn\u00fa prev\u00e1dzku a zabr\u00e1nil nehod\u00e1m, ktor\u00e9 m\u00f4\u017eu sp\u00f4sobi\u0165 ujmu na zdrav\u00ed os\u00f4b a strojov.<\/p>\n<h3>Udr\u017eiavate\u013enos\u0165<\/h3>\n<p>Valec mus\u00ed by\u0165 navrhnut\u00fd a vyroben\u00fd tak, aby sa u\u013eah\u010dila \u00fadr\u017eba a oprava. Pravideln\u00e9 mazanie a v\u00fdmena opotrebovan\u00fdch dielov s\u00fa nevyhnutn\u00e9 pre spr\u00e1vnu \u00fadr\u017ebu valca.<\/p>\n<p><img decoding=\"async\" src=\"https:\/\/www.hydraulic-cylinders.net\/wp-content\/uploads\/2025\/01\/songte-oil-pipes-and-spare-parts.webp\" alt=\"Obr\u00e1zok n\u00e1hradn\u00fdch dielov valca vedra\"><\/p>\n<h2>Tesnenie a mazanie<\/h2>\n<p>Valec kor\u010deka pre mal\u00e9 r\u00fdpadlo Lovol FR80G pou\u017e\u00edva r\u00f4zne tesniace prvky na zabezpe\u010denie spr\u00e1vneho utesnenia vr\u00e1tane tesnen\u00ed piestov, tesnen\u00ed ty\u010d\u00ed a stiera\u010dov. Na tieto tesnenia sa pou\u017e\u00edvaj\u00fa materi\u00e1ly odoln\u00e9 vo\u010di opotrebovaniu, ako je polyuret\u00e1n a nitrilov\u00e1 guma. Teleso valca a z\u00e1vitov\u00e9 koncov\u00e9 plochy s\u00fa jemne opracovan\u00e9, aby sa zlep\u0161ila odolnos\u0165 vo\u010di opotrebovaniu. Pre zabezpe\u010denie spr\u00e1vneho mazania by sa malo v pravideln\u00fdch intervaloch prid\u00e1va\u0165 primeran\u00e9 mno\u017estvo hydraulick\u00e9ho oleja.<\/p>\n<h2>\u00dadr\u017eba a opravy<\/h2>\n<p>Pre zabezpe\u010denie dlhodob\u00e9ho v\u00fdkonu valca ko\u0161\u00edka pre mal\u00e9 r\u00fdpadlo Lovol FR80G je potrebn\u00e1 pravideln\u00e1 \u00fadr\u017eba a opravy. Mali by sa vykon\u00e1va\u0165 nasleduj\u00face \u00falohy:<\/p>\n<ul>\n<li>Pravideln\u00e1 kontrola<\/li>\n<li>Spr\u00e1vne mazanie<\/li>\n<li>V\u00fdmena tesnenia<\/li>\n<li>Kontrola kalibr\u00e1cie<\/li>\n<\/ul>\n<p>Spr\u00e1vna in\u0161tal\u00e1cia, mazanie a nastavenie s\u00fa nevyhnutn\u00e9 pre dlh\u00fa \u017eivotnos\u0165 a bezpe\u010dn\u00fa prev\u00e1dzku valca. Spr\u00e1vne zarovnanie valca po\u010das in\u0161tal\u00e1cie je k\u013e\u00fa\u010dov\u00e9 a na upevnenie valca na mieste by sa mali pou\u017ei\u0165 vhodn\u00e9 mont\u00e1\u017ene konzoly. Mali by sa dodr\u017eiava\u0165 odpor\u00fa\u010dan\u00e9 postupy a techniky kontroly, opravy a v\u00fdmeny na pred\u013a\u017eenie \u017eivotnosti valca s vedro.<\/p>\n<p><img decoding=\"async\" src=\"https:\/\/www.hydraulic-cylinders.net\/wp-content\/uploads\/2025\/01\/songte-chushion-collar.webp\" alt=\"Obr\u00e1zok goliera vank\u00fa\u0161a s valcom vedra\"><\/p>\n<h2>Bezpe\u010dnostn\u00e9 a environment\u00e1lne aspekty<\/h2>\n<p>Pri pou\u017e\u00edvan\u00ed valca s kore\u010dkou pre mal\u00e9 r\u00fdpadlo Lovol FR80G je potrebn\u00e9 dodr\u017eiava\u0165 bezpe\u010dnostn\u00e9 opatrenia, aby sa predi\u0161lo nehod\u00e1m. Mali by sa nosi\u0165 vhodn\u00e9 ochrann\u00e9 prostriedky a dodr\u017eiava\u0165 bezpe\u010dnostn\u00e9 pokyny. Pri pou\u017e\u00edvan\u00ed valca by sa mali zoh\u013eadni\u0165 aj faktory prostredia, ako je hlukov\u00e9 zne\u010distenie, zne\u010distenie ovzdu\u0161ia a likvid\u00e1cia odpadu.<\/p>\n<h2>Diagnostika a rie\u0161enia be\u017en\u00fdch por\u00fach<\/h2>\n<p>Medzi be\u017en\u00e9 poruchy, ktor\u00e9 sa m\u00f4\u017eu vyskytn\u00fa\u0165 na valci lopaty pre mal\u00e9 r\u00fdpadlo Lovol FR80G, patr\u00ed \u00fanik hydraulick\u00e9ho oleja, nedostato\u010dn\u00e1 sila a abnorm\u00e1lny hluk. Tieto poruchy je mo\u017en\u00e9 diagnostikova\u0165 a vyrie\u0161i\u0165 kontrolou valca, v\u00fdmenou opotrebovan\u00fdch dielov a nastaven\u00edm hydraulick\u00e9ho syst\u00e9mu. Prevent\u00edvne opatrenia, ako je spr\u00e1vne mazanie a pravideln\u00e1 kontrola, m\u00f4\u017eu minimalizova\u0165 potenci\u00e1lne probl\u00e9my.<\/p>\n<p><img decoding=\"async\" src=\"https:\/\/www.hydraulic-cylinders.net\/wp-content\/uploads\/2025\/01\/songte-bushings-with-all-kinds-of-excavator-models.webp\" alt=\"Obr\u00e1zok puzdier valca vedra\"><\/p>\n<h2>O na\u0161ej spolo\u010dnosti<\/h2>\n<p>Sme v\u00fdrobcom n\u00e1hradn\u00fdch dielov pre hydraulick\u00e9 valce. Na\u0161a spolo\u010dnos\u0165 pon\u00faka kompletn\u00fd sortiment produktov a stala sa jedn\u00fdm z popredn\u00fdch v\u00fdrobcov a ve\u013ekoobchodn\u00fdch distrib\u00fatorov hydraulick\u00fdch valcov na dom\u00e1com aj medzin\u00e1rodnom trhu. Riadime sa politikou excelentnosti v kvalite, spoliehame sa na industrializovan\u00e9 strat\u00e9gie riadenia v\u00fdroby v prec\u00edzne spracovan\u00fdch v\u00fdrobn\u00fdch diel\u0148ach, zlep\u0161ujeme na\u0161u v\u00fdrobn\u00fa platformu a zdokona\u013eujeme v\u00fdrobn\u00e9 linky zameran\u00e9 na kvalitu v\u00fdrobkov prostredn\u00edctvom vyu\u017e\u00edvania technick\u00e9ho person\u00e1lu, digit\u00e1lnych \u0161pi\u010dkov\u00fdch v\u00fdrobn\u00fdch zariaden\u00ed a profesion\u00e1lnych testovac\u00edch syst\u00e9mov. M\u00e1me siln\u00e9 kreat\u00edvne schopnosti a uspokojujeme rozmanit\u00e9 potreby na\u0161ich z\u00e1kazn\u00edkov v\u010faka na\u0161im vysoko efekt\u00edvnym, presn\u00fdm a kvalitn\u00fdm princ\u00edpom. Pon\u00fakame prisp\u00f4soben\u00e9 slu\u017eby, v\u00fdrobn\u00e9 zariadenia a popredajn\u00e9 slu\u017eby.<\/p>\n<p><img decoding=\"async\" src=\"https:\/\/hzpt.com\/wp-content\/uploads\/2024\/11\/songte-company-1.webp\" alt=\"Fotografia spolo\u010dnosti\"><\/p>\n<h3>Profesionalita<\/h3>\n<p>Na\u0161a spolo\u010dnos\u0165 sa venuje poskytovaniu vysokokvalitn\u00fdch n\u00e1hradn\u00fdch dielov hydraulick\u00fdch valcov a m\u00e1 dlhoro\u010dn\u00e9 sk\u00fasenosti v tomto odvetv\u00ed. M\u00e1me t\u00edm vysoko kvalifikovan\u00fdch technikov a modern\u00e9 v\u00fdrobn\u00e9 zariadenia, aby sme zabezpe\u010dili, \u017ee na\u0161e produkty sp\u013a\u0148aj\u00fa najvy\u0161\u0161ie \u0161tandardy kvality a odolnosti.<\/p>\n<h3>Medzin\u00e1rodn\u00e1 certifik\u00e1cia<\/h3>\n<p>Na\u0161e v\u00fdrobky pre\u0161li medzin\u00e1rodn\u00fdmi certifik\u00e1tmi kvality, ako s\u00fa ISO9001, CE a SGS, \u010do zabezpe\u010duje, \u017ee na\u0161e v\u00fdrobky sp\u013a\u0148aj\u00fa medzin\u00e1rodn\u00e9 \u0161tandardy kvality.<\/p>\n<h3>Slu\u017eby prisp\u00f4sobenia<\/h3>\n<p>Pon\u00fakame slu\u017eby na mieru, ktor\u00e9 sp\u013a\u0148aj\u00fa \u0161pecifick\u00e9 potreby na\u0161ich z\u00e1kazn\u00edkov. Valec vieme prisp\u00f4sobi\u0165 pod\u013ea po\u017eiadaviek z\u00e1kazn\u00edka vr\u00e1tane ve\u013ekosti, tvaru a materi\u00e1lu valca. Sna\u017e\u00edme sa poskytova\u0165 na\u0161im z\u00e1kazn\u00edkom najlep\u0161ie mo\u017en\u00e9 rie\u0161enia pre ich potreby v oblasti hydraulick\u00fdch valcov.<\/p>\n<h3>V\u00fdrobn\u00e9 zariadenia<\/h3>\n<p>Na\u0161a spolo\u010dnos\u0165 disponuje modern\u00fdm v\u00fdrobn\u00fdm vybaven\u00edm vr\u00e1tane presn\u00fdch CNC obr\u00e1bac\u00edch centier, s\u00fastruhov a \u010fal\u0161ieho vybavenia, ktor\u00e9 n\u00e1m umo\u017e\u0148uje efekt\u00edvne a vo ve\u013ek\u00fdch mno\u017estv\u00e1ch vyr\u00e1ba\u0165 vysoko kvalitn\u00e9 hydraulick\u00e9 valce.<\/p>\n<h3>Popredajn\u00fd servis<\/h3>\n<p>Na\u0161im z\u00e1kazn\u00edkom poskytujeme popredajn\u00fd servis vr\u00e1tane technickej podpory, opr\u00e1v a n\u00e1hradn\u00fdch dielov. M\u00e1me t\u00edm sk\u00fasen\u00fdch technikov, ktor\u00ed dok\u00e1\u017eu poskytn\u00fa\u0165 na\u0161im z\u00e1kazn\u00edkom v\u010dasn\u00fa a efekt\u00edvnu technick\u00fa podporu.<\/p>\n<p>Autor: lyl<\/p>","protected":false},"excerpt":{"rendered":"<p>Bucket Cylinder For Lovol Small Excavator FR80G Introduction The bucket cylinder for Lovol small excavator FR80G is a specially designed hydraulic cylinder used primarily to control the movement of the bucket in heavy machinery such as excavators, backhoe excavators, and front-end loaders. Its main function is to enable the bucket to lift, lower, and tilt, [&hellip;]<\/p>","protected":false},"featured_media":14789,"comment_status":"open","ping_status":"closed","template":"","meta":{"_et_pb_use_builder":"","_et_pb_old_content":"","_et_gb_content_width":""},"product_brand":[],"product_cat":[1494],"product_tag":[1495,1496],"class_list":{"0":"post-15552","1":"product","2":"type-product","3":"status-publish","4":"has-post-thumbnail","6":"product_cat-bucket-cylinders","7":"product_tag-bucket-cylinders","8":"product_tag-hydraulic-cylinders","10":"first","11":"instock","12":"shipping-taxable","13":"product-type-simple"},"amp_enabled":true,"_links":{"self":[{"href":"https:\/\/www.hydraulic-cylinders.net\/sk\/wp-json\/wp\/v2\/product\/15552","targetHints":{"allow":["GET"]}}],"collection":[{"href":"https:\/\/www.hydraulic-cylinders.net\/sk\/wp-json\/wp\/v2\/product"}],"about":[{"href":"https:\/\/www.hydraulic-cylinders.net\/sk\/wp-json\/wp\/v2\/types\/product"}],"replies":[{"embeddable":true,"href":"https:\/\/www.hydraulic-cylinders.net\/sk\/wp-json\/wp\/v2\/comments?post=15552"}],"wp:featuredmedia":[{"embeddable":true,"href":"https:\/\/www.hydraulic-cylinders.net\/sk\/wp-json\/wp\/v2\/media\/14789"}],"wp:attachment":[{"href":"https:\/\/www.hydraulic-cylinders.net\/sk\/wp-json\/wp\/v2\/media?parent=15552"}],"wp:term":[{"taxonomy":"product_brand","embeddable":true,"href":"https:\/\/www.hydraulic-cylinders.net\/sk\/wp-json\/wp\/v2\/product_brand?post=15552"},{"taxonomy":"product_cat","embeddable":true,"href":"https:\/\/www.hydraulic-cylinders.net\/sk\/wp-json\/wp\/v2\/product_cat?post=15552"},{"taxonomy":"product_tag","embeddable":true,"href":"https:\/\/www.hydraulic-cylinders.net\/sk\/wp-json\/wp\/v2\/product_tag?post=15552"}],"curies":[{"name":"pracovn\u00fd list","href":"https:\/\/api.w.org\/{rel}","templated":true}]}}