{"id":15562,"date":"2025-01-19T14:41:13","date_gmt":"2025-01-19T14:41:13","guid":{"rendered":"https:\/\/www.hydraulic-cylinders.net\/product\/bucket-cylinder-for-lovol-large-excavator-fr330\/"},"modified":"2025-01-19T14:41:15","modified_gmt":"2025-01-19T14:41:15","slug":"bucket-cylinder-for-lovol-large-excavator-fr330","status":"publish","type":"product","link":"https:\/\/www.hydraulic-cylinders.net\/sk\/produkt\/bucket-cylinder-for-lovol-large-excavator-fr330\/","title":{"rendered":"Valec vedra pre ve\u013ek\u00e9 r\u00fdpadlo Lovol FR330"},"content":{"rendered":"<h1>Valec vedra pre ve\u013ek\u00e9 r\u00fdpadlo Lovol FR330<\/h1>\n<h2>\u00davod<\/h2>\n<p>Hydraulick\u00fd valec ly\u017eice pre ve\u013ek\u00e9 r\u00fdpadlo Lovol FR330 je \u0161peci\u00e1lne navrhnut\u00fd hydraulick\u00fd valec, ktor\u00fd sa prim\u00e1rne pou\u017e\u00edva na ovl\u00e1danie pohybu ly\u017e\u00edc v \u0165a\u017ek\u00fdch strojoch, ako s\u00fa r\u00fdpadl\u00e1, r\u00fdpadlo-naklada\u010de a \u010deln\u00e9 naklada\u010de. Jeho hlavnou funkciou je umo\u017eni\u0165 zdv\u00edhanie, sp\u00fa\u0161\u0165anie a nakl\u00e1\u0148anie ly\u017eice, \u010do u\u013eah\u010duje vykon\u00e1vanie r\u00f4znych \u00faloh manipul\u00e1cie s materi\u00e1lom. V hydraulickom syst\u00e9me valec ly\u017eice vyu\u017e\u00edva zmeny tlaku hydraulick\u00e9ho oleja na dosiahnutie presn\u00e9ho ovl\u00e1dania ly\u017eice, \u010do umo\u017e\u0148uje obsluhe efekt\u00edvne manipulova\u0165 s \u0165a\u017ek\u00fdmi bremenami, prisp\u00f4sobi\u0165 sa zlo\u017eit\u00fdm pracovn\u00fdm prostrediam a r\u00f4znym prev\u00e1dzkov\u00fdm potreb\u00e1m.<\/p>\n<p><img decoding=\"async\" src=\"https:\/\/www.hydraulic-cylinders.net\/wp-content\/uploads\/2025\/01\/songte-company-2.webp\" alt=\"Valec vedra pre ve\u013ek\u00e9 r\u00fdpadlo Lovol FR330\" \/><\/p>\n<h2>Vlastnosti produktu<\/h2>\n<ul>\n<li>Vysok\u00e1 pevnos\u0165 a odolnos\u0165: Zvy\u010dajne sa vyr\u00e1ba z vysokopevnostnej ocele alebo hlin\u00edka, odol\u00e1va vysok\u00e9mu tlaku a \u0165a\u017ek\u00fdm za\u0165a\u017eeniam, \u010d\u00edm sa prisp\u00f4sobuje n\u00e1ro\u010dn\u00fdm pracovn\u00fdm podmienkam. Kon\u0161trukcia zoh\u013ead\u0148uje odolnos\u0165 proti opotrebovaniu a kor\u00f3zii, \u010d\u00edm sa predl\u017euje \u017eivotnos\u0165.<\/li>\n<li>Efekt\u00edvna hydraulick\u00e1 prev\u00e1dzka: Vyu\u017e\u00edva tlak hydraulick\u00e9ho oleja na dosiahnutie plynul\u00e9ho vys\u00favania a s\u0165ahovania, r\u00fdchlo reaguje na ovl\u00e1dacie povely a poskytuje siln\u00e9 tla\u010dn\u00e9 a \u0165a\u017en\u00e9 sily, vhodn\u00e9 na manipul\u00e1ciu s \u0165a\u017ek\u00fdmi bremenami a zlo\u017eit\u00e9 prev\u00e1dzkov\u00e9 \u00falohy.<\/li>\n<li>R\u00f4zne typy: Jedno\u010dinn\u00e9 (hydraulick\u00fd pohon sa pou\u017e\u00edva iba v jednom smere) alebo dvoj\u010dinn\u00e9 (hydraulick\u00fd pohon sa pou\u017e\u00edva v oboch smeroch) valce je mo\u017en\u00e9 vybra\u0165 pod\u013ea potrieb, aby sa splnili r\u00f4zne prev\u00e1dzkov\u00e9 po\u017eiadavky. Niektor\u00e9 modely s\u00fa teleskopick\u00e9, \u010do umo\u017e\u0148uje v\u00e4\u010d\u0161ie vysunutie bez zv\u00e4\u010d\u0161enia vonkaj\u0161\u00edch rozmerov, vhodn\u00e9 pre aplik\u00e1cie s obmedzen\u00fdm priestorom.<\/li>\n<li>Dokonal\u00e1 n\u00e1hrada: N\u00e1\u0161 produkt dok\u00e1\u017ee dokonale nahradi\u0165 tieto hydraulick\u00e9 valce.<\/li>\n<\/ul>\n<p><img decoding=\"async\" src=\"https:\/\/www.hydraulic-cylinders.net\/wp-content\/uploads\/2025\/01\/songte-cylinder-head-with-all-kinds-excavator-models.webp\" alt=\"Valec vedra pre ve\u013ek\u00e9 r\u00fdpadlo Lovol FR330\" \/><\/p>\n<h2>Aplik\u00e1cia<\/h2>\n<p>Valec kor\u010deka pre ve\u013ek\u00e9 r\u00fdpadlo Lovol FR330 sa \u0161iroko pou\u017e\u00edva v r\u00f4znych odvetviach, ako s\u00fa stavebn\u00e9 stroje, po\u013enohospod\u00e1rske stroje, r\u00fdpadl\u00e1 a \u010deln\u00e9 naklada\u010de. Ni\u017e\u0161ie uv\u00e1dzame nieko\u013eko pr\u00edkladov jeho pou\u017eitia:<\/p>\n<h3>Stavebn\u00e9 stroje<\/h3>\n<ul>\n<li>R\u00fdpadl\u00e1: Valec ly\u017eice pom\u00e1ha dosiahnu\u0165 kopac\u00ed \u00fa\u010dinok t\u00fdm, \u017ee umo\u017e\u0148uje ly\u017eici prenikn\u00fa\u0165 do p\u00f4dy.<\/li>\n<li>R\u00fdpadlo-naklada\u010de: Valec ly\u017eice pom\u00e1ha pri kopan\u00ed aj zdv\u00edhan\u00ed.<\/li>\n<li>\u010celn\u00e9 naklada\u010de: Valec ly\u017eice pom\u00e1ha pri efekt\u00edvnom zdv\u00edhan\u00ed a vykladan\u00ed n\u00e1kladu.<\/li>\n<\/ul>\n<h3>Po\u013enohospod\u00e1rske stroje<\/h3>\n<ul>\n<li>\u010celn\u00e9 naklada\u010de: Valec ly\u017eice pom\u00e1ha pri zdv\u00edhan\u00ed a vykladan\u00ed zeminy, sena a in\u00fdch materi\u00e1lov.<\/li>\n<\/ul>\n<h2>\u00davahy o dizajne a krit\u00e9ri\u00e1 v\u00fdberu<\/h2>\n<p>Pri v\u00fdbere alebo navrhovan\u00ed valca ko\u0161\u00edka pre ve\u013ek\u00e9 r\u00fdpadlo Lovol FR330 je potrebn\u00e9 zv\u00e1\u017ei\u0165 nieko\u013eko krit\u00e9ri\u00ed:<\/p>\n<h3>Nosnos\u0165<\/h3>\n<p>\u00danosnos\u0165 valca ko\u0161\u00edka by mala by\u0165 schopn\u00e1 odola\u0165 maxim\u00e1lnemu za\u0165a\u017eeniu, ktor\u00e9mu bude vystaven\u00fd po\u010das prev\u00e1dzky. Toto krit\u00e9rium je k\u013e\u00fa\u010dov\u00e9 pre zabezpe\u010denie bezpe\u010dnej a efekt\u00edvnej prev\u00e1dzky valca ko\u0161\u00edka.<\/p>\n<h3>Tesnenie<\/h3>\n<p>Tesniaci syst\u00e9m pou\u017eit\u00fd vo valci vedra by mal by\u0165 odoln\u00fd a spo\u013eahliv\u00fd, aby sa zabezpe\u010dila efekt\u00edvna prev\u00e1dzka hydraulick\u00e9ho syst\u00e9mu a zabr\u00e1nilo sa ak\u00e9muko\u013evek \u00faniku.<\/p>\n<h3>Trvanlivos\u0165<\/h3>\n<p>Trvanlivos\u0165 valca vedra je nevyhnutn\u00e1 pre zabezpe\u010denie optim\u00e1lnej prev\u00e1dzky v n\u00e1ro\u010dn\u00fdch pracovn\u00fdch podmienkach, ako aj pre pred\u013a\u017eenie jeho \u017eivotnosti.<\/p>\n<h3>Bezpe\u010dnos\u0165<\/h3>\n<p>Bezpe\u010dnos\u0165 valca s vedrom by sa mala zv\u00e1\u017ei\u0165 po\u010das procesu v\u00fdberu alebo n\u00e1vrhu, aby sa zabezpe\u010dila jeho bezpe\u010dn\u00e1 a efekt\u00edvna prev\u00e1dzka a predi\u0161lo sa ak\u00fdmko\u013evek nebezpe\u010denstv\u00e1m.<\/p>\n<h3>\u00dadr\u017eba<\/h3>\n<p>\u00dadr\u017eba valca vedra by sa mala zoh\u013eadni\u0165 po\u010das procesu v\u00fdberu alebo n\u00e1vrhu, aby sa zabezpe\u010dila jeho jednoduch\u00e1 \u00fadr\u017eba a oprava v pr\u00edpade potreby.<\/p>\n<p><img decoding=\"async\" src=\"https:\/\/www.hydraulic-cylinders.net\/wp-content\/uploads\/2025\/01\/songte-oil-pipes-and-spare-parts.webp\" alt=\"Valec vedra pre ve\u013ek\u00e9 r\u00fdpadlo Lovol FR330\" \/><\/p>\n<h2>Tesnenie a mazanie<\/h2>\n<p>Valec ly\u017eice pre ve\u013ek\u00e9 r\u00fdpadlo Lovol FR330 pou\u017e\u00edva r\u00f4zne tesniace komponenty, ako s\u00fa tesnenia piestov, tesnenia ty\u010d\u00ed a stieracie tesnenia. Tieto tesnenia s\u00fa vyroben\u00e9 z materi\u00e1lov odoln\u00fdch vo\u010di opotrebovaniu, ako je polyuret\u00e1n alebo nitrilov\u00fd kau\u010duk, a s\u00fa navrhnut\u00e9 pre dlh\u00fa \u017eivotnos\u0165 a spo\u013eahlivos\u0165. Pre udr\u017eanie optim\u00e1lnej prev\u00e1dzky je potrebn\u00e9 valec maza\u0165 vhodn\u00fdm hydraulick\u00fdm olejom, ktor\u00fd by sa mal pravidelne dop\u013a\u0148a\u0165.<\/p>\n<h2>\u00dadr\u017eba a opravy<\/h2>\n<p>Pravideln\u00e1 kontrola a prevent\u00edvna \u00fadr\u017eba m\u00f4\u017eu pom\u00f4c\u0165 pred\u013a\u017ei\u0165 \u017eivotnos\u0165 valca ko\u0161\u00edka pre ve\u013ek\u00e9 r\u00fdpadlo Lovol FR330. Nasleduj\u00face \u00fadr\u017eb\u00e1rske \u00falohy by sa mali vykon\u00e1va\u0165 pravidelne:<\/p>\n<ul>\n<li>Skontrolujte netesnosti a v pr\u00edpade potreby vyme\u0148te opotrebovan\u00e9 tesnenia.<\/li>\n<li>Pravidelne nama\u017ete valec, aby ste zabezpe\u010dili optim\u00e1lnu prev\u00e1dzku.<\/li>\n<li>Skontrolujte a kalibrujte valec, aby ste zabezpe\u010dili optim\u00e1lny v\u00fdkon.<\/li>\n<\/ul>\n<p><img decoding=\"async\" src=\"https:\/\/www.hydraulic-cylinders.net\/wp-content\/uploads\/2025\/01\/songte-chushion-collar.webp\" alt=\"Valec vedra pre ve\u013ek\u00e9 r\u00fdpadlo Lovol FR330\" \/><\/p>\n<h2>Bezpe\u010dnostn\u00e9 aspekty a faktory prostredia<\/h2>\n<p>Valec kor\u010deka pre ve\u013ek\u00e9 r\u00fdpadlo Lovol FR330 je z\u00e1kladnou s\u00fa\u010das\u0165ou \u0165a\u017ek\u00fdch strojov a mal by sa pou\u017e\u00edva\u0165 opatrne. Po\u010das in\u0161tal\u00e1cie, prev\u00e1dzky a \u00fadr\u017eby je d\u00f4le\u017eit\u00e9 dodr\u017eiava\u0165 bezpe\u010dnostn\u00e9 postupy a pokyny, aby sa predi\u0161lo ak\u00fdmko\u013evek nebezpe\u010denstv\u00e1m alebo nehod\u00e1m. Pre zabezpe\u010denie optim\u00e1lnej prev\u00e1dzky by sa mali zoh\u013eadni\u0165 aj faktory prostredia, ako je teplota, vlhkos\u0165 a ne\u010distoty.<\/p>\n<h2>Be\u017en\u00e9 probl\u00e9my a ich rie\u0161enie<\/h2>\n<p>Valec lopaty pre ve\u013ek\u00e9 r\u00fdpadlo Lovol FR330 m\u00f4\u017ee po\u010das prev\u00e1dzky ma\u0165 r\u00f4zne probl\u00e9my, ako s\u00fa netesnosti, nedostato\u010dn\u00fd v\u00fdkon alebo pomal\u00e1 odozva. Nasleduje nieko\u013eko be\u017en\u00fdch tipov na rie\u0161enie probl\u00e9mov:<\/p>\n<ul>\n<li>Skontrolujte netesnosti a v pr\u00edpade potreby vyme\u0148te opotrebovan\u00e9 tesnenia.<\/li>\n<li>Skontrolujte hydraulick\u00fd syst\u00e9m, \u010di nie je zablokovan\u00fd alebo \u010di nefunguje spr\u00e1vne.<\/li>\n<li>Skontrolujte hladinu oleja a pod\u013ea potreby dopl\u0148te viac oleja.<\/li>\n<\/ul>\n<p><img decoding=\"async\" src=\"https:\/\/www.hydraulic-cylinders.net\/wp-content\/uploads\/2025\/01\/songte-bushings-with-all-kinds-of-excavator-models.webp\" alt=\"Valec vedra pre ve\u013ek\u00e9 r\u00fdpadlo Lovol FR330\" \/><\/p>\n<h2>O na\u0161ej spolo\u010dnosti<\/h2>\n<p>Sme v\u00fdrobcom hydraulick\u00fdch valcov, ktor\u00e9 m\u00f4\u017eu nahradi\u0165 r\u00f4zne hydraulick\u00e9 valce. Na\u0161a spolo\u010dnos\u0165 pon\u00faka \u0161irok\u00fa \u0161k\u00e1lu produktov a stala sa jedn\u00fdm z popredn\u00fdch v\u00fdrobcov a ve\u013ekoobchodn\u00edkov s hydraulick\u00fdmi valcami na dom\u00e1com aj medzin\u00e1rodnom trhu. Dodr\u017eiavame princ\u00edp excelentnosti v kvalite a spoliehame sa na industrializovan\u00e9 strat\u00e9gie riadenia v\u00fdroby pre jemn\u00e9 v\u00fdrobn\u00e9 dielne. Na\u0161e produkty s\u00fa vyr\u00e1ban\u00e9 technick\u00fdmi talentmi, \u0161pi\u010dkov\u00fdmi digit\u00e1lnymi v\u00fdrobn\u00fdmi zariadeniami a profesion\u00e1lnymi testovac\u00edmi syst\u00e9mami, pri\u010dom neust\u00e1le zlep\u0161ujeme v\u00fdrobn\u00fa platformu dielne, zlep\u0161ujeme kvalitu v\u00fdrobn\u00fdch postupov a m\u00e1me siln\u00e9 inova\u010dn\u00e9 schopnosti. Sp\u013a\u0148ame rozmanit\u00e9 potreby na\u0161ich z\u00e1kazn\u00edkov s vysokou efektivitou, vysokou presnos\u0165ou a princ\u00edpmi vysokej kvality.<\/p>\n<p><img decoding=\"async\" src=\"https:\/\/hzpt.com\/wp-content\/uploads\/2024\/11\/songte-company-1.webp\" alt=\"Valec vedra pre ve\u013ek\u00e9 r\u00fdpadlo Lovol FR330\" \/><\/p>\n<h2>\u0160pecializ\u00e1cie na\u0161ej spolo\u010dnosti<\/h2>\n<ul>\n<li>Profesionalita: M\u00e1me t\u00edm odborn\u00edkov s rozsiahlymi sk\u00fasenos\u0165ami vo v\u00fdrobe hydraulick\u00fdch valcov.<\/li>\n<li>Medzin\u00e1rodn\u00e1 certifik\u00e1cia: Na\u0161e produkty pre\u0161li r\u00f4znymi medzin\u00e1rodn\u00fdmi certifik\u00e1ciami, ako napr\u00edklad ISO9001, CE a ROHS.<\/li>\n<li>Slu\u017eby prisp\u00f4sobenia: Pon\u00fakame slu\u017eby prisp\u00f4sobenia, aby sme splnili rozmanit\u00e9 potreby na\u0161ich z\u00e1kazn\u00edkov.<\/li>\n<li>V\u00fdrobn\u00e9 zariadenia: Na zabezpe\u010denie kvality a efekt\u00edvnosti v\u00fdrobkov pou\u017e\u00edvame \u0161pi\u010dkov\u00e9 digit\u00e1lne v\u00fdrobn\u00e9 zariadenia.<\/li>\n<li>Popredajn\u00fd servis: Poskytujeme popredajn\u00fd servis, aby sme zabezpe\u010dili spokojnos\u0165 z\u00e1kazn\u00edkov a kvalitu produktov.<\/li>\n<\/ul>\n<p>Autor: lyl.<\/p>","protected":false},"excerpt":{"rendered":"<p>Bucket Cylinder For Lovol Large Excavator FR330 Introduction The bucket cylinder for Lovol Large Excavator FR330 is a specially designed hydraulic cylinder that is primarily used to control the movement of buckets in heavy machinery such as excavators, backhoe loaders, and front-end loaders. Its main function is to enable the bucket to lift, lower, and [&hellip;]<\/p>","protected":false},"featured_media":14771,"comment_status":"open","ping_status":"closed","template":"","meta":{"_et_pb_use_builder":"","_et_pb_old_content":"","_et_gb_content_width":""},"product_brand":[],"product_cat":[1494],"product_tag":[1495,1496],"class_list":{"0":"post-15562","1":"product","2":"type-product","3":"status-publish","4":"has-post-thumbnail","6":"product_cat-bucket-cylinders","7":"product_tag-bucket-cylinders","8":"product_tag-hydraulic-cylinders","10":"first","11":"instock","12":"shipping-taxable","13":"product-type-simple"},"amp_enabled":true,"_links":{"self":[{"href":"https:\/\/www.hydraulic-cylinders.net\/sk\/wp-json\/wp\/v2\/product\/15562","targetHints":{"allow":["GET"]}}],"collection":[{"href":"https:\/\/www.hydraulic-cylinders.net\/sk\/wp-json\/wp\/v2\/product"}],"about":[{"href":"https:\/\/www.hydraulic-cylinders.net\/sk\/wp-json\/wp\/v2\/types\/product"}],"replies":[{"embeddable":true,"href":"https:\/\/www.hydraulic-cylinders.net\/sk\/wp-json\/wp\/v2\/comments?post=15562"}],"wp:featuredmedia":[{"embeddable":true,"href":"https:\/\/www.hydraulic-cylinders.net\/sk\/wp-json\/wp\/v2\/media\/14771"}],"wp:attachment":[{"href":"https:\/\/www.hydraulic-cylinders.net\/sk\/wp-json\/wp\/v2\/media?parent=15562"}],"wp:term":[{"taxonomy":"product_brand","embeddable":true,"href":"https:\/\/www.hydraulic-cylinders.net\/sk\/wp-json\/wp\/v2\/product_brand?post=15562"},{"taxonomy":"product_cat","embeddable":true,"href":"https:\/\/www.hydraulic-cylinders.net\/sk\/wp-json\/wp\/v2\/product_cat?post=15562"},{"taxonomy":"product_tag","embeddable":true,"href":"https:\/\/www.hydraulic-cylinders.net\/sk\/wp-json\/wp\/v2\/product_tag?post=15562"}],"curies":[{"name":"pracovn\u00fd list","href":"https:\/\/api.w.org\/{rel}","templated":true}]}}