{"id":15578,"date":"2025-01-19T14:42:24","date_gmt":"2025-01-19T14:42:24","guid":{"rendered":"https:\/\/www.hydraulic-cylinders.net\/product\/bucket-cylinder-for-liugong-middle-excavator-clg925d-925e\/"},"modified":"2025-01-19T14:42:26","modified_gmt":"2025-01-19T14:42:26","slug":"bucket-cylinder-for-liugong-middle-excavator-clg925d-925e","status":"publish","type":"product","link":"https:\/\/www.hydraulic-cylinders.net\/sk\/produkt\/bucket-cylinder-for-liugong-middle-excavator-clg925d-925e\/","title":{"rendered":"Valec vedra pre stredn\u00e9 r\u00fdpadlo Liugong CLG925D\/925E"},"content":{"rendered":"<h1>Valec vedra pre stredn\u00e9 r\u00fdpadlo Liugong CLG925D\/925E<\/h1>\n<h2>\u00davod<\/h2>\n<p>Hydraulick\u00fd valec ly\u017eice je \u0161peci\u00e1lne navrhnut\u00fd hydraulick\u00fd valec, ktor\u00fd sa pou\u017e\u00edva predov\u0161etk\u00fdm na ovl\u00e1danie pohybu ly\u017eice v \u0165a\u017ek\u00fdch strojoch, ako s\u00fa bagre, r\u00fdpadlo-naklada\u010de a \u010deln\u00e9 naklada\u010de. Jeho hlavnou funkciou je umo\u017eni\u0165 zdv\u00edhanie, sp\u00fa\u0161\u0165anie a nakl\u00e1\u0148anie ly\u017eice, \u010do u\u013eah\u010duje vykon\u00e1vanie r\u00f4znych \u00faloh manipul\u00e1cie s materi\u00e1lom. V hydraulickom syst\u00e9me dosahuje valec ly\u017eice presn\u00e9 ovl\u00e1danie ly\u017eice prostredn\u00edctvom zmien tlaku hydraulick\u00e9ho oleja, \u010do umo\u017e\u0148uje obsluhe efekt\u00edvne manipulova\u0165 s \u0165a\u017ek\u00fdmi bremenami, prisp\u00f4sobova\u0165 sa zlo\u017eit\u00fdm pracovn\u00fdm prostrediam a r\u00f4znorod\u00fdm po\u017eiadavk\u00e1m pr\u00e1ce.<\/p>\n<p><img decoding=\"async\" src=\"https:\/\/www.hydraulic-cylinders.net\/wp-content\/uploads\/2025\/01\/songte-company-2.webp\" alt=\"Valec vedra\"><\/p>\n<h2>Funkcie<\/h2>\n<ul>\n<li>\n<h3>Vysok\u00e1 pevnos\u0165 a odolnos\u0165:<\/h3>\n<p> Zvy\u010dajne je vyroben\u00fd z vysokopevnostnej ocele alebo hlin\u00edka, odol\u00e1 vysok\u00e9mu tlaku a \u0165a\u017ek\u00fdm za\u0165a\u017eeniam, \u010d\u00edm sa prisp\u00f4sob\u00ed n\u00e1ro\u010dn\u00fdm pracovn\u00fdm podmienkam. Je navrhnut\u00fd s oh\u013eadom na odolnos\u0165 vo\u010di opotrebovaniu a kor\u00f3zii, \u010d\u00edm sa predl\u017euje jeho \u017eivotnos\u0165.<\/li>\n<li>\n<h3>Efekt\u00edvna hydraulick\u00e1 prev\u00e1dzka:<\/h3>\n<p> Plynul\u00fd teleskopick\u00fd pohyb sa dosahuje pomocou hydraulick\u00e9ho tlaku oleja, ktor\u00fd dok\u00e1\u017ee r\u00fdchlo reagova\u0165 na ovl\u00e1dacie povely a poskytuje siln\u00e9 tla\u010dn\u00e9 a \u0165a\u017en\u00e9 sily, vhodn\u00e9 na manipul\u00e1ciu s \u0165a\u017ek\u00fdmi bremenami a zlo\u017eit\u00fdmi pracovn\u00fdmi \u00falohami.<\/li>\n<li>\n<h3>R\u00f4zne typy:<\/h3>\n<p> Pod\u013ea prev\u00e1dzkov\u00fdch po\u017eiadaviek je mo\u017en\u00e9 zvoli\u0165 jedno\u010dinn\u00e9 (hydraulick\u00fd pohon sa pou\u017e\u00edva iba v jednom smere) alebo dvoj\u010dinn\u00e9 (hydraulick\u00fd pohon sa pou\u017e\u00edva v oboch smeroch) valce. Niektor\u00e9 modely s\u00fa teleskopick\u00e9, \u010do umo\u017e\u0148uje v\u00e4\u010d\u0161ie vysunutie bez zv\u00e4\u010d\u0161enia vonkaj\u0161\u00edch rozmerov, vhodn\u00e9 pre aplik\u00e1cie s obmedzen\u00fdm priestorom.<\/li>\n<li>\n<h3>Na\u0161a schopnos\u0165 vyrobi\u0165 tento produkt:<\/h3>\n<p> N\u00e1\u0161 produkt dok\u00e1\u017ee dokonale nahradi\u0165 tieto hydraulick\u00e9 valce.<\/li>\n<\/ul>\n<p><img decoding=\"async\" src=\"https:\/\/www.hydraulic-cylinders.net\/wp-content\/uploads\/2025\/01\/songte-cylinder-head-with-all-kinds-excavator-models.webp\" alt=\"Produkt\"><\/p>\n<h2>Aplik\u00e1cie<\/h2>\n<p>Valec kor\u010deka je nevyhnutn\u00fd na v\u00fdkopov\u00e9 pr\u00e1ce, nakladanie a premiest\u0148ovanie zeminy alebo sutiny v stavebn\u00fdch strojoch, ako s\u00fa bagre a r\u00fdpadl\u00e1-naklada\u010de. Okrem toho sa pou\u017e\u00edva pre \u010deln\u00e9 naklada\u010de na efekt\u00edvne zdv\u00edhanie a vykladanie tovaru. Nasleduj\u00fa niektor\u00e9 z jeho \u0161pecifick\u00fdch pou\u017eit\u00ed:<\/p>\n<ul>\n<li>\n<h3>Stavebn\u00e9 vybavenie:<\/h3>\n<p> Valce lopaty s\u00fa k\u013e\u00fa\u010dov\u00e9 pre v\u00fdkopov\u00e9 pr\u00e1ce, nakladanie a premiest\u0148ovanie zeminy alebo sutiny v bagroch a r\u00fdpadlo-naklada\u010doch. Valec lopaty pom\u00e1ha pri kopan\u00ed aj zdv\u00edhan\u00ed v r\u00fdpadlo-naklada\u010doch.<\/li>\n<li>\n<h3>Po\u013enohospod\u00e1rske stroje:<\/h3>\n<p> Pou\u017e\u00edva sa pre \u010deln\u00e9 naklada\u010de na zdv\u00edhanie a prepravu zeminy, sena a in\u00fdch materi\u00e1lov.<\/li>\n<li>\n<h3>R\u00fdpadl\u00e1:<\/h3>\n<p> Valec ly\u017eice umo\u017e\u0148uje kopanie t\u00fdm, \u017ee umo\u017e\u0148uje ly\u017eici prenikn\u00fa\u0165 do p\u00f4dy.<\/li>\n<li>\n<h3>\u010celn\u00e9 naklada\u010de:<\/h3>\n<p> Pom\u00e1haj\u00fa pri efekt\u00edvnom zdv\u00edhan\u00ed a nakl\u00e1\u0148an\u00ed n\u00e1kladu.<\/li>\n<\/ul>\n<h2>\u00davahy o dizajne a krit\u00e9ri\u00e1 v\u00fdberu<\/h2>\n<h3>\u00davahy o dizajne:<\/h3>\n<ul>\n<li>\n<h4>Nosnos\u0165:<\/h4>\n<p> Valec kor\u010deka by mal by\u0165 schopn\u00fd zvl\u00e1dnu\u0165 po\u017eadovan\u00fa nosnos\u0165 bez poruchy.<\/li>\n<li>\n<h4>Tesnenie:<\/h4>\n<p> Valec mus\u00ed by\u0165 riadne utesnen\u00fd, aby sa zabr\u00e1nilo \u00faniku hydraulickej kvapaliny.<\/li>\n<li>\n<h4>Trvanlivos\u0165:<\/h4>\n<p> Valec by mal by\u0165 navrhnut\u00fd tak, aby odolal n\u00e1ro\u010dn\u00fdm prev\u00e1dzkov\u00fdm podmienkam a bol odoln\u00fd vo\u010di opotrebovaniu a kor\u00f3zii.<\/li>\n<li>\n<h4>Bezpe\u010dnos\u0165:<\/h4>\n<p> Valec by mal by\u0165 navrhnut\u00fd tak, aby zabezpe\u010dil bezpe\u010dnos\u0165 obsluhy a okolia.<\/li>\n<li>\n<h4>\u00dadr\u017eba:<\/h4>\n<p> Valec by mal by\u0165 navrhnut\u00fd pre jednoduch\u00fa \u00fadr\u017ebu a opravu.<\/li>\n<\/ul>\n<p><img decoding=\"async\" src=\"https:\/\/www.hydraulic-cylinders.net\/wp-content\/uploads\/2025\/01\/songte-oil-pipes-and-spare-parts.webp\" alt=\"Produkty\"><\/p>\n<h3>Tesnenie a mazanie:<\/h3>\n<p>Na zabr\u00e1nenie \u00faniku hydraulickej kvapaliny sa pou\u017e\u00edvaj\u00fa r\u00f4zne tesniace komponenty, ako s\u00fa tesnenia piestov a tesnenia ty\u010d\u00ed. Tesnenia s\u00fa vyroben\u00e9 z materi\u00e1lov odoln\u00fdch vo\u010di opotrebovaniu, ako je polyuret\u00e1n a nitrilov\u00fd kau\u010duk. Teleso valca a z\u00e1vitov\u00fd koniec s\u00fa jemne opracovan\u00e9 pre zlep\u0161enie odolnosti vo\u010di opotrebovaniu. Na zabezpe\u010denie spr\u00e1vnej prev\u00e1dzky je potrebn\u00e9 pravideln\u00e9 mazanie vhodn\u00fdm hydraulick\u00fdm olejom.<\/p>\n<h3>\u00dadr\u017eba a opravy:<\/h3>\n<p>Pravideln\u00e1 kontrola, vhodn\u00e9 mazanie, v\u00fdmena tesnen\u00ed a kalibra\u010dn\u00e9 kontroly patria medzi be\u017en\u00e9 \u00falohy \u00fadr\u017eby. Spr\u00e1vna in\u0161tal\u00e1cia, mazanie a nastavenie s\u00fa k\u013e\u00fa\u010dov\u00e9 pre pred\u013a\u017eenie \u017eivotnosti valca s vedro. Po\u010das in\u0161tal\u00e1cie je d\u00f4le\u017eit\u00e9 spr\u00e1vne zarovnanie valca a na upevnenie valca by sa mali pou\u017ei\u0165 spr\u00e1vne mont\u00e1\u017ene konzoly. Na pred\u013a\u017eenie \u017eivotnosti valca sa poskytuj\u00fa odpor\u00fa\u010dan\u00e9 postupy kontroly, opravy a v\u00fdmeny, v\u00fdmena dielov a rekon\u0161truk\u010dn\u00e9 slu\u017eby.<\/p>\n<p><img decoding=\"async\" src=\"https:\/\/www.hydraulic-cylinders.net\/wp-content\/uploads\/2025\/01\/songte-chushion-collar.webp\" alt=\"Produkty\"><\/p>\n<h2>Bezpe\u010dnostn\u00e9 aspekty a faktory prostredia<\/h2>\n<p>Hydraulick\u00e9 valce musia by\u0165 prev\u00e1dzkovan\u00e9 bezpe\u010dne a pri ich pou\u017e\u00edvan\u00ed by sa mali prija\u0165 vhodn\u00e9 bezpe\u010dnostn\u00e9 opatrenia. Patria sem dodr\u017eiavanie bezpe\u010dnostn\u00fdch pokynov, ako je nosenie osobn\u00fdch ochrann\u00fdch prostriedkov a zabezpe\u010denie dobr\u00e9ho prev\u00e1dzkov\u00e9ho stavu hydraulick\u00e9ho zariadenia. Pri prev\u00e1dzke hydraulick\u00fdch valcov by sa mali bra\u0165 do \u00favahy aj faktory prostredia, ako je teplota, vlhkos\u0165 a kor\u00f3zia.<\/p>\n<h2>Rie\u0161enie probl\u00e9mov a be\u017en\u00e9 probl\u00e9my<\/h2>\n<p>Nasleduj\u00fa niektor\u00e9 be\u017en\u00e9 probl\u00e9my, ktor\u00e9 sa m\u00f4\u017eu vyskytn\u00fa\u0165 pri pou\u017e\u00edvan\u00ed valcov s vedrovou hlav\u0148ou:<\/p>\n<ul>\n<li>\n<h3>\u00danik hydraulickej kvapaliny:<\/h3>\n<p> M\u00f4\u017ee to by\u0165 sp\u00f4soben\u00e9 opotrebovan\u00edm tesnen\u00ed alebo in\u00fdch komponentov.<\/li>\n<li>\n<h3>Porucha valca:<\/h3>\n<p> Valec nemus\u00ed spr\u00e1vne fungova\u0165 z r\u00f4znych d\u00f4vodov, ako je napr\u00edklad zn\u00ed\u017een\u00fd hydraulick\u00fd tlak alebo po\u0161koden\u00fd piest.<\/li>\n<li>\n<h3>Hluk a vibr\u00e1cie:<\/h3>\n<p> M\u00f4\u017ee to by\u0165 sp\u00f4soben\u00e9 nespr\u00e1vnou in\u0161tal\u00e1ciou, opotrebovan\u00fdmi komponentmi alebo kontamin\u00e1ciou hydraulickej kvapaliny.<\/li>\n<\/ul>\n<p>Spr\u00e1vna kontrola a prevent\u00edvna \u00fadr\u017eba m\u00f4\u017eu pom\u00f4c\u0165 identifikova\u0165 a predch\u00e1dza\u0165 t\u00fdmto probl\u00e9mom. Ak sa zist\u00ed probl\u00e9m, mali by sa prija\u0165 vhodn\u00e9 opatrenia na jeho vyrie\u0161enie a rie\u0161enie.<\/p>\n<p><img decoding=\"async\" src=\"https:\/\/www.hydraulic-cylinders.net\/wp-content\/uploads\/2025\/01\/songte-bushings-with-all-kinds-of-excavator-models.webp\" alt=\"Produkty\"><\/p>\n<h2>O na\u0161ej spolo\u010dnosti<\/h2>\n<p>Sme v\u00fdrobcom hydraulick\u00fdch valcov a n\u00e1\u0161 sortiment je komplexn\u00fd. Sme jedn\u00fdm z popredn\u00fdch v\u00fdrobcov a ve\u013ekoobchodn\u00fdch distrib\u00fatorov hydraulick\u00fdch valcov na dom\u00e1com aj medzin\u00e1rodnom trhu. Riadime sa strat\u00e9giou vynikaj\u00facej kvality a spoliehame sa na industrializovan\u00e9 riadenie v\u00fdroby v sofistikovan\u00fdch v\u00fdrobn\u00fdch diel\u0148ach. Na\u0161a spolo\u010dnos\u0165 neust\u00e1le zdokona\u013euje v\u00fdrobn\u00fa platformu dielne vyu\u017e\u00edvan\u00edm technick\u00fdch talentov, \u0161pi\u010dkov\u00fdch digit\u00e1lnych v\u00fdrobn\u00fdch zariaden\u00ed a profesion\u00e1lnych testovac\u00edch syst\u00e9mov, zdokona\u013euje v\u00fdrobn\u00fa linku kvality produktov a m\u00e1 siln\u00e9 tvoriv\u00e9 schopnosti. Poskytujeme na\u0161im z\u00e1kazn\u00edkom vysoko efekt\u00edvne, presn\u00e9 a vysoko kvalitn\u00e9 produkty, ktor\u00e9 sp\u013a\u0148aj\u00fa ich rozmanit\u00e9 potreby.<\/p>\n<p><img decoding=\"async\" src=\"https:\/\/hzpt.com\/wp-content\/uploads\/2024\/11\/songte-company-1.webp\" alt=\"Spolo\u010dnos\u0165\"><\/p>\n<h3>Profesionalita:<\/h3>\n<p>Na\u0161a spolo\u010dnos\u0165 m\u00e1 t\u00edm sk\u00fasen\u00fdch profesion\u00e1lov, ktor\u00ed s\u00fa expertmi vo svojich oblastiach. Na\u0161im z\u00e1kazn\u00edkom poskytujeme \u0161pi\u010dkov\u00e9 technick\u00e9 slu\u017eby a podporu, aby sme zabezpe\u010dili splnenie ich potrieb.<\/p>\n<h3>Medzin\u00e1rodn\u00e1 certifik\u00e1cia:<\/h3>\n<p>Na\u0161e v\u00fdrobky s\u00fa certifikovan\u00e9 medzin\u00e1rodn\u00fdmi organiz\u00e1ciami kontroly kvality, ako s\u00fa ISO a CE, \u010do zaru\u010duje vysok\u00fa \u00farove\u0148 istoty a kvality.<\/p>\n<h3>Slu\u017eby prisp\u00f4sobenia:<\/h3>\n<p>Na\u0161im z\u00e1kazn\u00edkom poskytujeme hydraulick\u00e9 valce na mieru a po\u010das cel\u00e9ho procesu im poskytujeme technick\u00e9 poradenstvo a podporu.<\/p>\n<h3>V\u00fdrobn\u00e9 vybavenie:<\/h3>\n<p>Na\u0161a spolo\u010dnos\u0165 m\u00e1 k dispoz\u00edcii \u0161irok\u00fa \u0161k\u00e1lu modern\u00fdch v\u00fdrobn\u00fdch zariaden\u00ed vr\u00e1tane CNC s\u00fastruhov, obr\u00e1bac\u00edch centier a testovac\u00edch zariaden\u00ed.<\/p>\n<h3>Popredajn\u00fd servis:<\/h3>\n<p>Na\u0161im z\u00e1kazn\u00edkom poskytujeme popredajn\u00fd servis a podporu, aby sme zabezpe\u010dili ich spokojnos\u0165 s na\u0161imi produktmi.<\/p>\n<p><img decoding=\"async\" src=\"https:\/\/www.hydraulic-cylinders.net\/wp-content\/uploads\/2025\/01\/songte-company-3.webp\" alt=\"Spolo\u010dnos\u0165\"><\/p>\n<h2>Autor: lyl<\/h2>","protected":false},"excerpt":{"rendered":"<p>Bucket Cylinder for Liugong Middle Excavator CLG925D\/925E Introduction The bucket cylinder is a specially designed hydraulic cylinder primarily used to control the movement of the bucket in heavy machinery such as excavators, backhoe loaders, and front-end loaders. Its main function is to enable the bucket to lift, lower, and tilt, making it easier to perform [&hellip;]<\/p>","protected":false},"featured_media":14769,"comment_status":"open","ping_status":"closed","template":"","meta":{"_et_pb_use_builder":"","_et_pb_old_content":"","_et_gb_content_width":""},"product_brand":[],"product_cat":[1494],"product_tag":[1495,1496],"class_list":{"0":"post-15578","1":"product","2":"type-product","3":"status-publish","4":"has-post-thumbnail","6":"product_cat-bucket-cylinders","7":"product_tag-bucket-cylinders","8":"product_tag-hydraulic-cylinders","10":"first","11":"instock","12":"shipping-taxable","13":"product-type-simple"},"amp_enabled":true,"_links":{"self":[{"href":"https:\/\/www.hydraulic-cylinders.net\/sk\/wp-json\/wp\/v2\/product\/15578","targetHints":{"allow":["GET"]}}],"collection":[{"href":"https:\/\/www.hydraulic-cylinders.net\/sk\/wp-json\/wp\/v2\/product"}],"about":[{"href":"https:\/\/www.hydraulic-cylinders.net\/sk\/wp-json\/wp\/v2\/types\/product"}],"replies":[{"embeddable":true,"href":"https:\/\/www.hydraulic-cylinders.net\/sk\/wp-json\/wp\/v2\/comments?post=15578"}],"wp:featuredmedia":[{"embeddable":true,"href":"https:\/\/www.hydraulic-cylinders.net\/sk\/wp-json\/wp\/v2\/media\/14769"}],"wp:attachment":[{"href":"https:\/\/www.hydraulic-cylinders.net\/sk\/wp-json\/wp\/v2\/media?parent=15578"}],"wp:term":[{"taxonomy":"product_brand","embeddable":true,"href":"https:\/\/www.hydraulic-cylinders.net\/sk\/wp-json\/wp\/v2\/product_brand?post=15578"},{"taxonomy":"product_cat","embeddable":true,"href":"https:\/\/www.hydraulic-cylinders.net\/sk\/wp-json\/wp\/v2\/product_cat?post=15578"},{"taxonomy":"product_tag","embeddable":true,"href":"https:\/\/www.hydraulic-cylinders.net\/sk\/wp-json\/wp\/v2\/product_tag?post=15578"}],"curies":[{"name":"pracovn\u00fd list","href":"https:\/\/api.w.org\/{rel}","templated":true}]}}