{"id":15580,"date":"2025-01-19T14:42:32","date_gmt":"2025-01-19T14:42:32","guid":{"rendered":"https:\/\/www.hydraulic-cylinders.net\/product\/bucket-cylinder-for-liugong-middle-excavator-clg220-5\/"},"modified":"2025-01-19T14:42:34","modified_gmt":"2025-01-19T14:42:34","slug":"bucket-cylinder-for-liugong-middle-excavator-clg220-5","status":"publish","type":"product","link":"https:\/\/www.hydraulic-cylinders.net\/sk\/produkt\/bucket-cylinder-for-liugong-middle-excavator-clg220-5\/","title":{"rendered":"Valec vedra pre stredn\u00e9 r\u00fdpadlo Liugong CLG220-5"},"content":{"rendered":"<h1>Valec vedra pre stredn\u00e9 r\u00fdpadlo Liugong CLG220-5<\/h1>\n<h2>\u00davod<\/h2>\n<p>Hydraulick\u00fd valec ly\u017eice je \u0161pecializovan\u00fd hydraulick\u00fd valec ur\u010den\u00fd na ovl\u00e1danie pohybu ly\u017e\u00edc v \u0165a\u017ek\u00fdch strojoch, ako s\u00fa bagre, r\u00fdpadlo-naklada\u010de a \u010deln\u00e9 naklada\u010de. Jeho hlavnou funkciou je umo\u017eni\u0165 zdv\u00edhanie, sp\u00fa\u0161\u0165anie a nakl\u00e1\u0148anie ly\u017eice, \u010do u\u013eah\u010duje r\u00f4zne \u00falohy manipul\u00e1cie s materi\u00e1lom. V hydraulickom syst\u00e9me dosahuje valec ly\u017eice presn\u00e9 ovl\u00e1danie ly\u017eice vyu\u017eit\u00edm zmien tlaku hydraulick\u00e9ho oleja, \u010do umo\u017e\u0148uje obsluhe efekt\u00edvne manipulova\u0165 s \u0165a\u017ek\u00fdmi bremenami a prisp\u00f4sobi\u0165 sa zlo\u017eit\u00fdm pracovn\u00fdm prostrediam a r\u00f4znorod\u00fdm po\u017eiadavk\u00e1m pr\u00e1ce.<\/p>\n<p><img decoding=\"async\" src=\"https:\/\/www.hydraulic-cylinders.net\/wp-content\/uploads\/2025\/01\/songte-company-2.webp\" alt=\"Valec vedra\"><\/p>\n<h2>Funkcie<\/h2>\n<ul>\n<li>Vysok\u00e1 pevnos\u0165 a odolnos\u0165: Zvy\u010dajne s\u00fa vyroben\u00e9 z vysokopevnostnej ocele alebo hlin\u00edka, schopn\u00e9 odol\u00e1va\u0165 vysok\u00e9mu tlaku a \u0165a\u017ek\u00fdm za\u0165a\u017eeniam, prisp\u00f4sobi\u0165 sa n\u00e1ro\u010dn\u00fdm pracovn\u00fdm podmienkam a s\u00fa navrhnut\u00e9 s oh\u013eadom na odolnos\u0165 vo\u010di opotrebovaniu a kor\u00f3zii, aby sa pred\u013a\u017eila \u017eivotnos\u0165.<\/li>\n<li>Efekt\u00edvna hydraulick\u00e1 prev\u00e1dzka: Vyu\u017e\u00edva tlak hydraulick\u00e9ho oleja na dosiahnutie plynul\u00e9ho vys\u00favania a zas\u00favania, je schopn\u00fd r\u00fdchlo reagova\u0165 na ovl\u00e1dacie povely a poskytuje siln\u00e9 tla\u010dn\u00e9 a \u0165a\u017en\u00e9 sily, vhodn\u00e9 na manipul\u00e1ciu s \u0165a\u017ek\u00fdmi bremenami a zlo\u017eit\u00fdmi pracovn\u00fdmi \u00falohami.<\/li>\n<li>R\u00f4zne typy: Pod\u013ea potrieb je mo\u017en\u00e9 zvoli\u0165 jedno\u010dinn\u00e9 (hydraulicky ovl\u00e1dan\u00e9 iba v jednom smere) alebo dvoj\u010dinn\u00e9 (hydraulicky ovl\u00e1dan\u00e9 v oboch smeroch) valce, ktor\u00e9 sp\u013a\u0148aj\u00fa r\u00f4zne prev\u00e1dzkov\u00e9 po\u017eiadavky. Niektor\u00e9 modely s\u00fa teleskopick\u00e9, \u010do umo\u017e\u0148uje v\u00e4\u010d\u0161ie vysunutie bez zv\u00e4\u010d\u0161enia vonkaj\u0161\u00edch rozmerov, vhodn\u00e9 pre aplik\u00e1cie s obmedzen\u00fdm priestorom.<\/li>\n<li>Dokonal\u00e1 n\u00e1hrada: Na\u0161e produkty dok\u00e1\u017eu dokonale nahradi\u0165 tieto hydraulick\u00e9 valce.<\/li>\n<\/ul>\n<p><img decoding=\"async\" src=\"https:\/\/www.hydraulic-cylinders.net\/wp-content\/uploads\/2025\/01\/songte-cylinder-head-with-all-kinds-excavator-models.webp\" alt=\"Obr\u00e1zok produktu\"><\/p>\n<h2>Aplik\u00e1cie<\/h2>\n<p>Valec s ko\u0161\u00edkom nach\u00e1dza uplatnenie v r\u00f4znych stavebn\u00fdch a po\u013enohospod\u00e1rskych strojoch:<\/p>\n<h3>Stavebn\u00e9 vybavenie:<\/h3>\n<ul>\n<li>R\u00fdpadl\u00e1: Nevyhnutn\u00e9 na v\u00fdkopov\u00e9 pr\u00e1ce, nakladanie a premiest\u0148ovanie zeminy alebo sutiny. Valec ly\u017eice u\u013eah\u010duje kopanie aj zdv\u00edhanie.<\/li>\n<li>R\u00fdpadlo-naklada\u010de: Pou\u017e\u00edvaj\u00fa sa na kopanie a zdv\u00edhanie.<\/li>\n<\/ul>\n<h3>Po\u013enohospod\u00e1rske stroje:<\/h3>\n<ul>\n<li>\u010celn\u00e9 naklada\u010de: Pou\u017e\u00edvaj\u00fa sa na naberanie, zdv\u00edhanie a prepravu p\u00f4dy, sena a in\u00fdch materi\u00e1lov.<\/li>\n<\/ul>\n<p><img decoding=\"async\" src=\"https:\/\/www.hydraulic-cylinders.net\/wp-content\/uploads\/2025\/01\/songte-oil-pipes-and-spare-parts.webp\" alt=\"Obr\u00e1zok produktu\"><\/p>\n<h2>\u00davahy o dizajne a krit\u00e9ri\u00e1 v\u00fdberu<\/h2>\n<ul>\n<li>Nosnos\u0165: Valec vedra je navrhnut\u00fd tak, aby zvl\u00e1dal \u0165a\u017ek\u00e9 bremen\u00e1 a odolal vysok\u00e9mu tlaku.<\/li>\n<li>Tesnenie: Pou\u017e\u00edvaj\u00fa sa r\u00f4zne tesnenia, ako s\u00fa tesnenia piestov a tesnenia ty\u010d\u00ed, vyroben\u00e9 z materi\u00e1lov odoln\u00fdch vo\u010di opotrebovaniu, ako je polyuret\u00e1n a nitrilov\u00fd kau\u010duk. Teleso valca a z\u00e1vitov\u00e9 konce s\u00fa jemne upraven\u00e9 pre zlep\u0161enie odolnosti vo\u010di opotrebovaniu.<\/li>\n<li>Trvanlivos\u0165: Valec vedra je vyroben\u00fd tak, aby vydr\u017eal, ber\u00fac do \u00favahy faktory, ako je odolnos\u0165 vo\u010di kor\u00f3zii a opotrebovaniu.<\/li>\n<li>Bezpe\u010dnos\u0165: S\u00fa\u010das\u0165ou kon\u0161trukcie s\u00fa bezpe\u010dnostn\u00e9 prvky, ktor\u00e9 zabezpe\u010duj\u00fa bezpe\u010dn\u00fa prev\u00e1dzku.<\/li>\n<li>\u00dadr\u017eba: Valec vedra je navrhnut\u00fd pre jednoduch\u00fa \u00fadr\u017ebu a opravu.<\/li>\n<\/ul>\n<p><img decoding=\"async\" src=\"https:\/\/www.hydraulic-cylinders.net\/wp-content\/uploads\/2025\/01\/songte-chushion-collar.webp\" alt=\"Obr\u00e1zok produktu\"><\/p>\n<h2>Tesnenie a mazanie<\/h2>\n<p>Valec kor\u010deka vyu\u017e\u00edva r\u00f4zne tesnenia, ako s\u00fa piestne tesnenia a tesnenia ty\u010d\u00ed, ktor\u00e9 s\u00fa vyroben\u00e9 z materi\u00e1lov odoln\u00fdch vo\u010di opotrebovaniu, ako je polyuret\u00e1n a nitrilov\u00fd kau\u010duk. Teleso valca a z\u00e1vitov\u00e9 konce s\u00fa jemne o\u0161etren\u00e9 pre zlep\u0161enie odolnosti vo\u010di opotrebovaniu. Pravideln\u00e9 mazanie vhodn\u00fdm hydraulick\u00fdm olejom je nevyhnutn\u00e9 pre zabezpe\u010denie hladk\u00e9ho chodu a pred\u013a\u017eenie \u017eivotnosti valca.<\/p>\n<h2>Pravideln\u00e1 kontrola a prevent\u00edvna \u00fadr\u017eba<\/h2>\n<p>Na udr\u017eanie optim\u00e1lneho v\u00fdkonu a predch\u00e1dzanie potenci\u00e1lnym probl\u00e9mom sa odpor\u00fa\u010daj\u00fa pravideln\u00e9 kontroly a prevent\u00edvna \u00fadr\u017eba. Mali by sa prija\u0165 nasleduj\u00face opatrenia:<\/p>\n<ul>\n<li>Skontrolujte valec, \u010di nevykazuje zn\u00e1mky po\u0161kodenia alebo opotrebenia.<\/li>\n<li>Zabezpe\u010dte spr\u00e1vne mazanie.<\/li>\n<li>Vyme\u0148te opotrebovan\u00e9 alebo po\u0161koden\u00e9 tesnenia.<\/li>\n<li>V pr\u00edpade potreby vykonajte kalibra\u010dn\u00e9 kontroly.<\/li>\n<\/ul>\n<p><img decoding=\"async\" src=\"https:\/\/www.hydraulic-cylinders.net\/wp-content\/uploads\/2025\/01\/songte-bushings-with-all-kinds-of-excavator-models.webp\" alt=\"Obr\u00e1zok produktu\"><\/p>\n<h2>Bezpe\u010dnostn\u00e9 aspekty a faktory prostredia<\/h2>\n<p>Pri pou\u017e\u00edvan\u00ed valca s vedrom je d\u00f4le\u017eit\u00e9 dodr\u017eiava\u0165 bezpe\u010dnostn\u00e9 opatrenia, aby sa predi\u0161lo nehod\u00e1m a zabezpe\u010dilo bezpe\u010dn\u00e9 pracovn\u00e9 prostredie. Bezpe\u010dnostn\u00e9 opatrenia by sa mali v\u017edy dodr\u017eiava\u0165 na ochranu person\u00e1lu aj zariadenia.<\/p>\n<h2>Rie\u0161enie probl\u00e9mov a be\u017en\u00e9 probl\u00e9my<\/h2>\n<p>Tu je nieko\u013eko be\u017en\u00fdch tipov a rie\u0161en\u00ed probl\u00e9mov:<\/p>\n<ul>\n<li>Probl\u00e9m: Valec sa spr\u00e1vne nevys\u00fava alebo nezas\u00fava<br \/>Rie\u0161enie: Skontrolujte \u00faniky hydraulickej kvapaliny, skontrolujte tesnenia, \u010di nie s\u00fa po\u0161koden\u00e9, a zabezpe\u010dte spr\u00e1vne mazanie.<\/li>\n<li>Probl\u00e9m: Valec pracuje so zn\u00ed\u017een\u00fdm v\u00fdkonom<br \/>Rie\u0161enie: Skontrolujte, \u010di nie s\u00fa hydraulick\u00e9 vedenia upchat\u00e9 alebo po\u0161koden\u00e9, a zabezpe\u010dte dostato\u010dn\u00fd pr\u00edsun hydraulickej kvapaliny.<\/li>\n<li>Probl\u00e9m: \u00danik hydraulickej kvapaliny z valca<br \/>Rie\u0161enie: Skontrolujte tesnenia, \u010di nie s\u00fa po\u0161koden\u00e9, a v pr\u00edpade potreby ich vyme\u0148te.<\/li>\n<\/ul>\n<p><img decoding=\"async\" src=\"https:\/\/www.hydraulic-cylinders.net\/wp-content\/uploads\/2025\/01\/songte-company-1.webp\" alt=\"Obr\u00e1zok produktu\"><\/p>\n<h2>\u00dalohy \u00fadr\u017eby<\/h2>\n<p>Medzi be\u017en\u00e9 \u00falohy \u00fadr\u017eby valca s ko\u0161\u00edkom patria pravideln\u00e9 kontroly, spr\u00e1vne mazanie, v\u00fdmena tesnen\u00ed a kontroly kalibr\u00e1cie. Spr\u00e1vna in\u0161tal\u00e1cia, mazanie a nastavenie s\u00fa nevyhnutn\u00e9. Po\u010das in\u0161tal\u00e1cie by sa malo zabezpe\u010di\u0165 spr\u00e1vne zarovnanie valca a odpor\u00fa\u010da sa pou\u017eitie vhodn\u00fdch mont\u00e1\u017enych konzol. S\u00fa uveden\u00e9 odpor\u00fa\u010dan\u00e9 postupy kontroly, opravy a v\u00fdmeny spolu s tipmi na pred\u013a\u017eenie \u017eivotnosti valca s ko\u0161\u00edkom.<\/p>\n<h2>O na\u0161ej spolo\u010dnosti<\/h2>\n<p>Sme popredn\u00fdm v\u00fdrobcom a ve\u013ekoobchodn\u00fdm distrib\u00fatorom hydraulick\u00fdch valcov a poskytujeme komplexn\u00fd sortiment produktov na dom\u00e1com aj medzin\u00e1rodnom trhu. Na\u0161a spolo\u010dnos\u0165 sa riadi princ\u00edpmi excelentnosti a vyu\u017e\u00edva industrializovan\u00e9 strat\u00e9gie riadenia v\u00fdroby v na\u0161ich dobre vybaven\u00fdch v\u00fdrobn\u00fdch diel\u0148ach. V\u010faka aplik\u00e1cii technologick\u00fdch talentov, modern\u00fdch v\u00fdrobn\u00fdch zariaden\u00ed a profesion\u00e1lnych testovac\u00edch syst\u00e9mov neust\u00e1le zlep\u0161ujeme na\u0161e v\u00fdrobn\u00e9 platformy, zdokona\u013eujeme v\u00fdrobn\u00e9 postupy pre kvalitu produktov a disponujeme zna\u010dn\u00fdm tvoriv\u00fdm potenci\u00e1lom. Sna\u017e\u00edme sa uspokoji\u0165 rozmanit\u00e9 potreby z\u00e1kazn\u00edkov s vysokou efektivitou, presnos\u0165ou a kvalitou.<\/p>\n<p><img decoding=\"async\" src=\"https:\/\/www.hydraulic-cylinders.net\/wp-content\/uploads\/2025\/01\/songte-company-3.webp\" alt=\"Obr\u00e1zok spolo\u010dnosti\"><\/p>\n<h2>Na\u0161e siln\u00e9 str\u00e1nky<\/h2>\n<ul>\n<li>Profesionalita: M\u00e1me t\u00edm odborn\u00edkov, ktor\u00ed zabezpe\u010duj\u00fa najvy\u0161\u0161ie \u0161tandardy na\u0161ich produktov.<\/li>\n<li>Medzin\u00e1rodn\u00e9 certifik\u00e1cie: Na\u0161e v\u00fdrobky sp\u013a\u0148aj\u00fa medzin\u00e1rodn\u00e9 \u0161tandardy kvality a bezpe\u010dnosti.<\/li>\n<li>Slu\u017eby prisp\u00f4sobenia: Pon\u00fakame rie\u0161enia na mieru, ktor\u00e9 sp\u013a\u0148aj\u00fa \u0161pecifick\u00e9 po\u017eiadavky z\u00e1kazn\u00edka.<\/li>\n<li>Pokro\u010dil\u00e9 v\u00fdrobn\u00e9 zariadenia: Pou\u017e\u00edvame pokro\u010dil\u00e9 v\u00fdrobn\u00e9 zariadenia, aby sme zaru\u010dili kvalitu v\u00fdrobkov.<\/li>\n<li>Popredajn\u00fd servis: Poskytujeme komplexn\u00fd popredajn\u00fd servis, aby sme zabezpe\u010dili spokojnos\u0165 z\u00e1kazn\u00edkov.<\/li>\n<\/ul>\n<p>Autor: lyl<\/p>","protected":false},"excerpt":{"rendered":"<p>Bucket Cylinder For Liugong Middle Excavator CLG220-5 Introduction The bucket cylinder is a specialized hydraulic cylinder designed for controlling the movement of buckets in heavy machinery such as excavators, backhoe loaders, and front-end loaders. Its main function is to enable the lifting, lowering, and tilting of the bucket, facilitating various material handling tasks. In the [&hellip;]<\/p>","protected":false},"featured_media":14762,"comment_status":"open","ping_status":"closed","template":"","meta":{"_et_pb_use_builder":"","_et_pb_old_content":"","_et_gb_content_width":""},"product_brand":[],"product_cat":[1494],"product_tag":[1495,1496],"class_list":{"0":"post-15580","1":"product","2":"type-product","3":"status-publish","4":"has-post-thumbnail","6":"product_cat-bucket-cylinders","7":"product_tag-bucket-cylinders","8":"product_tag-hydraulic-cylinders","10":"first","11":"instock","12":"shipping-taxable","13":"product-type-simple"},"amp_enabled":true,"_links":{"self":[{"href":"https:\/\/www.hydraulic-cylinders.net\/sk\/wp-json\/wp\/v2\/product\/15580","targetHints":{"allow":["GET"]}}],"collection":[{"href":"https:\/\/www.hydraulic-cylinders.net\/sk\/wp-json\/wp\/v2\/product"}],"about":[{"href":"https:\/\/www.hydraulic-cylinders.net\/sk\/wp-json\/wp\/v2\/types\/product"}],"replies":[{"embeddable":true,"href":"https:\/\/www.hydraulic-cylinders.net\/sk\/wp-json\/wp\/v2\/comments?post=15580"}],"wp:featuredmedia":[{"embeddable":true,"href":"https:\/\/www.hydraulic-cylinders.net\/sk\/wp-json\/wp\/v2\/media\/14762"}],"wp:attachment":[{"href":"https:\/\/www.hydraulic-cylinders.net\/sk\/wp-json\/wp\/v2\/media?parent=15580"}],"wp:term":[{"taxonomy":"product_brand","embeddable":true,"href":"https:\/\/www.hydraulic-cylinders.net\/sk\/wp-json\/wp\/v2\/product_brand?post=15580"},{"taxonomy":"product_cat","embeddable":true,"href":"https:\/\/www.hydraulic-cylinders.net\/sk\/wp-json\/wp\/v2\/product_cat?post=15580"},{"taxonomy":"product_tag","embeddable":true,"href":"https:\/\/www.hydraulic-cylinders.net\/sk\/wp-json\/wp\/v2\/product_tag?post=15580"}],"curies":[{"name":"pracovn\u00fd list","href":"https:\/\/api.w.org\/{rel}","templated":true}]}}