{"id":15581,"date":"2025-01-19T14:42:36","date_gmt":"2025-01-19T14:42:36","guid":{"rendered":"https:\/\/www.hydraulic-cylinders.net\/product\/bucket-cylinder-for-liugong-middle-excavator-clg230\/"},"modified":"2025-01-19T14:42:38","modified_gmt":"2025-01-19T14:42:38","slug":"bucket-cylinder-for-liugong-middle-excavator-clg230","status":"publish","type":"product","link":"https:\/\/www.hydraulic-cylinders.net\/sk\/produkt\/bucket-cylinder-for-liugong-middle-excavator-clg230\/","title":{"rendered":"Valec vedra pre stredn\u00e9 r\u00fdpadlo Liugong CLG230"},"content":{"rendered":"<h1>Valec vedra pre stredn\u00e9 r\u00fdpadlo Liugong CLG230<\/h1>\n<h2>\u00davod<\/h2>\n<h3>Defin\u00edcia<\/h3>\n<p>Hydraulick\u00fd valec ly\u017eice je \u0161peci\u00e1lne navrhnut\u00fd hydraulick\u00fd valec pou\u017e\u00edvan\u00fd na ovl\u00e1danie pohybu ly\u017eice v \u0165a\u017ek\u00fdch strojoch, ako s\u00fa bagre, r\u00fdpadl\u00e1 a \u010deln\u00e9 naklada\u010de. Jeho hlavnou funkciou je umo\u017eni\u0165 ly\u017eici zdv\u00edha\u0165, sp\u00fa\u0161\u0165a\u0165 a nakl\u00e1\u0148a\u0165, \u010do u\u013eah\u010duje vykon\u00e1vanie r\u00f4znych \u00faloh manipul\u00e1cie s materi\u00e1lom. V hydraulickom syst\u00e9me valec ly\u017eice vyu\u017e\u00edva zmenu tlaku hydraulick\u00e9ho oleja na dosiahnutie presn\u00e9ho ovl\u00e1dania ly\u017eice, \u010do umo\u017e\u0148uje obsluhe efekt\u00edvne manipulova\u0165 s \u0165a\u017ek\u00fdmi bremenami a prisp\u00f4sobi\u0165 sa zlo\u017eit\u00fdm pracovn\u00fdm prostrediam a r\u00f4znorod\u00fdm prev\u00e1dzkov\u00fdm potreb\u00e1m.<\/p>\n<p><img decoding=\"async\" src=\"https:\/\/www.hydraulic-cylinders.net\/wp-content\/uploads\/2025\/01\/songte-company-2.webp\"><\/p>\n<h3>Funkcie<\/h3>\n<ul>\n<li>Vysok\u00e1 pevnos\u0165 a odolnos\u0165: zvy\u010dajne vyroben\u00e9 z vysokopevnostnej ocele alebo hlin\u00edka, schopn\u00e9 odol\u00e1va\u0165 vysok\u00e9mu tlaku a \u0165a\u017ek\u00fdm za\u0165a\u017eeniam, vhodn\u00e9 do n\u00e1ro\u010dn\u00fdch pracovn\u00fdch prostred\u00ed a navrhnut\u00e9 s oh\u013eadom na odolnos\u0165 vo\u010di opotrebovaniu a kor\u00f3zii, aby sa pred\u013a\u017eila \u017eivotnos\u0165.<\/li>\n<li>Efekt\u00edvna hydraulick\u00e1 prev\u00e1dzka: vyu\u017e\u00edva tlak hydraulick\u00e9ho oleja na dosiahnutie plynul\u00e9ho vys\u00favania a zas\u00favania, je schopn\u00e1 r\u00fdchlo reagova\u0165 na ovl\u00e1dacie povely a poskytuje siln\u00e9 tla\u010dn\u00e9 a \u0165a\u017en\u00e9 sily, vhodn\u00e1 na manipul\u00e1ciu s \u0165a\u017ek\u00fdmi bremenami a zlo\u017eit\u00e9 prev\u00e1dzkov\u00e9 \u00falohy.<\/li>\n<li>R\u00f4zne typy: jedno\u010dinn\u00e9 (hydraulicky ovl\u00e1dan\u00e9 iba v jednom smere) alebo dvoj\u010dinn\u00e9 (hydraulicky ovl\u00e1dan\u00e9 v dvoch smeroch) valce je mo\u017en\u00e9 zvoli\u0165 pod\u013ea potreby, aby sa splnili r\u00f4zne prev\u00e1dzkov\u00e9 po\u017eiadavky. Niektor\u00e9 modely s\u00fa teleskopick\u00e9, \u010do umo\u017e\u0148uje v\u00e4\u010d\u0161ie vysunutie bez zv\u00e4\u010d\u0161enia vonkaj\u0161\u00edch rozmerov, vhodn\u00e9 pre aplik\u00e1cie s obmedzen\u00fdm priestorom.<\/li>\n<li>Zamenite\u013en\u00e9: na\u0161e produkty dok\u00e1\u017eu dokonale nahradi\u0165 tieto hydraulick\u00e9 valce.<\/li>\n<\/ul>\n<p><img decoding=\"async\" src=\"https:\/\/www.hydraulic-cylinders.net\/wp-content\/uploads\/2025\/01\/songte-cylinder-head-with-all-kinds-excavator-models.webp\"><\/p>\n<h2>Aplik\u00e1cie<\/h2>\n<p>Valec s ko\u0161\u00edkom sa pou\u017e\u00edva hlavne v r\u00f4znych stavebn\u00fdch, bansk\u00fdch a po\u013enohospod\u00e1rskych strojoch, vr\u00e1tane, ale nie v\u00fdlu\u010dne:<\/p>\n<h3>Stavebn\u00e9 stroje<\/h3>\n<ul>\n<li>R\u00fdpadl\u00e1: valec ly\u017eice umo\u017e\u0148uje v\u00fdkopov\u00fa \u010dinnos\u0165 t\u00fdm, \u017ee umo\u017e\u0148uje ly\u017eici prenikn\u00fa\u0165 do p\u00f4dy.<\/li>\n<li>R\u00fdpadlo-naklada\u010de: valec ly\u017eice pom\u00e1ha pri v\u00fdkopov\u00fdch pr\u00e1cach aj zdv\u00edhan\u00ed.<\/li>\n<li>\u010celn\u00e9 naklada\u010de: pom\u00e1haj\u00fa efekt\u00edvne zdv\u00edha\u0165 a vyklada\u0165 n\u00e1klad.<\/li>\n<\/ul>\n<h3>\u0164a\u017eobn\u00e9 zariadenia<\/h3>\n<ul>\n<li>Naklada\u010de: pom\u00e1haj\u00fa efekt\u00edvne zdv\u00edha\u0165 a vyklada\u0165 n\u00e1klad, a to aj na dlh\u00e9 vzdialenosti.<\/li>\n<li>R\u00fdpadl\u00e1: pom\u00e1haj\u00fa \u0165a\u017ei\u0165 materi\u00e1ly z ban\u00ed a lomov.<\/li>\n<li>Buldoz\u00e9ry: pom\u00e1haj\u00fa tla\u010di\u0165 materi\u00e1ly na stavenisku bane.<\/li>\n<\/ul>\n<h3>Po\u013enohospod\u00e1rske stroje<\/h3>\n<ul>\n<li>\u010celn\u00e9 naklada\u010de: pou\u017e\u00edvaj\u00fa sa na nakladanie, zdv\u00edhanie a prepravu zeminy, sena a in\u00fdch materi\u00e1lov.<\/li>\n<li>Zbera\u010de: pou\u017e\u00edvaj\u00fa sa na kosenie a ml\u00e1tenie plod\u00edn a zber ovocia.<\/li>\n<li>Traktory: pou\u017e\u00edvaj\u00fa sa na orbu, sadenie a pestovanie plod\u00edn.<\/li>\n<\/ul>\n<h2>\u00davahy o dizajne a krit\u00e9ri\u00e1 v\u00fdberu<\/h2>\n<p>Pri kon\u0161trukcii hydraulick\u00e9ho valca je potrebn\u00e9 zoh\u013eadni\u0165 faktory, ako je nosnos\u0165, tesnenie, trvanlivos\u0165, bezpe\u010dnos\u0165 a \u00fadr\u017eba. Nasleduj\u00fa niektor\u00e9 z k\u013e\u00fa\u010dov\u00fdch kon\u0161truk\u010dn\u00fdch aspektov:<\/p>\n<h3>Nosnos\u0165<\/h3>\n<p>Kon\u0161trukcia valca mus\u00ed zabezpe\u010di\u0165, aby bez poruchy odolal za\u0165a\u017eeniu, ktor\u00e9mu bude \u010deli\u0165 po\u010das prev\u00e1dzky. To si vy\u017eaduje starostliv\u00fd v\u00fdber materi\u00e1lov a spr\u00e1vny n\u00e1vrh komponentov a kon\u0161trukcie valca.<\/p>\n<h3>Tesnenie<\/h3>\n<p>Hydraulick\u00e9 valce sa spoliehaj\u00fa na syst\u00e9m tesnen\u00ed, ktor\u00e9 zabra\u0148uj\u00fa \u00faniku oleja a udr\u017eiavaj\u00fa hydraulick\u00fd tlak. Tesnenia musia by\u0165 vyroben\u00e9 z odoln\u00fdch, oteruvzdorn\u00fdch materi\u00e1lov, ktor\u00e9 odol\u00e1vaj\u00fa hydraulick\u00e9mu oleju a in\u00fdm ne\u010distot\u00e1m. Medzi be\u017en\u00e9 materi\u00e1ly pou\u017e\u00edvan\u00e9 na tesnenia patr\u00ed polyuret\u00e1n a nitrilov\u00fd kau\u010duk.<\/p>\n<h3>Trvanlivos\u0165<\/h3>\n<p>Valec by mal by\u0165 navrhnut\u00fd tak, aby odolal n\u00e1ro\u010dn\u00e9mu prostrediu a podmienkam vr\u00e1tane vystavenia vlhkosti, prachu a in\u00fdm ne\u010distot\u00e1m. Pou\u017eitie vysokokvalitn\u00fdch materi\u00e1lov, spr\u00e1vna povrchov\u00e1 \u00faprava a \u010fal\u0161ie opatrenia m\u00f4\u017eu zlep\u0161i\u0165 odolnos\u0165 valca.<\/p>\n<h3>Bezpe\u010dnos\u0165<\/h3>\n<p>Kon\u0161trukcia f\u013ea\u0161e by mala obsahova\u0165 bezpe\u010dnostn\u00e9 prvky, ako s\u00fa pretlakov\u00e9 ventily a in\u00e9 mechanizmy, ktor\u00e9 zabra\u0148uj\u00fa pre\u0165a\u017eeniu alebo nebezpe\u010dnej prev\u00e1dzke. Spr\u00e1vna in\u0161tal\u00e1cia, \u00fadr\u017eba a prev\u00e1dzka f\u013ea\u0161e s\u00fa tie\u017e d\u00f4le\u017eit\u00e9 pre zaistenie bezpe\u010dnosti.<\/p>\n<h3>Udr\u017eiavate\u013enos\u0165<\/h3>\n<p>Kon\u0161trukcia valca by mala umo\u017e\u0148ova\u0165 jednoduch\u00fa \u00fadr\u017ebu vr\u00e1tane mo\u017enosti v\u00fdmeny opotrebovan\u00fdch tesnen\u00ed alebo in\u00fdch komponentov. Spr\u00e1vna \u00fadr\u017eba m\u00f4\u017ee pom\u00f4c\u0165 pred\u013a\u017ei\u0165 \u017eivotnos\u0165 valca a zabr\u00e1ni\u0165 prestojom v d\u00f4sledku por\u00fach.<\/p>\n<p><img decoding=\"async\" src=\"https:\/\/www.hydraulic-cylinders.net\/wp-content\/uploads\/2025\/01\/songte-oil-pipes-and-spare-parts.webp\"><\/p>\n<h2>Tesnenie a mazanie<\/h2>\n<p>Hydraulick\u00fd valec sa spolieha na syst\u00e9m tesnen\u00ed, ktor\u00e9 zabra\u0148uj\u00fa \u00fanikom a udr\u017eiavaj\u00fa spr\u00e1vny tlak. Medzi naj\u010dastej\u0161ie pou\u017e\u00edvan\u00e9 tesnenia v hydraulick\u00fdch valcoch patria piestne tesnenia a ty\u010dov\u00e9 tesnenia. Tieto tesnenia musia by\u0165 vyroben\u00e9 z materi\u00e1lov, ktor\u00e9 odol\u00e1vaj\u00fa hydraulick\u00e9mu oleju a in\u00fdm ne\u010distot\u00e1m a musia si by\u0165 schopn\u00e9 zachova\u0165 svoje tesniace vlastnosti v priebehu \u010dasu.<\/p>\n<p>Vn\u00fatorn\u00e9 komponenty valca vr\u00e1tane piestu, ty\u010de a stien valca musia by\u0165 dostato\u010dne mazan\u00e9, aby sa zn\u00ed\u017eilo trenie a opotrebovanie. Spr\u00e1vne mazanie m\u00f4\u017ee pom\u00f4c\u0165 pred\u013a\u017ei\u0165 \u017eivotnos\u0165 valca a zlep\u0161i\u0165 jeho v\u00fdkon.<\/p>\n<h2>\u00dadr\u017eba a opravy<\/h2>\n<p>Spr\u00e1vna \u00fadr\u017eba a opravy s\u00fa nevyhnutn\u00e9 pre zabezpe\u010denie trval\u00e9ho v\u00fdkonu a dlhej \u017eivotnosti valca. Medzi najbe\u017enej\u0161ie \u00falohy \u00fadr\u017eby patr\u00ed kontrola tesnosti valca, v\u00fdmena opotrebovan\u00fdch tesnen\u00ed a kontrola valca, \u010di nie je po\u0161koden\u00fd alebo opotrebovan\u00fd. Pravideln\u00e1 \u00fadr\u017eba m\u00f4\u017ee pom\u00f4c\u0165 pred\u013a\u017ei\u0165 \u017eivotnos\u0165 valca a predch\u00e1dza\u0165 prestojom v d\u00f4sledku por\u00fach.<\/p>\n<h2>Sprievodca in\u0161tal\u00e1ciou produktu<\/h2>\n<p>Nasleduj\u00fa v\u0161eobecn\u00e9 pokyny pre in\u0161tal\u00e1ciu valcovej n\u00e1doby:<\/p>\n<ul>\n<li>Uistite sa, \u017ee valec je spr\u00e1vne zarovnan\u00fd s ostatn\u00fdmi komponentmi stroja.<\/li>\n<li>Uistite sa, \u017ee hydraulick\u00fd syst\u00e9m stroja je spr\u00e1vne pripojen\u00fd k valcu.<\/li>\n<li>Na zabezpe\u010denie bezpe\u010dn\u00e9ho upevnenia pou\u017e\u00edvajte vhodn\u00e9 mont\u00e1\u017ene n\u00e1stroje a vybavenie.<\/li>\n<li>Konkr\u00e9tne pokyny na in\u0161tal\u00e1ciu n\u00e1jdete v pou\u017e\u00edvate\u013eskej pr\u00edru\u010dke k zariadeniu.<\/li>\n<\/ul>\n<h2>Bezpe\u010dnostn\u00e9 aspekty a faktory prostredia<\/h2>\n<p>Pri pou\u017e\u00edvan\u00ed hydraulick\u00fdch valcov je nevyhnutn\u00e9 dodr\u017eiava\u0165 spr\u00e1vne bezpe\u010dnostn\u00e9 postupy, aby sa predi\u0161lo zraneniu alebo po\u0161kodeniu zariadenia. Obsluha by mala absolvova\u0165 riadne \u0161kolenie a pri pr\u00e1ci s hydraulick\u00fdmi valcami by mala pou\u017e\u00edva\u0165 vhodn\u00e9 osobn\u00e9 ochrann\u00e9 prostriedky (OOP).<\/p>\n<p>Faktory prostredia, ako je teplota, vlhkos\u0165 a vystavenie chemik\u00e1li\u00e1m alebo in\u00fdm kontaminantom, m\u00f4\u017eu ovplyvni\u0165 v\u00fdkon a \u017eivotnos\u0165 tlakovej f\u013ea\u0161e. Spr\u00e1vne skladovanie, manipul\u00e1cia a \u00fadr\u017eba m\u00f4\u017eu pom\u00f4c\u0165 zn\u00ed\u017ei\u0165 vplyv t\u00fdchto faktorov.<\/p>\n<h2>Rie\u0161enie probl\u00e9mov a be\u017en\u00e9 probl\u00e9my<\/h2>\n<p>Medzi be\u017en\u00e9 probl\u00e9my s valcami s ko\u0161\u00edkom patria netesnosti, opotrebovan\u00e9 tesnenia a po\u0161kodenie vn\u00fatorn\u00fdch komponentov valca. Spr\u00e1vna \u00fadr\u017eba a opravy m\u00f4\u017eu pom\u00f4c\u0165 predch\u00e1dza\u0165 t\u00fdmto probl\u00e9mom a r\u00fdchly z\u00e1sah ich m\u00f4\u017ee r\u00fdchlo vyrie\u0161i\u0165.<\/p>\n<h2>O na\u0161ej spolo\u010dnosti<\/h2>\n<p>Sme popredn\u00fdm v\u00fdrobcom a ve\u013ekoobchodn\u00fdm distrib\u00fatorom hydraulick\u00fdch valcov so \u0161irokou \u0161k\u00e1lou produktov, ktor\u00e9 sp\u013a\u0148aj\u00fa potreby dom\u00e1ceho aj medzin\u00e1rodn\u00e9ho trhu. N\u00e1\u0161 z\u00e1v\u00e4zok k excelentnosti v oblasti kvality, riadenia v\u00fdroby a profesion\u00e1lnych testovac\u00edch syst\u00e9mov n\u00e1m umo\u017enil neust\u00e1le zlep\u0161ova\u0165 na\u0161u v\u00fdrobn\u00fa platformu, zdokona\u013eova\u0165 na\u0161e postupy zameran\u00e9 na kvalitu v\u00fdroby a rozv\u00edja\u0165 siln\u00fa v\u00fdrobn\u00fa kapacitu. Na\u0161\u00edm cie\u013eom je poskytova\u0165 na\u0161im z\u00e1kazn\u00edkom efekt\u00edvne, presn\u00e9 a vysoko kvalitn\u00e9 produkty, ktor\u00e9 sp\u013a\u0148aj\u00fa ich rozmanit\u00e9 potreby.<\/p>\n<ul>\n<li>Profesionalita: N\u00e1\u0161 t\u00edm odborn\u00edkov m\u00e1 rozsiahle sk\u00fasenosti s n\u00e1vrhom, v\u00fdrobou a \u00fadr\u017ebou hydraulick\u00fdch valcov.<\/li>\n<li>Medzin\u00e1rodn\u00e1 certifik\u00e1cia: Na\u0161e v\u00fdrobky s\u00fa certifikovan\u00e9 pod\u013ea medzin\u00e1rodn\u00fdch noriem, ako s\u00fa ISO9001, CE a TUV.<\/li>\n<li>Prisp\u00f4sobenie: Na\u0161e produkty vieme prisp\u00f4sobi\u0165 tak, aby sp\u013a\u0148ali \u0161pecifick\u00e9 potreby na\u0161ich z\u00e1kazn\u00edkov.<\/li>\n<li>V\u00fdrobn\u00e9 zariadenia: Na zabezpe\u010denie kvality na\u0161ich v\u00fdrobkov pou\u017e\u00edvame modern\u00e9 zariadenia a stroje.<\/li>\n<li>Popredajn\u00fd servis: Pon\u00fakame \u0161irok\u00fa \u0161k\u00e1lu slu\u017eieb, ktor\u00e9 pom\u00e1haj\u00fa na\u0161im z\u00e1kazn\u00edkom s \u00fadr\u017ebou a opravou hydraulick\u00fdch valcov vr\u00e1tane n\u00e1hradn\u00fdch dielov a repasn\u00fdch slu\u017eieb.<\/li>\n<\/ul>\n<p><img decoding=\"async\" src=\"https:\/\/hzpt.com\/wp-content\/uploads\/2024\/11\/songte-company-1.webp\"><\/p>\n<p>Autor: lyl<\/p>","protected":false},"excerpt":{"rendered":"<p>Bucket Cylinder For Liugong Middle Excavator CLG230 Introduction Definition A bucket cylinder is a specially designed hydraulic cylinder used to control the movement of the bucket in heavy machinery such as excavators, backhoes, and front-end loaders. Its main function is to enable the bucket to lift, lower, and tilt, making it easier to handle various [&hellip;]<\/p>","protected":false},"featured_media":14761,"comment_status":"open","ping_status":"closed","template":"","meta":{"_et_pb_use_builder":"","_et_pb_old_content":"","_et_gb_content_width":""},"product_brand":[],"product_cat":[1494],"product_tag":[1495,1496],"class_list":{"0":"post-15581","1":"product","2":"type-product","3":"status-publish","4":"has-post-thumbnail","6":"product_cat-bucket-cylinders","7":"product_tag-bucket-cylinders","8":"product_tag-hydraulic-cylinders","10":"first","11":"instock","12":"shipping-taxable","13":"product-type-simple"},"amp_enabled":true,"_links":{"self":[{"href":"https:\/\/www.hydraulic-cylinders.net\/sk\/wp-json\/wp\/v2\/product\/15581","targetHints":{"allow":["GET"]}}],"collection":[{"href":"https:\/\/www.hydraulic-cylinders.net\/sk\/wp-json\/wp\/v2\/product"}],"about":[{"href":"https:\/\/www.hydraulic-cylinders.net\/sk\/wp-json\/wp\/v2\/types\/product"}],"replies":[{"embeddable":true,"href":"https:\/\/www.hydraulic-cylinders.net\/sk\/wp-json\/wp\/v2\/comments?post=15581"}],"wp:featuredmedia":[{"embeddable":true,"href":"https:\/\/www.hydraulic-cylinders.net\/sk\/wp-json\/wp\/v2\/media\/14761"}],"wp:attachment":[{"href":"https:\/\/www.hydraulic-cylinders.net\/sk\/wp-json\/wp\/v2\/media?parent=15581"}],"wp:term":[{"taxonomy":"product_brand","embeddable":true,"href":"https:\/\/www.hydraulic-cylinders.net\/sk\/wp-json\/wp\/v2\/product_brand?post=15581"},{"taxonomy":"product_cat","embeddable":true,"href":"https:\/\/www.hydraulic-cylinders.net\/sk\/wp-json\/wp\/v2\/product_cat?post=15581"},{"taxonomy":"product_tag","embeddable":true,"href":"https:\/\/www.hydraulic-cylinders.net\/sk\/wp-json\/wp\/v2\/product_tag?post=15581"}],"curies":[{"name":"pracovn\u00fd list","href":"https:\/\/api.w.org\/{rel}","templated":true}]}}