{"id":15602,"date":"2025-01-19T14:44:11","date_gmt":"2025-01-19T14:44:11","guid":{"rendered":"https:\/\/www.hydraulic-cylinders.net\/product\/bucket-cylinder-for-xgma-large-excavator-xg836mh\/"},"modified":"2025-01-19T14:44:13","modified_gmt":"2025-01-19T14:44:13","slug":"bucket-cylinder-for-xgma-large-excavator-xg836mh","status":"publish","type":"product","link":"https:\/\/www.hydraulic-cylinders.net\/sk\/produkt\/bucket-cylinder-for-xgma-large-excavator-xg836mh\/","title":{"rendered":"Valec vedra pre ve\u013ek\u00e9 r\u00fdpadlo XGMA XG836MH"},"content":{"rendered":"<h1>Valec vedra pre ve\u013ek\u00e9 r\u00fdpadlo XGMA XG836MH<\/h1>\n<h2>\u00davod<\/h2>\n<p>Hydraulick\u00fd valec ly\u017eice je \u0161peci\u00e1lne navrhnut\u00fd hydraulick\u00fd valec pou\u017e\u00edvan\u00fd na ovl\u00e1danie pohybu ly\u017eice v \u0165a\u017ek\u00fdch strojoch, ako s\u00fa bagre, r\u00fdpadlo-naklada\u010de a \u010deln\u00e9 naklada\u010de. Jeho hlavnou funkciou je umo\u017eni\u0165 ly\u017eici pohyb hore, dole a nakl\u00e1\u0148anie, \u010do u\u013eah\u010duje prepravu r\u00f4znych druhov materi\u00e1lov. V hydraulick\u00fdch syst\u00e9moch riadia valce ly\u017eice presn\u00fd pohyb ly\u017eice pomocou zmien tlaku hydraulick\u00e9ho oleja, \u010do umo\u017e\u0148uje obsluhe efekt\u00edvne manipulova\u0165 s \u0165a\u017ek\u00fdmi bremenami a prisp\u00f4sobova\u0165 sa zlo\u017eit\u00fdm pracovn\u00fdm prostrediam a r\u00f4znym prev\u00e1dzkov\u00fdm potreb\u00e1m.<\/p>\n<div>\n  <img decoding=\"async\" src=\"https:\/\/www.hydraulic-cylinders.net\/wp-content\/uploads\/2025\/01\/songte-company-2.webp\" alt=\"Valec vedra pre ve\u013ek\u00e9 r\u00fdpadlo XGMA XG836MH\">\n<\/div>\n<h2>Funkcie<\/h2>\n<ul>\n<li>\n<h3>Vysok\u00e1 pevnos\u0165 a odolnos\u0165<\/h3>\n<p>Valce s ko\u0161\u00edkom sa zvy\u010dajne vyr\u00e1baj\u00fa z vysokopevnostnej ocele alebo hlin\u00edka, ktor\u00e9 odol\u00e1vaj\u00fa vysok\u00e9mu tlaku a \u0165a\u017ek\u00fdm za\u0165a\u017eeniam, a prisp\u00f4sobuj\u00fa sa tak n\u00e1ro\u010dn\u00fdm pracovn\u00fdm podmienkam. S\u00fa navrhnut\u00e9 s oh\u013eadom na odolnos\u0165 vo\u010di opotrebovaniu a kor\u00f3zii, \u010do predl\u017euje ich \u017eivotnos\u0165.<\/p>\n<\/li>\n<li>\n<h3>Efekt\u00edvna hydraulick\u00e1 prev\u00e1dzka<\/h3>\n<p>V\u010faka vyu\u017eitiu tlaku hydraulick\u00e9ho oleja na dosiahnutie plynul\u00e9ho vys\u00favania a zas\u00favania dok\u00e1\u017eu valce ly\u017eice r\u00fdchlo reagova\u0165 na ovl\u00e1dacie povely a poskytova\u0165 siln\u00e9 tla\u010dn\u00e9 a \u0165a\u017en\u00e9 sily, vhodn\u00e9 na manipul\u00e1ciu s \u0165a\u017ek\u00fdmi bremenami a zlo\u017eit\u00e9 prev\u00e1dzkov\u00e9 \u00falohy.<\/p>\n<\/li>\n<li>\n<h3>R\u00f4zne typy<\/h3>\n<p>Valce kor\u010dekov je mo\u017en\u00e9 vybra\u0165 ako jedno\u010dinn\u00e9 (hydraulicky ovl\u00e1dan\u00e9 v jednom smere) alebo dvoj\u010dinn\u00e9 (hydraulicky ovl\u00e1dan\u00e9 v dvoch smeroch) pod\u013ea potrieb a po\u017eiadaviek na splnenie r\u00f4znych prev\u00e1dzkov\u00fdch po\u017eiadaviek. Niektor\u00e9 modely s\u00fa teleskopick\u00e9, \u010do umo\u017e\u0148uje v\u00e4\u010d\u0161ie vysunutie bez zv\u00e4\u010d\u0161enia vonkaj\u0161\u00edch rozmerov, vhodn\u00e9 pre aplik\u00e1cie s obmedzen\u00fdm priestorom.<\/p>\n<\/li>\n<li>\n<h3>Vymenite\u013en\u00e9 za in\u00e9 hydraulick\u00e9 valce<\/h3>\n<p>Na\u0161e hydraulick\u00e9 valce s kore\u010dkami dok\u00e1\u017eu dokonale nahradi\u0165 in\u00e9 hydraulick\u00e9 valce a poskytuj\u00fa lep\u0161\u00ed v\u00fdkon a dlh\u0161iu \u017eivotnos\u0165.<\/p>\n<\/li>\n<li>\n<h3>Prisp\u00f4sobite\u013en\u00e9<\/h3>\n<p>Vieme prisp\u00f4sobi\u0165 valce s ko\u0161\u00edkom pod\u013ea \u0161pecifick\u00fdch potrieb, \u010d\u00edm zabezpe\u010d\u00edme, aby sp\u013a\u0148ali po\u017eiadavky z\u00e1kazn\u00edka a poskytovali optim\u00e1lny v\u00fdkon.<\/p>\n<\/li>\n<\/ul>\n<div>\n  <img decoding=\"async\" src=\"https:\/\/www.hydraulic-cylinders.net\/wp-content\/uploads\/2025\/01\/songte-cylinder-head-with-all-kinds-excavator-models.webp\" alt=\"Valec vedra pre ve\u013ek\u00e9 r\u00fdpadlo XGMA XG836MH\">\n<\/div>\n<h2>Aplik\u00e1cie<\/h2>\n<p>Valce s ko\u0161\u00edkom sa \u0161iroko pou\u017e\u00edvaj\u00fa v r\u00f4znych \u0165a\u017ek\u00fdch strojoch vr\u00e1tane:<\/p>\n<ul>\n<li>\n<h3>Stavebn\u00e9 stroje<\/h3>\n<p>Stavebn\u00e9 stroje, ako napr\u00edklad bagre, sa pri v\u00fdkopov\u00fdch pr\u00e1cach, nakladan\u00ed a premiest\u0148ovan\u00ed zeminy alebo sutiny spoliehaj\u00fa na kore\u010dkov\u00e9 valce. V r\u00fdpadlo-naklada\u010doch pom\u00e1haj\u00fa kore\u010dkov\u00e9 valce pri v\u00fdkopov\u00fdch pr\u00e1cach aj zdv\u00edhan\u00ed.<\/p>\n<\/li>\n<li>\n<h3>Po\u013enohospod\u00e1rske stroje<\/h3>\n<p>Valce ko\u0161\u00edkov sa pou\u017e\u00edvaj\u00fa v \u010deln\u00fdch naklada\u010doch na naberanie, zdv\u00edhanie a prepravu zeminy, sena a in\u00fdch materi\u00e1lov. V r\u00fdpadl\u00e1ch umo\u017e\u0148uj\u00fa valce ko\u0161\u00edkov kopanie t\u00fdm, \u017ee umo\u017e\u0148uj\u00fa vedru prenikn\u00fa\u0165 do p\u00f4dy. V \u010deln\u00fdch naklada\u010doch pom\u00e1haj\u00fa pri efekt\u00edvnom zdv\u00edhan\u00ed a vykladan\u00ed tovaru.<\/p>\n<\/li>\n<li>\n<h3>\u0164a\u017eobn\u00e9 zariadenia<\/h3>\n<p>V bansk\u00fdch zariadeniach sa valce vedra pou\u017e\u00edvaj\u00fa na ovl\u00e1danie pohybu vedra, \u010do je nevyhnutn\u00e9 pre kopanie, nakladanie a prepravu nerastov alebo in\u00fdch materi\u00e1lov.<\/p>\n<\/li>\n<\/ul>\n<h2>\u00davahy o dizajne a krit\u00e9ri\u00e1 v\u00fdberu<\/h2>\n<p>Pri navrhovan\u00ed a v\u00fdbere valcov s ko\u0161\u00edkom je potrebn\u00e9 zv\u00e1\u017ei\u0165 nieko\u013eko faktorov:<\/p>\n<ul>\n<li>\n<h3>Nosnos\u0165<\/h3>\n<p>Nosnos\u0165 valca ur\u010duje maxim\u00e1lne za\u0165a\u017eenie, ktor\u00e9 znesie, \u010do je z\u00e1kladn\u00fd faktor pri v\u00fdbere kor\u010dekov\u00fdch valcov.<\/p>\n<\/li>\n<li>\n<h3>Tesnenie<\/h3>\n<p>Tesniaci v\u00fdkon valca ur\u010duje stupe\u0148 \u00faniku a ovplyv\u0148uje celkov\u00fa \u00fa\u010dinnos\u0165 a prev\u00e1dzku hydraulick\u00e9ho syst\u00e9mu.<\/p>\n<\/li>\n<li>\n<h3>Trvanlivos\u0165<\/h3>\n<p>Trvanlivos\u0165 valca priamo ovplyv\u0148uje jeho \u017eivotnos\u0165, ktor\u00fa ovplyv\u0148uj\u00fa faktory, ako je materi\u00e1l valca, kon\u0161trukcia a proces spracovania.<\/p>\n<\/li>\n<li>\n<h3>Bezpe\u010dnos\u0165<\/h3>\n<p>Valce s vedrom by mali sp\u013a\u0148a\u0165 bezpe\u010dnostn\u00e9 normy a ma\u0165 bezpe\u010dnostn\u00e9 prvky, ako napr\u00edklad mechanizmy n\u00fadzov\u00e9ho zastavenia, aby sa predi\u0161lo nehod\u00e1m.<\/p>\n<\/li>\n<li>\n<h3>\u00dadr\u017eba<\/h3>\n<p>Valce kor\u010dekov by sa mali da\u0165 \u013eahko udr\u017eiava\u0165 a opravova\u0165, aby sa zabezpe\u010dila optim\u00e1lna prev\u00e1dzka a pred\u013a\u017een\u00e1 \u017eivotnos\u0165.<\/p>\n<\/li>\n<\/ul>\n<div>\n  <img decoding=\"async\" src=\"https:\/\/www.hydraulic-cylinders.net\/wp-content\/uploads\/2025\/01\/songte-oil-pipes-and-spare-parts.webp\" alt=\"Valec vedra pre ve\u013ek\u00e9 r\u00fdpadlo XGMA XG836MH\">\n<\/div>\n<h2>Tesnenie a mazanie<\/h2>\n<p>Valce kor\u010dekov pou\u017e\u00edvaj\u00fa r\u00f4zne tesniace komponenty, ako s\u00fa tesnenia piestov a tesnenia ty\u010d\u00ed, vyroben\u00e9 z materi\u00e1lov odoln\u00fdch vo\u010di opotrebovaniu, ako je polyuret\u00e1n a nitrilov\u00fd kau\u010duk, aby sa zabezpe\u010dil spo\u013eahliv\u00fd tesniaci v\u00fdkon. Teleso valca a z\u00e1vitov\u00e9 koncov\u00e9 plochy s\u00fa presne opracovan\u00e9 pre zlep\u0161enie odolnosti vo\u010di opotrebovaniu. Pravideln\u00e9 dop\u013a\u0148anie hydraulick\u00e9ho oleja je nevyhnutn\u00e9 na zabezpe\u010denie spr\u00e1vneho mazania a pred\u013a\u017eenie \u017eivotnosti valca.<\/p>\n<h2>Kontrola a prevent\u00edvna \u00fadr\u017eba<\/h2>\n<p>Pravideln\u00e1 kontrola a prevent\u00edvna \u00fadr\u017eba s\u00fa nevyhnutn\u00e9 na zabezpe\u010denie bezpe\u010dnej a efekt\u00edvnej prev\u00e1dzky valcov. \u00dalohy \u00fadr\u017eby zah\u0155\u0148aj\u00fa:<\/p>\n<ul>\n<li>\n<h3>Pravideln\u00e1 kontrola<\/h3>\n<p>Valce vedra by sa mali pravidelne kontrolova\u0165, \u010di nevykazuj\u00fa zn\u00e1mky opotrebovania, \u00faniku a deform\u00e1cie.<\/p>\n<\/li>\n<li>\n<h3>Mazanie<\/h3>\n<p>Spr\u00e1vne mazanie valca je nevyhnutn\u00e9 pre zabezpe\u010denie jeho hladk\u00e9ho chodu. Mazanie by sa malo vykon\u00e1va\u0165 pravidelne.<\/p>\n<\/li>\n<li>\n<h3>V\u00fdmena tesnenia<\/h3>\n<p>Opotrebovan\u00e9 alebo po\u0161koden\u00e9 tesnenia by sa mali okam\u017eite vymeni\u0165, aby sa predi\u0161lo \u00faniku a strate v\u00fdkonu.<\/p>\n<\/li>\n<li>\n<h3>Kontrola kalibr\u00e1cie<\/h3>\n<p>Valce kor\u010dekov by sa mali pravidelne kalibrova\u0165, aby sa zabezpe\u010dila presn\u00e1 prev\u00e1dzka a optim\u00e1lny v\u00fdkon.<\/p>\n<\/li>\n<\/ul>\n<p>Spr\u00e1vna in\u0161tal\u00e1cia a zarovnanie s\u00fa k\u013e\u00fa\u010dov\u00e9 pre prev\u00e1dzku a bezpe\u010dnos\u0165 valcov s vedro. Valec by mal by\u0165 nain\u0161talovan\u00fd a zarovnan\u00fd pod\u013ea pokynov v\u00fdrobcu a na upevnenie valca by sa mali pou\u017ei\u0165 vhodn\u00e9 mont\u00e1\u017ene konzoly.<\/p>\n<div>\n  <img decoding=\"async\" src=\"https:\/\/www.hydraulic-cylinders.net\/wp-content\/uploads\/2025\/01\/songte-chushion-collar.webp\" alt=\"Valec vedra pre ve\u013ek\u00e9 r\u00fdpadlo XGMA XG836MH\">\n<\/div>\n<h2>Bezpe\u010dnostn\u00e9 aspekty a faktory prostredia<\/h2>\n<p>Valce s ko\u0161\u00edkom by mali sp\u013a\u0148a\u0165 bezpe\u010dnostn\u00e9 normy a ma\u0165 bezpe\u010dnostn\u00e9 prvky, ako napr\u00edklad mechanizmy n\u00fadzov\u00e9ho zastavenia, aby sa predi\u0161lo nehod\u00e1m. Pri pou\u017e\u00edvan\u00ed valcov s ko\u0161\u00edkom by mali by\u0165 oper\u00e1tori vy\u0161kolen\u00ed v spr\u00e1vnom pou\u017e\u00edvan\u00ed a bezpe\u010dnostn\u00fdch protokoloch.<\/p>\n<h2>Diagnostika poruchy a be\u017en\u00e9 probl\u00e9my<\/h2>\n<p>Medzi be\u017en\u00e9 probl\u00e9my, ktor\u00e9 sa m\u00f4\u017eu vyskytn\u00fa\u0165 pri pou\u017e\u00edvan\u00ed valcov s ko\u0161\u00edkom, patria netesnosti, deform\u00e1cie a zaseknut\u00e9 piesty. Tieto probl\u00e9my je mo\u017en\u00e9 rie\u0161i\u0165 diagnostikou a odstra\u0148ovan\u00edm por\u00fach, \u010do m\u00f4\u017ee zah\u0155\u0148a\u0165 v\u00fdmenu opotrebovan\u00fdch alebo po\u0161koden\u00fdch tesnen\u00ed, op\u00e4tovn\u00e9 nastavenie valca alebo opravu po\u0161koden\u00fdch komponentov.<\/p>\n<h2>Predstavenie spolo\u010dnosti<\/h2>\n<p>Sme popredn\u00fdm v\u00fdrobcom a ve\u013ekoobchodn\u00edkom hydraulick\u00fdch valcov a pon\u00fakame \u0161irok\u00fd sortiment produktov, ktor\u00e9 uspokojuj\u00fa potreby dom\u00e1ceho aj medzin\u00e1rodn\u00e9ho trhu. Na\u0161a spolo\u010dnos\u0165 sa riadi strat\u00e9giou industrializovan\u00e9ho riadenia v\u00fdroby a spolieha sa na technick\u00e9 talenty, \u0161pi\u010dkov\u00e9 digit\u00e1lne v\u00fdrobn\u00e9 zariadenia a profesion\u00e1lne testovacie syst\u00e9my s cie\u013eom zlep\u0161i\u0165 v\u00fdrobn\u00e9 kapacity a kvalitu produktov. Zaviazali sme sa poskytova\u0165 z\u00e1kazn\u00edkom vysoko kvalitn\u00e9 produkty a slu\u017eby, ktor\u00e9 sp\u013a\u0148aj\u00fa ich rozmanit\u00e9 potreby.<\/p>\n<div>\n  <img decoding=\"async\" src=\"https:\/\/hzpt.com\/wp-content\/uploads\/2024\/11\/songte-company-1.webp\" alt=\"Valec vedra pre ve\u013ek\u00e9 r\u00fdpadlo XGMA XG836MH\">\n<\/div>\n<p>Sme hrd\u00ed na na\u0161u profesionalitu, medzin\u00e1rodn\u00fa certifik\u00e1ciu, slu\u017eby na mieru, v\u00fdrobn\u00e9 zariadenia a popredajn\u00fd servis.<\/p>\n<ul>\n<li>\n<h3>Profesionalita<\/h3>\n<p>N\u00e1\u0161 t\u00edm odborn\u00edkov m\u00e1 dlhoro\u010dn\u00e9 sk\u00fasenosti v odvetv\u00ed hydraulick\u00fdch valcov, \u010do zaru\u010duje, \u017ee na\u0161e produkty sp\u013a\u0148aj\u00fa najvy\u0161\u0161ie \u0161tandardy kvality a spo\u013eahlivosti.<\/p>\n<\/li>\n<li>\n<h3>Medzin\u00e1rodn\u00e1 certifik\u00e1cia<\/h3>\n<p>Z\u00edskali sme r\u00f4zne medzin\u00e1rodn\u00e9 certifik\u00e1ty vr\u00e1tane ISO9001, ISO14001 a CE, \u010do zaru\u010duje, \u017ee na\u0161e produkty sp\u013a\u0148aj\u00fa glob\u00e1lne \u0161tandardy kvality a bezpe\u010dnosti.<\/p>\n<\/li>\n<li>\n<h3>Slu\u017eby na mieru<\/h3>\n<p>Na\u0161e produkty dok\u00e1\u017eeme prisp\u00f4sobi\u0165 \u0161pecifick\u00fdm potreb\u00e1m z\u00e1kazn\u00edkov a poskytn\u00fa\u0165 im optim\u00e1lne rie\u0161enia pre ich prev\u00e1dzkov\u00e9 po\u017eiadavky.<\/p>\n<\/li>\n<li>\n<h3>V\u00fdrobn\u00e9 zariadenia<\/h3>\n<p>Investovali sme do \u0161pi\u010dkov\u00fdch digit\u00e1lnych v\u00fdrobn\u00fdch zariaden\u00ed, aby sme zabezpe\u010dili presn\u00fa a efekt\u00edvnu v\u00fdrobu na\u0161ich produktov.<\/p>\n<\/li>\n<li>\n<h3>Popredajn\u00fd servis<\/h3>\n<p>Poskytujeme vynikaj\u00faci popredajn\u00fd servis vr\u00e1tane opravy a v\u00fdmeny produktov, aby sme zabezpe\u010dili spokojnos\u0165 na\u0161ich z\u00e1kazn\u00edkov s ich n\u00e1kupmi.<\/p>\n<\/li>\n<\/ul>\n<p>Autor: lyl<\/p>","protected":false},"excerpt":{"rendered":"<p>Bucket Cylinder For XGMA Large Excavator XG836MH Introduction A bucket cylinder is a specially designed hydraulic cylinder used to control the movement of the bucket in heavy machinery like excavators, backhoe loaders, and front-end loaders. Its primary function is to allow the bucket to move up, down, and tilt, making it easier to transport various [&hellip;]<\/p>","protected":false},"featured_media":14782,"comment_status":"open","ping_status":"closed","template":"","meta":{"_et_pb_use_builder":"","_et_pb_old_content":"","_et_gb_content_width":""},"product_brand":[],"product_cat":[1494],"product_tag":[1495,1496],"class_list":{"0":"post-15602","1":"product","2":"type-product","3":"status-publish","4":"has-post-thumbnail","6":"product_cat-bucket-cylinders","7":"product_tag-bucket-cylinders","8":"product_tag-hydraulic-cylinders","10":"first","11":"instock","12":"shipping-taxable","13":"product-type-simple"},"amp_enabled":true,"_links":{"self":[{"href":"https:\/\/www.hydraulic-cylinders.net\/sk\/wp-json\/wp\/v2\/product\/15602","targetHints":{"allow":["GET"]}}],"collection":[{"href":"https:\/\/www.hydraulic-cylinders.net\/sk\/wp-json\/wp\/v2\/product"}],"about":[{"href":"https:\/\/www.hydraulic-cylinders.net\/sk\/wp-json\/wp\/v2\/types\/product"}],"replies":[{"embeddable":true,"href":"https:\/\/www.hydraulic-cylinders.net\/sk\/wp-json\/wp\/v2\/comments?post=15602"}],"wp:featuredmedia":[{"embeddable":true,"href":"https:\/\/www.hydraulic-cylinders.net\/sk\/wp-json\/wp\/v2\/media\/14782"}],"wp:attachment":[{"href":"https:\/\/www.hydraulic-cylinders.net\/sk\/wp-json\/wp\/v2\/media?parent=15602"}],"wp:term":[{"taxonomy":"product_brand","embeddable":true,"href":"https:\/\/www.hydraulic-cylinders.net\/sk\/wp-json\/wp\/v2\/product_brand?post=15602"},{"taxonomy":"product_cat","embeddable":true,"href":"https:\/\/www.hydraulic-cylinders.net\/sk\/wp-json\/wp\/v2\/product_cat?post=15602"},{"taxonomy":"product_tag","embeddable":true,"href":"https:\/\/www.hydraulic-cylinders.net\/sk\/wp-json\/wp\/v2\/product_tag?post=15602"}],"curies":[{"name":"pracovn\u00fd list","href":"https:\/\/api.w.org\/{rel}","templated":true}]}}