{"id":15605,"date":"2025-01-19T14:44:22","date_gmt":"2025-01-19T14:44:22","guid":{"rendered":"https:\/\/www.hydraulic-cylinders.net\/product\/bucket-cylinder-for-xgma-wheel-excavator-xg815w\/"},"modified":"2025-01-19T14:44:24","modified_gmt":"2025-01-19T14:44:24","slug":"bucket-cylinder-for-xgma-wheel-excavator-xg815w","status":"publish","type":"product","link":"https:\/\/www.hydraulic-cylinders.net\/sk\/produkt\/bucket-cylinder-for-xgma-wheel-excavator-xg815w\/","title":{"rendered":"Valec vedra pre kolesov\u00e9 r\u00fdpadlo XGMA XG815W"},"content":{"rendered":"<h1>Valec vedra pre kolesov\u00e9 r\u00fdpadlo XGMA XG815W<\/h1>\n<h2>\u00davod<\/h2>\n<p>Hydraulick\u00fd valec, tie\u017e zn\u00e1my ako hydraulick\u00fd valec, je \u0161peci\u00e1lne navrhnut\u00fd hydraulick\u00fd komponent pou\u017e\u00edvan\u00fd na ovl\u00e1danie pohybu ly\u017eice v \u0165a\u017ek\u00fdch strojoch, ako s\u00fa bagre, r\u00fdpadl\u00e1 a \u010deln\u00e9 naklada\u010de. Jeho prim\u00e1rnou funkciou je umo\u017eni\u0165 zdv\u00edhanie, sp\u00fa\u0161\u0165anie a nakl\u00e1\u0148anie ly\u017eice, v\u010faka \u010domu je vhodn\u00e1 na r\u00f4zne \u00falohy manipul\u00e1cie s materi\u00e1lom. V hydraulickom syst\u00e9me dosahuje valec ly\u017eice presn\u00e9 ovl\u00e1danie ly\u017eice zmenou tlaku hydraulick\u00e9ho oleja, \u010do umo\u017e\u0148uje obsluhe efekt\u00edvne manipulova\u0165 s \u0165a\u017ek\u00fdmi bremenami a z\u00e1rove\u0148 sa prisp\u00f4sobova\u0165 zlo\u017eit\u00fdm pracovn\u00fdm prostrediam a r\u00f4znorod\u00fdm po\u017eiadavk\u00e1m pr\u00e1ce.<\/p>\n<p><img decoding=\"async\" src=\"https:\/\/www.hydraulic-cylinders.net\/wp-content\/uploads\/2025\/01\/songte-company-2.webp\" alt=\"Obr\u00e1zok valca vedra\"><\/p>\n<h2>Funkcie<\/h2>\n<ul>\n<li>\n<h3>Vysok\u00e1 pevnos\u0165 a odolnos\u0165<\/h3>\n<p>Valec kor\u010deka je zvy\u010dajne vyroben\u00fd z vysokopevnostnej ocele alebo hlin\u00edka, schopn\u00e9ho odol\u00e1va\u0165 vysok\u00e9mu tlaku a \u0165a\u017ek\u00fdm za\u0165a\u017eeniam, a je navrhnut\u00fd s oh\u013eadom na odolnos\u0165 proti opotrebovaniu a kor\u00f3zii, aby sa pred\u013a\u017eila jeho \u017eivotnos\u0165.<\/p>\n<\/li>\n<li>\n<h3>Efekt\u00edvna hydraulick\u00e1 prev\u00e1dzka<\/h3>\n<p>Valec ly\u017eice vyu\u017e\u00edva tlak hydraulick\u00e9ho oleja na dosiahnutie plynul\u00e9ho teleskopick\u00e9ho pohybu, \u010do mu umo\u017e\u0148uje r\u00fdchlo reagova\u0165 na ovl\u00e1dacie povely, poskytova\u0165 siln\u00fa tla\u010dn\u00fa a \u0165a\u017en\u00fa silu a je vhodn\u00fd na manipul\u00e1ciu s \u0165a\u017ek\u00fdmi bremenami a zlo\u017eit\u00fdmi pracovn\u00fdmi \u00falohami.<\/p>\n<\/li>\n<li>\n<h3>R\u00f4zne typy<\/h3>\n<p>Valec kor\u010deka je mo\u017en\u00e9 zvoli\u0165 ako jedno\u010dinn\u00fd (hydraulika sa pou\u017e\u00edva iba v jednom smere) alebo dvoj\u010dinn\u00fd (hydraulika sa pou\u017e\u00edva v dvoch smeroch) pod\u013ea prev\u00e1dzkov\u00fdch potrieb. Niektor\u00e9 modely s\u00fa teleskopick\u00e9, \u010do umo\u017e\u0148uje v\u00e4\u010d\u0161ie vysunutie bez zv\u00e4\u010d\u0161enia vonkaj\u0161\u00edch rozmerov, vhodn\u00e9 pre aplik\u00e1cie s obmedzen\u00fdm priestorom.<\/p>\n<\/li>\n<li>\n<h3>Dokonal\u00e1 n\u00e1hrada<\/h3>\n<p>Na\u0161e produkty dok\u00e1\u017eu dokonale nahradi\u0165 tieto hydraulick\u00e9 valce.<\/p>\n<\/li>\n<\/ul>\n<p><img decoding=\"async\" src=\"https:\/\/www.hydraulic-cylinders.net\/wp-content\/uploads\/2025\/01\/songte-cylinder-head-with-all-kinds-excavator-models.webp\" alt=\"Obr\u00e1zok valca vedra\"><\/p>\n<h2>Aplik\u00e1cie<\/h2>\n<p>Valec s vedrom m\u00e1 r\u00f4zne aplik\u00e1cie vr\u00e1tane:<\/p>\n<ul>\n<li>\n<h3>Stavebn\u00e9 stroje<\/h3>\n<p>Valec ly\u017eice je nevyhnutn\u00fd pre r\u00fdpadl\u00e1 na kopanie, nakladanie a premiest\u0148ovanie zeminy alebo sutiny. V r\u00fdpadlov\u00fdch naklada\u010doch valec ly\u017eice pom\u00e1ha pri kopan\u00ed a zdv\u00edhan\u00ed. V naklada\u010doch pom\u00e1ha pri zdv\u00edhan\u00ed a nakl\u00e1\u0148an\u00ed pre efekt\u00edvne vysyp\u00e1vanie.<\/p>\n<\/li>\n<li>\n<h3>Po\u013enohospod\u00e1rske stroje<\/h3>\n<p>Valec ly\u017eice sa pou\u017e\u00edva v \u010deln\u00fdch naklada\u010doch na naberanie, zdv\u00edhanie a prepravu zeminy, sena a in\u00fdch materi\u00e1lov. V r\u00fdpadl\u00e1ch valec ly\u017eice umo\u017e\u0148uje kopanie t\u00fdm, \u017ee umo\u017e\u0148uje ly\u017eici prenikn\u00fa\u0165 do p\u00f4dy.<\/p>\n<\/li>\n<\/ul>\n<h2>\u00davahy o dizajne a krit\u00e9ri\u00e1 v\u00fdberu<\/h2>\n<p>Kon\u0161trukcia valca vedra zoh\u013ead\u0148uje k\u013e\u00fa\u010dov\u00e9 faktory, ako je nosnos\u0165, tesnenie, odolnos\u0165, bezpe\u010dnos\u0165 a \u00fadr\u017eba. Vyu\u017e\u00edva vysokokvalitn\u00e9 materi\u00e1ly a presn\u00e9 v\u00fdrobn\u00e9 procesy na zabezpe\u010denie maxim\u00e1lneho v\u00fdkonu a dlhej \u017eivotnosti. Nasleduj\u00fa kon\u0161truk\u010dn\u00e9 aspekty a krit\u00e9ri\u00e1 v\u00fdberu:<\/p>\n<ul>\n<li>\n<h3>Nosnos\u0165<\/h3>\n<p>Valec s vedrom mus\u00ed by\u0165 navrhnut\u00fd tak, aby zvl\u00e1dol maxim\u00e1lne za\u0165a\u017eenie, ktor\u00e9 na\u0148 p\u00f4sob\u00ed po\u010das pou\u017e\u00edvania. Starostlivo treba zv\u00e1\u017ei\u0165 v\u00fdber materi\u00e1lu a \u0161truktur\u00e1lnu integritu valca.<\/p>\n<\/li>\n<li>\n<h3>Tesnenie<\/h3>\n<p>Valec vedra mus\u00ed by\u0165 vhodne utesnen\u00fd, aby sa zabr\u00e1nilo \u00faniku oleja a vniknutiu vody. Pou\u017eitie vysokokvalitn\u00fdch tesnen\u00ed, ako s\u00fa tesnenia piestov a ty\u010d\u00ed vyroben\u00fdch z materi\u00e1lov odoln\u00fdch vo\u010di opotrebovaniu, ako je polyuret\u00e1n a nitrilov\u00e1 guma, m\u00f4\u017ee zv\u00fd\u0161i\u0165 \u00fa\u010dinnos\u0165 tesnenia valca.<\/p>\n<\/li>\n<li>\n<h3>Trvanlivos\u0165<\/h3>\n<p>Valec s ko\u0161\u00edkom mus\u00ed by\u0165 navrhnut\u00fd tak, aby odolal n\u00e1ro\u010dn\u00e9mu pracovn\u00e9mu prostrediu a vysok\u00e9mu za\u0165a\u017eeniu. Pou\u017eitie vysokopevnostn\u00fdch materi\u00e1lov, presn\u00e9 v\u00fdrobn\u00e9 procesy a povrchov\u00e1 \u00faprava m\u00f4\u017eu zv\u00fd\u0161i\u0165 odolnos\u0165 valca vo\u010di opotrebovaniu a kor\u00f3zii.<\/p>\n<\/li>\n<li>\n<h3>Bezpe\u010dnos\u0165<\/h3>\n<p>Valec s ko\u0161\u00edkom mus\u00ed by\u0165 navrhnut\u00fd s oh\u013eadom na bezpe\u010dnos\u0165, aby sa zabezpe\u010dila bezpe\u010dn\u00e1 prev\u00e1dzka a predch\u00e1dzanie nehod\u00e1m. Do kon\u0161trukcie valca je mo\u017en\u00e9 integrova\u0165 bezpe\u010dnostn\u00e9 prvky, ako s\u00fa pretlakov\u00e9 ventily a sn\u00edma\u010de polohy, aby sa zabezpe\u010dila bezpe\u010dn\u00e1 prev\u00e1dzka.<\/p>\n<\/li>\n<li>\n<h3>Udr\u017eiavate\u013enos\u0165<\/h3>\n<p>Valec s ko\u0161\u00edkom mus\u00ed by\u0165 navrhnut\u00fd tak, aby sa dala \u013eahko udr\u017eiava\u0165 a opravova\u0165. \u00davahy, ako je jednoduch\u00e1 demont\u00e1\u017e, pr\u00edstup ku kritick\u00fdm komponentom a dostupnos\u0165 n\u00e1hradn\u00fdch dielov, m\u00f4\u017eu zlep\u0161i\u0165 \u00fadr\u017ebu valca.<\/p>\n<\/li>\n<\/ul>\n<p><img decoding=\"async\" src=\"https:\/\/www.hydraulic-cylinders.net\/wp-content\/uploads\/2025\/01\/songte-oil-pipes-and-spare-parts.webp\" alt=\"Obr\u00e1zok valca vedra\"><\/p>\n<h2>Tesnenie a mazanie<\/h2>\n<p>Valec kor\u010deka pou\u017e\u00edva r\u00f4zne tesniace komponenty, ako s\u00fa tesnenia piestov a tesnenia ty\u010d\u00ed, aby sa zabr\u00e1nilo \u00faniku oleja a udr\u017eal hydraulick\u00fd tlak. Pou\u017eitie vysokokvalitn\u00fdch tesnen\u00ed vyroben\u00fdch z materi\u00e1lov odoln\u00fdch vo\u010di opotrebovaniu, ako je polyuret\u00e1n a nitrilov\u00fd kau\u010duk, m\u00f4\u017ee zv\u00fd\u0161i\u0165 \u00fa\u010dinnos\u0165 tesnenia valca. Pravideln\u00e9 mazanie vhodn\u00fdm hydraulick\u00fdm olejom m\u00f4\u017ee pom\u00f4c\u0165 udr\u017ea\u0165 v\u00fdkon valca a pred\u013a\u017ei\u0165 jeho \u017eivotnos\u0165.<\/p>\n<h2>\u00dadr\u017eba a opravy<\/h2>\n<p>Pravideln\u00e1 kontrola, mazanie a v\u00fdmena tesnen\u00ed s\u00fa be\u017en\u00fdmi \u00falohami \u00fadr\u017eby valca s ko\u0161\u00edkom. Spr\u00e1vna in\u0161tal\u00e1cia, mazanie a nastavenie s\u00fa k\u013e\u00fa\u010dov\u00e9 pre optim\u00e1lny v\u00fdkon a dlh\u00fa \u017eivotnos\u0165. Pri v\u00fdmene dielov alebo rekon\u0161trukcii valca m\u00f4\u017ee dodr\u017eiavanie odpor\u00fa\u010dan\u00fdch postupov a pou\u017e\u00edvanie vhodn\u00e9ho n\u00e1radia zabezpe\u010di\u0165 spr\u00e1vnu mont\u00e1\u017e a ulo\u017eenie.<\/p>\n<p><img decoding=\"async\" src=\"https:\/\/www.hydraulic-cylinders.net\/wp-content\/uploads\/2025\/01\/songte-chushion-collar.webp\" alt=\"Obr\u00e1zok valca vedra\"><\/p>\n<h2>Bezpe\u010dnostn\u00e9 aspekty a faktory prostredia<\/h2>\n<p>Pri pou\u017e\u00edvan\u00ed vedrov\u00e9ho valca s\u00fa bezpe\u010dnostn\u00e9 opatrenia, ako je nosenie osobn\u00fdch ochrann\u00fdch prostriedkov a dodr\u017eiavanie spr\u00e1vnych prev\u00e1dzkov\u00fdch postupov, nevyhnutn\u00e9 na predch\u00e1dzanie nehod\u00e1m. Faktory prostredia, ako je teplota, vlhkos\u0165 a vystavenie chemik\u00e1li\u00e1m, m\u00f4\u017eu ovplyvni\u0165 v\u00fdkon a \u017eivotnos\u0165 valca. Opatrenia, ako je pravideln\u00e9 \u010distenie a spr\u00e1vne skladovanie, m\u00f4\u017eu pom\u00f4c\u0165 zmierni\u0165 tieto \u00fa\u010dinky.<\/p>\n<h2>Diagnostika por\u00fach a rie\u0161enie probl\u00e9mov<\/h2>\n<p>Medzi be\u017en\u00e9 poruchy valcov vedra patria \u00faniky oleja, nedostato\u010dn\u00fd tlak a posun valca. Spr\u00e1vna diagnostika a rie\u0161enie probl\u00e9mov m\u00f4\u017ee pom\u00f4c\u0165 identifikova\u0165 pr\u00ed\u010dinu probl\u00e9mu a ur\u010di\u0165 vhodn\u00fa opravu alebo v\u00fdmenu. Opatrenia, ako je pravideln\u00e1 kontrola, spr\u00e1vna in\u0161tal\u00e1cia a \u00fadr\u017eba, m\u00f4\u017eu pom\u00f4c\u0165 predch\u00e1dza\u0165 potenci\u00e1lnym poruch\u00e1m.<\/p>\n<p><img decoding=\"async\" src=\"https:\/\/www.hydraulic-cylinders.net\/wp-content\/uploads\/2025\/01\/songte-bushings-with-all-kinds-of-excavator-models.webp\" alt=\"Obr\u00e1zok valca vedra\"><\/p>\n<h2>O na\u0161ej spolo\u010dnosti<\/h2>\n<p>Sme v\u00fdrobcom hydraulick\u00fdch valcov, ktor\u00e9 dok\u00e1\u017eu dokonale nahradi\u0165 tieto hydraulick\u00e9 valce. Na\u0161a spolo\u010dnos\u0165 m\u00e1 kompletn\u00fd sortiment produktov a stala sa jedn\u00fdm z popredn\u00fdch v\u00fdrobcov a ve\u013ekoobchodn\u00fdch distrib\u00fatorov hydraulick\u00fdch valcov na dom\u00e1com aj medzin\u00e1rodnom trhu. Dodr\u017eiavame z\u00e1sady vynikaj\u00facej kvality a spoliehame sa na industrializovan\u00e9 strat\u00e9gie riadenia v\u00fdroby v prec\u00edzne spracovan\u00fdch v\u00fdrobn\u00fdch diel\u0148ach. Na\u0161a spolo\u010dnos\u0165 neust\u00e1le zlep\u0161uje svoju v\u00fdrobn\u00fa platformu vyu\u017e\u00edvan\u00edm technologick\u00fdch talentov, \u0161pi\u010dkov\u00fdch digit\u00e1lnych v\u00fdrobn\u00fdch zariaden\u00ed a profesion\u00e1lnych testovac\u00edch syst\u00e9mov, zdokona\u013euje v\u00fdrobn\u00fa linku kvality produktov a m\u00e1 siln\u00e9 tvoriv\u00e9 schopnosti. Sp\u013a\u0148ame rozmanit\u00e9 potreby z\u00e1kazn\u00edkov z\u00e1sadami vysokej efektivity, vysokej presnosti a vysokej kvality.<\/p>\n<p><img decoding=\"async\" src=\"https:\/\/hzpt.com\/wp-content\/uploads\/2024\/11\/songte-company-1.webp\" alt=\"Obr\u00e1zok valca vedra\"><\/p>\n<h3>Profesionalita<\/h3>\n<p>Na\u0161a spolo\u010dnos\u0165 m\u00e1 t\u00edm profesion\u00e1lnych in\u017einierov a technikov, ktor\u00ed sa venuj\u00fa poskytovaniu vysokokvalitn\u00fdch produktov a slu\u017eieb na\u0161im z\u00e1kazn\u00edkom.<\/p>\n<h3>Medzin\u00e1rodn\u00e9 certifik\u00e1cie<\/h3>\n<p>Na\u0161a spolo\u010dnos\u0165 z\u00edskala r\u00f4zne medzin\u00e1rodn\u00e9 certifik\u00e1ty ako ISO 9001, CE a SGS, ktor\u00e9 zaru\u010duj\u00fa, \u017ee na\u0161e v\u00fdrobky sp\u013a\u0148aj\u00fa medzin\u00e1rodn\u00e9 \u0161tandardy kvality.<\/p>\n<h3>Slu\u017eby prisp\u00f4sobenia<\/h3>\n<p>Na\u0161a spolo\u010dnos\u0165 poskytuje slu\u017eby prisp\u00f4sobenia hydraulick\u00fdch valcov \u0161pecifick\u00fdm potreb\u00e1m z\u00e1kazn\u00edka.<\/p>\n<h3>V\u00fdrobn\u00e9 zariadenia<\/h3>\n<p>Na\u0161a spolo\u010dnos\u0165 disponuje modern\u00fdm v\u00fdrobn\u00fdm vybaven\u00edm, ako s\u00fa CNC s\u00fastruhy, fr\u00e9zky a zv\u00e1racie stroje, ktor\u00e9 zabezpe\u010duj\u00fa presnos\u0165 a kvalitu na\u0161ich v\u00fdrobkov.<\/p>\n<h3>Popredajn\u00e9 slu\u017eby<\/h3>\n<p>Na\u0161a spolo\u010dnos\u0165 poskytuje vynikaj\u00face popredajn\u00e9 slu\u017eby vr\u00e1tane technickej podpory, opr\u00e1v a v\u00fdmeny dielov.<\/p>\n<h4>Autor: lyl<\/h4>","protected":false},"excerpt":{"rendered":"<p>Bucket Cylinder For XGMA Wheel Excavator XG815W Introduction The bucket cylinder, also known as a hydraulic cylinder, is a specifically designed hydraulic component used to control the movement of the bucket in heavy machinery such as excavators, backhoes, and front-end loaders. Its primary function is to enable the bucket to lift, lower, and tilt, making [&hellip;]<\/p>","protected":false},"featured_media":14776,"comment_status":"open","ping_status":"closed","template":"","meta":{"_et_pb_use_builder":"","_et_pb_old_content":"","_et_gb_content_width":""},"product_brand":[],"product_cat":[1494],"product_tag":[1495,1496],"class_list":{"0":"post-15605","1":"product","2":"type-product","3":"status-publish","4":"has-post-thumbnail","6":"product_cat-bucket-cylinders","7":"product_tag-bucket-cylinders","8":"product_tag-hydraulic-cylinders","10":"first","11":"instock","12":"shipping-taxable","13":"product-type-simple"},"amp_enabled":true,"_links":{"self":[{"href":"https:\/\/www.hydraulic-cylinders.net\/sk\/wp-json\/wp\/v2\/product\/15605","targetHints":{"allow":["GET"]}}],"collection":[{"href":"https:\/\/www.hydraulic-cylinders.net\/sk\/wp-json\/wp\/v2\/product"}],"about":[{"href":"https:\/\/www.hydraulic-cylinders.net\/sk\/wp-json\/wp\/v2\/types\/product"}],"replies":[{"embeddable":true,"href":"https:\/\/www.hydraulic-cylinders.net\/sk\/wp-json\/wp\/v2\/comments?post=15605"}],"wp:featuredmedia":[{"embeddable":true,"href":"https:\/\/www.hydraulic-cylinders.net\/sk\/wp-json\/wp\/v2\/media\/14776"}],"wp:attachment":[{"href":"https:\/\/www.hydraulic-cylinders.net\/sk\/wp-json\/wp\/v2\/media?parent=15605"}],"wp:term":[{"taxonomy":"product_brand","embeddable":true,"href":"https:\/\/www.hydraulic-cylinders.net\/sk\/wp-json\/wp\/v2\/product_brand?post=15605"},{"taxonomy":"product_cat","embeddable":true,"href":"https:\/\/www.hydraulic-cylinders.net\/sk\/wp-json\/wp\/v2\/product_cat?post=15605"},{"taxonomy":"product_tag","embeddable":true,"href":"https:\/\/www.hydraulic-cylinders.net\/sk\/wp-json\/wp\/v2\/product_tag?post=15605"}],"curies":[{"name":"pracovn\u00fd list","href":"https:\/\/api.w.org\/{rel}","templated":true}]}}