{"id":15606,"date":"2025-01-19T14:44:27","date_gmt":"2025-01-19T14:44:27","guid":{"rendered":"https:\/\/www.hydraulic-cylinders.net\/product\/bucket-cylinder-for-lonking-small-excavator-lg6065\/"},"modified":"2025-01-19T14:44:29","modified_gmt":"2025-01-19T14:44:29","slug":"bucket-cylinder-for-lonking-small-excavator-lg6065","status":"publish","type":"product","link":"https:\/\/www.hydraulic-cylinders.net\/sk\/produkt\/bucket-cylinder-for-lonking-small-excavator-lg6065\/","title":{"rendered":"Valec vedra pre mal\u00e9 r\u00fdpadlo Lonking LG6065"},"content":{"rendered":"<h1>Valec vedra pre mal\u00e9 r\u00fdpadlo Lonking LG6065<\/h1>\n<h2>\u00davod<\/h2>\n<h3>Definovanie valca vedra<\/h3>\n<p>Hydraulick\u00fd valec ly\u017eice je \u0161peci\u00e1lne navrhnut\u00fd hydraulick\u00fd valec pou\u017e\u00edvan\u00fd predov\u0161etk\u00fdm na ovl\u00e1danie pohybu ly\u017eice v \u0165a\u017ek\u00fdch strojoch, ako s\u00fa bagre, r\u00fdpadl\u00e1 a \u010deln\u00e9 naklada\u010de. Jeho hlavnou funkciou je umo\u017eni\u0165 zdv\u00edhanie, sp\u00fa\u0161\u0165anie a nakl\u00e1\u0148anie ly\u017eice, \u010do u\u013eah\u010duje vykon\u00e1vanie r\u00f4znych \u00faloh manipul\u00e1cie s materi\u00e1lom. V hydraulickom syst\u00e9me valce ly\u017eice presne ovl\u00e1daj\u00fa pohyb ly\u017eice prostredn\u00edctvom zmien tlaku hydraulick\u00e9ho oleja, \u010do umo\u017e\u0148uje obsluhe efekt\u00edvne manipulova\u0165 s \u0165a\u017ek\u00fdmi bremenami a prisp\u00f4sobova\u0165 sa zlo\u017eit\u00fdm pracovn\u00fdm prostrediam a r\u00f4znym prev\u00e1dzkov\u00fdm potreb\u00e1m.<\/p>\n<p><img decoding=\"async\" src=\"https:\/\/www.hydraulic-cylinders.net\/wp-content\/uploads\/2025\/01\/songte-company-2.webp\"><\/p>\n<h3>Vlastnosti produktu<\/h3>\n<ul>\n<li>Vysok\u00e1 pevnos\u0165 a odolnos\u0165: Valce na kor\u010deky, ktor\u00e9 s\u00fa zvy\u010dajne vyroben\u00e9 z vysokopevnostnej ocele alebo hlin\u00edka, odol\u00e1vaj\u00fa vysok\u00e9mu tlaku a \u0165a\u017ek\u00fdm za\u0165a\u017eeniam, prisp\u00f4sobuj\u00fa sa n\u00e1ro\u010dn\u00fdm pracovn\u00fdm podmienkam a s\u00fa navrhnut\u00e9 s oh\u013eadom na odolnos\u0165 vo\u010di opotrebovaniu a kor\u00f3zii, aby sa pred\u013a\u017eila ich \u017eivotnos\u0165.<\/li>\n<li>Efekt\u00edvna hydraulick\u00e1 prev\u00e1dzka: V\u010faka vyu\u017eitiu tlaku hydraulick\u00e9ho oleja na dosiahnutie plynul\u00e9ho vys\u00favania a zas\u00favania dok\u00e1\u017eu valce ly\u017eice r\u00fdchlo reagova\u0165 na ovl\u00e1dacie povely a poskytova\u0165 siln\u00e9 tla\u010dn\u00e9 a \u0165a\u017en\u00e9 sily vhodn\u00e9 na manipul\u00e1ciu s \u0165a\u017ek\u00fdmi bremenami a zlo\u017eit\u00e9 prev\u00e1dzkov\u00e9 \u00falohy.<\/li>\n<li>R\u00f4zne typy: Valce kor\u010deka m\u00f4\u017eu by\u0165 jedno\u010dinn\u00e9 (s hydraulick\u00fdm pohonom iba v jednom smere) alebo dvoj\u010dinn\u00e9 (s hydraulick\u00fdm pohonom v dvoch smeroch) a mo\u017eno ich vybra\u0165 pod\u013ea prev\u00e1dzkov\u00fdch potrieb. Niektor\u00e9 modely s\u00fa teleskopick\u00e9, \u010do umo\u017e\u0148uje v\u00e4\u010d\u0161ie vysunutie bez zv\u00e4\u010d\u0161enia vonkaj\u0161\u00edch rozmerov, v\u010faka \u010domu s\u00fa vhodn\u00e9 pre aplik\u00e1cie v obmedzenom priestore.<\/li>\n<li>M\u00f4\u017ee nahradi\u0165 in\u00e9 hydraulick\u00e9 valce: Na\u0161e produkty dok\u00e1\u017eu dokonale nahradi\u0165 in\u00e9 hydraulick\u00e9 valce. <\/li>\n<\/ul>\n<p><img decoding=\"async\" src=\"https:\/\/www.hydraulic-cylinders.net\/wp-content\/uploads\/2025\/01\/songte-cylinder-head-with-all-kinds-excavator-models.webp\"><\/p>\n<h3>Aplik\u00e1cie<\/h3>\n<p>Valce s ko\u0161\u00edkom sa \u0161iroko pou\u017e\u00edvaj\u00fa v r\u00f4znych odvetviach, vr\u00e1tane:<\/p>\n<ul>\n<li>Stavebn\u00e9 zariadenia: V bagroch s\u00fa k\u013e\u00fa\u010dov\u00e9 pre kopanie, nakladanie a premiest\u0148ovanie zeminy alebo sutiny. V r\u00fdpadlo-naklada\u010doch pom\u00e1haj\u00fa valce ko\u0161\u00edkov pri kopan\u00ed aj zdv\u00edhan\u00ed. <\/li>\n<li>Po\u013enohospod\u00e1rske stroje: Pou\u017e\u00edvaj\u00fa sa v \u010deln\u00fdch naklada\u010doch na naberanie, zdv\u00edhanie a prepravu p\u00f4dy, sena a in\u00fdch materi\u00e1lov.<\/li>\n<li>R\u00fdpadl\u00e1: Valce lopaty umo\u017e\u0148uj\u00fa v\u00fdkopov\u00e9 \u010dinnosti t\u00fdm, \u017ee umo\u017e\u0148uj\u00fa lopate prenikn\u00fa\u0165 do p\u00f4dy.<\/li>\n<li>Naklada\u010de: \u010celn\u00e9 naklada\u010de pom\u00e1haj\u00fa pri efekt\u00edvnom zdv\u00edhan\u00ed a vykladan\u00ed n\u00e1kladu.<\/li>\n<\/ul>\n<h3>\u00davahy o dizajne a krit\u00e9ri\u00e1 v\u00fdberu<\/h3>\n<p>Valce kor\u010dekov s\u00fa navrhnut\u00e9 s oh\u013eadom na nieko\u013eko k\u013e\u00fa\u010dov\u00fdch aspektov, vr\u00e1tane:<\/p>\n<ul>\n<li>\u00danosnos\u0165<\/li>\n<li>Tesnenie<\/li>\n<li>Trvanlivos\u0165<\/li>\n<li>Bezpe\u010dnos\u0165<\/li>\n<li>Udr\u017eiavate\u013enos\u0165<\/li>\n<\/ul>\n<p><img decoding=\"async\" src=\"https:\/\/www.hydraulic-cylinders.net\/wp-content\/uploads\/2025\/01\/songte-oil-pipes-and-spare-parts.webp\"><\/p>\n<h3>Tesnenie a mazanie<\/h3>\n<p>Valce kor\u010dekov s\u00fa vybaven\u00e9 r\u00f4znymi tesniacimi komponentmi, ako s\u00fa tesnenia piestov, tesnenia ty\u010d\u00ed a in\u00e9 tesnenia, ktor\u00e9 s\u00fa vyroben\u00e9 z materi\u00e1lov odoln\u00fdch vo\u010di opotrebovaniu, ako je polyuret\u00e1n a nitrilov\u00fd kau\u010duk. Teleso valca a z\u00e1vitov\u00e9 koncov\u00e9 plochy s\u00fa jemne opracovan\u00e9 pre zlep\u0161enie odolnosti vo\u010di opotrebovaniu. Na mazanie je potrebn\u00e9 pravidelne prid\u00e1va\u0165 primeran\u00e9 mno\u017estvo hydraulick\u00e9ho oleja.<\/p>\n<h3>\u00dadr\u017eba a opravy<\/h3>\n<p>Pravideln\u00e9 kontroly a prevent\u00edvna \u00fadr\u017eba s\u00fa nevyhnutn\u00e9 na zabezpe\u010denie dlhej \u017eivotnosti valca s vedrom. Medzi be\u017en\u00e9 \u00falohy \u00fadr\u017eby patria:<\/p>\n<ul>\n<li>Pravideln\u00e1 kontrola<\/li>\n<li>Spr\u00e1vne mazanie<\/li>\n<li>V\u00fdmena tesnenia<\/li>\n<li>Kalibra\u010dn\u00e9 kontroly<\/li>\n<\/ul>\n<p>Spr\u00e1vna in\u0161tal\u00e1cia je k\u013e\u00fa\u010dov\u00e1 pre zabezpe\u010denie optim\u00e1lneho v\u00fdkonu a dlhej \u017eivotnosti valca. Na upevnenie valca sa odpor\u00fa\u010da pou\u017ei\u0165 vhodn\u00e9 mont\u00e1\u017ene konzoly. Odpor\u00fa\u010dan\u00e9 postupy kontroly, opravy a v\u00fdmeny m\u00f4\u017eu pred\u013a\u017ei\u0165 \u017eivotnos\u0165 valca.<\/p>\n<p><img decoding=\"async\" src=\"https:\/\/www.hydraulic-cylinders.net\/wp-content\/uploads\/2025\/01\/songte-chushion-collar.webp\"><\/p>\n<h3>Bezpe\u010dnos\u0165 a \u017eivotn\u00e9 prostredie<\/h3>\n<p>Valce s ko\u0161\u00edkom by sa mali pou\u017e\u00edva\u0165 s n\u00e1le\u017eit\u00fdmi bezpe\u010dnostn\u00fdmi opatreniami, aby sa predi\u0161lo nehod\u00e1m. Je nevyhnutn\u00e9 dodr\u017eiava\u0165 bezpe\u010dnostn\u00e9 pokyny a pou\u017e\u00edva\u0165 bezpe\u010dn\u00e9 techniky manipul\u00e1cie, aby sa predi\u0161lo zraneniu alebo po\u0161kodeniu pri pou\u017e\u00edvan\u00ed valca. Pri pou\u017e\u00edvan\u00ed valcov s ko\u0161\u00edkom by sa mali zv\u00e1\u017ei\u0165 aj faktory prostredia, ako je hlukov\u00e9 zne\u010distenie a nakladanie s odpadom.<\/p>\n<h3>Be\u017en\u00e9 probl\u00e9my a ich rie\u0161enie<\/h3>\n<p>Medzi be\u017en\u00e9 probl\u00e9my, ktor\u00e9 sa m\u00f4\u017eu vyskytn\u00fa\u0165 s valcami vedra, patria netesnosti, n\u00edzky tlak a nezvy\u010dajn\u00e9 zvuky. Rie\u0161enie t\u00fdchto probl\u00e9mov m\u00f4\u017ee zah\u0155\u0148a\u0165 kontrolu, kalibr\u00e1ciu a v\u00fdmenu po\u0161koden\u00fdch komponentov. Pravideln\u00e1 prevent\u00edvna \u00fadr\u017eba m\u00f4\u017ee pom\u00f4c\u0165 predch\u00e1dza\u0165 potenci\u00e1lnym probl\u00e9mom.<\/p>\n<p><img decoding=\"async\" src=\"https:\/\/www.hydraulic-cylinders.net\/wp-content\/uploads\/2025\/01\/songte-bushings-with-all-kinds-of-excavator-models.webp\"><\/p>\n<h2>Na\u0161a spolo\u010dnos\u0165<\/h2>\n<p>Sme v\u00fdrobca hydraulick\u00fdch valcov, ktor\u00fd pon\u00faka kompletn\u00fd sortiment produktov. Stali sme sa jedn\u00fdm z popredn\u00fdch v\u00fdrobcov a ve\u013ekoobchodn\u00fdch distrib\u00fatorov hydraulick\u00fdch valcov na dom\u00e1com aj medzin\u00e1rodnom trhu. Riadime sa princ\u00edpom vynikaj\u00facej kvality a spoliehame sa na strat\u00e9giu industrializovan\u00e9ho riadenia v\u00fdroby so sofistikovan\u00fdmi v\u00fdrobn\u00fdmi diel\u0148ami. Pou\u017e\u00edvan\u00edm vysoko pokro\u010dil\u00fdch digit\u00e1lnych v\u00fdrobn\u00fdch zariaden\u00ed, profesion\u00e1lneho testovacieho syst\u00e9mu a sk\u00fasen\u00e9ho technick\u00e9ho person\u00e1lu neust\u00e1le zlep\u0161ujeme na\u0161e v\u00fdrobn\u00e9 platformy a v\u00fdrobn\u00e9 linky zameran\u00e9 na kvalitu produktov. V\u010faka tomu sme vysoko efekt\u00edvni, presn\u00ed a kvalitn\u00ed, aby sme lep\u0161ie uspokojili rozmanit\u00e9 potreby na\u0161ich z\u00e1kazn\u00edkov.<\/p>\n<h3>Profesionalita<\/h3>\n<p>Na\u0161a spolo\u010dnos\u0165 sa zav\u00e4zuje udr\u017eiava\u0165 najvy\u0161\u0161iu \u00farove\u0148 profesionality vo v\u0161etk\u00fdch aspektoch n\u00e1\u0161ho podnikania. Vo v\u0161etk\u00fdch na\u0161ich vz\u0165ahoch so z\u00e1kazn\u00edkmi, dod\u00e1vate\u013emi a partnermi dodr\u017eiavame z\u00e1sady \u010destnosti, integrity a etick\u00e9ho spr\u00e1vania.<\/p>\n<h3>Medzin\u00e1rodn\u00e1 certifik\u00e1cia<\/h3>\n<p>Na\u0161e produkty s\u00fa certifikovan\u00e9 pod\u013ea najvy\u0161\u0161\u00edch medzin\u00e1rodn\u00fdch \u0161tandardov vr\u00e1tane ISO9001, CE a TUV. Zaviazali sme sa poskytova\u0165 z\u00e1kazn\u00edkom produkty najvy\u0161\u0161ej kvality, ktor\u00e9 sp\u013a\u0148aj\u00fa ich potreby.<\/p>\n<h3>Slu\u017eby prisp\u00f4sobenia<\/h3>\n<p>Pon\u00fakame slu\u017eby prisp\u00f4sobenia, ktor\u00e9 je mo\u017en\u00e9 prisp\u00f4sobi\u0165 \u0161pecifick\u00fdm potreb\u00e1m na\u0161ich z\u00e1kazn\u00edkov. Dok\u00e1\u017eeme doda\u0165 hydraulick\u00e9 valce na mieru, ktor\u00e9 sp\u013a\u0148aj\u00fa \u0161pecifick\u00e9 po\u017eiadavky ich aplik\u00e1ci\u00ed.<\/p>\n<h3>V\u00fdrobn\u00e9 zariadenia<\/h3>\n<p>Na v\u00fdrobu na\u0161ich hydraulick\u00fdch valcov pou\u017e\u00edvame vysoko pokro\u010dil\u00e9 digit\u00e1lne v\u00fdrobn\u00e9 zariadenia. Na\u0161e v\u00fdrobn\u00e9 zariadenia zah\u0155\u0148aj\u00fa CNC stroje, obr\u00e1bacie stroje na kov, automatick\u00e9 zv\u00e1racie zariadenia a testovacie zariadenia. Zaviazali sme sa k pou\u017e\u00edvaniu najnov\u0161\u00edch technol\u00f3gi\u00ed na v\u00fdrobu vysoko kvalitn\u00fdch produktov.<\/p>\n<h3>Popredajn\u00fd servis<\/h3>\n<p>Poskytujeme popredajn\u00e9 slu\u017eby, ktor\u00e9 zah\u0155\u0148aj\u00fa technick\u00fa podporu, \u00fadr\u017ebu produktov a oprav\u00e1rensk\u00e9 slu\u017eby. Zaviazali sme sa k tomu, aby na\u0161i z\u00e1kazn\u00edci dostali najvy\u0161\u0161iu \u00farove\u0148 podpory a pomoci.<\/p>\n<p><img decoding=\"async\" src=\"https:\/\/hzpt.com\/wp-content\/uploads\/2024\/11\/songte-company-1.webp\"><\/p>\n<p>Autor: lyl.<\/p>","protected":false},"excerpt":{"rendered":"<p>Bucket Cylinder For Lonking Small Excavator LG6065 Introduction Defining Bucket Cylinder A bucket cylinder is a specially-designed hydraulic cylinder used primarily to control the movement of the bucket in heavy machinery such as excavators, backhoes, and front-end loaders. Its main function is to enable the bucket to lift, lower, and tilt, making it easier to [&hellip;]<\/p>","protected":false},"featured_media":14773,"comment_status":"open","ping_status":"closed","template":"","meta":{"_et_pb_use_builder":"","_et_pb_old_content":"","_et_gb_content_width":""},"product_brand":[],"product_cat":[1494],"product_tag":[1495,1496],"class_list":{"0":"post-15606","1":"product","2":"type-product","3":"status-publish","4":"has-post-thumbnail","6":"product_cat-bucket-cylinders","7":"product_tag-bucket-cylinders","8":"product_tag-hydraulic-cylinders","10":"first","11":"instock","12":"shipping-taxable","13":"product-type-simple"},"amp_enabled":true,"_links":{"self":[{"href":"https:\/\/www.hydraulic-cylinders.net\/sk\/wp-json\/wp\/v2\/product\/15606","targetHints":{"allow":["GET"]}}],"collection":[{"href":"https:\/\/www.hydraulic-cylinders.net\/sk\/wp-json\/wp\/v2\/product"}],"about":[{"href":"https:\/\/www.hydraulic-cylinders.net\/sk\/wp-json\/wp\/v2\/types\/product"}],"replies":[{"embeddable":true,"href":"https:\/\/www.hydraulic-cylinders.net\/sk\/wp-json\/wp\/v2\/comments?post=15606"}],"wp:featuredmedia":[{"embeddable":true,"href":"https:\/\/www.hydraulic-cylinders.net\/sk\/wp-json\/wp\/v2\/media\/14773"}],"wp:attachment":[{"href":"https:\/\/www.hydraulic-cylinders.net\/sk\/wp-json\/wp\/v2\/media?parent=15606"}],"wp:term":[{"taxonomy":"product_brand","embeddable":true,"href":"https:\/\/www.hydraulic-cylinders.net\/sk\/wp-json\/wp\/v2\/product_brand?post=15606"},{"taxonomy":"product_cat","embeddable":true,"href":"https:\/\/www.hydraulic-cylinders.net\/sk\/wp-json\/wp\/v2\/product_cat?post=15606"},{"taxonomy":"product_tag","embeddable":true,"href":"https:\/\/www.hydraulic-cylinders.net\/sk\/wp-json\/wp\/v2\/product_tag?post=15606"}],"curies":[{"name":"pracovn\u00fd list","href":"https:\/\/api.w.org\/{rel}","templated":true}]}}