{"id":15607,"date":"2025-01-19T14:44:32","date_gmt":"2025-01-19T14:44:32","guid":{"rendered":"https:\/\/www.hydraulic-cylinders.net\/product\/bucket-cylinder-for-lonking-small-excavator-lg6075\/"},"modified":"2025-01-19T14:44:34","modified_gmt":"2025-01-19T14:44:34","slug":"bucket-cylinder-for-lonking-small-excavator-lg6075","status":"publish","type":"product","link":"https:\/\/www.hydraulic-cylinders.net\/sk\/produkt\/bucket-cylinder-for-lonking-small-excavator-lg6075\/","title":{"rendered":"Valec vedra pre mal\u00e9 r\u00fdpadlo Lonking LG6075"},"content":{"rendered":"<p><!DOCTYPE html><br \/>\n<html><br \/>\n<head><br \/>\n<title>Valec vedra pre mal\u00e9 r\u00fdpadlo Lonking LG6075<\/title><br \/>\n<\/head><br \/>\n<body><\/p>\n<h1>Valec vedra pre mal\u00e9 r\u00fdpadlo Lonking LG6075<\/h1>\n<h2>\u00davod<\/h2>\n<p>Hydraulick\u00fd valec ly\u017eice je \u0161peci\u00e1lne navrhnut\u00fd hydraulick\u00fd valec pou\u017e\u00edvan\u00fd na ovl\u00e1danie pohybu ly\u017eice v \u0165a\u017ek\u00fdch strojoch, ako s\u00fa bagre, r\u00fdpadlo-naklada\u010de a \u010deln\u00e9 naklada\u010de. Jeho hlavnou funkciou je umo\u017eni\u0165 zdv\u00edhanie, sp\u00fa\u0161\u0165anie a nakl\u00e1\u0148anie ly\u017eice, \u010do u\u013eah\u010duje r\u00f4zne \u00falohy manipul\u00e1cie s materi\u00e1lom. V hydraulickom syst\u00e9me dosahuje valec ly\u017eice presn\u00e9 ovl\u00e1danie ly\u017eice vyu\u017eit\u00edm zmien tlaku v hydraulickom oleji, \u010do umo\u017e\u0148uje obsluhe efekt\u00edvne manipulova\u0165 s \u0165a\u017ek\u00fdmi bremenami a prisp\u00f4sobi\u0165 sa zlo\u017eit\u00fdm pracovn\u00fdm prostrediam a r\u00f4znorod\u00fdm po\u017eiadavk\u00e1m pr\u00e1ce.<\/p>\n<p><img decoding=\"async\" src=\"https:\/\/www.hydraulic-cylinders.net\/wp-content\/uploads\/2025\/01\/songte-company-2.webp\"><\/p>\n<h2>Funkcie<\/h2>\n<ul>\n<li>Vysok\u00e1 pevnos\u0165 a odolnos\u0165: Zvy\u010dajne vyroben\u00e9 z vysokopevnostnej ocele alebo hlin\u00edka, schopn\u00e9 odol\u00e1va\u0165 vysok\u00e9mu tlaku a \u0165a\u017ek\u00fdm za\u0165a\u017eeniam, prisp\u00f4sobite\u013en\u00e9 n\u00e1ro\u010dn\u00fdm pracovn\u00fdm podmienkam a navrhnut\u00e9 s oh\u013eadom na odolnos\u0165 vo\u010di opotrebovaniu a kor\u00f3zii, aby sa pred\u013a\u017eila \u017eivotnos\u0165.<\/li>\n<li>Efekt\u00edvna hydraulick\u00e1 prev\u00e1dzka: Vyu\u017e\u00edva tlak hydraulick\u00e9ho oleja na dosiahnutie plynul\u00e9ho vys\u00favania a zas\u00favania, dok\u00e1\u017ee r\u00fdchlo reagova\u0165 na ovl\u00e1dacie povely a poskytuje siln\u00e9 tla\u010dn\u00e9 a \u0165a\u017en\u00e9 sily vhodn\u00e9 na manipul\u00e1ciu s \u0165a\u017ek\u00fdmi bremenami a zlo\u017eit\u00fdmi \u00falohami.<\/li>\n<li>R\u00f4zne typy: Dostupn\u00e9 s jedno\u010dinn\u00fdmi (hydraulick\u00fd tlak pou\u017e\u00edvan\u00fd iba v jednom smere) alebo dvoj\u010dinn\u00fdmi (hydraulick\u00fd tlak pou\u017e\u00edvan\u00fd v oboch smeroch) valcami, \u010do umo\u017e\u0148uje r\u00f4zne prev\u00e1dzkov\u00e9 po\u017eiadavky. Niektor\u00e9 modely s\u00fa teleskopick\u00e9, \u010do umo\u017e\u0148uje v\u00e4\u010d\u0161ie vysunutie bez zv\u00e4\u010d\u0161enia vonkaj\u0161\u00edch rozmerov, vhodn\u00e9 pre aplik\u00e1cie s obmedzen\u00fdm priestorom.<\/li>\n<li>Dokonal\u00e1 n\u00e1hrada: Na\u0161e produkty dok\u00e1\u017eu dokonale nahradi\u0165 tieto hydraulick\u00e9 valce.<\/li>\n<\/ul>\n<p><img decoding=\"async\" src=\"https:\/\/www.hydraulic-cylinders.net\/wp-content\/uploads\/2025\/01\/songte-cylinder-head-with-all-kinds-excavator-models.webp\"><\/p>\n<h2>Aplik\u00e1cie<\/h2>\n<p>Valec s ko\u0161\u00edkom nach\u00e1dza uplatnenie v r\u00f4znych zariadeniach:<\/p>\n<ul>\n<li>Stavebn\u00e9 stroje: Nach\u00e1dzaj\u00fa sa v bagroch a s\u00fa k\u013e\u00fa\u010dov\u00e9 pre v\u00fdkopov\u00e9 pr\u00e1ce, nakladanie a premiest\u0148ovanie zeminy alebo sutiny. V r\u00fdpadlo-naklada\u010doch pom\u00e1ha valec ly\u017eice pri kopan\u00ed aj zdv\u00edhan\u00ed.<\/li>\n<li>Po\u013enohospod\u00e1rske stroje: Pou\u017e\u00edvaj\u00fa sa v \u010deln\u00fdch naklada\u010doch na naberanie, zdv\u00edhanie a prepravu p\u00f4dy, sena a in\u00fdch materi\u00e1lov.<\/li>\n<li>R\u00fdpadl\u00e1: Valec ly\u017eice umo\u017e\u0148uje kopanie t\u00fdm, \u017ee umo\u017e\u0148uje ly\u017eici prenikn\u00fa\u0165 do p\u00f4dy.<\/li>\n<li>Naklada\u010de: V \u010deln\u00fdch naklada\u010doch pom\u00e1haj\u00fa pri efekt\u00edvnom zdv\u00edhan\u00ed a vykladan\u00ed tovaru.<\/li>\n<\/ul>\n<h2>\u00davahy o dizajne a krit\u00e9ri\u00e1 v\u00fdberu<\/h2>\n<p>Pokia\u013e ide o dizajnov\u00e9 aspekty, je potrebn\u00e9 zv\u00e1\u017ei\u0165 nieko\u013eko k\u013e\u00fa\u010dov\u00fdch faktorov:<\/p>\n<ul>\n<li>Nosnos\u0165: Valec vedra by mal by\u0165 navrhnut\u00fd tak, aby odolal zam\u00fd\u0161\u013ean\u00e9mu za\u0165a\u017eeniu a nam\u00e1haniu.<\/li>\n<li>Tesnenie: Na zabezpe\u010denie \u00fa\u010dinn\u00e9ho utesnenia sa pou\u017e\u00edvaj\u00fa r\u00f4zne typy tesnen\u00ed, ako s\u00fa tesnenia piestov a tesnenia ty\u010d\u00ed, vyroben\u00e9 z materi\u00e1lov odoln\u00fdch vo\u010di opotrebovaniu, ako je polyuret\u00e1n a nitrilov\u00fd kau\u010duk. Teleso valca a z\u00e1vitov\u00e9 koncov\u00e9 povrchy s\u00fa jemne upraven\u00e9 pre zv\u00fd\u0161enie odolnosti vo\u010di opotrebovaniu.<\/li>\n<li>Trvanlivos\u0165: Valec vedra by mal by\u0165 navrhnut\u00fd tak, aby odolal o\u010dak\u00e1van\u00fdm prev\u00e1dzkov\u00fdm podmienkam a zabr\u00e1nil pred\u010dasn\u00e9mu zlyhaniu.<\/li>\n<li>Bezpe\u010dnos\u0165: Do n\u00e1vrhu by mali by\u0165 zabudovan\u00e9 bezpe\u010dnostn\u00e9 prvky, aby sa predi\u0161lo nehod\u00e1m po\u010das prev\u00e1dzky.<\/li>\n<li>\u00dadr\u017eba: Mali by sa zv\u00e1\u017ei\u0165 opatrenia na u\u013eah\u010denie \u00fadr\u017eby a opravy valca vedra.<\/li>\n<\/ul>\n<p><img decoding=\"async\" src=\"https:\/\/www.hydraulic-cylinders.net\/wp-content\/uploads\/2025\/01\/songte-oil-pipes-and-spare-parts.webp\"><\/p>\n<h2>Tesnenie a mazanie<\/h2>\n<p>V valci vedra sa pou\u017e\u00edvaj\u00fa r\u00f4zne typy tesnen\u00ed, ako s\u00fa piestne tesnenia a tesnenia ty\u010d\u00ed, vyroben\u00e9 z materi\u00e1lov odoln\u00fdch vo\u010di opotrebovaniu, ako je polyuret\u00e1n a nitrilov\u00fd kau\u010duk. Teleso valca a z\u00e1vitov\u00e9 koncov\u00e9 plochy s\u00fa jemne o\u0161etren\u00e9 pre zv\u00fd\u0161enie odolnosti vo\u010di opotrebovaniu. Na zabezpe\u010denie hladk\u00e9ho chodu je potrebn\u00e9 pravideln\u00e9 mazanie vhodn\u00fdm mno\u017estvom hydraulick\u00e9ho oleja.<\/p>\n<h2>\u00dadr\u017eba a prevent\u00edvne opatrenia<\/h2>\n<p>Pravideln\u00e9 kontroly a prevent\u00edvna \u00fadr\u017eba s\u00fa k\u013e\u00fa\u010dov\u00e9 pre zabezpe\u010denie optim\u00e1lneho v\u00fdkonu a dlhej \u017eivotnosti valca s vedrom. Medzi odpor\u00fa\u010dan\u00e9 opatrenia patria:<\/p>\n<ul>\n<li>Pravideln\u00e9 kontroly: Skontrolujte, \u010di nevykazuj\u00fa zn\u00e1mky opotrebovania, po\u0161kodenia alebo \u00faniku.<\/li>\n<li>Spr\u00e1vne mazanie: Dodr\u017eiavajte odpor\u00fa\u010dan\u00e9 postupy mazania, aby ste zabezpe\u010dili hladk\u00fd chod.<\/li>\n<li>V\u00fdmena tesnen\u00ed a kontroly kalibr\u00e1cie: Vyme\u0148te opotrebovan\u00e9 tesnenia a vykonajte kontroly kalibr\u00e1cie, aby ste udr\u017eali optim\u00e1lny v\u00fdkon.<\/li>\n<\/ul>\n<p><img decoding=\"async\" src=\"https:\/\/www.hydraulic-cylinders.net\/wp-content\/uploads\/2025\/01\/songte-chushion-collar.webp\"><\/p>\n<h2>Bezpe\u010dnostn\u00e9 aspekty a faktory prostredia<\/h2>\n<p>Zabezpe\u010denie bezpe\u010dnostn\u00fdch opatren\u00ed pri pou\u017e\u00edvan\u00ed valcov s vedrovou kon\u0161trukciou je nanajv\u00fd\u0161 d\u00f4le\u017eit\u00e9. Mali by sa prija\u0165 primeran\u00e9 bezpe\u010dnostn\u00e9 opatrenia, aby sa predi\u0161lo nehod\u00e1m a zraneniam. Okrem toho by sa mali zv\u00e1\u017ei\u0165 faktory prostredia, ako je spr\u00e1vna likvid\u00e1cia hydraulick\u00e9ho oleja a dodr\u017eiavanie environment\u00e1lnych predpisov.<\/p>\n<h2>Rie\u0161enie probl\u00e9mov a be\u017en\u00e9 probl\u00e9my<\/h2>\n<p>Pri probl\u00e9moch s valcom vedra je d\u00f4le\u017eit\u00e9 presne diagnostikova\u0165 probl\u00e9m. Medzi be\u017en\u00e9 probl\u00e9my patr\u00ed netesnos\u0165, nedostato\u010dn\u00e1 sila alebo abnorm\u00e1lne pohyby. Mali by sa poskytn\u00fa\u0165 tipy a rie\u0161enia probl\u00e9mov, ktor\u00e9 \u010ditate\u013eom pom\u00f4\u017eu efekt\u00edvne diagnostikova\u0165 a vyrie\u0161i\u0165 probl\u00e9my. Mali by sa tie\u017e navrhn\u00fa\u0165 prevent\u00edvne opatrenia na minimaliz\u00e1ciu potenci\u00e1lnych probl\u00e9mov.<\/p>\n<p><img decoding=\"async\" src=\"https:\/\/www.hydraulic-cylinders.net\/wp-content\/uploads\/2025\/01\/songte-bushings-with-all-kinds-of-excavator-models.webp\"><\/p>\n<h2>Z\u00e1ver<\/h2>\n<p>Z\u00e1verom mo\u017eno poveda\u0165, \u017ee valec ly\u017eice pre mal\u00e9 r\u00fdpadlo Lonking LG6075 je k\u013e\u00fa\u010dov\u00fdm komponentom na riadenie pohybov ly\u017eice v \u0165a\u017ek\u00fdch strojoch. Pon\u00faka vysok\u00fa pevnos\u0165, odolnos\u0165, efekt\u00edvnu hydraulick\u00fa prev\u00e1dzku a r\u00f4zne mo\u017enosti pou\u017eitia. Spr\u00e1vne kon\u0161truk\u010dn\u00e9 \u00favahy, tesnenie, mazanie, \u00fadr\u017eba a bezpe\u010dnostn\u00e9 opatrenia s\u00fa nevyhnutn\u00e9 pre optim\u00e1lny v\u00fdkon a dlh\u00fa \u017eivotnos\u0165. Na\u0161a spolo\u010dnos\u0165 sa \u0161pecializuje na v\u00fdrobu n\u00e1hradn\u00fdch hydraulick\u00fdch valcov a je popredn\u00fdm v\u00fdrobcom a distrib\u00fatorom na dom\u00e1com aj medzin\u00e1rodnom trhu. Uprednost\u0148ujeme vynikaj\u00facu kvalitu, vyu\u017e\u00edvame modern\u00e9 v\u00fdrobn\u00e9 zariadenia a profesion\u00e1lne testovacie syst\u00e9my, aby sme splnili rozmanit\u00e9 potreby z\u00e1kazn\u00edkov. S d\u00f4razom na efekt\u00edvnos\u0165, presnos\u0165 a kvalitu s\u00fa na\u0161e produkty navrhnut\u00e9 tak, aby prekonali o\u010dak\u00e1vania z\u00e1kazn\u00edkov.<\/p>\n<p><img decoding=\"async\" src=\"https:\/\/hzpt.com\/wp-content\/uploads\/2024\/11\/songte-company-1.webp\"><\/p>\n<h2>O na\u0161ej spolo\u010dnosti<\/h2>\n<p>Na\u0161a spolo\u010dnos\u0165 je v\u00fdrobcom n\u00e1hradn\u00fdch hydraulick\u00fdch valcov a pon\u00faka \u0161irok\u00fd sortiment produktov. Stali sme sa jedn\u00fdm z popredn\u00fdch v\u00fdrobcov a ve\u013ekoobchodn\u00fdch distrib\u00fatorov hydraulick\u00fdch valcov na dom\u00e1com aj medzin\u00e1rodnom trhu. Dodr\u017eiavame z\u00e1sady vynikaj\u00facej kvality a v na\u0161ej najmodernej\u0161ej v\u00fdrobnej dielni vyu\u017e\u00edvame strat\u00e9gie riadenia priemyselnej v\u00fdroby. So zameran\u00edm na technologick\u00e9 talenty, pokro\u010dil\u00e9 digit\u00e1lne v\u00fdrobn\u00e9 zariadenia a profesion\u00e1lne testovacie syst\u00e9my neust\u00e1le zlep\u0161ujeme na\u0161u v\u00fdrobn\u00fa platformu a v\u00fdrobn\u00e9 linky zameran\u00e9 na kvalitu produktov. M\u00e1me siln\u00e9 kreat\u00edvne schopnosti a na\u0161e z\u00e1sady vysokej efektivity, presnosti a kvality n\u00e1m umo\u017e\u0148uj\u00fa uspokoji\u0165 rozmanit\u00e9 potreby z\u00e1kazn\u00edkov. Poskytujeme profesionalitu, medzin\u00e1rodn\u00e9 certifik\u00e1cie, prisp\u00f4soben\u00e9 slu\u017eby, modern\u00e9 v\u00fdrobn\u00e9 zariadenia a vynikaj\u00faci popredajn\u00fd servis.<\/p>\n<p><img decoding=\"async\" src=\"https:\/\/www.hydraulic-cylinders.net\/wp-content\/uploads\/2025\/01\/songte-company-3.webp\"><\/p>\n<p>Autor: lyl<\/p>\n<p><\/body><br \/>\n<\/html><\/p>","protected":false},"excerpt":{"rendered":"<p>Bucket Cylinder For Lonking Small Excavator LG6075 Bucket Cylinder For Lonking Small Excavator LG6075 Introduction The bucket cylinder is a specially designed hydraulic cylinder used to control the movement of the bucket in heavy machinery such as excavators, backhoe loaders, and front loaders. Its main function is to enable the lifting, lowering, and tilting of [&hellip;]<\/p>","protected":false},"featured_media":14771,"comment_status":"open","ping_status":"closed","template":"","meta":{"_et_pb_use_builder":"","_et_pb_old_content":"","_et_gb_content_width":""},"product_brand":[],"product_cat":[1494],"product_tag":[1495,1496],"class_list":{"0":"post-15607","1":"product","2":"type-product","3":"status-publish","4":"has-post-thumbnail","6":"product_cat-bucket-cylinders","7":"product_tag-bucket-cylinders","8":"product_tag-hydraulic-cylinders","10":"first","11":"instock","12":"shipping-taxable","13":"product-type-simple"},"amp_enabled":true,"_links":{"self":[{"href":"https:\/\/www.hydraulic-cylinders.net\/sk\/wp-json\/wp\/v2\/product\/15607","targetHints":{"allow":["GET"]}}],"collection":[{"href":"https:\/\/www.hydraulic-cylinders.net\/sk\/wp-json\/wp\/v2\/product"}],"about":[{"href":"https:\/\/www.hydraulic-cylinders.net\/sk\/wp-json\/wp\/v2\/types\/product"}],"replies":[{"embeddable":true,"href":"https:\/\/www.hydraulic-cylinders.net\/sk\/wp-json\/wp\/v2\/comments?post=15607"}],"wp:featuredmedia":[{"embeddable":true,"href":"https:\/\/www.hydraulic-cylinders.net\/sk\/wp-json\/wp\/v2\/media\/14771"}],"wp:attachment":[{"href":"https:\/\/www.hydraulic-cylinders.net\/sk\/wp-json\/wp\/v2\/media?parent=15607"}],"wp:term":[{"taxonomy":"product_brand","embeddable":true,"href":"https:\/\/www.hydraulic-cylinders.net\/sk\/wp-json\/wp\/v2\/product_brand?post=15607"},{"taxonomy":"product_cat","embeddable":true,"href":"https:\/\/www.hydraulic-cylinders.net\/sk\/wp-json\/wp\/v2\/product_cat?post=15607"},{"taxonomy":"product_tag","embeddable":true,"href":"https:\/\/www.hydraulic-cylinders.net\/sk\/wp-json\/wp\/v2\/product_tag?post=15607"}],"curies":[{"name":"pracovn\u00fd list","href":"https:\/\/api.w.org\/{rel}","templated":true}]}}