{"id":15611,"date":"2025-01-19T14:44:47","date_gmt":"2025-01-19T14:44:47","guid":{"rendered":"https:\/\/www.hydraulic-cylinders.net\/product\/bucket-cylinder-for-lonking-small-excavator-lg6150\/"},"modified":"2025-01-19T14:44:49","modified_gmt":"2025-01-19T14:44:49","slug":"bucket-cylinder-for-lonking-small-excavator-lg6150","status":"publish","type":"product","link":"https:\/\/www.hydraulic-cylinders.net\/sk\/produkt\/bucket-cylinder-for-lonking-small-excavator-lg6150\/","title":{"rendered":"Valec vedra pre mal\u00e9 r\u00fdpadlo Lonking LG6150"},"content":{"rendered":"<h1>Valec vedra pre mal\u00e9 r\u00fdpadlo Lonking LG6150<\/h1>\n<h2>\u00davod<\/h2>\n<p>Hydraulick\u00fd valec ly\u017eice pre mal\u00e9 r\u00fdpadl\u00e1 Lonking LG6150 je navrhnut\u00fd \u0161peci\u00e1lne pre hydraulick\u00e9 valce, ktor\u00e9 ovl\u00e1daj\u00fa pohyb ly\u017eice v \u0165a\u017ek\u00fdch strojoch, ako s\u00fa r\u00fdpadl\u00e1, r\u00fdpadl\u00e1-naklada\u010de a \u010deln\u00e9 naklada\u010de. Jeho hlavnou funkciou je u\u013eah\u010di\u0165 zdv\u00edhanie, sp\u00fa\u0161\u0165anie a nakl\u00e1\u0148anie ly\u017eice, \u010do u\u013eah\u010duje manipul\u00e1ciu s r\u00f4znymi materi\u00e1lov\u00fdmi \u00falohami. V hydraulickom syst\u00e9me valec ly\u017eice presne ovl\u00e1da ly\u017eicu pomocou zmien tlaku hydraulick\u00e9ho oleja, \u010do umo\u017e\u0148uje obsluhe efekt\u00edvne manipulova\u0165 s \u0165a\u017ek\u00fdmi materi\u00e1lmi, prisp\u00f4sobi\u0165 sa zlo\u017eit\u00fdm pracovn\u00fdm prostrediam a sp\u013a\u0148a\u0165 r\u00f4zne prev\u00e1dzkov\u00e9 po\u017eiadavky.<\/p>\n<p><img loading=\"lazy\" decoding=\"async\" src=\"https:\/\/www.hydraulic-cylinders.net\/wp-content\/uploads\/2025\/01\/songte-company-2.webp\" alt=\"Valec vedra pre mal\u00e9 r\u00fdpadlo Lonking LG6150\" width=\"500\" height=\"333\"><\/p>\n<h2>Funkcie<\/h2>\n<ul>\n<li>Vysok\u00e1 pevnos\u0165 a odolnos\u0165: zvy\u010dajne vyroben\u00e9 z vysokopevnostnej ocele alebo hlin\u00edka, schopn\u00e9 odol\u00e1va\u0165 vysok\u00e9mu tlaku a \u0165a\u017ek\u00fdm za\u0165a\u017eeniam, prisp\u00f4sobi\u0165 sa n\u00e1ro\u010dn\u00fdm pracovn\u00fdm podmienkam a navrhnut\u00e9 s odolnos\u0165ou vo\u010di opotrebovaniu a kor\u00f3zii pre pred\u013a\u017eenie \u017eivotnosti.<\/li>\n<li>Efekt\u00edvna hydraulick\u00e1 prev\u00e1dzka: plynul\u00fd teleskopick\u00fd pohyb pomocou tlaku hydraulick\u00e9ho oleja, schopn\u00fd r\u00fdchlo reagova\u0165 na ovl\u00e1dacie povely, poskytuj\u00faci siln\u00e9 tla\u010dn\u00e9 a \u0165a\u017en\u00e9 sily, vhodn\u00fd na manipul\u00e1ciu s \u0165a\u017ek\u00fdmi predmetmi a zlo\u017eit\u00e9 prev\u00e1dzkov\u00e9 \u00falohy.<\/li>\n<li>R\u00f4zne typy: jedno\u010dinn\u00e9 (hydraulick\u00e9 iba v jednom smere) alebo dvoj\u010dinn\u00e9 (hydraulick\u00e9 v oboch smeroch) valce je mo\u017en\u00e9 vybra\u0165 pod\u013ea potrieb, aby sa splnili r\u00f4zne prev\u00e1dzkov\u00e9 po\u017eiadavky. Niektor\u00e9 modely s\u00fa teleskopick\u00e9, \u010do umo\u017e\u0148uje v\u00e4\u010d\u0161ie vysunutie bez zv\u00e4\u010d\u0161enia vonkaj\u0161\u00edch rozmerov, vhodn\u00e9 pre aplik\u00e1cie v obmedzenom priestore.<\/li>\n<li>Jednoduch\u00e1 in\u0161tal\u00e1cia: n\u00e1\u0161 produkt dok\u00e1\u017ee dokonale nahradi\u0165 tieto hydraulick\u00e9 valce.<\/li>\n<\/ul>\n<p><img loading=\"lazy\" decoding=\"async\" src=\"https:\/\/www.hydraulic-cylinders.net\/wp-content\/uploads\/2025\/01\/songte-cylinder-head-with-all-kinds-excavator-models.webp\" alt=\"Valec vedra pre mal\u00e9 r\u00fdpadlo Lonking LG6150\" width=\"500\" height=\"333\"><\/p>\n<h2>Aplik\u00e1cie<\/h2>\n<p>Valce kor\u010deka s\u00fa nevyhnutn\u00e9 pre stavebn\u00e9 stroje, ako s\u00fa bagre, r\u00fdpadl\u00e1-naklada\u010de a \u010deln\u00e9 naklada\u010de. Pou\u017e\u00edvaj\u00fa sa na kopanie, nakladanie a premiest\u0148ovanie zeminy alebo sutiny. Valce kor\u010deka pom\u00e1haj\u00fa zdv\u00edha\u0165 kor\u010dek a pom\u00e1haj\u00fa pri v\u00fdkopov\u00fdch pr\u00e1cach pre r\u00fdpadl\u00e1-naklada\u010de. V \u010deln\u00fdch naklada\u010doch pom\u00e1haj\u00fa efekt\u00edvne zdv\u00edha\u0165 a vyklada\u0165 n\u00e1klad. V po\u013enohospod\u00e1rskych strojoch sa pou\u017e\u00edvaj\u00fa pre \u010deln\u00e9 naklada\u010de, na naberanie, zdv\u00edhanie a prepravu zeminy, sena a in\u00fdch materi\u00e1lov. V r\u00fdpadl\u00e1ch umo\u017e\u0148uje valec kor\u010deka kor\u010deku prenikn\u00fa\u0165 do p\u00f4dy pri v\u00fdkopov\u00fdch pr\u00e1cach.<\/p>\n<h3>Stavebn\u00e9 stroje<\/h3>\n<p>V bagroch s\u00fa nevyhnutn\u00e9 na kopanie, nakladanie a premiest\u0148ovanie zeminy alebo sutiny. V r\u00fdpadlo-naklada\u010doch pom\u00e1haj\u00fa valce ko\u0161\u00edka zdv\u00edha\u0165 ko\u0161\u00ed\u010dek a pom\u00e1haj\u00fa pri v\u00fdkopov\u00fdch pr\u00e1cach. V \u010deln\u00fdch naklada\u010doch pom\u00e1haj\u00fa efekt\u00edvne zdv\u00edha\u0165 a vyklada\u0165 n\u00e1klad.<\/p>\n<h3>Po\u013enohospod\u00e1rske stroje<\/h3>\n<p>Pou\u017e\u00edva sa pre \u010deln\u00e9 naklada\u010de, naberanie, zdv\u00edhanie a prepravu p\u00f4dy, sena a in\u00fdch materi\u00e1lov.<\/p>\n<h2>\u00davahy o dizajne a krit\u00e9ri\u00e1 v\u00fdberu<\/h2>\n<p>Pri zva\u017eovan\u00ed kon\u0161trukcie valcov s kore\u010dkami by sa mali zoh\u013eadni\u0165 k\u013e\u00fa\u010dov\u00e9 faktory, ako je nosnos\u0165, tesniaca schopnos\u0165, trvanlivos\u0165, bezpe\u010dnos\u0165 a \u00fadr\u017eba. Valce s kore\u010dkami s\u00fa vyroben\u00e9 z vysokopevnostn\u00fdch materi\u00e1lov, ako je oce\u013e alebo hlin\u00edk, a odol\u00e1vaj\u00fa vysok\u00fdm tlakom a \u0165a\u017ek\u00fdm za\u0165a\u017eeniam, v\u010faka \u010domu s\u00fa odoln\u00e9 a vhodn\u00e9 do n\u00e1ro\u010dn\u00fdch pracovn\u00fdch prostred\u00ed. Mali by sa vybra\u0165 tesniace komponenty, ako s\u00fa piestne tesnenia a tesnenia ty\u010d\u00ed, vyroben\u00e9 z materi\u00e1lov odoln\u00fdch vo\u010di opotrebovaniu, ako je polyuret\u00e1n alebo nitrilov\u00e1 guma. Teleso valca a z\u00e1vitov\u00e9 koncov\u00e9 plochy s\u00fa jemne opracovan\u00e9, aby sa zlep\u0161ila odolnos\u0165 vo\u010di opotrebovaniu. Na zabezpe\u010denie spr\u00e1vneho mazania valca je potrebn\u00e9 pravideln\u00e9 dop\u013a\u0148anie hydraulick\u00e9ho oleja.<\/p>\n<p><img loading=\"lazy\" decoding=\"async\" src=\"https:\/\/www.hydraulic-cylinders.net\/wp-content\/uploads\/2025\/01\/songte-oil-pipes-and-spare-parts.webp\" alt=\"Valec vedra pre mal\u00e9 r\u00fdpadlo Lonking LG6150\" width=\"500\" height=\"333\"><\/p>\n<h2>\u00dadr\u017eba a opravy<\/h2>\n<p>Pravideln\u00e1 \u00fadr\u017eba a opravy valcov s ko\u0161\u00edkom s\u00fa nevyhnutn\u00e9 na pred\u013a\u017eenie ich \u017eivotnosti a zabezpe\u010denie ich spr\u00e1vneho fungovania. Medzi pravideln\u00e9 \u00fadr\u017eb\u00e1rske \u00falohy patr\u00ed spr\u00e1vne zarovnanie valca, dostato\u010dn\u00e9 mazanie a pravideln\u00e9 kontroly tesnen\u00ed a kalibr\u00e1cie. Be\u017en\u00e9 probl\u00e9my, ako s\u00fa netesnosti a po\u0161kodenie telesa valca alebo piestnej ty\u010de, je mo\u017en\u00e9 rie\u0161i\u0165 vhodn\u00fdmi opravn\u00fdmi postupmi. Na pred\u013a\u017eenie \u017eivotnosti valca s ko\u0161\u00edkom je mo\u017en\u00e9 zabezpe\u010di\u0165 v\u00fdmenu dielov a repas.<\/p>\n<h3>Be\u017en\u00e9 \u00falohy \u00fadr\u017eby<\/h3>\n<ul>\n<li>Pravideln\u00e9 kontroly<\/li>\n<li>Vhodn\u00e9 mazanie<\/li>\n<li>V\u00fdmena tesnenia<\/li>\n<li>Kalibra\u010dn\u00e9 kontroly<\/li>\n<\/ul>\n<p><img loading=\"lazy\" decoding=\"async\" src=\"https:\/\/www.hydraulic-cylinders.net\/wp-content\/uploads\/2025\/01\/songte-chushion-collar.webp\" alt=\"Valec vedra pre mal\u00e9 r\u00fdpadlo Lonking LG6150\" width=\"500\" height=\"333\"><\/p>\n<h2>Bezpe\u010dnostn\u00e9 a environment\u00e1lne aspekty<\/h2>\n<p>Pri pou\u017e\u00edvan\u00ed valcov s ko\u0161\u00edkom je nevyhnutn\u00e9 zabezpe\u010di\u0165, aby sa prijali spr\u00e1vne bezpe\u010dnostn\u00e9 opatrenia, aby sa predi\u0161lo nehod\u00e1m a zraneniam. Pravideln\u00e1 \u00fadr\u017eba a kontrola m\u00f4\u017eu pom\u00f4c\u0165 predch\u00e1dza\u0165 poruch\u00e1m a zabezpe\u010di\u0165 bezpe\u010dn\u00fa prev\u00e1dzku. Aby sa predi\u0161lo po\u0161kodeniu \u017eivotn\u00e9ho prostredia, mala by sa vykon\u00e1va\u0165 spr\u00e1vna likvid\u00e1cia hydraulick\u00e9ho oleja a in\u00fdch odpadov\u00fdch materi\u00e1lov.<\/p>\n<h2>Rie\u0161enie probl\u00e9mov a be\u017en\u00e9 probl\u00e9my<\/h2>\n<p>Medzi be\u017en\u00e9 probl\u00e9my s valcami vedier patria netesnosti, po\u0161koden\u00e9 tesnenia a porucha hydraulick\u00e9ho syst\u00e9mu. Rie\u0161enie probl\u00e9mov je mo\u017en\u00e9 vykona\u0165 dodr\u017eiavan\u00edm pokynov v\u00fdrobcu a vykon\u00e1van\u00edm pravideln\u00fdch kontrol a \u00fadr\u017eby. Prevent\u00edvne opatrenia, ako je pravideln\u00e1 \u00fadr\u017eba a kontrola, m\u00f4\u017eu pom\u00f4c\u0165 pred\u00eds\u0165 potenci\u00e1lnym probl\u00e9mom.<\/p>\n<p><img loading=\"lazy\" decoding=\"async\" src=\"https:\/\/www.hydraulic-cylinders.net\/wp-content\/uploads\/2025\/01\/songte-bushings-with-all-kinds-of-excavator-models.webp\" alt=\"Valec vedra pre mal\u00e9 r\u00fdpadlo Lonking LG6150\" width=\"500\" height=\"333\"><\/p>\n<h2>O n\u00e1s<\/h2>\n<p>Sme v\u00fdrobcom n\u00e1hradn\u00fdch hydraulick\u00fdch valcov, pon\u00fakame \u0161irok\u00fd sortiment produktov a st\u00e1vame sa jedn\u00fdm z popredn\u00fdch v\u00fdrobcov a ve\u013ekoobchodn\u00edkov s hydraulick\u00fdmi valcami na dom\u00e1com aj medzin\u00e1rodnom trhu. Na\u0161a spolo\u010dnos\u0165 sa dr\u017e\u00ed vynikaj\u00facej kvality a spolieha sa na strat\u00e9giu industrializovan\u00e9ho riadenia v\u00fdroby sofistikovan\u00fdch v\u00fdrobn\u00fdch dieln\u00ed. Neust\u00e1le zlep\u0161ujeme v\u00fdrobn\u00fa platformu dielne, zdokona\u013eujeme v\u00fdrobn\u00fa linku kvality produktov a m\u00e1me siln\u00e9 tvoriv\u00e9 schopnosti. V\u010faka vysokej efektivite, presnosti a z\u00e1sad\u00e1m kvality sp\u013a\u0148ame rozmanit\u00e9 po\u017eiadavky z\u00e1kazn\u00edkov.<\/p>\n<p><img loading=\"lazy\" decoding=\"async\" src=\"https:\/\/hzpt.com\/wp-content\/uploads\/2024\/11\/songte-company-1.webp\" alt=\"Valec vedra pre mal\u00e9 r\u00fdpadlo Lonking LG6150\" width=\"500\" height=\"333\"><\/p>\n<h3>Profesionalita a medzin\u00e1rodn\u00e1 certifik\u00e1cia<\/h3>\n<p>Na\u0161a spolo\u010dnos\u0165 sa zaviazala poskytova\u0165 profesion\u00e1lne a vysoko kvalitn\u00e9 hydraulick\u00e9 valce a z\u00edskali sme medzin\u00e1rodn\u00e9 certifik\u00e1cie ako ISO9001 a CE.<\/p>\n<h3>Prisp\u00f4sobenie a v\u00fdrobn\u00e9 zariadenia<\/h3>\n<p>Pon\u00fakame slu\u017eby prisp\u00f4sobenia, aby sme splnili r\u00f4zne po\u017eiadavky z\u00e1kazn\u00edkov, a m\u00e1me modern\u00e9 v\u00fdrobn\u00e9 zariadenia, ako s\u00fa CNC stroje a testovacie syst\u00e9my.<\/p>\n<h3>Popredajn\u00fd servis<\/h3>\n<p>Poskytujeme vynikaj\u00faci popredajn\u00fd servis vr\u00e1tane n\u00e1hradn\u00fdch dielov a repas\u00ed, aby sme zabezpe\u010dili dlh\u00fa \u017eivotnos\u0165 a spr\u00e1vnu funkciu na\u0161ich hydraulick\u00fdch valcov.<\/p>\n<p>Autor: lyl.<\/p>","protected":false},"excerpt":{"rendered":"<p>Bucket Cylinder For Lonking Small Excavator LG6150 Introduction The Bucket Cylinder for Lonking Small Excavator LG6150 is designed specifically for hydraulic cylinders that control the bucket movement in heavy machinery such as excavators, backhoes, and front-end loaders. Its main function is to facilitate the lifting, lowering, and tilting of the bucket, making it easier for [&hellip;]<\/p>","protected":false},"featured_media":14761,"comment_status":"open","ping_status":"closed","template":"","meta":{"_et_pb_use_builder":"","_et_pb_old_content":"","_et_gb_content_width":""},"product_brand":[],"product_cat":[1494],"product_tag":[1495,1496],"class_list":{"0":"post-15611","1":"product","2":"type-product","3":"status-publish","4":"has-post-thumbnail","6":"product_cat-bucket-cylinders","7":"product_tag-bucket-cylinders","8":"product_tag-hydraulic-cylinders","10":"first","11":"instock","12":"shipping-taxable","13":"product-type-simple"},"amp_enabled":true,"_links":{"self":[{"href":"https:\/\/www.hydraulic-cylinders.net\/sk\/wp-json\/wp\/v2\/product\/15611","targetHints":{"allow":["GET"]}}],"collection":[{"href":"https:\/\/www.hydraulic-cylinders.net\/sk\/wp-json\/wp\/v2\/product"}],"about":[{"href":"https:\/\/www.hydraulic-cylinders.net\/sk\/wp-json\/wp\/v2\/types\/product"}],"replies":[{"embeddable":true,"href":"https:\/\/www.hydraulic-cylinders.net\/sk\/wp-json\/wp\/v2\/comments?post=15611"}],"wp:featuredmedia":[{"embeddable":true,"href":"https:\/\/www.hydraulic-cylinders.net\/sk\/wp-json\/wp\/v2\/media\/14761"}],"wp:attachment":[{"href":"https:\/\/www.hydraulic-cylinders.net\/sk\/wp-json\/wp\/v2\/media?parent=15611"}],"wp:term":[{"taxonomy":"product_brand","embeddable":true,"href":"https:\/\/www.hydraulic-cylinders.net\/sk\/wp-json\/wp\/v2\/product_brand?post=15611"},{"taxonomy":"product_cat","embeddable":true,"href":"https:\/\/www.hydraulic-cylinders.net\/sk\/wp-json\/wp\/v2\/product_cat?post=15611"},{"taxonomy":"product_tag","embeddable":true,"href":"https:\/\/www.hydraulic-cylinders.net\/sk\/wp-json\/wp\/v2\/product_tag?post=15611"}],"curies":[{"name":"pracovn\u00fd list","href":"https:\/\/api.w.org\/{rel}","templated":true}]}}