{"id":15615,"date":"2025-01-19T14:45:13","date_gmt":"2025-01-19T14:45:13","guid":{"rendered":"https:\/\/www.hydraulic-cylinders.net\/product\/bucket-cylinder-for-lonking-middle-excavator-lg6225h\/"},"modified":"2025-01-19T14:45:15","modified_gmt":"2025-01-19T14:45:15","slug":"bucket-cylinder-for-lonking-middle-excavator-lg6225h","status":"publish","type":"product","link":"https:\/\/www.hydraulic-cylinders.net\/sk\/produkt\/bucket-cylinder-for-lonking-middle-excavator-lg6225h\/","title":{"rendered":"Valec vedra pre stredn\u00fd bager Lonking LG6225H"},"content":{"rendered":"<h1>Valec vedra pre stredn\u00fd bager Lonking LG6225H<\/h1>\n<h2>\u00davod<\/h2>\n<p>Hydraulick\u00fd valec ly\u017eice je \u0161pecializovan\u00fd hydraulick\u00fd valec pou\u017e\u00edvan\u00fd na ovl\u00e1danie pohybu ly\u017eice v \u0165a\u017ek\u00fdch strojoch, ako s\u00fa bagre, r\u00fdpadl\u00e1 a \u010deln\u00e9 naklada\u010de. Jeho hlavnou funkciou je umo\u017eni\u0165 ly\u017eici zdv\u00edha\u0165, sp\u00fa\u0161\u0165a\u0165 a nakl\u00e1\u0148a\u0165, \u010do u\u013eah\u010duje vykon\u00e1vanie r\u00f4znych \u00faloh manipul\u00e1cie s materi\u00e1lom. V hydraulickom syst\u00e9me dosahuje valec ly\u017eice presn\u00e9 ovl\u00e1danie ly\u017eice prostredn\u00edctvom zmien tlaku hydraulick\u00e9ho oleja, \u010do umo\u017e\u0148uje obsluhe efekt\u00edvne manipulova\u0165 s \u0165a\u017ek\u00fdmi bremenami a prisp\u00f4sobova\u0165 sa zlo\u017eit\u00fdm pracovn\u00fdm prostrediam a r\u00f4znorod\u00fdm prev\u00e1dzkov\u00fdm po\u017eiadavk\u00e1m.<\/p>\n<p><img decoding=\"async\" src=\"https:\/\/www.hydraulic-cylinders.net\/wp-content\/uploads\/2025\/01\/songte-company-2.webp\"\/><\/p>\n<h2>Funkcie<\/h2>\n<ul>\n<li>Vysok\u00e1 pevnos\u0165 a odolnos\u0165: zvy\u010dajne vyroben\u00e9 z vysokopevnostnej ocele alebo hlin\u00edka, schopn\u00e9 odol\u00e1va\u0165 vysok\u00e9mu tlaku a \u0165a\u017ek\u00fdm za\u0165a\u017eeniam, vhodn\u00e9 do n\u00e1ro\u010dn\u00fdch pracovn\u00fdch prostred\u00ed a navrhnut\u00e9 s odolnos\u0165ou vo\u010di opotrebovaniu a kor\u00f3zii pre pred\u013a\u017eenie \u017eivotnosti.<\/li>\n<li>Efekt\u00edvna hydraulick\u00e1 prev\u00e1dzka: vyu\u017e\u00edva tlak hydraulick\u00e9ho oleja na dosiahnutie plynul\u00e9ho vys\u00favania a zas\u00favania, je schopn\u00e1 r\u00fdchlo reagova\u0165 na ovl\u00e1dacie povely, poskytuje siln\u00e9 tla\u010dn\u00e9 a \u0165a\u017en\u00e9 sily a je vhodn\u00e1 na manipul\u00e1ciu s \u0165a\u017ek\u00fdmi bremenami a zlo\u017eit\u00fdmi pracovn\u00fdmi \u00falohami.<\/li>\n<li>R\u00f4zne typy: pod\u013ea potrieb si m\u00f4\u017eete vybra\u0165 jedno\u010dinn\u00e9 (hydraulicky ovl\u00e1dan\u00e9 iba v jednom smere) alebo dvoj\u010dinn\u00e9 (hydraulicky ovl\u00e1dan\u00e9 v oboch smeroch) valce, aby ste splnili r\u00f4zne prev\u00e1dzkov\u00e9 po\u017eiadavky; niektor\u00e9 modely s\u00fa teleskopick\u00e9, \u010do umo\u017e\u0148uje v\u00e4\u010d\u0161ie vysunutie bez zv\u00e4\u010d\u0161enia vonkaj\u0161\u00edch rozmerov, vhodn\u00e9 pre aplik\u00e1cie s obmedzen\u00fdm priestorom.<\/li>\n<li>Vymenite\u013en\u00fd produkt: n\u00e1\u0161 produkt dok\u00e1\u017ee dokonale nahradi\u0165 tieto hydraulick\u00e9 valce.<\/li>\n<li>Prisp\u00f4sobite\u013en\u00fd dizajn: vieme prisp\u00f4sobi\u0165 dizajn pod\u013ea potrieb z\u00e1kazn\u00edkov vr\u00e1tane priemeru valca, d\u013a\u017eky zdvihu a \u010fal\u0161\u00edch \u0161pecifik\u00e1ci\u00ed, aby sme splnili \u0161pecifick\u00e9 po\u017eiadavky aplik\u00e1cie.<\/li>\n<\/ul>\n<p><img decoding=\"async\" src=\"https:\/\/www.hydraulic-cylinders.net\/wp-content\/uploads\/2025\/01\/songte-cylinder-head-with-all-kinds-excavator-models.webp\"\/><\/p>\n<h2>Aplik\u00e1cie<\/h2>\n<p>Valce s ko\u0161\u00edkom sa \u0161iroko pou\u017e\u00edvaj\u00fa v r\u00f4znych \u0165a\u017ek\u00fdch strojoch vr\u00e1tane:<\/p>\n<h3>Stavebn\u00e9 stroje<\/h3>\n<p>V bagroch s\u00fa nevyhnutn\u00e9 na kopanie, nakladanie a premiest\u0148ovanie zeminy alebo sutiny. V r\u00fdpadlo-naklada\u010doch pom\u00e1haj\u00fa valce ko\u0161\u00edkov pri kopan\u00ed aj zdv\u00edhan\u00ed. <\/p>\n<h3>Po\u013enohospod\u00e1rske stroje<\/h3>\n<p>Pou\u017e\u00edva sa v \u010deln\u00fdch naklada\u010doch na naberanie, zdv\u00edhanie a prepravu p\u00f4dy, sena a in\u00fdch materi\u00e1lov.<\/p>\n<h3>R\u00fdpadl\u00e1<\/h3>\n<p>Valce ly\u017eice dosahuj\u00fa kopac\u00ed \u00fa\u010dinok t\u00fdm, \u017ee umo\u017e\u0148uj\u00fa ly\u017eici prenikn\u00fa\u0165 do p\u00f4dy.<\/p>\n<h3>Naklada\u010de<\/h3>\n<p>V \u010deln\u00fdch naklada\u010doch pom\u00e1haj\u00fa valce ko\u0161\u00edkov efekt\u00edvne zdv\u00edha\u0165 a vyklada\u0165 n\u00e1klad.<\/p>\n<h2>\u00davahy o dizajne a krit\u00e9ri\u00e1 v\u00fdberu<\/h2>\n<p>Pri v\u00fdbere a navrhovan\u00ed valcov s ko\u0161\u00edkom by sa mali zv\u00e1\u017ei\u0165 tieto k\u013e\u00fa\u010dov\u00e9 faktory:<\/p>\n<h3>Nosnos\u0165<\/h3>\n<p>Schopnos\u0165 valca zvl\u00e1dnu\u0165 \u0165a\u017ek\u00e9 bremen\u00e1 a odol\u00e1va\u0165 vysok\u00e9mu tlaku.<\/p>\n<h3>Tesnenie<\/h3>\n<p>R\u00f4zne tesniace komponenty, ako s\u00fa tesnenia piestov a tesnenia ty\u010d\u00ed, by mali by\u0165 vyroben\u00e9 z materi\u00e1lov odoln\u00fdch vo\u010di opotrebovaniu, ako je polyuret\u00e1n a nitrilov\u00fd kau\u010duk, aby sa zabezpe\u010dil tesniaci v\u00fdkon a pred\u013a\u017eila sa \u017eivotnos\u0165.<\/p>\n<h3>Trvanlivos\u0165<\/h3>\n<p>V\u00fdrobok by mal by\u0165 navrhnut\u00fd s odolnos\u0165ou vo\u010di opotrebovaniu a kor\u00f3zii, aby odolal n\u00e1ro\u010dn\u00fdm pracovn\u00fdm podmienkam a pred\u013a\u017eil \u017eivotnos\u0165.<\/p>\n<h3>Bezpe\u010dnos\u0165<\/h3>\n<p>Kon\u0161trukcia valca by mala uprednost\u0148ova\u0165 bezpe\u010dnos\u0165, ako je zabr\u00e1nenie \u00faniku, udr\u017eanie stability a predch\u00e1dzanie nehod\u00e1m.<\/p>\n<h3>\u00dadr\u017eba<\/h3>\n<p>Jednoduch\u00e1 \u00fadr\u017eba a oprava a produkt by mal ma\u0165 jasn\u00e9 pokyny a postupy na opravu a v\u00fdmenu dielov.<\/p>\n<p><img decoding=\"async\" src=\"https:\/\/www.hydraulic-cylinders.net\/wp-content\/uploads\/2025\/01\/songte-oil-pipes-and-spare-parts.webp\"\/><\/p>\n<h2>Tesnenie a mazanie<\/h2>\n<p>R\u00f4zne tesniace komponenty, ako s\u00fa tesnenia piestov a tesnenia ty\u010d\u00ed, by mali by\u0165 vyroben\u00e9 z materi\u00e1lov odoln\u00fdch proti opotrebovaniu, ako je polyuret\u00e1n a nitrilov\u00fd kau\u010duk, aby sa zabezpe\u010dila tesniaca \u00fa\u010dinnos\u0165 a pred\u013a\u017eila \u017eivotnos\u0165. Teleso valca a povrch z\u00e1vitu by mali by\u0165 jemne opracovan\u00e9, aby sa zlep\u0161ila odolnos\u0165 proti opotrebovaniu. Na zabezpe\u010denie hladk\u00e9ho chodu valca a pred\u013a\u017eenie \u017eivotnosti v\u00fdrobku je potrebn\u00e9 pravideln\u00e9 mazanie hydraulick\u00fdm olejom.<\/p>\n<h2>\u00dadr\u017eba a opravy<\/h2>\n<p>Pravideln\u00e9 kontroly a prevent\u00edvne \u00fadr\u017eb\u00e1rske opatrenia s\u00fa nevyhnutn\u00e9 na zabezpe\u010denie bezprobl\u00e9movej prev\u00e1dzky. Nasleduj\u00fa be\u017en\u00e9 \u00falohy \u00fadr\u017eby:<\/p>\n<h3>Pravideln\u00e1 kontrola<\/h3>\n<p>Skontrolujte teleso valca, piest a ty\u010d, \u010di nie s\u00fa opotrebovan\u00e9 alebo po\u0161koden\u00e9. Uistite sa, \u017ee valec je \u010dist\u00fd a bez ne\u010dist\u00f4t, ne\u010dist\u00f4t alebo hrdze.<\/p>\n<h3>Mazanie<\/h3>\n<p>Uistite sa, \u017ee valec je dostato\u010dne mazan\u00fd hydraulick\u00fdm olejom, aby sa zn\u00ed\u017eilo trenie a zabr\u00e1nilo sa opotrebovaniu.<\/p>\n<h3>V\u00fdmena tesnenia<\/h3>\n<p>Vyme\u0148te opotrebovan\u00e9 alebo po\u0161koden\u00e9 tesnenia, aby ste predi\u0161li \u00faniku a pred\u013a\u017eili \u017eivotnos\u0165.<\/p>\n<p>Spr\u00e1vna in\u0161tal\u00e1cia valca je nevyhnutn\u00e1 pre jeho spr\u00e1vnu funkciu. Spr\u00e1vne zarovnanie valca, pou\u017eitie vhodn\u00fdch mont\u00e1\u017enych konzol na jeho upevnenie a dodr\u017eiavanie odpor\u00fa\u010dan\u00fdch postupov kontroly, opravy a v\u00fdmeny m\u00f4\u017ee pred\u013a\u017ei\u0165 \u017eivotnos\u0165 produktu.<\/p>\n<p><img decoding=\"async\" src=\"https:\/\/www.hydraulic-cylinders.net\/wp-content\/uploads\/2025\/01\/songte-chushion-collar.webp\"\/><\/p>\n<h2>Bezpe\u010dnostn\u00e9 aspekty a faktory prostredia<\/h2>\n<p>Pri pou\u017e\u00edvan\u00ed vedrov\u00fdch valcov je potrebn\u00e9 dodr\u017eiava\u0165 bezpe\u010dnostn\u00e9 opatrenia, aby sa predi\u0161lo nehod\u00e1m. Patria sem spr\u00e1vna in\u0161tal\u00e1cia, pravideln\u00e9 kontroly a \u00fadr\u017eba a spr\u00e1vne pou\u017e\u00edvanie osobn\u00fdch ochrann\u00fdch prostriedkov. Na zabezpe\u010denie spr\u00e1vneho v\u00fdkonu valca a pred\u013a\u017eenie \u017eivotnosti produktu by sa mali zoh\u013eadni\u0165 aj faktory prostredia, ako je teplota, vlhkos\u0165 a kontamin\u00e1cia.<\/p>\n<h2>Be\u017en\u00e9 probl\u00e9my a ich rie\u0161enie<\/h2>\n<p>Medzi be\u017en\u00e9 probl\u00e9my s valcami vedra patr\u00ed netesnos\u0165, posun valca a ne\u00fapln\u00e9 zasunutie alebo vysunutie. Tieto probl\u00e9my je mo\u017en\u00e9 diagnostikova\u0165 vizu\u00e1lnou kontrolou a spr\u00e1vnym testovan\u00edm. Spr\u00e1vne techniky rie\u0161enia probl\u00e9mov zah\u0155\u0148aj\u00fa identifik\u00e1ciu z\u00e1kladnej pr\u00ed\u010diny probl\u00e9mu, kontrolu valca a vykonanie potrebn\u00fdch opr\u00e1v alebo v\u00fdmen.<\/p>\n<p>Prevent\u00edvne opatrenia na predch\u00e1dzanie potenci\u00e1lnym probl\u00e9mom zah\u0155\u0148aj\u00fa pravideln\u00fa \u00fadr\u017ebu, spr\u00e1vne pou\u017e\u00edvanie a skladovanie a zabr\u00e1nenie pre\u0165a\u017eeniu valca nad jeho nosnos\u0165.<\/p>\n<p><img decoding=\"async\" src=\"https:\/\/www.hydraulic-cylinders.net\/wp-content\/uploads\/2025\/01\/songte-bushings-with-all-kinds-of-excavator-models.webp\"\/><\/p>\n<h2>O na\u0161ej spolo\u010dnosti<\/h2>\n<p>Sme v\u00fdrobcom hydraulick\u00fdch valcov a n\u00e1\u0161 sortiment je rozsiahly, v\u010faka \u010domu sme jedn\u00fdm z popredn\u00fdch v\u00fdrobcov a ve\u013ekoobchodn\u00fdch distrib\u00fatorov hydraulick\u00fdch valcov na dom\u00e1com aj medzin\u00e1rodnom trhu. Dodr\u017eiavame z\u00e1sadu vynikaj\u00facej kvality a spoliehame sa na industrializovan\u00e9 strat\u00e9gie riadenia v\u00fdroby v prec\u00edznych v\u00fdrobn\u00fdch diel\u0148ach. Vyu\u017e\u00edvan\u00edm technologick\u00fdch talentov, \u0161pi\u010dkov\u00fdch digit\u00e1lnych v\u00fdrobn\u00fdch zariaden\u00ed a profesion\u00e1lnych testovac\u00edch syst\u00e9mov neust\u00e1le zlep\u0161ujeme v\u00fdrobn\u00fa platformu dielne, zlep\u0161ujeme kvalitu v\u00fdrobnej cesty produktu a m\u00e1me siln\u00e9 tvoriv\u00e9 schopnosti. Na\u0161e produkty s\u00fa efekt\u00edvne, presn\u00e9 a vysoko kvalitn\u00e9 a dok\u00e1\u017eu uspokoji\u0165 rozmanit\u00e9 potreby z\u00e1kazn\u00edkov.<\/p>\n<h3>Profesionalita<\/h3>\n<p>M\u00e1me profesion\u00e1lny t\u00edm in\u017einierov a technikov, ktor\u00ed sa \u0161pecializuj\u00fa na n\u00e1vrh, v\u00fdvoj a v\u00fdrobu hydraulick\u00fdch valcov.<\/p>\n<h3>Medzin\u00e1rodn\u00e1 certifik\u00e1cia<\/h3>\n<p>Na\u0161e produkty pre\u0161li r\u00f4znymi medzin\u00e1rodn\u00fdmi certifik\u00e1ciami, ako napr\u00edklad ISO 9001, CE a RoHS.<\/p>\n<h3>Slu\u017eby prisp\u00f4sobenia<\/h3>\n<p>Na\u0161a spolo\u010dnos\u0165 poskytuje z\u00e1kazkov\u00e9 dizajn\u00e9rske a v\u00fdrobn\u00e9 slu\u017eby pod\u013ea r\u00f4znych potrieb z\u00e1kazn\u00edkov, vr\u00e1tane priemeru valca, d\u013a\u017eky zdvihu a \u010fal\u0161\u00edch \u0161pecifik\u00e1ci\u00ed. <\/p>\n<h3>V\u00fdrobn\u00e9 zariadenia<\/h3>\n<p>Pou\u017e\u00edvame modern\u00e9 v\u00fdrobn\u00e9 zariadenia a technol\u00f3gie vr\u00e1tane CNC s\u00fastruhov, zv\u00e1ra\u010diek a testovac\u00edch zariaden\u00ed, aby sme zabezpe\u010dili vysoko kvalitn\u00e9 produkty.<\/p>\n<h3>Popredajn\u00fd servis<\/h3>\n<p>Poskytujeme technick\u00fa podporu, \u00fadr\u017ebu a opravy, aby sme zaistili spokojnos\u0165 z\u00e1kazn\u00edkov.<\/p>\n<p><img decoding=\"async\" src=\"https:\/\/hzpt.com\/wp-content\/uploads\/2024\/11\/songte-company-1.webp\"\/><\/p>\n<p>Autor: lyl<\/p>","protected":false},"excerpt":{"rendered":"<p>Bucket Cylinder For Lonking Middle Excavator LG6225H Introduction A bucket cylinder is a specialized hydraulic cylinder used to control the movement of a bucket in heavy machinery such as excavators, backhoes, and front-end loaders. Its main function is to allow the bucket to lift, lower, and tilt, making it easier to handle various material handling [&hellip;]<\/p>","protected":false},"featured_media":14785,"comment_status":"open","ping_status":"closed","template":"","meta":{"_et_pb_use_builder":"","_et_pb_old_content":"","_et_gb_content_width":""},"product_brand":[],"product_cat":[1494],"product_tag":[1495,1496],"class_list":{"0":"post-15615","1":"product","2":"type-product","3":"status-publish","4":"has-post-thumbnail","6":"product_cat-bucket-cylinders","7":"product_tag-bucket-cylinders","8":"product_tag-hydraulic-cylinders","10":"first","11":"instock","12":"shipping-taxable","13":"product-type-simple"},"amp_enabled":true,"_links":{"self":[{"href":"https:\/\/www.hydraulic-cylinders.net\/sk\/wp-json\/wp\/v2\/product\/15615","targetHints":{"allow":["GET"]}}],"collection":[{"href":"https:\/\/www.hydraulic-cylinders.net\/sk\/wp-json\/wp\/v2\/product"}],"about":[{"href":"https:\/\/www.hydraulic-cylinders.net\/sk\/wp-json\/wp\/v2\/types\/product"}],"replies":[{"embeddable":true,"href":"https:\/\/www.hydraulic-cylinders.net\/sk\/wp-json\/wp\/v2\/comments?post=15615"}],"wp:featuredmedia":[{"embeddable":true,"href":"https:\/\/www.hydraulic-cylinders.net\/sk\/wp-json\/wp\/v2\/media\/14785"}],"wp:attachment":[{"href":"https:\/\/www.hydraulic-cylinders.net\/sk\/wp-json\/wp\/v2\/media?parent=15615"}],"wp:term":[{"taxonomy":"product_brand","embeddable":true,"href":"https:\/\/www.hydraulic-cylinders.net\/sk\/wp-json\/wp\/v2\/product_brand?post=15615"},{"taxonomy":"product_cat","embeddable":true,"href":"https:\/\/www.hydraulic-cylinders.net\/sk\/wp-json\/wp\/v2\/product_cat?post=15615"},{"taxonomy":"product_tag","embeddable":true,"href":"https:\/\/www.hydraulic-cylinders.net\/sk\/wp-json\/wp\/v2\/product_tag?post=15615"}],"curies":[{"name":"pracovn\u00fd list","href":"https:\/\/api.w.org\/{rel}","templated":true}]}}