{"id":15629,"date":"2025-01-19T14:46:15","date_gmt":"2025-01-19T14:46:15","guid":{"rendered":"https:\/\/www.hydraulic-cylinders.net\/product\/bucket-cylinder-for-liebherr-middle-excavator-r924\/"},"modified":"2025-01-19T14:46:17","modified_gmt":"2025-01-19T14:46:17","slug":"bucket-cylinder-for-liebherr-middle-excavator-r924","status":"publish","type":"product","link":"https:\/\/www.hydraulic-cylinders.net\/sk\/produkt\/bucket-cylinder-for-liebherr-middle-excavator-r924\/","title":{"rendered":"Valec vedra pre stredn\u00fd bager Liebherr R924"},"content":{"rendered":"<h1>Valec vedra pre stredn\u00fd bager Liebherr R924<\/h1>\n<h2>\u00davod<\/h2>\n<p>Hydraulick\u00fd valec ly\u017eice pre stredn\u00fd bager Liebherr R924 je \u0161pecializovan\u00fd hydraulick\u00fd valec ur\u010den\u00fd na ovl\u00e1danie pohybu ly\u017e\u00edc v \u0165a\u017ek\u00fdch strojoch, ako s\u00fa bagre, r\u00fdpadl\u00e1-naklada\u010de a \u010deln\u00e9 naklada\u010de. Jeho hlavnou funkciou je zdv\u00edhanie, sp\u00fa\u0161\u0165anie a nakl\u00e1\u0148anie ly\u017eice, \u010do u\u013eah\u010duje vykon\u00e1vanie r\u00f4znych \u00faloh manipul\u00e1cie s materi\u00e1lom. V hydraulickom syst\u00e9me dosahuje valec ly\u017eice presn\u00e9 ovl\u00e1danie pohybu ly\u017eice prostredn\u00edctvom zmien tlaku hydraulick\u00e9ho oleja, \u010do umo\u017e\u0148uje obsluhe efekt\u00edvne manipulova\u0165 s \u0165a\u017ek\u00fdmi bremenami a prisp\u00f4sobova\u0165 sa zlo\u017eit\u00fdm pracovn\u00fdm prostrediam a r\u00f4znorod\u00fdm prev\u00e1dzkov\u00fdm po\u017eiadavk\u00e1m.<\/p>\n<p><img decoding=\"async\" src=\"https:\/\/www.hydraulic-cylinders.net\/wp-content\/uploads\/2025\/01\/songte-company-2.webp\" alt=\"Obr\u00e1zok valca vedra\"><\/p>\n<h2>Funkcie<\/h2>\n<ul>\n<li>Vysok\u00e1 pevnos\u0165 a odolnos\u0165: Zvy\u010dajne vyroben\u00fd z vysokopevnostnej ocele alebo hlin\u00edka, odol\u00e1 vysok\u00e9mu tlaku a \u0165a\u017ek\u00fdm za\u0165a\u017eeniam, \u010d\u00edm sa prisp\u00f4sob\u00ed n\u00e1ro\u010dn\u00fdm pracovn\u00fdm podmienkam. Jeho kon\u0161trukcia zoh\u013ead\u0148uje odolnos\u0165 vo\u010di opotrebovaniu a kor\u00f3zii, \u010do predl\u017euje jeho \u017eivotnos\u0165.<\/li>\n<li>Efekt\u00edvna hydraulick\u00e1 prev\u00e1dzka: Plynul\u00e9 roz\u0165ahovanie a s\u0165ahovanie sa dosahuje vyu\u017eit\u00edm tlaku hydraulick\u00e9ho oleja, ktor\u00fd poskytuje siln\u00e9 tla\u010dn\u00e9 a \u0165ahov\u00e9 sily a r\u00fdchlo reaguje na povely, v\u010faka \u010domu je vhodn\u00fd na manipul\u00e1ciu s \u0165a\u017ek\u00fdmi bremenami a zlo\u017eit\u00fdmi pracovn\u00fdmi \u00falohami.<\/li>\n<li>R\u00f4zne typy: Pod\u013ea prev\u00e1dzkov\u00fdch potrieb je mo\u017en\u00e9 zvoli\u0165 jedno\u010dinn\u00e9 (hydraulicky ovl\u00e1dan\u00e9 iba v jednom smere) alebo dvoj\u010dinn\u00e9 (hydraulicky ovl\u00e1dan\u00e9 v oboch smeroch) valce. Niektor\u00e9 modely s\u00fa teleskopick\u00e9, \u010do umo\u017e\u0148uje v\u00e4\u010d\u0161ie vysunutie bez zv\u00e4\u010d\u0161enia vonkaj\u0161\u00edch rozmerov, vhodn\u00e9 pre aplik\u00e1cie s obmedzen\u00fdm priestorom.<\/li>\n<li>Priama v\u00fdmena: N\u00e1\u0161 produkt dok\u00e1\u017ee dokonale nahradi\u0165 tieto hydraulick\u00e9 valce.<\/li>\n<\/ul>\n<p><img decoding=\"async\" src=\"https:\/\/www.hydraulic-cylinders.net\/wp-content\/uploads\/2025\/01\/songte-cylinder-head-with-all-kinds-excavator-models.webp\" alt=\"Obr\u00e1zok v\u00fdmeny valca vedra\"><\/p>\n<h2>Aplik\u00e1cie<\/h2>\n<p>Valec korby pre stredn\u00fd bager Liebherr R924 sa be\u017ene pou\u017e\u00edva v nasleduj\u00facich aplik\u00e1ci\u00e1ch:<\/p>\n<h3>Stavebn\u00e9 stroje<\/h3>\n<p>V bagroch s\u00fa nevyhnutn\u00e9 na kopanie, nakladanie a premiest\u0148ovanie zeminy alebo sutiny. V r\u00fdpadlo-naklada\u010doch pom\u00e1ha valec ly\u017eice pri v\u00fdkopov\u00fdch pr\u00e1cach aj zdv\u00edhan\u00ed. Pri \u010deln\u00fdch naklada\u010doch pom\u00e1haj\u00fa pri efekt\u00edvnom zdv\u00edhan\u00ed a nakl\u00e1\u0148an\u00ed tovaru.<\/p>\n<h3>Po\u013enohospod\u00e1rske stroje<\/h3>\n<p>Pou\u017e\u00edvaj\u00fa sa v \u010deln\u00fdch naklada\u010doch na naberanie, zdv\u00edhanie a prepravu zeminy, sena a in\u00fdch materi\u00e1lov. V r\u00fdpadl\u00e1ch umo\u017e\u0148uje valec ly\u017eice kopanie t\u00fdm, \u017ee umo\u017e\u0148uje ly\u017eici prenikn\u00fa\u0165 do p\u00f4dy.<\/p>\n<h3>In\u00e9 priemyseln\u00e9 aplik\u00e1cie<\/h3>\n<p>Valce s kore\u010dkami s\u00fa u\u017eito\u010dn\u00e9 v akejko\u013evek aplik\u00e1cii, ktor\u00e1 vy\u017eaduje pohyb \u0165a\u017ek\u00fdch materi\u00e1lov. Be\u017ene sa pou\u017e\u00edvaj\u00fa v lesn\u00edctve, ban\u00edctve a pri nakladan\u00ed s odpadom.<\/p>\n<h2>\u00davahy o dizajne a krit\u00e9ri\u00e1 v\u00fdberu<\/h2>\n<p>Valec lopaty pre stredn\u00fd bager Liebherr R924 je navrhnut\u00fd s nasleduj\u00facimi \u00favahami:<\/p>\n<h3>Nosnos\u0165<\/h3>\n<p>Valec mus\u00ed by\u0165 schopn\u00fd unies\u0165 bremeno, ktor\u00e9 m\u00e1 zdv\u00edha\u0165 a premiest\u0148ova\u0165.<\/p>\n<h3>Tesnenie<\/h3>\n<p>Valec mus\u00ed by\u0165 dobre utesnen\u00fd, aby sa zabr\u00e1nilo \u00fanikom a zabezpe\u010dila sa plynul\u00e1 prev\u00e1dzka. Tesnenia piestov, tesnenia ty\u010d\u00ed a in\u00e9 tesnenia musia by\u0165 vyroben\u00e9 z materi\u00e1lov odoln\u00fdch vo\u010di opotrebovaniu, aby sa zabezpe\u010dila dlh\u00e1 \u017eivotnos\u0165.<\/p>\n<h3>Trvanlivos\u0165<\/h3>\n<p>Valec mus\u00ed by\u0165 navrhnut\u00fd tak, aby odolal n\u00e1ro\u010dn\u00fdm prev\u00e1dzkov\u00fdm podmienkam a bol odoln\u00fd vo\u010di opotrebovaniu a kor\u00f3zii.<\/p>\n<h3>Bezpe\u010dnos\u0165<\/h3>\n<p>Valce s ko\u0161\u00edkom musia by\u0165 navrhnut\u00e9 s oh\u013eadom na bezpe\u010dnos\u0165, aby sa predi\u0161lo nehod\u00e1m alebo zraneniam. Do kon\u0161trukcie je mo\u017en\u00e9 zabudova\u0165 bezpe\u010dnostn\u00e9 prvky, ako s\u00fa pretlakov\u00e9 ventily a koncov\u00e9 sp\u00edna\u010de, aby sa zabezpe\u010dila bezpe\u010dn\u00e1 prev\u00e1dzka.<\/p>\n<h3>Udr\u017eiavate\u013enos\u0165<\/h3>\n<p>Valec mus\u00ed by\u0165 navrhnut\u00fd tak, aby sa dal \u013eahko udr\u017eiava\u0165 a opravova\u0165. Komponenty by mali by\u0165 \u013eahko pr\u00edstupn\u00e9 na kontrolu a v\u00fdmenu v pr\u00edpade potreby.<\/p>\n<p><img decoding=\"async\" src=\"https:\/\/www.hydraulic-cylinders.net\/wp-content\/uploads\/2025\/01\/songte-oil-pipes-and-spare-parts.webp\" alt=\"Obr\u00e1zok n\u00e1hradn\u00fdch dielov valca vedra\"><\/p>\n<h2>Tesnenie a mazanie<\/h2>\n<p>Valec kor\u010deka pre stredn\u00fd bager Liebherr R924 pou\u017e\u00edva r\u00f4zne tesniace komponenty, ako s\u00fa tesnenia piestov, tesnenia ty\u010d\u00ed a tesniace kr\u00fa\u017eky. Tieto komponenty s\u00fa vyroben\u00e9 z materi\u00e1lov, ako je polyuret\u00e1n a nitrilov\u00fd kau\u010duk, aby sa zabezpe\u010dila odolnos\u0165 proti opotrebovaniu a trvanlivos\u0165. Teleso valca a z\u00e1vitov\u00e9 koncov\u00e9 plochy s\u00fa jemne opracovan\u00e9 pre zlep\u0161enie odolnosti proti opotrebovaniu. Pravideln\u00e1 \u00fadr\u017eba valca vy\u017eaduje pridanie vhodn\u00e9ho mno\u017estva hydraulick\u00e9ho oleja, aby sa zabezpe\u010dilo spr\u00e1vne mazanie.<\/p>\n<h2>\u00dadr\u017eba a opravy<\/h2>\n<p>Nasleduj\u00face \u00fadr\u017eb\u00e1rske pr\u00e1ce by sa mali vykon\u00e1va\u0165 pravidelne:<\/p>\n<ul>\n<li>Pravideln\u00e9 kontroly<\/li>\n<li>Spr\u00e1vne mazanie<\/li>\n<li>V\u00fdmena tesnenia<\/li>\n<li>Kalibra\u010dn\u00e9 kontroly<\/li>\n<\/ul>\n<p>Spr\u00e1vna in\u0161tal\u00e1cia, mazanie a nastavenie s\u00fa nevyhnutn\u00e9 pre zaistenie dlhej \u017eivotnosti valca lopaty pre stredn\u00fd bager Liebherr R924. Spr\u00e1vne zarovnanie valca je po\u010das in\u0161tal\u00e1cie k\u013e\u00fa\u010dov\u00e9 a na upevnenie valca by sa mali pou\u017ei\u0165 vhodn\u00e9 mont\u00e1\u017ene konzoly. Na pred\u013a\u017eenie \u017eivotnosti valca sa odpor\u00fa\u010daj\u00fa postupy kontroly, opravy a v\u00fdmeny.<\/p>\n<p><img decoding=\"async\" src=\"https:\/\/www.hydraulic-cylinders.net\/wp-content\/uploads\/2025\/01\/songte-chushion-collar.webp\" alt=\"Obr\u00e1zok goliera valca vedra\"><\/p>\n<h2>Bezpe\u010dnostn\u00e9 a environment\u00e1lne aspekty<\/h2>\n<p>Pri pou\u017e\u00edvan\u00ed kore\u010dkov\u00fdch valcov pre stredn\u00fd bager Liebherr R924 s\u00fa bezpe\u010dnostn\u00e9 opatrenia k\u013e\u00fa\u010dov\u00e9. Obsluha mus\u00ed pri manipul\u00e1cii s \u0165a\u017ek\u00fdmi strojmi dodr\u017eiava\u0165 spr\u00e1vne bezpe\u010dnostn\u00e9 postupy vr\u00e1tane nosenia ochrann\u00fdch prostriedkov a dodr\u017eiavania spr\u00e1vnych prev\u00e1dzkov\u00fdch postupov. Pri pou\u017e\u00edvan\u00ed kore\u010dkov\u00fdch valcov je potrebn\u00e9 bra\u0165 do \u00favahy aj \u017eivotn\u00e9 prostredie. Aby sa minimalizovalo po\u0161kodenie \u017eivotn\u00e9ho prostredia, je potrebn\u00e9 dodr\u017eiava\u0165 predpisy o spr\u00e1vnej likvid\u00e1cii odpadu a ochrane \u017eivotn\u00e9ho prostredia.<\/p>\n<h2>Diagnostika por\u00fach a be\u017en\u00e9 probl\u00e9my<\/h2>\n<p>Valec ly\u017eice pre stredn\u00fd bager Liebherr R924 m\u00f4\u017ee \u010dasom vykazova\u0165 r\u00f4zne probl\u00e9my. Medzi be\u017en\u00e9 probl\u00e9my patria netesnosti, \u0165a\u017ekosti s pohybom ly\u017eice a nedostato\u010dn\u00e1 odozva na ovl\u00e1dacie vstupy. Tieto probl\u00e9my je mo\u017en\u00e9 diagnostikova\u0165 kontrolou a testovan\u00edm komponentov valca. <\/p>\n<h2>O n\u00e1s<\/h2>\n<p>Sme popredn\u00fdm v\u00fdrobcom a ve\u013ekoobchodn\u00fdm distrib\u00fatorom hydraulick\u00fdch valcov na dom\u00e1com aj medzin\u00e1rodnom trhu a \u0161pecializujeme sa na v\u00fdrobu n\u00e1hradn\u00fdch hydraulick\u00fdch valcov. Na\u0161e v\u00fdrobky s\u00fa vyr\u00e1ban\u00e9 vo vynikaj\u00facej kvalite a spoliehaj\u00fa sa na industrializovan\u00fa strat\u00e9giu riadenia v\u00fdroby v prec\u00edzne spracovan\u00fdch diel\u0148ach. Na\u0161a spolo\u010dnos\u0165 neust\u00e1le zlep\u0161uje na\u0161u v\u00fdrobn\u00fa platformu v diel\u0148ach, zlep\u0161uje v\u00fdrobn\u00fd proces kvality v\u00fdrobkov a m\u00e1 siln\u00e9 tvoriv\u00e9 schopnosti. Na\u0161a spolo\u010dnos\u0165 sa zaviazala uspokojova\u0165 rozmanit\u00e9 potreby na\u0161ich z\u00e1kazn\u00edkov s vysokou efektivitou, vysokou presnos\u0165ou a princ\u00edpmi vysokej kvality.<\/p>\n<p><img decoding=\"async\" src=\"https:\/\/hzpt.com\/wp-content\/uploads\/2024\/11\/songte-company-1.webp\" alt=\"Obr\u00e1zok spolo\u010dnosti\"><\/p>\n<h3>Profesionalita<\/h3>\n<p>Na\u0161a spolo\u010dnos\u0165 m\u00e1 t\u00edm profesion\u00e1lov, ktor\u00ed sa venuj\u00fa poskytovaniu kvalitn\u00fdch produktov a slu\u017eieb z\u00e1kazn\u00edkom.<\/p>\n<h3>Medzin\u00e1rodn\u00e1 certifik\u00e1cia<\/h3>\n<p>Na\u0161e v\u00fdrobky pre\u0161li r\u00f4znymi medzin\u00e1rodn\u00fdmi certifik\u00e1ciami a sp\u013a\u0148aj\u00fa r\u00f4zne priemyseln\u00e9 normy.<\/p>\n<h3>Slu\u017eby prisp\u00f4sobenia<\/h3>\n<p>M\u00f4\u017eeme poskytn\u00fa\u0165 slu\u017eby na mieru pod\u013ea po\u017eiadaviek z\u00e1kazn\u00edka.<\/p>\n<h3>V\u00fdrobn\u00e9 zariadenia<\/h3>\n<p>Na\u0161a spolo\u010dnos\u0165 m\u00e1 modern\u00e9 v\u00fdrobn\u00e9 zariadenia na zabezpe\u010denie kvality v\u00fdrobkov a efekt\u00edvnosti v\u00fdroby.<\/p>\n<h3>Popredajn\u00fd servis<\/h3>\n<p>Poskytujeme popredajn\u00fd servis, aby sme zabezpe\u010dili spokojnos\u0165 na\u0161ich z\u00e1kazn\u00edkov.<\/p>\n<p><img decoding=\"async\" src=\"https:\/\/www.hydraulic-cylinders.net\/wp-content\/uploads\/2025\/01\/songte-company-3.webp\" alt=\"Obr\u00e1zok spolo\u010dnosti\"><\/p>\n<p>Autor: lyl<\/p>","protected":false},"excerpt":{"rendered":"<p>Bucket Cylinder For Liebherr Middle Excavator R924 Introduction The Bucket Cylinder for Liebherr Middle Excavator R924 is a specialized hydraulic cylinder designed to control the movement of buckets in heavy machinery such as excavators, backhoe excavators, and front-end loaders. Its main function is to lift, lower, and tilt the bucket, making it easier to handle [&hellip;]<\/p>","protected":false},"featured_media":14787,"comment_status":"open","ping_status":"closed","template":"","meta":{"_et_pb_use_builder":"","_et_pb_old_content":"","_et_gb_content_width":""},"product_brand":[],"product_cat":[1494],"product_tag":[1495,1496],"class_list":{"0":"post-15629","1":"product","2":"type-product","3":"status-publish","4":"has-post-thumbnail","6":"product_cat-bucket-cylinders","7":"product_tag-bucket-cylinders","8":"product_tag-hydraulic-cylinders","10":"first","11":"instock","12":"shipping-taxable","13":"product-type-simple"},"amp_enabled":true,"_links":{"self":[{"href":"https:\/\/www.hydraulic-cylinders.net\/sk\/wp-json\/wp\/v2\/product\/15629","targetHints":{"allow":["GET"]}}],"collection":[{"href":"https:\/\/www.hydraulic-cylinders.net\/sk\/wp-json\/wp\/v2\/product"}],"about":[{"href":"https:\/\/www.hydraulic-cylinders.net\/sk\/wp-json\/wp\/v2\/types\/product"}],"replies":[{"embeddable":true,"href":"https:\/\/www.hydraulic-cylinders.net\/sk\/wp-json\/wp\/v2\/comments?post=15629"}],"wp:featuredmedia":[{"embeddable":true,"href":"https:\/\/www.hydraulic-cylinders.net\/sk\/wp-json\/wp\/v2\/media\/14787"}],"wp:attachment":[{"href":"https:\/\/www.hydraulic-cylinders.net\/sk\/wp-json\/wp\/v2\/media?parent=15629"}],"wp:term":[{"taxonomy":"product_brand","embeddable":true,"href":"https:\/\/www.hydraulic-cylinders.net\/sk\/wp-json\/wp\/v2\/product_brand?post=15629"},{"taxonomy":"product_cat","embeddable":true,"href":"https:\/\/www.hydraulic-cylinders.net\/sk\/wp-json\/wp\/v2\/product_cat?post=15629"},{"taxonomy":"product_tag","embeddable":true,"href":"https:\/\/www.hydraulic-cylinders.net\/sk\/wp-json\/wp\/v2\/product_tag?post=15629"}],"curies":[{"name":"pracovn\u00fd list","href":"https:\/\/api.w.org\/{rel}","templated":true}]}}