{"id":15641,"date":"2025-01-19T14:47:08","date_gmt":"2025-01-19T14:47:08","guid":{"rendered":"https:\/\/www.hydraulic-cylinders.net\/product\/bucket-cylinder-for-liebherr-large-excavator-r970s\/"},"modified":"2025-01-19T14:47:10","modified_gmt":"2025-01-19T14:47:10","slug":"bucket-cylinder-for-liebherr-large-excavator-r970s","status":"publish","type":"product","link":"https:\/\/www.hydraulic-cylinders.net\/sk\/produkt\/bucket-cylinder-for-liebherr-large-excavator-r970s\/","title":{"rendered":"Valec vedra pre ve\u013ek\u00e9 r\u00fdpadlo Liebherr R970S"},"content":{"rendered":"<h1>Valec vedra pre ve\u013ek\u00e9 r\u00fdpadlo Liebherr R970S<\/h1>\n<h2>\u00davod<\/h2>\n<p>Hydraulick\u00fd valec ly\u017eice pre ve\u013ek\u00e9 r\u00fdpadlo Liebherr R970S je \u0161peci\u00e1lne navrhnut\u00fd hydraulick\u00fd valec pou\u017e\u00edvan\u00fd na ovl\u00e1danie pohybu ly\u017eice v \u0165a\u017ek\u00fdch strojoch, ako s\u00fa r\u00fdpadl\u00e1, r\u00fdpadl\u00e1-naklada\u010de a \u010deln\u00e9 naklada\u010de. Jeho hlavnou funkciou je umo\u017eni\u0165 zdv\u00edhanie, sp\u00fa\u0161\u0165anie a nakl\u00e1\u0148anie ly\u017eice, \u010do u\u013eah\u010duje vykon\u00e1vanie r\u00f4znych \u00faloh manipul\u00e1cie s materi\u00e1lom. V hydraulickom syst\u00e9me valec ly\u017eice riadi presn\u00fd pohyb ly\u017eice zmenou tlaku hydraulick\u00e9ho oleja, \u010do umo\u017e\u0148uje obsluhe efekt\u00edvne manipulova\u0165 s \u0165a\u017ek\u00fdmi bremenami a prisp\u00f4sobi\u0165 sa zlo\u017eit\u00fdm pracovn\u00fdm prostrediam a r\u00f4znorod\u00fdm prev\u00e1dzkov\u00fdm potreb\u00e1m.<\/p>\n<p><img decoding=\"async\" src=\"https:\/\/www.hydraulic-cylinders.net\/wp-content\/uploads\/2025\/01\/songte-company-2.webp\" alt=\"Obr\u00e1zok valca vedra\"><\/p>\n<h2>Funkcie<\/h2>\n<ul>\n<li>Vysok\u00e1 pevnos\u0165 a odolnos\u0165: Zvy\u010dajne je vyroben\u00fd z vysokopevnostnej ocele alebo hlin\u00edka, odol\u00e1 vysok\u00e9mu tlaku a \u0165a\u017ek\u00fdm za\u0165a\u017eeniam, prisp\u00f4sob\u00ed sa n\u00e1ro\u010dn\u00fdm pracovn\u00fdm podmienkam a pri kon\u0161trukcii zoh\u013ead\u0148uje odolnos\u0165 vo\u010di opotrebovaniu a kor\u00f3zii, aby sa pred\u013a\u017eila jeho \u017eivotnos\u0165.<\/li>\n<li>Efekt\u00edvna hydraulick\u00e1 prev\u00e1dzka: Plynul\u00e9 vys\u00favanie a s\u0165ahovanie sa dosahuje pomocou tlaku hydraulick\u00e9ho oleja a dok\u00e1\u017ee r\u00fdchlo reagova\u0165 na ovl\u00e1dacie povely, \u010d\u00edm poskytuje siln\u00e9 tla\u010dn\u00e9 a \u0165a\u017en\u00e9 sily vhodn\u00e9 na manipul\u00e1ciu s \u0165a\u017ek\u00fdmi bremenami a zlo\u017eit\u00e9 prev\u00e1dzkov\u00e9 \u00falohy.<\/li>\n<li>R\u00f4zne typy: Jedno\u010dinn\u00e9 (hydraulicky ovl\u00e1dan\u00e9 iba v jednom smere) alebo dvoj\u010dinn\u00e9 (hydraulicky ovl\u00e1dan\u00e9 v dvoch smeroch) valce je mo\u017en\u00e9 vybra\u0165 pod\u013ea potrieb, aby sa splnili r\u00f4zne prev\u00e1dzkov\u00e9 po\u017eiadavky. Niektor\u00e9 modely s\u00fa teleskopick\u00e9, \u010do umo\u017e\u0148uje v\u00e4\u010d\u0161ie vysunutie bez zv\u00e4\u010d\u0161enia vonkaj\u0161\u00edch rozmerov, vhodn\u00e9 pre aplik\u00e1cie s obmedzen\u00fdm priestorom.<\/li>\n<li>Vymenite\u013en\u00e9 za hydraulick\u00fd valec: N\u00e1\u0161 produkt dok\u00e1\u017ee dokonale nahradi\u0165 tieto hydraulick\u00e9 valce.<\/li>\n<\/ul>\n<p><img decoding=\"async\" src=\"https:\/\/www.hydraulic-cylinders.net\/wp-content\/uploads\/2025\/01\/songte-cylinder-head-with-all-kinds-excavator-models.webp\" alt=\"Obr\u00e1zok v\u00fdmeny valca vedra\"><\/p>\n<h2>Aplik\u00e1cie<\/h2>\n<p>Valec kor\u010deka pre ve\u013ek\u00e9 r\u00fdpadlo Liebherr R970S sa be\u017ene pou\u017e\u00edva v nasleduj\u00facich aplik\u00e1ci\u00e1ch:<\/p>\n<ul>\n<li>Stavebn\u00e9 zariadenia: V bagroch s\u00fa nevyhnutn\u00e9 na kopanie, nakladanie a premiest\u0148ovanie zeminy alebo sutiny. V r\u00fdpadlov\u00fdch bagroch pom\u00e1haj\u00fa valce ko\u0161\u00edkov pri kopan\u00ed aj zdv\u00edhan\u00ed. <\/li>\n<li>Po\u013enohospod\u00e1rske stroje: Pou\u017e\u00edvaj\u00fa sa v \u010deln\u00fdch naklada\u010doch na naberanie, zdv\u00edhanie a prepravu p\u00f4dy, sena a in\u00fdch materi\u00e1lov. <\/li>\n<li>R\u00fdpadl\u00e1: Valce ly\u017eice umo\u017e\u0148uj\u00fa kopanie t\u00fdm, \u017ee umo\u017e\u0148uj\u00fa ly\u017eici prenikn\u00fa\u0165 do p\u00f4dy.<\/li>\n<li>Naklada\u010de: \u010celn\u00e9 naklada\u010de pom\u00e1haj\u00fa efekt\u00edvne zdv\u00edha\u0165 a vyklada\u0165 n\u00e1klad.<\/li>\n<\/ul>\n<h2>Krit\u00e9ri\u00e1 n\u00e1vrhu a v\u00fdberu<\/h2>\n<p>Pri navrhovan\u00ed kore\u010dkov\u00fdch valcov pre \u0165a\u017ek\u00e9 stroje je potrebn\u00e9 zv\u00e1\u017ei\u0165 nasleduj\u00face krit\u00e9ri\u00e1:<\/p>\n<ul>\n<li>Nosnos\u0165: Valec mus\u00ed by\u0165 schopn\u00fd zvl\u00e1dnu\u0165 po\u017eadovan\u00fa hmotnos\u0165, tlak a za\u0165a\u017eenie.<\/li>\n<li>Tesnenie: Na zabr\u00e1nenie hydraulick\u00fdm \u00fanikom sa pou\u017e\u00edvaj\u00fa r\u00f4zne tesniace komponenty, ako s\u00fa tesnenia piestov a tesnenia ty\u010d\u00ed.<\/li>\n<li>Trvanlivos\u0165: Valec mus\u00ed by\u0165 schopn\u00fd odol\u00e1va\u0165 n\u00e1ro\u010dn\u00fdm podmienkam vr\u00e1tane odolnosti vo\u010di opotrebovaniu a kor\u00f3zii, aby sa zabezpe\u010dila maxim\u00e1lna \u017eivotnos\u0165.<\/li>\n<li>Bezpe\u010dnos\u0165: F\u013ea\u0161a mus\u00ed sp\u013a\u0148a\u0165 bezpe\u010dnostn\u00e9 normy a predpisy, aby sa predi\u0161lo nehod\u00e1m a zraneniam.<\/li>\n<li>\u00dadr\u017eba: Jednoduch\u00e1 \u00fadr\u017eba a opravy s\u00fa k\u013e\u00fa\u010dov\u00e9 pre udr\u017eanie v\u00fdkonu a \u017eivotnosti valca.<\/li>\n<\/ul>\n<p><img decoding=\"async\" src=\"https:\/\/www.hydraulic-cylinders.net\/wp-content\/uploads\/2025\/01\/songte-oil-pipes-and-spare-parts.webp\" alt=\"Obr\u00e1zok \u010dast\u00ed valca vedra\"><\/p>\n<h2>Tesnenie a mazanie<\/h2>\n<p>Na zabr\u00e1nenie \u00faniku hydraulick\u00e9ho oleja sa pou\u017e\u00edvaj\u00fa r\u00f4zne typy tesnen\u00ed, ako s\u00fa tesnenia piestov a tesnenia ty\u010d\u00ed. Teles\u00e1 valcov a povrchy z\u00e1vitov\u00fdch koncov s\u00fa jemne opracovan\u00e9, aby sa zlep\u0161ila odolnos\u0165 proti opotrebovaniu. Na udr\u017eanie v\u00fdkonu valca je tie\u017e potrebn\u00e9 pravidelne prid\u00e1va\u0165 vhodn\u00e9 mno\u017estvo hydraulick\u00e9ho oleja na mazanie.<\/p>\n<h2>\u00dadr\u017eba a opravy<\/h2>\n<p>Pravideln\u00e1 kontrola, vhodn\u00e9 mazanie, v\u00fdmena tesnen\u00ed a kalibra\u010dn\u00e9 kontroly s\u00fa be\u017en\u00fdmi \u00falohami \u00fadr\u017eby valcov s ko\u0161\u00edkom. Spr\u00e1vna in\u0161tal\u00e1cia, mazanie a nastavenie s\u00fa nevyhnutn\u00e9 pre zabezpe\u010denie bezpe\u010dnej a efekt\u00edvnej prev\u00e1dzky. Spr\u00e1vne pokyny pre zarovnanie valca po\u010das in\u0161tal\u00e1cie, pou\u017eitie vhodn\u00fdch mont\u00e1\u017enych konzol na upevnenie valca a odpor\u00fa\u010dan\u00e9 postupy kontroly, opravy a v\u00fdmeny s\u00fa nevyhnutn\u00e9 pre pred\u013a\u017eenie \u017eivotnosti produktu. <\/p>\n<p><img decoding=\"async\" src=\"https:\/\/www.hydraulic-cylinders.net\/wp-content\/uploads\/2025\/01\/songte-chushion-collar.webp\" alt=\"Obr\u00e1zok goliera vank\u00fa\u0161a s valcom vedra\"><\/p>\n<h2>Bezpe\u010dnostn\u00e9 aspekty a faktory prostredia<\/h2>\n<p>Pri pou\u017e\u00edvan\u00ed valca s kore\u010dkou pre ve\u013ek\u00e9 r\u00fdpadlo Liebherr R970S s\u00fa potrebn\u00e9 bezpe\u010dnostn\u00e9 opatrenia, aby sa predi\u0161lo nehod\u00e1m a zraneniam. V\u00fdkon a \u017eivotnos\u0165 valca ovplyv\u0148uj\u00fa aj faktory prostredia, ako je teplota, vlhkos\u0165 a kor\u00f3zia. <\/p>\n<h2>Diagnostika a rie\u0161enie probl\u00e9mov<\/h2>\n<p>Medzi be\u017en\u00e9 probl\u00e9my s valcami vedier patria hydraulick\u00e9 netesnosti, nepravideln\u00e9 pohyby a opotrebovan\u00e9 tesnenia. V\u010dasn\u00e1 diagnostika a rie\u0161enie probl\u00e9mov s\u00fa nevyhnutn\u00e9 na zabr\u00e1nenie \u010fal\u0161iemu po\u0161kodeniu a prestojom. Prevent\u00edvne opatrenia, ako s\u00fa pravideln\u00e9 kontroly a vhodn\u00e9 mazanie, m\u00f4\u017eu zn\u00ed\u017ei\u0165 potenci\u00e1lne probl\u00e9my.<\/p>\n<p><img decoding=\"async\" src=\"https:\/\/www.hydraulic-cylinders.net\/wp-content\/uploads\/2025\/01\/songte-bushings-with-all-kinds-of-excavator-models.webp\" alt=\"Obr\u00e1zok puzdier valca vedra\"><\/p>\n<h2>O na\u0161ej spolo\u010dnosti<\/h2>\n<p>Sme popredn\u00fdm v\u00fdrobcom a ve\u013ekoobchodn\u00fdm distrib\u00fatorom hydraulick\u00fdch valcov na dom\u00e1com aj medzin\u00e1rodnom trhu s kompletn\u00fdm sortimentom produktov. Dodr\u017eiavame z\u00e1sady vynikaj\u00facej kvality, spoliehame sa na industrializovan\u00e9 strat\u00e9gie riadenia v\u00fdroby v prec\u00edznych v\u00fdrobn\u00fdch diel\u0148ach a neust\u00e1le vylep\u0161ujeme v\u00fdrobn\u00e9 platformy s cie\u013eom dosiahnu\u0165 dokonal\u00e9 v\u00fdrobn\u00e9 linky s vysokou kvalitou produktov. Disponujeme siln\u00fdmi kreat\u00edvnymi schopnos\u0165ami, vysokou efektivitou, vysokou presnos\u0165ou a princ\u00edpmi vysokej kvality, aby sme uspokojili rozmanit\u00e9 potreby z\u00e1kazn\u00edkov. <\/p>\n<p><img decoding=\"async\" src=\"https:\/\/hzpt.com\/wp-content\/uploads\/2024\/11\/songte-company-1.webp\" alt=\"O na\u0161ej spolo\u010dnosti Image\"><\/p>\n<h3>Profesionalita<\/h3>\n<p>Na\u0161a spolo\u010dnos\u0165 sa \u0161pecializuje na v\u00fdrobu r\u00f4znych typov hydraulick\u00fdch valcov pre r\u00f4zne aplik\u00e1cie. M\u00e1me rozsiahle sk\u00fasenosti s v\u00fdrobou vysoko kvalitn\u00fdch a odoln\u00fdch produktov, ktor\u00e9 sp\u013a\u0148aj\u00fa po\u017eiadavky z\u00e1kazn\u00edkov.<\/p>\n<h3>Medzin\u00e1rodn\u00e1 certifik\u00e1cia<\/h3>\n<p>Na\u0161e v\u00fdrobky pre\u0161li medzin\u00e1rodn\u00fdmi certifik\u00e1ciami ako ISO 9001 a CE, aby sme zabezpe\u010dili, \u017ee na\u0161e v\u00fdrobky sp\u013a\u0148aj\u00fa najvy\u0161\u0161ie \u0161tandardy kvality a bezpe\u010dnosti.<\/p>\n<h3>Slu\u017eby prisp\u00f4sobenia<\/h3>\n<p>Poskytujeme slu\u017eby prisp\u00f4sobenia, aby sme splnili \u0161pecifick\u00e9 potreby na\u0161ich z\u00e1kazn\u00edkov, od n\u00e1vrhu cez v\u00fdrobu a\u017e po dodanie, aby sme zabezpe\u010dili, \u017ee na\u0161e produkty sp\u013a\u0148aj\u00fa presn\u00e9 \u0161pecifik\u00e1cie z\u00e1kazn\u00edkov.<\/p>\n<h3>V\u00fdrobn\u00e9 zariadenia<\/h3>\n<p>Pou\u017e\u00edvame pokro\u010dil\u00e9 digit\u00e1lne v\u00fdrobn\u00e9 zariadenia, aby sme zabezpe\u010dili efekt\u00edvnu a presn\u00fa v\u00fdrobu na\u0161ich produktov s vysokou kvalitou a odolnos\u0165ou.<\/p>\n<h3>Popredajn\u00fd servis<\/h3>\n<p>Poskytujeme vynikaj\u00faci popredajn\u00fd servis vr\u00e1tane \u00fadr\u017eby produktov, opr\u00e1v a v\u00fdmeny dielov a z\u00e1kazn\u00edkom poskytujeme technick\u00fa podporu pri rie\u0161en\u00ed ak\u00fdchko\u013evek probl\u00e9mov, s ktor\u00fdmi sa stretn\u00fa pri pou\u017e\u00edvan\u00ed na\u0161ich produktov.<\/p>\n<p>Autor: lyl<\/p>","protected":false},"excerpt":{"rendered":"<p>Bucket Cylinder For Liebherr Large Excavator R970S Introduction The bucket cylinder for Liebherr large excavator R970S is a specially designed hydraulic cylinder used to control the movement of the bucket in heavy machinery such as excavators, backhoe excavators, and front-end loaders. Its main function is to enable the bucket to lift, lower, and tilt, making [&hellip;]<\/p>","protected":false},"featured_media":14761,"comment_status":"open","ping_status":"closed","template":"","meta":{"_et_pb_use_builder":"","_et_pb_old_content":"","_et_gb_content_width":""},"product_brand":[],"product_cat":[1494],"product_tag":[1495,1496],"class_list":{"0":"post-15641","1":"product","2":"type-product","3":"status-publish","4":"has-post-thumbnail","6":"product_cat-bucket-cylinders","7":"product_tag-bucket-cylinders","8":"product_tag-hydraulic-cylinders","10":"first","11":"instock","12":"shipping-taxable","13":"product-type-simple"},"amp_enabled":true,"_links":{"self":[{"href":"https:\/\/www.hydraulic-cylinders.net\/sk\/wp-json\/wp\/v2\/product\/15641","targetHints":{"allow":["GET"]}}],"collection":[{"href":"https:\/\/www.hydraulic-cylinders.net\/sk\/wp-json\/wp\/v2\/product"}],"about":[{"href":"https:\/\/www.hydraulic-cylinders.net\/sk\/wp-json\/wp\/v2\/types\/product"}],"replies":[{"embeddable":true,"href":"https:\/\/www.hydraulic-cylinders.net\/sk\/wp-json\/wp\/v2\/comments?post=15641"}],"wp:featuredmedia":[{"embeddable":true,"href":"https:\/\/www.hydraulic-cylinders.net\/sk\/wp-json\/wp\/v2\/media\/14761"}],"wp:attachment":[{"href":"https:\/\/www.hydraulic-cylinders.net\/sk\/wp-json\/wp\/v2\/media?parent=15641"}],"wp:term":[{"taxonomy":"product_brand","embeddable":true,"href":"https:\/\/www.hydraulic-cylinders.net\/sk\/wp-json\/wp\/v2\/product_brand?post=15641"},{"taxonomy":"product_cat","embeddable":true,"href":"https:\/\/www.hydraulic-cylinders.net\/sk\/wp-json\/wp\/v2\/product_cat?post=15641"},{"taxonomy":"product_tag","embeddable":true,"href":"https:\/\/www.hydraulic-cylinders.net\/sk\/wp-json\/wp\/v2\/product_tag?post=15641"}],"curies":[{"name":"pracovn\u00fd list","href":"https:\/\/api.w.org\/{rel}","templated":true}]}}