{"id":15642,"date":"2025-01-19T14:47:13","date_gmt":"2025-01-19T14:47:13","guid":{"rendered":"https:\/\/www.hydraulic-cylinders.net\/product\/bucket-cylinder-for-liebherr-large-excavator-r976\/"},"modified":"2025-01-19T14:47:15","modified_gmt":"2025-01-19T14:47:15","slug":"bucket-cylinder-for-liebherr-large-excavator-r976","status":"publish","type":"product","link":"https:\/\/www.hydraulic-cylinders.net\/sk\/produkt\/bucket-cylinder-for-liebherr-large-excavator-r976\/","title":{"rendered":"Valec vedra pre ve\u013ek\u00e9 r\u00fdpadlo Liebherr R976"},"content":{"rendered":"<h1>Valec vedra pre ve\u013ek\u00e9 r\u00fdpadlo Liebherr R976<\/h1>\n<h2>\u00davod<\/h2>\n<h3>Defin\u00edcia valca vedra<\/h3>\n<p>Hydraulick\u00fd valec ly\u017eice, tie\u017e zn\u00e1my ako valec v\u00fdlo\u017en\u00edka, je \u0161peci\u00e1lne navrhnut\u00fd hydraulick\u00fd valec, ktor\u00fd sa pou\u017e\u00edva predov\u0161etk\u00fdm na ovl\u00e1danie pohybu ly\u017eice v \u0165a\u017ek\u00fdch strojoch, ako s\u00fa bagre, r\u00fdpadlo-naklada\u010de a \u010deln\u00e9 naklada\u010de. Jeho hlavnou funkciou je umo\u017eni\u0165 zdv\u00edhanie, sp\u00fa\u0161\u0165anie a nakl\u00e1\u0148anie ly\u017eice, \u010d\u00edm sa u\u013eah\u010duj\u00fa r\u00f4zne \u00falohy manipul\u00e1cie s materi\u00e1lom. V hydraulickom syst\u00e9me dosahuje valec ly\u017eice presn\u00e9 ovl\u00e1danie ly\u017eice pomocou zmien tlaku hydraulick\u00e9ho oleja, \u010do umo\u017e\u0148uje obsluhe efekt\u00edvne manipulova\u0165 s \u0165a\u017ek\u00fdmi bremenami a prisp\u00f4sobi\u0165 sa zlo\u017eit\u00fdm pracovn\u00fdm prostrediam a r\u00f4znym prev\u00e1dzkov\u00fdm po\u017eiadavk\u00e1m.<\/p>\n<p><img decoding=\"async\" src=\"https:\/\/www.hydraulic-cylinders.net\/wp-content\/uploads\/2025\/01\/songte-company-2.webp\" alt=\"Obr\u00e1zok valca vedra\"><\/p>\n<h3>Vlastnosti produktu<\/h3>\n<ul>\n<li>Vysok\u00e1 pevnos\u0165 a odolnos\u0165: Zvy\u010dajne vyroben\u00e9 z vysokopevnostnej ocele alebo hlin\u00edka, schopn\u00e9 odol\u00e1va\u0165 vysok\u00e9mu tlaku a \u0165a\u017ek\u00fdm za\u0165a\u017eeniam, vhodn\u00e9 do n\u00e1ro\u010dn\u00fdch pracovn\u00fdch prostred\u00ed, navrhnut\u00e9 s oh\u013eadom na odolnos\u0165 vo\u010di opotrebovaniu a kor\u00f3zii, \u010d\u00edm sa predl\u017euje \u017eivotnos\u0165.<\/li>\n<li>Efekt\u00edvna hydraulick\u00e1 prev\u00e1dzka: Vyu\u017eitie tlaku hydraulick\u00e9ho oleja na dosiahnutie plynul\u00e9ho vys\u00favania a zas\u00favania, schopnos\u0165 r\u00fdchlo reagova\u0165 na ovl\u00e1dacie povely, poskytovanie silnej tla\u010dnej a \u0165a\u017enej sily, vhodn\u00e9 na manipul\u00e1ciu s \u0165a\u017ek\u00fdmi bremenami a zlo\u017eit\u00e9 prev\u00e1dzkov\u00e9 \u00falohy.<\/li>\n<li>R\u00f4zne typy: Pod\u013ea prev\u00e1dzkov\u00fdch potrieb si m\u00f4\u017eete vybra\u0165 jedno\u010dinn\u00e9 (hydraulicky ovl\u00e1dan\u00e9 iba v jednom smere) alebo dvoj\u010dinn\u00e9 (hydraulicky ovl\u00e1dan\u00e9 v oboch smeroch) valce, niektor\u00e9 modely s\u00fa teleskopick\u00e9, \u010do umo\u017e\u0148uje v\u00e4\u010d\u0161ie vysunutie bez zv\u00e4\u010d\u0161enia vonkaj\u0161\u00edch rozmerov, vhodn\u00e9 pre aplik\u00e1cie s obmedzen\u00fdm priestorom.<\/li>\n<li>Kompatibilita: Na\u0161e produkty dok\u00e1\u017eu dokonale nahradi\u0165 tieto hydraulick\u00e9 valce.<\/li>\n<li>Prisp\u00f4sobite\u013en\u00e9: Poskytujeme prisp\u00f4soben\u00e9 slu\u017eby, ktor\u00e9 sp\u013a\u0148aj\u00fa r\u00f4zne prev\u00e1dzkov\u00e9 po\u017eiadavky.<\/li>\n<\/ul>\n<p><img decoding=\"async\" src=\"https:\/\/www.hydraulic-cylinders.net\/wp-content\/uploads\/2025\/01\/songte-cylinder-head-with-all-kinds-excavator-models.webp\" alt=\"Obr\u00e1zok produktu\"><\/p>\n<h3>Aplik\u00e1cie<\/h3>\n<p>Valec kor\u010deka sa d\u00e1 pou\u017ei\u0165 na r\u00f4zne \u0165a\u017ek\u00e9 stroje vr\u00e1tane:<\/p>\n<ul>\n<li>Stavebn\u00e9 zariadenia: Nach\u00e1dzaj\u00fa sa v bagroch a s\u00fa nevyhnutn\u00e9 pre v\u00fdkopov\u00e9 pr\u00e1ce, nakladanie a premiest\u0148ovanie zeminy alebo sutiny. V r\u00fdpadlo-naklada\u010doch pom\u00e1haj\u00fa valce ko\u0161\u00edkov pri v\u00fdkopov\u00fdch pr\u00e1cach aj zdv\u00edhan\u00ed. <\/li>\n<li>Po\u013enohospod\u00e1rske stroje: Pou\u017e\u00edvaj\u00fa sa v \u010deln\u00fdch naklada\u010doch na naberanie, zdv\u00edhanie a prepravu p\u00f4dy, sena a in\u00fdch materi\u00e1lov. <\/li>\n<li>R\u00fdpadl\u00e1: Valce lopaty dosahuj\u00fa v\u00fdkopov\u00fd \u00fa\u010dinok t\u00fdm, \u017ee umo\u017e\u0148uj\u00fa lopate prenikn\u00fa\u0165 do p\u00f4dy. <\/li>\n<li>\u010celn\u00e9 naklada\u010de: V \u010deln\u00fdch naklada\u010doch pom\u00e1haj\u00fa so zdv\u00edhan\u00edm a nakl\u00e1\u0148an\u00edm pre efekt\u00edvnu manipul\u00e1ciu s materi\u00e1lom. <\/li>\n<\/ul>\n<h3>\u00davahy o dizajne a krit\u00e9ri\u00e1 v\u00fdberu<\/h3>\n<p>Pri v\u00fdbere valcov s ko\u0161\u00edkom je potrebn\u00e9 zoh\u013eadni\u0165 r\u00f4zne faktory, vr\u00e1tane:<\/p>\n<ul>\n<li>Nosnos\u0165: Zv\u00e1\u017ete hmotnos\u0165 z\u00e1\u0165a\u017ee, ktor\u00fa bude musie\u0165 valec nies\u0165, a vyberte valec s vhodnou nosnos\u0165ou. <\/li>\n<li>Tesnenie: Pou\u017eitie r\u00f4znych tesniacich komponentov, ako s\u00fa tesnenia piestov a tesnenia ty\u010d\u00ed, vyroben\u00fdch z materi\u00e1lov odoln\u00fdch vo\u010di opotrebovaniu, ako je polyuret\u00e1n a nitrilov\u00fd kau\u010duk. Teleso valca a z\u00e1vitov\u00e9 koncov\u00e9 plochy s\u00fa jemne opracovan\u00e9 pre zlep\u0161enie odolnosti vo\u010di opotrebovaniu. <\/li>\n<li>Trvanlivos\u0165: Zv\u00e1\u017ete materi\u00e1ly pou\u017eit\u00e9 pri kon\u0161trukcii valca a uistite sa, \u017ee odol\u00e1vaj\u00fa n\u00e1ro\u010dn\u00fdm podmienkam. <\/li>\n<li>Bezpe\u010dnos\u0165: Uistite sa, \u017ee f\u013ea\u0161a je navrhnut\u00e1 s oh\u013eadom na bezpe\u010dnos\u0165 a sp\u013a\u0148a v\u0161etky pr\u00edslu\u0161n\u00e9 bezpe\u010dnostn\u00e9 normy. <\/li>\n<li>\u00dadr\u017eba: Vyberte si valec, ktor\u00fd sa \u013eahko udr\u017eiava a opravuje a m\u00e1 \u013eahko dostupn\u00e9 n\u00e1hradn\u00e9 diely.<\/li>\n<\/ul>\n<p><img decoding=\"async\" src=\"https:\/\/www.hydraulic-cylinders.net\/wp-content\/uploads\/2025\/01\/songte-oil-pipes-and-spare-parts.webp\" alt=\"Dizajnov\u00fd obr\u00e1zok\"><\/p>\n<h3>Tesnenie a mazanie<\/h3>\n<p>Valce s lopatkami pou\u017e\u00edvaj\u00fa r\u00f4zne tesniace komponenty, ako s\u00fa tesnenia piestov, tesnenia ty\u010d\u00ed a stiera\u010de, vyroben\u00e9 z materi\u00e1lov odoln\u00fdch vo\u010di opotrebovaniu, ako je polyuret\u00e1n a nitrilov\u00fd kau\u010duk. Teleso valca a z\u00e1vitov\u00e9 koncov\u00e9 plochy s\u00fa jemne opracovan\u00e9, aby sa zlep\u0161ila odolnos\u0165 vo\u010di opotrebovaniu. Pravideln\u00e9 prid\u00e1vanie vhodn\u00e9ho hydraulick\u00e9ho oleja do valca je nevyhnutn\u00e9 pre zabezpe\u010denie jeho hladk\u00e9ho chodu.<\/p>\n<p><img decoding=\"async\" src=\"https:\/\/www.hydraulic-cylinders.net\/wp-content\/uploads\/2025\/01\/songte-chushion-collar.webp\" alt=\"Obr\u00e1zok tesnenia a mazania\"><\/p>\n<h3>\u00dadr\u017eba a opravy<\/h3>\n<p>Pravideln\u00e1 \u00fadr\u017eba a opravy s\u00fa nevyhnutn\u00e9 na pred\u013a\u017eenie \u017eivotnosti valcov s ko\u0161\u00edkom. Medzi be\u017en\u00e9 \u00falohy \u00fadr\u017eby patria:<\/p>\n<ul>\n<li>Pravideln\u00e1 kontrola <\/li>\n<li>Spr\u00e1vne mazanie<\/li>\n<li>V\u00fdmena tesnenia<\/li>\n<li>Kontrola kalibr\u00e1cie<\/li>\n<\/ul>\n<p>Po\u010das in\u0161tal\u00e1cie je d\u00f4le\u017eit\u00e9 poskytn\u00fa\u0165 spr\u00e1vne vedenie pre spr\u00e1vne zarovnanie valca. Odpor\u00fa\u010da sa pou\u017ei\u0165 vhodn\u00e9 mont\u00e1\u017ene konzoly na upevnenie valca. Poskytujeme tie\u017e odpor\u00fa\u010dan\u00e9 postupy kontroly, opravy a v\u00fdmeny, ako aj n\u00e1hradn\u00e9 diely a slu\u017eby rekon\u0161trukcie na pred\u013a\u017eenie \u017eivotnosti valcov s vedro.<\/p>\n<p><img decoding=\"async\" src=\"https:\/\/www.hydraulic-cylinders.net\/wp-content\/uploads\/2025\/01\/songte-bushings-with-all-kinds-of-excavator-models.webp\" alt=\"Obr\u00e1zok \u00fadr\u017eby a opr\u00e1v\"><\/p>\n<h3>Bezpe\u010dnostn\u00e9 aspekty a faktory prostredia<\/h3>\n<p>Pri pou\u017e\u00edvan\u00ed valcov s kore\u010dkami je potrebn\u00e9 prija\u0165 bezpe\u010dnostn\u00e9 opatrenia na zaistenie bezpe\u010dnej prev\u00e1dzky. Je d\u00f4le\u017eit\u00e9 dodr\u017eiava\u0165 pokyny v\u00fdrobcu a pri manipul\u00e1cii s \u0165a\u017ek\u00fdmi bremenami pou\u017e\u00edva\u0165 vhodn\u00e9 bezpe\u010dnostn\u00e9 vybavenie. Je potrebn\u00e9 zoh\u013eadni\u0165 aj environment\u00e1lne aspekty, ako je spr\u00e1vna likvid\u00e1cia hydraulick\u00e9ho oleja a in\u00fdch kvapal\u00edn.<\/p>\n<h3>Rie\u0161enie probl\u00e9mov a be\u017en\u00e9 probl\u00e9my<\/h3>\n<p>Medzi be\u017en\u00e9 probl\u00e9my s valcami kor\u010dekov patr\u00ed netesnos\u0165 a nedostato\u010dn\u00e9 vys\u00favanie alebo zas\u00favanie. Medzi tipy na rie\u0161enie probl\u00e9mov patr\u00ed kontrola po\u0161koden\u00fdch alebo opotrebovan\u00fdch tesnen\u00ed, po\u0161koden\u00fdch piestnych ty\u010d\u00ed a nedostatku hydraulick\u00e9ho oleja. Pre zabezpe\u010denie bezpe\u010dn\u00fdch a \u00fa\u010dinn\u00fdch opr\u00e1v je d\u00f4le\u017eit\u00e9 dodr\u017eiava\u0165 spr\u00e1vne diagnostick\u00e9 a oprav\u00e1rensk\u00e9 postupy.<\/p>\n<p><img decoding=\"async\" src=\"https:\/\/hzpt.com\/wp-content\/uploads\/2024\/11\/songte-company-1.webp\" alt=\"Environment\u00e1lny obraz\"><\/p>\n<h2>O na\u0161ej spolo\u010dnosti<\/h2>\n<p>Sme v\u00fdrobcom n\u00e1hradn\u00fdch hydraulick\u00fdch valcov. N\u00e1\u0161 kompletn\u00fd sortiment produktov z n\u00e1s rob\u00ed jedn\u00e9ho z popredn\u00fdch v\u00fdrobcov a ve\u013ekoobchodn\u00fdch distrib\u00fatorov hydraulick\u00fdch valcov na dom\u00e1com aj medzin\u00e1rodnom trhu. Dodr\u017eiavame z\u00e1sadu vynikaj\u00facej kvality, spoliehame sa na industrializovan\u00e9 strat\u00e9gie riadenia v\u00fdroby v prec\u00edzne spracovan\u00fdch v\u00fdrobn\u00fdch diel\u0148ach a neust\u00e1le zlep\u0161ujeme v\u00fdrobn\u00fa platformu na\u0161ich dieln\u00ed vyu\u017e\u00edvan\u00edm technologick\u00fdch talentov, digit\u00e1lnych \u0161pi\u010dkov\u00fdch v\u00fdrobn\u00fdch zariaden\u00ed a profesion\u00e1lnych detek\u010dn\u00fdch syst\u00e9mov. Poskytujeme efekt\u00edvne, presn\u00e9 a vysoko kvalitn\u00e9 produkty, ktor\u00e9 sp\u013a\u0148aj\u00fa rozmanit\u00e9 potreby na\u0161ich z\u00e1kazn\u00edkov.<\/p>\n<p>Na\u0161a spolo\u010dnos\u0165 poskytuje profesion\u00e1lne, medzin\u00e1rodne certifikovan\u00e9 produkty, prisp\u00f4soben\u00e9 slu\u017eby, modern\u00e9 v\u00fdrobn\u00e9 zariadenia a popredajn\u00fd servis.<\/p>\n<p><img decoding=\"async\" src=\"https:\/\/www.hydraulic-cylinders.net\/wp-content\/uploads\/2025\/01\/songte-company-3.webp\" alt=\"Obr\u00e1zok spolo\u010dnosti\"><\/p>\n<p>Autor: lyl<\/p>","protected":false},"excerpt":{"rendered":"<p>Bucket Cylinder For Liebherr Large Excavator R976 Introduction Definition of Bucket Cylinder The bucket cylinder, also known as the boom cylinder, is a specially designed hydraulic cylinder primarily used to control the movement of the bucket in heavy machinery such as excavators, backhoe loaders, and front-end loaders. Its main function is to enable the bucket [&hellip;]<\/p>","protected":false},"featured_media":14789,"comment_status":"open","ping_status":"closed","template":"","meta":{"_et_pb_use_builder":"","_et_pb_old_content":"","_et_gb_content_width":""},"product_brand":[],"product_cat":[1494],"product_tag":[1495,1496],"class_list":{"0":"post-15642","1":"product","2":"type-product","3":"status-publish","4":"has-post-thumbnail","6":"product_cat-bucket-cylinders","7":"product_tag-bucket-cylinders","8":"product_tag-hydraulic-cylinders","10":"first","11":"instock","12":"shipping-taxable","13":"product-type-simple"},"amp_enabled":true,"_links":{"self":[{"href":"https:\/\/www.hydraulic-cylinders.net\/sk\/wp-json\/wp\/v2\/product\/15642","targetHints":{"allow":["GET"]}}],"collection":[{"href":"https:\/\/www.hydraulic-cylinders.net\/sk\/wp-json\/wp\/v2\/product"}],"about":[{"href":"https:\/\/www.hydraulic-cylinders.net\/sk\/wp-json\/wp\/v2\/types\/product"}],"replies":[{"embeddable":true,"href":"https:\/\/www.hydraulic-cylinders.net\/sk\/wp-json\/wp\/v2\/comments?post=15642"}],"wp:featuredmedia":[{"embeddable":true,"href":"https:\/\/www.hydraulic-cylinders.net\/sk\/wp-json\/wp\/v2\/media\/14789"}],"wp:attachment":[{"href":"https:\/\/www.hydraulic-cylinders.net\/sk\/wp-json\/wp\/v2\/media?parent=15642"}],"wp:term":[{"taxonomy":"product_brand","embeddable":true,"href":"https:\/\/www.hydraulic-cylinders.net\/sk\/wp-json\/wp\/v2\/product_brand?post=15642"},{"taxonomy":"product_cat","embeddable":true,"href":"https:\/\/www.hydraulic-cylinders.net\/sk\/wp-json\/wp\/v2\/product_cat?post=15642"},{"taxonomy":"product_tag","embeddable":true,"href":"https:\/\/www.hydraulic-cylinders.net\/sk\/wp-json\/wp\/v2\/product_tag?post=15642"}],"curies":[{"name":"pracovn\u00fd list","href":"https:\/\/api.w.org\/{rel}","templated":true}]}}