{"id":15650,"date":"2025-01-19T14:47:46","date_gmt":"2025-01-19T14:47:46","guid":{"rendered":"https:\/\/www.hydraulic-cylinders.net\/product\/bucket-cylinder-for-sdlg-middle-excavator-lg6210e\/"},"modified":"2025-01-19T14:47:48","modified_gmt":"2025-01-19T14:47:48","slug":"bucket-cylinder-for-sdlg-middle-excavator-lg6210e","status":"publish","type":"product","link":"https:\/\/www.hydraulic-cylinders.net\/sk\/produkt\/bucket-cylinder-for-sdlg-middle-excavator-lg6210e\/","title":{"rendered":"Valec vedra pre stredn\u00e9 r\u00fdpadlo SDLG LG6210E"},"content":{"rendered":"<h1>Valec vedra pre stredn\u00e9 r\u00fdpadlo SDLG LG6210E<\/h1>\n<p><h2>\u00davod<\/h2>\n<p>Hydraulick\u00fd valec ly\u017eice pre stredn\u00e9 r\u00fdpadlo SDLG LG6210E je \u0161peci\u00e1lne navrhnut\u00fd hydraulick\u00fd valec pou\u017e\u00edvan\u00fd na ovl\u00e1danie pohybu ly\u017eice v \u0165a\u017ek\u00fdch strojoch, ako s\u00fa r\u00fdpadl\u00e1, r\u00fdpadlo-naklada\u010de a \u010deln\u00e9 naklada\u010de. Jeho hlavnou funkciou je umo\u017eni\u0165 zdv\u00edhanie, sp\u00fa\u0161\u0165anie a nakl\u00e1\u0148anie ly\u017eice, \u010do u\u013eah\u010duje r\u00f4zne \u00falohy manipul\u00e1cie s materi\u00e1lom. V hydraulickom syst\u00e9me dosahuje valec ly\u017eice presn\u00e9 ovl\u00e1danie ly\u017eice pomocou zmien tlaku hydraulick\u00e9ho oleja, \u010do umo\u017e\u0148uje obsluhe efekt\u00edvne manipulova\u0165 s \u0165a\u017ek\u00fdmi bremenami a prisp\u00f4sobi\u0165 sa zlo\u017eit\u00fdm pracovn\u00fdm prostrediam a r\u00f4znym prev\u00e1dzkov\u00fdm po\u017eiadavk\u00e1m.<\/p>\n<p>  <img decoding=\"async\" src=\"https:\/\/www.hydraulic-cylinders.net\/wp-content\/uploads\/2025\/01\/songte-company-2.webp\" alt=\"Obr\u00e1zok valca vedra\"><\/p>\n<h2>Funkcie<\/h2>\n<ul>\n<li>Vysok\u00e1 pevnos\u0165 a odolnos\u0165: Valec s vedro, zvy\u010dajne vyroben\u00fd z vysokopevnostnej ocele alebo hlin\u00edka, odol\u00e1 vysok\u00e9mu tlaku a \u0165a\u017ek\u00fdm za\u0165a\u017eeniam, \u010d\u00edm sa prisp\u00f4sob\u00ed n\u00e1ro\u010dn\u00fdm pracovn\u00fdm podmienkam. Jeho kon\u0161trukcia zoh\u013ead\u0148uje odolnos\u0165 vo\u010di opotrebovaniu a kor\u00f3zii, \u010d\u00edm sa predl\u017euje jeho \u017eivotnos\u0165.<\/li>\n<li>Efekt\u00edvna hydraulick\u00e1 prev\u00e1dzka: V\u010faka vyu\u017eitiu tlaku hydraulick\u00e9ho oleja umo\u017e\u0148uje valec ly\u017eice plynul\u00e9 pohyby vys\u00favania a zas\u00favania, \u010d\u00edm poskytuje r\u00fdchlu odozvu na ovl\u00e1dacie povely a dod\u00e1va siln\u00e9 tla\u010dn\u00e9 a \u0165a\u017en\u00e9 sily. Je vhodn\u00fd na manipul\u00e1ciu s \u0165a\u017ek\u00fdmi bremenami a zlo\u017eit\u00e9 prev\u00e1dzkov\u00e9 \u00falohy.<\/li>\n<li>R\u00f4zne typy: Valec kor\u010deka je mo\u017en\u00e9 zvoli\u0165 ako jedno\u010dinn\u00fd (hydraulick\u00fd tlak pou\u017e\u00edvan\u00fd iba v jednom smere) alebo dvoj\u010dinn\u00fd (hydraulick\u00fd tlak pou\u017e\u00edvan\u00fd v dvoch smeroch) pod\u013ea \u0161pecifick\u00fdch prev\u00e1dzkov\u00fdch potrieb. Niektor\u00e9 modely s\u00fa teleskopick\u00e9, \u010do umo\u017e\u0148uje v\u00e4\u010d\u0161ie vysunutie bez zv\u00e4\u010d\u0161enia vonkaj\u0161\u00edch rozmerov, v\u010faka \u010domu s\u00fa vhodn\u00e9 pre aplik\u00e1cie s obmedzen\u00fdm priestorom.<\/li>\n<li>Dokonal\u00e1 n\u00e1hrada: N\u00e1\u0161 produkt dok\u00e1\u017ee dokonale nahradi\u0165 tieto hydraulick\u00e9 valce.<\/li>\n<\/ul>\n<p>  <img decoding=\"async\" src=\"https:\/\/www.hydraulic-cylinders.net\/wp-content\/uploads\/2025\/01\/songte-cylinder-head-with-all-kinds-excavator-models.webp\" alt=\"Obr\u00e1zok hydraulick\u00e9ho valca\"><\/p>\n<h2>Aplik\u00e1cie<\/h2>\n<ul>\n<li>Stavebn\u00e9 zariadenia: Nach\u00e1dzaj\u00fa sa v bagroch a s\u00fa nevyhnutn\u00e9 na kopanie, nakladanie a premiest\u0148ovanie zeminy alebo sutiny. V r\u00fdpadlo-naklada\u010doch pom\u00e1ha valec ly\u017eice pri v\u00fdkope aj zdv\u00edhan\u00ed.<\/li>\n<li>Po\u013enohospod\u00e1rske stroje: Pou\u017e\u00edvaj\u00fa sa v \u010deln\u00fdch naklada\u010doch na naberanie, zdv\u00edhanie a prepravu p\u00f4dy, sena a in\u00fdch materi\u00e1lov.<\/li>\n<li>R\u00fdpadl\u00e1: Valec ly\u017eice umo\u017e\u0148uje kopanie t\u00fdm, \u017ee umo\u017e\u0148uje ly\u017eici prenikn\u00fa\u0165 do p\u00f4dy.<\/li>\n<li>Naklada\u010de: \u010celn\u00e9 naklada\u010de pom\u00e1haj\u00fa pri efekt\u00edvnom zdv\u00edhan\u00ed a nakl\u00e1\u0148an\u00ed tovaru.<\/li>\n<\/ul>\n<h2>\u00davahy o dizajne a krit\u00e9ri\u00e1 v\u00fdberu<\/h2>\n<ul>\n<li>Nosnos\u0165: Schopnos\u0165 valca vedra odol\u00e1va\u0165 \u0165a\u017ek\u00fdm za\u0165a\u017eeniam je k\u013e\u00fa\u010dov\u00fdm kon\u0161truk\u010dn\u00fdm faktorom.<\/li>\n<li>Tesnenie: R\u00f4zne tesniace komponenty, ako s\u00fa tesnenia piestov a ty\u010d\u00ed vyroben\u00e9 z materi\u00e1lov odoln\u00fdch vo\u010di opotrebovaniu, ako je polyuret\u00e1n a nitrilov\u00fd kau\u010duk, zabezpe\u010duj\u00fa \u00fa\u010dinn\u00e9 utesnenie. Teleso valca a z\u00e1vitov\u00e9 koncov\u00e9 plochy prech\u00e1dzaj\u00fa d\u00f4kladnou \u00fapravou na zv\u00fd\u0161enie odolnosti vo\u010di opotrebovaniu.<\/li>\n<li>Odolnos\u0165: Valec vedra je navrhnut\u00fd tak, aby bol odoln\u00fd, ber\u00fac do \u00favahy n\u00e1ro\u010dn\u00e9 pracovn\u00e9 podmienky, s ktor\u00fdmi sa m\u00f4\u017ee stretn\u00fa\u0165.<\/li>\n<li>Bezpe\u010dnos\u0165: Do kon\u0161trukcie valca vedra s\u00fa zabudovan\u00e9 bezpe\u010dnostn\u00e9 prvky, ktor\u00e9 zabra\u0148uj\u00fa nehod\u00e1m a zais\u0165uj\u00fa pohodlie obsluhy.<\/li>\n<li>\u00dadr\u017eba: Zoh\u013ead\u0148uje sa jednoduchos\u0165 \u00fadr\u017eby, \u010do umo\u017e\u0148uje pohodln\u00fa kontrolu, opravu a v\u00fdmenu.<\/li>\n<\/ul>\n<p>  <img decoding=\"async\" src=\"https:\/\/www.hydraulic-cylinders.net\/wp-content\/uploads\/2025\/01\/songte-oil-pipes-and-spare-parts.webp\" alt=\"Obr\u00e1zok komponentov hydraulick\u00e9ho valca\"><\/p>\n<h2>Tesnenie a mazanie<\/h2>\n<p>Valec kor\u010deka vyu\u017e\u00edva r\u00f4zne tesniace komponenty, ako s\u00fa tesnenia piestov a tesnenia ty\u010d\u00ed, ktor\u00e9 s\u00fa vyroben\u00e9 z materi\u00e1lov odoln\u00fdch vo\u010di opotrebovaniu, ako je polyuret\u00e1n a nitrilov\u00fd kau\u010duk. Teleso valca a z\u00e1vitov\u00e9 koncov\u00e9 plochy prech\u00e1dzaj\u00fa d\u00f4kladnou \u00fapravou, aby sa zlep\u0161ila odolnos\u0165 vo\u010di opotrebovaniu. Na zabezpe\u010denie hladk\u00e9ho chodu je potrebn\u00e9 pravideln\u00e9 mazanie vhodn\u00fdm mno\u017estvom hydraulick\u00e9ho oleja.<\/p>\n<h2>Pravideln\u00e1 kontrola a prevent\u00edvna \u00fadr\u017eba<\/h2>\n<ul>\n<li>Pravideln\u00e1 kontrola pom\u00e1ha identifikova\u0165 ak\u00e9ko\u013evek potenci\u00e1lne probl\u00e9my a zabezpe\u010duje optim\u00e1lny v\u00fdkon valca vedra.<\/li>\n<li>Spr\u00e1vne mazanie je nevyhnutn\u00e9 pre udr\u017eanie \u00fa\u010dinnosti a dlhej \u017eivotnosti valca vedra.<\/li>\n<li>V\u00fdmena tesnen\u00ed by sa mala vykon\u00e1va\u0165 pod\u013ea potreby, aby sa predi\u0161lo \u00fanikom a zabezpe\u010dilo sa spr\u00e1vne utesnenie.<\/li>\n<li>Kalibra\u010dn\u00e9 kontroly by sa mali vykon\u00e1va\u0165 pravidelne, aby sa zabezpe\u010dila presn\u00e1 prev\u00e1dzka.<\/li>\n<\/ul>\n<p>  <img decoding=\"async\" src=\"https:\/\/www.hydraulic-cylinders.net\/wp-content\/uploads\/2025\/01\/songte-chushion-collar.webp\" alt=\"Obr\u00e1zok \u00fadr\u017eby hydraulick\u00e9ho valca\"><\/p>\n<h2>Bezpe\u010dnostn\u00e9 aspekty a faktory prostredia<\/h2>\n<p>Dodr\u017eiavanie bezpe\u010dnostn\u00fdch opatren\u00ed pri pou\u017e\u00edvan\u00ed valca s vedrom je nevyhnutn\u00e9 na predch\u00e1dzanie nehod\u00e1m a udr\u017eiavanie bezpe\u010dn\u00e9ho pracovn\u00e9ho prostredia. Na minimaliz\u00e1ciu negat\u00edvnych vplyvov by sa mali zv\u00e1\u017ei\u0165 aj environment\u00e1lne faktory, ako je spr\u00e1vna likvid\u00e1cia hydraulick\u00e9ho oleja.<\/p>\n<h2>Rie\u0161enie probl\u00e9mov a be\u017en\u00e9 probl\u00e9my<\/h2>\n<p>M\u00f4\u017eu sa vyskytn\u00fa\u0165 be\u017en\u00e9 probl\u00e9my s valcom vedra. Rie\u0161enie t\u00fdchto probl\u00e9mov si vy\u017eaduje presn\u00fa diagnostiku a \u00fa\u010dinn\u00e9 rie\u0161enia. Na minimaliz\u00e1ciu potenci\u00e1lnych probl\u00e9mov by sa mali zavies\u0165 prevent\u00edvne opatrenia.<\/p>\n<p>  <img decoding=\"async\" src=\"https:\/\/www.hydraulic-cylinders.net\/wp-content\/uploads\/2025\/01\/songte-bushings-with-all-kinds-of-excavator-models.webp\" alt=\"Obr\u00e1zok rie\u0161enia probl\u00e9mov s hydraulick\u00fdm valcom\"><\/p>\n<h2>Preh\u013ead spolo\u010dnosti<\/h2>\n<p>Sme v\u00fdrobcom n\u00e1hradn\u00fdch hydraulick\u00fdch valcov a pon\u00fakame \u0161irok\u00fd sortiment produktov. Ako jeden z popredn\u00fdch v\u00fdrobcov a ve\u013ekoobchodn\u00fdch distrib\u00fatorov hydraulick\u00fdch valcov na dom\u00e1com aj medzin\u00e1rodnom trhu kladieme d\u00f4raz na vynikaj\u00facu kvalitu. V\u010faka vyu\u017eitiu modern\u00fdch v\u00fdrobn\u00fdch zariaden\u00ed, profesion\u00e1lnych testovac\u00edch syst\u00e9mov a vysoko kvalifikovanej pracovnej sily neust\u00e1le zlep\u0161ujeme na\u0161u v\u00fdrobn\u00fa platformu a v\u00fdrobn\u00e9 postupy zameran\u00e9 na kvalitu produktov. Na\u0161a spolo\u010dnos\u0165 sa zaviazala uspokojova\u0165 rozmanit\u00e9 potreby z\u00e1kazn\u00edkov s vysokou efektivitou, presnos\u0165ou a kvalitou.<\/p>\n<p>  <img decoding=\"async\" src=\"https:\/\/www.hydraulic-cylinders.net\/wp-content\/uploads\/2025\/01\/songte-company-3.webp\" alt=\"Obr\u00e1zok spolo\u010dnosti\"><\/p>\n<h2>Profesionalita<\/h2>\n<p>Na\u0161a spolo\u010dnos\u0165 dodr\u017eiava najvy\u0161\u0161ie \u0161tandardy profesionality a zabezpe\u010duje na\u0161im z\u00e1kazn\u00edkom dod\u00e1vanie kvalitn\u00fdch produktov a slu\u017eieb. Sme dr\u017eite\u013emi medzin\u00e1rodn\u00fdch certifik\u00e1tov a poskytujeme slu\u017eby na mieru, ktor\u00e9 sp\u013a\u0148aj\u00fa \u0161pecifick\u00e9 po\u017eiadavky. Na\u0161e v\u00fdrobn\u00e9 zariadenia s\u00fa najmodernej\u0161ie a n\u00e1\u0161 popredajn\u00fd servis zaru\u010duje spokojnos\u0165 z\u00e1kazn\u00edkov.<\/p>\n<h2>Z\u00e1ver<\/h2>\n<p>Z\u00e1verom mo\u017eno poveda\u0165, \u017ee valec ly\u017eice pre stredn\u00e9 r\u00fdpadlo SDLG LG6210E je \u0161pecializovan\u00fd hydraulick\u00fd valec ur\u010den\u00fd na ovl\u00e1danie pohybu ly\u017eice v \u0165a\u017ek\u00fdch strojoch. V\u010faka svojej vysokej pevnosti, odolnosti, efekt\u00edvnemu hydraulick\u00e9mu ovl\u00e1daniu a r\u00f4znym typom sa ukazuje ako spo\u013eahliv\u00fd komponent pre stavebn\u00e9 a po\u013enohospod\u00e1rske stroje. Valec ly\u017eice je starostlivo navrhnut\u00fd s oh\u013eadom na faktory, ako je nosnos\u0165, tesnenie, odolnos\u0165, bezpe\u010dnos\u0165 a \u00fadr\u017eba. Pravideln\u00e1 kontrola, spr\u00e1vne mazanie a prevent\u00edvna \u00fadr\u017eba s\u00fa k\u013e\u00fa\u010dov\u00e9 pre zabezpe\u010denie dlhej \u017eivotnosti a optim\u00e1lneho v\u00fdkonu valca ly\u017eice. Mali by sa bra\u0165 do \u00favahy bezpe\u010dnostn\u00e9 aspekty a opatrenia na rie\u0161enie probl\u00e9mov a na\u0161a spolo\u010dnos\u0165 sa venuje poskytovaniu vysoko kvalitn\u00fdch hydraulick\u00fdch valcov a vynikaj\u00facich slu\u017eieb, ktor\u00e9 sp\u013a\u0148aj\u00fa po\u017eiadavky z\u00e1kazn\u00edkov.<\/p>\n<p>Autor: lyl<\/p>\n<p>  <img decoding=\"async\" src=\"https:\/\/hzpt.com\/wp-content\/uploads\/2024\/11\/songte-company-1.webp\" alt=\"Obr\u00e1zok spolo\u010dnosti\"><\/p>","protected":false},"excerpt":{"rendered":"<p>Bucket Cylinder For SDLG Middle Excavator LG6210E Introduction The bucket cylinder for SDLG middle excavator LG6210E is a specially designed hydraulic cylinder used to control the movement of the bucket in heavy machinery such as excavators, backhoe loaders, and front loaders. Its main function is to enable the lifting, lowering, and tilting of the bucket, [&hellip;]<\/p>","protected":false},"featured_media":14776,"comment_status":"open","ping_status":"closed","template":"","meta":{"_et_pb_use_builder":"","_et_pb_old_content":"","_et_gb_content_width":""},"product_brand":[],"product_cat":[1494],"product_tag":[1495,1496],"class_list":{"0":"post-15650","1":"product","2":"type-product","3":"status-publish","4":"has-post-thumbnail","6":"product_cat-bucket-cylinders","7":"product_tag-bucket-cylinders","8":"product_tag-hydraulic-cylinders","10":"first","11":"instock","12":"shipping-taxable","13":"product-type-simple"},"amp_enabled":true,"_links":{"self":[{"href":"https:\/\/www.hydraulic-cylinders.net\/sk\/wp-json\/wp\/v2\/product\/15650","targetHints":{"allow":["GET"]}}],"collection":[{"href":"https:\/\/www.hydraulic-cylinders.net\/sk\/wp-json\/wp\/v2\/product"}],"about":[{"href":"https:\/\/www.hydraulic-cylinders.net\/sk\/wp-json\/wp\/v2\/types\/product"}],"replies":[{"embeddable":true,"href":"https:\/\/www.hydraulic-cylinders.net\/sk\/wp-json\/wp\/v2\/comments?post=15650"}],"wp:featuredmedia":[{"embeddable":true,"href":"https:\/\/www.hydraulic-cylinders.net\/sk\/wp-json\/wp\/v2\/media\/14776"}],"wp:attachment":[{"href":"https:\/\/www.hydraulic-cylinders.net\/sk\/wp-json\/wp\/v2\/media?parent=15650"}],"wp:term":[{"taxonomy":"product_brand","embeddable":true,"href":"https:\/\/www.hydraulic-cylinders.net\/sk\/wp-json\/wp\/v2\/product_brand?post=15650"},{"taxonomy":"product_cat","embeddable":true,"href":"https:\/\/www.hydraulic-cylinders.net\/sk\/wp-json\/wp\/v2\/product_cat?post=15650"},{"taxonomy":"product_tag","embeddable":true,"href":"https:\/\/www.hydraulic-cylinders.net\/sk\/wp-json\/wp\/v2\/product_tag?post=15650"}],"curies":[{"name":"pracovn\u00fd list","href":"https:\/\/api.w.org\/{rel}","templated":true}]}}