{"id":15663,"date":"2025-01-19T14:48:44","date_gmt":"2025-01-19T14:48:44","guid":{"rendered":"https:\/\/www.hydraulic-cylinders.net\/product\/bucket-cylinder-for-jonyang-small-excavator-jy615eld\/"},"modified":"2025-01-19T14:48:46","modified_gmt":"2025-01-19T14:48:46","slug":"bucket-cylinder-for-jonyang-small-excavator-jy615eld","status":"publish","type":"product","link":"https:\/\/www.hydraulic-cylinders.net\/sk\/produkt\/bucket-cylinder-for-jonyang-small-excavator-jy615eld\/","title":{"rendered":"Valec vedra pre mal\u00e9 r\u00fdpadlo Jonyang JY615ELD"},"content":{"rendered":"<h1>Valec vedra pre mal\u00e9 r\u00fdpadlo Jonyang JY615ELD<\/h1>\n<h2>\u00davod<\/h2>\n<p>Hydraulick\u00fd valec ly\u017eice je \u0161peci\u00e1lne navrhnut\u00fd hydraulick\u00fd valec pou\u017e\u00edvan\u00fd na ovl\u00e1danie pohybu ly\u017eice v \u0165a\u017ek\u00fdch strojoch, ako s\u00fa bagre, r\u00fdpadlo-naklada\u010de a \u010deln\u00e9 naklada\u010de. Jeho hlavnou funkciou je umo\u017eni\u0165 zdv\u00edhanie, sp\u00fa\u0161\u0165anie a nakl\u00e1\u0148anie ly\u017eice, \u010do u\u013eah\u010duje vykon\u00e1vanie r\u00f4znych \u00faloh manipul\u00e1cie s materi\u00e1lom. V hydraulickom syst\u00e9me valec ly\u017eice vyu\u017e\u00edva zmenu tlaku hydraulick\u00e9ho oleja na ovl\u00e1danie presn\u00fdch pohybov ly\u017eice, \u010do umo\u017e\u0148uje obsluhe efekt\u00edvne manipulova\u0165 s \u0165a\u017ek\u00fdmi bremenami a prisp\u00f4sobova\u0165 sa zlo\u017eit\u00fdm pracovn\u00fdm prostrediam a r\u00f4znorod\u00fdm prev\u00e1dzkov\u00fdm po\u017eiadavk\u00e1m.<\/p>\n<p><img decoding=\"async\" src=\"https:\/\/www.hydraulic-cylinders.net\/wp-content\/uploads\/2025\/01\/songte-company-2.webp\" alt=\"Valec vedra pre mal\u00e9 r\u00fdpadlo Jonyang JY615ELD\"><\/p>\n<h2>Funkcie<\/h2>\n<ul>\n<li>Vysok\u00e1 pevnos\u0165 a odolnos\u0165: Zvy\u010dajne je vyroben\u00fd z vysokopevnostnej ocele alebo hlin\u00edka, odol\u00e1 vysok\u00e9mu tlaku a \u0165a\u017ek\u00fdm za\u0165a\u017eeniam, prisp\u00f4sob\u00ed sa n\u00e1ro\u010dn\u00fdm pracovn\u00fdm podmienkam a je navrhnut\u00fd s oh\u013eadom na odolnos\u0165 vo\u010di opotrebovaniu a kor\u00f3zii, aby sa pred\u013a\u017eila jeho \u017eivotnos\u0165.<\/li>\n<li>Efekt\u00edvne hydraulick\u00e9 oper\u00e1cie: V\u010faka tlaku hydraulick\u00e9ho oleja na dosiahnutie plynul\u00e9ho vys\u00favania a zas\u00favania dok\u00e1\u017ee r\u00fdchlo reagova\u0165 na ovl\u00e1dacie povely, poskytova\u0165 siln\u00e9 tla\u010dn\u00e9 a \u0165a\u017en\u00e9 sily a je vhodn\u00fd na manipul\u00e1ciu s \u0165a\u017ek\u00fdmi bremenami a zlo\u017eit\u00e9 prev\u00e1dzkov\u00e9 \u00falohy.<\/li>\n<li>R\u00f4zne typy: Jedno\u010dinn\u00e9 (hydraulicky ovl\u00e1dan\u00e9 iba v jednom smere) alebo dvoj\u010dinn\u00e9 (hydraulicky ovl\u00e1dan\u00e9 v oboch smeroch) valce je mo\u017en\u00e9 vybra\u0165 pod\u013ea potrieb, aby sa splnili r\u00f4zne prev\u00e1dzkov\u00e9 po\u017eiadavky. Niektor\u00e9 modely s\u00fa teleskopick\u00e9, \u010do umo\u017e\u0148uje v\u00e4\u010d\u0161ie vysunutie bez zv\u00e4\u010d\u0161enia vonkaj\u0161\u00edch rozmerov, vhodn\u00e9 pre aplik\u00e1cie s obmedzen\u00fdm priestorom.<\/li>\n<li>Vymenite\u013en\u00e9: Na\u0161e produkty dok\u00e1\u017eu dokonale nahradi\u0165 tieto hydraulick\u00e9 valce.<\/li>\n<\/ul>\n<p><img decoding=\"async\" src=\"https:\/\/www.hydraulic-cylinders.net\/wp-content\/uploads\/2025\/01\/songte-cylinder-head-with-all-kinds-excavator-models.webp\" alt=\"Valec vedra pre mal\u00e9 r\u00fdpadlo Jonyang JY615ELD\"><\/p>\n<h2>Aplik\u00e1cie<\/h2>\n<ul>\n<li>Stavebn\u00e9 zariadenia: V bagroch s\u00fa nevyhnutn\u00e9 na kopanie, nakladanie a premiest\u0148ovanie zeminy alebo sutiny. V r\u00fdpadlo-naklada\u010doch pom\u00e1ha valec ly\u017eice pri v\u00fdkopov\u00fdch pr\u00e1cach a zdv\u00edhan\u00ed. <\/li>\n<li>Po\u013enohospod\u00e1rske stroje: Pou\u017e\u00edvaj\u00fa sa na \u010deln\u00e9 naklada\u010de, zdv\u00edhanie a prepravu p\u00f4dy, sena a in\u00fdch materi\u00e1lov. <\/li>\n<li>R\u00fdpadl\u00e1: Valec ly\u017eice umo\u017e\u0148uje kopanie t\u00fdm, \u017ee umo\u017e\u0148uje ly\u017eici prenikn\u00fa\u0165 do p\u00f4dy. <\/li>\n<li>Naklada\u010d: V \u010deln\u00fdch naklada\u010doch pom\u00e1haj\u00fa efekt\u00edvne zdv\u00edha\u0165 a nakl\u00e1\u0148a\u0165 tovar. <\/li>\n<\/ul>\n<h2>Krit\u00e9ri\u00e1 n\u00e1vrhu a v\u00fdberu<\/h2>\n<ul>\n<li>Nosnos\u0165: Zoh\u013eadnenie nosnosti valca je pri n\u00e1vrhu mimoriadne d\u00f4le\u017eit\u00e9. To zabezpe\u010d\u00ed, \u017ee valec vydr\u017e\u00ed \u0165a\u017ek\u00e9 za\u0165a\u017eenie bez poruchy.<\/li>\n<li>Tesnenie: Pri kon\u0161trukcii hydraulick\u00fdch valcov sa pou\u017e\u00edvaj\u00fa r\u00f4zne tesniace komponenty, ako s\u00fa tesnenia piestov, tesnenia ty\u010d\u00ed at\u010f., na zabezpe\u010denie spr\u00e1vneho utesnenia. <\/li>\n<li>Trvanlivos\u0165: Hydraulick\u00e9 valce musia by\u0165 schopn\u00e9 odola\u0165 n\u00e1ro\u010dn\u00fdm pracovn\u00fdm podmienkam, ako s\u00fa extr\u00e9mne teploty, vysok\u00e1 vlhkos\u0165 a vystavenie koroz\u00edvnym l\u00e1tkam. <\/li>\n<li>Bezpe\u010dnos\u0165: Kon\u0161trukcia hydraulick\u00e9ho valca mus\u00ed zoh\u013ead\u0148ova\u0165 rizik\u00e1 spojen\u00e9 s jeho pou\u017e\u00edvan\u00edm, ako s\u00fa mo\u017en\u00e9 netesnosti a in\u00e9 poruchy. <\/li>\n<li>\u00dadr\u017eba: Hydraulick\u00e9 valce musia by\u0165 navrhnut\u00e9 tak, aby u\u013eah\u010dovali \u00fadr\u017ebu a zabezpe\u010dovali ich jednoduch\u00fa \u00fadr\u017ebu alebo opravu.<\/li>\n<\/ul>\n<p><img decoding=\"async\" src=\"https:\/\/www.hydraulic-cylinders.net\/wp-content\/uploads\/2025\/01\/songte-oil-pipes-and-spare-parts.webp\" alt=\"Valec vedra pre mal\u00e9 r\u00fdpadlo Jonyang JY615ELD\"><\/p>\n<h2>Tesnenie a mazanie<\/h2>\n<p>Pri kon\u0161trukcii hydraulick\u00fdch valcov sa na zabezpe\u010denie spr\u00e1vneho utesnenia pou\u017e\u00edvaj\u00fa r\u00f4zne tesniace komponenty, ako s\u00fa tesnenia piestov, tesnenia ty\u010d\u00ed at\u010f. Tesnenia s\u00fa vyroben\u00e9 z materi\u00e1lov odoln\u00fdch vo\u010di opotrebovaniu, ako je polyuret\u00e1n a nitrilov\u00fd kau\u010duk, aby sa zabr\u00e1nilo ich \u013eahk\u00e9mu opotrebovaniu. Spr\u00e1vne mazanie je nevyhnutn\u00e9 pre zabezpe\u010denie spr\u00e1vnej prev\u00e1dzky a pred\u013a\u017eenie \u017eivotnosti hydraulick\u00e9ho valca. Pravidelne je potrebn\u00e9 dop\u013a\u0148a\u0165 primeran\u00e9 mno\u017estvo hydraulick\u00e9ho oleja.<\/p>\n<h2>Prevent\u00edvna \u00fadr\u017eba a rie\u0161enie probl\u00e9mov<\/h2>\n<p>Nasleduj\u00fa niektor\u00e9 prevent\u00edvne opatrenia \u00fadr\u017eby, ktor\u00e9 by sa mali dodr\u017eiava\u0165:<\/p>\n<ul>\n<li>Pravideln\u00e9 kontroly: Skontrolujte hydraulick\u00fd valec, \u010di nedoch\u00e1dza k \u00fanikom, po\u0161kodeniu alebo opotrebovaniu.<\/li>\n<li>Spr\u00e1vne mazanie: Spr\u00e1vne mazanie valca a jeho komponentov je nevyhnutn\u00e9 pre optim\u00e1lny v\u00fdkon.<\/li>\n<li>V\u00fdmena tesnenia: Tesnenia by sa mali vymeni\u0165, ke\u010f vykazuj\u00fa zn\u00e1mky opotrebovania alebo po\u0161kodenia.<\/li>\n<\/ul>\n<p>Ak d\u00f4jde k poruche hydraulick\u00e9ho valca, je potrebn\u00e9 skontrolova\u0165 niektor\u00e9 be\u017en\u00e9 probl\u00e9my, ako je nedostato\u010dn\u00e1 sila, netesnos\u0165 a po\u0161kodenie stien valca. Na odstr\u00e1nenie t\u00fdchto probl\u00e9mov si pre\u010d\u00edtajte pokyny v\u00fdrobcu. Aby ste predi\u0161li t\u00fdmto probl\u00e9mom, v\u017edy dodr\u017eiavajte spr\u00e1vne postupy in\u0161tal\u00e1cie a \u00fadr\u017eby.<\/p>\n<p><img decoding=\"async\" src=\"https:\/\/www.hydraulic-cylinders.net\/wp-content\/uploads\/2025\/01\/songte-bushings-with-all-kinds-of-excavator-models.webp\" alt=\"Valec vedra pre mal\u00e9 r\u00fdpadlo Jonyang JY615ELD\"><\/p>\n<h2>O n\u00e1s<\/h2>\n<p>Sme v\u00fdrobca hydraulick\u00fdch valcov, ktor\u00fd sa \u0161pecializuje na v\u00fdrobu a distrib\u00faciu \u0161irokej \u0161k\u00e1ly hydraulick\u00fdch valcov pre dom\u00e1ci aj medzin\u00e1rodn\u00fd trh. Dodr\u017eiavame vynikaj\u00facu kvalitu, spoliehame sa na industrializ\u00e1ciu strat\u00e9gi\u00ed riadenia v\u00fdroby v na\u0161ich prec\u00edzne spracovan\u00fdch diel\u0148ach a neust\u00e1le zlep\u0161ujeme na\u0161e v\u00fdrobn\u00e9 platformy, \u010d\u00edm zdokona\u013eujeme v\u00fdrobn\u00e9 postupy zameran\u00e9 na kvalitu v\u00fdrobkov. Na\u0161a spolo\u010dnos\u0165 m\u00e1 siln\u00fa schopnos\u0165 vytv\u00e1ra\u0165 vysoko efekt\u00edvne, vysoko presn\u00e9 a vysoko kvalitn\u00e9 princ\u00edpy, aby sme uspokojili \u0161irok\u00fa \u0161k\u00e1lu potrieb z\u00e1kazn\u00edkov.<\/p>\n<p>Na\u0161a spolo\u010dnos\u0165 pon\u00faka profesion\u00e1lne a medzin\u00e1rodne certifikovan\u00e9 z\u00e1kazkov\u00e9 slu\u017eby, modern\u00e9 v\u00fdrobn\u00e9 zariadenia a popredajn\u00fd servis.<\/p>\n<p><img decoding=\"async\" src=\"https:\/\/hzpt.com\/wp-content\/uploads\/2024\/11\/songte-company-1.webp\" alt=\"Valec vedra pre mal\u00e9 r\u00fdpadlo Jonyang JY615ELD\"><\/p>\n<p>Autorom tohto \u010dl\u00e1nku je lyl.<\/p>","protected":false},"excerpt":{"rendered":"<p>Bucket Cylinder For Jonyang Small Excavator JY615ELD Introduction The bucket cylinder is a specially designed hydraulic cylinder used to control the movement of the bucket in heavy machinery such as excavators, backhoe loaders, and front-end loaders. Its main function is to enable the bucket to lift, lower, and tilt, making it easier to handle various [&hellip;]<\/p>","protected":false},"featured_media":14780,"comment_status":"open","ping_status":"closed","template":"","meta":{"_et_pb_use_builder":"","_et_pb_old_content":"","_et_gb_content_width":""},"product_brand":[],"product_cat":[1494],"product_tag":[1495,1496],"class_list":{"0":"post-15663","1":"product","2":"type-product","3":"status-publish","4":"has-post-thumbnail","6":"product_cat-bucket-cylinders","7":"product_tag-bucket-cylinders","8":"product_tag-hydraulic-cylinders","10":"first","11":"instock","12":"shipping-taxable","13":"product-type-simple"},"amp_enabled":true,"_links":{"self":[{"href":"https:\/\/www.hydraulic-cylinders.net\/sk\/wp-json\/wp\/v2\/product\/15663","targetHints":{"allow":["GET"]}}],"collection":[{"href":"https:\/\/www.hydraulic-cylinders.net\/sk\/wp-json\/wp\/v2\/product"}],"about":[{"href":"https:\/\/www.hydraulic-cylinders.net\/sk\/wp-json\/wp\/v2\/types\/product"}],"replies":[{"embeddable":true,"href":"https:\/\/www.hydraulic-cylinders.net\/sk\/wp-json\/wp\/v2\/comments?post=15663"}],"wp:featuredmedia":[{"embeddable":true,"href":"https:\/\/www.hydraulic-cylinders.net\/sk\/wp-json\/wp\/v2\/media\/14780"}],"wp:attachment":[{"href":"https:\/\/www.hydraulic-cylinders.net\/sk\/wp-json\/wp\/v2\/media?parent=15663"}],"wp:term":[{"taxonomy":"product_brand","embeddable":true,"href":"https:\/\/www.hydraulic-cylinders.net\/sk\/wp-json\/wp\/v2\/product_brand?post=15663"},{"taxonomy":"product_cat","embeddable":true,"href":"https:\/\/www.hydraulic-cylinders.net\/sk\/wp-json\/wp\/v2\/product_cat?post=15663"},{"taxonomy":"product_tag","embeddable":true,"href":"https:\/\/www.hydraulic-cylinders.net\/sk\/wp-json\/wp\/v2\/product_tag?post=15663"}],"curies":[{"name":"pracovn\u00fd list","href":"https:\/\/api.w.org\/{rel}","templated":true}]}}