{"id":15667,"date":"2025-01-19T14:49:06","date_gmt":"2025-01-19T14:49:06","guid":{"rendered":"https:\/\/www.hydraulic-cylinders.net\/product\/bucket-cylinder-for-jcm-small-excavator-mc136-9\/"},"modified":"2025-01-19T14:49:08","modified_gmt":"2025-01-19T14:49:08","slug":"bucket-cylinder-for-jcm-small-excavator-mc136-9","status":"publish","type":"product","link":"https:\/\/www.hydraulic-cylinders.net\/sk\/produkt\/bucket-cylinder-for-jcm-small-excavator-mc136-9\/","title":{"rendered":"Valec vedra pre mal\u00e9 r\u00fdpadlo JCM MC136-9"},"content":{"rendered":"<h1>Valec vedra pre mal\u00e9 r\u00fdpadlo JCM MC136-9<\/h1>\n<h2>\u00davod<\/h2>\n<h3>Defin\u00edcia valca vedra<\/h3>\n<p>Hydraulick\u00fd valec ly\u017eice je \u0161peci\u00e1lne navrhnut\u00fd hydraulick\u00fd valec, ktor\u00fd sa pou\u017e\u00edva hlavne na ovl\u00e1danie pohybu r\u00fdpadla v \u0165a\u017ek\u00fdch strojoch, ako s\u00fa r\u00fdpadl\u00e1, r\u00fdpadlo-naklada\u010de a \u010deln\u00e9 naklada\u010de. Jeho hlavnou funkciou je umo\u017eni\u0165 zdv\u00edhanie, sp\u00fa\u0161\u0165anie a nakl\u00e1\u0148anie r\u00fdpadla, \u010do u\u013eah\u010duje vykon\u00e1vanie r\u00f4znych \u00faloh manipul\u00e1cie s materi\u00e1lom. V hydraulickom syst\u00e9me valec ly\u017eice presne ovl\u00e1da r\u00fdpadlo zmenou tlaku hydraulick\u00e9ho oleja, \u010do umo\u017e\u0148uje obsluhe efekt\u00edvne manipulova\u0165 s \u0165a\u017ek\u00fdmi predmetmi a prisp\u00f4sobi\u0165 sa zlo\u017eit\u00fdm pracovn\u00fdm prostrediam a r\u00f4znorod\u00fdm prev\u00e1dzkov\u00fdm potreb\u00e1m.<\/p>\n<p><img decoding=\"async\" src=\"https:\/\/www.hydraulic-cylinders.net\/wp-content\/uploads\/2025\/01\/songte-company-2.webp\" alt=\"Obr\u00e1zok valca vedra\"><\/p>\n<h3>Vlastnosti vedrov\u00e9ho valca<\/h3>\n<ul>\n<li>Vysok\u00e1 pevnos\u0165 a odolnos\u0165: Zvy\u010dajne vyroben\u00e9 z vysokopevnostnej ocele alebo hlin\u00edka, schopn\u00e9 odol\u00e1va\u0165 vysok\u00e9mu tlaku a \u0165a\u017ek\u00fdm za\u0165a\u017eeniam, vhodn\u00e9 do n\u00e1ro\u010dn\u00fdch pracovn\u00fdch prostred\u00ed a navrhnut\u00e9 s oh\u013eadom na odolnos\u0165 vo\u010di opotrebovaniu a kor\u00f3zii, \u010d\u00edm sa predl\u017euje \u017eivotnos\u0165.<\/li>\n<li>Efekt\u00edvna hydraulick\u00e1 prev\u00e1dzka: Plynul\u00e9 roz\u0165ahovanie a s\u0165ahovanie sa dosahuje vyu\u017eit\u00edm tlaku hydraulick\u00e9ho oleja, \u010do umo\u017e\u0148uje r\u00fdchlu reakciu na ovl\u00e1dacie pr\u00edkazy, poskytuje siln\u00e9 tla\u010dn\u00e9 a \u0165a\u017en\u00e9 sily a je vhodn\u00e9 na manipul\u00e1ciu s \u0165a\u017ek\u00fdmi predmetmi a zlo\u017eit\u00e9 prev\u00e1dzkov\u00e9 \u00falohy.<\/li>\n<li>R\u00f4zne typy: Jedno\u010dinn\u00e9 (hydraulicky ovl\u00e1dan\u00e9 iba v jednom smere) alebo dvoj\u010dinn\u00e9 (hydraulicky ovl\u00e1dan\u00e9 v dvoch smeroch) valce je mo\u017en\u00e9 vybra\u0165 pod\u013ea potrieb, aby sa splnili r\u00f4zne prev\u00e1dzkov\u00e9 po\u017eiadavky. Niektor\u00e9 modely s\u00fa teleskopick\u00e9, \u010do umo\u017e\u0148uje v\u00e4\u010d\u0161ie roz\u0161\u00edrenie bez zv\u00e4\u010d\u0161enia vonkaj\u0161\u00edch rozmerov, vhodn\u00e9 pre aplik\u00e1cie v obmedzenom priestore.<\/li>\n<li>Dostupnos\u0165 n\u00e1hradn\u00fdch dielov: Na\u0161e produkty dok\u00e1\u017eu dokonale nahradi\u0165 tieto hydraulick\u00e9 valce.<\/li>\n<li>Prisp\u00f4sobite\u013enos\u0165: Na\u0161e valce je mo\u017en\u00e9 prisp\u00f4sobi\u0165 tak, aby vyhovovali r\u00f4znym modelom r\u00fdpadiel pre optim\u00e1lny v\u00fdkon.<\/li>\n<\/ul>\n<p><img decoding=\"async\" src=\"https:\/\/www.hydraulic-cylinders.net\/wp-content\/uploads\/2025\/01\/songte-cylinder-head-with-all-kinds-excavator-models.webp\" alt=\"Obr\u00e1zok valca bagra\"><\/p>\n<h3>Aplik\u00e1cie vedrov\u00e9ho valca<\/h3>\n<p>Valec s vedrom sa \u0161iroko pou\u017e\u00edva v r\u00f4znych priemyseln\u00fdch a po\u013enohospod\u00e1rskych strojoch vr\u00e1tane:<\/p>\n<ul>\n<li>Stavebn\u00e9 zariadenia: V bagroch s\u00fa nevyhnutn\u00e9 na kopanie, nakladanie a premiest\u0148ovanie zeminy alebo sutiny. V r\u00fdpadlo-naklada\u010doch pom\u00e1ha valec ly\u017eice pri kopan\u00ed a zdv\u00edhan\u00ed.<\/li>\n<li>Po\u013enohospod\u00e1rske stroje: Pou\u017e\u00edvaj\u00fa sa v \u010deln\u00fdch naklada\u010doch, ktor\u00e9 sa pou\u017e\u00edvaj\u00fa na naberanie, zdv\u00edhanie a prepravu p\u00f4dy, sena a in\u00fdch materi\u00e1lov. <\/li>\n<li>R\u00fdpadl\u00e1: Valce lopaty umo\u017e\u0148uj\u00fa v\u00fdkopov\u00e9 \u010dinnosti t\u00fdm, \u017ee umo\u017e\u0148uj\u00fa lopate prenikn\u00fa\u0165 do p\u00f4dy. <\/li>\n<li>Naklada\u010de: \u010celn\u00e9 naklada\u010de pom\u00e1haj\u00fa efekt\u00edvne zdv\u00edha\u0165 a vyklada\u0165 tovar.<\/li>\n<\/ul>\n<h3>\u00davahy o dizajne a krit\u00e9ri\u00e1 v\u00fdberu<\/h3>\n<p>Valce kor\u010dekov si vy\u017eaduj\u00fa starostliv\u00e9 kon\u0161truk\u010dn\u00e9 \u00favahy a v\u00fdberov\u00e9 krit\u00e9ri\u00e1, aby sa zabezpe\u010dil optim\u00e1lny v\u00fdkon, odolnos\u0165 a bezpe\u010dnos\u0165. Medzi k\u013e\u00fa\u010dov\u00e9 kon\u0161truk\u010dn\u00e9 \u00favahy patria:<\/p>\n<h4>Nosnos\u0165<\/h4>\n<p>Valec kor\u010deka mus\u00ed by\u0165 schopn\u00fd odola\u0165 maxim\u00e1lnemu za\u0165a\u017eeniu, \u010do je rozhoduj\u00face pre bezpe\u010dn\u00fa a efekt\u00edvnu prev\u00e1dzku.<\/p>\n<h4>Tesnenie<\/h4>\n<p>R\u00f4zne tesniace prvky, ako s\u00fa tesnenia piestov a tesnenia ty\u010d\u00ed, musia by\u0165 starostlivo vybran\u00e9, aby sa zabezpe\u010dil optim\u00e1lny v\u00fdkon a trvanlivos\u0165. Tieto tesnenia s\u00fa \u010dasto vyroben\u00e9 z polyuret\u00e1nu a nitrilov\u00e9ho kau\u010duku, \u010do s\u00fa materi\u00e1ly odoln\u00e9 vo\u010di opotrebovaniu. Teleso valca a povrch z\u00e1vitov\u00e9ho konca s\u00fa jemne opracovan\u00e9, aby sa zlep\u0161ila odolnos\u0165 vo\u010di opotrebovaniu, a na mazanie je potrebn\u00e9 pravideln\u00e9 mazanie.<\/p>\n<h4>Trvanlivos\u0165<\/h4>\n<p>Valec vedra mus\u00ed by\u0165 vyroben\u00fd z vysokopevnostn\u00fdch materi\u00e1lov, aby odolal n\u00e1ro\u010dn\u00fdm pracovn\u00fdm podmienkam a vysok\u00fdm za\u0165a\u017eeniam. Mal by by\u0165 tie\u017e navrhnut\u00fd s oh\u013eadom na odolnos\u0165 vo\u010di opotrebovaniu, odolnos\u0165 vo\u010di kor\u00f3zii a dlh\u00fa \u017eivotnos\u0165.<\/p>\n<h4>Bezpe\u010dnos\u0165<\/h4>\n<p>Bezpe\u010dnos\u0165 je pri v\u00fdbere valcov s ko\u0161\u00edkom najvy\u0161\u0161ou prioritou. Valce musia by\u0165 navrhnut\u00e9 tak, aby sa predi\u0161lo nehod\u00e1m a zabezpe\u010dila sa bezpe\u010dn\u00e1 prev\u00e1dzka.<\/p>\n<h4>\u00dadr\u017eba<\/h4>\n<p>\u00dadr\u017eba je nevyhnutn\u00e1 pre optim\u00e1lny v\u00fdkon a dlh\u00fa \u017eivotnos\u0165. Pravideln\u00e9 kontroly, mazanie a v\u00fdmena dielov s\u00fa nevyhnutn\u00e9 na udr\u017eanie valcov vedra v dobrom stave. <\/p>\n<p><img decoding=\"async\" src=\"https:\/\/www.hydraulic-cylinders.net\/wp-content\/uploads\/2025\/01\/songte-oil-pipes-and-spare-parts.webp\" alt=\"Obr\u00e1zok olejov\u00fdch potrub\u00ed a n\u00e1hradn\u00fdch dielov\"><\/p>\n<h3>Pokyny na in\u0161tal\u00e1ciu<\/h3>\n<p>Spr\u00e1vna in\u0161tal\u00e1cia je nevyhnutn\u00e1 pre optim\u00e1lny v\u00fdkon a bezpe\u010dnos\u0165. Mali by sa dodr\u017eiava\u0165 nasleduj\u00face pokyny:<\/p>\n<ul>\n<li>Pred in\u0161tal\u00e1ciou valec spr\u00e1vne zarovnajte.<\/li>\n<li>Na upevnenie valca pou\u017eite vhodn\u00e9 mont\u00e1\u017ene konzoly.<\/li>\n<li>Pre optim\u00e1lny v\u00fdkon pou\u017e\u00edvajte vhodn\u00e9 mazivo.<\/li>\n<li>Pravidelne kontrolujte a vymie\u0148ajte opotrebovan\u00e9 tesnenia.<\/li>\n<li>Pravidelne kontrolujte a kalibrujte valec pre optim\u00e1lny v\u00fdkon.<\/li>\n<\/ul>\n<p><img decoding=\"async\" src=\"https:\/\/www.hydraulic-cylinders.net\/wp-content\/uploads\/2025\/01\/songte-chushion-collar.webp\" alt=\"Obr\u00e1zok obojku Chushion\"><\/p>\n<h3>Bezpe\u010dnostn\u00e9 aspekty a faktory prostredia<\/h3>\n<p>Valce s ko\u0161\u00edkom sa musia pou\u017e\u00edva\u0165 s vhodn\u00fdmi bezpe\u010dnostn\u00fdmi opatreniami, aby sa predi\u0161lo nehod\u00e1m a zabezpe\u010dila sa bezpe\u010dn\u00e1 prev\u00e1dzka. Pre zabezpe\u010denie optim\u00e1lneho v\u00fdkonu a dlhej \u017eivotnosti je potrebn\u00e9 zoh\u013eadni\u0165 aj faktory prostredia, ako je teplota a vlhkos\u0165.<\/p>\n<h3>Rie\u0161enie probl\u00e9mov a be\u017en\u00e9 probl\u00e9my<\/h3>\n<p>Valce vedra m\u00f4\u017eu ma\u0165 r\u00f4zne probl\u00e9my, ako s\u00fa netesnosti, nedostato\u010dn\u00fd v\u00fdkon a pomal\u00e1 doba odozvy. Medzi odstra\u0148ovanie probl\u00e9mov a be\u017en\u00e9 probl\u00e9my patria:<\/p>\n<ul>\n<li>Konkr\u00e9tne pokyny n\u00e1jdete v n\u00e1vode na obsluhu od v\u00fdrobcu.<\/li>\n<li>Pravidelne kontrolujte netesnosti a opotrebovan\u00e9 tesnenia.<\/li>\n<li>Skontrolujte hydraulick\u00fd syst\u00e9m, \u010di nevykazuje nejak\u00e9 probl\u00e9my.<\/li>\n<li>Skontrolujte, \u010di valec nie je po\u0161koden\u00fd.<\/li>\n<\/ul>\n<p>Prevent\u00edvne opatrenia, ako je pravideln\u00e1 \u00fadr\u017eba a kontroly, m\u00f4\u017eu pom\u00f4c\u0165 minimalizova\u0165 potenci\u00e1lne probl\u00e9my.<\/p>\n<p><img decoding=\"async\" src=\"https:\/\/www.hydraulic-cylinders.net\/wp-content\/uploads\/2025\/01\/songte-bushings-with-all-kinds-of-excavator-models.webp\" alt=\"Obr\u00e1zok puzdier\"><\/p>\n<h2>Na\u0161a spolo\u010dnos\u0165<\/h2>\n<p>Sme popredn\u00fdm v\u00fdrobcom a ve\u013ekoobchodn\u00fdm distrib\u00fatorom hydraulick\u00fdch valcov so \u0161pecializ\u00e1ciou na v\u00fdmenu valcov. Na\u0161e produkty s\u00fa navrhnut\u00e9 tak, aby sp\u013a\u0148ali potreby dom\u00e1ceho aj medzin\u00e1rodn\u00e9ho trhu. Riadime sa z\u00e1sadami v\u00fdnimo\u010dnej kvality a spoliehame sa na industrializovan\u00e9 strat\u00e9gie riadenia v\u00fdroby, prec\u00edzne spracovan\u00e9 dielne, technologick\u00e9 talenty, digit\u00e1lne \u0161pi\u010dkov\u00e9 v\u00fdrobn\u00e9 zariadenia a profesion\u00e1lne testovacie syst\u00e9my. Neust\u00e1le vylep\u0161ujeme na\u0161u v\u00fdrobn\u00fa platformu s cie\u013eom zlep\u0161i\u0165 kvalitu na\u0161ich produktov a m\u00e1me siln\u00e9 kreat\u00edvne schopnosti pri poskytovan\u00ed vysoko efekt\u00edvnych, vysoko presn\u00fdch a kvalitn\u00fdch slu\u017eieb, aby sme splnili rozmanit\u00e9 po\u017eiadavky na\u0161ich z\u00e1kazn\u00edkov.<\/p>\n<p>Na\u0161a spolo\u010dnos\u0165 pon\u00faka:<\/p>\n<ul>\n<li>Profesionalita: M\u00e1me t\u00edm sk\u00fasen\u00fdch odborn\u00edkov, ktor\u00ed s\u00fa odhodlan\u00ed poskytova\u0165 vysoko kvalitn\u00e9 produkty a slu\u017eby.<\/li>\n<li>Medzin\u00e1rodn\u00e1 certifik\u00e1cia: Na\u0161e v\u00fdrobky s\u00fa certifikovan\u00e9 pod\u013ea medzin\u00e1rodn\u00fdch noriem, \u010do zaru\u010duje ich kvalitu a bezpe\u010dnos\u0165.<\/li>\n<li>Prisp\u00f4sobenie: Na\u0161e valce je mo\u017en\u00e9 prisp\u00f4sobi\u0165 tak, aby vyhovovali r\u00f4znym modelom r\u00fdpadiel pre optim\u00e1lny v\u00fdkon.<\/li>\n<li>Pokro\u010dil\u00e9 v\u00fdrobn\u00e9 zariadenia: Na v\u00fdrobu vysoko kvalitn\u00fdch produktov pou\u017e\u00edvame pokro\u010dil\u00e9 v\u00fdrobn\u00e9 zariadenia.<\/li>\n<li>Popredajn\u00fd servis: Poskytujeme \u00fadr\u017ebu, opravy a rekon\u0161trukcie, aby sme na\u0161im z\u00e1kazn\u00edkom pomohli pred\u013a\u017ei\u0165 \u017eivotnos\u0165 ich hydraulick\u00fdch valcov. <\/li>\n<\/ul>\n<p><img decoding=\"async\" src=\"https:\/\/hzpt.com\/wp-content\/uploads\/2024\/11\/songte-company-1.webp\" alt=\"Obr\u00e1zok spolo\u010dnosti\"><\/p>\n<p>Autor: lyl<\/p>","protected":false},"excerpt":{"rendered":"<p>Bucket Cylinder For JCM Small Excavator MC136-9 Introduction Definition of Bucket Cylinder The bucket cylinder is a specially designed hydraulic cylinder mainly used to control the movement of the shovel in heavy machinery, such as excavators, backhoe loaders, and front loaders. Its main function is to enable the shovel to lift, lower, and tilt, making [&hellip;]<\/p>","protected":false},"featured_media":14771,"comment_status":"open","ping_status":"closed","template":"","meta":{"_et_pb_use_builder":"","_et_pb_old_content":"","_et_gb_content_width":""},"product_brand":[],"product_cat":[1494],"product_tag":[1495,1496],"class_list":{"0":"post-15667","1":"product","2":"type-product","3":"status-publish","4":"has-post-thumbnail","6":"product_cat-bucket-cylinders","7":"product_tag-bucket-cylinders","8":"product_tag-hydraulic-cylinders","10":"first","11":"instock","12":"shipping-taxable","13":"product-type-simple"},"amp_enabled":true,"_links":{"self":[{"href":"https:\/\/www.hydraulic-cylinders.net\/sk\/wp-json\/wp\/v2\/product\/15667","targetHints":{"allow":["GET"]}}],"collection":[{"href":"https:\/\/www.hydraulic-cylinders.net\/sk\/wp-json\/wp\/v2\/product"}],"about":[{"href":"https:\/\/www.hydraulic-cylinders.net\/sk\/wp-json\/wp\/v2\/types\/product"}],"replies":[{"embeddable":true,"href":"https:\/\/www.hydraulic-cylinders.net\/sk\/wp-json\/wp\/v2\/comments?post=15667"}],"wp:featuredmedia":[{"embeddable":true,"href":"https:\/\/www.hydraulic-cylinders.net\/sk\/wp-json\/wp\/v2\/media\/14771"}],"wp:attachment":[{"href":"https:\/\/www.hydraulic-cylinders.net\/sk\/wp-json\/wp\/v2\/media?parent=15667"}],"wp:term":[{"taxonomy":"product_brand","embeddable":true,"href":"https:\/\/www.hydraulic-cylinders.net\/sk\/wp-json\/wp\/v2\/product_brand?post=15667"},{"taxonomy":"product_cat","embeddable":true,"href":"https:\/\/www.hydraulic-cylinders.net\/sk\/wp-json\/wp\/v2\/product_cat?post=15667"},{"taxonomy":"product_tag","embeddable":true,"href":"https:\/\/www.hydraulic-cylinders.net\/sk\/wp-json\/wp\/v2\/product_tag?post=15667"}],"curies":[{"name":"pracovn\u00fd list","href":"https:\/\/api.w.org\/{rel}","templated":true}]}}