{"id":15669,"date":"2025-01-19T14:49:15","date_gmt":"2025-01-19T14:49:15","guid":{"rendered":"https:\/\/www.hydraulic-cylinders.net\/product\/bucket-cylinder-for-jcm-small-excavator-913d\/"},"modified":"2025-01-19T14:49:17","modified_gmt":"2025-01-19T14:49:17","slug":"bucket-cylinder-for-jcm-small-excavator-913d","status":"publish","type":"product","link":"https:\/\/www.hydraulic-cylinders.net\/sk\/produkt\/bucket-cylinder-for-jcm-small-excavator-913d\/","title":{"rendered":"Valec vedra pre mal\u00e9 r\u00fdpadlo JCM 913D"},"content":{"rendered":"<h1>Valec vedra pre mal\u00e9 r\u00fdpadlo JCM 913D<\/h1>\n<h2>\u00davod<\/h2>\n<p>Hydraulick\u00fd valec ly\u017eice pre mal\u00e9 r\u00fdpadlo JCM 913D je \u0161pecializovan\u00fd hydraulick\u00fd valec ur\u010den\u00fd na ovl\u00e1danie pohybu ly\u017eice v \u0165a\u017ek\u00fdch strojoch, ako s\u00fa r\u00fdpadl\u00e1, r\u00fdpadlo-naklada\u010de a \u010deln\u00e9 naklada\u010de. Jeho hlavnou funkciou je umo\u017eni\u0165 zdv\u00edhanie, sp\u00fa\u0161\u0165anie a nakl\u00e1\u0148anie ly\u017eice, \u010do u\u013eah\u010duje vykon\u00e1vanie r\u00f4znych \u00faloh manipul\u00e1cie s materi\u00e1lom. V hydraulickom syst\u00e9me valec ly\u017eice vyu\u017e\u00edva zmeny tlaku hydraulick\u00e9ho oleja na dosiahnutie presn\u00e9ho ovl\u00e1dania ly\u017eice, \u010do umo\u017e\u0148uje obsluhe efekt\u00edvne manipulova\u0165 s \u0165a\u017ek\u00fdmi bremenami a prisp\u00f4sobi\u0165 sa zlo\u017eit\u00fdm pracovn\u00fdm prostrediam a r\u00f4znorod\u00fdm po\u017eiadavk\u00e1m pr\u00e1ce.<\/p>\n<p><img src='https:\/\/www.hydraulic-cylinders.net\/wp-content\/uploads\/2025\/01\/songte-company-2.webp'><\/p>\n<h2>Funkcie<\/h2>\n<ul>\n<li>Vysok\u00e1 pevnos\u0165 a odolnos\u0165: Zvy\u010dajne vyroben\u00e9 z vysokopevnostnej ocele alebo hlin\u00edka, schopn\u00e9 odol\u00e1va\u0165 vysok\u00e9mu tlaku a \u0165a\u017ek\u00fdm za\u0165a\u017eeniam, vhodn\u00e9 do n\u00e1ro\u010dn\u00fdch pracovn\u00fdch prostred\u00ed, navrhnut\u00e9 s oh\u013eadom na odolnos\u0165 vo\u010di opotrebovaniu a kor\u00f3zii pre pred\u013a\u017eenie \u017eivotnosti.<\/li>\n<li>Efekt\u00edvna hydraulick\u00e1 prev\u00e1dzka: Vyu\u017e\u00edva tlak hydraulick\u00e9ho oleja na dosiahnutie plynul\u00e9ho vys\u00favania a zas\u00favania, dok\u00e1\u017ee r\u00fdchlo reagova\u0165 na ovl\u00e1dacie povely a poskytuje siln\u00fa tla\u010dn\u00fa a \u0165a\u017en\u00fa silu, vhodn\u00fa na manipul\u00e1ciu s \u0165a\u017ek\u00fdmi bremenami a zlo\u017eit\u00e9 pracovn\u00e9 \u00falohy.<\/li>\n<li>R\u00f4zne typy: Jedno\u010dinn\u00e9 (hydraulicky ovl\u00e1dan\u00e9 iba v jednom smere) alebo dvoj\u010dinn\u00e9 (hydraulicky ovl\u00e1dan\u00e9 v dvoch smeroch) valce je mo\u017en\u00e9 zvoli\u0165 pod\u013ea potrieb, aby sa splnili r\u00f4zne prev\u00e1dzkov\u00e9 po\u017eiadavky. Niektor\u00e9 modely s\u00fa teleskopick\u00e9, \u010do umo\u017e\u0148uje v\u00e4\u010d\u0161ie vysunutie bez zv\u00e4\u010d\u0161enia vonkaj\u0161\u00edch rozmerov, vhodn\u00e9 pre aplik\u00e1cie s obmedzen\u00fdm priestorom.<\/li>\n<li>Vymenite\u013en\u00e9: Na\u0161e produkty dok\u00e1\u017eu dokonale nahradi\u0165 tieto hydraulick\u00e9 valce.<\/li>\n<\/ul>\n<p><img src='https:\/\/www.hydraulic-cylinders.net\/wp-content\/uploads\/2025\/01\/songte-cylinder-head-with-all-kinds-excavator-models.webp'><\/p>\n<h2>Aplik\u00e1cie<\/h2>\n<p>Valec kor\u010deka pre mal\u00e9 r\u00fdpadlo JCM 913D sa d\u00e1 pou\u017ei\u0165 v r\u00f4znych scen\u00e1roch vr\u00e1tane:<\/p>\n<h3>Stavebn\u00e9 stroje<\/h3>\n<ul>\n<li>R\u00fdpadl\u00e1: Valce ly\u017eice umo\u017e\u0148uj\u00fa kopanie t\u00fdm, \u017ee umo\u017e\u0148uj\u00fa ly\u017eici prenikn\u00fa\u0165 do p\u00f4dy.<\/li>\n<li>R\u00fdpadlo-naklada\u010de: Valce ly\u017eice pom\u00e1haj\u00fa pri kopan\u00ed aj zdv\u00edhan\u00ed.<\/li>\n<li>\u010celn\u00e9 naklada\u010de: \u010celn\u00e9 naklada\u010de pom\u00e1haj\u00fa pri efekt\u00edvnom zdv\u00edhan\u00ed a vykladan\u00ed n\u00e1kladu.<\/li>\n<\/ul>\n<h3>Po\u013enohospod\u00e1rske stroje<\/h3>\n<ul>\n<li>\u010celn\u00e9 naklada\u010de: Pou\u017e\u00edvaj\u00fa sa na nakladanie, zdv\u00edhanie a prepravu p\u00f4dy, sena a in\u00fdch materi\u00e1lov.<\/li>\n<\/ul>\n<p>Ka\u017ed\u00fa aplik\u00e1ciu je mo\u017en\u00e9 \u010falej podrobnej\u0161ie rozvin\u00fa\u0165.<\/p>\n<h2>\u00davahy o dizajne a krit\u00e9ri\u00e1 v\u00fdberu<\/h2>\n<ul>\n<li>Nosnos\u0165: Valec mus\u00ed by\u0165 navrhnut\u00fd tak, aby vydr\u017eal maxim\u00e1lne za\u0165a\u017eenie.<\/li>\n<li>Tesnenie: R\u00f4zne tesnenia, ako s\u00fa tesnenia piestov a tesnenia ty\u010d\u00ed, by mali by\u0165 vyroben\u00e9 z materi\u00e1lov odoln\u00fdch vo\u010di opotrebovaniu, ako je polyuret\u00e1n a nitrilov\u00e1 guma.<\/li>\n<li>Trvanlivos\u0165: Valec by mal by\u0165 navrhnut\u00fd z materi\u00e1lov odoln\u00fdch vo\u010di kor\u00f3zii a mal by ma\u0165 povrchov\u00fa \u00fapravu, aby sa pred\u013a\u017eila jeho \u017eivotnos\u0165.<\/li>\n<li>Bezpe\u010dnos\u0165: Valec by mal by\u0165 navrhnut\u00fd s vhodn\u00fdmi bezpe\u010dnostn\u00fdmi mechanizmami, aby sa zabezpe\u010dila bezpe\u010dn\u00e1 prev\u00e1dzka.<\/li>\n<li>\u00dadr\u017eba: F\u013ea\u0161a by mala by\u0165 navrhnut\u00e1 s oh\u013eadom na jednoduch\u00fa \u00fadr\u017ebu vr\u00e1tane kontroly a v\u00fdmeny dielov.<\/li>\n<\/ul>\n<p><img src='https:\/\/www.hydraulic-cylinders.net\/wp-content\/uploads\/2025\/01\/songte-oil-pipes-and-spare-parts.webp'><\/p>\n<h2>Tesnenie a mazanie<\/h2>\n<p>Valec kor\u010deka pre mal\u00e9 r\u00fdpadlo JCM 913D pou\u017e\u00edva r\u00f4zne tesnenia, ako s\u00fa piestne tesnenia a tesnenia ty\u010d\u00ed, ktor\u00e9 by mali by\u0165 vyroben\u00e9 z materi\u00e1lov odoln\u00fdch proti opotrebovaniu, ako je polyuret\u00e1n a nitrilov\u00fd kau\u010duk. Teleso valca a z\u00e1vitov\u00e9 koncov\u00e9 plochy s\u00fa jemne o\u0161etren\u00e9 pre zlep\u0161enie odolnosti proti opotrebovaniu. Pre zabezpe\u010denie plynul\u00e9ho chodu by sa malo zabezpe\u010di\u0165 spr\u00e1vne mazanie pravideln\u00fdm prid\u00e1van\u00edm vhodn\u00e9ho mno\u017estva hydraulick\u00e9ho oleja.<\/p>\n<h2>Pravideln\u00e1 kontrola a opatrenia prevent\u00edvnej \u00fadr\u017eby<\/h2>\n<p>Pravideln\u00e1 kontrola a prevent\u00edvna \u00fadr\u017eba s\u00fa nevyhnutn\u00e9 pre zabezpe\u010denie bezprobl\u00e9movej prev\u00e1dzky a dlhej \u017eivotnosti valca ko\u0161\u00edka pre mal\u00e9 r\u00fdpadlo JCM 913D. Nasleduje nieko\u013eko be\u017en\u00fdch \u00faloh \u00fadr\u017eby:<\/p>\n<ul>\n<li>Pravideln\u00e1 kontrola: Vykon\u00e1vajte pravideln\u00e9 kontroly, aby ste v\u010das odhalili probl\u00e9my.<\/li>\n<li>Spr\u00e1vne mazanie: Valec nama\u017ete pod\u013ea odpor\u00fa\u010dan\u00ed v\u00fdrobcu, aby ste zabezpe\u010dili hladk\u00fd chod.<\/li>\n<li>V\u00fdmena tesnenia: Tesnenia vyme\u0148te pod\u013ea potreby, aby ste predi\u0161li \u00fanikom a zabezpe\u010dili spr\u00e1vnu prev\u00e1dzku.<\/li>\n<li>Kontrola kalibr\u00e1cie: Vykonajte kalibra\u010dn\u00e9 kontroly, aby ste zabezpe\u010dili spr\u00e1vne umiestnenie a prev\u00e1dzku.<\/li>\n<\/ul>\n<p>Je d\u00f4le\u017eit\u00e9 poskytn\u00fa\u0165 spr\u00e1vne pokyny na zarovnanie valca po\u010das in\u0161tal\u00e1cie a odporu\u010di\u0165 pou\u017eitie vhodn\u00fdch mont\u00e1\u017enych konzol na upevnenie valca. Taktie\u017e odpor\u00fa\u010dame pou\u017ei\u0165 na\u0161e odpor\u00fa\u010dan\u00e9 postupy kontroly, opravy a v\u00fdmeny a poskytn\u00fa\u0165 slu\u017eby rekon\u0161trukcie, aby sa pred\u013a\u017eila \u017eivotnos\u0165 valca kor\u010deka pre mal\u00fd bager JCM 913D.<\/p>\n<p><img src='https:\/\/www.hydraulic-cylinders.net\/wp-content\/uploads\/2025\/01\/songte-chushion-collar.webp'><\/p>\n<h2>Bezpe\u010dnostn\u00e9 aspekty a faktory prostredia<\/h2>\n<p>Pri pou\u017e\u00edvan\u00ed hydraulick\u00fdch valcov s\u00fa nevyhnutn\u00e9 bezpe\u010dnostn\u00e9 opatrenia. In\u0161tal\u00e1cia a prev\u00e1dzka by sa mali vykon\u00e1va\u0165 v pr\u00edsnom s\u00falade s pokynmi v\u00fdrobcu. Na prevenciu zranen\u00ed by sa mali pou\u017e\u00edva\u0165 vhodn\u00e9 ochrann\u00e9 prostriedky. Mali by sa zv\u00e1\u017ei\u0165 aj faktory prostredia a na ochranu \u017eivotn\u00e9ho prostredia by sa mala zabezpe\u010di\u0165 spr\u00e1vna likvid\u00e1cia hydraulick\u00e9ho oleja a in\u00fdch odpadov\u00fdch produktov.<\/p>\n<h2>Rie\u0161enie probl\u00e9mov a be\u017en\u00e9 probl\u00e9my<\/h2>\n<p>Medzi be\u017en\u00e9 probl\u00e9my, ktor\u00e9 sa m\u00f4\u017eu vyskytn\u00fa\u0165 pri pou\u017e\u00edvan\u00ed valca lopaty pre mal\u00e9 r\u00fdpadlo JCM 913D, patria netesnosti, nedostato\u010dn\u00e1 alebo nadmern\u00e1 sila a neschopnos\u0165 vysun\u00fa\u0165 alebo zasun\u00fa\u0165. Na vyrie\u0161enie t\u00fdchto probl\u00e9mov a predch\u00e1dzanie potenci\u00e1lnym probl\u00e9mom by sa mali prija\u0165 spr\u00e1vne opatrenia na rie\u0161enie probl\u00e9mov a \u00fadr\u017ebu.<\/p>\n<p><img src='https:\/\/www.hydraulic-cylinders.net\/wp-content\/uploads\/2025\/01\/songte-bushings-with-all-kinds-of-excavator-models.webp'><\/p>\n<h2>O na\u0161ej spolo\u010dnosti<\/h2>\n<p>Sme v\u00fdrobca, ktor\u00fd sa \u0161pecializuje na v\u00fdrobu hydraulick\u00fdch valcov. Na\u0161a spolo\u010dnos\u0165 m\u00e1 kompletn\u00fd sortiment produktov a stala sa jedn\u00fdm z popredn\u00fdch v\u00fdrobcov a ve\u013ekoobchodn\u00edkov s hydraulick\u00fdmi valcami na dom\u00e1com aj zahrani\u010dnom trhu. Dodr\u017eiavame z\u00e1sadu vynikaj\u00facej kvality a spoliehame sa na industrializovan\u00e9 strat\u00e9gie riadenia v\u00fdroby v prec\u00edzne spracovan\u00fdch diel\u0148ach. Neust\u00e1le zlep\u0161ujeme na\u0161u v\u00fdrobn\u00fa platformu v diel\u0148ach, zdokona\u013eujeme v\u00fdrobn\u00fd postup zameran\u00fd na kvalitu v\u00fdrobkov a m\u00e1me siln\u00e9 tvoriv\u00e9 schopnosti. Vysok\u00e1 efektivita, vysok\u00e1 presnos\u0165 a vysok\u00e1 kvalita s\u00fa na\u0161imi z\u00e1sadami a na\u0161\u00edm cie\u013eom je uspokoji\u0165 rozmanit\u00e9 potreby na\u0161ich z\u00e1kazn\u00edkov.<\/p>\n<p>Na\u0161a spolo\u010dnos\u0165 m\u00e1 mnoho v\u00fdhod, medzi ktor\u00e9 patria:<\/p>\n<ul>\n<li>Profesionalita: N\u00e1\u0161 t\u00edm sa sklad\u00e1 zo sk\u00fasen\u00fdch in\u017einierov, kvalifikovan\u00fdch pracovn\u00edkov a profesion\u00e1lneho obchodn\u00e9ho person\u00e1lu.<\/li>\n<li>Medzin\u00e1rodn\u00e1 certifik\u00e1cia: Na\u0161e v\u00fdrobky pre\u0161li r\u00f4znymi medzin\u00e1rodn\u00fdmi certifik\u00e1ciami vr\u00e1tane ISO9001, CE a SGS.<\/li>\n<li>Slu\u017eby prisp\u00f4sobenia: Poskytujeme slu\u017eby na mieru, ktor\u00e9 sp\u013a\u0148aj\u00fa \u0161pecifick\u00e9 potreby r\u00f4znych z\u00e1kazn\u00edkov.<\/li>\n<li>V\u00fdrobn\u00e9 zariadenia: Na zabezpe\u010denie kvality na\u0161ich v\u00fdrobkov pou\u017e\u00edvame modern\u00e9 v\u00fdrobn\u00e9 zariadenia.<\/li>\n<li>Popredajn\u00fd servis: Poskytujeme komplexn\u00fd popredajn\u00fd servis, aby sme zabezpe\u010dili spokojnos\u0165 z\u00e1kazn\u00edkov.<\/li>\n<\/ul>\n<p><img src='https:\/\/hzpt.com\/wp-content\/uploads\/2024\/11\/songte-company-1.webp'><\/p>\n<h3>Autor: lyl.<\/h3>","protected":false},"excerpt":{"rendered":"<p>Bucket Cylinder For JCM Small Excavator 913D Introduction The bucket cylinder for JCM small excavator 913D is a specialized hydraulic cylinder designed for controlling the movement of the bucket in heavy machinery such as excavators, backhoe loaders, and front-end loaders. Its main function is to allow the bucket to lift, lower, and tilt, making it [&hellip;]<\/p>","protected":false},"featured_media":14765,"comment_status":"open","ping_status":"closed","template":"","meta":{"_et_pb_use_builder":"","_et_pb_old_content":"","_et_gb_content_width":""},"product_brand":[],"product_cat":[1494],"product_tag":[1495,1496],"class_list":{"0":"post-15669","1":"product","2":"type-product","3":"status-publish","4":"has-post-thumbnail","6":"product_cat-bucket-cylinders","7":"product_tag-bucket-cylinders","8":"product_tag-hydraulic-cylinders","10":"first","11":"instock","12":"shipping-taxable","13":"product-type-simple"},"amp_enabled":true,"_links":{"self":[{"href":"https:\/\/www.hydraulic-cylinders.net\/sk\/wp-json\/wp\/v2\/product\/15669","targetHints":{"allow":["GET"]}}],"collection":[{"href":"https:\/\/www.hydraulic-cylinders.net\/sk\/wp-json\/wp\/v2\/product"}],"about":[{"href":"https:\/\/www.hydraulic-cylinders.net\/sk\/wp-json\/wp\/v2\/types\/product"}],"replies":[{"embeddable":true,"href":"https:\/\/www.hydraulic-cylinders.net\/sk\/wp-json\/wp\/v2\/comments?post=15669"}],"wp:featuredmedia":[{"embeddable":true,"href":"https:\/\/www.hydraulic-cylinders.net\/sk\/wp-json\/wp\/v2\/media\/14765"}],"wp:attachment":[{"href":"https:\/\/www.hydraulic-cylinders.net\/sk\/wp-json\/wp\/v2\/media?parent=15669"}],"wp:term":[{"taxonomy":"product_brand","embeddable":true,"href":"https:\/\/www.hydraulic-cylinders.net\/sk\/wp-json\/wp\/v2\/product_brand?post=15669"},{"taxonomy":"product_cat","embeddable":true,"href":"https:\/\/www.hydraulic-cylinders.net\/sk\/wp-json\/wp\/v2\/product_cat?post=15669"},{"taxonomy":"product_tag","embeddable":true,"href":"https:\/\/www.hydraulic-cylinders.net\/sk\/wp-json\/wp\/v2\/product_tag?post=15669"}],"curies":[{"name":"pracovn\u00fd list","href":"https:\/\/api.w.org\/{rel}","templated":true}]}}