{"id":15679,"date":"2025-01-19T14:49:55","date_gmt":"2025-01-19T14:49:55","guid":{"rendered":"https:\/\/www.hydraulic-cylinders.net\/product\/bucket-cylinder-for-ihi-small-excavator-ihi18v\/"},"modified":"2025-01-19T14:49:57","modified_gmt":"2025-01-19T14:49:57","slug":"bucket-cylinder-for-ihi-small-excavator-ihi18v","status":"publish","type":"product","link":"https:\/\/www.hydraulic-cylinders.net\/sk\/produkt\/bucket-cylinder-for-ihi-small-excavator-ihi18v\/","title":{"rendered":"Valec vedra pre mal\u00e9 r\u00fdpadlo IHI IHI18V"},"content":{"rendered":"<h1>Valec vedra pre mal\u00e9 r\u00fdpadlo IHI IHI18V<\/h1>\n<h2>\u00davod<\/h2>\n<p>Hydraulick\u00fd valec, tie\u017e zn\u00e1my ako hydraulick\u00fd valec, je typ hydraulick\u00e9ho aktu\u00e1tora navrhnut\u00e9ho \u0161peci\u00e1lne na ovl\u00e1danie pohybu ly\u017eice v \u0165a\u017ek\u00fdch strojoch, ako s\u00fa bagre, r\u00fdpadl\u00e1 a \u010deln\u00e9 naklada\u010de. Jeho prim\u00e1rnou funkciou je umo\u017eni\u0165 zdv\u00edhanie, sp\u00fa\u0161\u0165anie a nakl\u00e1\u0148anie ly\u017eice, \u010do u\u013eah\u010duje vykon\u00e1vanie r\u00f4znych \u00faloh manipul\u00e1cie s materi\u00e1lom. V hydraulickom syst\u00e9me dosahuje valec ly\u017eice presn\u00e9 ovl\u00e1danie ly\u017eice prostredn\u00edctvom zmien tlaku hydraulick\u00e9ho oleja, \u010do umo\u017e\u0148uje obsluhe efekt\u00edvne manipulova\u0165 s \u0165a\u017ek\u00fdmi bremenami a prisp\u00f4sobova\u0165 sa zlo\u017eit\u00fdm pracovn\u00fdm prostrediam a r\u00f4znorod\u00fdm po\u017eiadavk\u00e1m na pr\u00e1cu.<\/p>\n<p><img decoding=\"async\" src=\"https:\/\/www.hydraulic-cylinders.net\/wp-content\/uploads\/2025\/01\/songte-company-2.webp\" alt=\"Valec vedra\"><\/p>\n<h2>Vlastnosti produktu<\/h2>\n<ul>\n<li>\n<h3>Vysok\u00e1 pevnos\u0165 a odolnos\u0165<\/h3>\n<p>Valec kor\u010deka je zvy\u010dajne vyroben\u00fd z vysokopevnostnej ocele alebo hlin\u00edka, schopn\u00e9ho odola\u0165 vysok\u00e9mu tlaku a \u0165a\u017ek\u00fdm za\u0165a\u017eeniam, a je navrhnut\u00fd s oh\u013eadom na odolnos\u0165 vo\u010di opotrebovaniu a kor\u00f3zii, \u010d\u00edm sa predl\u017euje jeho \u017eivotnos\u0165.<\/p>\n<\/li>\n<li>\n<h3>Efekt\u00edvna hydraulick\u00e1 prev\u00e1dzka<\/h3>\n<p>Valec ly\u017eice vyu\u017e\u00edva hydraulick\u00fd tlak oleja na dosiahnutie plynul\u00e9ho vys\u00favania a zas\u00favania, je schopn\u00fd r\u00fdchlo reagova\u0165 na ovl\u00e1dacie povely a poskytuje siln\u00e9 tla\u010dn\u00e9 a \u0165a\u017en\u00e9 sily, vhodn\u00e9 na manipul\u00e1ciu s \u0165a\u017ek\u00fdmi bremenami a zlo\u017eit\u00e9 pracovn\u00e9 \u00falohy.<\/p>\n<\/li>\n<li>\n<h3>R\u00f4zne typy<\/h3>\n<p>Valec kor\u010deka je mo\u017en\u00e9 vybra\u0165 pod\u013ea prev\u00e1dzkov\u00fdch po\u017eiadaviek s mo\u017enos\u0165ou v\u00fdberu jedno\u010dinn\u00e9ho (hydraulika pou\u017e\u00edvan\u00e1 iba v jednom smere) alebo dvoj\u010dinn\u00e9ho (hydraulika pou\u017e\u00edvan\u00e1 v oboch smeroch) valca, aby sa splnili r\u00f4zne prev\u00e1dzkov\u00e9 potreby. Niektor\u00e9 modely s\u00fa teleskopick\u00e9, \u010do umo\u017e\u0148uje v\u00e4\u010d\u0161ie vysunutie bez zv\u00e4\u010d\u0161enia vonkaj\u0161\u00edch rozmerov, vhodn\u00e9 pre aplik\u00e1cie s obmedzen\u00fdm priestorom.<\/p>\n<\/li>\n<li>\n<h3>Vysoko prisp\u00f4sobite\u013en\u00e9<\/h3>\n<p>Na\u0161e produkty dok\u00e1\u017eu dokonale nahradi\u0165 tieto hydraulick\u00e9 valce s mo\u017enos\u0165ou v\u00fdroby prisp\u00f4soben\u00fdch valcov s kore\u010dkami pod\u013ea \u0161pecifick\u00fdch po\u017eiadaviek a aplik\u00e1ci\u00ed. <\/p>\n<\/li>\n<li>\n<h3>Kompatibiln\u00e9 s r\u00f4znymi strojmi<\/h3>\n<p>Valec kor\u010deka sa \u0161iroko pou\u017e\u00edva v stavebn\u00fdch strojoch, ako s\u00fa r\u00fdpadl\u00e1, r\u00fdpadl\u00e1-naklada\u010de, \u010deln\u00e9 naklada\u010de a po\u013enohospod\u00e1rske stroje, ktor\u00e9 s\u00fa schopn\u00e9 vykop\u00e1va\u0165, naklada\u0165 a prepravova\u0165 p\u00f4du, seno a in\u00e9 materi\u00e1ly.<\/p>\n<\/li>\n<\/ul>\n<p><img decoding=\"async\" src=\"https:\/\/www.hydraulic-cylinders.net\/wp-content\/uploads\/2025\/01\/songte-cylinder-head-with-all-kinds-excavator-models.webp\" alt=\"Modely valcov s vedrom\"><\/p>\n<h2>\u00davahy o dizajne a \u0161tandardy v\u00fdberu<\/h2>\n<ul>\n<li>\n<h3>Nosnos\u0165<\/h3>\n<p>Valce ly\u017e\u00edc s\u00fa navrhnut\u00e9 tak, aby odolali prev\u00e1dzkov\u00e9mu za\u0165a\u017eeniu stroja a ly\u017eice s oh\u013eadom na silu z hydraulick\u00e9ho syst\u00e9mu a hmotnos\u0165 prepravovan\u00e9ho materi\u00e1lu.<\/p>\n<\/li>\n<li>\n<h3>Tesnenie a trvanlivos\u0165<\/h3>\n<p>Valec s vedrom mus\u00ed ma\u0165 spo\u013eahliv\u00fd tesniaci syst\u00e9m, aby sa zabr\u00e1nilo \u00faniku oleja a aby sa zabezpe\u010dilo spr\u00e1vne mazanie pohybliv\u00fdch \u010dast\u00ed. Teleso valca a povrch z\u00e1vitov\u00e9ho konca musia by\u0165 jemne opracovan\u00e9, aby sa zlep\u0161ila odolnos\u0165 proti opotrebovaniu.<\/p>\n<\/li>\n<li>\n<h3>Bezpe\u010dnos\u0165 a \u00fadr\u017eba<\/h3>\n<p>Valec s ko\u0161\u00edkom vy\u017eaduje pravideln\u00fa kontrolu, vhodn\u00e9 mazanie a v\u00fdmenu opotrebovan\u00fdch alebo po\u0161koden\u00fdch dielov, aby sa zabezpe\u010dila spo\u013eahliv\u00e1 a bezpe\u010dn\u00e1 prev\u00e1dzka. Na upevnenie valca sa odpor\u00fa\u010da pou\u017ei\u0165 vhodn\u00e9 mont\u00e1\u017ene konzoly a dodr\u017eiava\u0165 odpor\u00fa\u010dan\u00e9 postupy kontroly, opravy a v\u00fdmeny.<\/p>\n<\/li>\n<\/ul>\n<p><img decoding=\"async\" src=\"https:\/\/www.hydraulic-cylinders.net\/wp-content\/uploads\/2025\/01\/songte-oil-pipes-and-spare-parts.webp\" alt=\"\u010casti valca vedra\"><\/p>\n<h2>Bezpe\u010dnostn\u00e9 a environment\u00e1lne aspekty<\/h2>\n<p>Pri pou\u017e\u00edvan\u00ed valca s vedrom je d\u00f4le\u017eit\u00e9 dodr\u017eiava\u0165 pr\u00edslu\u0161n\u00e9 bezpe\u010dnostn\u00e9 opatrenia, aby sa predi\u0161lo nehod\u00e1m a zaistila bezpe\u010dnos\u0165 obsluhy a okoloid\u00facich. Spr\u00e1vna manipul\u00e1cia a likvid\u00e1cia hydraulick\u00e9ho oleja a in\u00fdch materi\u00e1lov s\u00fa nevyhnutn\u00e9 na minimaliz\u00e1ciu vplyvu na \u017eivotn\u00e9 prostredie.<\/p>\n<h2>Diagnostika por\u00fach a be\u017en\u00e9 probl\u00e9my<\/h2>\n<p>Valec vedra m\u00f4\u017ee ma\u0165 poruchy, ako je \u00fanik oleja, nedostato\u010dn\u00e1 sila a abnorm\u00e1lna prev\u00e1dzka. Pravideln\u00e1 kontrola a \u00fadr\u017eba m\u00f4\u017eu pom\u00f4c\u0165 predch\u00e1dza\u0165 potenci\u00e1lnym probl\u00e9mom a v\u010das ich identifikova\u0165. Ak sa vyskytn\u00fa poruchy, je d\u00f4le\u017eit\u00e9 prija\u0165 vhodn\u00e9 opatrenia na diagnostiku a odstr\u00e1nenie probl\u00e9mu.<\/p>\n<p><img decoding=\"async\" src=\"https:\/\/www.hydraulic-cylinders.net\/wp-content\/uploads\/2025\/01\/songte-bushings-with-all-kinds-of-excavator-models.webp\" alt=\"Puzdr\u00e1 valcov vedra\"><\/p>\n<h2>In\u0161tal\u00e1cia a \u00fadr\u017eba<\/h2>\n<p>Spr\u00e1vna in\u0161tal\u00e1cia, mazanie a nastavenie s\u00fa k\u013e\u00fa\u010dov\u00e9 pre zabezpe\u010denie dlhej \u017eivotnosti a optim\u00e1lneho v\u00fdkonu valca s vedrom. Pravideln\u00e1 \u00fadr\u017eba, ako je kontrola, mazanie a v\u00fdmena tesnen\u00ed, by sa mala vykon\u00e1va\u0165, aby sa predi\u0161lo potenci\u00e1lnym probl\u00e9mom a valec sa udr\u017eal v dobrom stave.<\/p>\n<h2>O na\u0161ej spolo\u010dnosti<\/h2>\n<p>Sme popredn\u00fdm v\u00fdrobcom a ve\u013ekoobchodn\u00fdm distrib\u00fatorom hydraulick\u00fdch valcov a pon\u00fakame komplexn\u00fd sortiment produktov, ktor\u00e9 uspokoja rozmanit\u00e9 potreby dom\u00e1ceho a medzin\u00e1rodn\u00e9ho trhu. Zaviazali sme sa poskytova\u0165 v\u00fdnimo\u010dn\u00fa kvalitu a slu\u017eby so zameran\u00edm na presn\u00fa v\u00fdrobu, pokro\u010dil\u00e9 digit\u00e1lne zariadenia a profesion\u00e1lne testovacie syst\u00e9my, aby sme na\u0161im z\u00e1kazn\u00edkom poskytovali efekt\u00edvne, presn\u00e9 a vysoko kvalitn\u00e9 produkty.<\/p>\n<ul>\n<li>\n<h3>Odbornos\u0165<\/h3>\n<p>M\u00e1me t\u00edm sk\u00fasen\u00fdch a kvalifikovan\u00fdch odborn\u00edkov s rozsiahlymi znalos\u0165ami a odborn\u00fdmi znalos\u0165ami v oblasti n\u00e1vrhu, v\u00fdroby a testovania hydraulick\u00fdch valcov.<\/p>\n<\/li>\n<li>\n<h3>Medzin\u00e1rodn\u00e9 certifik\u00e1cie<\/h3>\n<p>Na\u0161e v\u00fdrobky pre\u0161li certifik\u00e1ciou ISO9001, SGS a CE, \u010d\u00edm zabezpe\u010duj\u00fa s\u00falad s medzin\u00e1rodn\u00fdmi normami.<\/p>\n<\/li>\n<li>\n<h3>Slu\u017eby prisp\u00f4sobenia<\/h3>\n<p>Pon\u00fakame hydraulick\u00e9 valce na mieru pod\u013ea \u0161pecifick\u00fdch po\u017eiadaviek a aplik\u00e1ci\u00ed s flexibiln\u00fdmi kon\u0161truk\u010dn\u00fdmi a v\u00fdrobn\u00fdmi mo\u017enos\u0165ami.<\/p>\n<\/li>\n<li>\n<h3>V\u00fdrobn\u00e9 zariadenia<\/h3>\n<p>Na zabezpe\u010denie presnosti a efekt\u00edvnosti v\u00fdrobn\u00e9ho procesu vyu\u017e\u00edvame modern\u00e9 CNC obr\u00e1bacie centr\u00e1, testovacie zariadenia a \u010fal\u0161ie digit\u00e1lne vybavenie.<\/p>\n<\/li>\n<li>\n<h3>Popredajn\u00fd servis<\/h3>\n<p>Poskytujeme komplexn\u00fd popredajn\u00fd servis vr\u00e1tane kontroly, opravy a v\u00fdmeny dielov, aby sme zabezpe\u010dili, \u017ee na\u0161i z\u00e1kazn\u00edci z na\u0161ich produktov vy\u0165a\u017eia maximum.<\/p>\n<\/li>\n<\/ul>\n<p><img decoding=\"async\" src=\"https:\/\/hzpt.com\/wp-content\/uploads\/2024\/11\/songte-company-1.webp\" alt=\"Na\u0161a spolo\u010dnos\u0165\"><\/p>\n<h3>Autor: lyl<\/h3>","protected":false},"excerpt":{"rendered":"<p>Bucket Cylinder For IHI Small Excavator IHI18V Introduction The bucket cylinder, also known as the hydraulic cylinder, is a type of hydraulic actuator designed specifically for controlling the movement of the bucket in heavy machinery such as excavators, backhoes, and front-end loaders. Its primary function is to allow the bucket to lift, lower, and tilt, [&hellip;]<\/p>","protected":false},"featured_media":14778,"comment_status":"open","ping_status":"closed","template":"","meta":{"_et_pb_use_builder":"","_et_pb_old_content":"","_et_gb_content_width":""},"product_brand":[],"product_cat":[1494],"product_tag":[1495,1496],"class_list":{"0":"post-15679","1":"product","2":"type-product","3":"status-publish","4":"has-post-thumbnail","6":"product_cat-bucket-cylinders","7":"product_tag-bucket-cylinders","8":"product_tag-hydraulic-cylinders","10":"first","11":"instock","12":"shipping-taxable","13":"product-type-simple"},"amp_enabled":true,"_links":{"self":[{"href":"https:\/\/www.hydraulic-cylinders.net\/sk\/wp-json\/wp\/v2\/product\/15679","targetHints":{"allow":["GET"]}}],"collection":[{"href":"https:\/\/www.hydraulic-cylinders.net\/sk\/wp-json\/wp\/v2\/product"}],"about":[{"href":"https:\/\/www.hydraulic-cylinders.net\/sk\/wp-json\/wp\/v2\/types\/product"}],"replies":[{"embeddable":true,"href":"https:\/\/www.hydraulic-cylinders.net\/sk\/wp-json\/wp\/v2\/comments?post=15679"}],"wp:featuredmedia":[{"embeddable":true,"href":"https:\/\/www.hydraulic-cylinders.net\/sk\/wp-json\/wp\/v2\/media\/14778"}],"wp:attachment":[{"href":"https:\/\/www.hydraulic-cylinders.net\/sk\/wp-json\/wp\/v2\/media?parent=15679"}],"wp:term":[{"taxonomy":"product_brand","embeddable":true,"href":"https:\/\/www.hydraulic-cylinders.net\/sk\/wp-json\/wp\/v2\/product_brand?post=15679"},{"taxonomy":"product_cat","embeddable":true,"href":"https:\/\/www.hydraulic-cylinders.net\/sk\/wp-json\/wp\/v2\/product_cat?post=15679"},{"taxonomy":"product_tag","embeddable":true,"href":"https:\/\/www.hydraulic-cylinders.net\/sk\/wp-json\/wp\/v2\/product_tag?post=15679"}],"curies":[{"name":"pracovn\u00fd list","href":"https:\/\/api.w.org\/{rel}","templated":true}]}}