{"id":15689,"date":"2025-01-19T14:50:51","date_gmt":"2025-01-19T14:50:51","guid":{"rendered":"https:\/\/www.hydraulic-cylinders.net\/product\/bucket-cylinder-for-bobcat-small-excavator-e63\/"},"modified":"2025-01-19T14:50:53","modified_gmt":"2025-01-19T14:50:53","slug":"bucket-cylinder-for-bobcat-small-excavator-e63","status":"publish","type":"product","link":"https:\/\/www.hydraulic-cylinders.net\/sk\/produkt\/bucket-cylinder-for-bobcat-small-excavator-e63\/","title":{"rendered":"Valec vedra pre mal\u00e9 r\u00fdpadlo Bobcat E63"},"content":{"rendered":"<h1>Valec vedra pre mal\u00e9 r\u00fdpadlo Bobcat E63<\/h1>\n<h2>\u00davod<\/h2>\n<p>Hydraulick\u00fd valec ly\u017eice pre mal\u00e9 r\u00fdpadlo Bobcat E63 je \u0161pecializovan\u00fd hydraulick\u00fd valec ur\u010den\u00fd na ovl\u00e1danie pohybu ly\u017eice v \u0165a\u017ek\u00fdch strojoch, ako s\u00fa r\u00fdpadl\u00e1, r\u00fdpadl\u00e1-naklada\u010de a naklada\u010de. Jeho hlavnou funkciou je umo\u017eni\u0165 zdv\u00edhanie, sp\u00fa\u0161\u0165anie a nakl\u00e1\u0148anie ly\u017eice, \u010do u\u013eah\u010duje vykon\u00e1vanie r\u00f4znych \u00faloh manipul\u00e1cie s materi\u00e1lom. V hydraulick\u00fdch syst\u00e9moch valec ly\u017eice vyu\u017e\u00edva zmenu tlaku hydraulick\u00e9ho oleja na presn\u00e9 ovl\u00e1danie ly\u017eice, \u010do umo\u017e\u0148uje obsluhe efekt\u00edvne manipulova\u0165 s \u0165a\u017ek\u00fdmi bremenami a prisp\u00f4sobi\u0165 sa zlo\u017eit\u00fdm pracovn\u00fdm prostrediam a r\u00f4znorod\u00fdm po\u017eiadavk\u00e1m na pr\u00e1cu.<\/p>\n<p><img decoding=\"async\" src=\"https:\/\/www.hydraulic-cylinders.net\/wp-content\/uploads\/2025\/01\/songte-company-2.webp\" alt=\"Obr\u00e1zok valca vedra\"><\/p>\n<h2>Funkcie<\/h2>\n<ul>\n<li>\n<h3>Vysok\u00e1 pevnos\u0165 a odolnos\u0165<\/h3>\n<p>Zvy\u010dajne vyroben\u00fd z vysokopevnostnej ocele alebo hlin\u00edka, odol\u00e1 vysok\u00e9mu tlaku a \u0165a\u017ek\u00fdm za\u0165a\u017eeniam, prisp\u00f4sob\u00ed sa n\u00e1ro\u010dn\u00fdm pracovn\u00fdm podmienkam a je navrhnut\u00fd s oh\u013eadom na odolnos\u0165 proti opotrebovaniu a kor\u00f3zii, aby sa pred\u013a\u017eila \u017eivotnos\u0165 valca vedra.<\/p>\n<\/li>\n<li>\n<h3>Efekt\u00edvna hydraulick\u00e1 prev\u00e1dzka<\/h3>\n<p>V\u010faka tlaku hydraulick\u00e9ho oleja na dosiahnutie plynul\u00e9ho vys\u00favania a s\u0165ahovania dok\u00e1\u017ee r\u00fdchlo reagova\u0165 na ovl\u00e1dacie povely, poskytova\u0165 siln\u00fa tla\u010dn\u00fa a \u0165a\u017en\u00fa silu a je vhodn\u00fd na manipul\u00e1ciu s \u0165a\u017ek\u00fdmi bremenami a zlo\u017eit\u00fdmi pracovn\u00fdmi \u00falohami.<\/p>\n<\/li>\n<li>\n<h3>R\u00f4zne typy<\/h3>\n<p>Jedno\u010dinn\u00e9 (hydraulicky ovl\u00e1dan\u00e9 v jednom smere) alebo dvoj\u010dinn\u00e9 (hydraulicky ovl\u00e1dan\u00e9 v dvoch smeroch) valce je mo\u017en\u00e9 vybra\u0165 pod\u013ea potrieb, aby sa splnili r\u00f4zne prev\u00e1dzkov\u00e9 po\u017eiadavky. Niektor\u00e9 modely s\u00fa teleskopick\u00e9, \u010do umo\u017e\u0148uje v\u00e4\u010d\u0161ie vysunutie bez zv\u00e4\u010d\u0161enia vonkaj\u0161\u00edch rozmerov, v\u010faka \u010domu s\u00fa vhodn\u00e9 pre aplik\u00e1cie s obmedzen\u00fdm priestorom.<\/p>\n<\/li>\n<li>\n<h3>M\u00f4\u017ee by\u0165 vymenen\u00fd<\/h3>\n<p>Na\u0161e produkty dok\u00e1\u017eu dokonale nahradi\u0165 tieto hydraulick\u00e9 valce. <\/p>\n<\/li>\n<\/ul>\n<p><img decoding=\"async\" src=\"https:\/\/www.hydraulic-cylinders.net\/wp-content\/uploads\/2025\/01\/songte-cylinder-head-with-all-kinds-excavator-models.webp\" alt=\"Obr\u00e1zok v\u00fdmeny valca vedra\"><\/p>\n<h2>Aplik\u00e1cie<\/h2>\n<p>Valec vedra pre mal\u00e9 r\u00fdpadlo Bobcat E63 sa \u0161iroko pou\u017e\u00edva v r\u00f4znych odvetviach vr\u00e1tane:<\/p>\n<ul>\n<li>\n<h3>Stavebn\u00e9 stroje<\/h3>\n<p>V bagroch s\u00fa nevyhnutn\u00e9 na v\u00fdkopov\u00e9 pr\u00e1ce, nakladanie a premiest\u0148ovanie zeminy alebo sutiny. V r\u00fdpadlo-naklada\u010doch pom\u00e1haj\u00fa valce ko\u0161\u00edkov pri v\u00fdkopov\u00fdch pr\u00e1cach a zdv\u00edhan\u00ed.<\/p>\n<\/li>\n<li>\n<h3>Po\u013enohospod\u00e1rske stroje<\/h3>\n<p>Pou\u017e\u00edva sa pre \u010deln\u00e9 naklada\u010de, na zdv\u00edhanie, nakladanie a prepravu zeminy, sena a in\u00fdch materi\u00e1lov. V r\u00fdpadl\u00e1ch umo\u017e\u0148uje valec ly\u017eice kopanie t\u00fdm, \u017ee umo\u017e\u0148uje ly\u017eici prenikn\u00fa\u0165 do p\u00f4dy.<\/p>\n<\/li>\n<li>\n<h3>Naklada\u010d<\/h3>\n<p>V \u010deln\u00fdch naklada\u010doch \u00fa\u010dinne pom\u00e1haj\u00fa pri zdv\u00edhan\u00ed a vykladan\u00ed tovaru.<\/p>\n<\/li>\n<\/ul>\n<h2>\u00davahy o dizajne a \u0161tandardy v\u00fdberu<\/h2>\n<p>Pri navrhovan\u00ed valca lopaty pre mal\u00e9 r\u00fdpadlo Bobcat E63 sa zoh\u013ead\u0148uj\u00fa r\u00f4zne faktory, ako je nosnos\u0165, tesnenie, trvanlivos\u0165, bezpe\u010dnos\u0165 a \u00fadr\u017eba. Nasleduje nieko\u013eko bodov, ktor\u00e9 je potrebn\u00e9 prediskutova\u0165:<\/p>\n<ul>\n<li>\n<h3>Nosnos\u0165<\/h3>\n<p>Schopnos\u0165 valca vedra odol\u00e1va\u0165 vysok\u00e9mu tlaku a \u0165a\u017ek\u00fdm za\u0165a\u017eeniam je rozhoduj\u00faca pre v\u00fdkon a \u017eivotnos\u0165 produktu.<\/p>\n<\/li>\n<li>\n<h3>Tesnenie<\/h3>\n<p>Tesniaci syst\u00e9m valca vedra je nevyhnutn\u00fd na zabr\u00e1nenie \u00faniku a zabezpe\u010denie hladkej prev\u00e1dzky a pou\u017eitie vysokokvalitn\u00fdch tesniacich materi\u00e1lov a presn\u00fdch obr\u00e1bac\u00edch procesov m\u00f4\u017ee zlep\u0161i\u0165 tesniaci v\u00fdkon a pred\u013a\u017ei\u0165 \u017eivotnos\u0165 valca.<\/p>\n<\/li>\n<li>\n<h3>Trvanlivos\u0165<\/h3>\n<p>Valec s ko\u0161\u00edkom je vystaven\u00fd n\u00e1ro\u010dn\u00fdm pracovn\u00fdm podmienkam a po\u010das prev\u00e1dzky m\u00f4\u017ee d\u00f4js\u0165 k siln\u00e9mu opotrebovaniu. Preto by sa mal zv\u00e1\u017ei\u0165 v\u00fdber materi\u00e1lu valca, povrchov\u00e1 \u00faprava a \u010fal\u0161ie faktory, aby sa zv\u00fd\u0161ila jeho trvanlivos\u0165 a odolnos\u0165 vo\u010di kor\u00f3zii a opotrebovaniu.<\/p>\n<\/li>\n<li>\n<h3>Bezpe\u010dnos\u0165<\/h3>\n<p>Bezpe\u010dnostn\u00e9 prvky valca vedra, ako je ochrana proti pre\u0165a\u017eeniu a n\u00fadzov\u00e9 zastavenie, s\u00fa k\u013e\u00fa\u010dov\u00e9 pre zaistenie bezpe\u010dnosti obsluhy a predch\u00e1dzanie nehod\u00e1m.<\/p>\n<\/li>\n<li>\n<h3>Udr\u017eiavate\u013enos\u0165<\/h3>\n<p>\u00dadr\u017eba valca vedra, ako napr\u00edklad jednoduch\u00fd pr\u00edstup pre \u00fadr\u017ebu a v\u00fdmenu, m\u00f4\u017ee skr\u00e1ti\u0165 prestoje a zv\u00fd\u0161i\u0165 produktivitu.<\/p>\n<\/li>\n<\/ul>\n<p><img decoding=\"async\" src=\"https:\/\/www.hydraulic-cylinders.net\/wp-content\/uploads\/2025\/01\/songte-oil-pipes-and-spare-parts.webp\" alt=\"Obr\u00e1zok n\u00e1vrhu valca vedra\"><\/p>\n<h2>Tesnenie a mazanie<\/h2>\n<p>Valec kor\u010deka pou\u017e\u00edva r\u00f4zne tesnenia, ako s\u00fa piestne tesnenia, tesnenia ty\u010d\u00ed at\u010f., aby sa zabr\u00e1nilo \u00faniku a zabezpe\u010dila sa plynul\u00e1 prev\u00e1dzka. Tesnenia s\u00fa vyroben\u00e9 z materi\u00e1lov odoln\u00fdch vo\u010di opotrebovaniu, ako je polyuret\u00e1n a nitrilov\u00fd kau\u010duk, aby sa zlep\u0161il tesniaci v\u00fdkon a pred\u013a\u017eila sa \u017eivotnos\u0165 valca. Pravideln\u00e9 prid\u00e1vanie vhodn\u00e9ho mno\u017estva hydraulick\u00e9ho oleja m\u00f4\u017ee maza\u0165 valec a zn\u00ed\u017ei\u0165 opotrebenie.<\/p>\n<h2>Kontrola a prevent\u00edvna \u00fadr\u017eba<\/h2>\n<p>Pravideln\u00e9 kontroly a prevent\u00edvna \u00fadr\u017eba s\u00fa nevyhnutn\u00e9 pre zabezpe\u010denie optim\u00e1lneho v\u00fdkonu valca vedra a pred\u013a\u017eenie jeho \u017eivotnosti. Nasleduj\u00fa z\u00e1kladn\u00e9 \u00falohy \u00fadr\u017eby:<\/p>\n<ul>\n<li>\n<h3>Pravideln\u00e1 kontrola<\/h3>\n<p>Pravideln\u00e9 kontroly stavu valca, ako s\u00fa ak\u00e9ko\u013evek zn\u00e1mky praskl\u00edn alebo opotrebovania, s\u00fa potrebn\u00e9 na odhalenie ak\u00fdchko\u013evek potenci\u00e1lnych probl\u00e9mov a ich okam\u017eit\u00e9 rie\u0161enie.<\/p>\n<\/li>\n<li>\n<h3>Mazanie<\/h3>\n<p>Pravideln\u00e9 mazanie valca m\u00f4\u017ee zn\u00ed\u017ei\u0165 opotrebenie a zabezpe\u010di\u0165 plynul\u00fd chod. <\/p>\n<\/li>\n<li>\n<h3>V\u00fdmena tesnenia a kontrola kalibr\u00e1cie<\/h3>\n<p>V\u00fdmena opotrebovan\u00fdch tesnen\u00ed a kontrola kalibr\u00e1cie valca m\u00f4\u017ee pom\u00f4c\u0165 udr\u017ea\u0165 v\u00fdkon valca.<\/p>\n<\/li>\n<\/ul>\n<p><img decoding=\"async\" src=\"https:\/\/www.hydraulic-cylinders.net\/wp-content\/uploads\/2025\/01\/songte-chushion-collar.webp\" alt=\"Obr\u00e1zok \u00fadr\u017eby valca vedra\"><\/p>\n<h2>Bezpe\u010dnostn\u00e9 aspekty a faktory prostredia<\/h2>\n<p>Pri pou\u017e\u00edvan\u00ed valca ko\u0161\u00edka pre mal\u00e9 r\u00fdpadlo Bobcat E63 je nevyhnutn\u00e9 dodr\u017eiava\u0165 bezpe\u010dnostn\u00e9 pokyny, ako je nosenie vhodn\u00fdch ochrann\u00fdch prostriedkov a zabezpe\u010denie dobr\u00e9ho prev\u00e1dzkov\u00e9ho stavu zariadenia. Spr\u00e1vna likvid\u00e1cia pou\u017eit\u00e9ho hydraulick\u00e9ho oleja a in\u00e9ho nebezpe\u010dn\u00e9ho odpadu je tie\u017e k\u013e\u00fa\u010dov\u00e1 pre ochranu \u017eivotn\u00e9ho prostredia.<\/p>\n<h2>Be\u017en\u00e9 probl\u00e9my a ich rie\u0161enie<\/h2>\n<p>Medzi be\u017en\u00e9 probl\u00e9my, ktor\u00e9 sa m\u00f4\u017eu vyskytn\u00fa\u0165 s valcom vedra, patr\u00ed \u00fanik oleja, porucha hydraulick\u00e9ho syst\u00e9mu a opotrebovan\u00e9 tesnenia. Rie\u0161enie t\u00fdchto probl\u00e9mov si vy\u017eaduje spr\u00e1vnu diagnostiku a opravu, ktor\u00e1 m\u00f4\u017ee zah\u0155\u0148a\u0165 v\u00fdmenu opotrebovan\u00fdch dielov alebo rekalibr\u00e1ciu valca.<\/p>\n<h2>Inform\u00e1cie o spolo\u010dnosti<\/h2>\n<p>Sme v\u00fdrobcom hydraulick\u00fdch valcov, ktor\u00e9 m\u00f4\u017eu nahradi\u0165 r\u00f4zne typy hydraulick\u00fdch valcov. Na\u0161a spolo\u010dnos\u0165 pon\u00faka kompletn\u00fd sortiment produktov a stala sa jedn\u00fdm z popredn\u00fdch v\u00fdrobcov a ve\u013ekoobchodn\u00edkov s hydraulick\u00fdmi valcami na dom\u00e1com aj medzin\u00e1rodnom trhu. Riadime sa z\u00e1sadou vynikaj\u00facej kvality, spoliehame sa na strat\u00e9giu riadenia priemyselnej v\u00fdroby v jemn\u00fdch v\u00fdrobn\u00fdch diel\u0148ach a neust\u00e1le zlep\u0161ujeme v\u00fdrobn\u00fa platformu na\u0161ich dieln\u00ed pomocou technologick\u00fdch talentov, digit\u00e1lnych \u0161pi\u010dkov\u00fdch v\u00fdrobn\u00fdch zariaden\u00ed a profesion\u00e1lnych testovac\u00edch syst\u00e9mov. Disponujeme silnou kreativitou a dok\u00e1\u017eeme uspokoji\u0165 rozmanit\u00e9 potreby na\u0161ich z\u00e1kazn\u00edkov s vysokou efektivitou, vysokou presnos\u0165ou a vysoko kvalitn\u00fdmi produktmi.<\/p>\n<p><img decoding=\"async\" src=\"https:\/\/hzpt.com\/wp-content\/uploads\/2024\/11\/songte-company-1.webp\" alt=\"Obr\u00e1zok spolo\u010dnosti\"><\/p>\n<h3>Profesionalita<\/h3>\n<p>Na\u0161a spolo\u010dnos\u0165 m\u00e1 t\u00edm sk\u00fasen\u00fdch a profesion\u00e1lnych in\u017einierov, ktor\u00ed vyv\u00edjaj\u00fa, navrhuj\u00fa a vyr\u00e1baj\u00fa hydraulick\u00e9 valce na z\u00e1klade potrieb a \u0161pecifik\u00e1ci\u00ed z\u00e1kazn\u00edkov.<\/p>\n<h3>Medzin\u00e1rodn\u00e1 certifik\u00e1cia<\/h3>\n<p>Na\u0161e produkty z\u00edskali medzin\u00e1rodn\u00e9 certifik\u00e1cie ako ISO9001, CE a SGS, \u010do nazna\u010duje, \u017ee sp\u013a\u0148aj\u00fa priemyseln\u00e9 \u0161tandardy a po\u017eiadavky.<\/p>\n<h3>Slu\u017eby prisp\u00f4sobenia<\/h3>\n<p>Pon\u00fakame slu\u017eby prisp\u00f4sobenia, aby sme splnili \u0161pecifick\u00e9 potreby z\u00e1kazn\u00edkov a zabezpe\u010dili ich spokojnos\u0165.<\/p>\n<h3>V\u00fdrobn\u00e9 zariadenia<\/h3>\n<p>Na\u0161a spolo\u010dnos\u0165 pou\u017e\u00edva modern\u00e9 v\u00fdrobn\u00e9 zariadenia, ako s\u00fa CNC obr\u00e1bacie centr\u00e1, na zabezpe\u010denie kvality a efekt\u00edvnosti v\u00fdrobkov.<\/p>\n<h3>Popredajn\u00fd servis<\/h3>\n<p>Z\u00e1kazn\u00edkom poskytujeme vynikaj\u00faci popredajn\u00fd servis, ako je technick\u00e1 podpora, opravy a \u00fadr\u017eba, aby sme zabezpe\u010dili bezprobl\u00e9mov\u00fa prev\u00e1dzku na\u0161ich produktov.<\/p>\n<p><img decoding=\"async\" src=\"https:\/\/www.hydraulic-cylinders.net\/wp-content\/uploads\/2025\/01\/songte-company-3.webp\" alt=\"Obr\u00e1zok spolo\u010dnosti\"><\/p>\n<p>Autor: lyl<\/p>","protected":false},"excerpt":{"rendered":"<p>Bucket Cylinder For Bobcat Small Excavator E63 Introduction The Bucket Cylinder for Bobcat Small Excavator E63 is a specialized hydraulic cylinder designed to control the movement of the bucket in heavy machinery such as excavators, backhoes, and loaders. Its main function is to allow the bucket to lift, lower, and tilt, making it easier to [&hellip;]<\/p>","protected":false},"featured_media":14787,"comment_status":"open","ping_status":"closed","template":"","meta":{"_et_pb_use_builder":"","_et_pb_old_content":"","_et_gb_content_width":""},"product_brand":[],"product_cat":[1494],"product_tag":[1495,1496],"class_list":{"0":"post-15689","1":"product","2":"type-product","3":"status-publish","4":"has-post-thumbnail","6":"product_cat-bucket-cylinders","7":"product_tag-bucket-cylinders","8":"product_tag-hydraulic-cylinders","10":"first","11":"instock","12":"shipping-taxable","13":"product-type-simple"},"amp_enabled":true,"_links":{"self":[{"href":"https:\/\/www.hydraulic-cylinders.net\/sk\/wp-json\/wp\/v2\/product\/15689","targetHints":{"allow":["GET"]}}],"collection":[{"href":"https:\/\/www.hydraulic-cylinders.net\/sk\/wp-json\/wp\/v2\/product"}],"about":[{"href":"https:\/\/www.hydraulic-cylinders.net\/sk\/wp-json\/wp\/v2\/types\/product"}],"replies":[{"embeddable":true,"href":"https:\/\/www.hydraulic-cylinders.net\/sk\/wp-json\/wp\/v2\/comments?post=15689"}],"wp:featuredmedia":[{"embeddable":true,"href":"https:\/\/www.hydraulic-cylinders.net\/sk\/wp-json\/wp\/v2\/media\/14787"}],"wp:attachment":[{"href":"https:\/\/www.hydraulic-cylinders.net\/sk\/wp-json\/wp\/v2\/media?parent=15689"}],"wp:term":[{"taxonomy":"product_brand","embeddable":true,"href":"https:\/\/www.hydraulic-cylinders.net\/sk\/wp-json\/wp\/v2\/product_brand?post=15689"},{"taxonomy":"product_cat","embeddable":true,"href":"https:\/\/www.hydraulic-cylinders.net\/sk\/wp-json\/wp\/v2\/product_cat?post=15689"},{"taxonomy":"product_tag","embeddable":true,"href":"https:\/\/www.hydraulic-cylinders.net\/sk\/wp-json\/wp\/v2\/product_tag?post=15689"}],"curies":[{"name":"pracovn\u00fd list","href":"https:\/\/api.w.org\/{rel}","templated":true}]}}