{"id":15691,"date":"2025-01-19T14:50:59","date_gmt":"2025-01-19T14:50:59","guid":{"rendered":"https:\/\/www.hydraulic-cylinders.net\/product\/bucket-cylinder-for-bobcat-small-excavator-e32\/"},"modified":"2025-01-19T14:51:04","modified_gmt":"2025-01-19T14:51:04","slug":"bucket-cylinder-for-bobcat-small-excavator-e32","status":"publish","type":"product","link":"https:\/\/www.hydraulic-cylinders.net\/sk\/produkt\/bucket-cylinder-for-bobcat-small-excavator-e32\/","title":{"rendered":"Valec vedra pre mal\u00e9 r\u00fdpadlo Bobcat E32"},"content":{"rendered":"<h1>Valec vedra pre mal\u00e9 r\u00fdpadlo Bobcat E32<\/h1>\n<h2>\u00davod<\/h2>\n<p>Hydraulick\u00fd valec ly\u017eice pre mal\u00e9 r\u00fdpadlo Bobcat E32 je \u0161peci\u00e1lne navrhnut\u00fd hydraulick\u00fd valec pou\u017e\u00edvan\u00fd na ovl\u00e1danie pohybu ly\u017eice v \u0165a\u017ek\u00fdch strojoch, ako s\u00fa r\u00fdpadl\u00e1, r\u00fdpadl\u00e1-naklada\u010de a \u010deln\u00e9 naklada\u010de. Jeho hlavnou funkciou je umo\u017eni\u0165 zdv\u00edhanie, sp\u00fa\u0161\u0165anie a nakl\u00e1\u0148anie ly\u017eice, \u010do u\u013eah\u010duje r\u00f4zne \u00falohy manipul\u00e1cie s materi\u00e1lom. V hydraulickom syst\u00e9me dosahuje valec ly\u017eice presn\u00e9 ovl\u00e1danie ly\u017eice prostredn\u00edctvom zmien tlaku hydraulick\u00e9ho oleja, \u010do umo\u017e\u0148uje obsluhe efekt\u00edvne manipulova\u0165 s \u0165a\u017ek\u00fdmi bremenami a prisp\u00f4sobova\u0165 sa zlo\u017eit\u00fdm pracovn\u00fdm prostrediam a r\u00f4znorod\u00fdm po\u017eiadavk\u00e1m na pr\u00e1cu.<\/p>\n<p><img decoding=\"async\" src=\"https:\/\/www.hydraulic-cylinders.net\/wp-content\/uploads\/2025\/01\/songte-company-2.webp\" \/><\/p>\n<h2>Funkcie<\/h2>\n<ul>\n<li>Vysok\u00e1 pevnos\u0165 a odolnos\u0165: Zvy\u010dajne je vyroben\u00fd z vysokopevnostnej ocele alebo hlin\u00edka, odol\u00e1 vysok\u00e9mu tlaku a \u0165a\u017ek\u00fdm za\u0165a\u017eeniam, \u010d\u00edm sa prisp\u00f4sob\u00ed n\u00e1ro\u010dn\u00fdm pracovn\u00fdm podmienkam. Kon\u0161trukcia zoh\u013ead\u0148uje odolnos\u0165 proti opotrebovaniu a kor\u00f3zii, \u010d\u00edm sa predl\u017euje \u017eivotnos\u0165.<\/li>\n<li>Efekt\u00edvna hydraulick\u00e1 prev\u00e1dzka: V\u010faka vyu\u017eitiu tlaku hydraulick\u00e9ho oleja na dosiahnutie plynul\u00e9ho vys\u00favania a zas\u00favania dok\u00e1\u017ee r\u00fdchlo reagova\u0165 na ovl\u00e1dacie povely a poskytova\u0165 siln\u00e9 tla\u010dn\u00e9 a \u0165a\u017en\u00e9 sily, vhodn\u00e9 na manipul\u00e1ciu s \u0165a\u017ek\u00fdmi bremenami a zlo\u017eit\u00e9 pracovn\u00e9 \u00falohy.<\/li>\n<li>R\u00f4zne typy: Jedno\u010dinn\u00e9 (hydraulicky ovl\u00e1dan\u00e9 iba v jednom smere) alebo dvoj\u010dinn\u00e9 (hydraulicky ovl\u00e1dan\u00e9 v oboch smeroch) valce je mo\u017en\u00e9 vybra\u0165 pod\u013ea po\u017eiadaviek, aby sa splnili r\u00f4zne prev\u00e1dzkov\u00e9 potreby. Niektor\u00e9 modely s\u00fa teleskopick\u00e9, \u010do umo\u017e\u0148uje v\u00e4\u010d\u0161ie vysunutie bez zv\u00e4\u010d\u0161enia vonkaj\u0161\u00edch rozmerov, vhodn\u00e9 pre aplik\u00e1cie s obmedzen\u00fdm priestorom.<\/li>\n<li>Dokonal\u00e1 n\u00e1hrada: N\u00e1\u0161 produkt dok\u00e1\u017ee dokonale nahradi\u0165 tieto hydraulick\u00e9 valce.<\/li>\n<\/ul>\n<p><img decoding=\"async\" src=\"https:\/\/www.hydraulic-cylinders.net\/wp-content\/uploads\/2025\/01\/songte-cylinder-head-with-all-kinds-excavator-models.webp\" \/><\/p>\n<h2>Aplik\u00e1cie<\/h2>\n<p>Valce s ko\u0161\u00edkom sa be\u017ene pou\u017e\u00edvaj\u00fa v nasleduj\u00facich zariadeniach:<\/p>\n<ol>\n<li>Stavebn\u00e9 zariadenia: Nach\u00e1dzaj\u00fa sa v bagroch a s\u00fa k\u013e\u00fa\u010dov\u00e9 pre v\u00fdkopov\u00e9 pr\u00e1ce, nakladanie a premiest\u0148ovanie zeminy alebo sutiny. V r\u00fdpadlov\u00fdch bagroch pom\u00e1ha valec lopaty pri kopan\u00ed aj zdv\u00edhan\u00ed.<\/li>\n<li>Po\u013enohospod\u00e1rske stroje: Pou\u017e\u00edvaj\u00fa sa v \u010deln\u00fdch naklada\u010doch na naberanie, zdv\u00edhanie a prepravu p\u00f4dy, sena a in\u00fdch materi\u00e1lov.<\/li>\n<li>R\u00fdpadl\u00e1: Valec ly\u017eice u\u013eah\u010duje kopanie t\u00fdm, \u017ee umo\u017e\u0148uje ly\u017eici prenikn\u00fa\u0165 do p\u00f4dy.<\/li>\n<li>Naklada\u010de: V \u010deln\u00fdch naklada\u010doch pom\u00e1haj\u00fa pri efekt\u00edvnom zdv\u00edhan\u00ed a nakl\u00e1\u0148an\u00ed n\u00e1kladu.<\/li>\n<\/ol>\n<h2>\u00davahy o dizajne a krit\u00e9ri\u00e1 v\u00fdberu<\/h2>\n<p>Pri navrhovan\u00ed valcov s ko\u0161\u00edkom sa berie do \u00favahy nieko\u013eko faktorov:<\/p>\n<ol>\n<li>Nosnos\u0165: Valec mus\u00ed ma\u0165 dostato\u010dn\u00fa pevnos\u0165, aby odolal za\u0165a\u017eeniu, ktor\u00e9mu bude vystaven\u00fd po\u010das prev\u00e1dzky.<\/li>\n<li>Tesnenie: Na zabezpe\u010denie spr\u00e1vneho utesnenia a zabr\u00e1nenie \u00faniku sa pou\u017e\u00edvaj\u00fa r\u00f4zne tesnenia, ako s\u00fa tesnenia piestov a tesnenia ty\u010d\u00ed vyroben\u00e9 z materi\u00e1lov odoln\u00fdch vo\u010di opotrebovaniu, ako je polyuret\u00e1n a nitrilov\u00fd kau\u010duk.<\/li>\n<li>Durability: The cylinder&#8217;s body and threaded end surfaces undergo meticulous treatment to improve wear resistance.<\/li>\n<li>Bezpe\u010dnos\u0165: Bezpe\u010dnostn\u00e9 prvky s\u00fa zabudovan\u00e9 na predch\u00e1dzanie nehod\u00e1m a zaistenie ochrany obsluhy.<\/li>\n<li>\u00dadr\u017eba: Db\u00e1 sa na jednoduch\u00fa \u00fadr\u017ebu vr\u00e1tane pr\u00edstupu ku komponentom na kontrolu, opravu a v\u00fdmenu.<\/li>\n<\/ol>\n<p><img decoding=\"async\" src=\"https:\/\/www.hydraulic-cylinders.net\/wp-content\/uploads\/2025\/01\/songte-oil-pipes-and-spare-parts.webp\" \/><\/p>\n<h2>Tesnenie a mazanie<\/h2>\n<p>Valec kor\u010deka pou\u017e\u00edva r\u00f4zne tesnenia, ako s\u00fa piestne tesnenia a tesnenia ty\u010d\u00ed, vyroben\u00e9 z materi\u00e1lov odoln\u00fdch vo\u010di opotrebovaniu, ako je polyuret\u00e1n a nitrilov\u00fd kau\u010duk. Teleso valca a z\u00e1vitov\u00e9 koncov\u00e9 plochy s\u00fa prec\u00edzne o\u0161etren\u00e9 na zv\u00fd\u0161enie odolnosti vo\u010di opotrebovaniu. Pravideln\u00e9 mazanie je nevyhnutn\u00e9 a pre zabezpe\u010denie hladk\u00e9ho chodu by sa malo pravidelne dop\u013a\u0148a\u0165 primeran\u00e9 mno\u017estvo hydraulick\u00e9ho oleja.<\/p>\n<h2>Pravideln\u00e1 kontrola a prevent\u00edvna \u00fadr\u017eba<\/h2>\n<p>Pre zaistenie optim\u00e1lneho v\u00fdkonu a dlhej \u017eivotnosti sa odpor\u00fa\u010da pravideln\u00e1 kontrola a prevent\u00edvna \u00fadr\u017eba:<\/p>\n<ol>\n<li>Skontrolujte valec, \u010di nevykazuje zn\u00e1mky opotrebovania, po\u0161kodenia alebo \u00faniku.<\/li>\n<li>Valec riadne nama\u017ete a uistite sa, \u017ee v\u0161etky pohybliv\u00e9 \u010dasti s\u00fa dobre namazan\u00e9.<\/li>\n<li>Pravidelne vymie\u0148ajte tesnenia, aby ste zachovali ich tesnos\u0165.<\/li>\n<li>Vykonajte kalibra\u010dn\u00e9 kontroly, aby ste zabezpe\u010dili presn\u00fa prev\u00e1dzku.<\/li>\n<\/ol>\n<p><img decoding=\"async\" src=\"https:\/\/www.hydraulic-cylinders.net\/wp-content\/uploads\/2025\/01\/songte-chushion-collar.webp\" \/><\/p>\n<h2>Bezpe\u010dnostn\u00e9 aspekty a faktory prostredia<\/h2>\n<p>Pri pou\u017e\u00edvan\u00ed vedrov\u00fdch valcov s\u00fa bezpe\u010dnostn\u00e9 opatrenia mimoriadne d\u00f4le\u017eit\u00e9. Obsluha by mala dodr\u017eiava\u0165 spr\u00e1vne bezpe\u010dnostn\u00e9 postupy a pokyny, aby predi\u0161la nehod\u00e1m a zabezpe\u010dila bezpe\u010dn\u00e9 pracovn\u00e9 prostredie. Mali by sa zoh\u013eadni\u0165 aj faktory prostredia, ako je teplota a vystavenie koroz\u00edvnym l\u00e1tkam.<\/p>\n<h2>Rie\u0161enie probl\u00e9mov a be\u017en\u00e9 probl\u00e9my<\/h2>\n<p>Medzi be\u017en\u00e9 probl\u00e9my, ktor\u00e9 sa m\u00f4\u017eu vyskytn\u00fa\u0165 s valcami vedra, patria:<\/p>\n<ol>\n<li>\u00danik: Skontrolujte, \u010di nie s\u00fa po\u0161koden\u00e9 tesnenia alebo uvo\u013enen\u00e9 spoje a pod\u013ea potreby ich vyme\u0148te alebo dotiahnite.<\/li>\n<li>Pomal\u00e1 prev\u00e1dzka: Skontrolujte, \u010di nie je nedostato\u010dn\u00fd hydraulick\u00fd tlak alebo obmedzen\u00fd prietok a odstr\u00e1\u0148te z\u00e1kladn\u00fa pr\u00ed\u010dinu.<\/li>\n<li>Abnorm\u00e1lny hluk: Identifikujte v\u0161etky uvo\u013enen\u00e9 alebo opotrebovan\u00e9 komponenty a vykonajte vhodn\u00e9 opatrenia na vyrie\u0161enie probl\u00e9mu.<\/li>\n<\/ol>\n<p>Pre rie\u0161enie probl\u00e9mov, tipy a rie\u0161enia je nevyhnutn\u00e9 diagnostikova\u0165 a efekt\u00edvne rie\u0161i\u0165 probl\u00e9my, ako aj poskytn\u00fa\u0165 prevent\u00edvne opatrenia na minimaliz\u00e1ciu potenci\u00e1lnych probl\u00e9mov.<\/p>\n<p><img decoding=\"async\" src=\"https:\/\/www.hydraulic-cylinders.net\/wp-content\/uploads\/2025\/01\/songte-bushings-with-all-kinds-of-excavator-models.webp\" \/><\/p>\n<p>Nezabudnite \u010dl\u00e1nok logicky usporiada\u0165, pre jednoduch\u0161iu navig\u00e1ciu pou\u017e\u00edva\u0165 podnadpisy, pre lep\u0161ie pochopenie zahrn\u00fa\u0165 relevantn\u00e9 obr\u00e1zky alebo grafy a zabezpe\u010di\u0165 jasn\u00fd a stru\u010dn\u00fd obsah vhodn\u00fd pre \u010ditate\u013eov s r\u00f4znymi \u00farov\u0148ami technick\u00fdch znalost\u00ed.<\/p>\n<h2>O na\u0161ej spolo\u010dnosti<\/h2>\n<p>Sme v\u00fdrobcom n\u00e1hradn\u00fdch hydraulick\u00fdch valcov a pon\u00fakame \u0161irok\u00fd sortiment produktov. Stali sme sa jedn\u00fdm z popredn\u00fdch v\u00fdrobcov a ve\u013ekoobchodn\u00fdch distrib\u00fatorov hydraulick\u00fdch valcov na dom\u00e1com aj medzin\u00e1rodnom trhu. Na\u0161a spolo\u010dnos\u0165 dodr\u017eiava z\u00e1sady vynikaj\u00facej kvality a spolieha sa na strat\u00e9gie riadenia priemyselnej v\u00fdroby v prec\u00edzne spracovan\u00fdch diel\u0148ach. Neust\u00e1le zlep\u0161ujeme na\u0161u v\u00fdrobn\u00fa platformu, zdokona\u013eujeme v\u00fdrobn\u00e9 postupy pre dosiahnutie vysokej kvality produktov a m\u00e1me siln\u00e9 inova\u010dn\u00e9 schopnosti. V\u010faka z\u00e1sad\u00e1m vysokej \u00fa\u010dinnosti, vysokej presnosti a vysokej kvality uspokojujeme rozmanit\u00e9 potreby z\u00e1kazn\u00edkov.<\/p>\n<p><img decoding=\"async\" src=\"https:\/\/www.hydraulic-cylinders.net\/wp-content\/uploads\/2025\/01\/songte-company-3.webp\" \/><\/p>\n<h3>Profesionalita:<\/h3>\n<p>Disponujeme technick\u00fdmi znalos\u0165ami, vyu\u017e\u00edvame modern\u00e9 v\u00fdrobn\u00e9 zariadenia a profesion\u00e1lne testovacie syst\u00e9my, aby sme zabezpe\u010dili najvy\u0161\u0161ie \u0161tandardy kvality.<\/p>\n<h3>Medzin\u00e1rodn\u00e9 certifik\u00e1cie:<\/h3>\n<p>Z\u00edskali sme r\u00f4zne medzin\u00e1rodn\u00e9 certifik\u00e1ty, ktor\u00e9 potvrdzuj\u00fa kvalitu a spo\u013eahlivos\u0165 na\u0161ich produktov.<\/p>\n<h3>Slu\u017eby prisp\u00f4sobenia:<\/h3>\n<p>Poskytujeme slu\u017eby prisp\u00f4sobenia, aby sme splnili \u0161pecifick\u00e9 po\u017eiadavky z\u00e1kazn\u00edkov, a rie\u0161enia \u0161it\u00e9 na mieru pre jedine\u010dn\u00e9 aplik\u00e1cie.<\/p>\n<h3>V\u00fdrobn\u00e9 vybavenie:<\/h3>\n<p>Disponujeme radom v\u00fdrobn\u00fdch zariaden\u00ed, ktor\u00e9 n\u00e1m umo\u017e\u0148uj\u00fa efekt\u00edvne a presne vyr\u00e1ba\u0165 hydraulick\u00e9 valce.<\/p>\n<h3>Popredajn\u00fd servis:<\/h3>\n<p>Pon\u00fakame komplexn\u00fd popredajn\u00fd servis vr\u00e1tane v\u00fdmeny dielov a repase, aby sme pred\u013a\u017eili \u017eivotnos\u0165 na\u0161ich produktov.<\/p>\n<p>Autor: lyl<\/p>","protected":false},"excerpt":{"rendered":"<p>Bucket Cylinder For Bobcat Small Excavator E32 Introduction The bucket cylinder for Bobcat small excavator E32 is a specially designed hydraulic cylinder used to control the movement of the bucket in heavy machinery such as excavators, backhoe excavators, and front-end loaders. Its main function is to enable the bucket to lift, lower, and tilt, facilitating [&hellip;]<\/p>","protected":false},"featured_media":14784,"comment_status":"open","ping_status":"closed","template":"","meta":{"_et_pb_use_builder":"","_et_pb_old_content":"","_et_gb_content_width":""},"product_brand":[],"product_cat":[1494],"product_tag":[1495,1496],"class_list":{"0":"post-15691","1":"product","2":"type-product","3":"status-publish","4":"has-post-thumbnail","6":"product_cat-bucket-cylinders","7":"product_tag-bucket-cylinders","8":"product_tag-hydraulic-cylinders","10":"first","11":"instock","12":"shipping-taxable","13":"product-type-simple"},"amp_enabled":true,"_links":{"self":[{"href":"https:\/\/www.hydraulic-cylinders.net\/sk\/wp-json\/wp\/v2\/product\/15691","targetHints":{"allow":["GET"]}}],"collection":[{"href":"https:\/\/www.hydraulic-cylinders.net\/sk\/wp-json\/wp\/v2\/product"}],"about":[{"href":"https:\/\/www.hydraulic-cylinders.net\/sk\/wp-json\/wp\/v2\/types\/product"}],"replies":[{"embeddable":true,"href":"https:\/\/www.hydraulic-cylinders.net\/sk\/wp-json\/wp\/v2\/comments?post=15691"}],"wp:featuredmedia":[{"embeddable":true,"href":"https:\/\/www.hydraulic-cylinders.net\/sk\/wp-json\/wp\/v2\/media\/14784"}],"wp:attachment":[{"href":"https:\/\/www.hydraulic-cylinders.net\/sk\/wp-json\/wp\/v2\/media?parent=15691"}],"wp:term":[{"taxonomy":"product_brand","embeddable":true,"href":"https:\/\/www.hydraulic-cylinders.net\/sk\/wp-json\/wp\/v2\/product_brand?post=15691"},{"taxonomy":"product_cat","embeddable":true,"href":"https:\/\/www.hydraulic-cylinders.net\/sk\/wp-json\/wp\/v2\/product_cat?post=15691"},{"taxonomy":"product_tag","embeddable":true,"href":"https:\/\/www.hydraulic-cylinders.net\/sk\/wp-json\/wp\/v2\/product_tag?post=15691"}],"curies":[{"name":"pracovn\u00fd list","href":"https:\/\/api.w.org\/{rel}","templated":true}]}}