{"id":15692,"date":"2025-01-19T14:51:05","date_gmt":"2025-01-19T14:51:05","guid":{"rendered":"https:\/\/www.hydraulic-cylinders.net\/product\/bucket-cylinder-for-bobcat-small-excavator-e35i\/"},"modified":"2025-01-19T14:51:08","modified_gmt":"2025-01-19T14:51:08","slug":"bucket-cylinder-for-bobcat-small-excavator-e35i","status":"publish","type":"product","link":"https:\/\/www.hydraulic-cylinders.net\/sk\/produkt\/bucket-cylinder-for-bobcat-small-excavator-e35i\/","title":{"rendered":"Valec vedra pre mal\u00e9 r\u00fdpadlo Bobcat E35i"},"content":{"rendered":"<h1>Valec vedra pre mal\u00e9 r\u00fdpadlo Bobcat E35i<\/h1>\n<h2>\u00davod<\/h2>\n<p>Hydraulick\u00fd valec ly\u017eice pre mal\u00e9 r\u00fdpadlo Bobcat E35i je \u0161pecializovan\u00fd hydraulick\u00fd valec, ktor\u00fd sa pou\u017e\u00edva hlavne na ovl\u00e1danie pohybu ly\u017eice v \u0165a\u017ek\u00fdch strojoch, ako s\u00fa r\u00fdpadl\u00e1, r\u00fdpadlo-naklada\u010de a \u010deln\u00e9 naklada\u010de. Jeho prim\u00e1rnou funkciou je umo\u017eni\u0165 zdv\u00edhanie, sp\u00fa\u0161\u0165anie a nakl\u00e1\u0148anie ly\u017eice, \u010do u\u013eah\u010duje vykon\u00e1vanie r\u00f4znych \u00faloh manipul\u00e1cie s materi\u00e1lom. V hydraulickom syst\u00e9me dosahuje valec ly\u017eice presn\u00e9 ovl\u00e1danie ly\u017eice zmenami tlaku hydraulick\u00e9ho oleja, \u010do umo\u017e\u0148uje obsluhe efekt\u00edvne manipulova\u0165 s \u0165a\u017ek\u00fdmi bremenami a prisp\u00f4sobova\u0165 sa zlo\u017eit\u00fdm pracovn\u00fdm prostrediam a r\u00f4znym prev\u00e1dzkov\u00fdm potreb\u00e1m.<\/p>\n<p><img decoding=\"async\" src=\"https:\/\/www.hydraulic-cylinders.net\/wp-content\/uploads\/2025\/01\/songte-company-2.webp\" alt=\"Valec vedra pre mal\u00e9 r\u00fdpadlo Bobcat E35i\"><\/p>\n<h2>Funkcie<\/h2>\n<ul>\n<li>Vysok\u00e1 pevnos\u0165 a odolnos\u0165: Zvy\u010dajne vyroben\u00e9 z vysokopevnostnej ocele alebo hlin\u00edka, schopn\u00e9 odol\u00e1va\u0165 vysok\u00e9mu tlaku a \u0165a\u017ek\u00fdm za\u0165a\u017eeniam, vhodn\u00e9 do n\u00e1ro\u010dn\u00fdch pracovn\u00fdch prostred\u00ed, navrhnut\u00e9 s oh\u013eadom na odolnos\u0165 vo\u010di opotrebovaniu a kor\u00f3zii, \u010d\u00edm sa predl\u017euje ich \u017eivotnos\u0165.<\/li>\n<li>Efekt\u00edvna hydraulick\u00e1 prev\u00e1dzka: Plynul\u00e9 pohyby vys\u00favania a s\u0165ahovania sa dosahuj\u00fa pomocou tlaku hydraulick\u00e9ho oleja, ktor\u00fd je schopn\u00fd r\u00fdchlo reagova\u0165 na ovl\u00e1dacie povely, poskytuje siln\u00fa tla\u010dn\u00fa a \u0165a\u017en\u00fa silu a je vhodn\u00fd na manipul\u00e1ciu s \u0165a\u017ek\u00fdmi bremenami a zlo\u017eit\u00fdmi prev\u00e1dzkov\u00fdmi \u00falohami.<\/li>\n<li>R\u00f4zne typy: Jedno\u010dinn\u00e9 (hydraulicky ovl\u00e1dan\u00e9 iba v jednom smere) alebo dvoj\u010dinn\u00e9 (hydraulicky ovl\u00e1dan\u00e9 v oboch smeroch) valce je mo\u017en\u00e9 vybra\u0165 pod\u013ea potrieb, aby sa splnili r\u00f4zne prev\u00e1dzkov\u00e9 po\u017eiadavky. Niektor\u00e9 modely s\u00fa teleskopick\u00e9, \u010do umo\u017e\u0148uje v\u00e4\u010d\u0161ie vysunutie bez zv\u00e4\u010d\u0161enia vonkaj\u0161\u00edch rozmerov, v\u010faka \u010domu s\u00fa vhodn\u00e9 pre aplik\u00e1cie s obmedzen\u00fdm priestorom.<\/li>\n<li>Jednoduch\u00e1 \u00fadr\u017eba a oprava: Na\u0161e produkty dok\u00e1\u017eu dokonale nahradi\u0165 tieto hydraulick\u00e9 valce. <\/li>\n<li>Prisp\u00f4sobite\u013en\u00e9: Na\u0161a spolo\u010dnos\u0165 m\u00f4\u017ee poskytova\u0165 prisp\u00f4soben\u00e9 slu\u017eby pod\u013ea potrieb z\u00e1kazn\u00edkov, ako s\u00fa r\u00f4zne ve\u013ekosti, tvary a materi\u00e1ly vedier, a poskytuje z\u00e1kazn\u00edkom kompletn\u00fa sadu rie\u0161en\u00ed hydraulick\u00fdch syst\u00e9mov. <\/li>\n<\/ul>\n<p><img decoding=\"async\" src=\"https:\/\/www.hydraulic-cylinders.net\/wp-content\/uploads\/2025\/01\/songte-cylinder-head-with-all-kinds-excavator-models.webp\" alt=\"Valec vedra pre mal\u00e9 r\u00fdpadlo Bobcat E35i\"><\/p>\n<h2>Aplik\u00e1cie<\/h2>\n<p>Valec ko\u0161\u00edka pre mal\u00e9 r\u00fdpadlo Bobcat E35i sa \u0161iroko pou\u017e\u00edva v r\u00f4znych \u0165a\u017ek\u00fdch strojoch vr\u00e1tane:<\/p>\n<ul>\n<li>Stavebn\u00e9 zariadenia: R\u00fdpadl\u00e1, r\u00fdpadlo-naklada\u010de a \u010deln\u00e9 naklada\u010de sa na ne spoliehaj\u00fa pri kopan\u00ed, nakladan\u00ed a premiest\u0148ovan\u00ed zeminy alebo sutiny. V r\u00fdpadlo-naklada\u010doch pom\u00e1haj\u00fa valce ko\u0161\u00edkov pri kopan\u00ed aj zdv\u00edhan\u00ed. <\/li>\n<li>Po\u013enohospod\u00e1rske stroje: Pou\u017e\u00edvaj\u00fa sa v \u010deln\u00fdch naklada\u010doch na naberanie, zdv\u00edhanie a prepravu p\u00f4dy, sena a in\u00fdch materi\u00e1lov. <\/li>\n<li>R\u00fdpadl\u00e1: Valce lopaty umo\u017e\u0148uj\u00fa v\u00fdkop t\u00fdm, \u017ee umo\u017e\u0148uj\u00fa lopate prenikn\u00fa\u0165 do p\u00f4dy. <\/li>\n<li>Naklada\u010de: \u010celn\u00e9 naklada\u010de pom\u00e1haj\u00fa pri efekt\u00edvnom zdv\u00edhan\u00ed a vykladan\u00ed tovaru. <\/li>\n<\/ul>\n<p>Ka\u017ed\u00e1 aplik\u00e1cia valca ko\u0161\u00edka pre mal\u00e9 r\u00fdpadlo Bobcat E35i je podrobne op\u00edsan\u00e1 ni\u017e\u0161ie:<\/p>\n<ul>\n<li><strong>Stavebn\u00e9 vybavenie:<\/strong> V r\u00fdpadl\u00e1ch sa na ovl\u00e1danie pohybu ly\u017eice pou\u017e\u00edvaj\u00fa valce ly\u017eice. Konkr\u00e9tne valce ly\u017eice umo\u017e\u0148uj\u00fa ly\u017eici kopa\u0165 hlboko do zeme a plynulo naklada\u0165 sutinu do n\u00e1kladn\u00e9ho vozidla. V r\u00fdpadlo-naklada\u010doch sa valce ly\u017eice pou\u017e\u00edvaj\u00fa na ovl\u00e1danie kopania aj zdv\u00edhania.<\/li>\n<li><strong>Po\u013enohospod\u00e1rske stroje:<\/strong> V po\u013enohospod\u00e1rskych strojoch sa valce ko\u0161\u00edkov pou\u017e\u00edvaj\u00fa v \u010deln\u00fdch naklada\u010doch na naberanie, zdv\u00edhanie a prepravu p\u00f4dy, sena a in\u00fdch materi\u00e1lov. Valce ko\u0161\u00edkov pom\u00e1haj\u00fa po\u013enohospod\u00e1rom vykon\u00e1va\u0165 potrebn\u00e9 \u00falohy efekt\u00edvne a r\u00fdchlo.<\/li>\n<li><strong>R\u00fdpadl\u00e1:<\/strong> Valce kor\u010dekov umo\u017e\u0148uj\u00fa v\u00fdkopov\u00e9 pr\u00e1ce t\u00fdm, \u017ee umo\u017e\u0148uj\u00fa kor\u010deku prenikn\u00fa\u0165 do p\u00f4dy. R\u00fdpadl\u00e1 sa \u0161iroko pou\u017e\u00edvaj\u00fa na stavb\u00e1ch a v ban\u00edctve.<\/li>\n<li><strong>Naklada\u010de:<\/strong> V \u010deln\u00fdch naklada\u010doch umo\u017e\u0148uj\u00fa valce ko\u0161\u00edkov efekt\u00edvne zdv\u00edhanie a vykl\u00e1dkovanie tovaru. Naklada\u010de sa be\u017ene pou\u017e\u00edvaj\u00fa na stavenisk\u00e1ch a v ban\u00edctve.<\/li>\n<\/ul>\n<h2>\u00davahy o dizajne a krit\u00e9ri\u00e1 v\u00fdberu<\/h2>\n<p>Pri v\u00fdbere valca lopaty pre mal\u00e9 r\u00fdpadlo Bobcat E35i je potrebn\u00e9 zoh\u013eadni\u0165 nieko\u013eko kon\u0161truk\u010dn\u00fdch aspektov a krit\u00e9ri\u00ed v\u00fdberu:<\/p>\n<ul>\n<li>Nosnos\u0165: Valec vedra by mal by\u0165 schopn\u00fd odola\u0165 za\u0165a\u017eeniu, ktor\u00e9mu bude vystaven\u00fd po\u010das pou\u017e\u00edvania.<\/li>\n<li>Tesniaci v\u00fdkon: Valec vedra by mal by\u0165 navrhnut\u00fd s vhodn\u00fdm tesnen\u00edm, aby sa zabr\u00e1nilo \u00faniku hydraulickej kvapaliny a vniknutiu vlhkosti.<\/li>\n<li>Trvanlivos\u0165: Valec vedra by mal by\u0165 vyroben\u00fd z vysoko kvalitn\u00fdch materi\u00e1lov, aby odolal drsn\u00fdm podmienkam prostredia a opakovan\u00e9mu intenz\u00edvnemu pou\u017e\u00edvaniu.<\/li>\n<li>Bezpe\u010dnos\u0165: Valec s vedrom by mal by\u0165 navrhnut\u00fd s oh\u013eadom na bezpe\u010dnos\u0165 vr\u00e1tane spr\u00e1vnej mont\u00e1\u017ee a ochrany pred n\u00e1hodn\u00fdm po\u0161koden\u00edm alebo zranen\u00edm.<\/li>\n<li>\u00dadr\u017eba a opravy: Valec kor\u010deka by mal by\u0165 navrhnut\u00fd s oh\u013eadom na jednoduch\u00fa \u00fadr\u017ebu a opravy vr\u00e1tane jednoduchej demont\u00e1\u017ee a op\u00e4tovnej mont\u00e1\u017ee komponentov.<\/li>\n<\/ul>\n<p><img decoding=\"async\" src=\"https:\/\/www.hydraulic-cylinders.net\/wp-content\/uploads\/2025\/01\/songte-oil-pipes-and-spare-parts.webp\" alt=\"Valec vedra pre mal\u00e9 r\u00fdpadlo Bobcat E35i\"><\/p>\n<h2>Tesnenie a mazanie<\/h2>\n<p>Valec lopaty pre mal\u00e9 r\u00fdpadlo Bobcat E35i vy\u017eaduje spr\u00e1vne tesnenie a mazanie, aby fungoval efekt\u00edvne a pred\u013a\u017eil svoju \u017eivotnos\u0165. Malo by sa prija\u0165 nieko\u013eko opatren\u00ed vr\u00e1tane:<\/p>\n<ul>\n<li>Pou\u017eitie r\u00f4znych tesnen\u00ed: ako s\u00fa tesnenia piestov, tesnenia ty\u010d\u00ed a stiera\u010de. Tieto tesnenia by mali by\u0165 vyroben\u00e9 z materi\u00e1lov odoln\u00fdch vo\u010di opotrebovaniu, ako je polyuret\u00e1n a nitrilov\u00e1 guma.<\/li>\n<li>Zabezpe\u010denie spr\u00e1vnej povrchovej \u00fapravy: Teleso valca a z\u00e1vitov\u00e9 koncov\u00e9 povrchy by mali by\u0165 jemne opracovan\u00e9, aby sa zlep\u0161ila odolnos\u0165 proti opotrebovaniu.<\/li>\n<li>Pou\u017e\u00edvanie vhodn\u00e9ho hydraulick\u00e9ho oleja: Do valca by sa mal pravidelne prid\u00e1va\u0165 spr\u00e1vny hydraulick\u00fd olej, aby sa zabezpe\u010dilo spr\u00e1vne mazanie. <\/li>\n<\/ul>\n<h2>Prevent\u00edvna \u00fadr\u017eba a opravy<\/h2>\n<p>Pravideln\u00e1 kontrola a prevent\u00edvna \u00fadr\u017eba m\u00f4\u017eu v\u00fdrazne pred\u013a\u017ei\u0165 \u017eivotnos\u0165 valca lopaty pre mal\u00e9 r\u00fdpadlo Bobcat E35i. Malo by sa prija\u0165 nieko\u013eko opatren\u00ed vr\u00e1tane:<\/p>\n<ul>\n<li>Pravideln\u00e1 kontrola: Pravidelne kontrolujte valec vedra, \u010di nie je netesn\u00fd, opotrebovan\u00fd alebo po\u0161koden\u00fd.<\/li>\n<li>Spr\u00e1vne mazanie: Valec vedra spr\u00e1vne nama\u017ete, aby ste predi\u0161li opotrebovaniu.<\/li>\n<li>V\u00fdmena tesnenia: Vyme\u0148te opotrebovan\u00e9 alebo po\u0161koden\u00e9 tesnenia, aby ste predi\u0161li \u00fanikom hydraulick\u00e9ho syst\u00e9mu.<\/li>\n<li>Kontrola kalibr\u00e1cie: Skontrolujte kalibr\u00e1ciu valca vedra, aby ste zabezpe\u010dili jeho spr\u00e1vny v\u00fdkon.<\/li>\n<\/ul>\n<h2>Sprievodca in\u0161tal\u00e1ciou produktu<\/h2>\n<p>Spr\u00e1vna in\u0161tal\u00e1cia valca lopaty pre mal\u00e9 r\u00fdpadlo Bobcat E35i je nevyhnutn\u00e1 pre zabezpe\u010denie spr\u00e1vnej prev\u00e1dzky a bezpe\u010dnosti. Po\u010das in\u0161tal\u00e1cie je potrebn\u00e9 dodr\u017ea\u0165 nieko\u013eko krokov vr\u00e1tane:<\/p>\n<ul>\n<li>Spr\u00e1vne zarovnanie valca: Zabezpe\u010dte spr\u00e1vne zarovnanie valca s hydraulick\u00fdm syst\u00e9mom stroja.<\/li>\n<li>Pou\u017eitie vhodn\u00fdch mont\u00e1\u017enych konzol: Na spr\u00e1vne upevnenie valca k stroju pou\u017eite vhodn\u00e9 mont\u00e1\u017ene konzoly.<\/li>\n<li>Odpor\u00fa\u010danie pre postup in\u0161tal\u00e1cie: Dodr\u017eujte odpor\u00fa\u010dan\u00e9 postupy in\u0161tal\u00e1cie, aby ste predi\u0161li po\u0161kodeniu alebo zraneniu.<\/li>\n<\/ul>\n<h2>Be\u017en\u00e9 \u00falohy \u00fadr\u017eby<\/h2>\n<p>Na zabezpe\u010denie spr\u00e1vnej prev\u00e1dzky a pred\u013a\u017eenie \u017eivotnosti valca lopaty pre mal\u00e9 r\u00fdpadlo Bobcat E35i by sa malo pravidelne vykon\u00e1va\u0165 nieko\u013eko be\u017en\u00fdch \u00fadr\u017eb\u00e1rskych \u00faloh vr\u00e1tane:<\/p>\n<ul>\n<li>Pravideln\u00e1 kontrola: Pravidelne kontrolujte valec vedra, \u010di nie je netesn\u00fd, opotrebovan\u00fd alebo po\u0161koden\u00fd.<\/li>\n<li>Spr\u00e1vne mazanie: Valec vedra spr\u00e1vne nama\u017ete, aby ste predi\u0161li opotrebovaniu.<\/li>\n<li>V\u00fdmena tesnenia: Vyme\u0148te opotrebovan\u00e9 alebo po\u0161koden\u00e9 tesnenia, aby ste predi\u0161li \u00fanikom hydraulick\u00e9ho syst\u00e9mu.<\/li>\n<\/ul>\n<p><img decoding=\"async\" src=\"https:\/\/www.hydraulic-cylinders.net\/wp-content\/uploads\/2025\/01\/songte-chushion-collar.webp\" alt=\"Valec vedra pre mal\u00e9 r\u00fdpadlo Bobcat E35i\"><\/p>\n<h2>Bezpe\u010dnostn\u00e9 a environment\u00e1lne aspekty<\/h2>\n<p>Pri pou\u017e\u00edvan\u00ed valca lopaty pre mal\u00e9 r\u00fdpadlo Bobcat E35i je bezpe\u010dnos\u0165 prvorad\u00e1. Malo by sa prija\u0165 nieko\u013eko bezpe\u010dnostn\u00fdch opatren\u00ed vr\u00e1tane:<\/p>\n<ul>\n<li>Spr\u00e1vne za\u0161kolenie: Valec s vedro by mal obsluhova\u0165 a udr\u017eiava\u0165 iba vy\u0161kolen\u00fd person\u00e1l.<\/li>\n<li>Spr\u00e1vne pou\u017eitie: Valec s vedrom by sa mal pou\u017e\u00edva\u0165 iba na ur\u010den\u00fd \u00fa\u010del a obsluha by mala dodr\u017eiava\u0165 v\u0161etky bezpe\u010dnostn\u00e9 opatrenia.<\/li>\n<\/ul>\n<h2>Diagnostika por\u00fach a rie\u0161enie probl\u00e9mov<\/h2>\n<p>Po\u010das prev\u00e1dzky valca lopaty pre mal\u00e9 r\u00fdpadlo Bobcat E35i sa m\u00f4\u017ee vyskytn\u00fa\u0165 nieko\u013eko por\u00fach. Medzi tieto poruchy patria:<\/p>\n<ul>\n<li>\u00danik: \u00danik m\u00f4\u017ee nasta\u0165 v d\u00f4sledku opotrebovan\u00fdch tesnen\u00ed alebo po\u0161koden\u00fdch komponentov.<\/li>\n<li>Slab\u00fd v\u00fdkon: Slab\u00fd v\u00fdkon sa m\u00f4\u017ee vyskytn\u00fa\u0165 v d\u00f4sledku nedostato\u010dn\u00e9ho mno\u017estva hydraulickej kvapaliny, po\u0161koden\u00fdch komponentov alebo probl\u00e9mov s kalibr\u00e1ciou.<\/li>\n<\/ul>\n<p>Na odstr\u00e1nenie t\u00fdchto por\u00fach je potrebn\u00e9 prija\u0165 nieko\u013eko opatren\u00ed na ich odstr\u00e1nenie, vr\u00e1tane:<\/p>\n<ul>\n<li>Kontrola: Skontrolujte valec, \u010di nie je netesn\u00fd, po\u0161koden\u00fd alebo opotrebovan\u00fd.<\/li>\n<li>V\u00fdmena: Opotrebovan\u00e9 alebo po\u0161koden\u00e9 komponenty vyme\u0148te pod\u013ea potreby.<\/li>\n<li>Kalibr\u00e1cia: Kalibrujte valec, aby ste zabezpe\u010dili jeho spr\u00e1vny v\u00fdkon.<\/li>\n<\/ul>\n<p><img decoding=\"async\" src=\"https:\/\/www.hydraulic-cylinders.net\/wp-content\/uploads\/2025\/01\/songte-bushings-with-all-kinds-of-excavator-models.webp\" alt=\"Valec vedra pre mal\u00e9 r\u00fdpadlo Bobcat E35i\"><\/p>\n<h2>O na\u0161ej spolo\u010dnosti<\/h2>\n<p>Sme v\u00fdrobcom n\u00e1hradn\u00fdch hydraulick\u00fdch valcov. Na\u0161a spolo\u010dnos\u0165 pon\u00faka kompletn\u00fd sortiment hydraulick\u00fdch valcov, v\u010faka \u010domu sme jedn\u00fdm z popredn\u00fdch v\u00fdrobcov a ve\u013ekoobchodn\u00fdch distrib\u00fatorov hydraulick\u00fdch valcov na dom\u00e1com aj medzin\u00e1rodnom trhu. Dodr\u017eiavame z\u00e1sady vynikaj\u00facej kvality a spoliehame sa na industrializovan\u00fa strat\u00e9giu riadenia v\u00fdroby v jemn\u00fdch v\u00fdrobn\u00fdch diel\u0148ach. V\u010faka vyu\u017eitiu technick\u00fdch talentov, \u0161pi\u010dkov\u00e9ho digit\u00e1lneho v\u00fdrobn\u00e9ho zariadenia a profesion\u00e1lnych testovac\u00edch syst\u00e9mov na\u0161a spolo\u010dnos\u0165 neust\u00e1le zlep\u0161uje v\u00fdrobn\u00fa platformu dielne, zdokona\u013euje v\u00fdrobn\u00fa cestu kvality v\u00fdrobkov a m\u00e1 siln\u00fa inova\u010dn\u00fa schopnos\u0165. Poskytujeme vysoko efekt\u00edvne, vysoko presn\u00e9 a vysoko kvalitn\u00e9 v\u00fdrobky, ktor\u00e9 sp\u013a\u0148aj\u00fa rozmanit\u00e9 potreby z\u00e1kazn\u00edkov.<\/p>\n<h3>Profesionalita na\u0161ej spolo\u010dnosti<\/h3>\n<p>Na\u0161a spolo\u010dnos\u0165 m\u00e1 t\u00edm odborn\u00edkov s bohat\u00fdmi sk\u00fasenos\u0165ami v oblasti rie\u0161en\u00ed hydraulick\u00fdch syst\u00e9mov. N\u00e1\u0161 syst\u00e9m riadenia kvality je certifikovan\u00fd pod\u013ea normy ISO9001, \u010do zaru\u010duje najvy\u0161\u0161iu kvalitu na\u0161ich produktov.<\/p>\n<h3>Slu\u017eby prisp\u00f4sobenia na\u0161ej spolo\u010dnosti<\/h3>\n<p>Na\u0161a spolo\u010dnos\u0165 poskytuje slu\u017eby na mieru pod\u013ea potrieb z\u00e1kazn\u00edkov, ako s\u00fa r\u00f4zne ve\u013ekosti, tvary a materi\u00e1ly vedier, a poskytuje z\u00e1kazn\u00edkom kompletn\u00fa sadu hydraulick\u00fdch syst\u00e9mov\u00fdch rie\u0161en\u00ed.<\/p>\n<h3>V\u00fdrobn\u00e9 zariadenia na\u0161ej spolo\u010dnosti<\/h3>\n<p>Na\u0161a spolo\u010dnos\u0165 m\u00e1 kompletn\u00fd s\u00fabor v\u00fdrobn\u00fdch zariaden\u00ed vr\u00e1tane numericky riaden\u00fdch s\u00fastruhov, numericky riaden\u00fdch fr\u00e9zok a numericky riaden\u00fdch vyvrt\u00e1va\u010diek, \u010do zabezpe\u010duje, \u017ee na\u0161e produkty s\u00fa vyr\u00e1ban\u00e9 s najvy\u0161\u0161ou \u00farov\u0148ou presnosti.<\/p>\n<h3>Popredajn\u00fd servis na\u0161ej spolo\u010dnosti<\/h3>\n<p>Na\u0161a spolo\u010dnos\u0165 poskytuje popredajn\u00fd servis, \u010d\u00edm zabezpe\u010duje, aby na\u0161i z\u00e1kazn\u00edci dostali najvy\u0161\u0161iu \u00farove\u0148 technickej podpory vr\u00e1tane v\u010dasnej v\u00fdmeny n\u00e1hradn\u00fdch dielov, technick\u00e9ho poradenstva a \u00fadr\u017eby.<\/p>\n<p><img decoding=\"async\" src=\"https:\/\/www.hydraulic-cylinders.net\/wp-content\/uploads\/2025\/01\/songte-company-3.webp\" alt=\"Valec vedra pre mal\u00e9 r\u00fdpadlo Bobcat E35i\"><\/p>\n<p>Autor: lyl<\/p>","protected":false},"excerpt":{"rendered":"<p>Bucket Cylinder For Bobcat Small Excavator E35i Introduction The bucket cylinder for a Bobcat small excavator E35i is a specialized hydraulic cylinder mainly used to control the movement of the bucket in heavy machinery such as excavators, backhoe loaders, and front-end loaders. Its primary function is to enable the bucket to lift, lower, and tilt, [&hellip;]<\/p>","protected":false},"featured_media":14782,"comment_status":"open","ping_status":"closed","template":"","meta":{"_et_pb_use_builder":"","_et_pb_old_content":"","_et_gb_content_width":""},"product_brand":[],"product_cat":[1494],"product_tag":[1495,1496],"class_list":{"0":"post-15692","1":"product","2":"type-product","3":"status-publish","4":"has-post-thumbnail","6":"product_cat-bucket-cylinders","7":"product_tag-bucket-cylinders","8":"product_tag-hydraulic-cylinders","10":"first","11":"instock","12":"shipping-taxable","13":"product-type-simple"},"amp_enabled":true,"_links":{"self":[{"href":"https:\/\/www.hydraulic-cylinders.net\/sk\/wp-json\/wp\/v2\/product\/15692","targetHints":{"allow":["GET"]}}],"collection":[{"href":"https:\/\/www.hydraulic-cylinders.net\/sk\/wp-json\/wp\/v2\/product"}],"about":[{"href":"https:\/\/www.hydraulic-cylinders.net\/sk\/wp-json\/wp\/v2\/types\/product"}],"replies":[{"embeddable":true,"href":"https:\/\/www.hydraulic-cylinders.net\/sk\/wp-json\/wp\/v2\/comments?post=15692"}],"wp:featuredmedia":[{"embeddable":true,"href":"https:\/\/www.hydraulic-cylinders.net\/sk\/wp-json\/wp\/v2\/media\/14782"}],"wp:attachment":[{"href":"https:\/\/www.hydraulic-cylinders.net\/sk\/wp-json\/wp\/v2\/media?parent=15692"}],"wp:term":[{"taxonomy":"product_brand","embeddable":true,"href":"https:\/\/www.hydraulic-cylinders.net\/sk\/wp-json\/wp\/v2\/product_brand?post=15692"},{"taxonomy":"product_cat","embeddable":true,"href":"https:\/\/www.hydraulic-cylinders.net\/sk\/wp-json\/wp\/v2\/product_cat?post=15692"},{"taxonomy":"product_tag","embeddable":true,"href":"https:\/\/www.hydraulic-cylinders.net\/sk\/wp-json\/wp\/v2\/product_tag?post=15692"}],"curies":[{"name":"pracovn\u00fd list","href":"https:\/\/api.w.org\/{rel}","templated":true}]}}