{"id":15695,"date":"2025-01-19T14:51:21","date_gmt":"2025-01-19T14:51:21","guid":{"rendered":"https:\/\/www.hydraulic-cylinders.net\/product\/bucket-cylinder-for-bobcat-small-excavator-e85\/"},"modified":"2025-01-19T14:51:23","modified_gmt":"2025-01-19T14:51:23","slug":"bucket-cylinder-for-bobcat-small-excavator-e85","status":"publish","type":"product","link":"https:\/\/www.hydraulic-cylinders.net\/sk\/produkt\/bucket-cylinder-for-bobcat-small-excavator-e85\/","title":{"rendered":"Valec vedra pre mal\u00e9 r\u00fdpadlo Bobcat E85"},"content":{"rendered":"<h1>Valec vedra pre mal\u00e9 r\u00fdpadlo Bobcat E85<\/h1>\n<h2>\u00davod<\/h2>\n<p>Hydraulick\u00fd valec ly\u017eice pre mal\u00e9 r\u00fdpadlo Bobcat E85 je \u0161peci\u00e1lne navrhnut\u00fd hydraulick\u00fd valec pou\u017e\u00edvan\u00fd na ovl\u00e1danie pohybu ly\u017eice v \u0165a\u017ek\u00fdch strojoch, ako s\u00fa r\u00fdpadl\u00e1, r\u00fdpadl\u00e1-naklada\u010de a \u010deln\u00e9 naklada\u010de. Jeho hlavnou funkciou je umo\u017eni\u0165 zdv\u00edhanie, sp\u00fa\u0161\u0165anie a nakl\u00e1\u0148anie ly\u017eice, \u010do u\u013eah\u010duje r\u00f4zne \u00falohy manipul\u00e1cie s materi\u00e1lom. V hydraulickom syst\u00e9me dosahuje valec ly\u017eice presn\u00e9 ovl\u00e1danie pohybu ly\u017eice prostredn\u00edctvom zmeny tlaku hydraulick\u00e9ho oleja, \u010do umo\u017e\u0148uje obsluhe efekt\u00edvne manipulova\u0165 s \u0165a\u017ek\u00fdmi bremenami a prisp\u00f4sobi\u0165 sa zlo\u017eit\u00fdm pracovn\u00fdm prostrediam a r\u00f4znym prev\u00e1dzkov\u00fdm potreb\u00e1m.<\/p>\n<p><img decoding=\"async\" src=\"https:\/\/www.hydraulic-cylinders.net\/wp-content\/uploads\/2025\/01\/songte-company-2.webp\" alt=\"Obr\u00e1zok valca vedra\"><\/p>\n<h2>Funkcie<\/h2>\n<ul>\n<li>Vysok\u00e1 pevnos\u0165 a odolnos\u0165: Zvy\u010dajne je vyroben\u00fd z vysokopevnostnej ocele alebo hlin\u00edka, odol\u00e1 vysok\u00e9mu tlaku a \u0165a\u017ek\u00fdm za\u0165a\u017eeniam, prisp\u00f4sob\u00ed sa n\u00e1ro\u010dn\u00fdm pracovn\u00fdm podmienkam a je navrhnut\u00fd s oh\u013eadom na odolnos\u0165 vo\u010di opotrebovaniu a kor\u00f3zii, \u010d\u00edm sa predl\u017euje jeho \u017eivotnos\u0165.<\/li>\n<li>Efekt\u00edvna hydraulick\u00e1 prev\u00e1dzka: Plynul\u00e9 vys\u00favanie a s\u0165ahovanie sa dosahuje pomocou tlaku hydraulick\u00e9ho oleja, ktor\u00fd poskytuje siln\u00fa tla\u010dn\u00fa a \u0165a\u017en\u00fa silu, vhodn\u00fa na manipul\u00e1ciu s \u0165a\u017ek\u00fdmi bremenami a zlo\u017eit\u00e9 pracovn\u00e9 \u00falohy.<\/li>\n<li>R\u00f4zne typy: Pod\u013ea prev\u00e1dzkov\u00fdch potrieb je mo\u017en\u00e9 vybra\u0165 jedno\u010dinn\u00e9 (hydraulicky ovl\u00e1dan\u00e9 iba v jednom smere) alebo dvoj\u010dinn\u00e9 (hydraulicky ovl\u00e1dan\u00e9 v oboch smeroch) valce. Niektor\u00e9 modely s\u00fa teleskopick\u00e9, \u010do umo\u017e\u0148uje v\u00e4\u010d\u0161ie vysunutie bez zv\u00e4\u010d\u0161enia vonkaj\u0161\u00edch rozmerov, vhodn\u00e9 pre aplik\u00e1cie s obmedzen\u00fdm priestorom.<\/li>\n<li>M\u00f4\u017ee by\u0165 pou\u017eit\u00fd ako perfektn\u00e1 n\u00e1hrada za in\u00e9 hydraulick\u00e9 valce<\/li>\n<\/ul>\n<p><img decoding=\"async\" src=\"https:\/\/www.hydraulic-cylinders.net\/wp-content\/uploads\/2025\/01\/songte-cylinder-head-with-all-kinds-excavator-models.webp\" alt=\"Obr\u00e1zok v\u00fdmeny hydraulick\u00e9ho valca\"><\/p>\n<h2>Aplik\u00e1cie<\/h2>\n<p>Valec ko\u0161\u00edka pre mal\u00e9 r\u00fdpadlo Bobcat E85 sa \u0161iroko pou\u017e\u00edva v r\u00f4znych priemyseln\u00fdch oblastiach vr\u00e1tane:<\/p>\n<ul>\n<li>Stavebn\u00e9 zariadenia: V bagroch s\u00fa k\u013e\u00fa\u010dov\u00e9 pre kopanie, nakladanie a premiest\u0148ovanie zeminy alebo sutiny. V r\u00fdpadlo-naklada\u010doch pom\u00e1ha valec lopaty pri kopan\u00ed aj zdv\u00edhan\u00ed. <\/li>\n<li>Po\u013enohospod\u00e1rske stroje: Pou\u017e\u00edvaj\u00fa sa pre \u010deln\u00e9 naklada\u010de, na kopanie, zdv\u00edhanie a prepravu p\u00f4dy, sena a in\u00fdch materi\u00e1lov. <\/li>\n<li>R\u00fdpadl\u00e1: Valec ly\u017eice dosahuje kopac\u00ed \u00fa\u010dinok t\u00fdm, \u017ee umo\u017e\u0148uje ly\u017eici prenikn\u00fa\u0165 do p\u00f4dy. <\/li>\n<li>Naklada\u010de: Pom\u00e1haj\u00fa pri efekt\u00edvnom zdv\u00edhan\u00ed a vykladan\u00ed tovaru v \u010deln\u00fdch naklada\u010doch. <\/li>\n<\/ul>\n<h2>\u00davahy o dizajne a krit\u00e9ri\u00e1 v\u00fdberu<\/h2>\n<p>Valec kor\u010deka pre mal\u00e9 r\u00fdpadlo Bobcat E85 je navrhnut\u00fd s oh\u013eadom na k\u013e\u00fa\u010dov\u00e9 aspekty, ako je nosnos\u0165, tesnenie, odolnos\u0165, bezpe\u010dnos\u0165 a \u00fadr\u017eba. <\/p>\n<ul>\n<li>Nosnos\u0165: Valec mus\u00ed by\u0165 schopn\u00fd odola\u0165 vysok\u00e9mu tlaku a \u0165a\u017ek\u00fdm za\u0165a\u017eeniam, preto je nevyhnutn\u00e9, aby bol vyroben\u00fd z vysokopevnostn\u00fdch materi\u00e1lov.<\/li>\n<li>Tesnenie: R\u00f4zne tesniace diely, ako s\u00fa tesniace kr\u00fa\u017eky piestov a tesniace kr\u00fa\u017eky ty\u010d\u00ed, musia by\u0165 vyroben\u00e9 z materi\u00e1lov odoln\u00fdch vo\u010di opotrebovaniu, ako je polyuret\u00e1n a nitrilov\u00fd kau\u010duk, aby sa zabezpe\u010dila dlh\u00e1 \u017eivotnos\u0165.<\/li>\n<li>Trvanlivos\u0165: Teleso valca a z\u00e1vitov\u00e9 koncov\u00e9 povrchy musia by\u0165 jemne opracovan\u00e9, aby sa zlep\u0161ila odolnos\u0165 proti opotrebovaniu a zmiernila kor\u00f3zia. <\/li>\n<li>Bezpe\u010dnos\u0165: Na zn\u00ed\u017eenie riz\u00edk a predch\u00e1dzanie nehod\u00e1m je potrebn\u00e9 dodr\u017eiava\u0165 pokyny pre bezpe\u010dn\u00fa in\u0161tal\u00e1ciu a prev\u00e1dzku. <\/li>\n<li>\u00dadr\u017eba: Pravideln\u00e1 kontrola, mazanie a v\u00fdmena opotrebovan\u00fdch dielov s\u00fa k\u013e\u00fa\u010dov\u00e9 pre udr\u017eanie optim\u00e1lneho v\u00fdkonu valca a pred\u013a\u017eenie jeho \u017eivotnosti. <\/li>\n<\/ul>\n<p><img decoding=\"async\" src=\"https:\/\/www.hydraulic-cylinders.net\/wp-content\/uploads\/2025\/01\/songte-oil-pipes-and-spare-parts.webp\" alt=\"N\u00e1hradn\u00e9 diely pre hydraulick\u00e9 valce\"><\/p>\n<h2>Tesnenie a mazanie<\/h2>\n<p>Valec kor\u010deka pre mal\u00e9 r\u00fdpadlo Bobcat E85 je vybaven\u00fd r\u00f4znymi tesniacimi dielmi, ako s\u00fa tesniace kr\u00fa\u017eky piestov a tesniace kr\u00fa\u017eky ty\u010d\u00ed, vyroben\u00e9 z materi\u00e1lov odoln\u00fdch vo\u010di opotrebovaniu, ako je polyuret\u00e1n a nitrilov\u00fd kau\u010duk. Teleso valca a z\u00e1vitov\u00e9 koncov\u00e9 plochy prech\u00e1dzaj\u00fa jemn\u00fdm opracovan\u00edm, aby sa zlep\u0161ila odolnos\u0165 vo\u010di opotrebovaniu a zmiernila kor\u00f3zia. Pravideln\u00e9 mazanie vhodn\u00fdm hydraulick\u00fdm olejom je nevyhnutn\u00e9 na zabezpe\u010denie optim\u00e1lneho v\u00fdkonu a pred\u013a\u017eenie \u017eivotnosti. <\/p>\n<h2>\u00dadr\u017eba a opravy<\/h2>\n<p>Pravideln\u00e1 kontrola, mazanie a v\u00fdmena opotrebovan\u00fdch dielov s\u00fa nevyhnutn\u00e9 na udr\u017eanie optim\u00e1lneho v\u00fdkonu valca a pred\u013a\u017eenie jeho \u017eivotnosti. Medzi be\u017en\u00e9 \u00falohy \u00fadr\u017eby patr\u00ed spr\u00e1vna in\u0161tal\u00e1cia, pravideln\u00e9 mazanie, v\u00fdmena tesnen\u00ed a kalibra\u010dn\u00e9 kontroly. Spr\u00e1vna in\u0161tal\u00e1cia, mazanie a nastavenie s\u00fa nevyhnutn\u00e9 na zn\u00ed\u017eenie potenci\u00e1lnych probl\u00e9mov. Na upevnenie valca na mieste sa odpor\u00fa\u010daj\u00fa vhodn\u00e9 mont\u00e1\u017ene konzoly.<\/p>\n<p><img decoding=\"async\" src=\"https:\/\/www.hydraulic-cylinders.net\/wp-content\/uploads\/2025\/01\/songte-chushion-collar.webp\" alt=\"Obj\u00edmka vank\u00fa\u0161a hydraulick\u00e9ho valca\"><\/p>\n<h2>Bezpe\u010dnostn\u00e9 aspekty a faktory prostredia<\/h2>\n<p>Pri pou\u017e\u00edvan\u00ed valca s vedrom sa musia dodr\u017eiava\u0165 vhodn\u00e9 bezpe\u010dnostn\u00e9 opatrenia vr\u00e1tane dodr\u017eiavania pokynov pre bezpe\u010dn\u00fa in\u0161tal\u00e1ciu a prev\u00e1dzku, aby sa zn\u00ed\u017eili rizik\u00e1 a predi\u0161lo nehod\u00e1m. Pre zabezpe\u010denie optim\u00e1lneho v\u00fdkonu sa musia zoh\u013eadni\u0165 faktory prostredia, ako je teplota, vlhkos\u0165 a prach. <\/p>\n<h2>Rie\u0161enie probl\u00e9mov a zn\u00e1me probl\u00e9my<\/h2>\n<p>Medzi be\u017en\u00e9 probl\u00e9my, ktor\u00e9 sa m\u00f4\u017eu vyskytn\u00fa\u0165, patria netesnosti, opotrebovan\u00e9 alebo po\u0161koden\u00e9 tesnenia, deform\u00e1cia valca a zlomen\u00e9 skrutky. K dispoz\u00edcii s\u00fa tipy a rie\u0161enia probl\u00e9mov, ktor\u00e9 pom\u00f4\u017eu efekt\u00edvne diagnostikova\u0165 a vyrie\u0161i\u0165 probl\u00e9my. Prevent\u00edvne opatrenia, ako je pravideln\u00e1 kontrola a \u00fadr\u017eba, m\u00f4\u017eu pom\u00f4c\u0165 zn\u00ed\u017ei\u0165 potenci\u00e1lne probl\u00e9my. <\/p>\n<p><img decoding=\"async\" src=\"https:\/\/www.hydraulic-cylinders.net\/wp-content\/uploads\/2025\/01\/songte-bushings-with-all-kinds-of-excavator-models.webp\" alt=\"Puzdr\u00e1 hydraulick\u00fdch valcov\"><\/p>\n<h2>O na\u0161ej spolo\u010dnosti<\/h2>\n<p>Sme popredn\u00fdm v\u00fdrobcom a ve\u013ekoobchodn\u00fdm distrib\u00fatorom hydraulick\u00fdch valcov a pon\u00fakame kompletn\u00fd sortiment produktov pre dom\u00e1ci aj medzin\u00e1rodn\u00fd trh. Dodr\u017eiavame najvy\u0161\u0161ie \u0161tandardy kvality a spoliehame sa na industrializovan\u00e9 strat\u00e9gie riadenia v\u00fdroby, podporovan\u00e9 technologick\u00fdmi talentmi, \u0161pi\u010dkov\u00fdmi digit\u00e1lnymi v\u00fdrobn\u00fdmi zariadeniami a profesion\u00e1lnymi testovac\u00edmi syst\u00e9mami. Neust\u00e1le vylep\u0161ujeme na\u0161e v\u00fdrobn\u00e9 platformy, aby sme dosiahli vysok\u00fa efektivitu, presnos\u0165 a kvalitu a splnili tak rozmanit\u00e9 potreby z\u00e1kazn\u00edkov. <\/p>\n<ul>\n<li>Profesionalita: M\u00e1me sk\u00fasen\u00fd a oddan\u00fd t\u00edm profesion\u00e1lov, ktor\u00ed sa zaviazali dod\u00e1va\u0165 vysoko kvalitn\u00e9 hydraulick\u00e9 valce. <\/li>\n<li>Medzin\u00e1rodn\u00e9 certifik\u00e1cie: Na\u0161e v\u00fdrobky pre\u0161li certifik\u00e1ciami ISO, CE a \u010fal\u0161\u00edmi medzin\u00e1rodn\u00fdmi certifik\u00e1ciami, \u010do zaru\u010duje ich kvalitu a spo\u013eahlivos\u0165. <\/li>\n<li>Prisp\u00f4sobenie: Pon\u00fakame prisp\u00f4soben\u00e9 slu\u017eby, ktor\u00e9 sp\u013a\u0148aj\u00fa \u0161pecifick\u00e9 potreby z\u00e1kazn\u00edkov, vr\u00e1tane n\u00e1vrhu na mieru, v\u00fdberu materi\u00e1lu a testovania produktov. <\/li>\n<li>V\u00fdrobn\u00e9 zariadenia: Na efekt\u00edvnu v\u00fdrobu vysoko kvalitn\u00fdch hydraulick\u00fdch valcov pou\u017e\u00edvame modern\u00e9 v\u00fdrobn\u00e9 zariadenia. <\/li>\n<li>Popredajn\u00fd servis: Pon\u00fakame komplexn\u00e9 popredajn\u00e9 slu\u017eby vr\u00e1tane v\u00fdmeny dielov a repase, aby sme pred\u013a\u017eili \u017eivotnos\u0165 a zv\u00fd\u0161ili v\u00fdkon na\u0161ich produktov. <\/li>\n<\/ul>\n<p><img decoding=\"async\" src=\"https:\/\/hzpt.com\/wp-content\/uploads\/2024\/11\/songte-company-1.webp\" alt=\"Obr\u00e1zok tov\u00e1rne na hydraulick\u00fd valec\"><\/p>\n<p>Autor: lyl<\/p>","protected":false},"excerpt":{"rendered":"<p>Bucket Cylinder For Bobcat Small Excavator E85 Introduction The bucket cylinder for Bobcat small excavator E85 is a specially designed hydraulic cylinder used to control bucket movement in heavy machinery, such as excavators, backhoe excavators, and front-end loaders. Its main function is to enable the bucket to lift, lower, and tilt, making it easier for [&hellip;]<\/p>","protected":false},"featured_media":14776,"comment_status":"open","ping_status":"closed","template":"","meta":{"_et_pb_use_builder":"","_et_pb_old_content":"","_et_gb_content_width":""},"product_brand":[],"product_cat":[1494],"product_tag":[1495,1496],"class_list":{"0":"post-15695","1":"product","2":"type-product","3":"status-publish","4":"has-post-thumbnail","6":"product_cat-bucket-cylinders","7":"product_tag-bucket-cylinders","8":"product_tag-hydraulic-cylinders","10":"first","11":"instock","12":"shipping-taxable","13":"product-type-simple"},"amp_enabled":true,"_links":{"self":[{"href":"https:\/\/www.hydraulic-cylinders.net\/sk\/wp-json\/wp\/v2\/product\/15695","targetHints":{"allow":["GET"]}}],"collection":[{"href":"https:\/\/www.hydraulic-cylinders.net\/sk\/wp-json\/wp\/v2\/product"}],"about":[{"href":"https:\/\/www.hydraulic-cylinders.net\/sk\/wp-json\/wp\/v2\/types\/product"}],"replies":[{"embeddable":true,"href":"https:\/\/www.hydraulic-cylinders.net\/sk\/wp-json\/wp\/v2\/comments?post=15695"}],"wp:featuredmedia":[{"embeddable":true,"href":"https:\/\/www.hydraulic-cylinders.net\/sk\/wp-json\/wp\/v2\/media\/14776"}],"wp:attachment":[{"href":"https:\/\/www.hydraulic-cylinders.net\/sk\/wp-json\/wp\/v2\/media?parent=15695"}],"wp:term":[{"taxonomy":"product_brand","embeddable":true,"href":"https:\/\/www.hydraulic-cylinders.net\/sk\/wp-json\/wp\/v2\/product_brand?post=15695"},{"taxonomy":"product_cat","embeddable":true,"href":"https:\/\/www.hydraulic-cylinders.net\/sk\/wp-json\/wp\/v2\/product_cat?post=15695"},{"taxonomy":"product_tag","embeddable":true,"href":"https:\/\/www.hydraulic-cylinders.net\/sk\/wp-json\/wp\/v2\/product_tag?post=15695"}],"curies":[{"name":"pracovn\u00fd list","href":"https:\/\/api.w.org\/{rel}","templated":true}]}}