{"id":15696,"date":"2025-01-19T14:51:25","date_gmt":"2025-01-19T14:51:25","guid":{"rendered":"https:\/\/www.hydraulic-cylinders.net\/product\/bucket-cylinder-for-bobcat-small-excavator-e418\/"},"modified":"2025-01-19T14:51:27","modified_gmt":"2025-01-19T14:51:27","slug":"bucket-cylinder-for-bobcat-small-excavator-e418","status":"publish","type":"product","link":"https:\/\/www.hydraulic-cylinders.net\/sk\/produkt\/bucket-cylinder-for-bobcat-small-excavator-e418\/","title":{"rendered":"Valec vedra pre mal\u00e9 r\u00fdpadlo Bobcat E418"},"content":{"rendered":"<h1>Valec vedra pre mal\u00e9 r\u00fdpadlo Bobcat E418<\/h1>\n<h2>\u00davod<\/h2>\n<p>Hydraulick\u00fd valec ly\u017eice pre mal\u00e9 r\u00fdpadlo Bobcat E418 je \u0161peci\u00e1lne navrhnut\u00fd hydraulick\u00fd valec, ktor\u00fd sa pou\u017e\u00edva predov\u0161etk\u00fdm na ovl\u00e1danie pohybu ly\u017eice v \u0165a\u017ek\u00fdch strojoch, ako s\u00fa r\u00fdpadl\u00e1, r\u00fdpadl\u00e1-naklada\u010de a \u010deln\u00e9 naklada\u010de. Jeho hlavnou funkciou je umo\u017eni\u0165 zdv\u00edhanie, sp\u00fa\u0161\u0165anie a nakl\u00e1\u0148anie ly\u017eice, \u010do u\u013eah\u010duje manipul\u00e1ciu s r\u00f4znymi \u00falohami. V hydraulickom syst\u00e9me valec ly\u017eice riadi presn\u00fd pohyb ly\u017eice zmenou tlaku hydraulick\u00e9ho oleja, \u010do umo\u017e\u0148uje obsluhe efekt\u00edvne manipulova\u0165 s \u0165a\u017ek\u00fdmi bremenami a prisp\u00f4sobi\u0165 sa zlo\u017eit\u00fdm pracovn\u00fdm prostrediam a r\u00f4znorod\u00fdm po\u017eiadavk\u00e1m na pr\u00e1cu.<\/p>\n<p><img decoding=\"async\" src=\"https:\/\/www.hydraulic-cylinders.net\/wp-content\/uploads\/2025\/01\/songte-company-2.webp\" alt=\"Valec vedra\" \/><\/p>\n<h2>Funkcie<\/h2>\n<ul>\n<li>Vysok\u00e1 pevnos\u0165 a odolnos\u0165: Zvy\u010dajne s\u00fa vyroben\u00e9 z vysokopevnostnej ocele alebo hlin\u00edka, schopn\u00e9 odol\u00e1va\u0165 vysok\u00e9mu tlaku a \u0165a\u017ek\u00fdm za\u0165a\u017eeniam a s\u00fa navrhnut\u00e9 s oh\u013eadom na odolnos\u0165 vo\u010di opotrebovaniu a kor\u00f3zii, \u010d\u00edm sa predl\u017euje \u017eivotnos\u0165.<\/li>\n<li>Efekt\u00edvna hydraulick\u00e1 prev\u00e1dzka: Plynul\u00e9 roz\u0165ahovacie a s\u0165ahovacie pohyby sa dosahuj\u00fa vyu\u017eit\u00edm tlaku hydraulick\u00e9ho oleja, \u010do umo\u017e\u0148uje r\u00fdchlu reakciu na ovl\u00e1dacie pr\u00edkazy, poskytuje siln\u00e9 tla\u010dn\u00e9 a \u0165a\u017en\u00e9 sily a je ide\u00e1lne na manipul\u00e1ciu s \u0165a\u017ek\u00fdmi bremenami a zlo\u017eit\u00fdmi pracovn\u00fdmi \u00falohami.<\/li>\n<li>R\u00f4zne typy: Vyberte si medzi jedno\u010dinn\u00fdmi (hydraulick\u00fd pohon sa pou\u017e\u00edva iba v jednom smere) alebo dvoj\u010dinn\u00fdmi (hydraulick\u00fd pohon sa pou\u017e\u00edva v oboch smeroch) valcami pod\u013ea prev\u00e1dzkov\u00fdch po\u017eiadaviek. Niektor\u00e9 modely s\u00fa teleskopick\u00e9, \u010do umo\u017e\u0148uje v\u00e4\u010d\u0161ie vysunutie bez zv\u00e4\u010d\u0161enia vonkaj\u0161\u00edch rozmerov, vhodn\u00e9 pre aplik\u00e1cie s obmedzen\u00fdm priestorom.<\/li>\n<li>Prisp\u00f4sobite\u013en\u00e9: Na\u0161e produkty je mo\u017en\u00e9 prisp\u00f4sobi\u0165 va\u0161im \u0161pecifick\u00fdm potreb\u00e1m a m\u00f4\u017eu nahradi\u0165 podobn\u00e9 hydraulick\u00e9 valce od in\u00fdch v\u00fdrobcov.<\/li>\n<\/ul>\n<p><img decoding=\"async\" src=\"https:\/\/www.hydraulic-cylinders.net\/wp-content\/uploads\/2025\/01\/songte-cylinder-head-with-all-kinds-excavator-models.webp\" alt=\"Prisp\u00f4sobite\u013en\u00fd vedrov\u00fd valec\" \/><\/p>\n<h2>Aplik\u00e1cie<\/h2>\n<p>Valec s kol\u00edkom nach\u00e1dza uplatnenie v r\u00f4znych aplik\u00e1ci\u00e1ch:<\/p>\n<ul>\n<li>Stavebn\u00e9 zariadenia: V bagroch s\u00fa nevyhnutn\u00e9 na kopanie, nakladanie a premiest\u0148ovanie zeminy alebo sutiny. V r\u00fdpadlo-naklada\u010doch pom\u00e1ha valec lopaty pri kopan\u00ed aj zdv\u00edhan\u00ed. <\/li>\n<li>Po\u013enohospod\u00e1rske stroje: Pou\u017e\u00edvaj\u00fa sa v \u010deln\u00fdch naklada\u010doch a pom\u00e1haj\u00fa pri zdv\u00edhan\u00ed a vykladan\u00ed zeminy, sena a in\u00fdch materi\u00e1lov. V r\u00fdpadl\u00e1ch umo\u017e\u0148uje valec ly\u017eice kopanie t\u00fdm, \u017ee umo\u017e\u0148uje ly\u017eici prenikn\u00fa\u0165 do p\u00f4dy. <\/li>\n<li>Naklada\u010d: V \u010deln\u00fdch naklada\u010doch pom\u00e1haj\u00fa pri efekt\u00edvnom zdv\u00edhan\u00ed a vykladan\u00ed tovaru.<\/li>\n<\/ul>\n<p>Ka\u017ed\u00e1 aplik\u00e1cia je podrobne pop\u00edsan\u00e1 ni\u017e\u0161ie:<\/p>\n<h3>Stavebn\u00e9 stroje<\/h3>\n<p>Valec ly\u017eice hr\u00e1 k\u013e\u00fa\u010dov\u00fa \u00falohu v hladkom fungovan\u00ed r\u00fdpadiel. Pri kopan\u00ed valec ly\u017eice pom\u00e1ha pri \u013eahkom prenikan\u00ed do p\u00f4dy, zdv\u00edhan\u00ed a vysyp\u00e1van\u00ed zeminy a sutiny. V r\u00fdpadlov\u00fdch r\u00fdpadl\u00e1ch valec pom\u00e1ha pri kopan\u00ed a zdv\u00edhan\u00ed, \u010d\u00edm pom\u00e1ha pri \u013eahkom nakladan\u00ed a preprave materi\u00e1lu.<\/p>\n<h3>Po\u013enohospod\u00e1rske stroje<\/h3>\n<p>Valce ly\u017e\u00edc na \u010deln\u00fdch naklada\u010doch po\u013enohospod\u00e1rskych strojov pom\u00e1haj\u00fa pri efekt\u00edvnom zdv\u00edhan\u00ed a vykladan\u00ed materi\u00e1lov, ako je p\u00f4da, seno, krmivo a in\u00e9 po\u013enohospod\u00e1rske produkty. V r\u00fdpadl\u00e1ch pou\u017e\u00edvan\u00fdch v po\u013enohospod\u00e1rstve umo\u017e\u0148uje valec ly\u017eice kopanie t\u00fdm, \u017ee umo\u017e\u0148uje ly\u017eici \u013eahk\u00e9 prenikanie do p\u00f4dy.<\/p>\n<h3>Naklada\u010d<\/h3>\n<p>Valec korby v \u010deln\u00fdch naklada\u010doch pom\u00e1ha pri efekt\u00edvnom zdv\u00edhan\u00ed a vykladan\u00ed tovaru, v\u010faka \u010domu je ide\u00e1lny na nakladanie a vykladanie \u0165a\u017ek\u00fdch materi\u00e1lov.<\/p>\n<p><img decoding=\"async\" src=\"https:\/\/www.hydraulic-cylinders.net\/wp-content\/uploads\/2025\/01\/songte-bushings-with-all-kinds-of-excavator-models.webp\" alt=\"Pou\u017e\u00edva sa valec vedra\" \/><\/p>\n<h2>\u00davahy o dizajne a krit\u00e9ri\u00e1 v\u00fdberu<\/h2>\n<p>Pri v\u00fdbere valca s vedrom by sa malo zoh\u013eadni\u0165 nieko\u013eko faktorov, ako je nosnos\u0165 valca, tesnos\u0165, trvanlivos\u0165, bezpe\u010dnos\u0165 a \u00fadr\u017eba. <\/p>\n<ul>\n<li>Nosnos\u0165: Valec vedra mus\u00ed by\u0165 schopn\u00fd zvl\u00e1dnu\u0165 o\u010dak\u00e1van\u00e9 za\u0165a\u017eenie bez ohnutia alebo zlomenia v z\u00e1vislosti od aplik\u00e1cie.<\/li>\n<li>Tesnenie: Valec vedra mus\u00ed by\u0165 dostato\u010dne utesnen\u00fd, aby sa zabr\u00e1nilo \u00faniku hydraulickej kvapaliny a kontamin\u00e1cii \u017eivotn\u00e9ho prostredia.<\/li>\n<li>Trvanlivos\u0165: Valec vedra mus\u00ed by\u0165 vyroben\u00fd z odoln\u00fdch materi\u00e1lov, aby odolal n\u00e1ro\u010dn\u00e9mu prev\u00e1dzkov\u00e9mu prostrediu a pred\u013a\u017eil tak jeho \u017eivotnos\u0165.<\/li>\n<li>Bezpe\u010dnos\u0165: Valec vedra mus\u00ed by\u0165 navrhnut\u00fd tak, aby bola zaisten\u00e1 bezpe\u010dnos\u0165 obsluhy a os\u00f4b v bl\u00edzkosti zariadenia.<\/li>\n<li>\u00dadr\u017eba: Valec vedra mus\u00ed by\u0165 navrhnut\u00fd tak, aby umo\u017e\u0148oval jednoduch\u00fa \u00fadr\u017ebu vr\u00e1tane v\u00fdmeny tesnen\u00ed, \u010distenia a mazania.<\/li>\n<\/ul>\n<p><img decoding=\"async\" src=\"https:\/\/www.hydraulic-cylinders.net\/wp-content\/uploads\/2025\/01\/songte-oil-pipes-and-spare-parts.webp\" alt=\"N\u00e1hradn\u00e9 diely pre valec vedra\" \/><\/p>\n<h2>Tesnenie a mazanie<\/h2>\n<p>Valec kor\u010deka pou\u017e\u00edva r\u00f4zne tesnenia, ako s\u00fa piestne tesnenia a tesnenia ty\u010d\u00ed, vyroben\u00e9 z materi\u00e1lov odoln\u00fdch vo\u010di opotrebovaniu, ako je polyuret\u00e1n a nitrilov\u00fd kau\u010duk, aby sa zabezpe\u010dilo spr\u00e1vne utesnenie a zabr\u00e1nilo sa \u00faniku oleja. Teleso valca a z\u00e1vitov\u00e9 koncov\u00e9 plochy s\u00fa jemne opracovan\u00e9, aby sa zlep\u0161ila odolnos\u0165 vo\u010di opotrebovaniu. Na mazanie a zabr\u00e1nenie opotrebovaniu steny valca a piestu je potrebn\u00e9 pravideln\u00e9 vstrekovanie hydraulick\u00e9ho oleja.<\/p>\n<h2>\u00dadr\u017eba a opravy<\/h2>\n<p>Pravideln\u00e1 kontrola a prevent\u00edvna \u00fadr\u017eba valca s ko\u0161\u00edkom s\u00fa nevyhnutn\u00e9 na zabezpe\u010denie optim\u00e1lneho v\u00fdkonu valca a z\u00e1rove\u0148 na zabr\u00e1nenie n\u00e1kladn\u00fdm prestojom a oprav\u00e1m. Pravideln\u00e1 kontrola, vhodn\u00e9 mazanie a kalibr\u00e1cia patria medzi naj\u010dastej\u0161ie \u00falohy \u00fadr\u017eby. Spr\u00e1vna in\u0161tal\u00e1cia, mazanie a nastavenie s\u00fa k\u013e\u00fa\u010dov\u00e9 a spr\u00e1vne zarovnanie valca je nevyhnutn\u00e9. Na upevnenie valca na mieste by sa mali pou\u017ei\u0165 spr\u00e1vne mont\u00e1\u017ene konzoly. Na pred\u013a\u017eenie \u017eivotnosti valca s ko\u0161\u00edkom s\u00fa uveden\u00e9 odpor\u00fa\u010dan\u00e9 postupy kontroly, opravy a v\u00fdmeny. <\/p>\n<p><img decoding=\"async\" src=\"https:\/\/www.hydraulic-cylinders.net\/wp-content\/uploads\/2025\/01\/songte-chushion-collar.webp\" alt=\"\u00dadr\u017eba a oprava valca vedra\" \/><\/p>\n<h2>Bezpe\u010dnostn\u00e9 aspekty a faktory prostredia<\/h2>\n<p>Pri pou\u017e\u00edvan\u00ed valcov s vedro je nevyhnutn\u00e9 dodr\u017eiava\u0165 bezpe\u010dnostn\u00e9 opatrenia, ako napr\u00edklad zabr\u00e1ni\u0165 tomu, aby boli pracovn\u00edci po\u010das prev\u00e1dzky zasiahnut\u00ed valcom s vedro. Aby sa predi\u0161lo kontamin\u00e1cii \u017eivotn\u00e9ho prostredia, je potrebn\u00e9 dodr\u017eiava\u0165 pravidl\u00e1 spr\u00e1vnej likvid\u00e1cie hydraulick\u00e9ho oleja a in\u00fdch nebezpe\u010dn\u00fdch materi\u00e1lov.<\/p>\n<h2>Diagnostika por\u00fach a rie\u0161enie probl\u00e9mov<\/h2>\n<p>Medzi be\u017en\u00e9 probl\u00e9my s valcami vedra m\u00f4\u017ee patri\u0165 \u00fanik oleja, pomal\u00e1 prev\u00e1dzka alebo zn\u00ed\u017een\u00fd v\u00fdkon. Pravideln\u00e1 kontrola, prevent\u00edvna \u00fadr\u017eba a r\u00fdchla oprava s\u00fa nevyhnutn\u00e9 na predch\u00e1dzanie t\u00fdmto probl\u00e9mom. Ak sa vyskytn\u00fa probl\u00e9my, je mo\u017en\u00e9 ich vyrie\u0161i\u0165 identifik\u00e1ciou z\u00e1kladnej pr\u00ed\u010diny probl\u00e9mu a n\u00e1slednou opravou alebo v\u00fdmenou chybn\u00fdch dielov.<\/p>\n<p><img decoding=\"async\" src=\"https:\/\/hzpt.com\/wp-content\/uploads\/2024\/11\/songte-company-1.webp\" alt=\"Rie\u0161enie probl\u00e9mov s valcom vedra\" \/><\/p>\n<h2>O n\u00e1s<\/h2>\n<p>Sme v\u00fdrobcom hydraulick\u00fdch valcov, ktor\u00fd vyr\u00e1ba kompletn\u00fd sortiment produktov a stali sme sa jedn\u00fdm z popredn\u00fdch v\u00fdrobcov a ve\u013ekoobchodn\u00fdch distrib\u00fatorov hydraulick\u00fdch valcov na dom\u00e1com aj medzin\u00e1rodnom trhu. Riadime sa strat\u00e9giou vynikaj\u00facej kvality a spoliehame sa na riadenie priemyselnej v\u00fdroby v jemn\u00fdch v\u00fdrobn\u00fdch diel\u0148ach. Neust\u00e1le zdokona\u013eujeme platformu v\u00fdroby v diel\u0148ach, zlep\u0161ujeme v\u00fdrobn\u00e9 linky zameran\u00e9 na kvalitu produktov a m\u00e1me siln\u00e9 v\u00fdrobn\u00e9 kapacity, ktor\u00e9 uspokojuj\u00fa rozmanit\u00e9 potreby z\u00e1kazn\u00edkov s vysokou efektivitou, vysokou presnos\u0165ou a princ\u00edpmi vysokej kvality. <\/p>\n<p>Na\u0161a spolo\u010dnos\u0165 pon\u00faka odborn\u00e9 znalosti, medzin\u00e1rodn\u00fa certifik\u00e1ciu, slu\u017eby na mieru, v\u00fdrobn\u00e9 zariadenia a popredajn\u00fd servis. <\/p>\n<p><img decoding=\"async\" src=\"https:\/\/www.hydraulic-cylinders.net\/wp-content\/uploads\/2025\/01\/songte-company-3.webp\" alt=\"O n\u00e1s\" \/><\/p>\n<p>Autor: lyl<\/p>","protected":false},"excerpt":{"rendered":"<p>Bucket Cylinder For Bobcat Small Excavator E418 Introduction The bucket cylinder for Bobcat small excavator E418 is a specially designed hydraulic cylinder primarily used to control the movement of the bucket in heavy machinery such as excavators, backhoe excavators, and front-end loaders. Its main function is to allow the bucket to lift, lower, and tilt, [&hellip;]<\/p>","protected":false},"featured_media":14773,"comment_status":"open","ping_status":"closed","template":"","meta":{"_et_pb_use_builder":"","_et_pb_old_content":"","_et_gb_content_width":""},"product_brand":[],"product_cat":[1494],"product_tag":[1495,1496],"class_list":{"0":"post-15696","1":"product","2":"type-product","3":"status-publish","4":"has-post-thumbnail","6":"product_cat-bucket-cylinders","7":"product_tag-bucket-cylinders","8":"product_tag-hydraulic-cylinders","10":"first","11":"instock","12":"shipping-taxable","13":"product-type-simple"},"amp_enabled":true,"_links":{"self":[{"href":"https:\/\/www.hydraulic-cylinders.net\/sk\/wp-json\/wp\/v2\/product\/15696","targetHints":{"allow":["GET"]}}],"collection":[{"href":"https:\/\/www.hydraulic-cylinders.net\/sk\/wp-json\/wp\/v2\/product"}],"about":[{"href":"https:\/\/www.hydraulic-cylinders.net\/sk\/wp-json\/wp\/v2\/types\/product"}],"replies":[{"embeddable":true,"href":"https:\/\/www.hydraulic-cylinders.net\/sk\/wp-json\/wp\/v2\/comments?post=15696"}],"wp:featuredmedia":[{"embeddable":true,"href":"https:\/\/www.hydraulic-cylinders.net\/sk\/wp-json\/wp\/v2\/media\/14773"}],"wp:attachment":[{"href":"https:\/\/www.hydraulic-cylinders.net\/sk\/wp-json\/wp\/v2\/media?parent=15696"}],"wp:term":[{"taxonomy":"product_brand","embeddable":true,"href":"https:\/\/www.hydraulic-cylinders.net\/sk\/wp-json\/wp\/v2\/product_brand?post=15696"},{"taxonomy":"product_cat","embeddable":true,"href":"https:\/\/www.hydraulic-cylinders.net\/sk\/wp-json\/wp\/v2\/product_cat?post=15696"},{"taxonomy":"product_tag","embeddable":true,"href":"https:\/\/www.hydraulic-cylinders.net\/sk\/wp-json\/wp\/v2\/product_tag?post=15696"}],"curies":[{"name":"pracovn\u00fd list","href":"https:\/\/api.w.org\/{rel}","templated":true}]}}