{"id":15713,"date":"2025-01-19T14:52:51","date_gmt":"2025-01-19T14:52:51","guid":{"rendered":"https:\/\/www.hydraulic-cylinders.net\/product\/bucket-cylinder-for-takeuchi-small-excavator-tb28fr\/"},"modified":"2025-01-19T14:52:53","modified_gmt":"2025-01-19T14:52:53","slug":"bucket-cylinder-for-takeuchi-small-excavator-tb28fr","status":"publish","type":"product","link":"https:\/\/www.hydraulic-cylinders.net\/sk\/produkt\/bucket-cylinder-for-takeuchi-small-excavator-tb28fr\/","title":{"rendered":"Valec vedra pre mal\u00e9 r\u00fdpadlo Takeuchi TB28FR"},"content":{"rendered":"<h1>Valec vedra pre mal\u00e9 r\u00fdpadlo Takeuchi TB28FR<\/h1>\n<h2>\u00davod<\/h2>\n<h3>Defin\u00edcia<\/h3>\n<p>Hydraulick\u00fd valec ly\u017eice je \u0161peci\u00e1lne navrhnut\u00fd hydraulick\u00fd valec, ktor\u00fd sa pou\u017e\u00edva predov\u0161etk\u00fdm na ovl\u00e1danie pohybu ly\u017e\u00edc v \u0165a\u017ek\u00fdch strojoch, ako s\u00fa bagre, r\u00fdpadlo-naklada\u010de a \u010deln\u00e9 naklada\u010de. Jeho hlavnou funkciou je umo\u017eni\u0165 ly\u017eici zdv\u00edha\u0165, sp\u00fa\u0161\u0165a\u0165 a nakl\u00e1\u0148a\u0165, \u010d\u00edm u\u013eah\u010duje r\u00f4zne \u00falohy manipul\u00e1cie s materi\u00e1lom. V hydraulickom syst\u00e9me dosahuje valec ly\u017eice presn\u00e9 ovl\u00e1danie ly\u017eice zmenou tlaku hydraulick\u00e9ho oleja, \u010do umo\u017e\u0148uje obsluhe efekt\u00edvne manipulova\u0165 s \u0165a\u017ek\u00fdmi predmetmi, prisp\u00f4sobi\u0165 sa zlo\u017eit\u00fdm pracovn\u00fdm prostrediam a r\u00f4znorod\u00fdm po\u017eiadavk\u00e1m na pr\u00e1cu.<\/p>\n<p><img decoding=\"async\" src=\"https:\/\/www.hydraulic-cylinders.net\/wp-content\/uploads\/2025\/01\/songte-company-2.webp\" alt=\"Valec vedra\"><\/p>\n<h3>Funkcie<\/h3>\n<ul>\n<li>Vysok\u00e1 pevnos\u0165 a odolnos\u0165: zvy\u010dajne vyroben\u00e9 z vysokopevnostnej ocele alebo hlin\u00edka, schopn\u00e9 odol\u00e1va\u0165 vysok\u00e9mu tlaku a \u0165a\u017ek\u00fdm za\u0165a\u017eeniam, prisp\u00f4sobite\u013en\u00e9 n\u00e1ro\u010dn\u00fdm pracovn\u00fdm podmienkam, navrhnut\u00e9 s oh\u013eadom na odolnos\u0165 vo\u010di opotrebovaniu a kor\u00f3zii, \u010d\u00edm sa predl\u017euje \u017eivotnos\u0165.<\/li>\n<li>Efekt\u00edvna hydraulick\u00e1 prev\u00e1dzka: dosahuje plynul\u00e9 pohyby vys\u00favania a zas\u00favania vyu\u017eit\u00edm tlaku hydraulick\u00e9ho oleja, je schopn\u00e1 r\u00fdchlo reagova\u0165 na ovl\u00e1dacie povely a poskytuje siln\u00e9 tla\u010dn\u00e9 a \u0165a\u017en\u00e9 sily, vhodn\u00e9 na manipul\u00e1ciu s \u0165a\u017ek\u00fdmi predmetmi a zlo\u017eit\u00e9 pracovn\u00e9 \u00falohy.<\/li>\n<li>R\u00f4zne typy: jedno\u010dinn\u00e9 (hydraulick\u00fd pohon sa pou\u017e\u00edva iba v jednom smere) alebo dvoj\u010dinn\u00e9 (hydraulick\u00fd pohon sa pou\u017e\u00edva v oboch smeroch) valce je mo\u017en\u00e9 vybra\u0165 pod\u013ea potrieb, aby sa splnili r\u00f4zne prev\u00e1dzkov\u00e9 po\u017eiadavky, a niektor\u00e9 modely s\u00fa teleskopick\u00e9, \u010do umo\u017e\u0148uje v\u00e4\u010d\u0161ie vysunutie bez zv\u00e4\u010d\u0161enia vonkaj\u0161\u00edch rozmerov, vhodn\u00e9 pre aplik\u00e1cie s obmedzen\u00fdm priestorom.<\/li>\n<li>Dokonal\u00e1 n\u00e1hrada: na\u0161e produkty dok\u00e1\u017eu dokonale nahradi\u0165 tieto hydraulick\u00e9 valce.<\/li>\n<li>Prisp\u00f4sobite\u013en\u00e9: produkty vieme prisp\u00f4sobi\u0165 pod\u013ea \u0161pecifick\u00fdch po\u017eiadaviek z\u00e1kazn\u00edkov.<\/li>\n<\/ul>\n<p><img decoding=\"async\" src=\"https:\/\/www.hydraulic-cylinders.net\/wp-content\/uploads\/2025\/01\/songte-cylinder-head-with-all-kinds-excavator-models.webp\" alt=\"V\u00fdmena valca vedra\"><\/p>\n<h2>Aplik\u00e1cie<\/h2>\n<h3>Stavebn\u00e9 stroje<\/h3>\n<p>V bagroch sa zistilo, \u017ee s\u00fa k\u013e\u00fa\u010dov\u00e9 pre kopanie, nakladanie a premiest\u0148ovanie zeminy alebo sutiny. V r\u00fdpadlo-naklada\u010doch pom\u00e1ha valec ly\u017eice pri kopan\u00ed aj zdv\u00edhan\u00ed. V \u010deln\u00fdch naklada\u010doch pom\u00e1haj\u00fa efekt\u00edvne zdv\u00edha\u0165 a vykl\u00e1pa\u0165 n\u00e1klad.<\/p>\n<h3>Po\u013enohospod\u00e1rske stroje<\/h3>\n<p>Pou\u017e\u00edva sa pre \u010deln\u00e9 naklada\u010de, na zdv\u00edhanie, zdv\u00edhanie a prepravu zeminy, sena a in\u00fdch materi\u00e1lov. V r\u00fdpadl\u00e1ch umo\u017e\u0148uje valec ly\u017eice kopanie t\u00fdm, \u017ee umo\u017e\u0148uje ly\u017eici prenikn\u00fa\u0165 do p\u00f4dy. V naklada\u010doch pom\u00e1haj\u00fa efekt\u00edvne zdv\u00edha\u0165 a nakl\u00e1\u0148a\u0165 tovar.<\/p>\n<p><img decoding=\"async\" src=\"https:\/\/www.hydraulic-cylinders.net\/wp-content\/uploads\/2025\/01\/songte-chushion-collar.webp\" alt=\"Pou\u017e\u00edva sa valec vedra\"><\/p>\n<h2>\u00davahy o dizajne a krit\u00e9ri\u00e1 v\u00fdberu<\/h2>\n<h3>Nosnos\u0165<\/h3>\n<p>Valec kor\u010deka mus\u00ed by\u0165 navrhnut\u00fd tak, aby odolal maxim\u00e1lnemu za\u0165a\u017eeniu, ktor\u00e9mu bude vystaven\u00fd, vr\u00e1tane hmotnosti n\u00e1kladu a sily p\u00f4sobiacej na valec po\u010das jeho prev\u00e1dzky.<\/p>\n<h3>Tesnenie a trvanlivos\u0165<\/h3>\n<p>Valec kor\u010deka mus\u00ed by\u0165 navrhnut\u00fd s odoln\u00fdmi tesneniami, ktor\u00e9 odol\u00e1vaj\u00fa n\u00e1ro\u010dn\u00e9mu pracovn\u00e9mu prostrediu. Teleso valca a z\u00e1vitov\u00e9 koncov\u00e9 plochy by mali by\u0165 jemne opracovan\u00e9, aby sa zlep\u0161ila odolnos\u0165 vo\u010di opotrebovaniu. Pre zabezpe\u010denie jeho spr\u00e1vnej funkcie je tie\u017e potrebn\u00e9 pravideln\u00e9 mazanie hydraulick\u00fdm olejom.<\/p>\n<p><img decoding=\"async\" src=\"https:\/\/www.hydraulic-cylinders.net\/wp-content\/uploads\/2025\/01\/songte-oil-pipes-and-spare-parts.webp\" alt=\"Komponenty valca vedra\"><\/p>\n<h3>Bezpe\u010dnostn\u00e9 aspekty a faktory prostredia<\/h3>\n<p>Pri pou\u017e\u00edvan\u00ed valca s vedrom je d\u00f4le\u017eit\u00e9 dodr\u017eiava\u0165 bezpe\u010dnostn\u00e9 opatrenia, aby sa predi\u0161lo nehod\u00e1m. Mali by sa zoh\u013eadni\u0165 aj faktory prostredia, ako je teplota, vlhkos\u0165 a prach, a mala by sa vykon\u00e1va\u0165 spr\u00e1vna \u00fadr\u017eba, aby sa pred\u013a\u017eila jeho \u017eivotnos\u0165.<\/p>\n<h2>\u00dadr\u017eba a odstra\u0148ovanie probl\u00e9mov<\/h2>\n<h3>\u00dalohy \u00fadr\u017eby<\/h3>\n<ul>\n<li>Pravideln\u00e1 kontrola<\/li>\n<li>Spr\u00e1vne mazanie<\/li>\n<li>V\u00fdmena tesnenia<\/li>\n<li>Kontrola kalibr\u00e1cie<\/li>\n<\/ul>\n<p>Spr\u00e1vna in\u0161tal\u00e1cia, mazanie a nastavenie valca vedra s\u00fa k\u013e\u00fa\u010dov\u00e9 pre zlep\u0161enie jeho \u017eivotnosti. Odpor\u00fa\u010da sa pou\u017ei\u0165 vhodn\u00e9 mont\u00e1\u017ene konzoly na upevnenie valca a na zabezpe\u010denie spr\u00e1vneho vedenia pri zarovn\u00e1van\u00ed valca. Na pred\u013a\u017eenie \u017eivotnosti valca vedra sa odpor\u00fa\u010daj\u00fa aj postupy kontroly, opravy a v\u00fdmeny.<\/p>\n<p><img decoding=\"async\" src=\"https:\/\/www.hydraulic-cylinders.net\/wp-content\/uploads\/2025\/01\/songte-bushings-with-all-kinds-of-excavator-models.webp\" alt=\"\u00dadr\u017eba valca vedra\"><\/p>\n<h3>Rie\u0161enia probl\u00e9mov<\/h3>\n<p>Medzi be\u017en\u00e9 probl\u00e9my a rie\u0161enia patria:<\/p>\n<ul>\n<li>Pomal\u00e1 prev\u00e1dzka: skontrolujte hladinu hydraulick\u00e9ho oleja a v pr\u00edpade potreby ho dopl\u0148te<\/li>\n<li>\u00danik oleja: skontrolujte tesnenia a v pr\u00edpade potreby ich vyme\u0148te<\/li>\n<li>Uvo\u013enen\u00e9 spojenie: utiahnite spoj<\/li>\n<\/ul>\n<p>Prevent\u00edvne opatrenia, ako je pravideln\u00e1 kontrola, spr\u00e1vne mazanie a v\u010dasn\u00e1 v\u00fdmena opotrebovan\u00fdch dielov, m\u00f4\u017eu pom\u00f4c\u0165 zn\u00ed\u017ei\u0165 potenci\u00e1lne probl\u00e9my a pred\u013a\u017ei\u0165 \u017eivotnos\u0165 valca vedra.<\/p>\n<h2>O na\u0161ej spolo\u010dnosti<\/h2>\n<p>Sme v\u00fdrobcom n\u00e1hradn\u00fdch dielov pre hydraulick\u00e9 valce, pon\u00fakame kompletn\u00fd sortiment produktov a st\u00e1vame sa jedn\u00fdm z popredn\u00fdch v\u00fdrobcov a ve\u013ekoobchodn\u00fdch distrib\u00fatorov hydraulick\u00fdch valcov na dom\u00e1com aj medzin\u00e1rodnom trhu. Riadime sa z\u00e1sadami vynikaj\u00facej kvality, spoliehame sa na strat\u00e9gie riadenia priemyselnej v\u00fdroby sofistikovan\u00fdch v\u00fdrobn\u00fdch dieln\u00ed a neust\u00e1le zlep\u0161ujeme v\u00fdrobn\u00fa platformu v dielni, zlep\u0161ujeme v\u00fdrobn\u00fa linku kvality produktov a m\u00e1me siln\u00fa kreativitu. S princ\u00edpmi vysokej efektivity, vysokej presnosti a vysokej kvality uspokojujeme rozmanit\u00e9 potreby na\u0161ich z\u00e1kazn\u00edkov.<\/p>\n<p>Na\u0161im z\u00e1kazn\u00edkom pon\u00fakame profesion\u00e1lne slu\u017eby, medzin\u00e1rodn\u00e9 certifik\u00e1cie, slu\u017eby na mieru, modernizovan\u00e9 v\u00fdrobn\u00e9 zariadenia a vynikaj\u00faci popredajn\u00fd servis.<\/p>\n<p><img decoding=\"async\" src=\"https:\/\/hzpt.com\/wp-content\/uploads\/2024\/11\/songte-company-1.webp\" alt=\"O na\u0161ej spolo\u010dnosti\"><\/p>\n<p>Autor: lyl<\/p>","protected":false},"excerpt":{"rendered":"<p>Bucket Cylinder For Takeuchi Small Excavator TB28FR Introduction Definition A bucket cylinder is a specially designed hydraulic cylinder primarily used to control the movement of buckets in heavy machinery such as excavators, backhoe loaders, and front loaders. Its main function is to enable the bucket to lift, lower, and tilt, thus facilitating various material handling [&hellip;]<\/p>","protected":false},"featured_media":14769,"comment_status":"open","ping_status":"closed","template":"","meta":{"_et_pb_use_builder":"","_et_pb_old_content":"","_et_gb_content_width":""},"product_brand":[],"product_cat":[1494],"product_tag":[1495,1496],"class_list":{"0":"post-15713","1":"product","2":"type-product","3":"status-publish","4":"has-post-thumbnail","6":"product_cat-bucket-cylinders","7":"product_tag-bucket-cylinders","8":"product_tag-hydraulic-cylinders","10":"first","11":"instock","12":"shipping-taxable","13":"product-type-simple"},"amp_enabled":true,"_links":{"self":[{"href":"https:\/\/www.hydraulic-cylinders.net\/sk\/wp-json\/wp\/v2\/product\/15713","targetHints":{"allow":["GET"]}}],"collection":[{"href":"https:\/\/www.hydraulic-cylinders.net\/sk\/wp-json\/wp\/v2\/product"}],"about":[{"href":"https:\/\/www.hydraulic-cylinders.net\/sk\/wp-json\/wp\/v2\/types\/product"}],"replies":[{"embeddable":true,"href":"https:\/\/www.hydraulic-cylinders.net\/sk\/wp-json\/wp\/v2\/comments?post=15713"}],"wp:featuredmedia":[{"embeddable":true,"href":"https:\/\/www.hydraulic-cylinders.net\/sk\/wp-json\/wp\/v2\/media\/14769"}],"wp:attachment":[{"href":"https:\/\/www.hydraulic-cylinders.net\/sk\/wp-json\/wp\/v2\/media?parent=15713"}],"wp:term":[{"taxonomy":"product_brand","embeddable":true,"href":"https:\/\/www.hydraulic-cylinders.net\/sk\/wp-json\/wp\/v2\/product_brand?post=15713"},{"taxonomy":"product_cat","embeddable":true,"href":"https:\/\/www.hydraulic-cylinders.net\/sk\/wp-json\/wp\/v2\/product_cat?post=15713"},{"taxonomy":"product_tag","embeddable":true,"href":"https:\/\/www.hydraulic-cylinders.net\/sk\/wp-json\/wp\/v2\/product_tag?post=15713"}],"curies":[{"name":"pracovn\u00fd list","href":"https:\/\/api.w.org\/{rel}","templated":true}]}}