{"id":15722,"date":"2025-01-19T14:53:32","date_gmt":"2025-01-19T14:53:32","guid":{"rendered":"https:\/\/www.hydraulic-cylinders.net\/product\/bucket-cylinder-for-case-middle-excavator-cx21b-em\/"},"modified":"2025-01-19T14:53:34","modified_gmt":"2025-01-19T14:53:34","slug":"bucket-cylinder-for-case-middle-excavator-cx21b-em","status":"publish","type":"product","link":"https:\/\/www.hydraulic-cylinders.net\/sk\/produkt\/bucket-cylinder-for-case-middle-excavator-cx21b-em\/","title":{"rendered":"Valec vedra pre stredn\u00e9 r\u00fdpadlo Case CX21B-EM"},"content":{"rendered":"<h1>Valec vedra pre stredn\u00e9 r\u00fdpadlo Case CX21B-EM<\/h1>\n<h2>\u00davod<\/h2>\n<p>The bucket cylinder for Case middle excavator CX21B-EM is a specially designed hydraulic cylinder used primarily to control the movement of the bucket in heavy machinery such as excavators, backhoe excavators, and front-end loaders. Its primary function is to allow the bucket to lift, lower, and tilt, making it ideal for various material handling tasks. In the hydraulic system, the bucket cylinder achieves precise control of the bucket&#8217;s movement through changes in hydraulic oil pressure, enabling operators to efficiently handle heavy loads and adapt to complex working conditions and diverse operating requirements.<\/p>\n<p><img decoding=\"async\" src=\"https:\/\/www.hydraulic-cylinders.net\/wp-content\/uploads\/2025\/01\/songte-company-2.webp\" alt=\"Valec vedra pre stredn\u00e9 r\u00fdpadlo Case CX21B-EM\"><\/p>\n<h2>Funkcie<\/h2>\n<ul>\n<li>Vysok\u00e1 pevnos\u0165 a odolnos\u0165: zvy\u010dajne vyroben\u00e9 z vysokopevnostnej ocele alebo hlin\u00edka, schopn\u00e9 odol\u00e1va\u0165 vysok\u00e9mu tlaku a \u0165a\u017ek\u00e9mu za\u0165a\u017eeniu, vhodn\u00e9 do n\u00e1ro\u010dn\u00fdch pracovn\u00fdch prostred\u00ed, navrhnut\u00e9 s oh\u013eadom na odolnos\u0165 vo\u010di opotrebovaniu a kor\u00f3zii, \u010d\u00edm sa predl\u017euje \u017eivotnos\u0165.<\/li>\n<li>Efekt\u00edvna hydraulick\u00e1 prev\u00e1dzka: vyu\u017eitie tlaku hydraulick\u00e9ho oleja na dosiahnutie plynul\u00e9ho vys\u00favania a zas\u00favania, schopnos\u0165 r\u00fdchlo reagova\u0165 na ovl\u00e1dacie povely, poskytovanie siln\u00fdch tla\u010dn\u00fdch a \u0165a\u017en\u00fdch s\u00edl, vhodn\u00e9 na manipul\u00e1ciu s \u0165a\u017ek\u00fdmi bremenami a zlo\u017eit\u00e9 prev\u00e1dzkov\u00e9 \u00falohy.<\/li>\n<li>Viacer\u00e9 typy: pod\u013ea va\u0161ich potrieb je mo\u017en\u00e9 vybra\u0165 jedno\u010dinn\u00e9 (hydraulicky ovl\u00e1dan\u00e9 iba v jednom smere) alebo dvoj\u010dinn\u00e9 (hydraulicky ovl\u00e1dan\u00e9 v oboch smeroch) valce, aby sp\u013a\u0148ali r\u00f4zne prev\u00e1dzkov\u00e9 po\u017eiadavky. Niektor\u00e9 modely s\u00fa teleskopick\u00e9, \u010do umo\u017e\u0148uje v\u00e4\u010d\u0161ie vysunutie bez zv\u00e4\u010d\u0161enia vonkaj\u0161\u00edch rozmerov, v\u010faka \u010domu s\u00fa vhodn\u00e9 pre aplik\u00e1cie s obmedzen\u00fdm priestorom.<\/li>\n<li>Vymenite\u013en\u00e9: n\u00e1\u0161 produkt dok\u00e1\u017ee dokonale nahradi\u0165 tieto hydraulick\u00e9 valce.<\/li>\n<\/ul>\n<p><img decoding=\"async\" src=\"https:\/\/www.hydraulic-cylinders.net\/wp-content\/uploads\/2025\/01\/songte-cylinder-head-with-all-kinds-excavator-models.webp\" alt=\"Valec vedra pre stredn\u00e9 r\u00fdpadlo Case CX21B-EM\"><\/p>\n<h2>Aplik\u00e1cie<\/h2>\n<h3>Stavebn\u00e9 stroje<\/h3>\n<p>V bagroch s\u00fa nevyhnutn\u00e9 na kopanie, nakladanie a premiest\u0148ovanie zeminy alebo sutiny. V r\u00fdpadlo-naklada\u010doch pom\u00e1haj\u00fa valce ko\u0161\u00edkov pri kopan\u00ed aj zdv\u00edhan\u00ed. V \u010deln\u00fdch naklada\u010doch pom\u00e1haj\u00fa pri efekt\u00edvnom zdv\u00edhan\u00ed a nakl\u00e1\u0148an\u00ed tovaru.<\/p>\n<h3>Po\u013enohospod\u00e1rske stroje<\/h3>\n<p>Pou\u017e\u00edvaj\u00fa sa v \u010deln\u00fdch naklada\u010doch na naberanie, zdv\u00edhanie a prepravu p\u00f4dy, sena a in\u00fdch materi\u00e1lov; v r\u00fdpadl\u00e1ch umo\u017e\u0148uj\u00fa valce ly\u017eice kopanie t\u00fdm, \u017ee umo\u017e\u0148uj\u00fa ly\u017eici prenikn\u00fa\u0165 do p\u00f4dy.<\/p>\n<h2>\u00davahy o dizajne a krit\u00e9ri\u00e1 v\u00fdberu<\/h2>\n<h3>K\u013e\u00fa\u010dov\u00e9 \u00favahy<\/h3>\n<ul>\n<li>Nosnos\u0165<\/li>\n<li>Tesnenie<\/li>\n<li>Trvanlivos\u0165<\/li>\n<li>Bezpe\u010dnos\u0165<\/li>\n<li>\u00dadr\u017eba<\/li>\n<\/ul>\n<p><img decoding=\"async\" src=\"https:\/\/www.hydraulic-cylinders.net\/wp-content\/uploads\/2025\/01\/songte-oil-pipes-and-spare-parts.webp\" alt=\"Valec vedra pre stredn\u00e9 r\u00fdpadlo Case CX21B-EM\"><\/p>\n<h3>Tesnenie a mazanie<\/h3>\n<p>Pou\u017e\u00edvaj\u00fa sa r\u00f4zne tesniace prvky, ako s\u00fa tesnenia piestov a tesnenia ty\u010d\u00ed, z materi\u00e1lov odoln\u00fdch vo\u010di opotrebovaniu, ako je polyuret\u00e1n a nitrilov\u00fd kau\u010duk. Teleso valca a z\u00e1vitov\u00e9 koncov\u00e9 plochy s\u00fa jemne opracovan\u00e9 pre zlep\u0161enie odolnosti vo\u010di opotrebovaniu. Na mazanie je potrebn\u00e9 pravidelne prid\u00e1va\u0165 vhodn\u00fd hydraulick\u00fd olej.<\/p>\n<h3>\u00dadr\u017eba a opravy<\/h3>\n<p>Pravideln\u00e9 kontroly, vhodn\u00e9 mazanie, v\u00fdmena tesnen\u00ed a kalibra\u010dn\u00e9 kontroly s\u00fa be\u017en\u00fdmi \u00falohami \u00fadr\u017eby. Spr\u00e1vna in\u0161tal\u00e1cia, mazanie a nastavenie s\u00fa k\u013e\u00fa\u010dov\u00e9 pre zabezpe\u010denie dlhej \u017eivotnosti valca. Po\u010das in\u0161tal\u00e1cie je nevyhnutn\u00e9 spr\u00e1vne zarovnanie valca a na jeho upevnenie sa odpor\u00fa\u010da pou\u017eitie vhodn\u00fdch mont\u00e1\u017enych konzol. Poskytuj\u00fa sa odpor\u00fa\u010dan\u00e9 postupy kontroly, opravy a v\u00fdmeny spolu s v\u00fdmenou dielov a slu\u017ebami repase, aby sa pred\u013a\u017eila \u017eivotnos\u0165 valca s vedro.<\/p>\n<p><img decoding=\"async\" src=\"https:\/\/www.hydraulic-cylinders.net\/wp-content\/uploads\/2025\/01\/songte-chushion-collar.webp\" alt=\"Valec vedra pre stredn\u00e9 r\u00fdpadlo Case CX21B-EM\"><\/p>\n<h2>Bezpe\u010dnostn\u00e9 aspekty a faktory prostredia<\/h2>\n<p>Pri pou\u017e\u00edvan\u00ed valca s vedro s\u00fa bezpe\u010dnostn\u00e9 opatrenia nevyhnutn\u00e9 vr\u00e1tane spr\u00e1vnej in\u0161tal\u00e1cie, \u00fadr\u017eby a opr\u00e1v. Pravideln\u00e9 kontroly, vhodn\u00e9 mazanie, v\u00fdmena tesnen\u00ed a kalibra\u010dn\u00e9 kontroly sa vykon\u00e1vaj\u00fa s cie\u013eom minimalizova\u0165 potenci\u00e1lny vplyv na \u017eivotn\u00e9 prostredie.<\/p>\n<h2>Diagnostika a rie\u0161enie be\u017en\u00fdch por\u00fach<\/h2>\n<p>Medzi be\u017en\u00e9 probl\u00e9my s valcami vediek patria netesnosti, nedostato\u010dn\u00e1 alebo pomal\u00e1 prev\u00e1dzka a nezvy\u010dajn\u00e9 zvuky. \u010citate\u013eom s\u00fa poskytnut\u00e9 tipy a rie\u0161enia probl\u00e9mov, ktor\u00e9 im pom\u00f4\u017eu efekt\u00edvne diagnostikova\u0165 a rie\u0161i\u0165 probl\u00e9my. Na minimaliz\u00e1ciu potenci\u00e1lnych probl\u00e9mov s\u00fa navrhnut\u00e9 prevent\u00edvne opatrenia.<\/p>\n<p><img decoding=\"async\" src=\"https:\/\/www.hydraulic-cylinders.net\/wp-content\/uploads\/2025\/01\/songte-bushings-with-all-kinds-of-excavator-models.webp\" alt=\"Valec vedra pre stredn\u00e9 r\u00fdpadlo Case CX21B-EM\"><\/p>\n<h2>O n\u00e1s<\/h2>\n<p>Sme v\u00fdrobcom n\u00e1hradn\u00fdch hydraulick\u00fdch valcov s kompletn\u00fdm sortimentom produktov, ktor\u00fd sa stal jedn\u00fdm z popredn\u00fdch v\u00fdrobcov a ve\u013ekoobchodn\u00fdch distrib\u00fatorov hydraulick\u00fdch valcov na dom\u00e1com aj medzin\u00e1rodnom trhu. Dodr\u017eiavame princ\u00edp excelentnosti v kvalite a spoliehame sa na strat\u00e9gie riadenia priemyselnej v\u00fdroby v na\u0161ich prec\u00edzne spracovan\u00fdch diel\u0148ach, pri\u010dom neust\u00e1le zlep\u0161ujeme na\u0161u v\u00fdrobn\u00fa platformu a zdokona\u013eujeme na\u0161u cestu kvality v\u00fdroby s vyu\u017eit\u00edm technick\u00fdch talentov, digitalizovan\u00fdch \u0161pi\u010dkov\u00fdch v\u00fdrobn\u00fdch zariaden\u00ed a profesion\u00e1lnych testovac\u00edch syst\u00e9mov. M\u00e1me sol\u00eddne kreat\u00edvne schopnosti a dok\u00e1\u017eeme uspokoji\u0165 rozmanit\u00e9 po\u017eiadavky z\u00e1kazn\u00edkov s princ\u00edpmi vysokej efektivity, vysokej presnosti a vysokej kvality.<\/p>\n<p><img decoding=\"async\" src=\"https:\/\/hzpt.com\/wp-content\/uploads\/2024\/11\/songte-company-1.webp\" alt=\"Valec vedra pre stredn\u00e9 r\u00fdpadlo Case CX21B-EM\"><\/p>\n<h3>Profesionalita<\/h3>\n<p>Pon\u00fakame profesion\u00e1lne rie\u0161enia pre hydraulick\u00e9 valce pre na\u0161ich z\u00e1kazn\u00edkov.<\/p>\n<h3>Medzin\u00e1rodn\u00e1 certifik\u00e1cia<\/h3>\n<p>Na\u0161e v\u00fdrobky s\u00fa certifikovan\u00e9 pod\u013ea medzin\u00e1rodn\u00fdch noriem ako ISO9001 a CE.<\/p>\n<h3>Slu\u017eby prisp\u00f4sobenia<\/h3>\n<p>Pon\u00fakame slu\u017eby prisp\u00f4sobenia, aby sme splnili \u0161pecifick\u00e9 potreby na\u0161ich z\u00e1kazn\u00edkov.<\/p>\n<h3>V\u00fdrobn\u00e9 zariadenia<\/h3>\n<p>Pou\u017e\u00edvame najmodernej\u0161ie v\u00fdrobn\u00e9 zariadenia, aby sme zabezpe\u010dili kvalitu v\u00fdrobkov.<\/p>\n<h3>Popredajn\u00fd servis<\/h3>\n<p>Na\u0161im z\u00e1kazn\u00edkom poskytujeme komplexn\u00fd popredajn\u00fd servis a technick\u00fa podporu.<\/p>\n<p>Autor: lyl<\/p>","protected":false},"excerpt":{"rendered":"<p>Bucket Cylinder For Case Middle Excavator CX21B-EM Introduction The bucket cylinder for Case middle excavator CX21B-EM is a specially designed hydraulic cylinder used primarily to control the movement of the bucket in heavy machinery such as excavators, backhoe excavators, and front-end loaders. Its primary function is to allow the bucket to lift, lower, and tilt, [&hellip;]<\/p>","protected":false},"featured_media":14782,"comment_status":"open","ping_status":"closed","template":"","meta":{"_et_pb_use_builder":"","_et_pb_old_content":"","_et_gb_content_width":""},"product_brand":[],"product_cat":[1494],"product_tag":[1495,1496],"class_list":{"0":"post-15722","1":"product","2":"type-product","3":"status-publish","4":"has-post-thumbnail","6":"product_cat-bucket-cylinders","7":"product_tag-bucket-cylinders","8":"product_tag-hydraulic-cylinders","10":"first","11":"instock","12":"shipping-taxable","13":"product-type-simple"},"amp_enabled":true,"_links":{"self":[{"href":"https:\/\/www.hydraulic-cylinders.net\/sk\/wp-json\/wp\/v2\/product\/15722","targetHints":{"allow":["GET"]}}],"collection":[{"href":"https:\/\/www.hydraulic-cylinders.net\/sk\/wp-json\/wp\/v2\/product"}],"about":[{"href":"https:\/\/www.hydraulic-cylinders.net\/sk\/wp-json\/wp\/v2\/types\/product"}],"replies":[{"embeddable":true,"href":"https:\/\/www.hydraulic-cylinders.net\/sk\/wp-json\/wp\/v2\/comments?post=15722"}],"wp:featuredmedia":[{"embeddable":true,"href":"https:\/\/www.hydraulic-cylinders.net\/sk\/wp-json\/wp\/v2\/media\/14782"}],"wp:attachment":[{"href":"https:\/\/www.hydraulic-cylinders.net\/sk\/wp-json\/wp\/v2\/media?parent=15722"}],"wp:term":[{"taxonomy":"product_brand","embeddable":true,"href":"https:\/\/www.hydraulic-cylinders.net\/sk\/wp-json\/wp\/v2\/product_brand?post=15722"},{"taxonomy":"product_cat","embeddable":true,"href":"https:\/\/www.hydraulic-cylinders.net\/sk\/wp-json\/wp\/v2\/product_cat?post=15722"},{"taxonomy":"product_tag","embeddable":true,"href":"https:\/\/www.hydraulic-cylinders.net\/sk\/wp-json\/wp\/v2\/product_tag?post=15722"}],"curies":[{"name":"pracovn\u00fd list","href":"https:\/\/api.w.org\/{rel}","templated":true}]}}