{"id":15723,"date":"2025-01-19T14:53:36","date_gmt":"2025-01-19T14:53:36","guid":{"rendered":"https:\/\/www.hydraulic-cylinders.net\/product\/bucket-cylinder-for-case-middle-excavator-cx220b\/"},"modified":"2025-01-19T14:53:38","modified_gmt":"2025-01-19T14:53:38","slug":"bucket-cylinder-for-case-middle-excavator-cx220b","status":"publish","type":"product","link":"https:\/\/www.hydraulic-cylinders.net\/sk\/produkt\/bucket-cylinder-for-case-middle-excavator-cx220b\/","title":{"rendered":"Valec vedra pre stredn\u00fd bager Case CX220B"},"content":{"rendered":"<h2>Valec vedra pre stredn\u00fd bager Case CX220B<\/h2>\n<p>Hydraulick\u00fd valec ly\u017eice pre r\u00fdpadlo Case CX220B je hydraulick\u00fd valec \u0161peci\u00e1lne navrhnut\u00fd na ovl\u00e1danie pohybu ly\u017eice v \u0165a\u017ek\u00fdch strojoch, ako s\u00fa r\u00fdpadl\u00e1, r\u00fdpadlo-naklada\u010de a \u010deln\u00e9 naklada\u010de. Jeho hlavnou funkciou je umo\u017eni\u0165 zdv\u00edhanie, sp\u00fa\u0161\u0165anie a nakl\u00e1\u0148anie ly\u017eice, \u010do u\u013eah\u010duje r\u00f4zne \u00falohy manipul\u00e1cie s materi\u00e1lom. V hydraulickom syst\u00e9me dosahuje valec ly\u017eice presn\u00e9 ovl\u00e1danie ly\u017eice pomocou zmeny tlaku hydraulick\u00e9ho oleja, \u010do umo\u017e\u0148uje obsluhe efekt\u00edvne manipulova\u0165 s \u0165a\u017ek\u00fdmi bremenami a prisp\u00f4sobi\u0165 sa zlo\u017eit\u00fdm pracovn\u00fdm prostrediam a r\u00f4znorod\u00fdm po\u017eiadavk\u00e1m na pr\u00e1cu.<\/p>\n<p><img decoding=\"async\" src=\"https:\/\/www.hydraulic-cylinders.net\/wp-content\/uploads\/2025\/01\/songte-company-2.webp\" alt=\"Obr\u00e1zok valca vedra\"><\/p>\n<h3>Vlastnosti valca vedra pre stredn\u00fd bager Case CX220B<\/h3>\n<ol>\n<li><strong>Vysok\u00e1 pevnos\u0165 a odolnos\u0165:<\/strong> Zvy\u010dajne je vyroben\u00fd z vysokopevnostnej ocele alebo hlin\u00edka, tak\u017ee odol\u00e1 vysok\u00e9mu tlaku a \u0165a\u017ek\u00fdm za\u0165a\u017eeniam, \u010d\u00edm sa prisp\u00f4sob\u00ed n\u00e1ro\u010dn\u00fdm pracovn\u00fdm podmienkam. Kon\u0161trukcia zoh\u013ead\u0148uje odolnos\u0165 vo\u010di opotrebovaniu a kor\u00f3zii, \u010d\u00edm sa predl\u017euje jeho \u017eivotnos\u0165.<\/li>\n<li><strong>Efekt\u00edvna hydraulick\u00e1 prev\u00e1dzka:<\/strong> V\u010faka tlaku hydraulick\u00e9ho oleja dosahuje plynul\u00e9 vys\u00favanie a zas\u00favanie, \u010d\u00edm poskytuje r\u00fdchlu odozvu na ovl\u00e1dacie povely a dod\u00e1va siln\u00e9 tla\u010dn\u00e9 a \u0165a\u017en\u00e9 sily, vhodn\u00e9 na manipul\u00e1ciu s \u0165a\u017ek\u00fdmi bremenami a zlo\u017eit\u00fdmi \u00falohami.<\/li>\n<li><strong>R\u00f4zne typy:<\/strong> Valce kor\u010dekov je mo\u017en\u00e9 zvoli\u0165 ako jedno\u010dinn\u00e9 (hydraulick\u00fd pohon sa pou\u017e\u00edva iba v jednom smere) alebo dvoj\u010dinn\u00e9 (hydraulick\u00fd pohon sa pou\u017e\u00edva v oboch smeroch). Niektor\u00e9 modely s\u00fa teleskopick\u00e9, \u010do umo\u017e\u0148uje v\u00e4\u010d\u0161ie vysunutie bez zv\u00e4\u010d\u0161enia vonkaj\u0161\u00edch rozmerov, v\u010faka \u010domu s\u00fa vhodn\u00e9 pre aplik\u00e1cie s obmedzen\u00fdm priestorom.<\/li>\n<li><strong>Dokonal\u00e1 n\u00e1hrada:<\/strong> Na\u0161e produkty dok\u00e1\u017eu dokonale nahradi\u0165 tieto hydraulick\u00e9 valce.<\/li>\n<\/ol>\n<p><img decoding=\"async\" src=\"https:\/\/www.hydraulic-cylinders.net\/wp-content\/uploads\/2025\/01\/songte-cylinder-head-with-all-kinds-excavator-models.webp\" alt=\"Obr\u00e1zok aplik\u00e1cie valca vedra\"><\/p>\n<h3>Pou\u017eitie valca vedra pre stredn\u00fd bager Case CX220B<\/h3>\n<ul>\n<li><strong>Stavebn\u00e9 vybavenie:<\/strong> Nach\u00e1dzaj\u00fa sa v bagroch a s\u00fa nevyhnutn\u00e9 na kopanie, nakladanie a premiest\u0148ovanie zeminy alebo sutiny. V r\u00fdpadlo-naklada\u010doch pom\u00e1ha valec ly\u017eice pri v\u00fdkopov\u00fdch pr\u00e1cach aj zdv\u00edhan\u00ed.<\/li>\n<li><strong>Po\u013enohospod\u00e1rske stroje:<\/strong> Pou\u017e\u00edva sa v \u010deln\u00fdch naklada\u010doch na naberanie, zdv\u00edhanie a prepravu p\u00f4dy, sena a in\u00fdch materi\u00e1lov.<\/li>\n<li><strong>R\u00fdpadl\u00e1:<\/strong> Valec ly\u017eice umo\u017e\u0148uje kopanie t\u00fdm, \u017ee umo\u017e\u0148uje ly\u017eici prenikn\u00fa\u0165 do p\u00f4dy.<\/li>\n<li><strong>Naklada\u010de:<\/strong> V \u010deln\u00fdch naklada\u010doch pom\u00e1haj\u00fa pri efekt\u00edvnom zdv\u00edhan\u00ed a vykladan\u00ed tovaru.<\/li>\n<\/ul>\n<h3>\u00davahy o dizajne a krit\u00e9ri\u00e1 v\u00fdberu<\/h3>\n<ol>\n<li><strong>Nosnos\u0165:<\/strong> Kon\u0161trukcia zoh\u013ead\u0148uje schopnos\u0165 valca odol\u00e1va\u0165 zam\u00fd\u0161\u013ean\u00e9mu za\u0165a\u017eeniu bez poruchy.<\/li>\n<li><strong>Tesnenie:<\/strong> Pou\u017e\u00edvaj\u00fa sa r\u00f4zne tesniace komponenty, ako s\u00fa tesnenia piestov a tesnenia ty\u010d\u00ed. Tieto tesnenia s\u00fa vyroben\u00e9 z materi\u00e1lov odoln\u00fdch vo\u010di opotrebovaniu, ako je polyuret\u00e1n a nitrilov\u00fd kau\u010duk. Teleso valca a z\u00e1vitov\u00e9 konce prech\u00e1dzaj\u00fa d\u00f4kladnou povrchovou \u00fapravou, aby sa zlep\u0161ila odolnos\u0165 proti opotrebovaniu.<\/li>\n<li><strong>Trvanlivos\u0165:<\/strong> Cie\u013eom kon\u0161trukcie je zabezpe\u010di\u0165 dlh\u00fa \u017eivotnos\u0165 valca aj v n\u00e1ro\u010dn\u00fdch prev\u00e1dzkov\u00fdch podmienkach.<\/li>\n<li><strong>Bezpe\u010dnos\u0165:<\/strong> Bezpe\u010dnostn\u00e9 prvky s\u00fa zabudovan\u00e9 na predch\u00e1dzanie nehod\u00e1m a zaistenie ochrany obsluhy.<\/li>\n<li><strong>Udr\u017eiavate\u013enos\u0165:<\/strong> Zoh\u013ead\u0148uje sa jednoduchos\u0165 \u00fadr\u017eby a opravy, \u010do umo\u017e\u0148uje pohodln\u00fd servis.<\/li>\n<\/ol>\n<p><img decoding=\"async\" src=\"https:\/\/www.hydraulic-cylinders.net\/wp-content\/uploads\/2025\/01\/songte-oil-pipes-and-spare-parts.webp\" alt=\"Obr\u00e1zok n\u00e1vrhu valca vedra\"><\/p>\n<h3>Tesnenie a mazanie valca vedra<\/h3>\n<p>Valec kor\u010deka vyu\u017e\u00edva r\u00f4zne tesniace komponenty vr\u00e1tane tesnen\u00ed piestov, tesnen\u00ed ty\u010d\u00ed at\u010f. Tieto tesnenia s\u00fa vybran\u00e9 z materi\u00e1lov odoln\u00fdch vo\u010di opotrebovaniu, ako je polyuret\u00e1n a nitrilov\u00fd kau\u010duk. Teleso valca a z\u00e1vitov\u00e9 konce s\u00fa jemne o\u0161etren\u00e9, aby sa zlep\u0161ila odolnos\u0165 vo\u010di opotrebovaniu. Pravideln\u00e9 mazanie je nevyhnutn\u00e9 a na \u00fa\u010dely mazania sa odpor\u00fa\u010da primeran\u00e9 mno\u017estvo hydraulick\u00e9ho oleja.<\/p>\n<h3>Pravideln\u00e1 kontrola a opatrenia prevent\u00edvnej \u00fadr\u017eby<\/h3>\n<ul>\n<li>Pravidelne kontrolujte valec, \u010di nevykazuje zn\u00e1mky \u00faniku, po\u0161kodenia alebo opotrebovania.<\/li>\n<li>Zabezpe\u010dte spr\u00e1vne mazanie v\u0161etk\u00fdch pohybliv\u00fdch \u010dast\u00ed.<\/li>\n<li>Pod\u013ea potreby vyme\u0148te tesnenia a in\u00e9 opotrebovan\u00e9 komponenty.<\/li>\n<li>Vykonajte kalibra\u010dn\u00e9 kontroly, aby ste zabezpe\u010dili optim\u00e1lny v\u00fdkon.<\/li>\n<\/ul>\n<h3>Sprievodca spr\u00e1vnou in\u0161tal\u00e1ciou<\/h3>\n<p>Pri in\u0161tal\u00e1cii valca s vedrom je d\u00f4le\u017eit\u00e9 ho spr\u00e1vne zarovna\u0165. Spr\u00e1vne zarovnanie je mo\u017en\u00e9 dosiahnu\u0165 pou\u017eit\u00edm vhodn\u00fdch mont\u00e1\u017enych podpier na upevnenie valca na mieste. Odpor\u00fa\u010da sa dodr\u017eiava\u0165 odpor\u00fa\u010dan\u00e9 postupy kontroly, opravy a v\u00fdmeny. Poskytujeme tie\u017e n\u00e1hradn\u00e9 diely a slu\u017eby rekon\u0161trukcie, aby sme pred\u013a\u017eili \u017eivotnos\u0165 valca s vedrom.<\/p>\n<p><img decoding=\"async\" src=\"https:\/\/www.hydraulic-cylinders.net\/wp-content\/uploads\/2025\/01\/songte-chushion-collar.webp\" alt=\"Obr\u00e1zok in\u0161tal\u00e1cie valca vedra\"><\/p>\n<h3>Bezpe\u010dnostn\u00e9 aspekty a faktory prostredia<\/h3>\n<p>Pri pou\u017e\u00edvan\u00ed valca s vedrom je d\u00f4le\u017eit\u00e9 dodr\u017eiava\u0165 bezpe\u010dnostn\u00e9 opatrenia, aby sa predi\u0161lo nehod\u00e1m a zaistila sa bezpe\u010dnos\u0165 obsluhy. Bezpe\u010dnos\u0165 by mala by\u0165 v\u017edy najvy\u0161\u0161ou prioritou pri pr\u00e1ci s hydraulick\u00fdm zariaden\u00edm.<\/p>\n<h3>Diagnostika por\u00fach a be\u017en\u00e9 probl\u00e9my<\/h3>\n<p>V pr\u00edpade por\u00fach alebo probl\u00e9mov je nevyhnutn\u00e9 presne diagnostikova\u0165 probl\u00e9m. Poskytnutie tipov a rie\u0161en\u00ed probl\u00e9mov m\u00f4\u017ee \u010ditate\u013eom pom\u00f4c\u0165 efekt\u00edvne diagnostikova\u0165 a rie\u0161i\u0165 probl\u00e9my. Okrem toho, navrhnutie prevent\u00edvnych opatren\u00ed m\u00f4\u017ee pom\u00f4c\u0165 minimalizova\u0165 potenci\u00e1lne probl\u00e9my.<\/p>\n<p><img decoding=\"async\" src=\"https:\/\/www.hydraulic-cylinders.net\/wp-content\/uploads\/2025\/01\/songte-bushings-with-all-kinds-of-excavator-models.webp\" alt=\"Obr\u00e1zok por\u00fach valca vedra\"><\/p>\n<p>Nezabudnite \u010dl\u00e1nok logicky usporiada\u0165, pre jednoduch\u0161iu navig\u00e1ciu pou\u017e\u00edva\u0165 podnadpisy, pre lep\u0161ie pochopenie zahrn\u00fa\u0165 relevantn\u00e9 obr\u00e1zky alebo grafy a zabezpe\u010di\u0165, aby bol obsah jasn\u00fd, stru\u010dn\u00fd a vhodn\u00fd pre \u010ditate\u013eov s r\u00f4znymi \u00farov\u0148ami technick\u00fdch znalost\u00ed.<\/p>\n<h2>O na\u0161ej spolo\u010dnosti<\/h2>\n<p>Sme v\u00fdrobcom n\u00e1hradn\u00fdch hydraulick\u00fdch valcov a jedn\u00fdm z popredn\u00fdch v\u00fdrobcov a ve\u013ekoobchodn\u00edkov s hydraulick\u00fdmi valcami na dom\u00e1com aj medzin\u00e1rodnom trhu. Dodr\u017eiavame princ\u00edpy excelentnosti a spoliehame sa na industrializovan\u00e9 strat\u00e9gie riadenia v\u00fdroby v na\u0161ej prec\u00edzne spracovanej v\u00fdrobnej dielni. Na\u0161a spolo\u010dnos\u0165 neust\u00e1le zlep\u0161uje na\u0161u v\u00fdrobn\u00fa platformu, zdokona\u013euje postupy zabezpe\u010dovania kvality v\u00fdroby a m\u00e1 siln\u00e9 inovat\u00edvne schopnosti. Sna\u017e\u00edme sa uspokoji\u0165 rozmanit\u00e9 potreby na\u0161ich z\u00e1kazn\u00edkov s vysokou efektivitou, vysokou presnos\u0165ou a princ\u00edpmi vysokej kvality.<\/p>\n<p><img decoding=\"async\" src=\"https:\/\/www.hydraulic-cylinders.net\/wp-content\/uploads\/2025\/01\/songte-company-3.webp\" alt=\"Obr\u00e1zok spolo\u010dnosti\"><\/p>\n<h3>K\u013e\u00fa\u010dov\u00e9 prednosti na\u0161ej spolo\u010dnosti<\/h3>\n<ul>\n<li>Profesionalita: V ka\u017edom aspekte na\u0161ej \u010dinnosti uprednost\u0148ujeme profesionalitu.<\/li>\n<li>Medzin\u00e1rodn\u00e9 certifik\u00e1cie: Na\u0161e v\u00fdrobky sp\u013a\u0148aj\u00fa medzin\u00e1rodn\u00e9 \u0161tandardy kvality a bezpe\u010dnosti.<\/li>\n<li>Slu\u017eby prisp\u00f4sobenia: Pon\u00fakame rie\u0161enia na mieru, ktor\u00e9 sp\u013a\u0148aj\u00fa \u0161pecifick\u00e9 po\u017eiadavky.<\/li>\n<li>Pokro\u010dil\u00e9 v\u00fdrobn\u00e9 zariadenia: Na\u0161e v\u00fdrobn\u00e9 zariadenia s\u00fa vybaven\u00e9 najmodernej\u0161\u00edmi strojmi.<\/li>\n<li>Popredajn\u00fd servis: Na\u0161im v\u00e1\u017een\u00fdm z\u00e1kazn\u00edkom poskytujeme komplexn\u00fa popredajn\u00fa podporu.<\/li>\n<\/ul>\n<p>Autor: lyl<\/p>\n<p><img decoding=\"async\" src=\"https:\/\/hzpt.com\/wp-content\/uploads\/2024\/11\/songte-company-1.webp\" alt=\"Obr\u00e1zok spolo\u010dnosti\"><\/p>","protected":false},"excerpt":{"rendered":"<p>Bucket Cylinder For Case Middle Excavator CX220B Bucket Cylinder for Case Middle Excavator CX220B is a hydraulic cylinder specifically designed to control the movement of the bucket in heavy machinery such as excavators, backhoe loaders, and front loaders. Its main function is to enable the bucket to lift, lower, and tilt, facilitating various material handling [&hellip;]<\/p>","protected":false},"featured_media":14780,"comment_status":"open","ping_status":"closed","template":"","meta":{"_et_pb_use_builder":"","_et_pb_old_content":"","_et_gb_content_width":""},"product_brand":[],"product_cat":[1494],"product_tag":[1495,1496],"class_list":{"0":"post-15723","1":"product","2":"type-product","3":"status-publish","4":"has-post-thumbnail","6":"product_cat-bucket-cylinders","7":"product_tag-bucket-cylinders","8":"product_tag-hydraulic-cylinders","10":"first","11":"instock","12":"shipping-taxable","13":"product-type-simple"},"amp_enabled":true,"_links":{"self":[{"href":"https:\/\/www.hydraulic-cylinders.net\/sk\/wp-json\/wp\/v2\/product\/15723","targetHints":{"allow":["GET"]}}],"collection":[{"href":"https:\/\/www.hydraulic-cylinders.net\/sk\/wp-json\/wp\/v2\/product"}],"about":[{"href":"https:\/\/www.hydraulic-cylinders.net\/sk\/wp-json\/wp\/v2\/types\/product"}],"replies":[{"embeddable":true,"href":"https:\/\/www.hydraulic-cylinders.net\/sk\/wp-json\/wp\/v2\/comments?post=15723"}],"wp:featuredmedia":[{"embeddable":true,"href":"https:\/\/www.hydraulic-cylinders.net\/sk\/wp-json\/wp\/v2\/media\/14780"}],"wp:attachment":[{"href":"https:\/\/www.hydraulic-cylinders.net\/sk\/wp-json\/wp\/v2\/media?parent=15723"}],"wp:term":[{"taxonomy":"product_brand","embeddable":true,"href":"https:\/\/www.hydraulic-cylinders.net\/sk\/wp-json\/wp\/v2\/product_brand?post=15723"},{"taxonomy":"product_cat","embeddable":true,"href":"https:\/\/www.hydraulic-cylinders.net\/sk\/wp-json\/wp\/v2\/product_cat?post=15723"},{"taxonomy":"product_tag","embeddable":true,"href":"https:\/\/www.hydraulic-cylinders.net\/sk\/wp-json\/wp\/v2\/product_tag?post=15723"}],"curies":[{"name":"pracovn\u00fd list","href":"https:\/\/api.w.org\/{rel}","templated":true}]}}