{"id":15727,"date":"2025-01-19T14:53:58","date_gmt":"2025-01-19T14:53:58","guid":{"rendered":"https:\/\/www.hydraulic-cylinders.net\/product\/bucket-cylinder-for-case-large-excavator-cx360b\/"},"modified":"2025-01-19T14:54:00","modified_gmt":"2025-01-19T14:54:00","slug":"bucket-cylinder-for-case-large-excavator-cx360b","status":"publish","type":"product","link":"https:\/\/www.hydraulic-cylinders.net\/sk\/produkt\/bucket-cylinder-for-case-large-excavator-cx360b\/","title":{"rendered":"Valec vedra pre ve\u013ek\u00e9 r\u00fdpadlo CX360B"},"content":{"rendered":"<h1>Valec vedra pre ve\u013ek\u00e9 r\u00fdpadlo CX360B<\/h1>\n<h2>\u00davod<\/h2>\n<h3>Defin\u00edcia<\/h3>\n<p>Hydraulick\u00fd valec ly\u017eice je \u0161pecializovan\u00fd hydraulick\u00fd valec pou\u017e\u00edvan\u00fd predov\u0161etk\u00fdm na ovl\u00e1danie pohybu ly\u017eice v \u0165a\u017ek\u00fdch strojoch, ako s\u00fa bagre, r\u00fdpadl\u00e1-naklada\u010de a \u010deln\u00e9 naklada\u010de. Jeho hlavnou funkciou je umo\u017eni\u0165 zdv\u00edhanie, sp\u00fa\u0161\u0165anie a nakl\u00e1\u0148anie ly\u017eice, \u010d\u00edm u\u013eah\u010duje r\u00f4zne \u00falohy manipul\u00e1cie s materi\u00e1lom. V hydraulickom syst\u00e9me dosahuje valec ly\u017eice presn\u00e9 ovl\u00e1danie pohybu ly\u017eice prostredn\u00edctvom zmien tlaku hydraulick\u00e9ho oleja, \u010do umo\u017e\u0148uje obsluhe efekt\u00edvne manipulova\u0165 s \u0165a\u017ek\u00fdmi bremenami a prisp\u00f4sobi\u0165 sa zlo\u017eit\u00fdm pracovn\u00fdm prostrediam a r\u00f4znorod\u00fdm po\u017eiadavk\u00e1m pr\u00e1ce.<\/p>\n<p><img decoding=\"async\" src=\"https:\/\/www.hydraulic-cylinders.net\/wp-content\/uploads\/2025\/01\/songte-company-2.webp\" alt=\"Obr\u00e1zok valca vedra\"><\/p>\n<h3>Funkcie<\/h3>\n<ul>\n<li>Vysok\u00e1 pevnos\u0165 a odolnos\u0165: Zvy\u010dajne s\u00fa vyroben\u00e9 z vysokopevnostnej ocele alebo hlin\u00edka, schopn\u00e9 odol\u00e1va\u0165 vysok\u00e9mu tlaku a \u0165a\u017ek\u00fdm za\u0165a\u017eeniam a s\u00fa navrhnut\u00e9 s oh\u013eadom na odolnos\u0165 vo\u010di opotrebovaniu a kor\u00f3zii, \u010d\u00edm sa predl\u017euje \u017eivotnos\u0165.<\/li>\n<li>Efekt\u00edvna hydraulick\u00e1 prev\u00e1dzka: Vyu\u017eitie tlaku hydraulick\u00e9ho oleja na dosiahnutie plynul\u00e9ho pohybu vys\u00favania a zas\u00favania, schopnos\u0165 r\u00fdchlo reagova\u0165 na ovl\u00e1dacie povely, poskytovanie siln\u00fdch tla\u010dn\u00fdch a \u0165a\u017en\u00fdch s\u00edl, vhodn\u00e9 na manipul\u00e1ciu s \u0165a\u017ek\u00fdmi bremenami a zlo\u017eit\u00e9 prev\u00e1dzkov\u00e9 \u00falohy.<\/li>\n<li>R\u00f4zne typy: Jedno\u010dinn\u00e9 (pou\u017e\u00edvaj\u00face hydraulick\u00fa kvapalinu iba v jednom smere) alebo dvoj\u010dinn\u00e9 (pou\u017e\u00edvaj\u00face hydraulick\u00fa kvapalinu v oboch smeroch) valce je mo\u017en\u00e9 zvoli\u0165 pod\u013ea potrieb, aby sa splnili r\u00f4zne prev\u00e1dzkov\u00e9 po\u017eiadavky. Niektor\u00e9 modely s\u00fa teleskopick\u00e9, \u010do umo\u017e\u0148uje v\u00e4\u010d\u0161ie vysunutie bez zv\u00e4\u010d\u0161enia vonkaj\u0161\u00edch rozmerov, vhodn\u00e9 pre aplik\u00e1cie s obmedzen\u00fdm priestorom.<\/li>\n<li>Na\u0161e produkty dok\u00e1\u017eu dokonale nahradi\u0165 tieto hydraulick\u00e9 valce.<\/li>\n<li>Navrhnut\u00e9 a vyroben\u00e9 tak, aby sp\u013a\u0148ali alebo prekra\u010dovali \u0161pecifik\u00e1cie OEM.<\/li>\n<\/ul>\n<p><img decoding=\"async\" src=\"https:\/\/www.hydraulic-cylinders.net\/wp-content\/uploads\/2025\/01\/songte-cylinder-head-with-all-kinds-excavator-models.webp\" alt=\"V\u00fdmena valca vedra\"><\/p>\n<h3>Aplik\u00e1cie<\/h3>\n<h4>Stavebn\u00e9 zariadenia:<\/h4>\n<p>Nach\u00e1dzaj\u00fa sa v bagroch a s\u00fa nevyhnutn\u00e9 na kopanie, nakladanie a premiest\u0148ovanie zeminy alebo sutiny. V r\u00fdpadlo-naklada\u010doch pom\u00e1haj\u00fa valce ko\u0161\u00edkov pri kopan\u00ed aj zdv\u00edhan\u00ed.<\/p>\n<h4>Po\u013enohospod\u00e1rske stroje:<\/h4>\n<p>Pou\u017e\u00edva sa pre \u010deln\u00e9 naklada\u010de, naberanie, zdv\u00edhanie a prepravu p\u00f4dy, sena a in\u00fdch materi\u00e1lov. <\/p>\n<h4>R\u00fdpadl\u00e1:<\/h4>\n<p>Valec vedra umo\u017e\u0148uje vedru prenikn\u00fa\u0165 do p\u00f4dy a vykon\u00e1va\u0165 v\u00fdkopov\u00e9 pr\u00e1ce.<\/p>\n<h4>Naklada\u010de:<\/h4>\n<p>V \u010deln\u00fdch naklada\u010doch pom\u00e1haj\u00fa s efekt\u00edvnym zdv\u00edhan\u00edm a nakl\u00e1\u0148an\u00edm tovaru.<\/p>\n<h3>\u00davahy o dizajne a krit\u00e9ri\u00e1 v\u00fdberu<\/h3>\n<h4>Nosnos\u0165<\/h4>\n<p>Nosnos\u0165 valca s vedrom je nevyhnutn\u00e1 a mala by sa zoh\u013eadni\u0165 pri v\u00fdbere valca. Valec mus\u00ed by\u0165 schopn\u00fd odola\u0165 za\u0165a\u017eeniu, ktor\u00e9 m\u00e1 nies\u0165.<\/p>\n<h4>Tesnenie<\/h4>\n<p>Tesnenie valca je k\u013e\u00fa\u010dov\u00e9 pre zabezpe\u010denie toho, aby hydraulick\u00e1 kvapalina bola zadr\u017ean\u00e1 a neunikala z valca. Odpor\u00fa\u010da sa pou\u017eitie polyuret\u00e1nu a nitrilov\u00e9ho kau\u010duku ako materi\u00e1lov odoln\u00fdch vo\u010di opotrebovaniu pre tesnenia piestov a ty\u010d\u00ed.<\/p>\n<h4>Trvanlivos\u0165<\/h4>\n<p>Trvanlivos\u0165 valca je z\u00e1kladn\u00fdm faktorom pri jeho kon\u0161trukcii. Valec mus\u00ed odol\u00e1va\u0165 n\u00e1ro\u010dn\u00fdm prev\u00e1dzkov\u00fdm podmienkam a by\u0165 odoln\u00fd vo\u010di opotrebovaniu a kor\u00f3zii.<\/p>\n<h4>Bezpe\u010dnos\u0165<\/h4>\n<p>Pri navrhovan\u00ed vedrovej valcovej f\u013ea\u0161e je d\u00f4le\u017eit\u00e9 starostlivo zv\u00e1\u017ei\u0165 bezpe\u010dnos\u0165. Valec by mal by\u0165 navrhnut\u00fd s bezpe\u010dnostn\u00fdmi prvkami, ako s\u00fa pretlakov\u00e9 ventily, ktor\u00e9 m\u00f4\u017eu zabr\u00e1ni\u0165 pre\u0165a\u017eeniu a tlakov\u00fdm r\u00e1zom.<\/p>\n<h4>Udr\u017eiavate\u013enos\u0165<\/h4>\n<p>F\u013ea\u0161a by mala by\u0165 navrhnut\u00e1 pre jednoduch\u00fa \u00fadr\u017ebu. Komponenty valca by mali by\u0165 \u013eahko pr\u00edstupn\u00e9 a vymenite\u013en\u00e9 a valec by mal by\u0165 navrhnut\u00fd tak, aby sa u\u013eah\u010dila kontrola a \u00fadr\u017eba.<\/p>\n<p><img decoding=\"async\" src=\"https:\/\/www.hydraulic-cylinders.net\/wp-content\/uploads\/2025\/01\/songte-oil-pipes-and-spare-parts.webp\" alt=\"N\u00e1hradn\u00e9 diely pre valce vedra\"><\/p>\n<h3>Tesnenie a mazanie<\/h3>\n<p>Valec kor\u010deka pou\u017e\u00edva r\u00f4zne tesniace prvky, ako s\u00fa tesnenia piestov a tesnenia ty\u010d\u00ed, aby sa zabezpe\u010dilo, \u017ee hydraulick\u00e1 kvapalina z valca neunik\u00e1. Teleso valca a z\u00e1vitov\u00fd koniec valca prech\u00e1dzaj\u00fa jemn\u00fdm opracovan\u00edm, aby sa zlep\u0161ila odolnos\u0165 vo\u010di opotrebovaniu, a na mazanie je potrebn\u00e9 pravidelne prid\u00e1va\u0165 vhodn\u00e9 mno\u017estvo hydraulick\u00e9ho oleja.<\/p>\n<h3>\u00dadr\u017eba a opravy<\/h3>\n<p>Pravideln\u00e1 kontrola, spr\u00e1vne mazanie, v\u00fdmena tesnen\u00ed a kalibra\u010dn\u00e9 kontroly s\u00fa be\u017en\u00fdmi \u00falohami \u00fadr\u017eby na zabezpe\u010denie optim\u00e1lneho v\u00fdkonu a dlhej \u017eivotnosti. Spr\u00e1vna in\u0161tal\u00e1cia, mazanie a nastavenie s\u00fa kritick\u00e9 a po\u010das in\u0161tal\u00e1cie by sa mali poskytn\u00fa\u0165 pokyny na zarovnanie. Na upevnenie valca sa odpor\u00fa\u010da pou\u017eitie vhodn\u00fdch mont\u00e1\u017enych konzol. Na zv\u00fd\u0161enie odolnosti a dlhej \u017eivotnosti sa poskytuj\u00fa odpor\u00fa\u010dan\u00e9 postupy kontroly, opravy a v\u00fdmeny, ako aj n\u00e1hradn\u00e9 diely a slu\u017eby rekon\u0161trukcie.<\/p>\n<p><img decoding=\"async\" src=\"https:\/\/www.hydraulic-cylinders.net\/wp-content\/uploads\/2025\/01\/songte-chushion-collar.webp\" alt=\"Vank\u00fa\u0161ov\u00fd golier valca vedra\"><\/p>\n<h3>Bezpe\u010dnostn\u00e9 a environment\u00e1lne aspekty<\/h3>\n<p>Kon\u0161trukcia a pou\u017e\u00edvanie valca s vedrom by mala by\u0165 vykonan\u00e1 s oh\u013eadom na bezpe\u010dnos\u0165. Na zaistenie bezpe\u010dnej prev\u00e1dzky by sa mali zavies\u0165 vhodn\u00e9 bezpe\u010dnostn\u00e9 opatrenia, ako s\u00fa pretlakov\u00e9 ventily a ochrana proti pre\u0165a\u017eeniu. Valec by sa mal pou\u017e\u00edva\u0165 v s\u00falade s environment\u00e1lnymi predpismi, aby sa minimalizoval jeho vplyv na \u017eivotn\u00e9 prostredie.<\/p>\n<h3>Diagnostika por\u00fach a be\u017en\u00e9 probl\u00e9my<\/h3>\n<p>Medzi be\u017en\u00e9 probl\u00e9my s valcami vedra patr\u00ed netesnos\u0165, nedostato\u010dn\u00e9 alebo nadmern\u00e9 vys\u00favanie alebo zas\u00favanie a hlu\u010dn\u00e1 prev\u00e1dzka. Na diagnostiku a vyrie\u0161enie ak\u00fdchko\u013evek vzniknut\u00fdch probl\u00e9mov by sa mali pou\u017ei\u0165 spr\u00e1vne techniky rie\u0161enia probl\u00e9mov.<\/p>\n<p><img decoding=\"async\" src=\"https:\/\/www.hydraulic-cylinders.net\/wp-content\/uploads\/2025\/01\/songte-bushings-with-all-kinds-of-excavator-models.webp\" alt=\"Puzdr\u00e1 valcov vedra\"><\/p>\n<h3>O n\u00e1s<\/h3>\n<p>Sme v\u00fdrobcom n\u00e1hradn\u00fdch hydraulick\u00fdch valcov s kompletn\u00fdm sortimentom produktov a stali sme sa jedn\u00fdm z popredn\u00fdch v\u00fdrobcov a ve\u013ekoobchodn\u00fdch distrib\u00fatorov hydraulick\u00fdch valcov na dom\u00e1com aj medzin\u00e1rodnom trhu. Dodr\u017eiavame princ\u00edp excelentnosti v kvalite a spoliehame sa na industrializovan\u00e9 strat\u00e9gie riadenia v\u00fdroby v prec\u00edzne spracovan\u00fdch v\u00fdrobn\u00fdch diel\u0148ach, neust\u00e1le zlep\u0161ujeme v\u00fdrobn\u00fa platformu, zdokona\u013eujeme v\u00fdrobn\u00fa linku kvality produktov a disponujeme siln\u00fdmi kreat\u00edvnymi schopnos\u0165ami na uspokojenie rozmanit\u00fdch potrieb z\u00e1kazn\u00edkov s vysokou \u00fa\u010dinnos\u0165ou, vysokou presnos\u0165ou a vysokou kvalitou.<\/p>\n<h4>\u0160peciality<\/h4>\n<ul>\n<li>Medzin\u00e1rodn\u00e1 certifik\u00e1cia<\/li>\n<li>Slu\u017eby na mieru<\/li>\n<li>Pokro\u010dil\u00e9 v\u00fdrobn\u00e9 zariadenia<\/li>\n<li>Profesion\u00e1lny popredajn\u00fd servis<\/li>\n<\/ul>\n<p><img decoding=\"async\" src=\"https:\/\/www.hydraulic-cylinders.net\/wp-content\/uploads\/2025\/01\/songte-company-3.webp\" alt=\"Obr\u00e1zok spolo\u010dnosti\"><\/p>\n<p>Autor: lyl<\/p>","protected":false},"excerpt":{"rendered":"<p>Bucket Cylinder For Case Large Excavator CX360B Introduction Definition A bucket cylinder is a specialized hydraulic cylinder used primarily for controlling the movement of the bucket in heavy machinery such as excavators, backhoes, and front loaders. Its main function is to allow the bucket to be lifted, lowered, and tilted, thus facilitating various material handling [&hellip;]<\/p>","protected":false},"featured_media":14771,"comment_status":"open","ping_status":"closed","template":"","meta":{"_et_pb_use_builder":"","_et_pb_old_content":"","_et_gb_content_width":""},"product_brand":[],"product_cat":[1494],"product_tag":[1495,1496],"class_list":{"0":"post-15727","1":"product","2":"type-product","3":"status-publish","4":"has-post-thumbnail","6":"product_cat-bucket-cylinders","7":"product_tag-bucket-cylinders","8":"product_tag-hydraulic-cylinders","10":"first","11":"instock","12":"shipping-taxable","13":"product-type-simple"},"amp_enabled":true,"_links":{"self":[{"href":"https:\/\/www.hydraulic-cylinders.net\/sk\/wp-json\/wp\/v2\/product\/15727","targetHints":{"allow":["GET"]}}],"collection":[{"href":"https:\/\/www.hydraulic-cylinders.net\/sk\/wp-json\/wp\/v2\/product"}],"about":[{"href":"https:\/\/www.hydraulic-cylinders.net\/sk\/wp-json\/wp\/v2\/types\/product"}],"replies":[{"embeddable":true,"href":"https:\/\/www.hydraulic-cylinders.net\/sk\/wp-json\/wp\/v2\/comments?post=15727"}],"wp:featuredmedia":[{"embeddable":true,"href":"https:\/\/www.hydraulic-cylinders.net\/sk\/wp-json\/wp\/v2\/media\/14771"}],"wp:attachment":[{"href":"https:\/\/www.hydraulic-cylinders.net\/sk\/wp-json\/wp\/v2\/media?parent=15727"}],"wp:term":[{"taxonomy":"product_brand","embeddable":true,"href":"https:\/\/www.hydraulic-cylinders.net\/sk\/wp-json\/wp\/v2\/product_brand?post=15727"},{"taxonomy":"product_cat","embeddable":true,"href":"https:\/\/www.hydraulic-cylinders.net\/sk\/wp-json\/wp\/v2\/product_cat?post=15727"},{"taxonomy":"product_tag","embeddable":true,"href":"https:\/\/www.hydraulic-cylinders.net\/sk\/wp-json\/wp\/v2\/product_tag?post=15727"}],"curies":[{"name":"pracovn\u00fd list","href":"https:\/\/api.w.org\/{rel}","templated":true}]}}