{"id":15729,"date":"2025-01-19T14:54:06","date_gmt":"2025-01-19T14:54:06","guid":{"rendered":"https:\/\/www.hydraulic-cylinders.net\/product\/bucket-cylinder-for-case-large-excavator-cx360bhr\/"},"modified":"2025-01-19T14:54:10","modified_gmt":"2025-01-19T14:54:10","slug":"bucket-cylinder-for-case-large-excavator-cx360bhr","status":"publish","type":"product","link":"https:\/\/www.hydraulic-cylinders.net\/sk\/produkt\/bucket-cylinder-for-case-large-excavator-cx360bhr\/","title":{"rendered":"Valec vedra pre ve\u013ek\u00e9 r\u00fdpadlo Case CX360BHR"},"content":{"rendered":"<h1>Valec vedra pre ve\u013ek\u00e9 r\u00fdpadlo Case CX360BHR<\/h1>\n<h2>\u00davod:<\/h2>\n<p>Hydraulick\u00fd valec ly\u017eice je \u0161peci\u00e1lne navrhnut\u00fd hydraulick\u00fd valec, ktor\u00fd sa pou\u017e\u00edva predov\u0161etk\u00fdm na ovl\u00e1danie pohybu ly\u017eice v \u0165a\u017ek\u00fdch strojoch, ako s\u00fa bagre, r\u00fdpadlo-naklada\u010de a \u010deln\u00e9 naklada\u010de. Jeho hlavnou funkciou je umo\u017eni\u0165 zdv\u00edhanie, sp\u00fa\u0161\u0165anie a nakl\u00e1\u0148anie ly\u017eice, \u010do u\u013eah\u010duje vykon\u00e1vanie r\u00f4znych \u00faloh manipul\u00e1cie s materi\u00e1lom. V hydraulickom syst\u00e9me dosahuje valec ly\u017eice presn\u00e9 ovl\u00e1danie ly\u017eice prostredn\u00edctvom zmien tlaku hydraulick\u00e9ho oleja, \u010do umo\u017e\u0148uje obsluhe efekt\u00edvne manipulova\u0165 s \u0165a\u017ek\u00fdmi bremenami, prisp\u00f4sobi\u0165 sa zlo\u017eit\u00fdm pracovn\u00fdm prostrediam a r\u00f4znorod\u00fdm prev\u00e1dzkov\u00fdm potreb\u00e1m.<\/p>\n<p><img decoding=\"async\" src=\"https:\/\/www.hydraulic-cylinders.net\/wp-content\/uploads\/2025\/01\/songte-company-2.webp\"><\/p>\n<h2>Vlastnosti:<\/h2>\n<ul>\n<li>Vysok\u00e1 pevnos\u0165 a odolnos\u0165: Zvy\u010dajne je vyroben\u00fd z vysokopevnostnej ocele alebo hlin\u00edka, odol\u00e1 vysok\u00e9mu tlaku a \u0165a\u017ek\u00fdm za\u0165a\u017eeniam, prisp\u00f4sob\u00ed sa n\u00e1ro\u010dn\u00fdm pracovn\u00fdm podmienkam a pri kon\u0161trukcii zoh\u013ead\u0148uje odolnos\u0165 proti opotrebovaniu a kor\u00f3zii, aby sa pred\u013a\u017eila jeho \u017eivotnos\u0165.<\/li>\n<li>Efekt\u00edvna hydraulick\u00e1 prev\u00e1dzka: Vyu\u017e\u00edva tlak hydraulick\u00e9ho oleja na dosiahnutie plynul\u00e9ho vys\u00favania a s\u0165ahovania, dok\u00e1\u017ee r\u00fdchlo reagova\u0165 na ovl\u00e1dacie povely, poskytuje siln\u00fa tla\u010dn\u00fa a \u0165a\u017en\u00fa silu a je vhodn\u00e1 na manipul\u00e1ciu s \u0165a\u017ek\u00fdmi predmetmi a zlo\u017eit\u00e9 pracovn\u00e9 \u00falohy.<\/li>\n<li>R\u00f4zne typy: Jedno\u010dinn\u00e9 (hydraulicky ovl\u00e1dan\u00e9 iba v jednom smere) alebo dvoj\u010dinn\u00e9 (hydraulicky ovl\u00e1dan\u00e9 v oboch smeroch) valce je mo\u017en\u00e9 vybra\u0165 pod\u013ea po\u017eiadaviek, aby sa splnili r\u00f4zne prev\u00e1dzkov\u00e9 potreby. Niektor\u00e9 modely s\u00fa teleskopick\u00e9, \u010do umo\u017e\u0148uje v\u00e4\u010d\u0161ie vysunutie bez zv\u00e4\u010d\u0161enia vonkaj\u0161\u00edch rozmerov, vhodn\u00e9 pre aplik\u00e1cie v obmedzenom priestore.<\/li>\n<li>M\u00f4\u017ee nahradi\u0165 in\u00e9 hydraulick\u00e9 valce: N\u00e1\u0161 produkt dok\u00e1\u017ee dokonale nahradi\u0165 in\u00e9 hydraulick\u00e9 valce. <\/li>\n<\/ul>\n<p><img decoding=\"async\" src=\"https:\/\/www.hydraulic-cylinders.net\/wp-content\/uploads\/2025\/01\/songte-cylinder-head-with-all-kinds-excavator-models.webp\"><\/p>\n<h2>Aplik\u00e1cie:<\/h2>\n<p>Valec s ko\u0161\u00edkom sa \u0161iroko pou\u017e\u00edva v r\u00f4znych typoch \u0165a\u017ek\u00fdch strojov. Tu je nieko\u013eko pr\u00edkladov:<\/p>\n<h3>Stavebn\u00e9 vybavenie:<\/h3>\n<p>V bagroch s\u00fa k\u013e\u00fa\u010dov\u00e9 pre v\u00fdkopov\u00e9 pr\u00e1ce, nakladanie a premiest\u0148ovanie zeminy alebo sutiny. V r\u00fdpadlo-naklada\u010doch pom\u00e1haj\u00fa valce ko\u0161\u00edkov pri kopan\u00ed aj zdv\u00edhan\u00ed. V \u010deln\u00fdch naklada\u010doch pom\u00e1haj\u00fa pri efekt\u00edvnom zdv\u00edhan\u00ed a vykladan\u00ed n\u00e1kladu.<\/p>\n<h3>Po\u013enohospod\u00e1rske stroje:<\/h3>\n<p>Pou\u017e\u00edva sa v \u010deln\u00fdch naklada\u010doch na naberanie, zdv\u00edhanie a prepravu p\u00f4dy, sena a in\u00fdch materi\u00e1lov. V r\u00fdpadl\u00e1ch umo\u017e\u0148uj\u00fa valce lopaty kopanie t\u00fdm, \u017ee umo\u017e\u0148uj\u00fa lopate prenikn\u00fa\u0165 do p\u00f4dy.<\/p>\n<h2>\u00davahy o dizajne a krit\u00e9ri\u00e1 v\u00fdberu:<\/h2>\n<ul>\n<li>Nosnos\u0165: Valec vedra mus\u00ed by\u0165 schopn\u00fd odola\u0165 hmotnosti manipulovan\u00e9ho materi\u00e1lu a sile hydraulick\u00e9ho tlaku.<\/li>\n<li>Tesnenie: V\u00fdber tesniacich dielov, ako s\u00fa tesnenia piestov a tesnenia ty\u010d\u00ed, je rozhoduj\u00faci pre zabezpe\u010denie dlhej \u017eivotnosti valca.<\/li>\n<li>Trvanlivos\u0165: Valec mus\u00ed by\u0165 navrhnut\u00fd tak, aby odolal n\u00e1ro\u010dn\u00fdm prev\u00e1dzkov\u00fdm podmienkam a zabr\u00e1nil po\u0161kodeniu v d\u00f4sledku opotrebovania a odolnosti vo\u010di kor\u00f3zii.<\/li>\n<li>Bezpe\u010dnos\u0165: Kon\u0161trukcia mus\u00ed zaisti\u0165 bezpe\u010dnos\u0165 obsluhy a okoloid\u00facich.<\/li>\n<li>\u00dadr\u017eba: Valec mus\u00ed by\u0165 \u013eahko rozoberate\u013en\u00fd, udr\u017eiavate\u013en\u00fd a v pr\u00edpade potreby vymie\u0148ate\u013en\u00fd.<\/li>\n<\/ul>\n<p><img decoding=\"async\" src=\"https:\/\/www.hydraulic-cylinders.net\/wp-content\/uploads\/2025\/01\/songte-oil-pipes-and-spare-parts.webp\"><\/p>\n<h2>Tesnenie a mazanie:<\/h2>\n<p>Valec kor\u010deka pou\u017e\u00edva r\u00f4zne tesniace komponenty, ako s\u00fa tesnenia piestov a tesnenia ty\u010d\u00ed, ktor\u00e9 s\u00fa vyroben\u00e9 z materi\u00e1lov odoln\u00fdch vo\u010di opotrebovaniu, ako je polyuret\u00e1n a nitrilov\u00fd kau\u010duk. Teleso valca a z\u00e1vitov\u00e9 koncov\u00e9 plochy s\u00fa jemne opracovan\u00e9, aby sa zlep\u0161ila odolnos\u0165 vo\u010di opotrebovaniu. Na zabezpe\u010denie hladk\u00e9ho chodu valca je potrebn\u00e9 pravideln\u00e9 mazanie vhodn\u00fdm mno\u017estvom hydraulick\u00e9ho oleja.<\/p>\n<h2>\u00dadr\u017eba:<\/h2>\n<p>Pravideln\u00e1 \u00fadr\u017eba je k\u013e\u00fa\u010dov\u00e1 pre pred\u013a\u017eenie \u017eivotnosti valca vedra. Tu je nieko\u013eko be\u017en\u00fdch \u00faloh \u00fadr\u017eby:<\/p>\n<ul>\n<li>Pravideln\u00e1 kontrola<\/li>\n<li>Spr\u00e1vne mazanie<\/li>\n<li>V\u00fdmena tesnenia<\/li>\n<li>Kontrola kalibr\u00e1cie<\/li>\n<\/ul>\n<p>Spr\u00e1vna in\u0161tal\u00e1cia, mazanie a nastavenie s\u00fa nevyhnutn\u00e9 pre pred\u013a\u017eenie \u017eivotnosti valca s vedrom. Po\u010das in\u0161tal\u00e1cie je potrebn\u00e9 spr\u00e1vne vedenie pre zarovnanie valca a na upevnenie valca by sa mali pou\u017ei\u0165 vhodn\u00e9 mont\u00e1\u017ene konzoly. Na pred\u013a\u017eenie \u017eivotnosti valca s vedrom odpor\u00fa\u010dame pravideln\u00e9 kontroly, opravy a v\u00fdmeny.<\/p>\n<p><img decoding=\"async\" src=\"https:\/\/www.hydraulic-cylinders.net\/wp-content\/uploads\/2025\/01\/songte-chushion-collar.webp\"><\/p>\n<h2>Bezpe\u010dnostn\u00e9 a environment\u00e1lne aspekty:<\/h2>\n<p>Pri pou\u017e\u00edvan\u00ed hydraulick\u00e9ho valca je nevyhnutn\u00e9 dodr\u017eiava\u0165 bezpe\u010dnostn\u00e9 opatrenia. Patria sem spr\u00e1vna in\u0161tal\u00e1cia, pou\u017e\u00edvanie vhodn\u00e9ho bezpe\u010dnostn\u00e9ho vybavenia a dodr\u017eiavanie prev\u00e1dzkov\u00fdch pokynov. Je tie\u017e d\u00f4le\u017eit\u00e9 zv\u00e1\u017ei\u0165 vplyv hydraulick\u00fdch syst\u00e9mov na \u017eivotn\u00e9 prostredie, ako s\u00fa \u00faniky oleja a likvid\u00e1cia pou\u017eit\u00e9ho hydraulick\u00e9ho oleja.<\/p>\n<h2>Diagnostika por\u00fach a be\u017en\u00e9 probl\u00e9my:<\/h2>\n<p>Medzi be\u017en\u00e9 probl\u00e9my s valcami vedra patria \u00faniky oleja, po\u0161kodenie piestu a ty\u010de a zlyhanie tesnenia. Spr\u00e1vna diagnostika a rie\u0161enie t\u00fdchto probl\u00e9mov m\u00f4\u017ee pom\u00f4c\u0165 ich r\u00fdchlo a efekt\u00edvne vyrie\u0161i\u0165.<\/p>\n<h2>O na\u0161ej spolo\u010dnosti:<\/h2>\n<p>Sme popredn\u00fdm v\u00fdrobcom a ve\u013ekoobchodn\u00fdm distrib\u00fatorom hydraulick\u00fdch valcov na dom\u00e1com aj medzin\u00e1rodnom trhu. Na\u0161e produkty s\u00fa rozmanit\u00e9 a \u0161pecializujeme sa na poskytovanie slu\u017eieb na mieru. Dodr\u017eiavame z\u00e1sady vynikaj\u00facej kvality, spoliehame sa na strat\u00e9giu riadenia priemyselnej v\u00fdroby v jemn\u00fdch v\u00fdrobn\u00fdch diel\u0148ach, neust\u00e1le zlep\u0161ujeme v\u00fdrobn\u00fa platformu, zlep\u0161ujeme v\u00fdrobn\u00e9 postupy zameran\u00e9 na kvalitu produktov a m\u00e1me siln\u00fa schopnos\u0165 tvori\u0165. Poskytujeme efekt\u00edvne, presn\u00e9 a vysoko kvalitn\u00e9 produkty prisp\u00f4soben\u00e9 rozmanit\u00fdm potreb\u00e1m na\u0161ich z\u00e1kazn\u00edkov.<\/p>\n<h3>V\u00fdhody na\u0161ej spolo\u010dnosti:<\/h3>\n<ul>\n<li>Profesionalita<\/li>\n<li>Medzin\u00e1rodn\u00e1 certifik\u00e1cia<\/li>\n<li>Slu\u017eby na mieru<\/li>\n<li>Pokro\u010dil\u00e9 v\u00fdrobn\u00e9 zariadenia<\/li>\n<li>Popredajn\u00fd servis<\/li>\n<\/ul>\n<p><img decoding=\"async\" src=\"https:\/\/www.hydraulic-cylinders.net\/wp-content\/uploads\/2025\/01\/songte-company-3.webp\"><\/p>\n<p>Autor: lyl<\/p>","protected":false},"excerpt":{"rendered":"<p>Bucket Cylinder For Case Large Excavator CX360BHR Introduction: A bucket cylinder is a specially designed hydraulic cylinder primarily used to control the movement of the bucket in heavy machinery such as excavators, backhoe loaders, and front loaders. Its main function is to enable lifting, lowering, and tilting of the bucket, making it easy to handle [&hellip;]<\/p>","protected":false},"featured_media":14765,"comment_status":"open","ping_status":"closed","template":"","meta":{"_et_pb_use_builder":"","_et_pb_old_content":"","_et_gb_content_width":""},"product_brand":[],"product_cat":[1494],"product_tag":[1495,1496],"class_list":{"0":"post-15729","1":"product","2":"type-product","3":"status-publish","4":"has-post-thumbnail","6":"product_cat-bucket-cylinders","7":"product_tag-bucket-cylinders","8":"product_tag-hydraulic-cylinders","10":"first","11":"instock","12":"shipping-taxable","13":"product-type-simple"},"amp_enabled":true,"_links":{"self":[{"href":"https:\/\/www.hydraulic-cylinders.net\/sk\/wp-json\/wp\/v2\/product\/15729","targetHints":{"allow":["GET"]}}],"collection":[{"href":"https:\/\/www.hydraulic-cylinders.net\/sk\/wp-json\/wp\/v2\/product"}],"about":[{"href":"https:\/\/www.hydraulic-cylinders.net\/sk\/wp-json\/wp\/v2\/types\/product"}],"replies":[{"embeddable":true,"href":"https:\/\/www.hydraulic-cylinders.net\/sk\/wp-json\/wp\/v2\/comments?post=15729"}],"wp:featuredmedia":[{"embeddable":true,"href":"https:\/\/www.hydraulic-cylinders.net\/sk\/wp-json\/wp\/v2\/media\/14765"}],"wp:attachment":[{"href":"https:\/\/www.hydraulic-cylinders.net\/sk\/wp-json\/wp\/v2\/media?parent=15729"}],"wp:term":[{"taxonomy":"product_brand","embeddable":true,"href":"https:\/\/www.hydraulic-cylinders.net\/sk\/wp-json\/wp\/v2\/product_brand?post=15729"},{"taxonomy":"product_cat","embeddable":true,"href":"https:\/\/www.hydraulic-cylinders.net\/sk\/wp-json\/wp\/v2\/product_cat?post=15729"},{"taxonomy":"product_tag","embeddable":true,"href":"https:\/\/www.hydraulic-cylinders.net\/sk\/wp-json\/wp\/v2\/product_tag?post=15729"}],"curies":[{"name":"pracovn\u00fd list","href":"https:\/\/api.w.org\/{rel}","templated":true}]}}