{"id":15732,"date":"2025-01-19T14:54:20","date_gmt":"2025-01-19T14:54:20","guid":{"rendered":"https:\/\/www.hydraulic-cylinders.net\/product\/bucket-cylinder-for-case-wheel-excavator-wx188\/"},"modified":"2025-01-19T14:54:22","modified_gmt":"2025-01-19T14:54:22","slug":"bucket-cylinder-for-case-wheel-excavator-wx188","status":"publish","type":"product","link":"https:\/\/www.hydraulic-cylinders.net\/sk\/produkt\/bucket-cylinder-for-case-wheel-excavator-wx188\/","title":{"rendered":"Valec korby pre kolesov\u00e9 r\u00fdpadlo Case WX188"},"content":{"rendered":"<h1>Valec korby pre kolesov\u00e9 r\u00fdpadlo Case WX188<\/h1>\n<h2>\u00davod<\/h2>\n<h3>Definovanie valca vedra<\/h3>\n<p>Hydraulick\u00fd valec ly\u017eice je \u0161pecializovan\u00fd hydraulick\u00fd valec ur\u010den\u00fd na ovl\u00e1danie pohybu ly\u017eice v \u0165a\u017ek\u00fdch strojoch, ako s\u00fa bagre, r\u00fdpadl\u00e1 a \u010deln\u00e9 naklada\u010de. Jeho hlavnou funkciou je umo\u017eni\u0165 zdv\u00edhanie, sp\u00fa\u0161\u0165anie a nakl\u00e1\u0148anie ly\u017eice, \u010do u\u013eah\u010duje vykon\u00e1vanie r\u00f4znych \u00faloh manipul\u00e1cie s materi\u00e1lom. V hydraulickom syst\u00e9me dosahuje valec ly\u017eice presn\u00e9 ovl\u00e1danie pohybu ly\u017eice prostredn\u00edctvom zmien tlaku hydraulick\u00e9ho oleja, \u010do umo\u017e\u0148uje obsluhe efekt\u00edvne manipulova\u0165 s \u0165a\u017ek\u00fdmi bremenami a prisp\u00f4sobova\u0165 sa zlo\u017eit\u00fdm pracovn\u00fdm prostrediam a r\u00f4znym prev\u00e1dzkov\u00fdm potreb\u00e1m.<\/p>\n<p><img src='https:\/\/www.hydraulic-cylinders.net\/wp-content\/uploads\/2025\/01\/songte-company-2.webp'><\/p>\n<h3>Funkcie<\/h3>\n<ul>\n<li>Vysok\u00e1 pevnos\u0165 a odolnos\u0165: Zvy\u010dajne vyroben\u00e9 z vysokopevnostnej ocele alebo hlin\u00edka, schopn\u00e9 odol\u00e1va\u0165 vysok\u00e9mu tlaku a \u0165a\u017ek\u00fdm za\u0165a\u017eeniam, prisp\u00f4sobite\u013en\u00e9 n\u00e1ro\u010dn\u00fdm pracovn\u00fdm podmienkam, navrhnut\u00e9 s oh\u013eadom na odolnos\u0165 vo\u010di opotrebovaniu a kor\u00f3zii, \u010d\u00edm sa predl\u017euje \u017eivotnos\u0165.<\/li>\n<li>Efekt\u00edvna hydraulick\u00e1 prev\u00e1dzka: Vyu\u017eitie tlaku hydraulick\u00e9ho oleja na dosiahnutie plynul\u00e9ho teleskopick\u00e9ho pohybu, schopnos\u0165 r\u00fdchlo reagova\u0165 na ovl\u00e1dacie povely, poskytovanie silnej tla\u010dnej a \u0165a\u017enej sily, vhodn\u00e9 na manipul\u00e1ciu s \u0165a\u017ek\u00fdmi bremenami a zlo\u017eit\u00e9 prev\u00e1dzkov\u00e9 \u00falohy.<\/li>\n<li>R\u00f4zne typy: Pod\u013ea potrieb je mo\u017en\u00e9 vybra\u0165 jedno\u010dinn\u00e9 (hydraulika sa pou\u017e\u00edva iba v jednom smere) alebo dvoj\u010dinn\u00e9 (hydraulika sa pou\u017e\u00edva v oboch smeroch) valce, aby sa splnili r\u00f4zne prev\u00e1dzkov\u00e9 po\u017eiadavky. Niektor\u00e9 modely s\u00fa teleskopick\u00e9, \u010do umo\u017e\u0148uje v\u00e4\u010d\u0161ie vysunutie bez zv\u00e4\u010d\u0161enia vonkaj\u0161\u00edch rozmerov, vhodn\u00e9 pre aplik\u00e1cie s obmedzen\u00fdm priestorom.<\/li>\n<li>N\u00e1\u0161 produkt dok\u00e1\u017ee dokonale nahradi\u0165 tieto hydraulick\u00e9 valce.<\/li>\n<\/ul>\n<p><img src='https:\/\/www.hydraulic-cylinders.net\/wp-content\/uploads\/2025\/01\/songte-cylinder-head-with-all-kinds-excavator-models.webp'><\/p>\n<h3>Aplik\u00e1cie<\/h3>\n<p>Valec s ko\u0161\u00edkom sa m\u00f4\u017ee pou\u017e\u00edva\u0165 v r\u00f4znych \u0165a\u017ek\u00fdch strojoch a zariadeniach vr\u00e1tane:<\/p>\n<ul>\n<li>Stavebn\u00e9 zariadenia: Nach\u00e1dzaj\u00fa sa v bagroch a s\u00fa nevyhnutn\u00e9 pre kopanie, nakladanie a premiest\u0148ovanie zeminy alebo sutiny. V r\u00fdpadlo-naklada\u010doch pom\u00e1ha valec ly\u017eice pri v\u00fdkope aj zdv\u00edhan\u00ed. <\/li>\n<li>Po\u013enohospod\u00e1rske stroje: Pou\u017e\u00edvaj\u00fa sa v \u010deln\u00fdch naklada\u010doch, ktor\u00e9 naberaj\u00fa, zdv\u00edhaj\u00fa a prepravuj\u00fa p\u00f4du, seno a in\u00e9 materi\u00e1ly. <\/li>\n<li>R\u00fdpadl\u00e1: Valec ly\u017eice umo\u017e\u0148uje kopanie t\u00fdm, \u017ee umo\u017e\u0148uje ly\u017eici prenikn\u00fa\u0165 do p\u00f4dy. <\/li>\n<li>Naklada\u010de: \u010celn\u00e9 naklada\u010de pom\u00e1haj\u00fa pri efekt\u00edvnom zdv\u00edhan\u00ed a vykladan\u00ed tovaru.<\/li>\n<\/ul>\n<h3>\u00davahy o dizajne a krit\u00e9ri\u00e1 v\u00fdberu<\/h3>\n<p>Medzi kon\u0161truk\u010dn\u00e9 aspekty valca s vedrom patria:<\/p>\n<ul>\n<li>\u00danosnos\u0165<\/li>\n<li>Tesniaci v\u00fdkon<\/li>\n<li>Trvanlivos\u0165<\/li>\n<li>Bezpe\u010dnos\u0165<\/li>\n<li>Udr\u017eiavate\u013enos\u0165<\/li>\n<\/ul>\n<p><img src='https:\/\/www.hydraulic-cylinders.net\/wp-content\/uploads\/2025\/01\/songte-oil-pipes-and-spare-parts.webp'><\/p>\n<p>Valec s ko\u0161\u00edkom pou\u017e\u00edva r\u00f4zne tesnenia, ako s\u00fa piestne tesnenia a tesnenia ty\u010d\u00ed, vyroben\u00e9 z materi\u00e1lov odoln\u00fdch vo\u010di opotrebovaniu, ako je polyuret\u00e1n a nitrilov\u00fd kau\u010duk. Teleso valca a z\u00e1vitov\u00e9 koncov\u00e9 plochy s\u00fa jemne opracovan\u00e9 pre zlep\u0161enie odolnosti vo\u010di opotrebovaniu. Na mazanie je potrebn\u00e9 pravidelne dop\u013a\u0148a\u0165 pr\u00edslu\u0161n\u00e9 mno\u017estvo hydraulick\u00e9ho oleja.<\/p>\n<h3>\u00dadr\u017eba a opravy<\/h3>\n<p>Na zabezpe\u010denie optim\u00e1lneho v\u00fdkonu valca s ko\u0161\u00edkom s\u00fa potrebn\u00e9 pravideln\u00e9 kontroly a prevent\u00edvne \u00fadr\u017eb\u00e1rske opatrenia. Medzi be\u017en\u00e9 \u00falohy \u00fadr\u017eby patria:<\/p>\n<ul>\n<li>Pravideln\u00e9 kontroly<\/li>\n<li>Vhodn\u00e9 mazanie<\/li>\n<li>V\u00fdmena tesnenia<\/li>\n<li>Kontrola kalibr\u00e1cie<\/li>\n<\/ul>\n<p><img src='https:\/\/www.hydraulic-cylinders.net\/wp-content\/uploads\/2025\/01\/songte-chushion-collar.webp'><\/p>\n<p>Spr\u00e1vna in\u0161tal\u00e1cia, mazanie a nastavenie s\u00fa k\u013e\u00fa\u010dov\u00e9 pre pred\u013a\u017eenie \u017eivotnosti valca s ko\u0161\u00edkom. Odpor\u00fa\u010da sa poskytn\u00fa\u0165 spr\u00e1vne pokyny na zarovnanie valca po\u010das in\u0161tal\u00e1cie a pou\u017eitie vhodn\u00fdch mont\u00e1\u017enych konzol na jeho upevnenie. S\u00fa uveden\u00e9 odpor\u00fa\u010dan\u00e9 postupy kontroly, opravy a v\u00fdmeny vr\u00e1tane tipov na v\u00fdmenu dielov a repasovan\u00e9 slu\u017eby.<\/p>\n<h3>Bezpe\u010dnostn\u00e9 a environment\u00e1lne aspekty<\/h3>\n<p>Pri pou\u017e\u00edvan\u00ed valca s vedrom s\u00fa bezpe\u010dnostn\u00e9 opatrenia mimoriadne d\u00f4le\u017eit\u00e9. Obsluha mus\u00ed by\u0165 primerane vy\u0161kolen\u00e1, aby sa minimalizovalo riziko neh\u00f4d. Musia sa zoh\u013eadni\u0165 aj environment\u00e1lne aspekty, ako napr\u00edklad spr\u00e1vna likvid\u00e1cia pou\u017eit\u00e9ho hydraulick\u00e9ho oleja.<\/p>\n<h3>Rie\u0161enie probl\u00e9mov a be\u017en\u00e9 probl\u00e9my<\/h3>\n<p>Medzi be\u017en\u00e9 probl\u00e9my s valcom vedra patr\u00ed netesnos\u0165 tesnenia, nedostato\u010dn\u00e9 mazanie a nespr\u00e1vne zarovnanie. Poskytuj\u00fa sa tipy a rie\u0161enia probl\u00e9mov, ktor\u00e9 pom\u00f4\u017eu pri diagnostikovan\u00ed a rie\u0161en\u00ed probl\u00e9mov. Navrhuj\u00fa sa aj prevent\u00edvne opatrenia na minimaliz\u00e1ciu potenci\u00e1lnych probl\u00e9mov.<\/p>\n<p><img src='https:\/\/www.hydraulic-cylinders.net\/wp-content\/uploads\/2025\/01\/songte-bushings-with-all-kinds-of-excavator-models.webp'><\/p>\n<h2>O na\u0161ej spolo\u010dnosti<\/h2>\n<p>Sme v\u00fdrobcovia hydraulick\u00fdch valcov, ktor\u00e9 dok\u00e1\u017eu nahradi\u0165 produkty OEM. Na\u0161a spolo\u010dnos\u0165 pon\u00faka kompletn\u00fd sortiment produktov a stala sa jedn\u00fdm z popredn\u00fdch v\u00fdrobcov a ve\u013ekoobchodn\u00fdch distrib\u00fatorov hydraulick\u00fdch valcov na dom\u00e1com aj medzin\u00e1rodnom trhu. Riadime sa z\u00e1sadami vynikaj\u00facej kvality, spoliehame sa na industrializovan\u00e9 strat\u00e9gie riadenia v\u00fdroby v prec\u00edzne spracovan\u00fdch v\u00fdrobn\u00fdch diel\u0148ach, vyu\u017e\u00edvame technologick\u00e9 talenty, \u0161pi\u010dkov\u00e9 digit\u00e1lne v\u00fdrobn\u00e9 zariadenia a profesion\u00e1lne testovacie syst\u00e9my s cie\u013eom neust\u00e1le zlep\u0161ova\u0165 v\u00fdrobn\u00e9 platformy a postupy zameran\u00e9 na kvalitu v\u00fdroby.<\/p>\n<p>Pon\u00fakame \u0161irok\u00fa \u0161k\u00e1lu slu\u017eieb vr\u00e1tane:<\/p>\n<ul>\n<li>Profesionalita<\/li>\n<li>Medzin\u00e1rodn\u00e1 certifik\u00e1cia<\/li>\n<li>Slu\u017eby na mieru<\/li>\n<li>V\u00fdrobn\u00e9 zariadenia<\/li>\n<li>Popredajn\u00e9 slu\u017eby<\/li>\n<\/ul>\n<p><img src='https:\/\/hzpt.com\/wp-content\/uploads\/2024\/11\/songte-company-1.webp'><\/p>\n<p>Autor: lyl<\/p>","protected":false},"excerpt":{"rendered":"<p>Bucket Cylinder For Case Wheel Excavator WX188 Introduction Defining the Bucket Cylinder The Bucket Cylinder is a specialized hydraulic cylinder designed to control the movement of the bucket in heavy machinery such as excavators, backhoes, and front-end loaders. Its primary function is to enable the bucket to lift, lower, and tilt, making it easier to [&hellip;]<\/p>","protected":false},"featured_media":14789,"comment_status":"open","ping_status":"closed","template":"","meta":{"_et_pb_use_builder":"","_et_pb_old_content":"","_et_gb_content_width":""},"product_brand":[],"product_cat":[1494],"product_tag":[1495,1496],"class_list":{"0":"post-15732","1":"product","2":"type-product","3":"status-publish","4":"has-post-thumbnail","6":"product_cat-bucket-cylinders","7":"product_tag-bucket-cylinders","8":"product_tag-hydraulic-cylinders","10":"first","11":"instock","12":"shipping-taxable","13":"product-type-simple"},"amp_enabled":true,"_links":{"self":[{"href":"https:\/\/www.hydraulic-cylinders.net\/sk\/wp-json\/wp\/v2\/product\/15732","targetHints":{"allow":["GET"]}}],"collection":[{"href":"https:\/\/www.hydraulic-cylinders.net\/sk\/wp-json\/wp\/v2\/product"}],"about":[{"href":"https:\/\/www.hydraulic-cylinders.net\/sk\/wp-json\/wp\/v2\/types\/product"}],"replies":[{"embeddable":true,"href":"https:\/\/www.hydraulic-cylinders.net\/sk\/wp-json\/wp\/v2\/comments?post=15732"}],"wp:featuredmedia":[{"embeddable":true,"href":"https:\/\/www.hydraulic-cylinders.net\/sk\/wp-json\/wp\/v2\/media\/14789"}],"wp:attachment":[{"href":"https:\/\/www.hydraulic-cylinders.net\/sk\/wp-json\/wp\/v2\/media?parent=15732"}],"wp:term":[{"taxonomy":"product_brand","embeddable":true,"href":"https:\/\/www.hydraulic-cylinders.net\/sk\/wp-json\/wp\/v2\/product_brand?post=15732"},{"taxonomy":"product_cat","embeddable":true,"href":"https:\/\/www.hydraulic-cylinders.net\/sk\/wp-json\/wp\/v2\/product_cat?post=15732"},{"taxonomy":"product_tag","embeddable":true,"href":"https:\/\/www.hydraulic-cylinders.net\/sk\/wp-json\/wp\/v2\/product_tag?post=15732"}],"curies":[{"name":"pracovn\u00fd list","href":"https:\/\/api.w.org\/{rel}","templated":true}]}}